{"id":26151,"date":"2024-06-10T13:40:54","date_gmt":"2024-06-10T11:40:54","guid":{"rendered":"https:\/\/impactup.niou.dev\/?page_id=26151"},"modified":"2024-06-12T16:33:31","modified_gmt":"2024-06-12T14:33:31","slug":"cabinet-de-recrutement-vendee","status":"publish","type":"page","link":"https:\/\/impactup.com\/en\/glossaire\/cabinet-de-recrutement-vendee\/","title":{"rendered":"Faire appel \u00e0 un professionnel du recrutement en Vend\u00e9e avec le cabinet ImpactUp"},"content":{"rendered":"<div class=\"wpb-content-wrapper\"><p>[vc_row][vc_column width=&#8221;1\/3&#8243;][vc_btn title=&#8221;Voir notre offre&#8221; color=&#8221;secondarycolor&#8221; align=&#8221;center&#8221; css=&#8221;&#8221; link=&#8221;url:https%3A%2F%2Fimpactup.com%2Frecrutement%2F&#8221;][\/vc_column][vc_column width=&#8221;1\/3&#8243;][vc_btn title=&#8221;Confiez-nous votre projet&#8221; color=&#8221;secondarycolor&#8221; align=&#8221;center&#8221; css=&#8221;&#8221; link=&#8221;url:https%3A%2F%2Fimpactup.com%2Fetude-personnalisee%2F&#8221;][\/vc_column][vc_column width=&#8221;1\/3&#8243;][vc_btn title=&#8221;Contactez-nous&#8221; color=&#8221;secondarycolor&#8221; align=&#8221;center&#8221; css=&#8221;&#8221; link=&#8221;url:https%3A%2F%2Fimpactup.com%2Fcontact%2F&#8221;][\/vc_column][\/vc_row][vc_row css=&#8221;.vc_custom_1717658386032{padding-top: 40px !important;padding-bottom: 20px !important;}&#8221;][vc_column][vc_column_text css=&#8221;&#8221;]<\/p>\n<section style=\"text-align: justify;\">\n<h2><strong>Faire appel \u00e0 un professionnel du recrutement en Vend\u00e9e avec le cabinet ImpactUp<\/strong><\/h2>\n<p>Le march\u00e9 du travail \u00e9tant devenu tellement concurrentiel qu\u2019il devient de plus en plus indispensable de faire appel \u00e0 un cabinet de recrutement.<\/p>\n<p>Disposant d\u2019un bureau \u00e0 La Rochelle <strong><a href=\"https:\/\/impactup.com\/glossaire\/cabinet-de-recrutement-fonction-commerciale\">en Vend\u00e9e, le cabinet de recrutement<\/a> ImpactUp<\/strong> est un des meilleurs interlocuteurs pour le recrutement de cadres commerciaux et marketing. Le cabinet \u00e0 d\u2019ailleurs figur\u00e9 au palmar\u00e8s Les Echos\/Statista dans la cat\u00e9gorie Managers et sp\u00e9cialistes pour la quatri\u00e8me ann\u00e9e cons\u00e9cutive en 2021.<\/p>\n<\/section>\n<p>[\/vc_column_text][\/vc_column][\/vc_row][vc_row][vc_column width=&#8221;1\/3&#8243;][vc_btn title=&#8221;Voir notre offre&#8221; color=&#8221;secondarycolor&#8221; align=&#8221;center&#8221; css=&#8221;&#8221; link=&#8221;url:https%3A%2F%2Fimpactup.com%2Frecrutement%2F&#8221;][\/vc_column][vc_column width=&#8221;1\/3&#8243;][vc_btn title=&#8221;Confiez-nous votre projet&#8221; color=&#8221;secondarycolor&#8221; align=&#8221;center&#8221; css=&#8221;&#8221; link=&#8221;url:https%3A%2F%2Fimpactup.com%2Fetude-personnalisee%2F&#8221;][\/vc_column][vc_column width=&#8221;1\/3&#8243;][vc_btn title=&#8221;Contactez-nous&#8221; color=&#8221;secondarycolor&#8221; align=&#8221;center&#8221; css=&#8221;&#8221; link=&#8221;url:https%3A%2F%2Fimpactup.com%2Fcontact%2F&#8221;][\/vc_column][\/vc_row][vc_row css=&#8221;.vc_custom_1717658445522{padding-top: 40px !important;}&#8221;][vc_column][vc_column_text css=&#8221;&#8221;]<\/p>\n<section style=\"text-align: justify;\">\n<h2><strong>\u00c9conomies de temps et qualit\u00e9 de prestations assur\u00e9es<\/strong><\/h2>\n<p>Les entreprises \u00e9voluant dans le commerce doivent adopter une strat\u00e9gie marketing efficace et innovante afin de progresser, prosp\u00e9rer et se d\u00e9marquer de la concurrence, de plus en plus rude. Elles doivent \u00e9galement prioriser la promotion de leurs produits et services pour pouvoir r\u00e9pondre aux besoins de la client\u00e8le ainsi que des diff\u00e9rents collaborateurs. Tout cela d\u00e9pend en partie des comp\u00e9tences des salari\u00e9s qui constituent les principaux acteurs dans la bonne marche des activit\u00e9s de la soci\u00e9t\u00e9, son d\u00e9veloppement et sa p\u00e9rennit\u00e9. Dans ce sens, l\u2019embauche de profils commerciaux ne doit pas \u00eatre prise \u00e0 la l\u00e9g\u00e8re et n\u00e9cessite, dans la plupart des cas, le recours \u00e0 un expert. Cette alternative pr\u00e9sente de nombreux atouts int\u00e9ressants. En faisant appel \u00e0 un <strong><a href=\"https:\/\/impactup.com\/glossaire\/cabinet-de-recrutement-fonction-commerciale\">cabinet de recrutement en Vend\u00e9e<\/a>, <\/strong>vous \u00eates s\u00fbr d\u2019optimiser vos chances de trouver rapidement les collaborateurs dont vous avez besoin dans cette r\u00e9gion. En effet, il s\u2019agit de l\u2019option la plus avantageuse si vous voulez r\u00e9aliser des \u00e9conomies de temps et d\u2019argent. Cette solution vous fait d\u2019une part b\u00e9n\u00e9ficier de l\u2019expertise de professionnels du recrutement sur place, et d\u2019autre part, elle vous \u00e9vite de vous occuper vous-m\u00eame de toutes les d\u00e9marches et les t\u00e2ches fastidieuses relatives \u00e0 la recherche et l\u2019embauche.<\/p>\n<p>La proc\u00e9dure du recrutement comprend l\u2019analyse des besoins de l\u2019entreprise et de ses activit\u00e9s, l\u2019identification du profil ad\u00e9quat, la r\u00e9daction de l\u2019annonce, le tri des candidatures et bien entendu, la s\u00e9lection des meilleurs candidats. Ces t\u00e2ches pr\u00e9liminaires sont incontournables et doivent \u00eatre chronophages. De plus, il arrive parfois que le recruteur de l\u2019entreprise ne dispose pas de l\u2019exp\u00e9rience n\u00e9cessaire pour d\u00e9celer les candidats \u00e0 fort potentiel, ind\u00e9pendamment de leurs dipl\u00f4mes ou de leur v\u00e9cu.<\/p>\n<p>Le recours \u00e0 un <strong>cabinet de recrutement de Vend\u00e9e<\/strong> vous permet ainsi d\u2019activer la d\u00e9marche et de vous concentrer sur votre c\u0153ur de m\u00e9tier tout en ayant l\u2019assurance de b\u00e9n\u00e9ficier d\u2019une prestation de qualit\u00e9. Les meilleurs cabinets comme ImpactUP n\u2019h\u00e9sitent pas \u00e0 suivre le candidat retenu durant la p\u00e9riode d\u2019essai afin de s\u2019assurer que vous avez fait le bon choix.<\/p>\n<h2><strong>Un cabinet de recrutement ou un chasseur de t\u00eate<\/strong><\/h2>\n<p>Se tourner vers un <a href=\"https:\/\/impactup.com\/glossaire\/cabinet-sp%C3%A9cialis%C3%A9-recrutement-commerciaux\"><strong>cabinet de recrutement de Vend\u00e9e<\/strong><\/a> se pr\u00e9sente comme la solution la plus pratique pour optimiser vos chances de trouver des collaborateurs dont le profil et les comp\u00e9tences r\u00e9pondent exactement \u00e0 vos attentes et aux exigences des postes \u00e0 pourvoir. N\u00e9anmoins, il peut arriver que cette agence \u00e9choue \u00e9galement dans sa mission, notamment quand les sp\u00e9cificit\u00e9s du poste vacant sont complexes ou peu ordinaires ou en cas de p\u00e9nurie de candidats (pour les postes tr\u00e8s recherch\u00e9s o\u00f9 la demande d\u2019emploi est inf\u00e9rieure \u00e0 l\u2019offre).<\/p>\n<p>Il vous reste cependant une autre possibilit\u00e9 pour d\u00e9nicher la perle rare\u00a0: la chasse de t\u00eate. Cette m\u00e9thode de recrutement dite \u00ab\u00a0par approche directe\u00a0\u00bb requiert toutefois un savoir-faire d\u2019experts, mais donne presque toujours des r\u00e9sultats satisfaisants. En d\u2019autres mots, un cabinet chasseur de t\u00eates demeure une garantie de r\u00e9ussite pour toutes les entreprises. Certaines agences de recrutement sp\u00e9cialis\u00e9es dans ce domaine ont m\u00eame la capacit\u00e9 de r\u00e9soudre des probl\u00e9matiques plus complexes.<\/p>\n<p>L\u2019\u00e9quipe du cabinet <strong>ImpactUP<\/strong> ma\u00eetrise le recrutement classique, mais se r\u00e9v\u00e8le un chasseur de t\u00eates redoutable en cas de besoins. Elle justifie d\u2019une solide exp\u00e9rience dans la recherche et la s\u00e9lection de talents confirm\u00e9s et d\u2019experts m\u00e9tiers sur les secteurs commerciaux et marketing : business developer, ing\u00e9nieur commercial, charg\u00e9(e) de marketing direct, responsable webmarketing, category manager, d\u00e9l\u00e9gu\u00e9 commercial, marchandiseur(euse), et \u00e0 toutes les fonctions-cl\u00e9s de l\u2019entreprise : key account manager, directeur(trice) de la relation client, directeur(trice) de marque, digital marketing manager, sales administrator, et bien d\u2019autres encore.<\/p>\n<h2><strong>Recruter vos futurs cadres commerciaux avec le cabinet ImpactUP<\/strong><\/h2>\n<p>ImpactUP, <strong>cabinet de recrutement bas\u00e9 en <\/strong><strong>Vend\u00e9e<\/strong>, \u00e0 La Rochelle, met \u00e0 votre disposition son expertise pour vous aider \u00e0 trouver les meilleurs profils pour accompagner le d\u00e9veloppement de votre entreprise. Disposant d\u2019une solide connaissance des m\u00e9tiers commerciaux, notre \u00e9quipe de consultants est parfaitement capable de s\u00e9lectionner le directeur marketing, l\u2019attach\u00e9 commercial ou le responsable de la veille que vous recherchez.<\/p>\n<p>Afin de garantir le succ\u00e8s de notre mission, nous nous appuyons sur les comp\u00e9tences et exp\u00e9riences de nos consultants, lesquels ont d\u00e9j\u00e0 occup\u00e9 des postes-cl\u00e9s dans des fonctions commerciales. \u00c0 ceux-l\u00e0 s\u2019ajoutent les valeurs qui nous ont permis de fournir des solutions personnalis\u00e9es \u00e0 chacune de nos clients\u00a0: proximit\u00e9, pragmatisme et obligation de r\u00e9sultat.<\/p>\n<p>Pour cela, nous avons ouvert des bureaux dans plusieurs grandes villes de l\u2019Hexagone\u00a0: La Rochelle (en Vend\u00e9e), Paris, Lille, Nantes, Lyon et Toulouse. De nombreuses entreprises incluant de grandes structures et des PME ont d\u00e9j\u00e0 fait appel \u00e0 notre service et ont pu b\u00e9n\u00e9ficier d\u2019un accompagnement sur mesure dans la recherche et l\u2019\u00e9valuation des talents pouvant contribuer au d\u00e9veloppement de leurs parts de march\u00e9.<\/p>\n<p>Par ailleurs, <a href=\"https:\/\/impactup.com\"><strong>ImpactUP<\/strong><\/a> a d\u00e9velopp\u00e9 une offre de services compl\u00e8te afin de doter rapidement les entreprises d\u2019une \u00e9quipe qualifi\u00e9e :<\/p>\n<ul>\n<li>un service en ligne SaaS d\u2019\u00e9valuation qui permet de valider les comp\u00e9tences dans une langue \u00e9trang\u00e8re propos\u00e9 en collaboration avec Pipplet ;<\/li>\n<li>une plateforme d\u2019\u00e9valuation qui repose sur 4 types d\u2019outils : TalentRelation\u00ae, TalentBusiness\u00ae, TalentAttitude\u00ae et TalentInitial\u00ae.<\/li>\n<\/ul>\n<h2><strong>ImpactUP est \u00e9galement au service des entreprises europ\u00e9ennes<\/strong><\/h2>\n<p>Gr\u00e2ce au partenariat de notre cabinet avec \u00ab\u00a0Market Mission\u00a0\u00bb, un acteur cl\u00e9 du recrutement en Allemagne, nous pouvons actuellement intervenir dans d\u2019autres pays europ\u00e9ens, dont l\u2019Allemagne, l\u2019Autriche et la Suisse.<\/p>\n<p>Au-del\u00e0 du recrutement, nous pouvons \u00e9galement assurer d\u2019autres missions pour vous accompagner dans votre d\u00e9veloppement commercial. N\u2019h\u00e9sitez pas \u00e0 nous consulter si vous souhaitez organiser des s\u00e9ances de team building pour remotiver ou remobiliser vos \u00e9quipes commerciales ou si vous d\u00e9sirez une assistance dans l\u2019\u00e9laboration de votre mix marketing. Vous pouvez m\u00eame nous confier l\u2019int\u00e9gralit\u00e9 des t\u00e2ches de direction commerciale en attendant de disposer de la structure ad\u00e9quate qui pourra r\u00e9pondre \u00e0 vos besoins.<\/p>\n<p>\u00c0 noter \u00e9galement que nous disposons d\u2019une \u00e9quipe disponible en temps r\u00e9el sur le site\u00a0; elle peut vous assister et r\u00e9pondre \u00e0 toutes vos demandes sp\u00e9cifiques.<\/p>\n<h2><strong>Qualifications et r\u00e9f\u00e9rences<\/strong><\/h2>\n<p><strong>ImpactUp<\/strong> est codirig\u00e9e par\u00a0:<\/p>\n<ul>\n<li>Emmanuel Laquerri\u00e8re qui, avec une Licence en Communication obtenue \u00e0 l\u2019Universit\u00e9 de Poitiers en 1991 et un Master 2 obtenu \u00e0 Toulouse Business School en 2006, a auparavant travaill\u00e9 en tant que\u00a0:<\/li>\n<\/ul>\n<p>Consultant Junior durant 2 ans \u00e0 SDRH QUIEL<\/p>\n<p>Directeur r\u00e9gional durant 5 ans de l\u2019ofup<\/p>\n<p>Chef de secteur durant 6 ans \u00e0 Leroy Merlin<\/p>\n<p>Directeur r\u00e9gional durant 2 ans et 5 mois, puis Directeur de zone durant 3 ans et 9 mois de LA HALLE<\/p>\n<p>Et Directeur commercial durant 11 mois aupr\u00e8s de KOOKA\u00cf<\/p>\n<ul>\n<li>Et Pascal Larue qui, avec un Master en Management des Hommes et Organisations obtenu \u00e0 l\u2019Ecole Sup\u00e9rieure de Commerce Paris \u2013 Ecole Europe Affaires en 1995, a auparavant travaill\u00e9 en tant que\u00a0:<\/li>\n<\/ul>\n<p>Directeur r\u00e9gional durant 6 ans d\u2019Of.Education<\/p>\n<p>Directeur commercial durant 3 ans de GTS Omnicom<\/p>\n<p>Et Directeur G\u00e9n\u00e9ral, puis Directeur commercial durant 4 ans de Firstream<\/p>\n<p>Parmi les r\u00e9f\u00e9rences d\u2019<a href=\"https:\/\/impactup.com\"><strong>ImpactUp<\/strong><\/a>, on peut citer\u00a0: Intel, Canal +, le Groupe Publicis, Canon, le Groupe Vivarte, Completel, Interior\u2019s, Primagaz, Airweb, Eodom\u2026<\/p>\n<\/section>\n<p>[\/vc_column_text][\/vc_column][\/vc_row]<\/p>\n<\/div>","protected":false},"excerpt":{"rendered":"<p>[vc_row][vc_column width=&#8221;1\/3&#8243;][vc_btn title=&#8221;Voir notre offre&#8221; color=&#8221;secondarycolor&#8221; align=&#8221;center&#8221; css=&#8221;&#8221; link=&#8221;url:https%3A%2F%2Fimpactup.com%2Frecrutement%2F&#8221;][\/vc_column][vc_column width=&#8221;1\/3&#8243;][vc_btn title=&#8221;Confiez-nous votre projet&#8221; color=&#8221;secondarycolor&#8221; align=&#8221;center&#8221; css=&#8221;&#8221; link=&#8221;url:https%3A%2F%2Fimpactup.com%2Fetude-personnalisee%2F&#8221;][\/vc_column][vc_column width=&#8221;1\/3&#8243;][vc_btn title=&#8221;Contactez-nous&#8221; color=&#8221;secondarycolor&#8221; align=&#8221;center&#8221; css=&#8221;&#8221; link=&#8221;url:https%3A%2F%2Fimpactup.com%2Fcontact%2F&#8221;][\/vc_column][\/vc_row][vc_row css=&#8221;.vc_custom_1717658386032{padding-top: 40px !important;padding-bottom: 20px !important;}&#8221;][vc_column][vc_column_text css=&#8221;&#8221;] Faire appel \u00e0 un professionnel du recrutement en Vend\u00e9e avec le cabinet ImpactUp Le march\u00e9 du travail \u00e9tant devenu tellement concurrentiel qu\u2019il devient de plus en [&hellip;]<\/p>\n","protected":false},"author":4,"featured_media":0,"parent":17218,"menu_order":0,"comment_status":"closed","ping_status":"closed","template":"","meta":{"_monsterinsights_skip_tracking":false,"_monsterinsights_sitenote_active":false,"_monsterinsights_sitenote_note":"","_monsterinsights_sitenote_category":0,"footnotes":""},"class_list":["post-26151","page","type-page","status-publish","hentry"],"yoast_head":"<!-- This site is optimized with the Yoast SEO plugin v27.0 - https:\/\/yoast.com\/product\/yoast-seo-wordpress\/ -->\n<title>Cabinet de recrutement en Vend\u00e9e pour les postes dans le marketing et la vente<\/title>\n<meta name=\"description\" content=\"Confier le recrutement de cadres en Vend\u00e9e \u00e0 un sp\u00e9cialiste avec le cabinet ImpactUp. Externaliser le recrutement en Vend\u00e9e avec le cabinet RPO ImpactUp.\" \/>\n<meta name=\"robots\" content=\"index, follow, max-snippet:-1, max-image-preview:large, max-video-preview:-1\" \/>\n<link rel=\"canonical\" href=\"https:\/\/impactup.com\/en\/glossaire\/cabinet-de-recrutement-vendee\/\" \/>\n<meta property=\"og:locale\" content=\"en_US\" \/>\n<meta property=\"og:type\" content=\"article\" \/>\n<meta property=\"og:title\" content=\"Cabinet de recrutement en Vend\u00e9e pour les postes dans le marketing et la vente\" \/>\n<meta property=\"og:description\" content=\"Confier le recrutement de cadres en Vend\u00e9e \u00e0 un sp\u00e9cialiste avec le cabinet ImpactUp. Externaliser le recrutement en Vend\u00e9e avec le cabinet RPO ImpactUp.\" \/>\n<meta property=\"og:url\" content=\"https:\/\/impactup.com\/en\/glossaire\/cabinet-de-recrutement-vendee\/\" \/>\n<meta property=\"og:site_name\" content=\"ImpactUp\" \/>\n<meta property=\"article:modified_time\" content=\"2024-06-12T14:33:31+00:00\" \/>\n<meta property=\"og:image\" content=\"https:\/\/impactup.com\/wp-content\/uploads\/2021\/01\/og.jpg\" \/>\n\t<meta property=\"og:image:width\" content=\"1067\" \/>\n\t<meta property=\"og:image:height\" content=\"600\" \/>\n\t<meta property=\"og:image:type\" content=\"image\/jpeg\" \/>\n<meta name=\"twitter:card\" content=\"summary_large_image\" \/>\n<meta name=\"twitter:label1\" content=\"Est. reading time\" \/>\n\t<meta name=\"twitter:data1\" content=\"7 minutes\" \/>\n<script type=\"application\/ld+json\" class=\"yoast-schema-graph\">{\"@context\":\"https:\/\/schema.org\",\"@graph\":[{\"@type\":\"WebPage\",\"@id\":\"https:\/\/impactup.com\/en\/glossaire\/cabinet-de-recrutement-vendee\/\",\"url\":\"https:\/\/impactup.com\/en\/glossaire\/cabinet-de-recrutement-vendee\/\",\"name\":\"Cabinet de recrutement en Vend\u00e9e pour les postes dans le marketing et la vente\",\"isPartOf\":{\"@id\":\"https:\/\/impactup.com\/en\/#website\"},\"datePublished\":\"2024-06-10T11:40:54+00:00\",\"dateModified\":\"2024-06-12T14:33:31+00:00\",\"description\":\"Confier le recrutement de cadres en Vend\u00e9e \u00e0 un sp\u00e9cialiste avec le cabinet ImpactUp. Externaliser le recrutement en Vend\u00e9e avec le cabinet RPO ImpactUp.\",\"breadcrumb\":{\"@id\":\"https:\/\/impactup.com\/en\/glossaire\/cabinet-de-recrutement-vendee\/#breadcrumb\"},\"inLanguage\":\"en-US\",\"potentialAction\":[{\"@type\":\"ReadAction\",\"target\":[\"https:\/\/impactup.com\/en\/glossaire\/cabinet-de-recrutement-vendee\/\"]}]},{\"@type\":\"BreadcrumbList\",\"@id\":\"https:\/\/impactup.com\/en\/glossaire\/cabinet-de-recrutement-vendee\/#breadcrumb\",\"itemListElement\":[{\"@type\":\"ListItem\",\"position\":1,\"name\":\"Accueil\",\"item\":\"https:\/\/impactup.com\/en\/\"},{\"@type\":\"ListItem\",\"position\":2,\"name\":\"Glossaire\",\"item\":\"https:\/\/impactup.com\/en\/glossaire\/\"},{\"@type\":\"ListItem\",\"position\":3,\"name\":\"Faire appel \u00e0 un professionnel du recrutement en Vend\u00e9e avec le cabinet ImpactUp\"}]},{\"@type\":\"WebSite\",\"@id\":\"https:\/\/impactup.com\/en\/#website\",\"url\":\"https:\/\/impactup.com\/en\/\",\"name\":\"ImpactUp\",\"description\":\"Recrutement commerciaux, directions commerciales et fonctions marketing\",\"potentialAction\":[{\"@type\":\"SearchAction\",\"target\":{\"@type\":\"EntryPoint\",\"urlTemplate\":\"https:\/\/impactup.com\/en\/?s={search_term_string}\"},\"query-input\":{\"@type\":\"PropertyValueSpecification\",\"valueRequired\":true,\"valueName\":\"search_term_string\"}}],\"inLanguage\":\"en-US\"}]}<\/script>\n<!-- \/ Yoast SEO plugin. -->","yoast_head_json":{"title":"Cabinet de recrutement en Vend\u00e9e pour les postes dans le marketing et la vente","description":"Confier le recrutement de cadres en Vend\u00e9e \u00e0 un sp\u00e9cialiste avec le cabinet ImpactUp. Externaliser le recrutement en Vend\u00e9e avec le cabinet RPO ImpactUp.","robots":{"index":"index","follow":"follow","max-snippet":"max-snippet:-1","max-image-preview":"max-image-preview:large","max-video-preview":"max-video-preview:-1"},"canonical":"https:\/\/impactup.com\/en\/glossaire\/cabinet-de-recrutement-vendee\/","og_locale":"en_US","og_type":"article","og_title":"Cabinet de recrutement en Vend\u00e9e pour les postes dans le marketing et la vente","og_description":"Confier le recrutement de cadres en Vend\u00e9e \u00e0 un sp\u00e9cialiste avec le cabinet ImpactUp. Externaliser le recrutement en Vend\u00e9e avec le cabinet RPO ImpactUp.","og_url":"https:\/\/impactup.com\/en\/glossaire\/cabinet-de-recrutement-vendee\/","og_site_name":"ImpactUp","article_modified_time":"2024-06-12T14:33:31+00:00","og_image":[{"width":1067,"height":600,"url":"https:\/\/impactup.com\/wp-content\/uploads\/2021\/01\/og.jpg","type":"image\/jpeg"}],"twitter_card":"summary_large_image","twitter_misc":{"Est. reading time":"7 minutes"},"schema":{"@context":"https:\/\/schema.org","@graph":[{"@type":"WebPage","@id":"https:\/\/impactup.com\/en\/glossaire\/cabinet-de-recrutement-vendee\/","url":"https:\/\/impactup.com\/en\/glossaire\/cabinet-de-recrutement-vendee\/","name":"Cabinet de recrutement en Vend\u00e9e pour les postes dans le marketing et la vente","isPartOf":{"@id":"https:\/\/impactup.com\/en\/#website"},"datePublished":"2024-06-10T11:40:54+00:00","dateModified":"2024-06-12T14:33:31+00:00","description":"Confier le recrutement de cadres en Vend\u00e9e \u00e0 un sp\u00e9cialiste avec le cabinet ImpactUp. Externaliser le recrutement en Vend\u00e9e avec le cabinet RPO ImpactUp.","breadcrumb":{"@id":"https:\/\/impactup.com\/en\/glossaire\/cabinet-de-recrutement-vendee\/#breadcrumb"},"inLanguage":"en-US","potentialAction":[{"@type":"ReadAction","target":["https:\/\/impactup.com\/en\/glossaire\/cabinet-de-recrutement-vendee\/"]}]},{"@type":"BreadcrumbList","@id":"https:\/\/impactup.com\/en\/glossaire\/cabinet-de-recrutement-vendee\/#breadcrumb","itemListElement":[{"@type":"ListItem","position":1,"name":"Accueil","item":"https:\/\/impactup.com\/en\/"},{"@type":"ListItem","position":2,"name":"Glossaire","item":"https:\/\/impactup.com\/en\/glossaire\/"},{"@type":"ListItem","position":3,"name":"Faire appel \u00e0 un professionnel du recrutement en Vend\u00e9e avec le cabinet ImpactUp"}]},{"@type":"WebSite","@id":"https:\/\/impactup.com\/en\/#website","url":"https:\/\/impactup.com\/en\/","name":"ImpactUp","description":"Recrutement commerciaux, directions commerciales et fonctions marketing","potentialAction":[{"@type":"SearchAction","target":{"@type":"EntryPoint","urlTemplate":"https:\/\/impactup.com\/en\/?s={search_term_string}"},"query-input":{"@type":"PropertyValueSpecification","valueRequired":true,"valueName":"search_term_string"}}],"inLanguage":"en-US"}]}},"_links":{"self":[{"href":"https:\/\/impactup.com\/en\/wp-json\/wp\/v2\/pages\/26151","targetHints":{"allow":["GET"]}}],"collection":[{"href":"https:\/\/impactup.com\/en\/wp-json\/wp\/v2\/pages"}],"about":[{"href":"https:\/\/impactup.com\/en\/wp-json\/wp\/v2\/types\/page"}],"author":[{"embeddable":true,"href":"https:\/\/impactup.com\/en\/wp-json\/wp\/v2\/users\/4"}],"replies":[{"embeddable":true,"href":"https:\/\/impactup.com\/en\/wp-json\/wp\/v2\/comments?post=26151"}],"version-history":[{"count":5,"href":"https:\/\/impactup.com\/en\/wp-json\/wp\/v2\/pages\/26151\/revisions"}],"predecessor-version":[{"id":26553,"href":"https:\/\/impactup.com\/en\/wp-json\/wp\/v2\/pages\/26151\/revisions\/26553"}],"up":[{"embeddable":true,"href":"https:\/\/impactup.com\/en\/wp-json\/wp\/v2\/pages\/17218"}],"wp:attachment":[{"href":"https:\/\/impactup.com\/en\/wp-json\/wp\/v2\/media?parent=26151"}],"curies":[{"name":"wp","href":"https:\/\/api.w.org\/{rel}","templated":true}]}}