{"id":26135,"date":"2024-06-10T13:30:50","date_gmt":"2024-06-10T11:30:50","guid":{"rendered":"https:\/\/impactup.niou.dev\/?page_id=26135"},"modified":"2024-06-12T16:32:45","modified_gmt":"2024-06-12T14:32:45","slug":"cabinet-de-recrutement-technico-commercial","status":"publish","type":"page","link":"https:\/\/impactup.com\/en\/glossaire\/cabinet-de-recrutement-technico-commercial\/","title":{"rendered":"Trouver le technico-commercial id\u00e9al avec le cabinet de recrutement ImpactUp"},"content":{"rendered":"<div class=\"wpb-content-wrapper\"><p>[vc_row][vc_column width=&#8221;1\/3&#8243;][vc_btn title=&#8221;Voir notre offre&#8221; color=&#8221;secondarycolor&#8221; align=&#8221;center&#8221; css=&#8221;&#8221; link=&#8221;url:https%3A%2F%2Fimpactup.com%2Frecrutement%2F&#8221;][\/vc_column][vc_column width=&#8221;1\/3&#8243;][vc_btn title=&#8221;Confiez-nous votre projet&#8221; color=&#8221;secondarycolor&#8221; align=&#8221;center&#8221; css=&#8221;&#8221; link=&#8221;url:https%3A%2F%2Fimpactup.com%2Fetude-personnalisee%2F&#8221;][\/vc_column][vc_column width=&#8221;1\/3&#8243;][vc_btn title=&#8221;Contactez-nous&#8221; color=&#8221;secondarycolor&#8221; align=&#8221;center&#8221; css=&#8221;&#8221; link=&#8221;url:https%3A%2F%2Fimpactup.com%2Fcontact%2F&#8221;][\/vc_column][\/vc_row][vc_row css=&#8221;.vc_custom_1717658386032{padding-top: 40px !important;padding-bottom: 20px !important;}&#8221;][vc_column][vc_column_text css=&#8221;&#8221;]<\/p>\n<section style=\"text-align: justify;\">\n<h2><strong>Trouver le technico-commercial\u00a0id\u00e9al avec le cabinet de recrutement ImpactUp<\/strong><\/h2>\n<p>Pour le <a href=\"https:\/\/impactup.com\/glossaire\/cabinet-de-recrutement-technico-commercial-b-b\"><strong>recrutement d\u2019un technico-commercial<\/strong><\/a> efficace et rentable, le cabinet <strong>ImpactUp<\/strong> est la r\u00e9f\u00e9rence en France. Sp\u00e9cialiste des fonctions commerciales et marketing, il a \u00e9t\u00e9 class\u00e9 pour la quatri\u00e8me ann\u00e9e de suite au Palmar\u00e8s Les Echos\/Statista dans la cat\u00e9gorie Managers et sp\u00e9cialistes.<\/p>\n<p>ImpactUp mettra toute son expertise \u00e0 votre service pour le recrutement sous toutes ses formes et\/ou pour le d\u00e9veloppement commercial.<\/p>\n<\/section>\n<p>[\/vc_column_text][\/vc_column][\/vc_row][vc_row][vc_column width=&#8221;1\/3&#8243;][vc_btn title=&#8221;Voir notre offre&#8221; color=&#8221;secondarycolor&#8221; align=&#8221;center&#8221; css=&#8221;&#8221; link=&#8221;url:https%3A%2F%2Fimpactup.com%2Frecrutement%2F&#8221;][\/vc_column][vc_column width=&#8221;1\/3&#8243;][vc_btn title=&#8221;Confiez-nous votre projet&#8221; color=&#8221;secondarycolor&#8221; align=&#8221;center&#8221; css=&#8221;&#8221; link=&#8221;url:https%3A%2F%2Fimpactup.com%2Fetude-personnalisee%2F&#8221;][\/vc_column][vc_column width=&#8221;1\/3&#8243;][vc_btn title=&#8221;Contactez-nous&#8221; color=&#8221;secondarycolor&#8221; align=&#8221;center&#8221; css=&#8221;&#8221; link=&#8221;url:https%3A%2F%2Fimpactup.com%2Fcontact%2F&#8221;][\/vc_column][\/vc_row][vc_row css=&#8221;.vc_custom_1717658445522{padding-top: 40px !important;}&#8221;][vc_column][vc_column_text css=&#8221;&#8221;]<\/p>\n<section style=\"text-align: justify;\">\n<h2><strong>Pourquoi recourir au cabinet de recrutement Impactup\u00a0?<\/strong><\/h2>\n<p>Le choix du<a href=\"https:\/\/impactup.com\/glossaire\/cabinet-de-recrutement-technico-commercial-b-b\"> <strong>cabinet de recrutement<\/strong> <\/a><strong><a href=\"https:\/\/impactup.com\/glossaire\/cabinet-de-recrutement-technico-commercial-b-b\">pour l\u2019embauche d\u2019un agent<\/a><\/strong> <a href=\"https:\/\/impactup.com\/glossaire\/cabinet-de-recrutement-technico-commercial-b-b\"><strong>technico-commercial<\/strong><\/a> est \u00e0 effectuer avec le plus grand soin. De ses comp\u00e9tences et de sa fiabilit\u00e9 d\u00e9pendra en effet la qualit\u00e9 de votre futur collaborateur. Une erreur de jugement au moment de la s\u00e9lection de votre prestataire risque de vous co\u00fbter cher \u00e0 la fois en temps et en argent. Et il vous faudra recommencer toute la proc\u00e9dure de recrutement pour remplacer le mauvais candidat.<\/p>\n<p>Le technico-commercial intervient principalement pour d\u00e9velopper le portefeuille clients sur une zone g\u00e9ographique donn\u00e9e, en menant des actions de prospection et de fid\u00e9lisation des clients. Responsable de la vente d\u2019une ligne de produits, il veille \u00e0 atteindre les objectifs de vente fix\u00e9s par le responsable commercial et il est en mesure de conseiller directement les clients. Par ailleurs, il participe \u00e0 la politique commerciale de l\u2019entreprise en assurant une veille strat\u00e9gique et \u00e0 l\u2019\u00e9laboration de l\u2019offre de biens et de services.<\/p>\n<p>Avec l\u2019aide de notre <a href=\"https:\/\/impactup.com\/glossaire\/cabinet-de-recrutement-responsable-secteur\"><strong>cabinet de recrutement de technico-commerciaux<\/strong><\/a>, vous vous \u00e9pargnez toutes les t\u00e2ches fastidieuses relatives \u00e0 la recherche de nouveaux collaborateurs. Il vous suffit de nous remettre les exigences du poste et les principales attributions de votre futur technico-commercial. Nous nous chargeons ensuite de toutes les d\u00e9marches de recrutement, de la publication des annonces aux entretiens et tests d\u2019\u00e9valuation. Apr\u00e8s que nous ayons identifi\u00e9 les profils \u00e0 forts potentiels, il ne vous reste plus qu\u2019\u00e0 effectuer la s\u00e9lection finale.<\/p>\n<p>Par ailleurs, des \u00e9tudes ont montr\u00e9 que le co\u00fbt moyen d&#8217;une mauvaise embauche est de six fois le salaire de base pour un simple employ\u00e9, 15\u00a0fois le salaire de base pour un directeur et jusqu&#8217;\u00e0 27 fois pour un manager. Ainsi, pour \u00e9viter d\u2019\u00e9ventuelles erreurs de recrutement qui pourraient vous co\u00fbter cher, il est pr\u00e9f\u00e9rable de vous adresser \u00e0 des professionnels, qui disposent d\u2019une solide expertise dans ce domaine.<\/p>\n<p>Attention toutefois, car les cons\u00e9quences d\u2019un recrutement rat\u00e9 ne sont pas seulement de nature financi\u00e8re.\u00a0Une erreur d\u2019appr\u00e9ciation lors de la s\u00e9lection du candidat pourrait \u00e9galement entra\u00eener une baisse de la productivit\u00e9 au sein de l\u2019entreprise. En effet, lorsqu\u2019un employ\u00e9 n\u2019est pas performant dans ses fonctions, son sup\u00e9rieur hi\u00e9rarchique ou ses collaborateurs sont contraints de reprendre son travail de fond en comble, ce qui engendre une surcharge de travail pour ces derniers, et peut devenir source de frustration et de stress.<\/p>\n<p>\u00c0 cela s\u2019ajoute la d\u00e9t\u00e9rioration des relations entre les managers et les responsables de recrutement. Dans les grandes entreprises, les managers et recruteurs travaillent souvent ensemble pour d\u00e9finir le profil souhait\u00e9 pour le poste, examiner les dossiers de candidature et valider les candidats retenus. Un mauvais recrutement pourrait alors cr\u00e9er des tensions entre ces deux fonctions.<\/p>\n<p>En r\u00e9sum\u00e9, vous ne perdez pas votre temps dans le processus de s\u00e9lection, vous ne rencontrez que les candidats de valeur, et conservez le dernier mot en ce qui concerne l\u2019embauche ou non d\u2019un candidat.<\/p>\n<h2><strong>Impactup, pour un recrutement efficace et rapide de votre agent technico-commercial<\/strong><\/h2>\n<p>Le cabinet ImpactUP est un expert dans le ciblage et la s\u00e9lection des talents de haut niveau et d\u2019experts m\u00e9tiers \u00e9voluant dans les secteurs commerciaux et marketing : charg\u00e9(e) de marketing direct, marchandiseur(euse), responsable de promotion des ventes, category manager, responsable webmarketing, business developer, d\u00e9l\u00e9gu\u00e9 commercial, et de tous les postes strat\u00e9giques de l\u2019entreprise : sales administrator, digital marketing manager, key account manager, directeur(trice) de magasin, directeur(trice) de la relation client, et bien d\u2019autres encore.<\/p>\n<p>Sans une strat\u00e9gie de recrutement proactive et multicanale, vous rencontrerez des difficult\u00e9s \u00e0 attirer les meilleurs profils commerciaux et \u00e0 engager des talents. Le cabinet ImpactUp se propose de vous aider \u00e0 trouver le bon candidat pour le bon poste. Nos recruteurs chassent les meilleurs profils commerciaux pour vous trouver le candidat qui vous correspond.\u00a0Plus besoin de perdre du temps \u00e0 sourcer des dizaines de candidatures, ni de g\u00e9rer les t\u00e2ches administratives chronophages li\u00e9es au recrutement\u00a0: nous mettons notre expertise \u00e0 votre service pour optimiser et s\u00e9curiser vos processus.<\/p>\n<p>Ainsi, notre <strong><a href=\"https:\/\/impactup.com\/glossaire\/recrutement-commercial\">cabinet de recrutement est tout indiqu\u00e9 pour s\u00e9lectionner votre futur technico-commercial<\/a>. <\/strong>En effet, nous b\u00e9n\u00e9ficions d\u2019une longue exp\u00e9rience couronn\u00e9e de succ\u00e8s dans notre m\u00e9tier. Au cours de nos vingt ann\u00e9es d\u2019existence, nous avons pu accompagner des entreprises de petite taille, mais aussi des soci\u00e9t\u00e9s de grande envergure en qu\u00eate de collaborateurs op\u00e9rationnels et chevronn\u00e9s capables de mener ces dites structures au premier plan. Notre devise est d\u2019ailleurs de satisfaire chacune de vos demandes dans les meilleurs d\u00e9lais. Avec notre expertise dans le m\u00e9tier du recrutement, nous sommes en mesure de garantir l\u2019efficacit\u00e9 de nos m\u00e9thodes de s\u00e9lection.<\/p>\n<ul>\n<li>ImpactUP propose une large gamme de prestations pour attirer le candidat id\u00e9al, conform\u00e9ment \u00e0 vos exigences :<\/li>\n<li>un outil en ligne SaaS d\u2019\u00e9valuation qui donne l\u2019opportunit\u00e9 de valider les comp\u00e9tences dans une langue \u00e9trang\u00e8re et ainsi de renforcer ses capacit\u00e9s linguistiques, propos\u00e9 en collaboration avec Pipplet ;<\/li>\n<\/ul>\n<p>une plateforme d\u2019\u00e9valuation qui comporte 4 types d\u2019outils : TalentInitial\u00ae, TalentAttitude\u00ae, TalentBusiness\u00ae et TalentRelation\u00ae.<br \/>\nLe recours \u00e0 un <a href=\"https:\/\/impactup.com\"><strong>cabinet<\/strong> <strong>de recrutement de technico-commerciaux<\/strong><\/a> pour g\u00e9rer vos embauches vous fera \u00e9conomiser du temps et de l\u2019argent, notamment si vous disposez d\u2019une marge de man\u0153uvre r\u00e9duite pour constituer une nouvelle \u00e9quipe. Certaines agences ont un service d\u00e9di\u00e9 qui vous accompagnera aussi dans la mise en place d\u2019une strat\u00e9gie sur le moyen terme.<\/p>\n<p>Pour mieux aider les entreprises, nous faisons de la proximit\u00e9 l\u2019une de nos priorit\u00e9s. C\u2019est pour cette raison que nous avons install\u00e9 des bureaux dans plusieurs villes fran\u00e7aises. O\u00f9 que vous soyez, vous pouvez prendre rendez-vous avec l\u2019un de nos conseillers \u00e0 Paris, Nantes, La Rochelle, dans la ville de Toulouse, Lyon ou Lille.<\/p>\n<p>Pour atteindre le r\u00e9sultat escompt\u00e9, nous suivons une d\u00e9marche qui nous est propre \u00e0 savoir la d\u00e9finition des besoins des clients, la r\u00e9daction des documents cl\u00e9s, la recherche des candidats et leurs pr\u00e9s\u00e9lections. Notre \u00e9quipe se charge \u00e9galement de l\u2019organisation des entretiens et des tests en vue de l\u2019\u00e9tablissement de short-list. En v\u00e9ritable professionnel, nous proc\u00e9dons \u00e0 un suivi du candidat retenu jusqu\u2019\u00e0 son embauche d\u00e9finitive.<\/p>\n<p>Si vous avez des questions, n\u2019h\u00e9sitez pas \u00e0 nous envoyer un mail ou \u00e0 nous t\u00e9l\u00e9phoner.<\/p>\n<p>D&#8217;autre part, le coaching des candidats dans ce moment crucial de leurs vies professionnelles entre \u00e9galement dans les domaines d\u2019interventions d\u2019ImpactUP.<\/p>\n<h2><strong>L\u2019\u00e9quipe ImpactUp<\/strong><\/h2>\n<p>ImpactUp a \u00e9t\u00e9 fond\u00e9 en 2005 par Pascal LARUE apr\u00e8s avoir \u00e9t\u00e9\u00a0:<\/p>\n<ul>\n<li>Directeur r\u00e9gional d\u2019Of.Education de 1991 \u00e0 1997<\/li>\n<li>Directeur commercial de GTS Omnicom de 1998 \u00e0 2001<\/li>\n<li>Directeur commercial puis Directeur G\u00e9n\u00e9ral Adjoint de Firstream entre 2001 et 2005<\/li>\n<\/ul>\n<p>Il poss\u00e8de un Master en management des hommes et des organisations qu\u2019il a pass\u00e9 \u00e0 l\u2019Ecole Sup\u00e9rieure de Commerce de Paris \u2013 \u00c9cole Europe Affaires section Senior.<\/p>\n<p>Emmanuel LAQUERRIERE l\u2019a rejoint quelques ann\u00e9es apr\u00e8s la cr\u00e9ation d\u2019<a href=\"https:\/\/impactup.com\"><strong>ImpactUp<\/strong><\/a> \u00a0pour codiriger le cabinet . Avant de rejoindre Pascal LARUE, il a \u00e9t\u00e9\u00a0:<\/p>\n<ul>\n<li>Consultant junior aupr\u00e8s de SDRH QUIEL de 1992 \u00e0 1994<\/li>\n<li>Directeur r\u00e9gional d\u2019OFUP de 194 \u00e0 1999Chef de secteur chez Leroy Merlin de 2000 \u00e0 2006Directeur r\u00e9gional de janvier 2007 \u00e0 mai 2009, puis Directeur de zone de juin 2009 \u00e0 f\u00e9vrier 2013 aux HALLES<\/li>\n<li>Directeur commercial de f\u00e9vrier 2013 \u00e0 d\u00e9cembre 2013 chez KOOKAI<\/li>\n<\/ul>\n<p>Il obtient une licence en communication en 1991 \u00e0 l\u2019Universit\u00e9 de Poitiers et un Master\u00a02 en Marketing en 2006 \u00e0 Toulouse Business School.<\/p>\n<p>Forts de leurs exp\u00e9riences respectives en management dans des secteurs tr\u00e8s vari\u00e9s, ils ont su s\u2019entourer de consultants experts en les s\u00e9lectionnant rigoureusement pour leurs comp\u00e9tences, leurs exp\u00e9riences et leur empathie.<\/p>\n<\/section>\n<p>[\/vc_column_text][\/vc_column][\/vc_row]<\/p>\n<\/div>","protected":false},"excerpt":{"rendered":"<p>[vc_row][vc_column width=&#8221;1\/3&#8243;][vc_btn title=&#8221;Voir notre offre&#8221; color=&#8221;secondarycolor&#8221; align=&#8221;center&#8221; css=&#8221;&#8221; link=&#8221;url:https%3A%2F%2Fimpactup.com%2Frecrutement%2F&#8221;][\/vc_column][vc_column width=&#8221;1\/3&#8243;][vc_btn title=&#8221;Confiez-nous votre projet&#8221; color=&#8221;secondarycolor&#8221; align=&#8221;center&#8221; css=&#8221;&#8221; link=&#8221;url:https%3A%2F%2Fimpactup.com%2Fetude-personnalisee%2F&#8221;][\/vc_column][vc_column width=&#8221;1\/3&#8243;][vc_btn title=&#8221;Contactez-nous&#8221; color=&#8221;secondarycolor&#8221; align=&#8221;center&#8221; css=&#8221;&#8221; link=&#8221;url:https%3A%2F%2Fimpactup.com%2Fcontact%2F&#8221;][\/vc_column][\/vc_row][vc_row css=&#8221;.vc_custom_1717658386032{padding-top: 40px !important;padding-bottom: 20px !important;}&#8221;][vc_column][vc_column_text css=&#8221;&#8221;] Trouver le technico-commercial\u00a0id\u00e9al avec le cabinet de recrutement ImpactUp Pour le recrutement d\u2019un technico-commercial efficace et rentable, le cabinet ImpactUp est la r\u00e9f\u00e9rence en France. Sp\u00e9cialiste [&hellip;]<\/p>\n","protected":false},"author":4,"featured_media":0,"parent":17218,"menu_order":0,"comment_status":"closed","ping_status":"closed","template":"","meta":{"_monsterinsights_skip_tracking":false,"_monsterinsights_sitenote_active":false,"_monsterinsights_sitenote_note":"","_monsterinsights_sitenote_category":0,"footnotes":""},"class_list":["post-26135","page","type-page","status-publish","hentry"],"yoast_head":"<!-- This site is optimized with the Yoast SEO plugin v27.0 - https:\/\/yoast.com\/product\/yoast-seo-wordpress\/ -->\n<title>Cabinet de recrutement technico-commercial - ImpactUp, le cabinet expert en recrutement de technico-commercial et des fonctions commerciales<\/title>\n<meta name=\"description\" content=\"Quel cabinet de recrutement pour un poste de technico-commercial. ImpactUp, le cabinet de recrutement sp\u00e9cialis\u00e9 en technico-commercial et postes commerciaux.\" \/>\n<meta name=\"robots\" content=\"index, follow, max-snippet:-1, max-image-preview:large, max-video-preview:-1\" \/>\n<link rel=\"canonical\" href=\"https:\/\/impactup.com\/en\/glossaire\/cabinet-de-recrutement-technico-commercial\/\" \/>\n<meta property=\"og:locale\" content=\"en_US\" \/>\n<meta property=\"og:type\" content=\"article\" \/>\n<meta property=\"og:title\" content=\"Cabinet de recrutement technico-commercial - ImpactUp, le cabinet expert en recrutement de technico-commercial et des fonctions commerciales\" \/>\n<meta property=\"og:description\" content=\"Quel cabinet de recrutement pour un poste de technico-commercial. ImpactUp, le cabinet de recrutement sp\u00e9cialis\u00e9 en technico-commercial et postes commerciaux.\" \/>\n<meta property=\"og:url\" content=\"https:\/\/impactup.com\/en\/glossaire\/cabinet-de-recrutement-technico-commercial\/\" \/>\n<meta property=\"og:site_name\" content=\"ImpactUp\" \/>\n<meta property=\"article:modified_time\" content=\"2024-06-12T14:32:45+00:00\" \/>\n<meta property=\"og:image\" content=\"https:\/\/impactup.com\/wp-content\/uploads\/2021\/01\/og.jpg\" \/>\n\t<meta property=\"og:image:width\" content=\"1067\" \/>\n\t<meta property=\"og:image:height\" content=\"600\" \/>\n\t<meta property=\"og:image:type\" content=\"image\/jpeg\" \/>\n<meta name=\"twitter:card\" content=\"summary_large_image\" \/>\n<meta name=\"twitter:label1\" content=\"Est. reading time\" \/>\n\t<meta name=\"twitter:data1\" content=\"7 minutes\" \/>\n<script type=\"application\/ld+json\" class=\"yoast-schema-graph\">{\"@context\":\"https:\/\/schema.org\",\"@graph\":[{\"@type\":\"WebPage\",\"@id\":\"https:\/\/impactup.com\/en\/glossaire\/cabinet-de-recrutement-technico-commercial\/\",\"url\":\"https:\/\/impactup.com\/en\/glossaire\/cabinet-de-recrutement-technico-commercial\/\",\"name\":\"Cabinet de recrutement technico-commercial - ImpactUp, le cabinet expert en recrutement de technico-commercial et des fonctions commerciales\",\"isPartOf\":{\"@id\":\"https:\/\/impactup.com\/en\/#website\"},\"datePublished\":\"2024-06-10T11:30:50+00:00\",\"dateModified\":\"2024-06-12T14:32:45+00:00\",\"description\":\"Quel cabinet de recrutement pour un poste de technico-commercial. ImpactUp, le cabinet de recrutement sp\u00e9cialis\u00e9 en technico-commercial et postes commerciaux.\",\"breadcrumb\":{\"@id\":\"https:\/\/impactup.com\/en\/glossaire\/cabinet-de-recrutement-technico-commercial\/#breadcrumb\"},\"inLanguage\":\"en-US\",\"potentialAction\":[{\"@type\":\"ReadAction\",\"target\":[\"https:\/\/impactup.com\/en\/glossaire\/cabinet-de-recrutement-technico-commercial\/\"]}]},{\"@type\":\"BreadcrumbList\",\"@id\":\"https:\/\/impactup.com\/en\/glossaire\/cabinet-de-recrutement-technico-commercial\/#breadcrumb\",\"itemListElement\":[{\"@type\":\"ListItem\",\"position\":1,\"name\":\"Accueil\",\"item\":\"https:\/\/impactup.com\/en\/\"},{\"@type\":\"ListItem\",\"position\":2,\"name\":\"Glossaire\",\"item\":\"https:\/\/impactup.com\/en\/glossaire\/\"},{\"@type\":\"ListItem\",\"position\":3,\"name\":\"Trouver le technico-commercial id\u00e9al avec le cabinet de recrutement ImpactUp\"}]},{\"@type\":\"WebSite\",\"@id\":\"https:\/\/impactup.com\/en\/#website\",\"url\":\"https:\/\/impactup.com\/en\/\",\"name\":\"ImpactUp\",\"description\":\"Recrutement commerciaux, directions commerciales et fonctions marketing\",\"potentialAction\":[{\"@type\":\"SearchAction\",\"target\":{\"@type\":\"EntryPoint\",\"urlTemplate\":\"https:\/\/impactup.com\/en\/?s={search_term_string}\"},\"query-input\":{\"@type\":\"PropertyValueSpecification\",\"valueRequired\":true,\"valueName\":\"search_term_string\"}}],\"inLanguage\":\"en-US\"}]}<\/script>\n<!-- \/ Yoast SEO plugin. -->","yoast_head_json":{"title":"Cabinet de recrutement technico-commercial - ImpactUp, le cabinet expert en recrutement de technico-commercial et des fonctions commerciales","description":"Quel cabinet de recrutement pour un poste de technico-commercial. ImpactUp, le cabinet de recrutement sp\u00e9cialis\u00e9 en technico-commercial et postes commerciaux.","robots":{"index":"index","follow":"follow","max-snippet":"max-snippet:-1","max-image-preview":"max-image-preview:large","max-video-preview":"max-video-preview:-1"},"canonical":"https:\/\/impactup.com\/en\/glossaire\/cabinet-de-recrutement-technico-commercial\/","og_locale":"en_US","og_type":"article","og_title":"Cabinet de recrutement technico-commercial - ImpactUp, le cabinet expert en recrutement de technico-commercial et des fonctions commerciales","og_description":"Quel cabinet de recrutement pour un poste de technico-commercial. ImpactUp, le cabinet de recrutement sp\u00e9cialis\u00e9 en technico-commercial et postes commerciaux.","og_url":"https:\/\/impactup.com\/en\/glossaire\/cabinet-de-recrutement-technico-commercial\/","og_site_name":"ImpactUp","article_modified_time":"2024-06-12T14:32:45+00:00","og_image":[{"width":1067,"height":600,"url":"https:\/\/impactup.com\/wp-content\/uploads\/2021\/01\/og.jpg","type":"image\/jpeg"}],"twitter_card":"summary_large_image","twitter_misc":{"Est. reading time":"7 minutes"},"schema":{"@context":"https:\/\/schema.org","@graph":[{"@type":"WebPage","@id":"https:\/\/impactup.com\/en\/glossaire\/cabinet-de-recrutement-technico-commercial\/","url":"https:\/\/impactup.com\/en\/glossaire\/cabinet-de-recrutement-technico-commercial\/","name":"Cabinet de recrutement technico-commercial - ImpactUp, le cabinet expert en recrutement de technico-commercial et des fonctions commerciales","isPartOf":{"@id":"https:\/\/impactup.com\/en\/#website"},"datePublished":"2024-06-10T11:30:50+00:00","dateModified":"2024-06-12T14:32:45+00:00","description":"Quel cabinet de recrutement pour un poste de technico-commercial. ImpactUp, le cabinet de recrutement sp\u00e9cialis\u00e9 en technico-commercial et postes commerciaux.","breadcrumb":{"@id":"https:\/\/impactup.com\/en\/glossaire\/cabinet-de-recrutement-technico-commercial\/#breadcrumb"},"inLanguage":"en-US","potentialAction":[{"@type":"ReadAction","target":["https:\/\/impactup.com\/en\/glossaire\/cabinet-de-recrutement-technico-commercial\/"]}]},{"@type":"BreadcrumbList","@id":"https:\/\/impactup.com\/en\/glossaire\/cabinet-de-recrutement-technico-commercial\/#breadcrumb","itemListElement":[{"@type":"ListItem","position":1,"name":"Accueil","item":"https:\/\/impactup.com\/en\/"},{"@type":"ListItem","position":2,"name":"Glossaire","item":"https:\/\/impactup.com\/en\/glossaire\/"},{"@type":"ListItem","position":3,"name":"Trouver le technico-commercial id\u00e9al avec le cabinet de recrutement ImpactUp"}]},{"@type":"WebSite","@id":"https:\/\/impactup.com\/en\/#website","url":"https:\/\/impactup.com\/en\/","name":"ImpactUp","description":"Recrutement commerciaux, directions commerciales et fonctions marketing","potentialAction":[{"@type":"SearchAction","target":{"@type":"EntryPoint","urlTemplate":"https:\/\/impactup.com\/en\/?s={search_term_string}"},"query-input":{"@type":"PropertyValueSpecification","valueRequired":true,"valueName":"search_term_string"}}],"inLanguage":"en-US"}]}},"_links":{"self":[{"href":"https:\/\/impactup.com\/en\/wp-json\/wp\/v2\/pages\/26135","targetHints":{"allow":["GET"]}}],"collection":[{"href":"https:\/\/impactup.com\/en\/wp-json\/wp\/v2\/pages"}],"about":[{"href":"https:\/\/impactup.com\/en\/wp-json\/wp\/v2\/types\/page"}],"author":[{"embeddable":true,"href":"https:\/\/impactup.com\/en\/wp-json\/wp\/v2\/users\/4"}],"replies":[{"embeddable":true,"href":"https:\/\/impactup.com\/en\/wp-json\/wp\/v2\/comments?post=26135"}],"version-history":[{"count":5,"href":"https:\/\/impactup.com\/en\/wp-json\/wp\/v2\/pages\/26135\/revisions"}],"predecessor-version":[{"id":26551,"href":"https:\/\/impactup.com\/en\/wp-json\/wp\/v2\/pages\/26135\/revisions\/26551"}],"up":[{"embeddable":true,"href":"https:\/\/impactup.com\/en\/wp-json\/wp\/v2\/pages\/17218"}],"wp:attachment":[{"href":"https:\/\/impactup.com\/en\/wp-json\/wp\/v2\/media?parent=26135"}],"curies":[{"name":"wp","href":"https:\/\/api.w.org\/{rel}","templated":true}]}}