{"id":26129,"date":"2024-06-10T13:26:08","date_gmt":"2024-06-10T11:26:08","guid":{"rendered":"https:\/\/impactup.niou.dev\/?page_id=26129"},"modified":"2024-06-12T16:31:52","modified_gmt":"2024-06-12T14:31:52","slug":"cabinet-de-recrutement-responsable-secteur","status":"publish","type":"page","link":"https:\/\/impactup.com\/en\/glossaire\/cabinet-de-recrutement-responsable-secteur\/","title":{"rendered":"Le recrutement d\u2019un responsable de secteur motiv\u00e9 et motivant avec le cabinet ImpactUp"},"content":{"rendered":"<div class=\"wpb-content-wrapper\"><p>[vc_row][vc_column width=&#8221;1\/3&#8243;][vc_btn title=&#8221;Voir notre offre&#8221; color=&#8221;secondarycolor&#8221; align=&#8221;center&#8221; css=&#8221;&#8221; link=&#8221;url:https%3A%2F%2Fimpactup.com%2Frecrutement%2F&#8221;][\/vc_column][vc_column width=&#8221;1\/3&#8243;][vc_btn title=&#8221;Confiez-nous votre projet&#8221; color=&#8221;secondarycolor&#8221; align=&#8221;center&#8221; css=&#8221;&#8221; link=&#8221;url:https%3A%2F%2Fimpactup.com%2Fetude-personnalisee%2F&#8221;][\/vc_column][vc_column width=&#8221;1\/3&#8243;][vc_btn title=&#8221;Contactez-nous&#8221; color=&#8221;secondarycolor&#8221; align=&#8221;center&#8221; css=&#8221;&#8221; link=&#8221;url:https%3A%2F%2Fimpactup.com%2Fcontact%2F&#8221;][\/vc_column][\/vc_row][vc_row css=&#8221;.vc_custom_1717658386032{padding-top: 40px !important;padding-bottom: 20px !important;}&#8221;][vc_column][vc_column_text css=&#8221;&#8221;]<\/p>\n<section style=\"text-align: justify;\">\n<h2><strong>Le recrutement d\u2019un responsable de secteur motiv\u00e9 et motivant avec le cabinet ImpactUp<\/strong><\/h2>\n<p>De plus en plus d\u2019entreprises externalisent le recrutement pour trouver les bons collaborateurs. En effet, externaliser le recrutement, c\u2019est s\u2019assurer le travail d\u2019experts qui vont se consacrer exclusivement \u00e0 la recherche de la perle rare.<\/p>\n<p>Pour le <a href=\"https:\/\/impactup.com\/glossaire\/cabinet-de-recrutement-fonction-commerciale\"><strong>recrutement de votre responsable de secteur<\/strong><\/a>, le cabinet <strong>ImpactUp<\/strong> est un partenaire privil\u00e9gi\u00e9 qui a d\u00e9j\u00e0 fait ses preuves depuis de longues ann\u00e9es.<\/p>\n<\/section>\n<p>[\/vc_column_text][\/vc_column][\/vc_row][vc_row][vc_column width=&#8221;1\/3&#8243;][vc_btn title=&#8221;Voir notre offre&#8221; color=&#8221;secondarycolor&#8221; align=&#8221;center&#8221; css=&#8221;&#8221; link=&#8221;url:https%3A%2F%2Fimpactup.com%2Frecrutement%2F&#8221;][\/vc_column][vc_column width=&#8221;1\/3&#8243;][vc_btn title=&#8221;Confiez-nous votre projet&#8221; color=&#8221;secondarycolor&#8221; align=&#8221;center&#8221; css=&#8221;&#8221; link=&#8221;url:https%3A%2F%2Fimpactup.com%2Fetude-personnalisee%2F&#8221;][\/vc_column][vc_column width=&#8221;1\/3&#8243;][vc_btn title=&#8221;Contactez-nous&#8221; color=&#8221;secondarycolor&#8221; align=&#8221;center&#8221; css=&#8221;&#8221; link=&#8221;url:https%3A%2F%2Fimpactup.com%2Fcontact%2F&#8221;][\/vc_column][\/vc_row][vc_row css=&#8221;.vc_custom_1717658445522{padding-top: 40px !important;}&#8221;][vc_column][vc_column_text css=&#8221;&#8221;]<\/p>\n<section style=\"text-align: justify;\">\n<h2><strong>Les missions qui incombent \u00e0 un responsable de secteur d\u2019entreprise commerciale<\/strong><\/h2>\n<p>Le <strong>responsable de secteur<\/strong> est celui sur lequel reposent en grande partie les r\u00e9sultats des ventes dans une localit\u00e9 donn\u00e9e. De ses comp\u00e9tences et de ses capacit\u00e9s organisationnelles et commerciales d\u00e9pendra essentiellement le succ\u00e8s de ses missions.<\/p>\n<p>Son r\u00f4le consiste, entre autres t\u00e2ches, \u00e0 d\u00e9terminer les objectifs de vente et \u00e0 s\u2019assurer qu\u2019ils soient atteints, \u00e0 planifier le r\u00e9f\u00e9rencement et la distribution des produits dans la zone qui lui est confi\u00e9e, \u00e0 surveiller la concurrence sur place et \u00e0 prendre les mesures qui s\u2019imposent pour y faire face efficacement (publicit\u00e9, promotion marketing, etc.). Il devra \u00e9galement rendre compte de ses activit\u00e9s et de ses r\u00e9sultats \u00e0 la maison-m\u00e8re. Pour assumer son poste avec efficacit\u00e9, il doit \u00eatre un expert dans la cat\u00e9gorie des produits qui lui sont confi\u00e9s et de leur march\u00e9.<\/p>\n<p>Compte tenu de l\u2019ampleur de ses responsabilit\u00e9s et l\u2019importance des enjeux de ses comp\u00e9tences, il est pr\u00e9f\u00e9rable de faire appel \u00e0 un <strong>cabinet de recrutement pour trouver un responsable de secteur<\/strong>. Cette solution offre d\u2019ailleurs de nombreux avantages aux entreprises qui y recourent.<\/p>\n<h2><strong>Pourquoi s\u2019adresser \u00e0 un cabinet de recrutement\u00a0?<\/strong><\/h2>\n<p>Le recours \u00e0 un <strong>cabinet de recrutement pour la recherche d\u2019un responsable de secteur<\/strong> est pr\u00e9f\u00e9rable pour bien des raisons. En effet, confier cette op\u00e9ration \u00e0 une agence sp\u00e9cialis\u00e9e permet en premier lieu d\u2019\u00eatre s\u00fbr de disposer d\u2019une personne dont le profil r\u00e9pond exactement aux besoins du poste. Ce prestataire mettra \u00e0 votre disposition des recruteurs sp\u00e9cialis\u00e9s qui ma\u00eetrisent parfaitement les ficelles de la recherche et de la s\u00e9lection de candidats de valeur.<\/p>\n<p>Ensuite, externaliser le recrutement \u00e9vite d\u2019avoir \u00e0 g\u00e9rer soi-m\u00eame les diff\u00e9rentes \u00e9tapes relatives au processus\u00a0: cr\u00e9ation et diffusion de l\u2019offre d\u2019emploi, r\u00e9ception et tri des candidatures re\u00e7ues, premiers entretiens, etc. Chacune de ces op\u00e9rations sera prise en charge par des professionnels confirm\u00e9s de sorte que la s\u00e9lection sera r\u00e9alis\u00e9e dans les r\u00e8gles de l\u2019art. Il s\u2019agit par ailleurs d\u2019une solution cl\u00e9 en main \u00e9tant donn\u00e9 que l\u2019agence de recrutement vous soumettra uniquement les meilleurs candidats. Certains cabinets peuvent \u00e9galement proc\u00e9der aux d\u00e9marches d\u2019embauche des candidats retenus.<\/p>\n<p>Le<a href=\"https:\/\/impactup.com\"><strong> cabinet<\/strong><\/a> <a href=\"https:\/\/impactup.com\"><strong>ImpactUP<\/strong><\/a> est la r\u00e9f\u00e9rence pour les entreprises (grandes entreprises ou TPE) pour l\u2019identification et le recrutement de profils de haut niveau et experts m\u00e9tiers \u00e9voluant dans les secteurs commerciaux et marketing dont charg\u00e9(e) de marketing direct, responsable de promotion des ventes, category manager, d\u00e9l\u00e9gu\u00e9 commercial, business developer, responsable webmarketing, ing\u00e9nieur commercial, et \u00e0 tous les postes strat\u00e9giques de l\u2019organisation\u00a0: keyaccount manager, directeur(trice) commercial(e)sales administrator, directeur(trice) de la relation client, directeur(trice) de marque, et bien d\u2019autres encore.<\/p>\n<p>Hormis la formation et l\u2019exp\u00e9rience, la r\u00e9elle valeur ajout\u00e9e du responsable secteur se mesure bien souvent au talent commercial. En effet, son go\u00fbt du challenge, sa capacit\u00e9 \u00e0 identifier les opportunit\u00e9s et \u00e0 anticiper les besoins des clients sont d\u00e9terminants pour accompagner la croissance de l&#8217;entreprise au niveau local. D\u00e8s lors, mieux vaut ne pas se tromper quant au profil de son responsable de secteur. De nombreux employeurs confient d&#8217;ailleurs la gestion du recrutement de leur chef de secteur \u00e0 des cabinets sp\u00e9cialis\u00e9s comme<strong> ImpactUp<\/strong>. Pratique et efficace, l&#8217;externalisation permet de s&#8217;assurer un recrutement de qualit\u00e9 correspondant \u00e0 ses besoins r\u00e9els, le tout sans avoir \u00e0 g\u00e9rer le processus de recrutement souvent fastidieux et pas forc\u00e9ment rentable.\u00a0 En faisant appel \u00e0 notre cabinet de recrutement, vous b\u00e9n\u00e9ficiez d\u2019un accompagnement complet, depuis la pr\u00e9s\u00e9lection des candidats \u00e0 leur int\u00e9gration, en passant par l&#8217;\u00e9valuation de leur talent commercial. Nous adaptons notre m\u00e9thodologie \u00e0 vos besoins pour vous recruter les meilleurs talents.<\/p>\n<h2><strong>ImpactUP, cabinet de recrutement de cadres de haut niveau exp\u00e9riment\u00e9<\/strong><\/h2>\n<p>Sp\u00e9cialis\u00e9 dans la recherche de cadres de haut niveau pour les fonctions commerciales, vente et marketing, ImpactUP est au service des entreprises fran\u00e7aises de toutes tailles depuis plus de dix ans maintenant. Confier \u00e0 notre <a href=\"https:\/\/impactup.com\/glossaire\/cabinet-sp%C3%A9cialis%C3%A9-recrutement-commerciaux\"><strong>cabinet de recrutement la recherche de votre responsable de secteur<\/strong><\/a> vous fera b\u00e9n\u00e9ficier de leur expertise et de leur exp\u00e9rience. Afin de mieux servir les entreprises fran\u00e7aises, nous avons ouvert des bureaux dans plusieurs villes de l\u2019Hexagone notamment \u00e0 Paris, Lille, La Rochelle, Lyon, Toulouse, Bordeaux et Nantes.<\/p>\n<p>Nos \u00e9quipes de consultants-recruteurs \u00e9tant \u00e9galement d\u2019anciens professionnels sp\u00e9cialis\u00e9s dans le secteur de la vente, du commerce et du marketing, ils sont parfaitement en mesure d\u2019\u00e9tudier les candidatures re\u00e7ues et d\u2019identifier les meilleurs profils. Ils peuvent \u00e9galement endosser le r\u00f4le de chasseur de t\u00eates si la situation l\u2019impose.<\/p>\n<p>ImpactUP propose une large gamme de services pour trouver le profil id\u00e9al, conform\u00e9ment \u00e0 la requ\u00eate du recruteur\u00a0:<\/p>\n<ul>\n<li>Un service en ligne SaaS d\u2019\u00e9valuation qui permet de jauger son niveau en langue \u00e9trang\u00e8re propos\u00e9 en collaboration avec Pipplet ;<\/li>\n<li>Une plateforme d\u2019\u00e9valuation qui repose sur 4 gammes d\u2019outils : TalentInitial\u00ae, TalentAttitude\u00ae, TalentBusiness\u00ae et TalentRelation\u00ae.<\/li>\n<\/ul>\n<p>Votre \u00e9quipe d\u00e9j\u00e0 op\u00e9rationnelle peut \u00e9galement b\u00e9n\u00e9ficier de nos services surtout en termes de d\u00e9veloppement commercial. Nous en faisons, en effet, notre sp\u00e9cialit\u00e9 afin que vous disposiez constamment d\u2019une \u00e9quipe commerciale efficace, capable de garantir le d\u00e9veloppement de votre part de march\u00e9. Pour ce faire, nous intervenons dans quatre domaines\u00a0: la strat\u00e9gie commerciale (business plan, plan d\u2019adressage de march\u00e9, analyse de potentiel\u2026), l\u2019organisation commerciale (recherche de distributeurs\/partenaires, plan de recrutement, de formation et d\u2019int\u00e9gration de population commerciale\u2026), la motivation des \u00e9quipes commerciales (s\u00e9minaires, team building\u2026) et le pilotage. Le coaching des candidats est un autre des m\u00e9tiers d\u2019<strong>ImpactUP<\/strong> dans ce moment crucial de leur parcours professionnel.<\/p>\n<p>Adressez-nous vos souhaits pour que notre <strong>cabinet de recrutement<\/strong> <strong>puisse d\u00e9nicher au plus vite votre responsable<\/strong> <strong>de secteur<\/strong>. Pour ce faire, vous \u00eates invit\u00e9 \u00e0 remplir le formulaire pr\u00e9vu \u00e0 cet effet.<\/p>\n<p>Parmi nos clients se trouvent de nombreux groupes de France et d\u2019ailleurs, convaincus par notre professionnalisme.<\/p>\n<h2><strong>ImpactUp Formation<\/strong><\/h2>\n<p>Outre le <a href=\"https:\/\/impactup.com\/glossaire\/cabinet-de-recrutement-consultant-commercial\"><strong>recrutement de votre responsable de secteur, le cabinet<\/strong><\/a> ImpactUp peut donc recruter tous types de responsables et cadres dans les domaines du marketing et de la vente, externaliser votre direction commerciale et, pour offrir une offre compl\u00e8te, vous proposer des actions de formation pour vous et\/ou vos \u00e9quipes via notre p\u00f4le de formation.<\/p>\n<p>Nous proposons ainsi 3 modules de formation destin\u00e9s aux \u00e9quipes op\u00e9rationnelles et aux services de ressources humaines, un module sur le recrutement, un module sur le style comportemental et un module sur le management.<\/p>\n<p>Le module sur le recrutement vous formera, vous et votre service RH, \u00e0 \u00e9laborer un process de recrutement personnalis\u00e9, \u00e0 le mettre en place et \u00e0 le piloter pour pouvoir attirer les meilleurs collaborateurs et les retenir.<\/p>\n<p>Le module sur le style comportemental vous formera, vous et\/ou vos \u00e9quipes commerciales, aux techniques d\u2019analyse du comportement pour apprendre \u00e0 mieux comprendre son interlocuteur et am\u00e9liorer ainsi ses capacit\u00e9s \u00e0 communiquer et \u00e0 convaincre.<\/p>\n<p>Le module sur le management vous formera, vous et\/ou vos managers et futurs managers aux fondamentaux du management ou \u00e0 l\u2019am\u00e9lioration des pratiques d\u00e9j\u00e0 acquises.<\/p>\n<\/section>\n<p>[\/vc_column_text][\/vc_column][\/vc_row]<\/p>\n<\/div>","protected":false},"excerpt":{"rendered":"<p>[vc_row][vc_column width=&#8221;1\/3&#8243;][vc_btn title=&#8221;Voir notre offre&#8221; color=&#8221;secondarycolor&#8221; align=&#8221;center&#8221; css=&#8221;&#8221; link=&#8221;url:https%3A%2F%2Fimpactup.com%2Frecrutement%2F&#8221;][\/vc_column][vc_column width=&#8221;1\/3&#8243;][vc_btn title=&#8221;Confiez-nous votre projet&#8221; color=&#8221;secondarycolor&#8221; align=&#8221;center&#8221; css=&#8221;&#8221; link=&#8221;url:https%3A%2F%2Fimpactup.com%2Fetude-personnalisee%2F&#8221;][\/vc_column][vc_column width=&#8221;1\/3&#8243;][vc_btn title=&#8221;Contactez-nous&#8221; color=&#8221;secondarycolor&#8221; align=&#8221;center&#8221; css=&#8221;&#8221; link=&#8221;url:https%3A%2F%2Fimpactup.com%2Fcontact%2F&#8221;][\/vc_column][\/vc_row][vc_row css=&#8221;.vc_custom_1717658386032{padding-top: 40px !important;padding-bottom: 20px !important;}&#8221;][vc_column][vc_column_text css=&#8221;&#8221;] Le recrutement d\u2019un responsable de secteur motiv\u00e9 et motivant avec le cabinet ImpactUp De plus en plus d\u2019entreprises externalisent le recrutement pour trouver les bons collaborateurs. [&hellip;]<\/p>\n","protected":false},"author":4,"featured_media":0,"parent":17218,"menu_order":0,"comment_status":"closed","ping_status":"closed","template":"","meta":{"_monsterinsights_skip_tracking":false,"_monsterinsights_sitenote_active":false,"_monsterinsights_sitenote_note":"","_monsterinsights_sitenote_category":0,"footnotes":""},"class_list":["post-26129","page","type-page","status-publish","hentry"],"yoast_head":"<!-- This site is optimized with the Yoast SEO plugin v27.0 - https:\/\/yoast.com\/product\/yoast-seo-wordpress\/ -->\n<title>Cabinet de recrutement responsable secteur - Trouver un responsable de secteur comp\u00e9tent avec le cabinet de recrutement ImpactUp<\/title>\n<meta name=\"description\" content=\"Trouver ou former son responsable de secteur avec le Cabinet de recrutement et de conseil ImpactUp. Recrutement personnalis\u00e9 de votre responsable de secteur avec le cabinet ImpactUp.\" \/>\n<meta name=\"robots\" content=\"index, follow, max-snippet:-1, max-image-preview:large, max-video-preview:-1\" \/>\n<link rel=\"canonical\" href=\"https:\/\/impactup.com\/en\/glossaire\/cabinet-de-recrutement-responsable-secteur\/\" \/>\n<meta property=\"og:locale\" content=\"en_US\" \/>\n<meta property=\"og:type\" content=\"article\" \/>\n<meta property=\"og:title\" content=\"Cabinet de recrutement responsable secteur - Trouver un responsable de secteur comp\u00e9tent avec le cabinet de recrutement ImpactUp\" \/>\n<meta property=\"og:description\" content=\"Trouver ou former son responsable de secteur avec le Cabinet de recrutement et de conseil ImpactUp. Recrutement personnalis\u00e9 de votre responsable de secteur avec le cabinet ImpactUp.\" \/>\n<meta property=\"og:url\" content=\"https:\/\/impactup.com\/en\/glossaire\/cabinet-de-recrutement-responsable-secteur\/\" \/>\n<meta property=\"og:site_name\" content=\"ImpactUp\" \/>\n<meta property=\"article:modified_time\" content=\"2024-06-12T14:31:52+00:00\" \/>\n<meta property=\"og:image\" content=\"https:\/\/impactup.com\/wp-content\/uploads\/2021\/01\/og.jpg\" \/>\n\t<meta property=\"og:image:width\" content=\"1067\" \/>\n\t<meta property=\"og:image:height\" content=\"600\" \/>\n\t<meta property=\"og:image:type\" content=\"image\/jpeg\" \/>\n<meta name=\"twitter:card\" content=\"summary_large_image\" \/>\n<meta name=\"twitter:label1\" content=\"Est. reading time\" \/>\n\t<meta name=\"twitter:data1\" content=\"7 minutes\" \/>\n<script type=\"application\/ld+json\" class=\"yoast-schema-graph\">{\"@context\":\"https:\/\/schema.org\",\"@graph\":[{\"@type\":\"WebPage\",\"@id\":\"https:\/\/impactup.com\/en\/glossaire\/cabinet-de-recrutement-responsable-secteur\/\",\"url\":\"https:\/\/impactup.com\/en\/glossaire\/cabinet-de-recrutement-responsable-secteur\/\",\"name\":\"Cabinet de recrutement responsable secteur - Trouver un responsable de secteur comp\u00e9tent avec le cabinet de recrutement ImpactUp\",\"isPartOf\":{\"@id\":\"https:\/\/impactup.com\/en\/#website\"},\"datePublished\":\"2024-06-10T11:26:08+00:00\",\"dateModified\":\"2024-06-12T14:31:52+00:00\",\"description\":\"Trouver ou former son responsable de secteur avec le Cabinet de recrutement et de conseil ImpactUp. Recrutement personnalis\u00e9 de votre responsable de secteur avec le cabinet ImpactUp.\",\"breadcrumb\":{\"@id\":\"https:\/\/impactup.com\/en\/glossaire\/cabinet-de-recrutement-responsable-secteur\/#breadcrumb\"},\"inLanguage\":\"en-US\",\"potentialAction\":[{\"@type\":\"ReadAction\",\"target\":[\"https:\/\/impactup.com\/en\/glossaire\/cabinet-de-recrutement-responsable-secteur\/\"]}]},{\"@type\":\"BreadcrumbList\",\"@id\":\"https:\/\/impactup.com\/en\/glossaire\/cabinet-de-recrutement-responsable-secteur\/#breadcrumb\",\"itemListElement\":[{\"@type\":\"ListItem\",\"position\":1,\"name\":\"Accueil\",\"item\":\"https:\/\/impactup.com\/en\/\"},{\"@type\":\"ListItem\",\"position\":2,\"name\":\"Glossaire\",\"item\":\"https:\/\/impactup.com\/en\/glossaire\/\"},{\"@type\":\"ListItem\",\"position\":3,\"name\":\"Le recrutement d\u2019un responsable de secteur motiv\u00e9 et motivant avec le cabinet ImpactUp\"}]},{\"@type\":\"WebSite\",\"@id\":\"https:\/\/impactup.com\/en\/#website\",\"url\":\"https:\/\/impactup.com\/en\/\",\"name\":\"ImpactUp\",\"description\":\"Recrutement commerciaux, directions commerciales et fonctions marketing\",\"potentialAction\":[{\"@type\":\"SearchAction\",\"target\":{\"@type\":\"EntryPoint\",\"urlTemplate\":\"https:\/\/impactup.com\/en\/?s={search_term_string}\"},\"query-input\":{\"@type\":\"PropertyValueSpecification\",\"valueRequired\":true,\"valueName\":\"search_term_string\"}}],\"inLanguage\":\"en-US\"}]}<\/script>\n<!-- \/ Yoast SEO plugin. -->","yoast_head_json":{"title":"Cabinet de recrutement responsable secteur - Trouver un responsable de secteur comp\u00e9tent avec le cabinet de recrutement ImpactUp","description":"Trouver ou former son responsable de secteur avec le Cabinet de recrutement et de conseil ImpactUp. Recrutement personnalis\u00e9 de votre responsable de secteur avec le cabinet ImpactUp.","robots":{"index":"index","follow":"follow","max-snippet":"max-snippet:-1","max-image-preview":"max-image-preview:large","max-video-preview":"max-video-preview:-1"},"canonical":"https:\/\/impactup.com\/en\/glossaire\/cabinet-de-recrutement-responsable-secteur\/","og_locale":"en_US","og_type":"article","og_title":"Cabinet de recrutement responsable secteur - Trouver un responsable de secteur comp\u00e9tent avec le cabinet de recrutement ImpactUp","og_description":"Trouver ou former son responsable de secteur avec le Cabinet de recrutement et de conseil ImpactUp. Recrutement personnalis\u00e9 de votre responsable de secteur avec le cabinet ImpactUp.","og_url":"https:\/\/impactup.com\/en\/glossaire\/cabinet-de-recrutement-responsable-secteur\/","og_site_name":"ImpactUp","article_modified_time":"2024-06-12T14:31:52+00:00","og_image":[{"width":1067,"height":600,"url":"https:\/\/impactup.com\/wp-content\/uploads\/2021\/01\/og.jpg","type":"image\/jpeg"}],"twitter_card":"summary_large_image","twitter_misc":{"Est. reading time":"7 minutes"},"schema":{"@context":"https:\/\/schema.org","@graph":[{"@type":"WebPage","@id":"https:\/\/impactup.com\/en\/glossaire\/cabinet-de-recrutement-responsable-secteur\/","url":"https:\/\/impactup.com\/en\/glossaire\/cabinet-de-recrutement-responsable-secteur\/","name":"Cabinet de recrutement responsable secteur - Trouver un responsable de secteur comp\u00e9tent avec le cabinet de recrutement ImpactUp","isPartOf":{"@id":"https:\/\/impactup.com\/en\/#website"},"datePublished":"2024-06-10T11:26:08+00:00","dateModified":"2024-06-12T14:31:52+00:00","description":"Trouver ou former son responsable de secteur avec le Cabinet de recrutement et de conseil ImpactUp. Recrutement personnalis\u00e9 de votre responsable de secteur avec le cabinet ImpactUp.","breadcrumb":{"@id":"https:\/\/impactup.com\/en\/glossaire\/cabinet-de-recrutement-responsable-secteur\/#breadcrumb"},"inLanguage":"en-US","potentialAction":[{"@type":"ReadAction","target":["https:\/\/impactup.com\/en\/glossaire\/cabinet-de-recrutement-responsable-secteur\/"]}]},{"@type":"BreadcrumbList","@id":"https:\/\/impactup.com\/en\/glossaire\/cabinet-de-recrutement-responsable-secteur\/#breadcrumb","itemListElement":[{"@type":"ListItem","position":1,"name":"Accueil","item":"https:\/\/impactup.com\/en\/"},{"@type":"ListItem","position":2,"name":"Glossaire","item":"https:\/\/impactup.com\/en\/glossaire\/"},{"@type":"ListItem","position":3,"name":"Le recrutement d\u2019un responsable de secteur motiv\u00e9 et motivant avec le cabinet ImpactUp"}]},{"@type":"WebSite","@id":"https:\/\/impactup.com\/en\/#website","url":"https:\/\/impactup.com\/en\/","name":"ImpactUp","description":"Recrutement commerciaux, directions commerciales et fonctions marketing","potentialAction":[{"@type":"SearchAction","target":{"@type":"EntryPoint","urlTemplate":"https:\/\/impactup.com\/en\/?s={search_term_string}"},"query-input":{"@type":"PropertyValueSpecification","valueRequired":true,"valueName":"search_term_string"}}],"inLanguage":"en-US"}]}},"_links":{"self":[{"href":"https:\/\/impactup.com\/en\/wp-json\/wp\/v2\/pages\/26129","targetHints":{"allow":["GET"]}}],"collection":[{"href":"https:\/\/impactup.com\/en\/wp-json\/wp\/v2\/pages"}],"about":[{"href":"https:\/\/impactup.com\/en\/wp-json\/wp\/v2\/types\/page"}],"author":[{"embeddable":true,"href":"https:\/\/impactup.com\/en\/wp-json\/wp\/v2\/users\/4"}],"replies":[{"embeddable":true,"href":"https:\/\/impactup.com\/en\/wp-json\/wp\/v2\/comments?post=26129"}],"version-history":[{"count":5,"href":"https:\/\/impactup.com\/en\/wp-json\/wp\/v2\/pages\/26129\/revisions"}],"predecessor-version":[{"id":26550,"href":"https:\/\/impactup.com\/en\/wp-json\/wp\/v2\/pages\/26129\/revisions\/26550"}],"up":[{"embeddable":true,"href":"https:\/\/impactup.com\/en\/wp-json\/wp\/v2\/pages\/17218"}],"wp:attachment":[{"href":"https:\/\/impactup.com\/en\/wp-json\/wp\/v2\/media?parent=26129"}],"curies":[{"name":"wp","href":"https:\/\/api.w.org\/{rel}","templated":true}]}}