{"id":26124,"date":"2024-06-10T13:19:46","date_gmt":"2024-06-10T11:19:46","guid":{"rendered":"https:\/\/impactup.niou.dev\/?page_id=26124"},"modified":"2025-06-02T14:18:58","modified_gmt":"2025-06-02T12:18:58","slug":"cabinet-de-recrutement-responsable-marketing","status":"publish","type":"page","link":"https:\/\/impactup.com\/en\/glossaire\/cabinet-de-recrutement-responsable-marketing\/","title":{"rendered":"Confiez votre projet de recrutement de responsable marketing au cabinet ImpactUp"},"content":{"rendered":"<div class=\"wpb-content-wrapper\"><p>[vc_row][vc_column width=&#8221;1\/3&#8243;][vc_btn title=&#8221;Voir notre offre&#8221; color=&#8221;secondarycolor&#8221; align=&#8221;center&#8221; css=&#8221;&#8221; link=&#8221;url:https%3A%2F%2Fimpactup.com%2Frecrutement%2F&#8221;][\/vc_column][vc_column width=&#8221;1\/3&#8243;][vc_btn title=&#8221;Confiez-nous votre projet&#8221; color=&#8221;secondarycolor&#8221; align=&#8221;center&#8221; css=&#8221;&#8221; link=&#8221;url:https%3A%2F%2Fimpactup.com%2Fetude-personnalisee%2F&#8221;][\/vc_column][vc_column width=&#8221;1\/3&#8243;][vc_btn title=&#8221;Contactez-nous&#8221; color=&#8221;secondarycolor&#8221; align=&#8221;center&#8221; css=&#8221;&#8221; link=&#8221;url:https%3A%2F%2Fimpactup.com%2Fcontact%2F&#8221;][\/vc_column][\/vc_row][vc_row css=&#8221;.vc_custom_1717658386032{padding-top: 40px !important;padding-bottom: 20px !important;}&#8221;][vc_column][vc_column_text css=&#8221;&#8221;]<\/p>\n<section style=\"text-align: justify;\">\n<h2 style=\"text-align: justify;\"><strong>Confiez votre projet de recrutement de responsable marketing au cabinet ImpactUp<\/strong><\/h2>\n<p style=\"text-align: justify;\">Si vous \u00eates \u00e0 la recherche du meilleur talent pour occuper le poste de <a href=\"https:\/\/impactup.com\/glossaire\/cabinet-de-recrutement-responsable-commercial\"><strong>responsable marketing<\/strong><\/a> au sein de votre entreprise, notre <a href=\"https:\/\/impactup.com\/glossaire\/cabinet-de-recrutement-responsable-commercial\"><strong>cabinet de recrutement<\/strong><\/a> peut vous accompagner et prendre en charge tout ou partie du processus d\u2019embauche. En confiant cette mission au cabinet <strong>ImpactUp<\/strong>, vous b\u00e9n\u00e9ficiez de l\u2019expertise et de l\u2019exp\u00e9rience d\u2019une \u00e9quipe de professionnels sp\u00e9cialiste dans ce domaine.<\/p>\n<\/section>\n<p>[\/vc_column_text][\/vc_column][\/vc_row][vc_row][vc_column width=&#8221;1\/3&#8243;][vc_btn title=&#8221;Voir notre offre&#8221; color=&#8221;secondarycolor&#8221; align=&#8221;center&#8221; css=&#8221;&#8221; link=&#8221;url:https%3A%2F%2Fimpactup.com%2Frecrutement%2F&#8221;][\/vc_column][vc_column width=&#8221;1\/3&#8243;][vc_btn title=&#8221;Confiez-nous votre projet&#8221; color=&#8221;secondarycolor&#8221; align=&#8221;center&#8221; css=&#8221;&#8221; link=&#8221;url:https%3A%2F%2Fimpactup.com%2Fetude-personnalisee%2F&#8221;][\/vc_column][vc_column width=&#8221;1\/3&#8243;][vc_btn title=&#8221;Contactez-nous&#8221; color=&#8221;secondarycolor&#8221; align=&#8221;center&#8221; css=&#8221;&#8221; link=&#8221;url:https%3A%2F%2Fimpactup.com%2Fcontact%2F&#8221;][\/vc_column][\/vc_row][vc_row css=&#8221;.vc_custom_1717658445522{padding-top: 40px !important;}&#8221;][vc_column][vc_column_text css=&#8221;&#8221;]<\/p>\n<section style=\"text-align: justify;\">\n<h2 style=\"text-align: justify;\"><strong>ImpactUp pour b\u00e9n\u00e9ficier de services de recrutement de professionnels<\/strong><\/h2>\n<p style=\"text-align: justify;\">Le cabinet <strong>ImpactUp<\/strong> est sp\u00e9cialiste des fonctions commerciales et marketing. Ayant pour la plupart exerc\u00e9 dans de grandes entreprises commerciales et de distribution, ses fondateurs et ses consultants connaissent parfaitement les enjeux du recrutement d\u2019un responsable marketing.<\/p>\n<p style=\"text-align: justify;\">Depuis plus d\u2019une vingtaine d\u2019ann\u00e9es, nous accompagnons les entreprises de grande envergure et les PME en mettant \u00e0 leur disposition notre savoir-faire et notre pragmatisme dans la recherche des candidats potentiels pour occuper les postes vacants au sein de ces \u00e9tablissements.<\/p>\n<p style=\"text-align: justify;\">L\u2019\u00e9quipe du cabinet ImpactUp justifie d\u2019une solide exp\u00e9rience dans le ciblage et le recrutement de talents confirm\u00e9s et d\u2019experts m\u00e9tiers sur les secteurs commerciaux et marketing\u00a0: responsable de promotion des ventes, category manager, d\u00e9l\u00e9gu\u00e9 commercial, charg\u00e9(e) de marketing direct, marchandiseur(euse), ing\u00e9nieur commercial, responsable webmarketing, et \u00e0 toutes les fonctions-cl\u00e9s de l\u2019organisation\u00a0: digital marketing manager, keyaccount manager, directeur(trice) de la relation client, directeur(trice) de marque, sales administrator, et bien d\u2019autres encore.<\/p>\n<p style=\"text-align: justify;\">Gr\u00e2ce \u00e0 leur exp\u00e9rience, les consultants du <a href=\"https:\/\/impactup.com\/glossaire\/cabinet-de-recrutement-par-approche-directe\"><strong>cabinet de recrutement <\/strong><\/a>ImpactUp ont une parfaite connaissance du profil d\u2019un bon <a href=\"https:\/\/impactup.com\/glossaire\/cabinet-de-recrutement-par-approche-directe\"><strong>responsable marketing<\/strong><\/a>. Dans le cadre de la mission qui leur est confi\u00e9e, ils mettent en \u0153uvre des solutions innovantes et performantes. Ils sont alors \u00e0 m\u00eame de rep\u00e9rer la candidature qui r\u00e9pondra au mieux aux besoins du poste \u00e0 pourvoir.<\/p>\n<p style=\"text-align: justify;\">Nous pouvons nous charger de l\u2019ensemble du processus de recrutement\u00a0: d\u00e9finition du besoin, conception et diffusion de l\u2019offre d\u2019emploi, s\u00e9lection des candidatures, r\u00e9alisation des \u00e9valuations au travers de tests et entretiens individuels. D\u2019ailleurs, nous traitons chaque mission en respectant ces \u00e9tapes.<\/p>\n<p style=\"text-align: justify;\">\u00c0 l\u2019issue de ces d\u00e9marches, nous vous pr\u00e9sentons les meilleures candidatures, parmi lesquelles vous effectuerez votre choix. Et notre intervention ne s\u2019arr\u00eate pas l\u00e0, nous assurons le suivi du candidat retenu jusqu\u2019\u00e0 son embauche d\u00e9finitive.<\/p>\n<p style=\"text-align: justify;\">Afin d\u2019obtenir le r\u00e9sultat souhait\u00e9, nous adoptons une m\u00e9thodologie mixte combinant recrutement par annonces et actions de chasse. La s\u00e9lection s\u2019effectue \u00e0 travers des entretiens physiques avec nos consultants, mais aussi via diff\u00e9rentes formes d\u2019\u00e9valuation\u00a0:<\/p>\n<ul style=\"text-align: justify;\">\n<li>Tests de comp\u00e9tence\u00a0: \u00e9valuation du potentiel commercial (prospection, n\u00e9gociation, relationnel et satisfaction client, affirmation et contr\u00f4le de soi), et de la capacit\u00e9 manag\u00e9riale.<\/li>\n<li>Tests de personnalit\u00e9\u00a0: analyse des traits de personnalit\u00e9, valeurs, motivations et des comportements.<\/li>\n<li>Tests d\u2019aptitudes verbales, num\u00e9riques et cognitives\u00a0: test de fran\u00e7ais, tests de raisonnement et de culture g\u00e9n\u00e9rale.<\/li>\n<\/ul>\n<p style=\"text-align: justify;\">Pour cela, nous mettons \u00e0 la disposition de nos clients\u00a0:<\/p>\n<ul style=\"text-align: justify;\">\n<li>Une plateforme d\u2019\u00e9valuation qui repose sur 4\u00a0gammes d\u2019outils\u00a0: TalentInitial\u00ae, TalentAttitude\u00ae, TalentBusiness\u00ae et TalentRelation\u00ae.<\/li>\n<li>Un outil en ligne SaaS d\u2019\u00e9valuation qui permet d\u2019estimer les comp\u00e9tences dans une langue \u00e9trang\u00e8re et ainsi de renforcer ses capacit\u00e9s en langues \u00e9trang\u00e8res, propos\u00e9 en partenariat avec Pipplet.<\/li>\n<\/ul>\n<p style=\"text-align: justify;\">Et si vous souhaitez d\u00e9finir avec plus de pr\u00e9cision le potentiel de chaque candidat, notre cabinet propose d\u2019organiser un assessment. Cette forme d\u2019\u00e9valuation comporte une mise en situation et des jeux de r\u00f4le visant \u00e0 tester sa vision strat\u00e9gique, sa capacit\u00e9 d\u2019abstraction et de prise de hauteur, son leadership, sa capacit\u00e9 de mobilisation et d\u2019entra\u00eenement de m\u00eame que son ind\u00e9pendance d\u2019esprit et sa cr\u00e9ativit\u00e9.<\/p>\n<p style=\"text-align: justify;\">La session permettra \u00e9galement d\u2019\u00e9valuer son sens de l\u2019objectif et du r\u00e9sultat, de la communication et de l\u2019\u00e9coute et son habilet\u00e9 \u00e0 convaincre ainsi que son adaptabilit\u00e9, son agilit\u00e9 et sa capacit\u00e9 de rebond et de r\u00e9silience. Enfin, le candidat devra aussi montrer son aptitude \u00e0 g\u00e9rer le temps et les priorit\u00e9s et sa capacit\u00e9 d\u2019organisation.<\/p>\n<p style=\"text-align: justify;\">Cette d\u00e9marche permet une analyse approfondie et objective des comp\u00e9tences de chacun et d\u2019identifier plus facilement le profil le plus adapt\u00e9 aux besoins op\u00e9rationnels et culturels de votre entreprise, r\u00e9duisant ainsi les risques d\u2019erreurs de casting.<\/p>\n<p style=\"text-align: justify;\">Nous ne nous contentons pas de recruter vos cadres, nous pouvons \u00e9galement vous proposer un programme exclusivement d\u00e9di\u00e9 au d\u00e9veloppement commercial de ceux qui sont d\u00e9j\u00e0 en poste. Le coaching des candidats pour l\u2019atteinte de leurs objectifs professionnels fait aussi partie des activit\u00e9s d\u2019<strong>ImpactUp<\/strong>. Des entreprises de grande envergure de diff\u00e9rentes nationalit\u00e9s nous font confiance, convaincues par notre professionnalisme.<\/p>\n<p style=\"text-align: justify;\">En outre, si vous avez besoin de recruter un grand nombre de collaborateurs de mani\u00e8re ponctuelle ou r\u00e9currente pour un d\u00e9ploiement marketing, un \u00e9v\u00e9nement \u00e0 couvrir ou un pic d\u2019activit\u00e9 saisonni\u00e8re, notre cabinet peut piloter ce projet. Pour cela, vous aurez \u00e0 votre disposition une \u00e9quipe d\u00e9di\u00e9e form\u00e9e par un manager, un chef de projet et 5\u00a0charg\u00e9s de recherches sp\u00e9cialistes du recrutement volumique.<\/p>\n<p style=\"text-align: justify;\">Pour de plus amples informations ou pour demander un devis, vous pouvez nous contacter en nous t\u00e9l\u00e9phonant ou en nous \u00e9crivant un courrier \u00e9lectronique.<\/p>\n<h2 style=\"text-align: justify;\"><strong>Confiez le recrutement de votre responsable marketing \u00e0 un cabinet sp\u00e9cialis\u00e9<\/strong><\/h2>\n<p style=\"text-align: justify;\">Les travaux qui attendent votre futur <a href=\"https:\/\/impactup.com\/glossaire\/cabinet-de-recrutement-consultant-commercial\"><strong>responsable marketing<\/strong> <strong>imposent le recours \u00e0 un<\/strong> <strong>cabinet de recrutement<\/strong><\/a> sp\u00e9cialis\u00e9 pour d\u00e9nicher la personne parfaitement taill\u00e9e pour ce poste cl\u00e9. Ses t\u00e2ches comprennent entre autres la conception de la strat\u00e9gie commerciale de l\u2019entreprise en fonction des services ou des produits \u00e0 vendre, des besoins du march\u00e9 et bien entendu en prenant en compte la concurrence.<\/p>\n<p style=\"text-align: justify;\">Cependant, les \u00e9volutions des technologies et des usages ont conduit les employeurs \u00e0 rehausser leurs exigences en mati\u00e8re de p\u00e9rim\u00e8tre de comp\u00e9tences. Certes, le responsable marketing assure toujours des fonctions classiques, comme celles de concevoir et coordonner les actions marketing, de promotion et de commercialisation d\u2019une ligne de produits ou de services, mais il doit de plus en plus mettre en \u0153uvre les comp\u00e9tences digitales.<\/p>\n<p style=\"text-align: justify;\">Ainsi, le responsable marketing doit \u00eatre en mesure d\u2019\u00e9laborer et de piloter les actions de marketing digital, connaitre les m\u00e9thodes UX pour am\u00e9liorer l\u2019exp\u00e9rience utilisateur ou encore ma\u00eetriser les outils statistiques et d\u2019analyse. Trouver le candidat id\u00e9al pour ce poste strat\u00e9gique n\u00e9cessite un sourcing particuli\u00e8rement rigoureux. Seuls les candidats ayant acquis une forte sp\u00e9cialisation en Marketing ou ayant pris le virage du digital peuvent tirer leur \u00e9pingle du jeu.<\/p>\n<p style=\"text-align: justify;\">En faisant appel \u00e0 un cabinet sp\u00e9cialis\u00e9 comme <a href=\"https:\/\/impactup.com\/\"><strong>ImpactUp<\/strong><\/a>, vous profiterez d\u2019un haut niveau d\u2019expertise pendant tout le processus de recrutement, depuis la s\u00e9lection des candidats jusqu\u2019\u00e0 son int\u00e9gration en entreprise.<\/p>\n<p style=\"text-align: justify;\">En ayant recours aux services d\u2019une agence sp\u00e9cialis\u00e9e dans le recrutement de cadres commerciaux de haut niveau, vous b\u00e9n\u00e9ficierez de l\u2019expertise d\u2019une \u00e9quipe de recruteurs aguerris pour prendre en charge toutes les op\u00e9rations relatives au processus de recrutement et la conception de la strat\u00e9gie \u00e0 utiliser. Le recours \u00e0 un cabinet professionnel pr\u00e9sente de nombreux avantages.<\/p>\n<p style=\"text-align: justify;\">Tout d\u2019abord, cette technique permet \u00e0 l\u2019entreprise de gagner du temps et se concentrer sur son c\u0153ur de leur m\u00e9tier. En effet, les \u00e9quipes du cabinet prennent en charge, dans le cadre de la mission qui lui est confi\u00e9e, la description du poste et la publication de l\u2019offre d\u2019emploi sur les divers supports num\u00e9riques ou physiques.<\/p>\n<p style=\"text-align: justify;\">Le cabinet s\u2019occupe \u00e9galement des processus li\u00e9s \u00e0 l\u2019organisation des tests et des interviews pour l\u2019\u00e9valuation des candidats. Dans certains cas, les cabinets \u00e9tablissent m\u00eame un short-list dans lequel figure le nom des professionnels qu\u2019ils jugent aptes \u00e0 occuper le poste en question.<\/p>\n<p style=\"text-align: justify;\">Ensuite, le recours \u00e0 un cabinet de recrutement permet de garantir la comp\u00e9tence des candidats potentiels. Cela tient au fait que les cabinets disposent souvent d\u2019une base de donn\u00e9es \u00e0 jour de CV correspondant \u00e0 divers emplois au sein des entreprises.<\/p>\n<p style=\"text-align: justify;\">Si vous \u00eates press\u00e9s de trouver votre futur collaborateur, les \u00e9quipes du cabinet acc\u00e9l\u00e9reront les proc\u00e9dures de recrutement en effectuant en premier lieu leurs recherches dans leurs bases, puis en contactant directement les profils susceptibles de r\u00e9pondre \u00e0 vos attentes.<\/p>\n<h2 style=\"text-align: justify;\"><strong>Les autres expertises du cabinet ImpactUp<\/strong><\/h2>\n<p style=\"text-align: justify;\">En plus de l\u2019activit\u00e9 de recrutement, notre cabinet peut aussi accompagner ses clients sur d\u2019autres th\u00e9matiques, dont le conseil et la formation.<\/p>\n<p style=\"text-align: justify;\">En ce qui concerne le conseil, notre solution s\u2019adresse aux entreprises qui ont besoin de l\u2019expertise de professionnels exp\u00e9riment\u00e9s pour la transformation de leurs structures et la mise en place du mode projet au sein des \u00e9quipes dirigeante et op\u00e9rationnelle. Nos consultants peuvent aussi intervenir pour accompagner le middle-management et lors de la reprise d\u2019\u00e9quipe.<\/p>\n<p style=\"text-align: justify;\">Quant \u00e0 nos prestations de formation, nous ciblons le d\u00e9veloppement des comp\u00e9tences au sein de l\u2019entreprise avec des modules portant sur le recrutement, le style comportemental et le management qui sont anim\u00e9s par nos consultants experts.<\/p>\n<p style=\"text-align: justify;\"><em>Module recrutement<\/em><\/p>\n<p style=\"text-align: justify;\">S\u2019adressant aux chefs d\u2019entreprises des TPE, ETI et PME et aux responsables RH des grandes soci\u00e9t\u00e9s, ce module a pour objectif de former \u00e0 l\u2019\u00e9laboration et la mise en \u0153uvre d\u2019un processus de recrutement.<\/p>\n<p style=\"text-align: justify;\">Il comprend l\u2019apprentissage de\u00a0:<\/p>\n<ul style=\"text-align: justify;\">\n<li>l\u2019identification des besoins\u2009;<\/li>\n<li>la r\u00e9daction des documents (description de poste et offre d\u2019emploi)\u2009;<\/li>\n<li>le choix des outils et canaux pertinents (ATS, Jobboard, outils de sourcing\u2026)<\/li>\n<li>l\u2019\u00e9tablissement du retroplanning\u2009;<\/li>\n<li>la bonne conduite des diff\u00e9rentes \u00e9tapes du recrutement\u2009;<\/li>\n<li>la pr\u00e9paration des entretiens\u2009;<\/li>\n<li>le choix des tests d\u2019\u00e9valuation\u2009;<\/li>\n<li>\u00a0etc.<\/li>\n<\/ul>\n<p style=\"text-align: justify;\"><em>Module style comportemental<\/em><\/p>\n<p style=\"text-align: justify;\">Ce module est destin\u00e9 aux managers et aux \u00e9quipes commerciales et permet d\u2019apprendre les techniques d\u2019analyse du comportement au travers du mod\u00e8le de Marston et de la ma\u00eetrise du langage des couleurs afin de mieux cerner ses interlocuteurs pour, au final, am\u00e9liorer sa communication verbale et sa capacit\u00e9 \u00e0 convaincre.<\/p>\n<p style=\"text-align: justify;\"><em>Module management<\/em><\/p>\n<p style=\"text-align: justify;\">Ce module est con\u00e7u pour les managers qui souhaitent am\u00e9liorer leurs capacit\u00e9s manag\u00e9riales et les futurs managers. Ils apprendront les meilleures techniques de management et les comp\u00e9tences indispensables \u00e0 ce poste.<\/p>\n<\/section>\n<p>[\/vc_column_text][\/vc_column][\/vc_row]<\/p>\n<\/div>","protected":false},"excerpt":{"rendered":"<p>[vc_row][vc_column width=&#8221;1\/3&#8243;][vc_btn title=&#8221;Voir notre offre&#8221; color=&#8221;secondarycolor&#8221; align=&#8221;center&#8221; css=&#8221;&#8221; link=&#8221;url:https%3A%2F%2Fimpactup.com%2Frecrutement%2F&#8221;][\/vc_column][vc_column width=&#8221;1\/3&#8243;][vc_btn title=&#8221;Confiez-nous votre projet&#8221; color=&#8221;secondarycolor&#8221; align=&#8221;center&#8221; css=&#8221;&#8221; link=&#8221;url:https%3A%2F%2Fimpactup.com%2Fetude-personnalisee%2F&#8221;][\/vc_column][vc_column width=&#8221;1\/3&#8243;][vc_btn title=&#8221;Contactez-nous&#8221; color=&#8221;secondarycolor&#8221; align=&#8221;center&#8221; css=&#8221;&#8221; link=&#8221;url:https%3A%2F%2Fimpactup.com%2Fcontact%2F&#8221;][\/vc_column][\/vc_row][vc_row css=&#8221;.vc_custom_1717658386032{padding-top: 40px !important;padding-bottom: 20px !important;}&#8221;][vc_column][vc_column_text css=&#8221;&#8221;] Confiez votre projet de recrutement de responsable marketing au cabinet ImpactUp Si vous \u00eates \u00e0 la recherche du meilleur talent pour occuper le poste de responsable [&hellip;]<\/p>\n","protected":false},"author":4,"featured_media":0,"parent":17218,"menu_order":0,"comment_status":"closed","ping_status":"closed","template":"","meta":{"_monsterinsights_skip_tracking":false,"_monsterinsights_sitenote_active":false,"_monsterinsights_sitenote_note":"","_monsterinsights_sitenote_category":0,"footnotes":""},"class_list":["post-26124","page","type-page","status-publish","hentry"],"yoast_head":"<!-- This site is optimized with the Yoast SEO plugin v27.0 - https:\/\/yoast.com\/product\/yoast-seo-wordpress\/ -->\n<title>ImpactUp, cabinet sp\u00e9cialis\u00e9 dans le recrutement de responsables marketing<\/title>\n<meta name=\"description\" content=\"Confiez le recrutement de votre futur responsable marketing au cabinet ImpactUp. Notre cabinet est un sp\u00e9cialiste du recrutement de responsables marketing.\" \/>\n<meta name=\"robots\" content=\"index, follow, max-snippet:-1, max-image-preview:large, max-video-preview:-1\" \/>\n<link rel=\"canonical\" href=\"https:\/\/impactup.com\/en\/glossaire\/cabinet-de-recrutement-responsable-marketing\/\" \/>\n<meta property=\"og:locale\" content=\"en_US\" \/>\n<meta property=\"og:type\" content=\"article\" \/>\n<meta property=\"og:title\" content=\"ImpactUp, cabinet sp\u00e9cialis\u00e9 dans le recrutement de responsables marketing\" \/>\n<meta property=\"og:description\" content=\"Confiez le recrutement de votre futur responsable marketing au cabinet ImpactUp. Notre cabinet est un sp\u00e9cialiste du recrutement de responsables marketing.\" \/>\n<meta property=\"og:url\" content=\"https:\/\/impactup.com\/en\/glossaire\/cabinet-de-recrutement-responsable-marketing\/\" \/>\n<meta property=\"og:site_name\" content=\"ImpactUp\" \/>\n<meta property=\"article:modified_time\" content=\"2025-06-02T12:18:58+00:00\" \/>\n<meta property=\"og:image\" content=\"https:\/\/impactup.com\/wp-content\/uploads\/2021\/01\/og.jpg\" \/>\n\t<meta property=\"og:image:width\" content=\"1067\" \/>\n\t<meta property=\"og:image:height\" content=\"600\" \/>\n\t<meta property=\"og:image:type\" content=\"image\/jpeg\" \/>\n<meta name=\"twitter:card\" content=\"summary_large_image\" \/>\n<meta name=\"twitter:label1\" content=\"Est. reading time\" \/>\n\t<meta name=\"twitter:data1\" content=\"7 minutes\" \/>\n<script type=\"application\/ld+json\" class=\"yoast-schema-graph\">{\"@context\":\"https:\/\/schema.org\",\"@graph\":[{\"@type\":\"WebPage\",\"@id\":\"https:\/\/impactup.com\/en\/glossaire\/cabinet-de-recrutement-responsable-marketing\/\",\"url\":\"https:\/\/impactup.com\/en\/glossaire\/cabinet-de-recrutement-responsable-marketing\/\",\"name\":\"ImpactUp, cabinet sp\u00e9cialis\u00e9 dans le recrutement de responsables marketing\",\"isPartOf\":{\"@id\":\"https:\/\/impactup.com\/en\/#website\"},\"datePublished\":\"2024-06-10T11:19:46+00:00\",\"dateModified\":\"2025-06-02T12:18:58+00:00\",\"description\":\"Confiez le recrutement de votre futur responsable marketing au cabinet ImpactUp. Notre cabinet est un sp\u00e9cialiste du recrutement de responsables marketing.\",\"breadcrumb\":{\"@id\":\"https:\/\/impactup.com\/en\/glossaire\/cabinet-de-recrutement-responsable-marketing\/#breadcrumb\"},\"inLanguage\":\"en-US\",\"potentialAction\":[{\"@type\":\"ReadAction\",\"target\":[\"https:\/\/impactup.com\/en\/glossaire\/cabinet-de-recrutement-responsable-marketing\/\"]}]},{\"@type\":\"BreadcrumbList\",\"@id\":\"https:\/\/impactup.com\/en\/glossaire\/cabinet-de-recrutement-responsable-marketing\/#breadcrumb\",\"itemListElement\":[{\"@type\":\"ListItem\",\"position\":1,\"name\":\"Accueil\",\"item\":\"https:\/\/impactup.com\/en\/\"},{\"@type\":\"ListItem\",\"position\":2,\"name\":\"Glossaire\",\"item\":\"https:\/\/impactup.com\/en\/glossaire\/\"},{\"@type\":\"ListItem\",\"position\":3,\"name\":\"Confiez votre projet de recrutement de responsable marketing au cabinet ImpactUp\"}]},{\"@type\":\"WebSite\",\"@id\":\"https:\/\/impactup.com\/en\/#website\",\"url\":\"https:\/\/impactup.com\/en\/\",\"name\":\"ImpactUp\",\"description\":\"Recrutement commerciaux, directions commerciales et fonctions marketing\",\"potentialAction\":[{\"@type\":\"SearchAction\",\"target\":{\"@type\":\"EntryPoint\",\"urlTemplate\":\"https:\/\/impactup.com\/en\/?s={search_term_string}\"},\"query-input\":{\"@type\":\"PropertyValueSpecification\",\"valueRequired\":true,\"valueName\":\"search_term_string\"}}],\"inLanguage\":\"en-US\"}]}<\/script>\n<!-- \/ Yoast SEO plugin. -->","yoast_head_json":{"title":"ImpactUp, cabinet sp\u00e9cialis\u00e9 dans le recrutement de responsables marketing","description":"Confiez le recrutement de votre futur responsable marketing au cabinet ImpactUp. Notre cabinet est un sp\u00e9cialiste du recrutement de responsables marketing.","robots":{"index":"index","follow":"follow","max-snippet":"max-snippet:-1","max-image-preview":"max-image-preview:large","max-video-preview":"max-video-preview:-1"},"canonical":"https:\/\/impactup.com\/en\/glossaire\/cabinet-de-recrutement-responsable-marketing\/","og_locale":"en_US","og_type":"article","og_title":"ImpactUp, cabinet sp\u00e9cialis\u00e9 dans le recrutement de responsables marketing","og_description":"Confiez le recrutement de votre futur responsable marketing au cabinet ImpactUp. Notre cabinet est un sp\u00e9cialiste du recrutement de responsables marketing.","og_url":"https:\/\/impactup.com\/en\/glossaire\/cabinet-de-recrutement-responsable-marketing\/","og_site_name":"ImpactUp","article_modified_time":"2025-06-02T12:18:58+00:00","og_image":[{"width":1067,"height":600,"url":"https:\/\/impactup.com\/wp-content\/uploads\/2021\/01\/og.jpg","type":"image\/jpeg"}],"twitter_card":"summary_large_image","twitter_misc":{"Est. reading time":"7 minutes"},"schema":{"@context":"https:\/\/schema.org","@graph":[{"@type":"WebPage","@id":"https:\/\/impactup.com\/en\/glossaire\/cabinet-de-recrutement-responsable-marketing\/","url":"https:\/\/impactup.com\/en\/glossaire\/cabinet-de-recrutement-responsable-marketing\/","name":"ImpactUp, cabinet sp\u00e9cialis\u00e9 dans le recrutement de responsables marketing","isPartOf":{"@id":"https:\/\/impactup.com\/en\/#website"},"datePublished":"2024-06-10T11:19:46+00:00","dateModified":"2025-06-02T12:18:58+00:00","description":"Confiez le recrutement de votre futur responsable marketing au cabinet ImpactUp. Notre cabinet est un sp\u00e9cialiste du recrutement de responsables marketing.","breadcrumb":{"@id":"https:\/\/impactup.com\/en\/glossaire\/cabinet-de-recrutement-responsable-marketing\/#breadcrumb"},"inLanguage":"en-US","potentialAction":[{"@type":"ReadAction","target":["https:\/\/impactup.com\/en\/glossaire\/cabinet-de-recrutement-responsable-marketing\/"]}]},{"@type":"BreadcrumbList","@id":"https:\/\/impactup.com\/en\/glossaire\/cabinet-de-recrutement-responsable-marketing\/#breadcrumb","itemListElement":[{"@type":"ListItem","position":1,"name":"Accueil","item":"https:\/\/impactup.com\/en\/"},{"@type":"ListItem","position":2,"name":"Glossaire","item":"https:\/\/impactup.com\/en\/glossaire\/"},{"@type":"ListItem","position":3,"name":"Confiez votre projet de recrutement de responsable marketing au cabinet ImpactUp"}]},{"@type":"WebSite","@id":"https:\/\/impactup.com\/en\/#website","url":"https:\/\/impactup.com\/en\/","name":"ImpactUp","description":"Recrutement commerciaux, directions commerciales et fonctions marketing","potentialAction":[{"@type":"SearchAction","target":{"@type":"EntryPoint","urlTemplate":"https:\/\/impactup.com\/en\/?s={search_term_string}"},"query-input":{"@type":"PropertyValueSpecification","valueRequired":true,"valueName":"search_term_string"}}],"inLanguage":"en-US"}]}},"_links":{"self":[{"href":"https:\/\/impactup.com\/en\/wp-json\/wp\/v2\/pages\/26124","targetHints":{"allow":["GET"]}}],"collection":[{"href":"https:\/\/impactup.com\/en\/wp-json\/wp\/v2\/pages"}],"about":[{"href":"https:\/\/impactup.com\/en\/wp-json\/wp\/v2\/types\/page"}],"author":[{"embeddable":true,"href":"https:\/\/impactup.com\/en\/wp-json\/wp\/v2\/users\/4"}],"replies":[{"embeddable":true,"href":"https:\/\/impactup.com\/en\/wp-json\/wp\/v2\/comments?post=26124"}],"version-history":[{"count":7,"href":"https:\/\/impactup.com\/en\/wp-json\/wp\/v2\/pages\/26124\/revisions"}],"predecessor-version":[{"id":29668,"href":"https:\/\/impactup.com\/en\/wp-json\/wp\/v2\/pages\/26124\/revisions\/29668"}],"up":[{"embeddable":true,"href":"https:\/\/impactup.com\/en\/wp-json\/wp\/v2\/pages\/17218"}],"wp:attachment":[{"href":"https:\/\/impactup.com\/en\/wp-json\/wp\/v2\/media?parent=26124"}],"curies":[{"name":"wp","href":"https:\/\/api.w.org\/{rel}","templated":true}]}}