{"id":26119,"date":"2024-06-10T13:14:48","date_gmt":"2024-06-10T11:14:48","guid":{"rendered":"https:\/\/impactup.niou.dev\/?page_id=26119"},"modified":"2024-06-12T16:30:48","modified_gmt":"2024-06-12T14:30:48","slug":"cabinet-de-recrutement-pays-de-loire","status":"publish","type":"page","link":"https:\/\/impactup.com\/en\/glossaire\/cabinet-de-recrutement-pays-de-loire\/","title":{"rendered":"ImpactUp, un cabinet de recrutement de r\u00e9f\u00e9rence dans le Pays de la Loire"},"content":{"rendered":"<div class=\"wpb-content-wrapper\"><p>[vc_row][vc_column width=&#8221;1\/3&#8243;][vc_btn title=&#8221;Voir notre offre&#8221; color=&#8221;secondarycolor&#8221; align=&#8221;center&#8221; css=&#8221;&#8221; link=&#8221;url:https%3A%2F%2Fimpactup.com%2Frecrutement%2F&#8221;][\/vc_column][vc_column width=&#8221;1\/3&#8243;][vc_btn title=&#8221;Confiez-nous votre projet&#8221; color=&#8221;secondarycolor&#8221; align=&#8221;center&#8221; css=&#8221;&#8221; link=&#8221;url:https%3A%2F%2Fimpactup.com%2Fetude-personnalisee%2F&#8221;][\/vc_column][vc_column width=&#8221;1\/3&#8243;][vc_btn title=&#8221;Contactez-nous&#8221; color=&#8221;secondarycolor&#8221; align=&#8221;center&#8221; css=&#8221;&#8221; link=&#8221;url:https%3A%2F%2Fimpactup.com%2Fcontact%2F&#8221;][\/vc_column][\/vc_row][vc_row css=&#8221;.vc_custom_1717658386032{padding-top: 40px !important;padding-bottom: 20px !important;}&#8221;][vc_column][vc_column_text css=&#8221;&#8221;]<\/p>\n<section style=\"text-align: justify;\">\n<h2><strong>ImpactUp, un cabinet de recrutement de r\u00e9f\u00e9rence dans le Pays de la Loire<\/strong><\/h2>\n<p>Le <a href=\"https:\/\/impactup.com\/glossaire\/cabinet-de-recrutement-fonction-commerciale\"><strong>cabinet de recrutement <\/strong><\/a>ImpactUp, l\u2019un des r\u00e9f\u00e9rentiels dans le <a href=\"https:\/\/impactup.com\/glossaire\/cabinet-de-recrutement-fonction-commerciale\"><strong>Pays de la Loire<\/strong><\/a>, met \u00e0 votre disposition son expertise et son savoir-faire pour trouver les bons profils aux postes commerciaux et marketing de votre entreprise. Nous sommes aussi sp\u00e9cialis\u00e9s dans le consulting et l\u2019externalisation commerciale.<\/p>\n<\/section>\n<p>[\/vc_column_text][\/vc_column][\/vc_row][vc_row][vc_column width=&#8221;1\/3&#8243;][vc_btn title=&#8221;Voir notre offre&#8221; color=&#8221;secondarycolor&#8221; align=&#8221;center&#8221; css=&#8221;&#8221; link=&#8221;url:https%3A%2F%2Fimpactup.com%2Frecrutement%2F&#8221;][\/vc_column][vc_column width=&#8221;1\/3&#8243;][vc_btn title=&#8221;Confiez-nous votre projet&#8221; color=&#8221;secondarycolor&#8221; align=&#8221;center&#8221; css=&#8221;&#8221; link=&#8221;url:https%3A%2F%2Fimpactup.com%2Fetude-personnalisee%2F&#8221;][\/vc_column][vc_column width=&#8221;1\/3&#8243;][vc_btn title=&#8221;Contactez-nous&#8221; color=&#8221;secondarycolor&#8221; align=&#8221;center&#8221; css=&#8221;&#8221; link=&#8221;url:https%3A%2F%2Fimpactup.com%2Fcontact%2F&#8221;][\/vc_column][\/vc_row][vc_row css=&#8221;.vc_custom_1717658445522{padding-top: 40px !important;}&#8221;][vc_column][vc_column_text css=&#8221;&#8221;]<\/p>\n<section style=\"text-align: justify;\">\n<h2><strong>Recruter\u00a0pour le secteur commercial\u00a0: de plus en plus difficile<\/strong><\/h2>\n<p>Les entreprises commerciales qui souhaitent recruter des professionnels confirm\u00e9s pour assurer des fonctions commerciales, marketing ou vente ont actuellement du mal \u00e0 d\u00e9nicher des personnes taill\u00e9es pour les postes \u00e0 pourvoir. La t\u00e2che s\u2019av\u00e8re d\u2019autant plus complexe lorsqu\u2019il s\u2019agit de rechercher des collaborateurs pour une future antenne dans une autre ville ou une autre r\u00e9gion.<\/p>\n<p>La difficult\u00e9 est notamment due au nombre toujours croissant de PME ou de TPE qui se sp\u00e9cialisent dans la vente de produits et de services. L\u2019\u00e9volution des m\u00e9tiers des commerciaux repr\u00e9sente \u00e9galement parfois un obstacle majeur \u00e9tant donn\u00e9 que chaque entreprise doit s\u2019adapter aux nouveaut\u00e9s.<\/p>\n<p>De nombreuses entreprises se heurtent \u00e0 des difficult\u00e9s concernant le recrutement, notamment dans les fonctions commerciales et marketing. Une p\u00e9nurie de candidats (les meilleurs profils sont rares et bien souvent en poste), un niveau de qualification trop faible, le manque d\u2019exp\u00e9rience sont souvent les raisons invoqu\u00e9es par les employeurs. Le recrutement reste pourtant une \u00e9tape cruciale pour une entreprise qui doit s\u2019appuyer sur son capital humain pour d\u00e9velopper son activit\u00e9 et son chiffre d\u2019affaires. Faire appel \u00e0 un cabinet de recrutement et de conseil sp\u00e9cialis\u00e9 tel qu\u2019<strong>ImpactUp<\/strong> permet de s\u2019assurer de trouver le bon candidat pour le bon poste. Pratique, l\u2019externalisation permet \u00e9galement de d\u00e9l\u00e9guer des t\u00e2ches administratives li\u00e9es au recrutement, et ainsi de se d\u00e9lester d\u2019un processus souvent fastidieux et pas forc\u00e9ment rentable. Nous pouvons g\u00e9rer le recrutement de talents de haut niveau et d\u2019experts m\u00e9tiers sur des p\u00f4les d\u2019expertise relatifs au marketing et au commerce\u00a0: forces de vente, business developer, responsable webmarketing, sales administrator, key account manager, etc.<\/p>\n<p>Le recours \u00e0 un <a href=\"https:\/\/impactup.com\/glossaire\/sp%C3%A9cialiste-fonctions-commerciales\"><strong>cabinet de recrutement dans les Pays de la Loire<\/strong><\/a>\u00a0est ainsi toujours pr\u00e9f\u00e9rable pour trouver des collaborateurs qui r\u00e9pondront aux besoins de vos activit\u00e9s dans cette r\u00e9gion.<\/p>\n<h2><strong>Cabinet de recrutement dans le Pays de la Loire\u00a0: comment identifier le bon interlocuteur ?<\/strong><\/h2>\n<p>Votre futur partenaire RH ne doit pas \u00eatre choisi au hasard. De son expertise et son exp\u00e9rience d\u00e9pend, en effet, la r\u00e9ussite de votre projet de recrutement. Commencez par \u00e9valuer vos besoins. Il est, en effet, primordial de d\u00e9terminer ce que vous recherchez. Si vous avez envisag\u00e9 d\u2019\u00e9tablir une campagne de recrutement massive, faites appel \u00e0 un cabinet de recrutement g\u00e9n\u00e9raliste. Par contre, si vous recherchez des cadres ou encore des candidats pour des postes p\u00e9nuriques ou tr\u00e8s sp\u00e9cifiques, une agence chasseur de t\u00eates est plus indiqu\u00e9e.<\/p>\n<p>Il est tout aussi important de se renseigner sur le <strong>cabinet de recrutement dans le Pays de la Loire<\/strong> que vous avez rep\u00e9r\u00e9. Ainsi, prenez le temps de vous entretenir avec le consultant de l\u2019agence pour \u00e9valuer son expertise. Posez-lui les questions aff\u00e9rentes au nombre d\u2019ann\u00e9es d\u2019exp\u00e9rience de son cabinet, le profil g\u00e9n\u00e9ral de ses clients, le d\u00e9lai pour trouver le bon profil, la m\u00e9thodologie de recrutement utilis\u00e9e, etc.<\/p>\n<h2><strong>Pour un recrutement en Pays de la Loire, adressez-vous \u00e0 un cabinet sp\u00e9cialis\u00e9<\/strong><\/h2>\n<p>Pour les fonctions commerce, vente et marketing, il n\u2019est donc pas toujours facile de trouver des collaborateurs dont les comp\u00e9tences et le profil r\u00e9pondent exactement aux exigences des postes-cl\u00e9s \u00e0 pourvoir sans l\u2019aide d\u2019un <strong>cabinet de recrutement<\/strong>, et ce, dans les <strong>Pays de la Loire<\/strong> comme ailleurs. En effet, compte tenu de la complexit\u00e9 des missions qui reviendront aux recrues, il est pr\u00e9f\u00e9rable de laisser \u00e0 des professionnels le soin de proc\u00e9der \u00e0 leur s\u00e9lection et \u00e0 leur embauche pour le compte de votre entreprise.<\/p>\n<p>Le recours \u00e0 une agence sp\u00e9cialis\u00e9e vous d\u00e9chargera par ailleurs les multiples t\u00e2ches aussi chronophages que fastidieuses relatives \u00e0 une campagne et un processus de recrutement, et vous laissera la possibilit\u00e9 de vous atteler \u00e0 des travaux plus productifs. Toutefois, il est utile de pr\u00e9ciser ici qu\u2019elle vous laissera toujours le dernier mot en ce qui concerne les candidats qu\u2019elle vous proposera, mais vous pouvez avoir l\u2019assurance qu\u2019avec son expertise, elle vous trouvera les personnes taill\u00e9es pour les postes.<\/p>\n<h2><strong>Un cabinet de recrutement partenaire des entreprises <\/strong><\/h2>\n<p>Notre <a href=\"https:\/\/impactup.com\/glossaire\/recrutement-commercial\"><strong>cabinet de recrutement des Pays de la Loire<\/strong><\/a> est compos\u00e9 de consultants experts dans leur domaine de sp\u00e9cialit\u00e9 qui sont en mesure de mettre en place la strat\u00e9gie la mieux adapt\u00e9e aux campagnes de recrutement des entreprises \u00e9voluant dans divers secteurs.<\/p>\n<p>Quel que soit votre secteur d\u2019activit\u00e9, l\u2019\u00e9quipe du cabinet ImpactUP justifie d\u2019une expertise confirm\u00e9e dans l\u2019identification et le recrutement de talents de haut niveau et d\u2019experts m\u00e9tiers sur des p\u00f4les d\u2019expertise relatifs au marketing et au commerce : business developer, responsable de promotion des ventes, d\u00e9l\u00e9gu\u00e9 commercial, charg\u00e9(e) de marketing direct, ing\u00e9nieur commercial, marchandiseur(euse), responsable webmarketing, et \u00e0 toutes les fonctions-cl\u00e9s de l\u2019entreprise : directeur(trice) commercial(e)sales administrator, key account manager, digital marketing manager, directeur(trice) de magasin\u2026<\/p>\n<p>Pour garantir les r\u00e9sultats des campagnes de recrutement de nos clients, nous avons con\u00e7u une solution flexible qui peut s\u2019adapter facilement aux contraintes et aux exigences les plus particuli\u00e8res de votre entreprise. En effet, vous pouvez nous confier la totalit\u00e9 ou seulement une partie du processus de recrutement de vos futurs collaborateurs commerciaux. Dans les deux cas, la recherche et la s\u00e9lection des candidats potentiels sont effectu\u00e9es suivant une m\u00e9thodologie pr\u00e9cise afin de garantir un r\u00e9sultat optimal.<\/p>\n<p>Ainsi, notre <strong>cabinet de recrutement des Pays de la Loire<\/strong> prend soin de respecter toutes les \u00e9tapes cl\u00e9s de la proc\u00e9dure d\u2019embauche : analyse de votre besoin, description du poste et r\u00e9daction de l\u2019offre d\u2019emploi, diffusion d\u2019annonces et prises de contact direct, pr\u00e9s\u00e9lection, s\u00e9lection, pr\u00e9sentation des candidats retenus et recommandations, et suivi du candidat jusqu\u2019\u00e0 l\u2019embauche d\u00e9finitive.<\/p>\n<h2><strong>Des recrutements \u00e0 tous les niveaux<\/strong><\/h2>\n<p>Sp\u00e9cialiste des fonctions commerciales, notre <strong>cabinet de recrutement aux Pays de la Loire<\/strong> peut traiter divers types de missions. Vous pouvez en effet nous confier l\u2019embauche de vos managers : directeur commercial, directeur de magasin, directeur r\u00e9gional, chef d\u2019agence, chef de vente, etc. ainsi que la recherche et le recrutement de vos conseillers client\u00e8le et vos commerciaux de terrain (attach\u00e9s commerciaux, technico-commerciaux, vendeurs B to C\u2026). Nous pouvons aussi nous occuper du recrutement de vos responsables marketing.<\/p>\n<p><strong>ImpactUP<\/strong> propose des solutions adapt\u00e9es pour trouver le candidat id\u00e9al, conform\u00e9ment \u00e0 la requ\u00eate de l\u2019employeur :<\/p>\n<ul>\n<li>Un outil en ligne SaaS d\u2019\u00e9valuation qui permet de valider les comp\u00e9tences dans une langue \u00e9trang\u00e8re propos\u00e9 en partenariat avec Pipplet ;<\/li>\n<li>Une plateforme d\u2019\u00e9valuation qui repose sur 4 familles d\u2019outils : TalentRelation\u00ae, TalentBusiness\u00ae, TalentAttitude\u00ae et TalentInitial\u00ae.<\/li>\n<\/ul>\n<p>En outre, le conseil et le d\u00e9veloppement commercial entrent \u00e9galement dans la gamme de prestations que nous fournissons. Notre mission consiste dans ce cas \u00e0 r\u00e9aliser des business plans, \u00e0 nous occuper de l\u2019organisation commerciale, \u00e0 motiver vos \u00e9quipes commerciales ou encore \u00e0 rechercher pour votre compte des partenaires ou des distributeurs. L\u2019accompagnement des candidats dans l\u2019atteinte de leurs objectifs professionnels fait aussi partie des domaines de comp\u00e9tences d\u2019ImpactUP. Nous sommes le partenaire de confiance de nombreuses entreprises en France et \u00e0 l\u2019\u00e9tranger, convaincues par notre professionnalisme.<\/p>\n<p>En bref, le recours \u00e0 un cabinet de recrutement vous permettra d\u2019\u00e9conomiser du temps et de l\u2019argent, focalisez-vous sur votre c\u0153ur d\u2019activit\u00e9.<\/p>\n<h2><strong>Histoire d\u2019ImpactUp<\/strong><\/h2>\n<p>Avec, aujourd\u2019hui, des bureaux \u00e0 Paris, Lille, Lyon, La Rochelle et Nantes dans les <strong>Pays de la Loire<\/strong>, le <strong>cabinet de recrutement<\/strong> ImpactUp a initialement d\u00e9marr\u00e9 son activit\u00e9 \u00e0 Paris en 2005.<\/p>\n<p>C\u2019est Pascal Larue qui, apr\u00e8s avoir exerc\u00e9 dans diff\u00e9rents secteurs d\u2019activit\u00e9 en tant que Directeur Marketing et Directeur commercial, a voulu partager son exp\u00e9rience et l\u2019expertise acquise au cours de ces ann\u00e9es pour aider les entreprises \u00e0 trouver les bons profils et en proposant l\u2019externalisation commerciale.<\/p>\n<p>Fort d\u2019une riche exp\u00e9rience, Pascal Larue arrive, d\u00e8s la premi\u00e8re ann\u00e9e d\u2019<a href=\"https:\/\/impactup.com\"><strong>ImpactUp<\/strong><\/a>, \u00e0 faire passer \u00a0son cabinet dans l\u2019enqu\u00eate Les Echos\/Statista parmi les \u00ab\u00a0Meilleurs cabinets de recrutement\u00a0\u00bb.<\/p>\n<p>Deux ans apr\u00e8s, en 2007 donc, il d\u00e9pose la marque <strong>ImpactUp<\/strong> et prend le parti de consacrer l\u2019activit\u00e9 du cabinet \u00e0 deux activit\u00e9s, le recrutement dans les fonctions commerciales et marketing et le consulting commercial.<\/p>\n<p>Son ancien collaborateur Emmanuel Laquerri\u00e8re le rejoint rapidement, et tous deux avaient d\u00e9but\u00e9 leur carri\u00e8re professionnelle en tant que managers commerciaux.<\/p>\n<p>Bien qu\u2019ayant depuis suivi leur propre carri\u00e8re, ils ne s\u2019\u00e9taient jamais perdus de vue et savaient qu\u2019un jour ou l\u2019autre, ils finiraient par travailler de nouveau ensemble.<\/p>\n<p>C\u2019\u00e9tait donc chose faite et, les r\u00e9sultats \u00e9tant au rendez-vous gr\u00e2ce \u00e0 leur entente et leur compl\u00e9mentarit\u00e9, ils finissent par s\u2019associer en 2014.<\/p>\n<p>Experts en recrutement, ils ont su s\u2019entourer de consultants talentueux et les f\u00e9d\u00e9rer, et le r\u00e9sultat <strong>ImpactUp<\/strong> a \u00e9t\u00e9 class\u00e9, en 2021, au Palmar\u00e8s dans la cat\u00e9gorie Managers et sp\u00e9cialistes pour la quatri\u00e8me ann\u00e9e cons\u00e9cutive.<\/p>\n<\/section>\n<p>[\/vc_column_text][\/vc_column][\/vc_row]<\/p>\n<\/div>","protected":false},"excerpt":{"rendered":"<p>[vc_row][vc_column width=&#8221;1\/3&#8243;][vc_btn title=&#8221;Voir notre offre&#8221; color=&#8221;secondarycolor&#8221; align=&#8221;center&#8221; css=&#8221;&#8221; link=&#8221;url:https%3A%2F%2Fimpactup.com%2Frecrutement%2F&#8221;][\/vc_column][vc_column width=&#8221;1\/3&#8243;][vc_btn title=&#8221;Confiez-nous votre projet&#8221; color=&#8221;secondarycolor&#8221; align=&#8221;center&#8221; css=&#8221;&#8221; link=&#8221;url:https%3A%2F%2Fimpactup.com%2Fetude-personnalisee%2F&#8221;][\/vc_column][vc_column width=&#8221;1\/3&#8243;][vc_btn title=&#8221;Contactez-nous&#8221; color=&#8221;secondarycolor&#8221; align=&#8221;center&#8221; css=&#8221;&#8221; link=&#8221;url:https%3A%2F%2Fimpactup.com%2Fcontact%2F&#8221;][\/vc_column][\/vc_row][vc_row css=&#8221;.vc_custom_1717658386032{padding-top: 40px !important;padding-bottom: 20px !important;}&#8221;][vc_column][vc_column_text css=&#8221;&#8221;] ImpactUp, un cabinet de recrutement de r\u00e9f\u00e9rence dans le Pays de la Loire Le cabinet de recrutement ImpactUp, l\u2019un des r\u00e9f\u00e9rentiels dans le Pays de la [&hellip;]<\/p>\n","protected":false},"author":4,"featured_media":0,"parent":17218,"menu_order":0,"comment_status":"closed","ping_status":"closed","template":"","meta":{"_monsterinsights_skip_tracking":false,"_monsterinsights_sitenote_active":false,"_monsterinsights_sitenote_note":"","_monsterinsights_sitenote_category":0,"footnotes":""},"class_list":["post-26119","page","type-page","status-publish","hentry"],"yoast_head":"<!-- This site is optimized with the Yoast SEO plugin v27.0 - https:\/\/yoast.com\/product\/yoast-seo-wordpress\/ -->\n<title>Cabinet de recrutement pays de Loire - ImpactUp, un cabinet de recrutement de r\u00e9f\u00e9rence dans le Pays de la Loire<\/title>\n<meta name=\"description\" content=\"ImpactUp fait partie des meilleurs cabinets de recrutement du Pays de la Loire. Un cabinet de recrutement dans le Pays de la Loire peut vous aider \u00e0 trouver les meilleurs collaborateurs.\" \/>\n<meta name=\"robots\" content=\"index, follow, max-snippet:-1, max-image-preview:large, max-video-preview:-1\" \/>\n<link rel=\"canonical\" href=\"https:\/\/impactup.com\/en\/glossaire\/cabinet-de-recrutement-pays-de-loire\/\" \/>\n<meta property=\"og:locale\" content=\"en_US\" \/>\n<meta property=\"og:type\" content=\"article\" \/>\n<meta property=\"og:title\" content=\"Cabinet de recrutement pays de Loire - ImpactUp, un cabinet de recrutement de r\u00e9f\u00e9rence dans le Pays de la Loire\" \/>\n<meta property=\"og:description\" content=\"ImpactUp fait partie des meilleurs cabinets de recrutement du Pays de la Loire. Un cabinet de recrutement dans le Pays de la Loire peut vous aider \u00e0 trouver les meilleurs collaborateurs.\" \/>\n<meta property=\"og:url\" content=\"https:\/\/impactup.com\/en\/glossaire\/cabinet-de-recrutement-pays-de-loire\/\" \/>\n<meta property=\"og:site_name\" content=\"ImpactUp\" \/>\n<meta property=\"article:modified_time\" content=\"2024-06-12T14:30:48+00:00\" \/>\n<meta property=\"og:image\" content=\"https:\/\/impactup.com\/wp-content\/uploads\/2021\/01\/og.jpg\" \/>\n\t<meta property=\"og:image:width\" content=\"1067\" \/>\n\t<meta property=\"og:image:height\" content=\"600\" \/>\n\t<meta property=\"og:image:type\" content=\"image\/jpeg\" \/>\n<meta name=\"twitter:card\" content=\"summary_large_image\" \/>\n<meta name=\"twitter:label1\" content=\"Est. reading time\" \/>\n\t<meta name=\"twitter:data1\" content=\"8 minutes\" \/>\n<script type=\"application\/ld+json\" class=\"yoast-schema-graph\">{\"@context\":\"https:\/\/schema.org\",\"@graph\":[{\"@type\":\"WebPage\",\"@id\":\"https:\/\/impactup.com\/en\/glossaire\/cabinet-de-recrutement-pays-de-loire\/\",\"url\":\"https:\/\/impactup.com\/en\/glossaire\/cabinet-de-recrutement-pays-de-loire\/\",\"name\":\"Cabinet de recrutement pays de Loire - ImpactUp, un cabinet de recrutement de r\u00e9f\u00e9rence dans le Pays de la Loire\",\"isPartOf\":{\"@id\":\"https:\/\/impactup.com\/en\/#website\"},\"datePublished\":\"2024-06-10T11:14:48+00:00\",\"dateModified\":\"2024-06-12T14:30:48+00:00\",\"description\":\"ImpactUp fait partie des meilleurs cabinets de recrutement du Pays de la Loire. Un cabinet de recrutement dans le Pays de la Loire peut vous aider \u00e0 trouver les meilleurs collaborateurs.\",\"breadcrumb\":{\"@id\":\"https:\/\/impactup.com\/en\/glossaire\/cabinet-de-recrutement-pays-de-loire\/#breadcrumb\"},\"inLanguage\":\"en-US\",\"potentialAction\":[{\"@type\":\"ReadAction\",\"target\":[\"https:\/\/impactup.com\/en\/glossaire\/cabinet-de-recrutement-pays-de-loire\/\"]}]},{\"@type\":\"BreadcrumbList\",\"@id\":\"https:\/\/impactup.com\/en\/glossaire\/cabinet-de-recrutement-pays-de-loire\/#breadcrumb\",\"itemListElement\":[{\"@type\":\"ListItem\",\"position\":1,\"name\":\"Accueil\",\"item\":\"https:\/\/impactup.com\/en\/\"},{\"@type\":\"ListItem\",\"position\":2,\"name\":\"Glossaire\",\"item\":\"https:\/\/impactup.com\/en\/glossaire\/\"},{\"@type\":\"ListItem\",\"position\":3,\"name\":\"ImpactUp, un cabinet de recrutement de r\u00e9f\u00e9rence dans le Pays de la Loire\"}]},{\"@type\":\"WebSite\",\"@id\":\"https:\/\/impactup.com\/en\/#website\",\"url\":\"https:\/\/impactup.com\/en\/\",\"name\":\"ImpactUp\",\"description\":\"Recrutement commerciaux, directions commerciales et fonctions marketing\",\"potentialAction\":[{\"@type\":\"SearchAction\",\"target\":{\"@type\":\"EntryPoint\",\"urlTemplate\":\"https:\/\/impactup.com\/en\/?s={search_term_string}\"},\"query-input\":{\"@type\":\"PropertyValueSpecification\",\"valueRequired\":true,\"valueName\":\"search_term_string\"}}],\"inLanguage\":\"en-US\"}]}<\/script>\n<!-- \/ Yoast SEO plugin. -->","yoast_head_json":{"title":"Cabinet de recrutement pays de Loire - ImpactUp, un cabinet de recrutement de r\u00e9f\u00e9rence dans le Pays de la Loire","description":"ImpactUp fait partie des meilleurs cabinets de recrutement du Pays de la Loire. Un cabinet de recrutement dans le Pays de la Loire peut vous aider \u00e0 trouver les meilleurs collaborateurs.","robots":{"index":"index","follow":"follow","max-snippet":"max-snippet:-1","max-image-preview":"max-image-preview:large","max-video-preview":"max-video-preview:-1"},"canonical":"https:\/\/impactup.com\/en\/glossaire\/cabinet-de-recrutement-pays-de-loire\/","og_locale":"en_US","og_type":"article","og_title":"Cabinet de recrutement pays de Loire - ImpactUp, un cabinet de recrutement de r\u00e9f\u00e9rence dans le Pays de la Loire","og_description":"ImpactUp fait partie des meilleurs cabinets de recrutement du Pays de la Loire. Un cabinet de recrutement dans le Pays de la Loire peut vous aider \u00e0 trouver les meilleurs collaborateurs.","og_url":"https:\/\/impactup.com\/en\/glossaire\/cabinet-de-recrutement-pays-de-loire\/","og_site_name":"ImpactUp","article_modified_time":"2024-06-12T14:30:48+00:00","og_image":[{"width":1067,"height":600,"url":"https:\/\/impactup.com\/wp-content\/uploads\/2021\/01\/og.jpg","type":"image\/jpeg"}],"twitter_card":"summary_large_image","twitter_misc":{"Est. reading time":"8 minutes"},"schema":{"@context":"https:\/\/schema.org","@graph":[{"@type":"WebPage","@id":"https:\/\/impactup.com\/en\/glossaire\/cabinet-de-recrutement-pays-de-loire\/","url":"https:\/\/impactup.com\/en\/glossaire\/cabinet-de-recrutement-pays-de-loire\/","name":"Cabinet de recrutement pays de Loire - ImpactUp, un cabinet de recrutement de r\u00e9f\u00e9rence dans le Pays de la Loire","isPartOf":{"@id":"https:\/\/impactup.com\/en\/#website"},"datePublished":"2024-06-10T11:14:48+00:00","dateModified":"2024-06-12T14:30:48+00:00","description":"ImpactUp fait partie des meilleurs cabinets de recrutement du Pays de la Loire. Un cabinet de recrutement dans le Pays de la Loire peut vous aider \u00e0 trouver les meilleurs collaborateurs.","breadcrumb":{"@id":"https:\/\/impactup.com\/en\/glossaire\/cabinet-de-recrutement-pays-de-loire\/#breadcrumb"},"inLanguage":"en-US","potentialAction":[{"@type":"ReadAction","target":["https:\/\/impactup.com\/en\/glossaire\/cabinet-de-recrutement-pays-de-loire\/"]}]},{"@type":"BreadcrumbList","@id":"https:\/\/impactup.com\/en\/glossaire\/cabinet-de-recrutement-pays-de-loire\/#breadcrumb","itemListElement":[{"@type":"ListItem","position":1,"name":"Accueil","item":"https:\/\/impactup.com\/en\/"},{"@type":"ListItem","position":2,"name":"Glossaire","item":"https:\/\/impactup.com\/en\/glossaire\/"},{"@type":"ListItem","position":3,"name":"ImpactUp, un cabinet de recrutement de r\u00e9f\u00e9rence dans le Pays de la Loire"}]},{"@type":"WebSite","@id":"https:\/\/impactup.com\/en\/#website","url":"https:\/\/impactup.com\/en\/","name":"ImpactUp","description":"Recrutement commerciaux, directions commerciales et fonctions marketing","potentialAction":[{"@type":"SearchAction","target":{"@type":"EntryPoint","urlTemplate":"https:\/\/impactup.com\/en\/?s={search_term_string}"},"query-input":{"@type":"PropertyValueSpecification","valueRequired":true,"valueName":"search_term_string"}}],"inLanguage":"en-US"}]}},"_links":{"self":[{"href":"https:\/\/impactup.com\/en\/wp-json\/wp\/v2\/pages\/26119","targetHints":{"allow":["GET"]}}],"collection":[{"href":"https:\/\/impactup.com\/en\/wp-json\/wp\/v2\/pages"}],"about":[{"href":"https:\/\/impactup.com\/en\/wp-json\/wp\/v2\/types\/page"}],"author":[{"embeddable":true,"href":"https:\/\/impactup.com\/en\/wp-json\/wp\/v2\/users\/4"}],"replies":[{"embeddable":true,"href":"https:\/\/impactup.com\/en\/wp-json\/wp\/v2\/comments?post=26119"}],"version-history":[{"count":5,"href":"https:\/\/impactup.com\/en\/wp-json\/wp\/v2\/pages\/26119\/revisions"}],"predecessor-version":[{"id":26548,"href":"https:\/\/impactup.com\/en\/wp-json\/wp\/v2\/pages\/26119\/revisions\/26548"}],"up":[{"embeddable":true,"href":"https:\/\/impactup.com\/en\/wp-json\/wp\/v2\/pages\/17218"}],"wp:attachment":[{"href":"https:\/\/impactup.com\/en\/wp-json\/wp\/v2\/media?parent=26119"}],"curies":[{"name":"wp","href":"https:\/\/api.w.org\/{rel}","templated":true}]}}