{"id":26112,"date":"2024-06-10T13:06:05","date_gmt":"2024-06-10T11:06:05","guid":{"rendered":"https:\/\/impactup.niou.dev\/?page_id=26112"},"modified":"2024-06-12T16:30:19","modified_gmt":"2024-06-12T14:30:19","slug":"cabinet-de-recrutement-par-approche-directe","status":"publish","type":"page","link":"https:\/\/impactup.com\/en\/glossaire\/cabinet-de-recrutement-par-approche-directe\/","title":{"rendered":"Cabinet de recrutement par approche directe ou cabinet de chasseurs de t\u00eates"},"content":{"rendered":"<div class=\"wpb-content-wrapper\"><p>[vc_row][vc_column width=&#8221;1\/3&#8243;][vc_btn title=&#8221;Voir notre offre&#8221; color=&#8221;secondarycolor&#8221; align=&#8221;center&#8221; css=&#8221;&#8221; link=&#8221;url:https%3A%2F%2Fimpactup.com%2Frecrutement%2F&#8221;][\/vc_column][vc_column width=&#8221;1\/3&#8243;][vc_btn title=&#8221;Confiez-nous votre projet&#8221; color=&#8221;secondarycolor&#8221; align=&#8221;center&#8221; css=&#8221;&#8221; link=&#8221;url:https%3A%2F%2Fimpactup.com%2Fetude-personnalisee%2F&#8221;][\/vc_column][vc_column width=&#8221;1\/3&#8243;][vc_btn title=&#8221;Contactez-nous&#8221; color=&#8221;secondarycolor&#8221; align=&#8221;center&#8221; css=&#8221;&#8221; link=&#8221;url:https%3A%2F%2Fimpactup.com%2Fcontact%2F&#8221;][\/vc_column][\/vc_row][vc_row css=&#8221;.vc_custom_1717658386032{padding-top: 40px !important;padding-bottom: 20px !important;}&#8221;][vc_column][vc_column_text css=&#8221;&#8221;]<\/p>\n<section style=\"text-align: justify;\">\n<h2><strong>Cabinet de recrutement par approche directe\u00a0ou cabinet de chasseurs de t\u00eates<\/strong><\/h2>\n<p>L\u2019<a href=\"https:\/\/impactup.com\/glossaire\/cabinet-de-recrutement-fonction-commerciale\"><strong>approche directe est utilis\u00e9e par les cabinets de recrutement<\/strong><\/a> pour des postes particuliers, lorsque l\u2019offre de candidats sur le march\u00e9 est trop faible et\/ou pas assez satisfaisante. C\u2019est une technique qui demande du tact, une certaine approche psychologique et une bonne ma\u00eetrise de la l\u00e9gislation et l\u2019\u00e9thique afin de ne pas se mettre en d\u00e9faut.<\/p>\n<p><strong>ImpactUp<\/strong> est un de ces cabinets de recrutement qui ma\u00eetrise l\u2019approche directe et poss\u00e8de le r\u00e9seau et la connaissance du march\u00e9 pour appliquer cette technique avec efficacit\u00e9 et sans risques.<\/p>\n<\/section>\n<p>[\/vc_column_text][\/vc_column][\/vc_row][vc_row][vc_column width=&#8221;1\/3&#8243;][vc_btn title=&#8221;Voir notre offre&#8221; color=&#8221;secondarycolor&#8221; align=&#8221;center&#8221; css=&#8221;&#8221; link=&#8221;url:https%3A%2F%2Fimpactup.com%2Frecrutement%2F&#8221;][\/vc_column][vc_column width=&#8221;1\/3&#8243;][vc_btn title=&#8221;Confiez-nous votre projet&#8221; color=&#8221;secondarycolor&#8221; align=&#8221;center&#8221; css=&#8221;&#8221; link=&#8221;url:https%3A%2F%2Fimpactup.com%2Fetude-personnalisee%2F&#8221;][\/vc_column][vc_column width=&#8221;1\/3&#8243;][vc_btn title=&#8221;Contactez-nous&#8221; color=&#8221;secondarycolor&#8221; align=&#8221;center&#8221; css=&#8221;&#8221; link=&#8221;url:https%3A%2F%2Fimpactup.com%2Fcontact%2F&#8221;][\/vc_column][\/vc_row][vc_row css=&#8221;.vc_custom_1717658445522{padding-top: 40px !important;}&#8221;][vc_column][vc_column_text css=&#8221;&#8221;]<\/p>\n<section style=\"text-align: justify;\">\n<h2><strong>Le recrutement de cadres de haut niveau, une op\u00e9ration complexe<\/strong><\/h2>\n<p>Il n\u2019est pas facile de trouver des cadres de haut niveau sp\u00e9cialis\u00e9s dans les secteurs du commerce, de la vente et du marketing dont les comp\u00e9tences et le profil r\u00e9pondent exactement aux besoins des postes \u00e0 pourvoir.<\/p>\n<p>En effet, les m\u00e9tiers dans ces diff\u00e9rents domaines sont en \u00e9volution constante, tant sur le plan technique que technologique de sorte que les exigences des postes changent \u00e9galement au fil des ann\u00e9es, tout comme les responsabilit\u00e9s qui y correspondent. Pour une entreprise nouvellement cr\u00e9\u00e9e ou un poste nouvellement mis en place dans l\u2019entreprise, trouver des collaborateurs efficaces dans ce contexte s\u2019av\u00e8re parfois \u00eatre un vrai parcours du combattant. L\u2019op\u00e9ration est d\u2019autant plus complexe si vous ne disposez par de personnes qui poss\u00e8dent les comp\u00e9tences requises pour proc\u00e9der au recrutement. Il convient alors de faire appel \u00e0 un <a href=\"https:\/\/impactup.com\/glossaire\/cabinet-sp%C3%A9cialis%C3%A9-recrutement-commerciaux\"><strong>cabinet de recrutement par approche directe<\/strong><\/a> ou une agence de recrutement classique.<\/p>\n<p>Le cabinet <strong>ImpactUP<\/strong> est la r\u00e9f\u00e9rence pour les entreprises pour le recrutement de profils de haut niveau et experts m\u00e9tiers \u00e9voluant dans les secteurs commerciaux et marketing : responsable de promotion des ventes, d\u00e9l\u00e9gu\u00e9 commercial, ing\u00e9nieur commercial, category manager, business developer, responsable webmarketing, charg\u00e9(e) de marketing direct, et \u00e0 toutes les fonctions strat\u00e9giques de l\u2019organisation : directeur(trice) de la relation client, digital marketing manager, sales administrator, directeur(trice) de magasin, key account manager, etc.<\/p>\n<p>Nos consultants eux-m\u00eames, en plus de leurs comp\u00e9tences pointues en mati\u00e8re de RH et de recrutement, sont tous des sp\u00e9cialistes de la vente et du marketing. Ils sont au fait des exigences du march\u00e9 dans diff\u00e9rents secteurs, et connaissent parfaitement les enjeux actuels de l\u2019embauche. De plus, nous disposons d\u2019un large r\u00e9seau de partenaires sur lequel nous appuyer dans la recherche du profil adapt\u00e9.<\/p>\n<h2><strong>Externaliser le recrutement\u00a0: une solution qui ne manque pas d\u2019int\u00e9r\u00eats<\/strong><\/h2>\n<p>Le recours \u00e0 une agence de recrutement se pr\u00e9sente en effet comme la solution la plus indiqu\u00e9e pour la recherche et l\u2019embauche de collaborateurs destin\u00e9s \u00e0 occuper des postes \u00e0 grande responsabilit\u00e9. C\u2019est \u00e9galement la meilleure option si les postes \u00e0 pourvoir n\u00e9cessitent des profils atypiques et des comp\u00e9tences peu communes. Dans ces cas d\u2019ailleurs, un <strong>cabinet de recrutement<\/strong> qui proc\u00e8de <strong>par approche directe<\/strong>, \u00e9galement appel\u00e9 chasseur de t\u00eates, est pr\u00e9f\u00e9rable.<\/p>\n<p>Externaliser le recrutement vous \u00e9vitera le stress relatif \u00e0 cette op\u00e9ration d\u00e9licate et ne vous obligera pas \u00e0 mobiliser plusieurs personnes occupant des fonctions importantes (cadres et dirigeants notamment) pour vous aider \u00e0 choisir les bonnes personnes. Cette pr\u00e9caution vous fera \u00e9conomiser du temps et vous permettra de vous concentrer sur les t\u00e2ches plus productives.<\/p>\n<p>ImpactUP d\u00e9ploie des solutions v\u00e9ritablement personnalis\u00e9es pour d\u00e9nicher le profil id\u00e9al, conform\u00e9ment \u00e0 la requ\u00eate de l\u2019entreprise :<\/p>\n<ul>\n<li>un outil en ligne SaaS d\u2019\u00e9valuation qui donne l\u2019occasion d\u2019estimer la maitrise d\u2019une langue \u00e9trang\u00e8re propos\u00e9 en collaboration avec Pipplet ;<\/li>\n<li>une plateforme d\u2019\u00e9valuation qui comporte 4 familles d\u2019outils : TalentBusiness\u00ae, TalentInitial\u00ae, TalentRelation\u00ae et TalentAttitude\u00ae.<\/li>\n<\/ul>\n<p>Ces outils permettent d\u2019\u00e9valuer les comp\u00e9tences professionnelles du candidat en mati\u00e8re de vente\u00a0: prospection, fid\u00e9lisation, n\u00e9gociation, etc. Gr\u00e2ce \u00e0\u00a0 ces dispositifs reposant sur des bases scientifiques, nous sommes \u00e9galement \u00e0 m\u00eame de jauger la personnalit\u00e9 de chaque candidat, de d\u00e9terminer ses valeurs et sa motivation afin de savoir s\u2019il peut durablement s\u2019\u00e9panouir dans le poste \u00e0 pourvoir. Enfin, nous int\u00e9grons aussi un test de culture g\u00e9n\u00e9rale et une \u00e9valuation du niveau de fran\u00e7ais \u00e9crit, car ces \u00e9l\u00e9ments repr\u00e9sentent des aspects essentiels sur la capacit\u00e9 de votre futur collaborateur \u00e0 communiquer et \u00e0 s\u2019adapter \u00e0 son poste.<\/p>\n<h2><strong>Le recrutement par approche directe, un proc\u00e9d\u00e9 peu commun<\/strong><\/h2>\n<p>Le <a href=\"https:\/\/impactup.com\/glossaire\/recrutement-commerciaux\"><strong>cabinet de recrutement par approche directe<\/strong> <\/a>est \u00e9galement connu sous l\u2019appellation de \u00ab\u00a0cabinet chasseur de t\u00eates\u00a0\u00bb. Sa mission consiste \u00e0 trouver \u00e0 tout prix un candidat qui soit en mesure de r\u00e9pondre aux exigences d\u2019un poste donn\u00e9 quand les m\u00e9thodes de recrutement traditionnelles n\u2019ont pas donn\u00e9 de r\u00e9sultats satisfaisants. Il s\u2019agit alors d\u2019aller chercher la perle rare ailleurs que dans un coquillage. En effet, l\u2019approche directe consiste \u00e0 amener un candidat qui a postul\u00e9 pour un poste pr\u00e9cis \u00e0 se r\u00e9orienter vers un autre auquel il n\u2019avait pas n\u00e9cessairement pens\u00e9. Bien entendu, le profil de cette personne doit d\u2019abord donner \u00e0 penser qu\u2019il sera parfaitement capable d\u2019assurer le poste.<\/p>\n<h2><strong>L\u2019approche directe, une m\u00e9thode l\u00e9gale et conforme \u00e0 l\u2019\u00e9thique<\/strong><\/h2>\n<p>Les d\u00e9marches accomplies dans le cadre d\u2019une approche directe peuvent s\u2019apparenter \u00e0 de la manipulation pour certaines personnes. Or, il n\u2019en est rien. Les consultants du cabinet se chargeront tout simplement de convaincre le candidat s\u00e9lectionn\u00e9 d\u2019une part du fait que ses comp\u00e9tences professionnelles et son potentiel personnel correspondent \u00e0 ce que l\u2019on attend du titulaire du poste, et d\u2019autre part, ils lui pr\u00e9senteront les avantages qu\u2019il peut tirer de cette exp\u00e9rience. Les postulants qui font l\u2019objet d\u2019une approche directe ont le plus souvent tout \u00e0 gagner dans l\u2019op\u00e9ration \u00e9tant donn\u00e9 que le travail qu\u2019on lui propose lui ouvrira de nouvelles perspectives.<\/p>\n<h2><strong>ImpactUP, l\u2019approche directe efficace<\/strong><\/h2>\n<p>ImpactUP est un <a href=\"https:\/\/impactup.com\"><strong>cabinet de recrutement<\/strong><\/a> <a href=\"https:\/\/impactup.com\"><strong>qui recourt parfois \u00e0 l\u2019<\/strong><\/a><a href=\"https:\/\/impactup.com\"><strong>approche directe<\/strong><\/a> pour trouver des candidats de valeur lorsque le temps manque et que le poste propos\u00e9 pose probl\u00e8me, soit parce qu\u2019il n\u2019attire pas forc\u00e9ment grand monde, soit parce que le secteur est satur\u00e9 et qu\u2019il ne reste pas beaucoup de personnes qui peuvent l\u2019assumer. Nous tenons toutefois \u00e0 pr\u00e9ciser que les m\u00e9thodes que nous utilisons r\u00e9pondent \u00e0 des crit\u00e8res stricts de la d\u00e9ontologie.<\/p>\n<p>Nous prenons en compte non seulement les comp\u00e9tences professionnelles et personnelles des candidats que nous proposons, mais \u00e9galement les sp\u00e9cificit\u00e9s du poste \u00e0 pourvoir. Nous proposons m\u00eame aux deux parties de se rencontrer pour voir si elles peuvent trouver le bon compromis. Ce faisant, nous avons l\u2019assurance de ne gruger ni les candidats ni les entreprises qui recourent \u00e0 nos services.<\/p>\n<p>Le recours \u00e0 un cabinet pour g\u00e9rer vos embauches vous fera \u00e9conomiser du temps et de l\u2019argent, notamment si vous envisagez de constituer une \u00e9quipe performante. ImpactUP apporte des conseils aux candidats pour leur bien-\u00eatre au travail \u00e0 un poste \u00e0 la hauteur de leurs attentes. Parmi nos clients se trouvent des entreprises de grande envergure, convaincues par notre professionnalisme.<\/p>\n<h2><strong>Cabinet de recrutement par approche directe et indirecte sp\u00e9cialis\u00e9 dans le marketing et la vente<\/strong><\/h2>\n<p>Sp\u00e9cialis\u00e9s dans le recrutement en marketing et dans la vente, nous pouvons pourvoir \u00e0 tous les postes de ces deux fonctions que ce soit pour des postes de managers dans le commercial (Directeurs commerciaux, r\u00e9gionaux, de magasin, de concession, Responsables d\u2019agence, des ventes, du d\u00e9veloppement commercial, de centres de profits\u2026), des postes\u00a0 commerciaux s\u00e9dentaires et de terrain, des postes de responsable marketing op\u00e9rationnel, de Directeur conseil en agence, de Directeur de client\u00e8le en agence, de charg\u00e9 d\u2019affaires, de chef de projet\u2026<\/p>\n<p>Le cabinet de recrutement \u00a0peut op\u00e9rer par approche directe pour les postes n\u00e9cessitant une haute qualification et des comp\u00e9tences difficiles \u00e0 trouver, mais nous pouvons, bien s\u00fbr, proc\u00e9der par approche indirecte pour les profils qui sont disponibles sur le march\u00e9 du travail.<\/p>\n<p>Nous proc\u00e9dons alors avec une m\u00e9thodologie plus classique incluant la r\u00e9daction de description de poste et d\u2019offre d\u2019emploi, la diffusion sur des canaux pertinents dont le n\u00f4tre pour vous faire b\u00e9n\u00e9ficier de notre notori\u00e9t\u00e9, une pr\u00e9s\u00e9lection par analyse des candidatures et entretien par t\u00e9l\u00e9phone et une deuxi\u00e8me s\u00e9lection avec entretiens physiques et tests et suivi du candidat s\u00e9lectionn\u00e9 pour son int\u00e9gration jusqu\u2019\u00e0 l\u2019embauche d\u00e9finitive.<\/p>\n<\/section>\n<p>[\/vc_column_text][\/vc_column][\/vc_row]<\/p>\n<\/div>","protected":false},"excerpt":{"rendered":"<p>[vc_row][vc_column width=&#8221;1\/3&#8243;][vc_btn title=&#8221;Voir notre offre&#8221; color=&#8221;secondarycolor&#8221; align=&#8221;center&#8221; css=&#8221;&#8221; link=&#8221;url:https%3A%2F%2Fimpactup.com%2Frecrutement%2F&#8221;][\/vc_column][vc_column width=&#8221;1\/3&#8243;][vc_btn title=&#8221;Confiez-nous votre projet&#8221; color=&#8221;secondarycolor&#8221; align=&#8221;center&#8221; css=&#8221;&#8221; link=&#8221;url:https%3A%2F%2Fimpactup.com%2Fetude-personnalisee%2F&#8221;][\/vc_column][vc_column width=&#8221;1\/3&#8243;][vc_btn title=&#8221;Contactez-nous&#8221; color=&#8221;secondarycolor&#8221; align=&#8221;center&#8221; css=&#8221;&#8221; link=&#8221;url:https%3A%2F%2Fimpactup.com%2Fcontact%2F&#8221;][\/vc_column][\/vc_row][vc_row css=&#8221;.vc_custom_1717658386032{padding-top: 40px !important;padding-bottom: 20px !important;}&#8221;][vc_column][vc_column_text css=&#8221;&#8221;] Cabinet de recrutement par approche directe\u00a0ou cabinet de chasseurs de t\u00eates L\u2019approche directe est utilis\u00e9e par les cabinets de recrutement pour des postes particuliers, lorsque l\u2019offre [&hellip;]<\/p>\n","protected":false},"author":4,"featured_media":0,"parent":17218,"menu_order":0,"comment_status":"closed","ping_status":"closed","template":"","meta":{"_monsterinsights_skip_tracking":false,"_monsterinsights_sitenote_active":false,"_monsterinsights_sitenote_note":"","_monsterinsights_sitenote_category":0,"footnotes":""},"class_list":["post-26112","page","type-page","status-publish","hentry"],"yoast_head":"<!-- This site is optimized with the Yoast SEO plugin v27.0 - https:\/\/yoast.com\/product\/yoast-seo-wordpress\/ -->\n<title>Cabinet de recrutement par approche directe - Comment choisir un cabinet de recrutement op\u00e9rant par approche directe.<\/title>\n<meta name=\"description\" content=\"ImpactUp, un cabinet de recrutement qui ma\u00eetrise l\u2019approche directe. Le recrutement par approche directe avec le cabinet ImpactUp.\" \/>\n<meta name=\"robots\" content=\"index, follow, max-snippet:-1, max-image-preview:large, max-video-preview:-1\" \/>\n<link rel=\"canonical\" href=\"https:\/\/impactup.com\/en\/glossaire\/cabinet-de-recrutement-par-approche-directe\/\" \/>\n<meta property=\"og:locale\" content=\"en_US\" \/>\n<meta property=\"og:type\" content=\"article\" \/>\n<meta property=\"og:title\" content=\"Cabinet de recrutement par approche directe - Comment choisir un cabinet de recrutement op\u00e9rant par approche directe.\" \/>\n<meta property=\"og:description\" content=\"ImpactUp, un cabinet de recrutement qui ma\u00eetrise l\u2019approche directe. Le recrutement par approche directe avec le cabinet ImpactUp.\" \/>\n<meta property=\"og:url\" content=\"https:\/\/impactup.com\/en\/glossaire\/cabinet-de-recrutement-par-approche-directe\/\" \/>\n<meta property=\"og:site_name\" content=\"ImpactUp\" \/>\n<meta property=\"article:modified_time\" content=\"2024-06-12T14:30:19+00:00\" \/>\n<meta property=\"og:image\" content=\"https:\/\/impactup.com\/wp-content\/uploads\/2021\/01\/og.jpg\" \/>\n\t<meta property=\"og:image:width\" content=\"1067\" \/>\n\t<meta property=\"og:image:height\" content=\"600\" \/>\n\t<meta property=\"og:image:type\" content=\"image\/jpeg\" \/>\n<meta name=\"twitter:card\" content=\"summary_large_image\" \/>\n<meta name=\"twitter:label1\" content=\"Est. reading time\" \/>\n\t<meta name=\"twitter:data1\" content=\"7 minutes\" \/>\n<script type=\"application\/ld+json\" class=\"yoast-schema-graph\">{\"@context\":\"https:\/\/schema.org\",\"@graph\":[{\"@type\":\"WebPage\",\"@id\":\"https:\/\/impactup.com\/en\/glossaire\/cabinet-de-recrutement-par-approche-directe\/\",\"url\":\"https:\/\/impactup.com\/en\/glossaire\/cabinet-de-recrutement-par-approche-directe\/\",\"name\":\"Cabinet de recrutement par approche directe - Comment choisir un cabinet de recrutement op\u00e9rant par approche directe.\",\"isPartOf\":{\"@id\":\"https:\/\/impactup.com\/en\/#website\"},\"datePublished\":\"2024-06-10T11:06:05+00:00\",\"dateModified\":\"2024-06-12T14:30:19+00:00\",\"description\":\"ImpactUp, un cabinet de recrutement qui ma\u00eetrise l\u2019approche directe. Le recrutement par approche directe avec le cabinet ImpactUp.\",\"breadcrumb\":{\"@id\":\"https:\/\/impactup.com\/en\/glossaire\/cabinet-de-recrutement-par-approche-directe\/#breadcrumb\"},\"inLanguage\":\"en-US\",\"potentialAction\":[{\"@type\":\"ReadAction\",\"target\":[\"https:\/\/impactup.com\/en\/glossaire\/cabinet-de-recrutement-par-approche-directe\/\"]}]},{\"@type\":\"BreadcrumbList\",\"@id\":\"https:\/\/impactup.com\/en\/glossaire\/cabinet-de-recrutement-par-approche-directe\/#breadcrumb\",\"itemListElement\":[{\"@type\":\"ListItem\",\"position\":1,\"name\":\"Accueil\",\"item\":\"https:\/\/impactup.com\/en\/\"},{\"@type\":\"ListItem\",\"position\":2,\"name\":\"Glossaire\",\"item\":\"https:\/\/impactup.com\/en\/glossaire\/\"},{\"@type\":\"ListItem\",\"position\":3,\"name\":\"Cabinet de recrutement par approche directe ou cabinet de chasseurs de t\u00eates\"}]},{\"@type\":\"WebSite\",\"@id\":\"https:\/\/impactup.com\/en\/#website\",\"url\":\"https:\/\/impactup.com\/en\/\",\"name\":\"ImpactUp\",\"description\":\"Recrutement commerciaux, directions commerciales et fonctions marketing\",\"potentialAction\":[{\"@type\":\"SearchAction\",\"target\":{\"@type\":\"EntryPoint\",\"urlTemplate\":\"https:\/\/impactup.com\/en\/?s={search_term_string}\"},\"query-input\":{\"@type\":\"PropertyValueSpecification\",\"valueRequired\":true,\"valueName\":\"search_term_string\"}}],\"inLanguage\":\"en-US\"}]}<\/script>\n<!-- \/ Yoast SEO plugin. -->","yoast_head_json":{"title":"Cabinet de recrutement par approche directe - Comment choisir un cabinet de recrutement op\u00e9rant par approche directe.","description":"ImpactUp, un cabinet de recrutement qui ma\u00eetrise l\u2019approche directe. Le recrutement par approche directe avec le cabinet ImpactUp.","robots":{"index":"index","follow":"follow","max-snippet":"max-snippet:-1","max-image-preview":"max-image-preview:large","max-video-preview":"max-video-preview:-1"},"canonical":"https:\/\/impactup.com\/en\/glossaire\/cabinet-de-recrutement-par-approche-directe\/","og_locale":"en_US","og_type":"article","og_title":"Cabinet de recrutement par approche directe - Comment choisir un cabinet de recrutement op\u00e9rant par approche directe.","og_description":"ImpactUp, un cabinet de recrutement qui ma\u00eetrise l\u2019approche directe. Le recrutement par approche directe avec le cabinet ImpactUp.","og_url":"https:\/\/impactup.com\/en\/glossaire\/cabinet-de-recrutement-par-approche-directe\/","og_site_name":"ImpactUp","article_modified_time":"2024-06-12T14:30:19+00:00","og_image":[{"width":1067,"height":600,"url":"https:\/\/impactup.com\/wp-content\/uploads\/2021\/01\/og.jpg","type":"image\/jpeg"}],"twitter_card":"summary_large_image","twitter_misc":{"Est. reading time":"7 minutes"},"schema":{"@context":"https:\/\/schema.org","@graph":[{"@type":"WebPage","@id":"https:\/\/impactup.com\/en\/glossaire\/cabinet-de-recrutement-par-approche-directe\/","url":"https:\/\/impactup.com\/en\/glossaire\/cabinet-de-recrutement-par-approche-directe\/","name":"Cabinet de recrutement par approche directe - Comment choisir un cabinet de recrutement op\u00e9rant par approche directe.","isPartOf":{"@id":"https:\/\/impactup.com\/en\/#website"},"datePublished":"2024-06-10T11:06:05+00:00","dateModified":"2024-06-12T14:30:19+00:00","description":"ImpactUp, un cabinet de recrutement qui ma\u00eetrise l\u2019approche directe. Le recrutement par approche directe avec le cabinet ImpactUp.","breadcrumb":{"@id":"https:\/\/impactup.com\/en\/glossaire\/cabinet-de-recrutement-par-approche-directe\/#breadcrumb"},"inLanguage":"en-US","potentialAction":[{"@type":"ReadAction","target":["https:\/\/impactup.com\/en\/glossaire\/cabinet-de-recrutement-par-approche-directe\/"]}]},{"@type":"BreadcrumbList","@id":"https:\/\/impactup.com\/en\/glossaire\/cabinet-de-recrutement-par-approche-directe\/#breadcrumb","itemListElement":[{"@type":"ListItem","position":1,"name":"Accueil","item":"https:\/\/impactup.com\/en\/"},{"@type":"ListItem","position":2,"name":"Glossaire","item":"https:\/\/impactup.com\/en\/glossaire\/"},{"@type":"ListItem","position":3,"name":"Cabinet de recrutement par approche directe ou cabinet de chasseurs de t\u00eates"}]},{"@type":"WebSite","@id":"https:\/\/impactup.com\/en\/#website","url":"https:\/\/impactup.com\/en\/","name":"ImpactUp","description":"Recrutement commerciaux, directions commerciales et fonctions marketing","potentialAction":[{"@type":"SearchAction","target":{"@type":"EntryPoint","urlTemplate":"https:\/\/impactup.com\/en\/?s={search_term_string}"},"query-input":{"@type":"PropertyValueSpecification","valueRequired":true,"valueName":"search_term_string"}}],"inLanguage":"en-US"}]}},"_links":{"self":[{"href":"https:\/\/impactup.com\/en\/wp-json\/wp\/v2\/pages\/26112","targetHints":{"allow":["GET"]}}],"collection":[{"href":"https:\/\/impactup.com\/en\/wp-json\/wp\/v2\/pages"}],"about":[{"href":"https:\/\/impactup.com\/en\/wp-json\/wp\/v2\/types\/page"}],"author":[{"embeddable":true,"href":"https:\/\/impactup.com\/en\/wp-json\/wp\/v2\/users\/4"}],"replies":[{"embeddable":true,"href":"https:\/\/impactup.com\/en\/wp-json\/wp\/v2\/comments?post=26112"}],"version-history":[{"count":6,"href":"https:\/\/impactup.com\/en\/wp-json\/wp\/v2\/pages\/26112\/revisions"}],"predecessor-version":[{"id":26547,"href":"https:\/\/impactup.com\/en\/wp-json\/wp\/v2\/pages\/26112\/revisions\/26547"}],"up":[{"embeddable":true,"href":"https:\/\/impactup.com\/en\/wp-json\/wp\/v2\/pages\/17218"}],"wp:attachment":[{"href":"https:\/\/impactup.com\/en\/wp-json\/wp\/v2\/media?parent=26112"}],"curies":[{"name":"wp","href":"https:\/\/api.w.org\/{rel}","templated":true}]}}