{"id":26106,"date":"2024-06-10T13:01:30","date_gmt":"2024-06-10T11:01:30","guid":{"rendered":"https:\/\/impactup.niou.dev\/?page_id=26106"},"modified":"2024-06-12T11:54:00","modified_gmt":"2024-06-12T09:54:00","slug":"cabinet-de-recrutement-lyon","status":"publish","type":"page","link":"https:\/\/impactup.com\/en\/glossaire\/cabinet-de-recrutement-lyon\/","title":{"rendered":"ImpactUp, un cabinet de recrutement de r\u00e9f\u00e9rence \u00e0 Lyon"},"content":{"rendered":"<div class=\"wpb-content-wrapper\"><p>[vc_row][vc_column width=&#8221;1\/3&#8243;][vc_btn title=&#8221;Voir notre offre&#8221; color=&#8221;secondarycolor&#8221; align=&#8221;center&#8221; css=&#8221;&#8221; link=&#8221;url:https%3A%2F%2Fimpactup.com%2Frecrutement%2F&#8221;][\/vc_column][vc_column width=&#8221;1\/3&#8243;][vc_btn title=&#8221;Confiez-nous votre projet&#8221; color=&#8221;secondarycolor&#8221; align=&#8221;center&#8221; css=&#8221;&#8221; link=&#8221;url:https%3A%2F%2Fimpactup.com%2Fetude-personnalisee%2F&#8221;][\/vc_column][vc_column width=&#8221;1\/3&#8243;][vc_btn title=&#8221;Contactez-nous&#8221; color=&#8221;secondarycolor&#8221; align=&#8221;center&#8221; css=&#8221;&#8221; link=&#8221;url:https%3A%2F%2Fimpactup.com%2Fcontact%2F&#8221;][\/vc_column][\/vc_row][vc_row css=&#8221;.vc_custom_1717658386032{padding-top: 40px !important;padding-bottom: 20px !important;}&#8221;][vc_column][vc_column_text css=&#8221;&#8221;]<\/p>\n<section style=\"text-align: justify;\">\n<h2><strong>ImpactUp, un cabinet de recrutement de r\u00e9f\u00e9rence \u00e0 Lyon<\/strong><\/h2>\n<p>Le recrutement de candidats pour occuper des postes strat\u00e9giques n\u2019est pas chose ais\u00e9e pour les entreprises. Pour trouver les collaborateurs en mesure d\u2019apporter sa contribution dans le d\u00e9veloppement de votre structure, faites confiance \u00e0 <strong>ImpactUp<\/strong>, un <strong><a href=\"https:\/\/impactup.com\/glossaire\/cabinet-de-recrutement-fonction-commerciale\">cabinet de recrutement bas\u00e9 \u00e0 Lyon<\/a>, <\/strong>sp\u00e9cialis\u00e9 dans la recherche des profils p\u00e9nuriques.<\/p>\n<\/section>\n<p>[\/vc_column_text][\/vc_column][\/vc_row][vc_row][vc_column width=&#8221;1\/3&#8243;][vc_btn title=&#8221;Voir notre offre&#8221; color=&#8221;secondarycolor&#8221; align=&#8221;center&#8221; css=&#8221;&#8221; link=&#8221;url:https%3A%2F%2Fimpactup.com%2Frecrutement%2F&#8221;][\/vc_column][vc_column width=&#8221;1\/3&#8243;][vc_btn title=&#8221;Confiez-nous votre projet&#8221; color=&#8221;secondarycolor&#8221; align=&#8221;center&#8221; css=&#8221;&#8221; link=&#8221;url:https%3A%2F%2Fimpactup.com%2Fetude-personnalisee%2F&#8221;][\/vc_column][vc_column width=&#8221;1\/3&#8243;][vc_btn title=&#8221;Contactez-nous&#8221; color=&#8221;secondarycolor&#8221; align=&#8221;center&#8221; css=&#8221;&#8221; link=&#8221;url:https%3A%2F%2Fimpactup.com%2Fcontact%2F&#8221;][\/vc_column][\/vc_row][vc_row css=&#8221;.vc_custom_1717658445522{padding-top: 40px !important;}&#8221;][vc_column][vc_column_text css=&#8221;&#8221;]<\/p>\n<section style=\"text-align: justify;\">\n<h2><strong>Cabinet de recrutement de Lyon\u00a0: pour qui\u00a0?<\/strong><\/h2>\n<p>Bien souvent, les entreprises se heurtent \u00e0 de nombreux \u00e9cueils lorsqu\u2019il s\u2019agit de recruter un profil atypique, \u00e0 fort potentiel. Ces difficult\u00e9s se concentrent principalement au niveau de la recherche du bon candidat.<\/p>\n<p>Par ailleurs, les proc\u00e9dures de recrutement internes ne permettent pas toujours d\u2019avoir la r\u00e9activit\u00e9 n\u00e9cessaire pour d\u00e9busquer et attirer les meilleurs talents, et prendre ainsi le pas sur la concurrence.<\/p>\n<p>Afin d\u2019optimiser leur processus de recrutement, de nombreuses entreprises \u00e0 <a href=\"https:\/\/impactup.com\/glossaire\/sp%C3%A9cialiste-fonctions-commerciales\"><strong>Lyon <\/strong><\/a>font appel \u00e0 des <a href=\"https:\/\/impactup.com\/glossaire\/sp%C3%A9cialiste-fonctions-commerciales\"><strong>cabinets de recrutement <\/strong><\/a>\u00e0 m\u00eame de d\u00e9nicher le bon profil pour le bon poste.<\/p>\n<p>Sp\u00e9cialis\u00e9s dans un domaine d\u2019expertise ou un secteur d\u2019activit\u00e9 pr\u00e9cis, les cabinets de recrutement poss\u00e8dent une connaissance affin\u00e9e des m\u00e9tiers et ont un acc\u00e8s direct \u00e0 un vivier de candidats \u00e0 fort potentiel.<\/p>\n<p>Outre cette base de donn\u00e9es \u00ab\u00a0qualifi\u00e9e\u00a0\u00bb, le cabinet de recrutement met \u00e0 contribution son r\u00e9seau de recruteurs afin d\u2019acc\u00e9l\u00e9rer la recherche de candidats.<\/p>\n<p>Gain de temps, outils d\u2019expert, efficacit\u00e9 accrue\u2026 le recours \u00e0 un cabinet de recrutement apporte une r\u00e9elle plus-value \u00e0 tout projet de recrutement.<\/p>\n<p>En outre, un cabinet de recrutement sp\u00e9cialis\u00e9 repr\u00e9sente le meilleur atout pour pourvoir un poste dans les d\u00e9lais impartis. Comme tout march\u00e9, celui de l\u2019emploi est soumis \u00e0 une concurrence assez rude. La r\u00e9activit\u00e9 du recruteur et sa capacit\u00e9 \u00e0 attirer les bons profils sont d\u00e9terminantes.<\/p>\n<p>Gr\u00e2ce \u00e0 son panel de recruteurs issus de diff\u00e9rents secteurs d\u2019activit\u00e9, le cabinet <strong>ImpactUp<\/strong> est en mesure d\u2019apporter des solutions de recrutement sur-mesure \u00e0 vos projets de recrutement.<\/p>\n<h2><strong>Recrutement de fonctions commerciales et marketing<\/strong><\/h2>\n<p>S\u2019il existe un domaine o\u00f9 l\u2019entreprise se doit d\u2019assurer un recrutement de qualit\u00e9, c\u2019est bien la fonction commerciale. Celle-ci est consid\u00e9r\u00e9e comme la cl\u00e9 de vo\u00fbte de l\u2019entreprise puisqu\u2019elle permet de vendre ses produits\/services, de d\u00e9velopper les parts de march\u00e9 ainsi que le chiffre d\u2019affaires de l\u2019entreprise.<\/p>\n<p>Fonctions commerciales et fonctions marketing sont deux domaines connexes qui permettent d\u2019orienter la production vers les besoins et d\u00e9sirs des consommateurs. Hormis l\u2019exp\u00e9rience et les comp\u00e9tences techniques, le sens du relationnel, la force de persuasion et l\u2019esprit d\u2019analyse sont des crit\u00e8res de recrutement essentiels pour ces m\u00e9tiers.<\/p>\n<p>Les professionnels sp\u00e9cialis\u00e9s dans le secteur du commerce doivent avoir certaines aptitudes personnelles que seuls les consultants des <strong>cabinets de recrutement <\/strong>\u00e0 <strong>Lyon<\/strong> peuvent identifier comme\u00a0:<\/p>\n<ul>\n<li>La curiosit\u00e9<\/li>\n<\/ul>\n<p>Les vendeurs d\u2019\u00e9lite ne se contentent pas de r\u00e9p\u00e9ter les arguments pour vendre des produits, mais se posent des questions sur l\u2019efficacit\u00e9 de la strat\u00e9gie commerciale de son entreprise.<\/p>\n<ul>\n<li>La capacit\u00e9 d\u2019organisation technique<\/li>\n<\/ul>\n<p>Relances, r\u00e9unions commerciales, prospection, brainstorming, reporting, etc, un futur commercial doit savoir int\u00e9grer toutes ces t\u00e2ches dans son quotidien pour gagner en performance.<\/p>\n<ul>\n<li>L\u2019aptitude \u00e0 conseiller les clients<\/li>\n<\/ul>\n<p>Il est important d\u2019accompagner les clients avec sinc\u00e9rit\u00e9 en veillant \u00e0 ses int\u00e9r\u00eats, leur proposer les offres les mieux adapt\u00e9es \u00e0 leurs besoins et attentes, etc. Une fois mis en confiance, les clients seront fid\u00e8les.<\/p>\n<ul>\n<li>La cr\u00e9ativit\u00e9<\/li>\n<\/ul>\n<p>M\u00eame avec le meilleur pitch, un bon commercial n\u2019h\u00e9site pas \u00e0 se servir de sa cr\u00e9ativit\u00e9 pour proposer des solutions personnalis\u00e9es aux clients.<\/p>\n<p>Sp\u00e9cialiste des fonctions commerciales et marketing, le <strong>cabinet de recrutement<\/strong> ImpactUp intervenant \u00e0 <strong>Lyon<\/strong> et dans d\u2019autres villes fran\u00e7aises propose son accompagnement expert pour garantir le succ\u00e8s de vos projets de recrutement.<\/p>\n<p>Embaucher des candidats de valeur exige une approche pragmatique ainsi qu\u2019une forte connaissance m\u00e9tier et\/ou de l\u2019industrie. Or, un processus de recrutement internalis\u00e9 ne permet pas toujours d\u2019\u00e9valuer la pertinence d\u2019un candidat poss\u00e9dant une expertise tr\u00e8s rare et tr\u00e8s technique.<\/p>\n<p>Gr\u00e2ce \u00e0 des outils de recrutement innovants, nous sommes en mesure de cibler pr\u00e9cis\u00e9ment le profil du candidat en parfaite ad\u00e9quation avec les exigences du poste.<\/p>\n<p>Directeur commercial, directeur marketing, directeur des ventes, directeur Wholesale, ing\u00e9nieur commercial ou encore technico-commercial\u2026 nous prenons en charge le recrutement de vos talents commerciaux et marketing.<\/p>\n<ul>\n<li><strong>Nos outils de recrutement<\/strong><\/li>\n<\/ul>\n<p>Trouver le bon candidat pour le bon poste implique en amont de d\u00e9finir les contours de vos besoins (description du poste) pour ensuite d\u00e9terminer vos attentes par rapport au candidat.<\/p>\n<p>Quel est le p\u00e9rim\u00e8tre des missions propos\u00e9es\u00a0? Quid des objectifs \u00e0 court, moyen et long terme\u00a0? Quel budget consacrer \u00e0 ce recrutement\u00a0? Autant d\u2019interrogations qui permettront d\u2019affiner le profil du candidat id\u00e9al.<\/p>\n<p>Vous cherchez \u00e0 recruter sur <strong><a href=\"https:\/\/impactup.com\/glossaire\/cabinet-de-recrutement-consultant-commercial\">Lyon<\/a>\u00a0<\/strong>?\u00a0Le <a href=\"https:\/\/impactup.com\/glossaire\/cabinet-de-recrutement-consultant-commercial\"><strong>cabinet de recrutement<\/strong><\/a> ImpactUp peut r\u00e9aliser pour vous\u00a0:<\/p>\n<ul>\n<li>La d\u00e9finition du poste personnalis\u00e9 \u00e0 l\u2019activit\u00e9 de votre entreprise\u00a0;<\/li>\n<li>La r\u00e9daction de fiches de postes d\u00e9taill\u00e9es\u00a0: avec un descriptif d\u00e9taill\u00e9 des missions et objectifs, Profil, Formation, Exp\u00e9rience, Personnalit\u00e9, Conditions d\u2019embauche.<\/li>\n<li>La recherche de candidats\u00a0: Int\u00e9gration de l\u2019offre sur notre site, Approche directe (chasse) et diffusion d\u2019annonces sur les supports s\u00e9lectionn\u00e9s par notre client<\/li>\n<li>Pr\u00e9s\u00e9lection des profils les plus adapt\u00e9s au poste selon des moyens pr\u00e9d\u00e9finis<\/li>\n<li>Prise de r\u00e9f\u00e9rence des candidats et entretiens d\u2019embauche<\/li>\n<li>Suivi du candidat jusqu\u2019\u00e0 embauche d\u00e9finitive et suivi d\u2019int\u00e9gration.<\/li>\n<\/ul>\n<p>Pour sourcer les candidats, nous avons recours \u00e0 un outil d\u2019\u00e9valuation innovant qui couvre un large p\u00e9rim\u00e8tre d\u2019analyse\u00a0: cognitifs, personnalit\u00e9, comp\u00e9tences, langues. En outre, les diff\u00e9rents entretiens et exercices de mise en situation contribuent \u00e0 affiner le processus d\u2019\u00e9valuation. Impactup a fait le choix d\u2019utiliser les mod\u00e8les offrant les bases scientifiques les plus solides et les diffusions les plus larges depuis de nombreuses ann\u00e9es.<\/p>\n<h2><strong>Nos prestations \u00ab\u00a0chasse de t\u00eate\u00a0\u00bb <\/strong><\/h2>\n<p>Vous avez un besoin urgent de pourvoir un poste strat\u00e9gique\u00a0\u00e0<strong> Lyon\u00a0?<\/strong> Le <strong>cabinet de recrutement <\/strong>ImpactUp vous propose des prestations de recrutement sur-mesure des profils rares, ou en tension sur le march\u00e9.<\/p>\n<p>Nos chasseurs de t\u00eate travaillent g\u00e9n\u00e9ralement sur des postes de cadres \u00e0 fortes responsabilit\u00e9s, car ce sont ces profils qui sont les plus strat\u00e9giques et complexes \u00e0 recruter. Ils disposent de l\u2019exp\u00e9rience op\u00e9rationnelle pour identifier les meilleurs profils et garantir \u00e0 nos clients un processus de s\u00e9lection rigoureux.<\/p>\n<p>Gr\u00e2ce \u00e0 notre r\u00e9seau d\u2019experts et de professionnels pr\u00e9sent dans plusieurs pays, nous sommes en mesure d\u2019identifier rapidement le ou les profils en ad\u00e9quation avec les exigences du poste et de votre organisation. De nombreuses entreprises font appel \u00e0 des chasseurs de t\u00eate dans le but d\u2019optimiser leur projet de recrutement.<\/p>\n<p>Avec un chasseur de t\u00eates, le gain de temps et d\u2019efficacit\u00e9 trouve tout son sens\u00a0: ce professionnel met \u00e0 profit son carnet d\u2019adresses et son r\u00e9seau afin de d\u00e9nicher la perle rare dans les meilleurs d\u00e9lais.<\/p>\n<h2><strong>Recrutement \u00e0 Lyon\u00a0: pourquoi faire appel au cabinet ImpactUp\u00a0? <\/strong><\/h2>\n<p>Un projet de recrutement \u00e0 <strong>Lyon<\/strong>\u00a0? Le <strong>cabinet de recrutement<\/strong> <a href=\"https:\/\/impactup.com\"><strong>ImpactUp<\/strong><\/a> recherche et \u00e9value les talents qui r\u00e9pondent \u00e0 vos crit\u00e8res.<\/p>\n<p>Selon vos besoins, nos consultants-experts peuvent prendre en charge tout ou partie du processus de recrutement, depuis la d\u00e9finition de vos besoins \u00e0 la s\u00e9lection des candidats, en passant par le sourcing des candidatures\u00a0: \u00e9tude du dossier, tests techniques, analyse de la personnalit\u00e9, etc.<\/p>\n<p>Structure \u00e0 taille humaine, notre cabinet est constitu\u00e9 de consultants issus des fonctions pour lesquelles ils interviennent.<\/p>\n<p>Notre mission\u00a0: d\u00e9nicher les meilleurs talents qui permettront \u00e0 nos clients de d\u00e9velopper leurs parts de march\u00e9.<\/p>\n<p>Notre cabinet accompagne depuis 2005 les grandes entreprises et les PME dans le cadre de missions de recrutement et de conseil.<\/p>\n<p>Dirigeants, managers, cadres\u2026 nous travaillons chaque jour \u00e0 chercher, \u00e9valuer et s\u00e9lectionner vos talents de demain.<\/p>\n<p>Nos bureaux \u00e0 Paris, Lyon, La Rochelle, Nantes et Toulouse sont \u00e0 votre enti\u00e8re disposition.<\/p>\n<p>Hormis le recrutement, le cabinet <strong>ImpactUp<\/strong> propose des prestations de Conseil (Organisation et reingeniering, accompagnement) et de Formation \u00e0 destination des entreprises.<\/p>\n<p>N\u2019h\u00e9sitez pas \u00e0 nous contacter.<\/p>\n<\/section>\n<p>[\/vc_column_text][\/vc_column][\/vc_row]<\/p>\n<\/div>","protected":false},"excerpt":{"rendered":"<p>[vc_row][vc_column width=&#8221;1\/3&#8243;][vc_btn title=&#8221;Voir notre offre&#8221; color=&#8221;secondarycolor&#8221; align=&#8221;center&#8221; css=&#8221;&#8221; link=&#8221;url:https%3A%2F%2Fimpactup.com%2Frecrutement%2F&#8221;][\/vc_column][vc_column width=&#8221;1\/3&#8243;][vc_btn title=&#8221;Confiez-nous votre projet&#8221; color=&#8221;secondarycolor&#8221; align=&#8221;center&#8221; css=&#8221;&#8221; link=&#8221;url:https%3A%2F%2Fimpactup.com%2Fetude-personnalisee%2F&#8221;][\/vc_column][vc_column width=&#8221;1\/3&#8243;][vc_btn title=&#8221;Contactez-nous&#8221; color=&#8221;secondarycolor&#8221; align=&#8221;center&#8221; css=&#8221;&#8221; link=&#8221;url:https%3A%2F%2Fimpactup.com%2Fcontact%2F&#8221;][\/vc_column][\/vc_row][vc_row css=&#8221;.vc_custom_1717658386032{padding-top: 40px !important;padding-bottom: 20px !important;}&#8221;][vc_column][vc_column_text css=&#8221;&#8221;] ImpactUp, un cabinet de recrutement de r\u00e9f\u00e9rence \u00e0 Lyon Le recrutement de candidats pour occuper des postes strat\u00e9giques n\u2019est pas chose ais\u00e9e pour les entreprises. Pour [&hellip;]<\/p>\n","protected":false},"author":4,"featured_media":0,"parent":17218,"menu_order":0,"comment_status":"closed","ping_status":"closed","template":"","meta":{"_monsterinsights_skip_tracking":false,"_monsterinsights_sitenote_active":false,"_monsterinsights_sitenote_note":"","_monsterinsights_sitenote_category":0,"footnotes":""},"class_list":["post-26106","page","type-page","status-publish","hentry"],"yoast_head":"<!-- This site is optimized with the Yoast SEO plugin v27.0 - https:\/\/yoast.com\/product\/yoast-seo-wordpress\/ -->\n<title>Cabinet de recrutement Lyon - Cabinet de recrutement \u00e0 Lyon : \u00e0 qui s\u2019adresser ?<\/title>\n<meta name=\"description\" content=\"Quel cabinet de recrutement \u00e0 Lyon est le plus fiable ? ImpactUp est l\u2019un des meilleurs cabinets de recrutement \u00e0 Lyon.\" \/>\n<meta name=\"robots\" content=\"index, follow, max-snippet:-1, max-image-preview:large, max-video-preview:-1\" \/>\n<link rel=\"canonical\" href=\"https:\/\/impactup.com\/en\/glossaire\/cabinet-de-recrutement-lyon\/\" \/>\n<meta property=\"og:locale\" content=\"en_US\" \/>\n<meta property=\"og:type\" content=\"article\" \/>\n<meta property=\"og:title\" content=\"Cabinet de recrutement Lyon - Cabinet de recrutement \u00e0 Lyon : \u00e0 qui s\u2019adresser ?\" \/>\n<meta property=\"og:description\" content=\"Quel cabinet de recrutement \u00e0 Lyon est le plus fiable ? ImpactUp est l\u2019un des meilleurs cabinets de recrutement \u00e0 Lyon.\" \/>\n<meta property=\"og:url\" content=\"https:\/\/impactup.com\/en\/glossaire\/cabinet-de-recrutement-lyon\/\" \/>\n<meta property=\"og:site_name\" content=\"ImpactUp\" \/>\n<meta property=\"article:modified_time\" content=\"2024-06-12T09:54:00+00:00\" \/>\n<meta property=\"og:image\" content=\"https:\/\/impactup.com\/wp-content\/uploads\/2021\/01\/og.jpg\" \/>\n\t<meta property=\"og:image:width\" content=\"1067\" \/>\n\t<meta property=\"og:image:height\" content=\"600\" \/>\n\t<meta property=\"og:image:type\" content=\"image\/jpeg\" \/>\n<meta name=\"twitter:card\" content=\"summary_large_image\" \/>\n<meta name=\"twitter:label1\" content=\"Est. reading time\" \/>\n\t<meta name=\"twitter:data1\" content=\"7 minutes\" \/>\n<script type=\"application\/ld+json\" class=\"yoast-schema-graph\">{\"@context\":\"https:\/\/schema.org\",\"@graph\":[{\"@type\":\"WebPage\",\"@id\":\"https:\/\/impactup.com\/en\/glossaire\/cabinet-de-recrutement-lyon\/\",\"url\":\"https:\/\/impactup.com\/en\/glossaire\/cabinet-de-recrutement-lyon\/\",\"name\":\"Cabinet de recrutement Lyon - Cabinet de recrutement \u00e0 Lyon : \u00e0 qui s\u2019adresser ?\",\"isPartOf\":{\"@id\":\"https:\/\/impactup.com\/en\/#website\"},\"datePublished\":\"2024-06-10T11:01:30+00:00\",\"dateModified\":\"2024-06-12T09:54:00+00:00\",\"description\":\"Quel cabinet de recrutement \u00e0 Lyon est le plus fiable ? ImpactUp est l\u2019un des meilleurs cabinets de recrutement \u00e0 Lyon.\",\"breadcrumb\":{\"@id\":\"https:\/\/impactup.com\/en\/glossaire\/cabinet-de-recrutement-lyon\/#breadcrumb\"},\"inLanguage\":\"en-US\",\"potentialAction\":[{\"@type\":\"ReadAction\",\"target\":[\"https:\/\/impactup.com\/en\/glossaire\/cabinet-de-recrutement-lyon\/\"]}]},{\"@type\":\"BreadcrumbList\",\"@id\":\"https:\/\/impactup.com\/en\/glossaire\/cabinet-de-recrutement-lyon\/#breadcrumb\",\"itemListElement\":[{\"@type\":\"ListItem\",\"position\":1,\"name\":\"Accueil\",\"item\":\"https:\/\/impactup.com\/en\/\"},{\"@type\":\"ListItem\",\"position\":2,\"name\":\"Glossaire\",\"item\":\"https:\/\/impactup.com\/en\/glossaire\/\"},{\"@type\":\"ListItem\",\"position\":3,\"name\":\"ImpactUp, un cabinet de recrutement de r\u00e9f\u00e9rence \u00e0 Lyon\"}]},{\"@type\":\"WebSite\",\"@id\":\"https:\/\/impactup.com\/en\/#website\",\"url\":\"https:\/\/impactup.com\/en\/\",\"name\":\"ImpactUp\",\"description\":\"Recrutement commerciaux, directions commerciales et fonctions marketing\",\"potentialAction\":[{\"@type\":\"SearchAction\",\"target\":{\"@type\":\"EntryPoint\",\"urlTemplate\":\"https:\/\/impactup.com\/en\/?s={search_term_string}\"},\"query-input\":{\"@type\":\"PropertyValueSpecification\",\"valueRequired\":true,\"valueName\":\"search_term_string\"}}],\"inLanguage\":\"en-US\"}]}<\/script>\n<!-- \/ Yoast SEO plugin. -->","yoast_head_json":{"title":"Cabinet de recrutement Lyon - Cabinet de recrutement \u00e0 Lyon : \u00e0 qui s\u2019adresser ?","description":"Quel cabinet de recrutement \u00e0 Lyon est le plus fiable ? ImpactUp est l\u2019un des meilleurs cabinets de recrutement \u00e0 Lyon.","robots":{"index":"index","follow":"follow","max-snippet":"max-snippet:-1","max-image-preview":"max-image-preview:large","max-video-preview":"max-video-preview:-1"},"canonical":"https:\/\/impactup.com\/en\/glossaire\/cabinet-de-recrutement-lyon\/","og_locale":"en_US","og_type":"article","og_title":"Cabinet de recrutement Lyon - Cabinet de recrutement \u00e0 Lyon : \u00e0 qui s\u2019adresser ?","og_description":"Quel cabinet de recrutement \u00e0 Lyon est le plus fiable ? ImpactUp est l\u2019un des meilleurs cabinets de recrutement \u00e0 Lyon.","og_url":"https:\/\/impactup.com\/en\/glossaire\/cabinet-de-recrutement-lyon\/","og_site_name":"ImpactUp","article_modified_time":"2024-06-12T09:54:00+00:00","og_image":[{"width":1067,"height":600,"url":"https:\/\/impactup.com\/wp-content\/uploads\/2021\/01\/og.jpg","type":"image\/jpeg"}],"twitter_card":"summary_large_image","twitter_misc":{"Est. reading time":"7 minutes"},"schema":{"@context":"https:\/\/schema.org","@graph":[{"@type":"WebPage","@id":"https:\/\/impactup.com\/en\/glossaire\/cabinet-de-recrutement-lyon\/","url":"https:\/\/impactup.com\/en\/glossaire\/cabinet-de-recrutement-lyon\/","name":"Cabinet de recrutement Lyon - Cabinet de recrutement \u00e0 Lyon : \u00e0 qui s\u2019adresser ?","isPartOf":{"@id":"https:\/\/impactup.com\/en\/#website"},"datePublished":"2024-06-10T11:01:30+00:00","dateModified":"2024-06-12T09:54:00+00:00","description":"Quel cabinet de recrutement \u00e0 Lyon est le plus fiable ? ImpactUp est l\u2019un des meilleurs cabinets de recrutement \u00e0 Lyon.","breadcrumb":{"@id":"https:\/\/impactup.com\/en\/glossaire\/cabinet-de-recrutement-lyon\/#breadcrumb"},"inLanguage":"en-US","potentialAction":[{"@type":"ReadAction","target":["https:\/\/impactup.com\/en\/glossaire\/cabinet-de-recrutement-lyon\/"]}]},{"@type":"BreadcrumbList","@id":"https:\/\/impactup.com\/en\/glossaire\/cabinet-de-recrutement-lyon\/#breadcrumb","itemListElement":[{"@type":"ListItem","position":1,"name":"Accueil","item":"https:\/\/impactup.com\/en\/"},{"@type":"ListItem","position":2,"name":"Glossaire","item":"https:\/\/impactup.com\/en\/glossaire\/"},{"@type":"ListItem","position":3,"name":"ImpactUp, un cabinet de recrutement de r\u00e9f\u00e9rence \u00e0 Lyon"}]},{"@type":"WebSite","@id":"https:\/\/impactup.com\/en\/#website","url":"https:\/\/impactup.com\/en\/","name":"ImpactUp","description":"Recrutement commerciaux, directions commerciales et fonctions marketing","potentialAction":[{"@type":"SearchAction","target":{"@type":"EntryPoint","urlTemplate":"https:\/\/impactup.com\/en\/?s={search_term_string}"},"query-input":{"@type":"PropertyValueSpecification","valueRequired":true,"valueName":"search_term_string"}}],"inLanguage":"en-US"}]}},"_links":{"self":[{"href":"https:\/\/impactup.com\/en\/wp-json\/wp\/v2\/pages\/26106","targetHints":{"allow":["GET"]}}],"collection":[{"href":"https:\/\/impactup.com\/en\/wp-json\/wp\/v2\/pages"}],"about":[{"href":"https:\/\/impactup.com\/en\/wp-json\/wp\/v2\/types\/page"}],"author":[{"embeddable":true,"href":"https:\/\/impactup.com\/en\/wp-json\/wp\/v2\/users\/4"}],"replies":[{"embeddable":true,"href":"https:\/\/impactup.com\/en\/wp-json\/wp\/v2\/comments?post=26106"}],"version-history":[{"count":5,"href":"https:\/\/impactup.com\/en\/wp-json\/wp\/v2\/pages\/26106\/revisions"}],"predecessor-version":[{"id":26478,"href":"https:\/\/impactup.com\/en\/wp-json\/wp\/v2\/pages\/26106\/revisions\/26478"}],"up":[{"embeddable":true,"href":"https:\/\/impactup.com\/en\/wp-json\/wp\/v2\/pages\/17218"}],"wp:attachment":[{"href":"https:\/\/impactup.com\/en\/wp-json\/wp\/v2\/media?parent=26106"}],"curies":[{"name":"wp","href":"https:\/\/api.w.org\/{rel}","templated":true}]}}