{"id":26100,"date":"2024-06-10T12:55:40","date_gmt":"2024-06-10T10:55:40","guid":{"rendered":"https:\/\/impactup.niou.dev\/?page_id=26100"},"modified":"2024-06-12T11:51:42","modified_gmt":"2024-06-12T09:51:42","slug":"cabinet-de-recrutement-ingenieur-commercial-b-b","status":"publish","type":"page","link":"https:\/\/impactup.com\/en\/glossaire\/cabinet-de-recrutement-ingenieur-commercial-b-b\/","title":{"rendered":"Recrutement ing\u00e9nieur commercial B to B avec un expert"},"content":{"rendered":"<div class=\"wpb-content-wrapper\"><p>[vc_row][vc_column width=&#8221;1\/3&#8243;][vc_btn title=&#8221;Voir notre offre&#8221; color=&#8221;secondarycolor&#8221; align=&#8221;center&#8221; css=&#8221;&#8221; link=&#8221;url:https%3A%2F%2Fimpactup.com%2Frecrutement%2F&#8221;][\/vc_column][vc_column width=&#8221;1\/3&#8243;][vc_btn title=&#8221;Confiez-nous votre projet&#8221; color=&#8221;secondarycolor&#8221; align=&#8221;center&#8221; css=&#8221;&#8221; link=&#8221;url:https%3A%2F%2Fimpactup.com%2Fetude-personnalisee%2F&#8221;][\/vc_column][vc_column width=&#8221;1\/3&#8243;][vc_btn title=&#8221;Contactez-nous&#8221; color=&#8221;secondarycolor&#8221; align=&#8221;center&#8221; css=&#8221;&#8221; link=&#8221;url:https%3A%2F%2Fimpactup.com%2Fcontact%2F&#8221;][\/vc_column][\/vc_row][vc_row css=&#8221;.vc_custom_1717658386032{padding-top: 40px !important;padding-bottom: 20px !important;}&#8221;][vc_column][vc_column_text css=&#8221;&#8221;]<\/p>\n<section style=\"text-align: justify;\">\n<h2><strong>Recrutement ing\u00e9nieur commercial B to B\u00a0avec un expert <\/strong><\/h2>\n<p>Profil rare, l\u2019<a href=\"https:\/\/impactup.com\/glossaire\/cabinet-de-recrutement-ing%C3%A9nieur-commercial\"><strong>ing\u00e9nieur commercial B to B<\/strong><\/a> offre est fortement sollicit\u00e9 par les entreprises, principalement celles exer\u00e7ant dans le domaine des hautes technologies. Cet expert de la vente met en avant ses comp\u00e9tences techniques et commerciales pour d\u00e9tecter des projets et proposer des solutions en ad\u00e9quation avec les besoins de son client. Depuis 2005, le <a href=\"https:\/\/impactup.com\/glossaire\/cabinet-de-recrutement-ing%C3%A9nieur-commercial\"><strong>cabinet<\/strong><\/a> ImpactUp accompagne les grandes entreprises et les PME dans le cadre de missions de recrutement et de conseil.\u00a0Nous avons ax\u00e9 notre expertise sur le <a href=\"https:\/\/impactup.com\/glossaire\/cabinet-de-recrutement-ing%C3%A9nieur-commercial\"><strong>recrutement<\/strong><\/a> des profils commerciaux et marketing\u00a0: responsable commercial, directeur marketing, <strong>ing\u00e9nieur commercial B to B<\/strong>, etc.<\/p>\n<\/section>\n<p>[\/vc_column_text][\/vc_column][\/vc_row][vc_row][vc_column width=&#8221;1\/3&#8243;][vc_btn title=&#8221;Voir notre offre&#8221; color=&#8221;secondarycolor&#8221; align=&#8221;center&#8221; css=&#8221;&#8221; link=&#8221;url:https%3A%2F%2Fimpactup.com%2Frecrutement%2F&#8221;][\/vc_column][vc_column width=&#8221;1\/3&#8243;][vc_btn title=&#8221;Confiez-nous votre projet&#8221; color=&#8221;secondarycolor&#8221; align=&#8221;center&#8221; css=&#8221;&#8221; link=&#8221;url:https%3A%2F%2Fimpactup.com%2Fetude-personnalisee%2F&#8221;][\/vc_column][vc_column width=&#8221;1\/3&#8243;][vc_btn title=&#8221;Contactez-nous&#8221; color=&#8221;secondarycolor&#8221; align=&#8221;center&#8221; css=&#8221;&#8221; link=&#8221;url:https%3A%2F%2Fimpactup.com%2Fcontact%2F&#8221;][\/vc_column][\/vc_row][vc_row css=&#8221;.vc_custom_1717658445522{padding-top: 40px !important;}&#8221;][vc_column][vc_column_text css=&#8221;&#8221;]<\/p>\n<section style=\"text-align: justify;\">\n<h2><strong>En ce qui concerne le m\u00e9tier d\u2019ing\u00e9nieur commercial B to B<\/strong><\/h2>\n<p>L\u2019ing\u00e9nieur commercial est un professionnel charg\u00e9 de <strong>d\u00e9velopper les ventes<\/strong>\u00a0de son entreprise sur un march\u00e9 donn\u00e9. Dans cette optique, il peut mener diverses missions telles que la prospection de nouveaux clients et la mise en \u0153uvre de politiques de fid\u00e9lisation efficaces pour les garder. Il peut \u00e9galement \u00eatre amen\u00e9 \u00e0 accompagner ses clients sur des\u00a0<strong>projets de longue dur\u00e9e<\/strong><strong>\u00a0<\/strong>en passant par toutes les \u00e9tapes du\u00a0<strong>cycle de vente<\/strong>. Par ailleurs, \u00e0 la diff\u00e9rence du commercial classique (agent ou attach\u00e9), les fonctions de l\u2019ing\u00e9nieur commercial sont plus techniques \u00e9tant donn\u00e9 qu\u2019il doit \u00e0 la fois ma\u00eetriser les aspects techniques et les avantages commerciaux des produits ou services qu\u2019il propose en vue de donner \u00e0 son client une vision claire et nette de la n\u00e9cessit\u00e9 de son achat.<\/p>\n<p>Dans le cadre de sa mission, l\u2019<strong>ing\u00e9nieur commercial B to B<\/strong> est amen\u00e9 \u00e0 faire de la prospection afin d\u2019identifier les opportunit\u00e9s business en accord avec son offre commerciale. Toutefois, la prospection ne repr\u00e9sente qu\u2019une partie de son activit\u00e9. Force de proposition, cet expert de la vente va \u00e0 la rencontre des clients, d\u00e9croche des rendez-vous, r\u00e9dige les propositions commerciales et n\u00e9gocie les conditions de la vente.<\/p>\n<p>Connaissances techniques et comp\u00e9tences commerciales sont indissociables pour exercer le m\u00e9tier. Car il ne s\u2019agit pas simplement de vendre un produit\u00a0: encore faut-il maitriser son offre sur le bout des doigts afin de pr\u00e9senter des arguments diff\u00e9renci\u00e9s en fonction des clients. \u00c0 la diff\u00e9rence du commercial classique,\u00a0l\u2019<strong>ing\u00e9nieur commercial B to B<\/strong> a pour interlocuteur des professionnels avertis. \u00c0 cet \u00e9gard, savoir convaincre, avoir de la r\u00e9partie, \u00eatre pers\u00e9v\u00e9rant et savoir n\u00e9gocier sont des qualit\u00e9s essentielles dans ce m\u00e9tier, qui se complexifie de plus en plus.<\/p>\n<p>Compte tenu de la sp\u00e9cificit\u00e9 de ce m\u00e9tier, confier \u00e0 un <a href=\"https:\/\/impactup.com\/glossaire\/cabinet-de-recrutement-fonction-commerciale\"><strong>cabinet de recrutement la recherche de votre ing\u00e9nieur commercial B to B<\/strong><\/a> est vivement recommand\u00e9. En effet, les enjeux sont trop importants (gagner des parts de march\u00e9s, faire des \u00e9conomies ou m\u00eame devenir un leader) pour ne pas laisser ce poste sous la responsabilit\u00e9 d\u2019une personne incomp\u00e9tente et inadapt\u00e9e.<\/p>\n<h2><strong>Pourquoi solliciter les services d\u2019un cabinet de recrutement pour le poste d\u2019ing\u00e9nieur commercial B to B\u00a0?<\/strong><\/h2>\n<p>Le recrutement de cadres commerciaux est un processus qui risque de prendre beaucoup de temps et de mobiliser bon nombre du personnel de l\u2019entreprise pour une dur\u00e9e ind\u00e9termin\u00e9e. Externaliser la <a href=\"https:\/\/impactup.com\/glossaire\/cabinet-de-recrutement-consultant-commercial\"><strong>campagne<\/strong> <strong>de recrutement<\/strong> <strong>aupr\u00e8s d\u2019un<\/strong> <strong>cabinet<\/strong><\/a> sp\u00e9cialis\u00e9 se pr\u00e9sente donc comme la solution id\u00e9ale pour d\u00e9nicher un <a href=\"https:\/\/impactup.com\/glossaire\/cabinet-de-recrutement-consultant-commercial\"><strong>ing\u00e9nieur commercial B to B<\/strong><\/a>. L\u2019agence sera en effet en mesure de prendre en charge toutes les t\u00e2ches relatives \u00e0 la recherche et \u00e0 la s\u00e9lection des meilleurs candidats pour le poste.<\/p>\n<p>Dans le cas o\u00f9 les strat\u00e9gies classiques de recrutement s\u2019av\u00e8rent infructueuses, vous profiterez de l\u2019expertise de chasseurs de t\u00eates exp\u00e9riment\u00e9s et justifiants de longues ann\u00e9es d\u2019exp\u00e9rience. De plus, en soumettant toutes vos d\u00e9marches d\u2019embauche \u00e0 un prestataire en externe, vous serez ainsi d\u00e9charg\u00e9 de diff\u00e9rentes activit\u00e9s p\u00e9rilleuses et pourrez mieux vous concentrer sur vos missions prioritaires.<\/p>\n<p>Par ailleurs, si vous n\u2019avez pas d\u2019id\u00e9es pr\u00e9cises des comp\u00e9tences que la personne doit avoir, ces derniers vous conseilleront dans la d\u00e9finition du profil du candidat id\u00e9al, en fonction de l\u2019ampleur des responsabilit\u00e9s qui lui incomberont. En plus des comp\u00e9tences des candidats, ils tiennent \u00e9galement compte de leur personnalit\u00e9 lors de la s\u00e9lection.\u00a0 <strong>ImpactUP<\/strong> est le partenaire incontournable des entreprises de toute taille de France et d\u2019ailleurs, convaincues par notre professionnalisme.<\/p>\n<h2><strong>La chasse de t\u00eate comme alternative \u00e0 la m\u00e9thode de recrutement traditionnelle<\/strong><\/h2>\n<p>Dans bien des cas, les meilleurs profils sont d\u00e9j\u00e0 en poste dans d\u2019autres entreprises, voire, chez le concurrent. Mais c\u2019est justement dans ce genre de situation que la chasse de t\u00eate prouve toute sa valeur ajout\u00e9e. En effet, l\u2019approche directe permet d\u2019identifier et de convaincre des candidats disposant de comp\u00e9tences particuli\u00e8res \u00e0 rejoindre le projet du client.<\/p>\n<p>L\u2019avantage premier de cette m\u00e9thode est la possibilit\u00e9 d\u2019un ciblage tr\u00e8s pr\u00e9cis. D\u2019une mani\u00e8re g\u00e9n\u00e9rale, l\u2019approche classique n\u2019offre pas aux recruteurs l\u2019opportunit\u00e9 de conna\u00eetre au pr\u00e9alable les r\u00e9elles capacit\u00e9s de chaque candidat. En intervenant directement dans des soci\u00e9t\u00e9s du m\u00eame secteur que le client, le cabinet trouvera des profils qui r\u00e9pondent aux besoins de celui-ci. D\u2019ailleurs, les candidats d\u00e9j\u00e0 en poste ne verront surement pas les annonces, car ils ne sont pas \u00e0 la recherche d\u2019emploi.<\/p>\n<h2><strong>ImpactUP, un cabinet pour optimiser votre processus de recrutement d\u2019ing\u00e9nieur commercial B to B<\/strong><\/h2>\n<p><strong>ImpactUP est une <\/strong>agence sp\u00e9cialis\u00e9e dans la recherche de cadres commerciaux de haut niveau pour des entreprises de toutes tailles.<\/p>\n<p>Notre <strong>cabinet de recrutement <\/strong>vous propose les meilleurs profils qui correspondent le mieux au poste <strong>d\u2019ing\u00e9nieur commercial B to B<\/strong>. Nos consultants sont d\u2019ailleurs sp\u00e9cialis\u00e9s dans l\u2019analyse des qualit\u00e9s et des comp\u00e9tences de bons chefs de vente, technico-commerciaux ou responsables de centres de profit.<\/p>\n<p>Pour la s\u00e9lection des candidats, nous prenons en compte leur profil, leur parcours professionnel ainsi que leur savoir-\u00eatre. De ce fait, vous aurez l\u2019assurance de disposer d\u2019une liste de candidature qui correspond \u00e0 vos crit\u00e8res de s\u00e9lection.<\/p>\n<p>Pour cela, nous traitons chaque mission en suivant 7 \u00e9tapes cl\u00e9s\u00a0:<\/p>\n<ul>\n<li>La d\u00e9finition du besoin avec le client\u00a0: mission, objectifs, t\u00e2ches, profil, formation, exp\u00e9rience, personnalit\u00e9, conditions d\u2019embauche<\/li>\n<li>Description du poste et r\u00e9daction de l\u2019offre d\u2019emploi<\/li>\n<li>Recherche de candidats\u00a0: publication de l\u2019offre sur notre site, diffusion de l\u2019annonce sur tous les supports s\u00e9lectionn\u00e9s par le client, et chasse directe<\/li>\n<li>Analyse et s\u00e9lection des candidatures sur des crit\u00e8res objectifs et entretiens t\u00e9l\u00e9phoniques (pr\u00e9s\u00e9lection)<\/li>\n<li>S\u00e9lection\u00a0: entretiens avec nos consultants, \u00e9valuations des comp\u00e9tences et prises de r\u00e9f\u00e9rence<\/li>\n<li>Short-list\u00a0: pr\u00e9sentation au client des candidats retenus \u00e0 l\u2019issue du test et des entretiens physiques<\/li>\n<li>Suivi du candidat jusqu\u2019\u00e0 l\u2019embauche d\u00e9finitive<\/li>\n<\/ul>\n<p>Nous tenons \u00e0 pr\u00e9ciser que les candidats sont \u00e9valu\u00e9s par nos consultants experts tout au long du processus de recrutement. Chaque candidat est soumis non seulement \u00e0 des entretiens et des mises en situation, mais aussi \u00e0 d\u2019autres questionnaires et tests permettant d\u2019analyser sa personnalit\u00e9, ses facteurs de motivation et son niveau d\u2019affinit\u00e9 avec le poste.<\/p>\n<h2><strong>Des services bas\u00e9s sur la technologie<\/strong><\/h2>\n<ul>\n<li><a href=\"https:\/\/impactup.com\"><strong>ImpactUP<\/strong><\/a> propose un large \u00e9ventail de prestations afin de doter rapidement les entreprises de nouveaux talents :<\/li>\n<li>un outil en ligne SaaS d&#8217;\u00e9valuation qui donne l\u2019opportunit\u00e9 de jauger les bases dans les comp\u00e9tences; une langue \u00e9trang\u00e8re et ainsi de renforcer ses capacit\u00e9s linguistiques propos\u00e9 en collaboration avec Pipplet ;<\/li>\n<li>une plateforme d\u2019\u00e9valuation qui repose sur 4 familles d\u2019outils : TalentRelation\u00ae, TalentBusiness\u00ae, TalentAttitude\u00ae et TalentInitial\u00ae.<\/li>\n<\/ul>\n<p>Le coaching des candidats est une autre des activit\u00e9s d\u2019<strong>ImpactUP<\/strong> pour leur \u00e9panouissement professionnel \u00e0 un poste int\u00e9ressant.<\/p>\n<\/section>\n<p>[\/vc_column_text][\/vc_column][\/vc_row]<\/p>\n<\/div>","protected":false},"excerpt":{"rendered":"<p>[vc_row][vc_column width=&#8221;1\/3&#8243;][vc_btn title=&#8221;Voir notre offre&#8221; color=&#8221;secondarycolor&#8221; align=&#8221;center&#8221; css=&#8221;&#8221; link=&#8221;url:https%3A%2F%2Fimpactup.com%2Frecrutement%2F&#8221;][\/vc_column][vc_column width=&#8221;1\/3&#8243;][vc_btn title=&#8221;Confiez-nous votre projet&#8221; color=&#8221;secondarycolor&#8221; align=&#8221;center&#8221; css=&#8221;&#8221; link=&#8221;url:https%3A%2F%2Fimpactup.com%2Fetude-personnalisee%2F&#8221;][\/vc_column][vc_column width=&#8221;1\/3&#8243;][vc_btn title=&#8221;Contactez-nous&#8221; color=&#8221;secondarycolor&#8221; align=&#8221;center&#8221; css=&#8221;&#8221; link=&#8221;url:https%3A%2F%2Fimpactup.com%2Fcontact%2F&#8221;][\/vc_column][\/vc_row][vc_row css=&#8221;.vc_custom_1717658386032{padding-top: 40px !important;padding-bottom: 20px !important;}&#8221;][vc_column][vc_column_text css=&#8221;&#8221;] Recrutement ing\u00e9nieur commercial B to B\u00a0avec un expert Profil rare, l\u2019ing\u00e9nieur commercial B to B offre est fortement sollicit\u00e9 par les entreprises, principalement celles exer\u00e7ant dans [&hellip;]<\/p>\n","protected":false},"author":4,"featured_media":0,"parent":17218,"menu_order":0,"comment_status":"closed","ping_status":"closed","template":"","meta":{"_monsterinsights_skip_tracking":false,"_monsterinsights_sitenote_active":false,"_monsterinsights_sitenote_note":"","_monsterinsights_sitenote_category":0,"footnotes":""},"class_list":["post-26100","page","type-page","status-publish","hentry"],"yoast_head":"<!-- This site is optimized with the Yoast SEO plugin v27.0 - https:\/\/yoast.com\/product\/yoast-seo-wordpress\/ -->\n<title>Cabinet de recrutement ing\u00e9nieur commercial B to B<\/title>\n<meta name=\"description\" content=\"Cabinet de recrutement ing\u00e9nieur commercial B to B, ing\u00e9nieur d\u2019affaires. Le cabinet de recrutement ImpactUp prend en charge le processus de recrutement de votre ing\u00e9nieur commercial B to B.\" \/>\n<meta name=\"robots\" content=\"index, follow, max-snippet:-1, max-image-preview:large, max-video-preview:-1\" \/>\n<link rel=\"canonical\" href=\"https:\/\/impactup.com\/en\/glossaire\/cabinet-de-recrutement-ingenieur-commercial-b-b\/\" \/>\n<meta property=\"og:locale\" content=\"en_US\" \/>\n<meta property=\"og:type\" content=\"article\" \/>\n<meta property=\"og:title\" content=\"Cabinet de recrutement ing\u00e9nieur commercial B to B\" \/>\n<meta property=\"og:description\" content=\"Cabinet de recrutement ing\u00e9nieur commercial B to B, ing\u00e9nieur d\u2019affaires. Le cabinet de recrutement ImpactUp prend en charge le processus de recrutement de votre ing\u00e9nieur commercial B to B.\" \/>\n<meta property=\"og:url\" content=\"https:\/\/impactup.com\/en\/glossaire\/cabinet-de-recrutement-ingenieur-commercial-b-b\/\" \/>\n<meta property=\"og:site_name\" content=\"ImpactUp\" \/>\n<meta property=\"article:modified_time\" content=\"2024-06-12T09:51:42+00:00\" \/>\n<meta property=\"og:image\" content=\"https:\/\/impactup.com\/wp-content\/uploads\/2021\/01\/og.jpg\" \/>\n\t<meta property=\"og:image:width\" content=\"1067\" \/>\n\t<meta property=\"og:image:height\" content=\"600\" \/>\n\t<meta property=\"og:image:type\" content=\"image\/jpeg\" \/>\n<meta name=\"twitter:card\" content=\"summary_large_image\" \/>\n<meta name=\"twitter:label1\" content=\"Est. reading time\" \/>\n\t<meta name=\"twitter:data1\" content=\"7 minutes\" \/>\n<script type=\"application\/ld+json\" class=\"yoast-schema-graph\">{\"@context\":\"https:\/\/schema.org\",\"@graph\":[{\"@type\":\"WebPage\",\"@id\":\"https:\/\/impactup.com\/en\/glossaire\/cabinet-de-recrutement-ingenieur-commercial-b-b\/\",\"url\":\"https:\/\/impactup.com\/en\/glossaire\/cabinet-de-recrutement-ingenieur-commercial-b-b\/\",\"name\":\"Cabinet de recrutement ing\u00e9nieur commercial B to B\",\"isPartOf\":{\"@id\":\"https:\/\/impactup.com\/en\/#website\"},\"datePublished\":\"2024-06-10T10:55:40+00:00\",\"dateModified\":\"2024-06-12T09:51:42+00:00\",\"description\":\"Cabinet de recrutement ing\u00e9nieur commercial B to B, ing\u00e9nieur d\u2019affaires. Le cabinet de recrutement ImpactUp prend en charge le processus de recrutement de votre ing\u00e9nieur commercial B to B.\",\"breadcrumb\":{\"@id\":\"https:\/\/impactup.com\/en\/glossaire\/cabinet-de-recrutement-ingenieur-commercial-b-b\/#breadcrumb\"},\"inLanguage\":\"en-US\",\"potentialAction\":[{\"@type\":\"ReadAction\",\"target\":[\"https:\/\/impactup.com\/en\/glossaire\/cabinet-de-recrutement-ingenieur-commercial-b-b\/\"]}]},{\"@type\":\"BreadcrumbList\",\"@id\":\"https:\/\/impactup.com\/en\/glossaire\/cabinet-de-recrutement-ingenieur-commercial-b-b\/#breadcrumb\",\"itemListElement\":[{\"@type\":\"ListItem\",\"position\":1,\"name\":\"Accueil\",\"item\":\"https:\/\/impactup.com\/en\/\"},{\"@type\":\"ListItem\",\"position\":2,\"name\":\"Glossaire\",\"item\":\"https:\/\/impactup.com\/en\/glossaire\/\"},{\"@type\":\"ListItem\",\"position\":3,\"name\":\"Recrutement ing\u00e9nieur commercial B to B avec un expert\"}]},{\"@type\":\"WebSite\",\"@id\":\"https:\/\/impactup.com\/en\/#website\",\"url\":\"https:\/\/impactup.com\/en\/\",\"name\":\"ImpactUp\",\"description\":\"Recrutement commerciaux, directions commerciales et fonctions marketing\",\"potentialAction\":[{\"@type\":\"SearchAction\",\"target\":{\"@type\":\"EntryPoint\",\"urlTemplate\":\"https:\/\/impactup.com\/en\/?s={search_term_string}\"},\"query-input\":{\"@type\":\"PropertyValueSpecification\",\"valueRequired\":true,\"valueName\":\"search_term_string\"}}],\"inLanguage\":\"en-US\"}]}<\/script>\n<!-- \/ Yoast SEO plugin. -->","yoast_head_json":{"title":"Cabinet de recrutement ing\u00e9nieur commercial B to B","description":"Cabinet de recrutement ing\u00e9nieur commercial B to B, ing\u00e9nieur d\u2019affaires. Le cabinet de recrutement ImpactUp prend en charge le processus de recrutement de votre ing\u00e9nieur commercial B to B.","robots":{"index":"index","follow":"follow","max-snippet":"max-snippet:-1","max-image-preview":"max-image-preview:large","max-video-preview":"max-video-preview:-1"},"canonical":"https:\/\/impactup.com\/en\/glossaire\/cabinet-de-recrutement-ingenieur-commercial-b-b\/","og_locale":"en_US","og_type":"article","og_title":"Cabinet de recrutement ing\u00e9nieur commercial B to B","og_description":"Cabinet de recrutement ing\u00e9nieur commercial B to B, ing\u00e9nieur d\u2019affaires. Le cabinet de recrutement ImpactUp prend en charge le processus de recrutement de votre ing\u00e9nieur commercial B to B.","og_url":"https:\/\/impactup.com\/en\/glossaire\/cabinet-de-recrutement-ingenieur-commercial-b-b\/","og_site_name":"ImpactUp","article_modified_time":"2024-06-12T09:51:42+00:00","og_image":[{"width":1067,"height":600,"url":"https:\/\/impactup.com\/wp-content\/uploads\/2021\/01\/og.jpg","type":"image\/jpeg"}],"twitter_card":"summary_large_image","twitter_misc":{"Est. reading time":"7 minutes"},"schema":{"@context":"https:\/\/schema.org","@graph":[{"@type":"WebPage","@id":"https:\/\/impactup.com\/en\/glossaire\/cabinet-de-recrutement-ingenieur-commercial-b-b\/","url":"https:\/\/impactup.com\/en\/glossaire\/cabinet-de-recrutement-ingenieur-commercial-b-b\/","name":"Cabinet de recrutement ing\u00e9nieur commercial B to B","isPartOf":{"@id":"https:\/\/impactup.com\/en\/#website"},"datePublished":"2024-06-10T10:55:40+00:00","dateModified":"2024-06-12T09:51:42+00:00","description":"Cabinet de recrutement ing\u00e9nieur commercial B to B, ing\u00e9nieur d\u2019affaires. Le cabinet de recrutement ImpactUp prend en charge le processus de recrutement de votre ing\u00e9nieur commercial B to B.","breadcrumb":{"@id":"https:\/\/impactup.com\/en\/glossaire\/cabinet-de-recrutement-ingenieur-commercial-b-b\/#breadcrumb"},"inLanguage":"en-US","potentialAction":[{"@type":"ReadAction","target":["https:\/\/impactup.com\/en\/glossaire\/cabinet-de-recrutement-ingenieur-commercial-b-b\/"]}]},{"@type":"BreadcrumbList","@id":"https:\/\/impactup.com\/en\/glossaire\/cabinet-de-recrutement-ingenieur-commercial-b-b\/#breadcrumb","itemListElement":[{"@type":"ListItem","position":1,"name":"Accueil","item":"https:\/\/impactup.com\/en\/"},{"@type":"ListItem","position":2,"name":"Glossaire","item":"https:\/\/impactup.com\/en\/glossaire\/"},{"@type":"ListItem","position":3,"name":"Recrutement ing\u00e9nieur commercial B to B avec un expert"}]},{"@type":"WebSite","@id":"https:\/\/impactup.com\/en\/#website","url":"https:\/\/impactup.com\/en\/","name":"ImpactUp","description":"Recrutement commerciaux, directions commerciales et fonctions marketing","potentialAction":[{"@type":"SearchAction","target":{"@type":"EntryPoint","urlTemplate":"https:\/\/impactup.com\/en\/?s={search_term_string}"},"query-input":{"@type":"PropertyValueSpecification","valueRequired":true,"valueName":"search_term_string"}}],"inLanguage":"en-US"}]}},"_links":{"self":[{"href":"https:\/\/impactup.com\/en\/wp-json\/wp\/v2\/pages\/26100","targetHints":{"allow":["GET"]}}],"collection":[{"href":"https:\/\/impactup.com\/en\/wp-json\/wp\/v2\/pages"}],"about":[{"href":"https:\/\/impactup.com\/en\/wp-json\/wp\/v2\/types\/page"}],"author":[{"embeddable":true,"href":"https:\/\/impactup.com\/en\/wp-json\/wp\/v2\/users\/4"}],"replies":[{"embeddable":true,"href":"https:\/\/impactup.com\/en\/wp-json\/wp\/v2\/comments?post=26100"}],"version-history":[{"count":5,"href":"https:\/\/impactup.com\/en\/wp-json\/wp\/v2\/pages\/26100\/revisions"}],"predecessor-version":[{"id":26476,"href":"https:\/\/impactup.com\/en\/wp-json\/wp\/v2\/pages\/26100\/revisions\/26476"}],"up":[{"embeddable":true,"href":"https:\/\/impactup.com\/en\/wp-json\/wp\/v2\/pages\/17218"}],"wp:attachment":[{"href":"https:\/\/impactup.com\/en\/wp-json\/wp\/v2\/media?parent=26100"}],"curies":[{"name":"wp","href":"https:\/\/api.w.org\/{rel}","templated":true}]}}