{"id":26068,"date":"2024-06-10T11:29:39","date_gmt":"2024-06-10T09:29:39","guid":{"rendered":"https:\/\/impactup.niou.dev\/?page_id=26068"},"modified":"2024-06-12T11:46:00","modified_gmt":"2024-06-12T09:46:00","slug":"cabinet-de-recrutement-fonction-commerciale","status":"publish","type":"page","link":"https:\/\/impactup.com\/en\/glossaire\/cabinet-de-recrutement-fonction-commerciale\/","title":{"rendered":"Recrutement fonctions commerciales avec un cabinet sp\u00e9cialis\u00e9"},"content":{"rendered":"<div class=\"wpb-content-wrapper\"><p>[vc_row][vc_column width=&#8221;1\/3&#8243;][vc_btn title=&#8221;Voir notre offre&#8221; color=&#8221;secondarycolor&#8221; align=&#8221;center&#8221; css=&#8221;&#8221; link=&#8221;url:https%3A%2F%2Fimpactup.com%2Frecrutement%2F&#8221;][\/vc_column][vc_column width=&#8221;1\/3&#8243;][vc_btn title=&#8221;Confiez-nous votre projet&#8221; color=&#8221;secondarycolor&#8221; align=&#8221;center&#8221; css=&#8221;&#8221; link=&#8221;url:https%3A%2F%2Fimpactup.com%2Fetude-personnalisee%2F&#8221;][\/vc_column][vc_column width=&#8221;1\/3&#8243;][vc_btn title=&#8221;Contactez-nous&#8221; color=&#8221;secondarycolor&#8221; align=&#8221;center&#8221; css=&#8221;&#8221; link=&#8221;url:https%3A%2F%2Fimpactup.com%2Fcontact%2F&#8221;][\/vc_column][\/vc_row][vc_row css=&#8221;.vc_custom_1717658386032{padding-top: 40px !important;padding-bottom: 20px !important;}&#8221;][vc_column][vc_column_text css=&#8221;&#8221;]<\/p>\n<section style=\"text-align: justify;\">\n<h2><strong>Recrutement fonctions commerciales avec un cabinet sp\u00e9cialis\u00e9 <\/strong><\/h2>\n<p>Les fonctions commerciales ont un r\u00f4le d\u00e9terminant sur la rentabilit\u00e9 d\u2019une entreprise, par cons\u00e9quent, les recrutements dans ce domaine font l\u2019objet d\u2019enjeux forts. Cabinet de <a href=\"https:\/\/impactup.com\/glossaire\/cabinet-de-recrutement-ing%C3%A9nieur-commercial-b-b\"><strong>recrutement sp\u00e9cialiste des fonctions commerciales<\/strong><\/a>, <strong>ImpactUp<\/strong> accompagne les grandes entreprises et les PME dans le cadre de missions de recrutement et de conseil. Nous proposons des solutions de recrutement sur mesure pour trouver et \u00e9valuer les comp\u00e9tences les plus adapt\u00e9es \u00e0 votre contexte.<\/p>\n<\/section>\n<p>[\/vc_column_text][\/vc_column][\/vc_row][vc_row][vc_column width=&#8221;1\/3&#8243;][vc_btn title=&#8221;Voir notre offre&#8221; color=&#8221;secondarycolor&#8221; align=&#8221;center&#8221; css=&#8221;&#8221; link=&#8221;url:https%3A%2F%2Fimpactup.com%2Frecrutement%2F&#8221;][\/vc_column][vc_column width=&#8221;1\/3&#8243;][vc_btn title=&#8221;Confiez-nous votre projet&#8221; color=&#8221;secondarycolor&#8221; align=&#8221;center&#8221; css=&#8221;&#8221; link=&#8221;url:https%3A%2F%2Fimpactup.com%2Fetude-personnalisee%2F&#8221;][\/vc_column][vc_column width=&#8221;1\/3&#8243;][vc_btn title=&#8221;Contactez-nous&#8221; color=&#8221;secondarycolor&#8221; align=&#8221;center&#8221; css=&#8221;&#8221; link=&#8221;url:https%3A%2F%2Fimpactup.com%2Fcontact%2F&#8221;][\/vc_column][\/vc_row][vc_row css=&#8221;.vc_custom_1717658445522{padding-top: 40px !important;}&#8221;][vc_column][vc_column_text css=&#8221;&#8221;]<\/p>\n<section style=\"text-align: justify;\">\n<h2><strong>Pourquoi bien choisir vos cadres commerciaux\u00a0?<\/strong><\/h2>\n<p>La fonction commerciale est essentielle dans la vie d\u2019une entreprise dont les m\u00e9tiers sont bas\u00e9s sur le commerce de biens et de services \u00e9tant donn\u00e9 que de ses performances vont d\u00e9pendre en grande partie celles de la soci\u00e9t\u00e9 et ses r\u00e9sultats. Il est de ce fait important d\u2019apporter un soin particulier au choix de vos collaborateurs pour assurer l\u2019atteinte des objectifs fix\u00e9s par la direction commerciale.<\/p>\n<p>La fonction commerciale embrasse aussi bien la mercatique, l&#8217;activit\u00e9 qui vise \u00e0 attirer le client vers le produit, que la vente. \u00c0 cet effet, c&#8217;est aux \u00e9quipes commerciales que revient la charge d&#8217;assurer un \u00e9coulement r\u00e9gulier du flux de marchandise, de faire la promotion des produits ou des services, de mener des actions commerciales pertinentes ou encore d&#8217;atteindre les objectifs de vente assign\u00e9s par la direction.<\/p>\n<p>Il faut en effet que les \u00e9quipes soient form\u00e9es par des personnes comp\u00e9tentes et qui savent travailler ensemble, la coh\u00e9sion des \u00e9quipes \u00e9tant primordiale. Des cadres dirigeants aux agents de terrain, tous doivent comprendre et assimiler la strat\u00e9gie de l\u2019entreprise et \u00eatre en mesure de la mettre en \u0153uvre au quotidien. Certains postes seront ainsi assez difficiles \u00e0 pourvoir d\u2019o\u00f9 l\u2019importance de bien recruter les personnes qui vont les occuper.<\/p>\n<p>Ainsi, qu\u2019il s\u2019agisse des responsables d\u00e9cideurs ou ex\u00e9cutants, il est pr\u00e9f\u00e9rable de confier le recrutement des cadres de la <strong>fonction commerciale<\/strong> \u00e0 un <strong>cabinet de recrutement<\/strong>. Ce faisant, vous aurez l\u2019assurance de disposer de collaborateurs comp\u00e9tents qui contribueront \u00e0 la bonne sant\u00e9 de votre soci\u00e9t\u00e9.<\/p>\n<h2><strong>Adopter une strat\u00e9gie de recrutement efficient<\/strong><\/h2>\n<p>Dans tout processus de recrutement, l\u2019objectif principal est de trouver le bon profil pour le bon poste. Aussi, avant d\u2019entamer la recherche de candidat, il est essentiel de d\u00e9finir pr\u00e9cis\u00e9ment vos besoins et attentes vis-\u00e0-vis du poste \u00e0 pourvoir. Mettre en \u0153uvre une op\u00e9ration de recrutement sans avoir pr\u00e9alablement \u00e9tudi\u00e9 la nature du besoin en comp\u00e9tences revient incontestablement \u00e0 vouer \u00e0 l\u2019\u00e9chec ce projet d\u2019embauche. Pour le cas sp\u00e9cifique des fonctions commerciales, le processus de recrutement doit faire l\u2019objet d\u2019une strat\u00e9gie sur-mesure qui d\u00e9finit les crit\u00e8res d\u2019\u00e9valuation des candidats.<\/p>\n<p>Les performances d\u2019une entreprise commerciale, quel que soit son domaine d\u2019activit\u00e9, reposent en grande partie sur celles des \u00e9quipes qui constituent sa force de vente. Or, trouver des collaborateurs pour former ces \u00e9quipes et pour les diriger rel\u00e8ve aujourd\u2019hui d\u2019un v\u00e9ritable parcours du combattant.<\/p>\n<p>Il faut en effet mettre en place une strat\u00e9gie de recrutement efficace qui n\u2019est pas, le plus souvent, du ressort des responsables de Ressources humaines des entreprises. Les enjeux, mais aussi le contexte particulier de certaines fonctions, peuvent notamment rendre le processus d\u00e9licat \u00e0 appr\u00e9hender du fait des sp\u00e9cificit\u00e9s du domaine concerner. Externaliser la conception et la mise en \u0153uvre de la campagne de recrutement aupr\u00e8s d\u2019un <a href=\"https:\/\/impactup.com\/glossaire\/cabinet-de-recrutement-ing%C3%A9nieur-commercial\"><strong>cabinet de recrutement sp\u00e9cialiste de la fonction commerciale<\/strong><\/a> s\u2019impose souvent comme la solution la plus simple.<\/p>\n<p>ImpactUP propose une large gamme de services \u00e0 des entreprises d\u00e9sireuses de se doter rapidement de nouveaux collaborateurs \u00e0 la hauteur de leurs exigences :<\/p>\n<ul>\n<li>un outil en ligne SaaS d&#8217;\u00e9valuation qui donne la possibilit\u00e9 de jauger les bases d\u2019les comp\u00e9tences dans une langue \u00e9trang\u00e8re et ainsi d\u2019am\u00e9liorer ses capacit\u00e9s en langues \u00e9trang\u00e8res propos\u00e9 en partenariat avec Pipplet ;<\/li>\n<li>une plateforme d\u2019\u00e9valuation qui comporte 4 gammes d\u2019outils : TalentBusiness\u00ae, TalentInitial\u00ae, TalentRelation\u00ae et TalentAttitude\u00ae.<\/li>\n<\/ul>\n<h2><strong>ImpactUp, un processus de recrutement en 7 \u00e9tapes<\/strong><\/h2>\n<p><strong>\u00a0<\/strong><\/p>\n<p>D\u2019une mani\u00e8re g\u00e9n\u00e9rale, notre d\u00e9marche s\u2019effectue en 7 \u00e9tapes\u00a0:<\/p>\n<ol>\n<li>D\u00e9finition du besoin\u00a0: ici il faut comprendre ce que le client recherche. Le type de profil,\u2009 l\u2019axe d\u2019expertise,\u2009 les divers termes et conditions\u2009?<\/li>\n<li>R\u00e9daction des documents\u00a0: une fois les besoins d\u00e9finis, il faut s\u2019atteler \u00e0 la r\u00e9daction des offres d\u2019emploi et de la description du poste\u2009;<\/li>\n<li>Recherche\u00a0: diffusion des annonces sur les plateformes d\u00e9finies par le client et sur notre site.<\/li>\n<li>Pr\u00e9s\u00e9lection\u00a0: Analyse des CV et entretiens t\u00e9l\u00e9phoniques\u2009;<\/li>\n<li>S\u00e9lection\u00a0: Entretiens avec les consultants, tests divers et prises de r\u00e9f\u00e9rences<\/li>\n<li>Shortlist\u00a0: Pr\u00e9sentation aupr\u00e8s du client d\u2019une liste des candidats retenus\u2009;<\/li>\n<li>\u00a0Suivi\u00a0: Accompagnement du candidat depuis la signature des contrats jusqu\u2019\u00e0 la mise en poste.<\/li>\n<\/ol>\n<h2><strong>Les avantages du recours aux services d\u2019un cabinet de recrutement<\/strong><\/h2>\n<p>Pour former une \u00e9quipe de commerciaux performante, il vous faut l\u2019accompagnement d\u2019un <a href=\"https:\/\/impactup.com\/glossaire\/recrutement-commerciaux\"><strong>cabinet de recrutement sp\u00e9cialiste de la fonction commerciale<\/strong><\/a>. Outre les techniques et les m\u00e9thodes permettant de s\u00e9lectionner les candidats les plus comp\u00e9tents, la valorisation de l\u2019image de l\u2019entreprise aupr\u00e8s des candidats, permettant de les s\u00e9duire, figure aussi parmi les t\u00e2ches des cabinets de recrutement.<\/p>\n<p>Par ailleurs, ces prestataires sp\u00e9cialis\u00e9s disposent g\u00e9n\u00e9ralement d\u2019un r\u00e9seau de contacts tr\u00e8s fourni leur permettant d\u2019acc\u00e9der \u00e0 une base de candidats potentiels bien plus large. Cela est un atout non n\u00e9gligeable pour avoir les meilleures chances de trouver le profil convenable. De plus, il s\u2019agit d\u2019une approche facilitant la discr\u00e9tion si jamais la situation de l\u2019entreprise l\u2019imposait.<\/p>\n<p>Cette d\u00e9marche vous fera \u00e9galement \u00e9conomiser du temps, un temps pr\u00e9cieux que vous pouvez consacrer \u00e0 votre c\u0153ur d\u2019activit\u00e9. De plus, certaines agences ont un service ou des consultants qui pourront vous aider \u00e0 r\u00e9soudre des questions strat\u00e9giques encore plus complexes.<\/p>\n<p>L\u2019\u00e9quipe du cabinet <strong>ImpactUP<\/strong> poss\u00e8de une solide exp\u00e9rience dans la recherche et le recrutement de talents de haut niveau et d\u2019experts m\u00e9tiers sur des p\u00f4les d\u2019expertise li\u00e9s au marketing et au commerce : d\u00e9l\u00e9gu\u00e9 commercial, responsable de promotion des ventes, marchandiseur(euse), ing\u00e9nieur commercial, business developer, charg\u00e9(e) de marketing direct, category manager, et \u00e0 toutes les fonctions strat\u00e9giques de l\u2019entreprise : digital marketing manager, key account manager, directeur(trice) de la relation client, directeur(trice) de marque, sales administrator\u2026<\/p>\n<h2><strong>Recrutez les membres de vos \u00e9quipes commerciales et marketing avec ImpactUP\u00a0\u00a0\u00a0\u00a0\u00a0\u00a0\u00a0\u00a0\u00a0\u00a0 <\/strong><\/h2>\n<p>ImpactUP est un <strong>cabinet de recrutement sp\u00e9cialis\u00e9 dans les fonctions commerciales<\/strong> et marketing. \u00c0 ce titre, nous offrons \u00e0 nos clients une large gamme de services relative au recrutement des \u00e9quipes commerciales d\u2019une entreprise. Ayant pour mot d\u2019ordre la satisfaction des clients, notre cabinet de recrutement propose une m\u00e9thode efficace permettant de rep\u00e9rer les meilleurs candidats, mise en pratique par des \u00e9quipes form\u00e9es par plus de 2000 commerciaux et managers. Hormis notre intervention dans le processus de recrutement, nous intervenons \u00e9galement dans d\u2019autres domaines comme la formation et le d\u00e9veloppement de l\u2019entreprise.<\/p>\n<p>Parmi les leaders dans le recrutement des salari\u00e9s d\u00e9di\u00e9s aux fonctions commerciales, nous proposons diverses prestations en nous appuyant sur le professionnalisme et l\u2019exp\u00e9rience de nos consultants. En effet, notre expertise vous permettra de trouver des commerciaux proactifs, des managers \u00e0 fort potentiel ainsi que des dirigeants comp\u00e9tents. Pour optimiser l\u2019attractivit\u00e9 et la r\u00e9activit\u00e9 de votre entreprise, nous mettons enti\u00e8rement \u00e0 votre disposition notre savoir-faire en termes de recrutement.<\/p>\n<p>Avec <a href=\"https:\/\/impactup.com\"><strong>ImpactUP<\/strong><\/a>, vous aurez \u00e0 votre service une \u00e9quipe de professionnels capables de trouver des collaborateurs qui rempliront parfaitement vos crit\u00e8res de s\u00e9lection. Tout au long de la d\u00e9marche de recrutement, nos experts vous accompagnent pour vous aider \u00e0 trouver la perle rare qui sera l\u2019un de vos atouts majeurs en vue de votre d\u00e9veloppement commercial. Nous vous conseillons \u00e9galement sur la mise en place d\u2019une r\u00e9elle strat\u00e9gie d\u00e9di\u00e9e \u00e0 vos ressources humaines d\u00e9di\u00e9es \u00e0 la vente et au marketing.<\/p>\n<\/section>\n<p>[\/vc_column_text][\/vc_column][\/vc_row]<\/p>\n<\/div>","protected":false},"excerpt":{"rendered":"<p>[vc_row][vc_column width=&#8221;1\/3&#8243;][vc_btn title=&#8221;Voir notre offre&#8221; color=&#8221;secondarycolor&#8221; align=&#8221;center&#8221; css=&#8221;&#8221; link=&#8221;url:https%3A%2F%2Fimpactup.com%2Frecrutement%2F&#8221;][\/vc_column][vc_column width=&#8221;1\/3&#8243;][vc_btn title=&#8221;Confiez-nous votre projet&#8221; color=&#8221;secondarycolor&#8221; align=&#8221;center&#8221; css=&#8221;&#8221; link=&#8221;url:https%3A%2F%2Fimpactup.com%2Fetude-personnalisee%2F&#8221;][\/vc_column][vc_column width=&#8221;1\/3&#8243;][vc_btn title=&#8221;Contactez-nous&#8221; color=&#8221;secondarycolor&#8221; align=&#8221;center&#8221; css=&#8221;&#8221; link=&#8221;url:https%3A%2F%2Fimpactup.com%2Fcontact%2F&#8221;][\/vc_column][\/vc_row][vc_row css=&#8221;.vc_custom_1717658386032{padding-top: 40px !important;padding-bottom: 20px !important;}&#8221;][vc_column][vc_column_text css=&#8221;&#8221;] Recrutement fonctions commerciales avec un cabinet sp\u00e9cialis\u00e9 Les fonctions commerciales ont un r\u00f4le d\u00e9terminant sur la rentabilit\u00e9 d\u2019une entreprise, par cons\u00e9quent, les recrutements dans ce domaine [&hellip;]<\/p>\n","protected":false},"author":4,"featured_media":0,"parent":17218,"menu_order":0,"comment_status":"closed","ping_status":"closed","template":"","meta":{"_monsterinsights_skip_tracking":false,"_monsterinsights_sitenote_active":false,"_monsterinsights_sitenote_note":"","_monsterinsights_sitenote_category":0,"footnotes":""},"class_list":["post-26068","page","type-page","status-publish","hentry"],"yoast_head":"<!-- This site is optimized with the Yoast SEO plugin v27.0 - https:\/\/yoast.com\/product\/yoast-seo-wordpress\/ -->\n<title>Cabinet de recrutement des fonctions commerciales<\/title>\n<meta name=\"description\" content=\"Cabinet de recrutement sp\u00e9cialiste des fonctions commerciales et marketing. Le cabinet ImpactUp propose des solutions de recrutement sur mesure pour vos fonctions commerciales.\" \/>\n<meta name=\"robots\" content=\"index, follow, max-snippet:-1, max-image-preview:large, max-video-preview:-1\" \/>\n<link rel=\"canonical\" href=\"https:\/\/impactup.com\/en\/glossaire\/cabinet-de-recrutement-fonction-commerciale\/\" \/>\n<meta property=\"og:locale\" content=\"en_US\" \/>\n<meta property=\"og:type\" content=\"article\" \/>\n<meta property=\"og:title\" content=\"Cabinet de recrutement des fonctions commerciales\" \/>\n<meta property=\"og:description\" content=\"Cabinet de recrutement sp\u00e9cialiste des fonctions commerciales et marketing. Le cabinet ImpactUp propose des solutions de recrutement sur mesure pour vos fonctions commerciales.\" \/>\n<meta property=\"og:url\" content=\"https:\/\/impactup.com\/en\/glossaire\/cabinet-de-recrutement-fonction-commerciale\/\" \/>\n<meta property=\"og:site_name\" content=\"ImpactUp\" \/>\n<meta property=\"article:modified_time\" content=\"2024-06-12T09:46:00+00:00\" \/>\n<meta property=\"og:image\" content=\"https:\/\/impactup.com\/wp-content\/uploads\/2021\/01\/og.jpg\" \/>\n\t<meta property=\"og:image:width\" content=\"1067\" \/>\n\t<meta property=\"og:image:height\" content=\"600\" \/>\n\t<meta property=\"og:image:type\" content=\"image\/jpeg\" \/>\n<meta name=\"twitter:card\" content=\"summary_large_image\" \/>\n<meta name=\"twitter:label1\" content=\"Est. reading time\" \/>\n\t<meta name=\"twitter:data1\" content=\"7 minutes\" \/>\n<script type=\"application\/ld+json\" class=\"yoast-schema-graph\">{\"@context\":\"https:\/\/schema.org\",\"@graph\":[{\"@type\":\"WebPage\",\"@id\":\"https:\/\/impactup.com\/en\/glossaire\/cabinet-de-recrutement-fonction-commerciale\/\",\"url\":\"https:\/\/impactup.com\/en\/glossaire\/cabinet-de-recrutement-fonction-commerciale\/\",\"name\":\"Cabinet de recrutement des fonctions commerciales\",\"isPartOf\":{\"@id\":\"https:\/\/impactup.com\/en\/#website\"},\"datePublished\":\"2024-06-10T09:29:39+00:00\",\"dateModified\":\"2024-06-12T09:46:00+00:00\",\"description\":\"Cabinet de recrutement sp\u00e9cialiste des fonctions commerciales et marketing. Le cabinet ImpactUp propose des solutions de recrutement sur mesure pour vos fonctions commerciales.\",\"breadcrumb\":{\"@id\":\"https:\/\/impactup.com\/en\/glossaire\/cabinet-de-recrutement-fonction-commerciale\/#breadcrumb\"},\"inLanguage\":\"en-US\",\"potentialAction\":[{\"@type\":\"ReadAction\",\"target\":[\"https:\/\/impactup.com\/en\/glossaire\/cabinet-de-recrutement-fonction-commerciale\/\"]}]},{\"@type\":\"BreadcrumbList\",\"@id\":\"https:\/\/impactup.com\/en\/glossaire\/cabinet-de-recrutement-fonction-commerciale\/#breadcrumb\",\"itemListElement\":[{\"@type\":\"ListItem\",\"position\":1,\"name\":\"Accueil\",\"item\":\"https:\/\/impactup.com\/en\/\"},{\"@type\":\"ListItem\",\"position\":2,\"name\":\"Glossaire\",\"item\":\"https:\/\/impactup.com\/en\/glossaire\/\"},{\"@type\":\"ListItem\",\"position\":3,\"name\":\"Recrutement fonctions commerciales avec un cabinet sp\u00e9cialis\u00e9\"}]},{\"@type\":\"WebSite\",\"@id\":\"https:\/\/impactup.com\/en\/#website\",\"url\":\"https:\/\/impactup.com\/en\/\",\"name\":\"ImpactUp\",\"description\":\"Recrutement commerciaux, directions commerciales et fonctions marketing\",\"potentialAction\":[{\"@type\":\"SearchAction\",\"target\":{\"@type\":\"EntryPoint\",\"urlTemplate\":\"https:\/\/impactup.com\/en\/?s={search_term_string}\"},\"query-input\":{\"@type\":\"PropertyValueSpecification\",\"valueRequired\":true,\"valueName\":\"search_term_string\"}}],\"inLanguage\":\"en-US\"}]}<\/script>\n<!-- \/ Yoast SEO plugin. -->","yoast_head_json":{"title":"Cabinet de recrutement des fonctions commerciales","description":"Cabinet de recrutement sp\u00e9cialiste des fonctions commerciales et marketing. Le cabinet ImpactUp propose des solutions de recrutement sur mesure pour vos fonctions commerciales.","robots":{"index":"index","follow":"follow","max-snippet":"max-snippet:-1","max-image-preview":"max-image-preview:large","max-video-preview":"max-video-preview:-1"},"canonical":"https:\/\/impactup.com\/en\/glossaire\/cabinet-de-recrutement-fonction-commerciale\/","og_locale":"en_US","og_type":"article","og_title":"Cabinet de recrutement des fonctions commerciales","og_description":"Cabinet de recrutement sp\u00e9cialiste des fonctions commerciales et marketing. Le cabinet ImpactUp propose des solutions de recrutement sur mesure pour vos fonctions commerciales.","og_url":"https:\/\/impactup.com\/en\/glossaire\/cabinet-de-recrutement-fonction-commerciale\/","og_site_name":"ImpactUp","article_modified_time":"2024-06-12T09:46:00+00:00","og_image":[{"width":1067,"height":600,"url":"https:\/\/impactup.com\/wp-content\/uploads\/2021\/01\/og.jpg","type":"image\/jpeg"}],"twitter_card":"summary_large_image","twitter_misc":{"Est. reading time":"7 minutes"},"schema":{"@context":"https:\/\/schema.org","@graph":[{"@type":"WebPage","@id":"https:\/\/impactup.com\/en\/glossaire\/cabinet-de-recrutement-fonction-commerciale\/","url":"https:\/\/impactup.com\/en\/glossaire\/cabinet-de-recrutement-fonction-commerciale\/","name":"Cabinet de recrutement des fonctions commerciales","isPartOf":{"@id":"https:\/\/impactup.com\/en\/#website"},"datePublished":"2024-06-10T09:29:39+00:00","dateModified":"2024-06-12T09:46:00+00:00","description":"Cabinet de recrutement sp\u00e9cialiste des fonctions commerciales et marketing. Le cabinet ImpactUp propose des solutions de recrutement sur mesure pour vos fonctions commerciales.","breadcrumb":{"@id":"https:\/\/impactup.com\/en\/glossaire\/cabinet-de-recrutement-fonction-commerciale\/#breadcrumb"},"inLanguage":"en-US","potentialAction":[{"@type":"ReadAction","target":["https:\/\/impactup.com\/en\/glossaire\/cabinet-de-recrutement-fonction-commerciale\/"]}]},{"@type":"BreadcrumbList","@id":"https:\/\/impactup.com\/en\/glossaire\/cabinet-de-recrutement-fonction-commerciale\/#breadcrumb","itemListElement":[{"@type":"ListItem","position":1,"name":"Accueil","item":"https:\/\/impactup.com\/en\/"},{"@type":"ListItem","position":2,"name":"Glossaire","item":"https:\/\/impactup.com\/en\/glossaire\/"},{"@type":"ListItem","position":3,"name":"Recrutement fonctions commerciales avec un cabinet sp\u00e9cialis\u00e9"}]},{"@type":"WebSite","@id":"https:\/\/impactup.com\/en\/#website","url":"https:\/\/impactup.com\/en\/","name":"ImpactUp","description":"Recrutement commerciaux, directions commerciales et fonctions marketing","potentialAction":[{"@type":"SearchAction","target":{"@type":"EntryPoint","urlTemplate":"https:\/\/impactup.com\/en\/?s={search_term_string}"},"query-input":{"@type":"PropertyValueSpecification","valueRequired":true,"valueName":"search_term_string"}}],"inLanguage":"en-US"}]}},"_links":{"self":[{"href":"https:\/\/impactup.com\/en\/wp-json\/wp\/v2\/pages\/26068","targetHints":{"allow":["GET"]}}],"collection":[{"href":"https:\/\/impactup.com\/en\/wp-json\/wp\/v2\/pages"}],"about":[{"href":"https:\/\/impactup.com\/en\/wp-json\/wp\/v2\/types\/page"}],"author":[{"embeddable":true,"href":"https:\/\/impactup.com\/en\/wp-json\/wp\/v2\/users\/4"}],"replies":[{"embeddable":true,"href":"https:\/\/impactup.com\/en\/wp-json\/wp\/v2\/comments?post=26068"}],"version-history":[{"count":6,"href":"https:\/\/impactup.com\/en\/wp-json\/wp\/v2\/pages\/26068\/revisions"}],"predecessor-version":[{"id":26473,"href":"https:\/\/impactup.com\/en\/wp-json\/wp\/v2\/pages\/26068\/revisions\/26473"}],"up":[{"embeddable":true,"href":"https:\/\/impactup.com\/en\/wp-json\/wp\/v2\/pages\/17218"}],"wp:attachment":[{"href":"https:\/\/impactup.com\/en\/wp-json\/wp\/v2\/media?parent=26068"}],"curies":[{"name":"wp","href":"https:\/\/api.w.org\/{rel}","templated":true}]}}