{"id":26056,"date":"2024-06-10T11:14:55","date_gmt":"2024-06-10T09:14:55","guid":{"rendered":"https:\/\/impactup.niou.dev\/?page_id=26056"},"modified":"2024-06-12T11:37:01","modified_gmt":"2024-06-12T09:37:01","slug":"cabinet-de-recrutement-dirigeant-commercial","status":"publish","type":"page","link":"https:\/\/impactup.com\/en\/glossaire\/cabinet-de-recrutement-dirigeant-commercial\/","title":{"rendered":"Cabinet de recrutement sp\u00e9cialiste de l\u2019embauche de cadres et de dirigeants commerciaux"},"content":{"rendered":"<div class=\"wpb-content-wrapper\"><p>[vc_row][vc_column width=&#8221;1\/3&#8243;][vc_btn title=&#8221;Voir notre offre&#8221; color=&#8221;secondarycolor&#8221; align=&#8221;center&#8221; css=&#8221;&#8221; link=&#8221;url:https%3A%2F%2Fimpactup.com%2Frecrutement%2F&#8221;][\/vc_column][vc_column width=&#8221;1\/3&#8243;][vc_btn title=&#8221;Confiez-nous votre projet&#8221; color=&#8221;secondarycolor&#8221; align=&#8221;center&#8221; css=&#8221;&#8221; link=&#8221;url:https%3A%2F%2Fimpactup.com%2Fetude-personnalisee%2F&#8221;][\/vc_column][vc_column width=&#8221;1\/3&#8243;][vc_btn title=&#8221;Contactez-nous&#8221; color=&#8221;secondarycolor&#8221; align=&#8221;center&#8221; css=&#8221;&#8221; link=&#8221;url:https%3A%2F%2Fimpactup.com%2Fcontact%2F&#8221;][\/vc_column][\/vc_row][vc_row css=&#8221;.vc_custom_1717658386032{padding-top: 40px !important;padding-bottom: 20px !important;}&#8221;][vc_column][vc_column_text css=&#8221;&#8221;]<\/p>\n<section style=\"text-align: justify;\">\n<h2>Cabinet de recrutement sp\u00e9cialiste de l\u2019embauche de cadres et de dirigeants commerciaux<\/h2>\n<p>Recourir aux services d\u2019un <a href=\"https:\/\/impactup.com\/glossaire\/cabinet-de-recrutement-directeur-commercial\"><strong>cabinet de recrutement pour embaucher un dirigeant du service commercial<\/strong><\/a> repr\u00e9sente l\u2019option la plus sage si vous voulez \u00eatre s\u00fbr des comp\u00e9tences de votre futur collaborateur. <strong>ImpactUP<\/strong> vous aidera \u00e0 d\u00e9nicher la perle rare si vous cherchez des cadres talentueux pour des postes relatifs \u00e0 la vente ou au commerce et au marketing. Le cabinet ImpactUP est un expert en recrutement de talents de haut niveau et d\u2019experts m\u00e9tiers dans les domaines commerciaux et marketing : sales administrator, directeur(trice) de magasin, directeur(trice) commercial(e)directeur(trice) de la relation client, key account manager\u2026 Le coaching des candidats est une autre des missions d\u2019ImpactUP pour l\u2019atteinte de leurs objectifs professionnels.<\/p>\n<\/section>\n<p>[\/vc_column_text][\/vc_column][\/vc_row][vc_row][vc_column width=&#8221;1\/3&#8243;][vc_btn title=&#8221;Voir notre offre&#8221; color=&#8221;secondarycolor&#8221; align=&#8221;center&#8221; css=&#8221;&#8221; link=&#8221;url:https%3A%2F%2Fimpactup.com%2Frecrutement%2F&#8221;][\/vc_column][vc_column width=&#8221;1\/3&#8243;][vc_btn title=&#8221;Confiez-nous votre projet&#8221; color=&#8221;secondarycolor&#8221; align=&#8221;center&#8221; css=&#8221;&#8221; link=&#8221;url:https%3A%2F%2Fimpactup.com%2Fetude-personnalisee%2F&#8221;][\/vc_column][vc_column width=&#8221;1\/3&#8243;][vc_btn title=&#8221;Contactez-nous&#8221; color=&#8221;secondarycolor&#8221; align=&#8221;center&#8221; css=&#8221;&#8221; link=&#8221;url:https%3A%2F%2Fimpactup.com%2Fcontact%2F&#8221;][\/vc_column][\/vc_row][vc_row css=&#8221;.vc_custom_1717658445522{padding-top: 40px !important;}&#8221;][vc_column][vc_column_text css=&#8221;&#8221;]<\/p>\n<section style=\"text-align: justify;\">\n<h2>Quand les services d\u2019un cabinet de recrutement peuvent-ils aider ?<\/h2>\n<p>Faire appel \u00e0 un <strong>cabinet de recrutement pour trouver un dirigeant commercial<\/strong> s\u2019impose comme la solution la plus indiqu\u00e9e si l\u2019entreprise ne dispose pas de professionnels dot\u00e9s des comp\u00e9tences requises pour mener \u00e0 bien une campagne de recrutement ; cette derni\u00e8re pouvant vite devenir un parcours du combattant chronophage et fastidieux dans ce cas. C\u2019est \u00e9galement l\u2019option la plus simple pour optimiser les r\u00e9sultats de la recherche sans avoir \u00e0 investir du temps et beaucoup d\u2019argent dans le processus de recrutement. En effet, un cabinet sp\u00e9cialis\u00e9 poss\u00e8de les ressources techniques, technologiques et humaines n\u00e9cessaires pour r\u00e9ussir \u00e0 vous trouver les personnes taill\u00e9es pour les postes \u00e0 pourvoir assez rapidement. De plus, compte tenu des responsabilit\u00e9s et des t\u00e2ches qui attendent votre nouveau collaborateur, il est pr\u00e9f\u00e9rable de le choisir avec soin. En cas de recherches infructueuses pour cause de p\u00e9nurie de candidats, certaines agences proposent \u00e9galement des prestations de chasse de t\u00eate pour chercher la perle rare hors des sentiers battus.<\/p>\n<p>Sachant que les bons profils de cadres et dirigeants commerciaux sont relativement difficiles \u00e0 trouver, le recours \u00e0 un cabinet permet donc de gagner en efficacit\u00e9 et en rapidit\u00e9, tout en optimisant le budget consacr\u00e9 au processus de recrutement. Et bien entendu, les r\u00e9sultats sont bien meilleurs. ImpactUP propose des solutions sur mesure pour placer le profil id\u00e9al, conform\u00e9ment \u00e0 la demande du recruteur :<\/p>\n<ul>\n<li>un service en ligne SaaS d\u2019\u00e9valuation qui donne l\u2019occasion de valider les comp\u00e9tences dans une langue \u00e9trang\u00e8re propos\u00e9 en collaboration avec Pipplet ;<\/li>\n<li>une plateforme d\u2019\u00e9valuation qui repose sur 4 familles d\u2019outils : TalentInitial\u00ae, TalentAttitude\u00ae, TalentBusiness\u00ae et TalentRelation\u00ae.<\/li>\n<\/ul>\n<h2>Les diff\u00e9rentes missions du dirigeant commercial<\/h2>\n<p>Un dirigeant commercial est une personne qui va s\u2019occuper du c\u00f4t\u00e9 organisationnel des ventes d\u2019une part, et de g\u00e9rer les \u00e9quipes des commerciaux d\u2019autre part. Il sera de ce fait le premier responsable des performances des forces de vente de l\u2019entreprise. Il lui revient de concevoir et de mettre en \u0153uvre, mais \u00e9galement d\u2019effectuer le suivi de la strat\u00e9gie commerciale de la soci\u00e9t\u00e9. Cela requiert de hautes comp\u00e9tences techniques, ainsi qu\u2019une forte capacit\u00e9 manag\u00e9riale et relationnelle.<\/p>\n<p>Il s\u2019occupe \u00e9galement de l\u2019organisation et la supervision des t\u00e2ches commerciales et des diverses missions confi\u00e9es aux \u00e9quipes de vente. C\u2019est donc de son efficacit\u00e9 et de ses comp\u00e9tences que d\u00e9pendent l\u2019atteinte ou non des objectifs de vente, et le chiffre d\u2019affaires de l\u2019entreprise. Il est donc \u00e9vident que pourvoir ce poste de <a href=\"https:\/\/impactup.com\/glossaire\/cabinet-de-recrutement-consultant-commercial\"><strong>dirigeant commercial requiert l\u2019aide d\u2019un cabinet de recrutement<\/strong><\/a> expert.<\/p>\n<h2>Un cabinet de recrutement pour trouver des cadres commerciaux comp\u00e9tents<\/h2>\n<p>Pour \u00e9viter les d\u00e9sagr\u00e9ments li\u00e9s \u00e0 une mauvaise politique de vente ou \u00e0 une mauvaise administration du service commercial de l\u2019entreprise, il est primordial de trouver quelqu\u2019un de comp\u00e9tent et d\u2019exp\u00e9riment\u00e9. La meilleure option pour avoir un dirigeant commercial efficient est de recourir \u00e0 un cabinet de recrutement . Ce type d\u2019agence est \u00e0 m\u00eame d\u2019effectuer les recherches, pour le compte des entreprises qui en ont besoin, de cadres et responsables commerciaux, dont le profil correspond parfaitement \u00e0 leurs besoins.<\/p>\n<p>Faire appel \u00e0 une agence pour g\u00e9rer les embauches est en outre une garantie d\u2019efficience pour toutes les organisations. Des agences comptant en leur sein des consultants en strat\u00e9gie peuvent aussi vous aider \u00e0 identifier une solution commerciale. Bref, une agence sp\u00e9cialis\u00e9e dans les fonctions commerciales repr\u00e9sente un atout de taille pour trouver des collaborateurs efficaces. ImpactUP ma\u00eetrise le recrutement classique mais aussi se transformer en chasseur de t\u00eate pour la recherche responsable de promotion des ventes, category manager, marchandiseur(euse), responsable webmarketing, ing\u00e9nieur commercial, d\u00e9l\u00e9gu\u00e9 commercial, charg\u00e9(e) de marketing direct, etc.<\/p>\n<h2>Des m\u00e9thodes de recrutement efficaces<\/h2>\n<p>Dans votre recherche de <a href=\"https:\/\/impactup.com\/glossaire\/cabinet-de-recrutement-responsable-commercial\"><strong>dirigeant commercial, notre cabinet de recrutement<\/strong> <\/a>est votre meilleur atout. Chez <strong>ImpactUP<\/strong> , nous s\u00e9lectionnons les candidats non seulement sur la base du contenu de leur dossier de candidature, mais \u00e9galement, nous prenons aussi en compte leur personnalit\u00e9 et leur potentiel personnel. Avant de proposer aux entreprises leurs futurs cadres commerciaux, nous leur faisons passer divers tests de personnalit\u00e9 notamment le Disc de Marson ou encore Profil Pro, Profil Manager et Profil Comp\u00e9tences. Concr\u00e8tement, le recrutement commence par une d\u00e9finition de vos besoins. Nous prenons connaissance de vos exigences, des enjeux du poste et de la culture de votre entreprise. Nous proc\u00e9dons ensuite \u00e0 la r\u00e9daction des documents r\u00e9glementaires (offre d\u2019emploi) puis commen\u00e7ons la recherche de candidats en publiant des annonces sur les plateformes d\u00e9di\u00e9es et sur notre site, mais \u00e9galement par approche directe avec la chasse de t\u00eate. Cela nous permet d\u2019obtenir rapidement des candidatures int\u00e9ressantes, que nous s\u00e9lectionnons pour vous. Notre cabinet de recrutement va ensuite \u00e9valuer chaque candidat pr\u00e9s\u00e9lectionn\u00e9 pour le poste de dirigeant commercial , et \u00e0 la fin nous vous pr\u00e9sentons une shortlist et des recommandations. La d\u00e9cision finale vous appartient, nous intervenons ensuite pour accompagner le nouveau collaborateur pendant sa phase d\u2019int\u00e9gration.<\/p>\n<p>Nous sommes le partenaire id\u00e9al de nombreux groupes fran\u00e7ais et internationaux, convaincus par notre professionnalisme. Pour de plus amples informations \u00e0 propos de nos services, ou si vous avez des missions \u00e0 nous confier, vous pouvez <a href=\"https:\/\/impactup.com\"><strong>nous contacter<\/strong><\/a> en nous envoyant un courrier \u00e9lectronique ou en nous appelant.<\/p>\n<p><strong>Pour avoir plus d&#8217;informations :<\/strong><\/p>\n<p><a href=\"https:\/\/impactup.com\/glossaire\/cabinet-de-recrutement-dirigeant-commercial\">Cabinet de recrutement dirigeant commercial<\/a><br \/>\n<a href=\"https:\/\/impactup.com\/glossaire\/cabinet-de-recrutement-commerciaux-toulouse\">Cabinet de recrutement commerciaux Toulouse<\/a><br \/>\n<a href=\"https:\/\/impactup.com\/glossaire\/cabinet-de-recrutement-directeur-commercial\">Cabinet de recrutement directeur commercial<\/a><br \/>\n<a href=\"https:\/\/impactup.com\/glossaire\/cabinet-de-recrutement-direction-commerciale\">Cabinet de recrutement direction commerciale<\/a><br \/>\n<a href=\"https:\/\/impactup.com\/glossaire\/cabinet-de-recrutement-ing\u00e9nieur-commercial\">Cabinet de recrutement ing\u00e9nieur commercial<\/a><br \/>\n<a href=\"https:\/\/impactup.com\/glossaire\/cabinet-de-recrutement-ing\u00e9nieur-commercial-b-b\/\">Cabinet de recrutement ing\u00e9nieur commercial b to b<\/a><br \/>\n<a href=\"https:\/\/impactup.com\/glossaire\/cabinet-de-recrutement-de-commerciaux-\u00e0-la-rochelle\/\">Cabinet de recrutement la rochelle<\/a><br \/>\n<a href=\"https:\/\/impactup.com\/glossaire\/cabinet-de-recrutement-lyon\">Cabinet de recrutement Lyon<\/a><br \/>\n<a href=\"https:\/\/impactup.com\/glossaire\/cabinet-de-recrutement-exer\u00e7ant-dans-louest\/\">Cabinet de recrutement ouest<\/a><br \/>\n<a href=\"https:\/\/impactup.com\/glossaire\/cabinet-de-recrutement-toulouse\">Cabinet de recrutement Toulouse<\/a><br \/>\n<a href=\"https:\/\/impactup.com\/glossaire\/recrutement-marketing-digital\">Recrutement marketing digital<\/a><br \/>\n<a href=\"https:\/\/impactup.com\/glossaire\/recrutement-commerciaux-grenoble-38\">Recrutement commerciaux Grenoble 38<\/a><br \/>\n<a href=\"https:\/\/impactup.com\/glossaire\/cabinet-de-recrutement-commerciaux-grenoble-38\">Cabinet de recrutement commerciaux Grenoble 38<\/a><\/p>\n<\/section>\n<p>[\/vc_column_text][\/vc_column][\/vc_row]<\/p>\n<\/div>","protected":false},"excerpt":{"rendered":"<p>[vc_row][vc_column width=&#8221;1\/3&#8243;][vc_btn title=&#8221;Voir notre offre&#8221; color=&#8221;secondarycolor&#8221; align=&#8221;center&#8221; css=&#8221;&#8221; link=&#8221;url:https%3A%2F%2Fimpactup.com%2Frecrutement%2F&#8221;][\/vc_column][vc_column width=&#8221;1\/3&#8243;][vc_btn title=&#8221;Confiez-nous votre projet&#8221; color=&#8221;secondarycolor&#8221; align=&#8221;center&#8221; css=&#8221;&#8221; link=&#8221;url:https%3A%2F%2Fimpactup.com%2Fetude-personnalisee%2F&#8221;][\/vc_column][vc_column width=&#8221;1\/3&#8243;][vc_btn title=&#8221;Contactez-nous&#8221; color=&#8221;secondarycolor&#8221; align=&#8221;center&#8221; css=&#8221;&#8221; link=&#8221;url:https%3A%2F%2Fimpactup.com%2Fcontact%2F&#8221;][\/vc_column][\/vc_row][vc_row css=&#8221;.vc_custom_1717658386032{padding-top: 40px !important;padding-bottom: 20px !important;}&#8221;][vc_column][vc_column_text css=&#8221;&#8221;] Cabinet de recrutement sp\u00e9cialiste de l\u2019embauche de cadres et de dirigeants commerciaux Recourir aux services d\u2019un cabinet de recrutement pour embaucher un dirigeant du service commercial [&hellip;]<\/p>\n","protected":false},"author":4,"featured_media":0,"parent":17218,"menu_order":0,"comment_status":"closed","ping_status":"closed","template":"","meta":{"_monsterinsights_skip_tracking":false,"_monsterinsights_sitenote_active":false,"_monsterinsights_sitenote_note":"","_monsterinsights_sitenote_category":0,"footnotes":""},"class_list":["post-26056","page","type-page","status-publish","hentry"],"yoast_head":"<!-- This site is optimized with the Yoast SEO plugin v27.0 - https:\/\/yoast.com\/product\/yoast-seo-wordpress\/ -->\n<title>Cabinet de recrutement de cadre dirigeant commercial<\/title>\n<meta name=\"description\" content=\"Recourir \u00e0 un cabinet de recrutement pour trouver un cadre dirigeant pour le service commercial. ImpactUP vous aidera \u00e0 d\u00e9nicher le dirigeant commercial qu\u2019il vous faut.\" \/>\n<meta name=\"robots\" content=\"index, follow, max-snippet:-1, max-image-preview:large, max-video-preview:-1\" \/>\n<link rel=\"canonical\" href=\"https:\/\/impactup.com\/en\/glossaire\/cabinet-de-recrutement-dirigeant-commercial\/\" \/>\n<meta property=\"og:locale\" content=\"en_US\" \/>\n<meta property=\"og:type\" content=\"article\" \/>\n<meta property=\"og:title\" content=\"Cabinet de recrutement de cadre dirigeant commercial\" \/>\n<meta property=\"og:description\" content=\"Recourir \u00e0 un cabinet de recrutement pour trouver un cadre dirigeant pour le service commercial. ImpactUP vous aidera \u00e0 d\u00e9nicher le dirigeant commercial qu\u2019il vous faut.\" \/>\n<meta property=\"og:url\" content=\"https:\/\/impactup.com\/en\/glossaire\/cabinet-de-recrutement-dirigeant-commercial\/\" \/>\n<meta property=\"og:site_name\" content=\"ImpactUp\" \/>\n<meta property=\"article:modified_time\" content=\"2024-06-12T09:37:01+00:00\" \/>\n<meta property=\"og:image\" content=\"https:\/\/impactup.com\/wp-content\/uploads\/2021\/01\/og.jpg\" \/>\n\t<meta property=\"og:image:width\" content=\"1067\" \/>\n\t<meta property=\"og:image:height\" content=\"600\" \/>\n\t<meta property=\"og:image:type\" content=\"image\/jpeg\" \/>\n<meta name=\"twitter:card\" content=\"summary_large_image\" \/>\n<meta name=\"twitter:label1\" content=\"Est. reading time\" \/>\n\t<meta name=\"twitter:data1\" content=\"6 minutes\" \/>\n<script type=\"application\/ld+json\" class=\"yoast-schema-graph\">{\"@context\":\"https:\/\/schema.org\",\"@graph\":[{\"@type\":\"WebPage\",\"@id\":\"https:\/\/impactup.com\/en\/glossaire\/cabinet-de-recrutement-dirigeant-commercial\/\",\"url\":\"https:\/\/impactup.com\/en\/glossaire\/cabinet-de-recrutement-dirigeant-commercial\/\",\"name\":\"Cabinet de recrutement de cadre dirigeant commercial\",\"isPartOf\":{\"@id\":\"https:\/\/impactup.com\/en\/#website\"},\"datePublished\":\"2024-06-10T09:14:55+00:00\",\"dateModified\":\"2024-06-12T09:37:01+00:00\",\"description\":\"Recourir \u00e0 un cabinet de recrutement pour trouver un cadre dirigeant pour le service commercial. ImpactUP vous aidera \u00e0 d\u00e9nicher le dirigeant commercial qu\u2019il vous faut.\",\"breadcrumb\":{\"@id\":\"https:\/\/impactup.com\/en\/glossaire\/cabinet-de-recrutement-dirigeant-commercial\/#breadcrumb\"},\"inLanguage\":\"en-US\",\"potentialAction\":[{\"@type\":\"ReadAction\",\"target\":[\"https:\/\/impactup.com\/en\/glossaire\/cabinet-de-recrutement-dirigeant-commercial\/\"]}]},{\"@type\":\"BreadcrumbList\",\"@id\":\"https:\/\/impactup.com\/en\/glossaire\/cabinet-de-recrutement-dirigeant-commercial\/#breadcrumb\",\"itemListElement\":[{\"@type\":\"ListItem\",\"position\":1,\"name\":\"Accueil\",\"item\":\"https:\/\/impactup.com\/en\/\"},{\"@type\":\"ListItem\",\"position\":2,\"name\":\"Glossaire\",\"item\":\"https:\/\/impactup.com\/en\/glossaire\/\"},{\"@type\":\"ListItem\",\"position\":3,\"name\":\"Cabinet de recrutement sp\u00e9cialiste de l\u2019embauche de cadres et de dirigeants commerciaux\"}]},{\"@type\":\"WebSite\",\"@id\":\"https:\/\/impactup.com\/en\/#website\",\"url\":\"https:\/\/impactup.com\/en\/\",\"name\":\"ImpactUp\",\"description\":\"Recrutement commerciaux, directions commerciales et fonctions marketing\",\"potentialAction\":[{\"@type\":\"SearchAction\",\"target\":{\"@type\":\"EntryPoint\",\"urlTemplate\":\"https:\/\/impactup.com\/en\/?s={search_term_string}\"},\"query-input\":{\"@type\":\"PropertyValueSpecification\",\"valueRequired\":true,\"valueName\":\"search_term_string\"}}],\"inLanguage\":\"en-US\"}]}<\/script>\n<!-- \/ Yoast SEO plugin. -->","yoast_head_json":{"title":"Cabinet de recrutement de cadre dirigeant commercial","description":"Recourir \u00e0 un cabinet de recrutement pour trouver un cadre dirigeant pour le service commercial. ImpactUP vous aidera \u00e0 d\u00e9nicher le dirigeant commercial qu\u2019il vous faut.","robots":{"index":"index","follow":"follow","max-snippet":"max-snippet:-1","max-image-preview":"max-image-preview:large","max-video-preview":"max-video-preview:-1"},"canonical":"https:\/\/impactup.com\/en\/glossaire\/cabinet-de-recrutement-dirigeant-commercial\/","og_locale":"en_US","og_type":"article","og_title":"Cabinet de recrutement de cadre dirigeant commercial","og_description":"Recourir \u00e0 un cabinet de recrutement pour trouver un cadre dirigeant pour le service commercial. ImpactUP vous aidera \u00e0 d\u00e9nicher le dirigeant commercial qu\u2019il vous faut.","og_url":"https:\/\/impactup.com\/en\/glossaire\/cabinet-de-recrutement-dirigeant-commercial\/","og_site_name":"ImpactUp","article_modified_time":"2024-06-12T09:37:01+00:00","og_image":[{"width":1067,"height":600,"url":"https:\/\/impactup.com\/wp-content\/uploads\/2021\/01\/og.jpg","type":"image\/jpeg"}],"twitter_card":"summary_large_image","twitter_misc":{"Est. reading time":"6 minutes"},"schema":{"@context":"https:\/\/schema.org","@graph":[{"@type":"WebPage","@id":"https:\/\/impactup.com\/en\/glossaire\/cabinet-de-recrutement-dirigeant-commercial\/","url":"https:\/\/impactup.com\/en\/glossaire\/cabinet-de-recrutement-dirigeant-commercial\/","name":"Cabinet de recrutement de cadre dirigeant commercial","isPartOf":{"@id":"https:\/\/impactup.com\/en\/#website"},"datePublished":"2024-06-10T09:14:55+00:00","dateModified":"2024-06-12T09:37:01+00:00","description":"Recourir \u00e0 un cabinet de recrutement pour trouver un cadre dirigeant pour le service commercial. ImpactUP vous aidera \u00e0 d\u00e9nicher le dirigeant commercial qu\u2019il vous faut.","breadcrumb":{"@id":"https:\/\/impactup.com\/en\/glossaire\/cabinet-de-recrutement-dirigeant-commercial\/#breadcrumb"},"inLanguage":"en-US","potentialAction":[{"@type":"ReadAction","target":["https:\/\/impactup.com\/en\/glossaire\/cabinet-de-recrutement-dirigeant-commercial\/"]}]},{"@type":"BreadcrumbList","@id":"https:\/\/impactup.com\/en\/glossaire\/cabinet-de-recrutement-dirigeant-commercial\/#breadcrumb","itemListElement":[{"@type":"ListItem","position":1,"name":"Accueil","item":"https:\/\/impactup.com\/en\/"},{"@type":"ListItem","position":2,"name":"Glossaire","item":"https:\/\/impactup.com\/en\/glossaire\/"},{"@type":"ListItem","position":3,"name":"Cabinet de recrutement sp\u00e9cialiste de l\u2019embauche de cadres et de dirigeants commerciaux"}]},{"@type":"WebSite","@id":"https:\/\/impactup.com\/en\/#website","url":"https:\/\/impactup.com\/en\/","name":"ImpactUp","description":"Recrutement commerciaux, directions commerciales et fonctions marketing","potentialAction":[{"@type":"SearchAction","target":{"@type":"EntryPoint","urlTemplate":"https:\/\/impactup.com\/en\/?s={search_term_string}"},"query-input":{"@type":"PropertyValueSpecification","valueRequired":true,"valueName":"search_term_string"}}],"inLanguage":"en-US"}]}},"_links":{"self":[{"href":"https:\/\/impactup.com\/en\/wp-json\/wp\/v2\/pages\/26056","targetHints":{"allow":["GET"]}}],"collection":[{"href":"https:\/\/impactup.com\/en\/wp-json\/wp\/v2\/pages"}],"about":[{"href":"https:\/\/impactup.com\/en\/wp-json\/wp\/v2\/types\/page"}],"author":[{"embeddable":true,"href":"https:\/\/impactup.com\/en\/wp-json\/wp\/v2\/users\/4"}],"replies":[{"embeddable":true,"href":"https:\/\/impactup.com\/en\/wp-json\/wp\/v2\/comments?post=26056"}],"version-history":[{"count":7,"href":"https:\/\/impactup.com\/en\/wp-json\/wp\/v2\/pages\/26056\/revisions"}],"predecessor-version":[{"id":26472,"href":"https:\/\/impactup.com\/en\/wp-json\/wp\/v2\/pages\/26056\/revisions\/26472"}],"up":[{"embeddable":true,"href":"https:\/\/impactup.com\/en\/wp-json\/wp\/v2\/pages\/17218"}],"wp:attachment":[{"href":"https:\/\/impactup.com\/en\/wp-json\/wp\/v2\/media?parent=26056"}],"curies":[{"name":"wp","href":"https:\/\/api.w.org\/{rel}","templated":true}]}}