{"id":26048,"date":"2024-06-10T11:09:50","date_gmt":"2024-06-10T09:09:50","guid":{"rendered":"https:\/\/impactup.niou.dev\/?page_id=26048"},"modified":"2024-06-12T11:32:37","modified_gmt":"2024-06-12T09:32:37","slug":"cabinet-de-recrutement-direction-commerciale","status":"publish","type":"page","link":"https:\/\/impactup.com\/en\/glossaire\/cabinet-de-recrutement-direction-commerciale\/","title":{"rendered":"Quel cabinet de recrutement contacter pour former une direction commerciale ?"},"content":{"rendered":"<div class=\"wpb-content-wrapper\"><p>[vc_row][vc_column width=&#8221;1\/3&#8243;][vc_btn title=&#8221;Voir notre offre&#8221; color=&#8221;secondarycolor&#8221; align=&#8221;center&#8221; css=&#8221;&#8221; link=&#8221;url:https%3A%2F%2Fimpactup.com%2Frecrutement%2F&#8221;][\/vc_column][vc_column width=&#8221;1\/3&#8243;][vc_btn title=&#8221;Confiez-nous votre projet&#8221; color=&#8221;secondarycolor&#8221; align=&#8221;center&#8221; css=&#8221;&#8221; link=&#8221;url:https%3A%2F%2Fimpactup.com%2Fetude-personnalisee%2F&#8221;][\/vc_column][vc_column width=&#8221;1\/3&#8243;][vc_btn title=&#8221;Contactez-nous&#8221; color=&#8221;secondarycolor&#8221; align=&#8221;center&#8221; css=&#8221;&#8221; link=&#8221;url:https%3A%2F%2Fimpactup.com%2Fcontact%2F&#8221;][\/vc_column][\/vc_row][vc_row css=&#8221;.vc_custom_1717658386032{padding-top: 40px !important;padding-bottom: 20px !important;}&#8221;][vc_column][vc_column_text css=&#8221;&#8221;]<\/p>\n<section style=\"text-align: justify;\">\n<h2>Quel cabinet de recrutement contacter pour former une direction commerciale ?<\/h2>\n<p>Avec l\u2019aide d\u2019un <a href=\"https:\/\/impactup.com\/glossaire\/cabinet-de-recrutement-directeur-commercial\"><strong>cabinet de recrutement , la constitution de la direction commerciale<\/strong><\/a> de votre entreprise sera plus facile. Trouver une agence fiable pour d\u00e9nicher chaque membre de l\u2019\u00e9quipe est toutefois n\u00e9cessaire pour assurer son efficacit\u00e9. L\u2019\u00e9quipe du cabinet <strong>ImpactUP<\/strong> poss\u00e8de une expertise confirm\u00e9e dans le recrutement de profils de haut niveau et experts m\u00e9tiers) dans les fonctions commerciales et marketing dont marchandiseur(euse), category manager, d\u00e9l\u00e9gu\u00e9 commercial, responsable webmarketing, charg\u00e9(e) de marketing direct, ing\u00e9nieur commercial, responsable de promotion des ventes, et \u00e0 tous les postes strat\u00e9giques de l\u2019entreprise : directeur(trice) de marque, directeur(trice) de magasin, directeur(trice) de la relation client, sales administrator, key account manager, etc.<\/p>\n<\/section>\n<p>[\/vc_column_text][\/vc_column][\/vc_row][vc_row][vc_column width=&#8221;1\/3&#8243;][vc_btn title=&#8221;Voir notre offre&#8221; color=&#8221;secondarycolor&#8221; align=&#8221;center&#8221; css=&#8221;&#8221; link=&#8221;url:https%3A%2F%2Fimpactup.com%2Frecrutement%2F&#8221;][\/vc_column][vc_column width=&#8221;1\/3&#8243;][vc_btn title=&#8221;Confiez-nous votre projet&#8221; color=&#8221;secondarycolor&#8221; align=&#8221;center&#8221; css=&#8221;&#8221; link=&#8221;url:https%3A%2F%2Fimpactup.com%2Fetude-personnalisee%2F&#8221;][\/vc_column][vc_column width=&#8221;1\/3&#8243;][vc_btn title=&#8221;Contactez-nous&#8221; color=&#8221;secondarycolor&#8221; align=&#8221;center&#8221; css=&#8221;&#8221; link=&#8221;url:https%3A%2F%2Fimpactup.com%2Fcontact%2F&#8221;][\/vc_column][\/vc_row][vc_row css=&#8221;.vc_custom_1717658445522{padding-top: 40px !important;}&#8221;][vc_column][vc_column_text css=&#8221;&#8221;]<\/p>\n<section style=\"text-align: justify;\">\n<h2>La direction commerciale, de quoi s\u2019agit-il ?<\/h2>\n<p>Compos\u00e9e de plusieurs d\u00e9cideurs et ex\u00e9cutants, la direction commerciale d\u2019une entreprise s\u2019occupe de la gestion de tout ce qui a trait de loin ou de pr\u00e8s aux fonctions commerciales de la soci\u00e9t\u00e9. Il s\u2019agit de d\u2019un d\u00e9partement cl\u00e9 que l\u2019on peut consid\u00e9rer comme l\u2019un des poumons de l\u2019entreprise \u00e9tant donn\u00e9 que de ses performances d\u00e9pendront les r\u00e9sultats et le chiffre d\u2019affaires de cette derni\u00e8re.<\/p>\n<p>La direction commerciale garde un \u0153il sur les responsables des ventes (directeurs et gestionnaires de magasin, vendeurs et commerciaux, etc.), et sur les politiques mises en place par ces derniers pour optimiser leurs rendements. Elle a \u00e9galement son mot \u00e0 dire sur les strat\u00e9gies marketing utilis\u00e9es par l\u2019entreprise. Elle d\u00e9finit par exemple la place des canaux de vente et d\u00e9termine les objectifs et moyens pour d\u00e9velopper la notori\u00e9t\u00e9 de la marque.<\/p>\n<p>Compte tenu des enjeux de son efficacit\u00e9 pour la vie de l\u2019entreprise, la <a href=\"https:\/\/impactup.com\/glossaire\/cabinet-de-recrutement-directeur-commercial-b-b\"><strong>direction commerciale doit \u00eatre form\u00e9e par un cabinet de recrutement<\/strong><\/a> sp\u00e9cialis\u00e9 afin d\u2019assurer la coh\u00e9sion de l\u2019\u00e9quipe d\u2019une part, et la compl\u00e9mentarit\u00e9 des comp\u00e9tences des membres d\u2019autre part. En effet, une agence sp\u00e9cialis\u00e9e peut accompagner l\u2019entreprise tout au long du processus de recrutement, en veillant \u00e0 s\u00e9lectionner uniquement des candidats au profil adapt\u00e9. Elle va \u00e9galement assurer l\u2019int\u00e9gration du nouveau collaborateur au sein de la soci\u00e9t\u00e9, gr\u00e2ce \u00e0 une assistance en bin\u00f4me pendant les premi\u00e8res semaines, par exemple.<\/p>\n<p>Les avantages du recours \u00e0 un cabinet de recrutement pour trouver des cadres commerciaux de haut niveau<br \/>\nL\u2019efficacit\u00e9 d\u2019une strat\u00e9gie commerciale et les performances d\u2019une \u00e9quipe de force de vente d\u2019une entreprise reposent en grande partie sur les aptitudes et les comp\u00e9tences en gestion et en marketing de la direction commerciale . L\u2019accompagnement d\u2019un cabinet de recrutement sp\u00e9cialis\u00e9 dans la recherche de cadres commerciaux de haut niveau vous permettra de vous assurer du savoir-faire et de l\u2019expertise des membres de votre direction commerciale.<\/p>\n<p>Le recours \u00e0 une agence pour g\u00e9rer vos recrutements est un gage d\u2019efficience qu\u2019il ne faut pas sous-estimer, sachant que les consultants sont issus des fonctions commerciales. Gr\u00e2ce \u00e0 leur comp\u00e9tence et leur r\u00e9seau, ils peuvent s\u00e9lectionner des candidats de valeur assez rapidement. Dans le cas d\u2019un processus r\u00e9alis\u00e9 en interne, l\u2019entreprise peut mobiliser de nombreuses ressources humaines et mat\u00e9rielles pour un long travail au r\u00e9sultat finalement peu satisfaisant. L\u2019autre avantage du cabinet sp\u00e9cialis\u00e9, c\u2019est la chasse de t\u00eate. Il s\u2019agit d\u2019une solution tr\u00e8s pratique lorsque les m\u00e9thodes de recrutement classiques demeurent inefficaces. Seuls les consultants des agences peuvent proc\u00e9der \u00e0 la chasse de t\u00eate, et les entreprises qui recherchent des profils rares doivent faire appel \u00e0 leur expertise.<\/p>\n<p>Certaines agences de recrutement ont pour sp\u00e9cialit\u00e9 de vous aider dans l\u2019identification de la meilleure solution commerciale sur le moyen terme.<\/p>\n<p>Chez <strong>ImpactUP<\/strong> , nous mettons \u00e0 votre disposition le savoir-faire et l\u2019exp\u00e9rience de nos consultants pour mettre toutes les chances de votre c\u00f4t\u00e9 dans la recherche de vos cadres. Ils ont d\u00e9j\u00e0 exerc\u00e9 en tant que cadres commerciaux, et connaissent parfaitement les enjeux des m\u00e9tiers li\u00e9s \u00e0 la vente et au marketing. Gr\u00e2ce \u00e0 leur expertise, ils pourront trouver les candidats int\u00e9ressants et qui cadrent avec le profil recherch\u00e9. Les param\u00e8tres de s\u00e9lection sont d\u00e9finis en fonction de la culture de l\u2019entreprise et de ses besoins. Notre liste de clients comporte de nombreux groupes et de diff\u00e9rentes nationalit\u00e9s, convaincus par notre professionnalisme.<\/p>\n<h2>Les prestations d\u2019ImpactUP pour un recrutement r\u00e9ussi<\/h2>\n<p>Ayant vu le jour en 2005, ImpactUP est une agence de recrutement sp\u00e9cialis\u00e9e dans la recherche de personnes comp\u00e9tentes et qualifi\u00e9es dans les fonctions commerciales. Nous pouvons prendre en charge une partie ou l\u2019int\u00e9gralit\u00e9 du processus de recrutement de vos collaborateurs. Gr\u00e2ce \u00e0 leur exp\u00e9rience et leur comp\u00e9tence, nos consultants sont capables de reconna\u00eetre les meilleurs candidats qui renforceront votre capital humain. Nous utilisons des m\u00e9thodes et outils innovants pour \u00e9valuer les candidats, en prenant en compte leurs comp\u00e9tences techniques, mais \u00e9galement leurs qualit\u00e9s humaines, manag\u00e9riales et relationnelles. En effet, pour constituer une direction commerciale performante, il est imp\u00e9ratif de trouver des collaborateurs \u00e0 forte personnalit\u00e9s, qui sont r\u00e9ellement capables de s\u2019approprier les objectifs de l\u2019entreprise afin de les remplir.<\/p>\n<p>ImpactUP est un <a href=\"https:\/\/impactup.com\/glossaire\/cabinet-de-recrutement-consultant-commercial\"><strong>cabinet de recrutement<\/strong><\/a> de choix pour trouver des cadres qui vont constituer votre future \u00e9quipe de <a href=\"https:\/\/impactup.com\/glossaire\/cabinet-de-recrutement-consultant-commercial\"><strong>direction commerciale<\/strong><\/a> . Nous vous proposons nos services afin de trouver des dirigeants op\u00e9rationnels qui pourront optimiser la croissance de votre entreprise. Une fois que vous nous aurez fait part de vos besoins, nous nous assurons de trouver les cadres les plus performants dont le profil sera en ad\u00e9quation avec vos crit\u00e8res de choix.<\/p>\n<p><strong>ImpactUP<\/strong> a d\u00e9velopp\u00e9 une offre de services compl\u00e8te \u00e0 l\u2019adresse des entreprises d\u00e9sireuses de se doter rapidement de nouveaux collaborateurs qualifi\u00e9s :<\/p>\n<ul>\n<li>un service en ligne SaaS d\u2019\u00e9valuation qui permet de valider les comp\u00e9tences dans une langue \u00e9trang\u00e8re propos\u00e9 en collaboration avec Pipplet ;<\/li>\n<li>une plateforme d\u2019\u00e9valuation qui comporte 4 types d\u2019outils : TalentInitial\u00ae, TalentAttitude\u00ae, TalentBusiness\u00ae et TalentRelation\u00ae.<\/li>\n<\/ul>\n<p>De plus, les candidats peuvent aussi compter sur des conseils d\u2019experts d\u2019<a href=\"https:\/\/impactup.com\"><strong>ImpactUP<\/strong><\/a> pour la r\u00e9ussite de leur vie professionnelle.<\/p>\n<\/section>\n<p>[\/vc_column_text][\/vc_column][\/vc_row]<\/p>\n<\/div>","protected":false},"excerpt":{"rendered":"<p>[vc_row][vc_column width=&#8221;1\/3&#8243;][vc_btn title=&#8221;Voir notre offre&#8221; color=&#8221;secondarycolor&#8221; align=&#8221;center&#8221; css=&#8221;&#8221; link=&#8221;url:https%3A%2F%2Fimpactup.com%2Frecrutement%2F&#8221;][\/vc_column][vc_column width=&#8221;1\/3&#8243;][vc_btn title=&#8221;Confiez-nous votre projet&#8221; color=&#8221;secondarycolor&#8221; align=&#8221;center&#8221; css=&#8221;&#8221; link=&#8221;url:https%3A%2F%2Fimpactup.com%2Fetude-personnalisee%2F&#8221;][\/vc_column][vc_column width=&#8221;1\/3&#8243;][vc_btn title=&#8221;Contactez-nous&#8221; color=&#8221;secondarycolor&#8221; align=&#8221;center&#8221; css=&#8221;&#8221; link=&#8221;url:https%3A%2F%2Fimpactup.com%2Fcontact%2F&#8221;][\/vc_column][\/vc_row][vc_row css=&#8221;.vc_custom_1717658386032{padding-top: 40px !important;padding-bottom: 20px !important;}&#8221;][vc_column][vc_column_text css=&#8221;&#8221;] Quel cabinet de recrutement contacter pour former une direction commerciale ? Avec l\u2019aide d\u2019un cabinet de recrutement , la constitution de la direction commerciale de votre [&hellip;]<\/p>\n","protected":false},"author":4,"featured_media":0,"parent":17218,"menu_order":0,"comment_status":"closed","ping_status":"closed","template":"","meta":{"_monsterinsights_skip_tracking":false,"_monsterinsights_sitenote_active":false,"_monsterinsights_sitenote_note":"","_monsterinsights_sitenote_category":0,"footnotes":""},"class_list":["post-26048","page","type-page","status-publish","hentry"],"yoast_head":"<!-- This site is optimized with the Yoast SEO plugin v27.0 - https:\/\/yoast.com\/product\/yoast-seo-wordpress\/ -->\n<title>Cabinet de recrutement sp\u00e9cialiste de la direction commerciale<\/title>\n<meta name=\"description\" content=\"Recourir \u00e0 un cabinet de recrutement pour constituer votre direction commerciale. ImpactUP est sp\u00e9cialis\u00e9 dans le recrutement de cadres pour les m\u00e9tiers du commerce et de la vente.\" \/>\n<meta name=\"robots\" content=\"index, follow, max-snippet:-1, max-image-preview:large, max-video-preview:-1\" \/>\n<link rel=\"canonical\" href=\"https:\/\/impactup.com\/en\/glossaire\/cabinet-de-recrutement-direction-commerciale\/\" \/>\n<meta property=\"og:locale\" content=\"en_US\" \/>\n<meta property=\"og:type\" content=\"article\" \/>\n<meta property=\"og:title\" content=\"Cabinet de recrutement sp\u00e9cialiste de la direction commerciale\" \/>\n<meta property=\"og:description\" content=\"Recourir \u00e0 un cabinet de recrutement pour constituer votre direction commerciale. ImpactUP est sp\u00e9cialis\u00e9 dans le recrutement de cadres pour les m\u00e9tiers du commerce et de la vente.\" \/>\n<meta property=\"og:url\" content=\"https:\/\/impactup.com\/en\/glossaire\/cabinet-de-recrutement-direction-commerciale\/\" \/>\n<meta property=\"og:site_name\" content=\"ImpactUp\" \/>\n<meta property=\"article:modified_time\" content=\"2024-06-12T09:32:37+00:00\" \/>\n<meta property=\"og:image\" content=\"https:\/\/impactup.com\/wp-content\/uploads\/2021\/01\/og.jpg\" \/>\n\t<meta property=\"og:image:width\" content=\"1067\" \/>\n\t<meta property=\"og:image:height\" content=\"600\" \/>\n\t<meta property=\"og:image:type\" content=\"image\/jpeg\" \/>\n<meta name=\"twitter:card\" content=\"summary_large_image\" \/>\n<meta name=\"twitter:label1\" content=\"Est. reading time\" \/>\n\t<meta name=\"twitter:data1\" content=\"6 minutes\" \/>\n<script type=\"application\/ld+json\" class=\"yoast-schema-graph\">{\"@context\":\"https:\/\/schema.org\",\"@graph\":[{\"@type\":\"WebPage\",\"@id\":\"https:\/\/impactup.com\/en\/glossaire\/cabinet-de-recrutement-direction-commerciale\/\",\"url\":\"https:\/\/impactup.com\/en\/glossaire\/cabinet-de-recrutement-direction-commerciale\/\",\"name\":\"Cabinet de recrutement sp\u00e9cialiste de la direction commerciale\",\"isPartOf\":{\"@id\":\"https:\/\/impactup.com\/en\/#website\"},\"datePublished\":\"2024-06-10T09:09:50+00:00\",\"dateModified\":\"2024-06-12T09:32:37+00:00\",\"description\":\"Recourir \u00e0 un cabinet de recrutement pour constituer votre direction commerciale. ImpactUP est sp\u00e9cialis\u00e9 dans le recrutement de cadres pour les m\u00e9tiers du commerce et de la vente.\",\"breadcrumb\":{\"@id\":\"https:\/\/impactup.com\/en\/glossaire\/cabinet-de-recrutement-direction-commerciale\/#breadcrumb\"},\"inLanguage\":\"en-US\",\"potentialAction\":[{\"@type\":\"ReadAction\",\"target\":[\"https:\/\/impactup.com\/en\/glossaire\/cabinet-de-recrutement-direction-commerciale\/\"]}]},{\"@type\":\"BreadcrumbList\",\"@id\":\"https:\/\/impactup.com\/en\/glossaire\/cabinet-de-recrutement-direction-commerciale\/#breadcrumb\",\"itemListElement\":[{\"@type\":\"ListItem\",\"position\":1,\"name\":\"Accueil\",\"item\":\"https:\/\/impactup.com\/en\/\"},{\"@type\":\"ListItem\",\"position\":2,\"name\":\"Glossaire\",\"item\":\"https:\/\/impactup.com\/en\/glossaire\/\"},{\"@type\":\"ListItem\",\"position\":3,\"name\":\"Quel cabinet de recrutement contacter pour former une direction commerciale ?\"}]},{\"@type\":\"WebSite\",\"@id\":\"https:\/\/impactup.com\/en\/#website\",\"url\":\"https:\/\/impactup.com\/en\/\",\"name\":\"ImpactUp\",\"description\":\"Recrutement commerciaux, directions commerciales et fonctions marketing\",\"potentialAction\":[{\"@type\":\"SearchAction\",\"target\":{\"@type\":\"EntryPoint\",\"urlTemplate\":\"https:\/\/impactup.com\/en\/?s={search_term_string}\"},\"query-input\":{\"@type\":\"PropertyValueSpecification\",\"valueRequired\":true,\"valueName\":\"search_term_string\"}}],\"inLanguage\":\"en-US\"}]}<\/script>\n<!-- \/ Yoast SEO plugin. -->","yoast_head_json":{"title":"Cabinet de recrutement sp\u00e9cialiste de la direction commerciale","description":"Recourir \u00e0 un cabinet de recrutement pour constituer votre direction commerciale. ImpactUP est sp\u00e9cialis\u00e9 dans le recrutement de cadres pour les m\u00e9tiers du commerce et de la vente.","robots":{"index":"index","follow":"follow","max-snippet":"max-snippet:-1","max-image-preview":"max-image-preview:large","max-video-preview":"max-video-preview:-1"},"canonical":"https:\/\/impactup.com\/en\/glossaire\/cabinet-de-recrutement-direction-commerciale\/","og_locale":"en_US","og_type":"article","og_title":"Cabinet de recrutement sp\u00e9cialiste de la direction commerciale","og_description":"Recourir \u00e0 un cabinet de recrutement pour constituer votre direction commerciale. ImpactUP est sp\u00e9cialis\u00e9 dans le recrutement de cadres pour les m\u00e9tiers du commerce et de la vente.","og_url":"https:\/\/impactup.com\/en\/glossaire\/cabinet-de-recrutement-direction-commerciale\/","og_site_name":"ImpactUp","article_modified_time":"2024-06-12T09:32:37+00:00","og_image":[{"width":1067,"height":600,"url":"https:\/\/impactup.com\/wp-content\/uploads\/2021\/01\/og.jpg","type":"image\/jpeg"}],"twitter_card":"summary_large_image","twitter_misc":{"Est. reading time":"6 minutes"},"schema":{"@context":"https:\/\/schema.org","@graph":[{"@type":"WebPage","@id":"https:\/\/impactup.com\/en\/glossaire\/cabinet-de-recrutement-direction-commerciale\/","url":"https:\/\/impactup.com\/en\/glossaire\/cabinet-de-recrutement-direction-commerciale\/","name":"Cabinet de recrutement sp\u00e9cialiste de la direction commerciale","isPartOf":{"@id":"https:\/\/impactup.com\/en\/#website"},"datePublished":"2024-06-10T09:09:50+00:00","dateModified":"2024-06-12T09:32:37+00:00","description":"Recourir \u00e0 un cabinet de recrutement pour constituer votre direction commerciale. ImpactUP est sp\u00e9cialis\u00e9 dans le recrutement de cadres pour les m\u00e9tiers du commerce et de la vente.","breadcrumb":{"@id":"https:\/\/impactup.com\/en\/glossaire\/cabinet-de-recrutement-direction-commerciale\/#breadcrumb"},"inLanguage":"en-US","potentialAction":[{"@type":"ReadAction","target":["https:\/\/impactup.com\/en\/glossaire\/cabinet-de-recrutement-direction-commerciale\/"]}]},{"@type":"BreadcrumbList","@id":"https:\/\/impactup.com\/en\/glossaire\/cabinet-de-recrutement-direction-commerciale\/#breadcrumb","itemListElement":[{"@type":"ListItem","position":1,"name":"Accueil","item":"https:\/\/impactup.com\/en\/"},{"@type":"ListItem","position":2,"name":"Glossaire","item":"https:\/\/impactup.com\/en\/glossaire\/"},{"@type":"ListItem","position":3,"name":"Quel cabinet de recrutement contacter pour former une direction commerciale ?"}]},{"@type":"WebSite","@id":"https:\/\/impactup.com\/en\/#website","url":"https:\/\/impactup.com\/en\/","name":"ImpactUp","description":"Recrutement commerciaux, directions commerciales et fonctions marketing","potentialAction":[{"@type":"SearchAction","target":{"@type":"EntryPoint","urlTemplate":"https:\/\/impactup.com\/en\/?s={search_term_string}"},"query-input":{"@type":"PropertyValueSpecification","valueRequired":true,"valueName":"search_term_string"}}],"inLanguage":"en-US"}]}},"_links":{"self":[{"href":"https:\/\/impactup.com\/en\/wp-json\/wp\/v2\/pages\/26048","targetHints":{"allow":["GET"]}}],"collection":[{"href":"https:\/\/impactup.com\/en\/wp-json\/wp\/v2\/pages"}],"about":[{"href":"https:\/\/impactup.com\/en\/wp-json\/wp\/v2\/types\/page"}],"author":[{"embeddable":true,"href":"https:\/\/impactup.com\/en\/wp-json\/wp\/v2\/users\/4"}],"replies":[{"embeddable":true,"href":"https:\/\/impactup.com\/en\/wp-json\/wp\/v2\/comments?post=26048"}],"version-history":[{"count":5,"href":"https:\/\/impactup.com\/en\/wp-json\/wp\/v2\/pages\/26048\/revisions"}],"predecessor-version":[{"id":26471,"href":"https:\/\/impactup.com\/en\/wp-json\/wp\/v2\/pages\/26048\/revisions\/26471"}],"up":[{"embeddable":true,"href":"https:\/\/impactup.com\/en\/wp-json\/wp\/v2\/pages\/17218"}],"wp:attachment":[{"href":"https:\/\/impactup.com\/en\/wp-json\/wp\/v2\/media?parent=26048"}],"curies":[{"name":"wp","href":"https:\/\/api.w.org\/{rel}","templated":true}]}}