{"id":26038,"date":"2024-06-10T11:01:30","date_gmt":"2024-06-10T09:01:30","guid":{"rendered":"https:\/\/impactup.niou.dev\/?page_id=26038"},"modified":"2024-06-12T11:26:34","modified_gmt":"2024-06-12T09:26:34","slug":"cabinet-de-recrutement-directeur-des-ventes","status":"publish","type":"page","link":"https:\/\/impactup.com\/en\/glossaire\/cabinet-de-recrutement-directeur-des-ventes\/","title":{"rendered":"Recrutement de directeur des ventes : Le cabinet ImpactUP est \u00e0 votre service"},"content":{"rendered":"<div class=\"wpb-content-wrapper\"><p>[vc_row][vc_column width=&#8221;1\/3&#8243;][vc_btn title=&#8221;Voir notre offre&#8221; color=&#8221;secondarycolor&#8221; align=&#8221;center&#8221; css=&#8221;&#8221; link=&#8221;url:https%3A%2F%2Fimpactup.com%2Frecrutement%2F&#8221;][\/vc_column][vc_column width=&#8221;1\/3&#8243;][vc_btn title=&#8221;Confiez-nous votre projet&#8221; color=&#8221;secondarycolor&#8221; align=&#8221;center&#8221; css=&#8221;&#8221; link=&#8221;url:https%3A%2F%2Fimpactup.com%2Fetude-personnalisee%2F&#8221;][\/vc_column][vc_column width=&#8221;1\/3&#8243;][vc_btn title=&#8221;Contactez-nous&#8221; color=&#8221;secondarycolor&#8221; align=&#8221;center&#8221; css=&#8221;&#8221; link=&#8221;url:https%3A%2F%2Fimpactup.com%2Fcontact%2F&#8221;][\/vc_column][\/vc_row][vc_row css=&#8221;.vc_custom_1717658386032{padding-top: 40px !important;padding-bottom: 20px !important;}&#8221;][vc_column][vc_column_text css=&#8221;&#8221;]<\/p>\n<section style=\"text-align: justify;\">\n<h2>Recrutement de directeur des ventes : Le cabinet ImpactUP est \u00e0 votre service<\/h2>\n<p>Faire appel \u00e0 un <a href=\"https:\/\/impactup.com\/glossaire\/cabinet-de-recrutement-chef-des-ventes-national\"><strong>cabinet de recrutement pour l\u2019embauche d\u2019un directeur des ventes<\/strong><\/a> est courant. Il est toutefois recommand\u00e9 de bien choisir l\u2019agence \u00e0 laquelle vous confierez la recherche de votre futur collaborateur. <strong>ImpactUP<\/strong> est un cabinet sp\u00e9cialiste des m\u00e9tiers de la vente et du commerce exp\u00e9riment\u00e9 qui pourra vous aider \u00e0 d\u00e9nicher la personne qui sera votre ing\u00e9nieur commercial, charg\u00e9(e) de marketing direct, responsable webmarketing, business developer, marchandiseur(euse), category manager, responsable de promotion des ventes, directeur(trice) de la relation client, sales administrator, key account manager, digital marketing manager, directeur(trice) commercial(e), etc.<\/p>\n<\/section>\n<p>[\/vc_column_text][\/vc_column][\/vc_row][vc_row][vc_column width=&#8221;1\/3&#8243;][vc_btn title=&#8221;Voir notre offre&#8221; color=&#8221;secondarycolor&#8221; align=&#8221;center&#8221; css=&#8221;&#8221; link=&#8221;url:https%3A%2F%2Fimpactup.com%2Frecrutement%2F&#8221;][\/vc_column][vc_column width=&#8221;1\/3&#8243;][vc_btn title=&#8221;Confiez-nous votre projet&#8221; color=&#8221;secondarycolor&#8221; align=&#8221;center&#8221; css=&#8221;&#8221; link=&#8221;url:https%3A%2F%2Fimpactup.com%2Fetude-personnalisee%2F&#8221;][\/vc_column][vc_column width=&#8221;1\/3&#8243;][vc_btn title=&#8221;Contactez-nous&#8221; color=&#8221;secondarycolor&#8221; align=&#8221;center&#8221; css=&#8221;&#8221; link=&#8221;url:https%3A%2F%2Fimpactup.com%2Fcontact%2F&#8221;][\/vc_column][\/vc_row][vc_row css=&#8221;.vc_custom_1717658445522{padding-top: 40px !important;}&#8221;][vc_column][vc_column_text css=&#8221;&#8221;]<\/p>\n<section style=\"text-align: justify;\">\n<h2>De l\u2019importance des fonctions commerciales et marketing<\/h2>\n<p>Les fonctions commerciales et marketing font partie des piliers de d\u00e9veloppement des entreprises dont tout ou partie des activit\u00e9s reposent sur les ventes de produits ou de services. Il est ainsi essentiel d\u2019apporter un soin particulier au choix des personnes qui devront occuper les postes qui y sont rattach\u00e9s. En effet, des comp\u00e9tences et du savoir-faire de ces derniers vont d\u00e9pendre le volume des ventes r\u00e9alis\u00e9es par l\u2019entreprise et ses r\u00e9sultats. Les collaborateurs en charge des fonctions vente et marketing doivent pr\u00e9senter \u00e0 la fois une comp\u00e9tence technique \u00e9lev\u00e9e, ainsi que de fortes qualit\u00e9s relationnelles et manag\u00e9riales.<\/p>\n<p>Il n\u2019est toutefois pas facile de trouver un <strong>directeur des ventes sans le concours d\u2019un cabinet de recrutement<\/strong> qui connait parfaitement les contraintes et les sp\u00e9cificit\u00e9s de ce poste \u00e0 responsabilit\u00e9s. <strong>ImpactUP<\/strong> est une structure reconnue des entreprises pour son efficacit\u00e9 dans le recrutement de profils de haut niveau et experts m\u00e9tiers, dans les domaines commerciaux et marketing et diff\u00e9rentes fonctions strat\u00e9giques de l\u2019organisation.<\/p>\n<h2>Que fait le directeur des ventes ?<\/h2>\n<p>Le directeur des ventes est le premier responsable de l\u2019optimisation des ventes de l\u2019entreprise ou du magasin. Il se charge de concevoir et de mettre en place les politiques de ventes adapt\u00e9es aux besoins et exigences des produits \u00e0 \u00e9couler et du segment de march\u00e9 vis\u00e9. Il s\u2019occupe de g\u00e9rer les \u00e9quipes de vente, que ce soit ceux qui travaillent en local ou les commerciaux itin\u00e9rants. Il supervise leurs travaux et fixe leurs objectifs. Il doit aussi mettre \u00e0 leur disposition tout ce qui leur faut pour accomplir leurs missions avec succ\u00e8s.<\/p>\n<p>Un bon directeur des ventes est \u00e9galement \u00e0 l\u2019\u00e9coute des besoins de ses \u00e9quipes et se charge de trouver avec eux les solutions idoines en cas de souci dans le cadre de leur travail. Recourir aux services d\u2019un <a href=\"https:\/\/impactup.com\/glossaire\/cabinet-de-recrutement-chef-des-ventes-r%c3%a9gional\"><strong>cabinet de recrutement pour la recherche de votre directeur de vente<\/strong><\/a> fait partie des solutions les plus int\u00e9ressantes pour booster les ventes de vos produits ou services.<\/p>\n<h2>Trouver un directeur des ventes : un recruteur professionnel s\u2019impose<\/h2>\n<p>Compte tenu des missions et attributions qui reviennent \u00e0 un directeur des ventes, le recrutement de ce cadre est \u00e0 effectuer avec soin. En effet, ce sont les performances du d\u00e9partement des ventes qui assurent une grande partie de celles de l\u2019entreprise et sa sant\u00e9 financi\u00e8re. Une mauvaise gestion ou l\u2019incapacit\u00e9 des dirigeants de ce d\u00e9partement peut de ce fait \u00eatre catastrophique pour la soci\u00e9t\u00e9. C\u2019est pour cette raison que s\u2019adresser \u00e0 un cabinet de recrutement pour trouver un directeur des ventes se pr\u00e9sente comme la garantie d&#8217;engager la personne qui r\u00e9pond au profil exig\u00e9 par ce poste.<\/p>\n<p>Chez <strong>ImpactUP<\/strong> , nous nous chargeons de tout le processus de recrutement allant de la s\u00e9lection des dossiers de candidature jusqu\u2019\u00e0 l\u2019embauche d\u00e9finitive. De plus, non seulement nous veillons \u00e0 ce que les candidats que nous s\u00e9lectionnons remplissent les crit\u00e8res que vous nous soumettrez, mais nous privil\u00e9gions \u00e9galement le savoir-\u00eatre en effectuant des tests de personnalit\u00e9. Les comp\u00e9tences des candidats sont \u00e9valu\u00e9es suivant des crit\u00e8res stricts. Par ailleurs, nous prenons \u00e0 c\u0153ur la performance de votre entreprise, et le premier objectif de notre cabinet lors du recrutement d\u2019un directeur des ventes, c\u2019est d\u2019apporter des candidats capables d\u2019accroitre vos parts de march\u00e9.<br \/>\nImpactUP dispose d\u2019une offre de services compl\u00e8te pour les entreprises d\u00e9sireuses de se doter rapidement de nouveaux collaborateurs talentueux :<\/p>\n<ul>\n<li>une plateforme d\u2019\u00e9valuation qui repose sur 4 gammes d\u2019outils : TalentInitial\u00ae, TalentAttitude\u00ae, TalentBusiness\u00ae et TalentRelation\u00ae ;<\/li>\n<li>un service en ligne SaaS d&#8217;\u00e9valuation qui donne l\u2019occasion de jauger les bases d\u2019les comp\u00e9tences dans une langue \u00e9trang\u00e8re et ainsi de renforcer ses capacit\u00e9s linguistiques propos\u00e9 en partenariat avec Pipplet.<\/li>\n<\/ul>\n<h2>Recrutement classique, mais \u00e9galement chasse de t\u00eate<\/h2>\n<p>Un cabinet chasseur de t\u00eates reste une garantie d\u2019efficacit\u00e9 pour tous les dirigeants. En effet, les bons profils de directeur des ventes ne sont pas faciles \u00e0 trouver. Les chasseurs de t\u00eate peuvent contacter directement les candidats potentiels qui se trouvent encore en poste afin de leur proposer de nouvelles opportunit\u00e9s. Les entreprises qui ont du mal \u00e0 attirer de nouveaux collaborateurs peuvent \u00e9galement tirer profit d\u2019une externalisation du processus de recrutement.<\/p>\n<p>Votre entreprise b\u00e9n\u00e9ficiera des conseils avis\u00e9s de sp\u00e9cialistes exp\u00e9riment\u00e9s et forts de plusieurs ann\u00e9es en entreprise. Vous pourrez disposer d\u2019une \u00e9quipe performante et motiv\u00e9e. Certains <strong>cabinets de recrutement de directeur<\/strong> des ventes disposent m\u00eame d\u2019un p\u00f4le d\u00e9di\u00e9 \u00e0 vous aider dans la mise en place d\u2019une strat\u00e9gie sur le moyen terme.<\/p>\n<h2>Des outils et m\u00e9thodes performants pour la s\u00e9lection de candidats<\/h2>\n<p>En confiant \u00e0 notre cabinet de recrutement le soin de vous d\u00e9nicher un directeur des ventes , vous avez l&#8217;assurance de disposer de la personne qui r\u00e9pondra aux crit\u00e8res de s\u00e9lection que vous avez impos\u00e9s, aussi bien en termes de comp\u00e9tences que de personnalit\u00e9.<\/p>\n<p>Quel que soit le cadre commercial que vous recherchez, notre cabinet de recrutement est en mesure de vous proposer les meilleurs candidats. L\u2019efficacit\u00e9 de nos m\u00e9thodes de s\u00e9lection nous a valu la confiance de nombreuses entreprises. En plus de la lecture des profils des postulants, nous utilisons le \u00ab Disc de Marson \u00bb, l\u2019outil d\u2019analyse du comportement le plus performant actuellement pour \u00e9valuer leur personnalit\u00e9, associ\u00e9 aux tests de personnalit\u00e9 Profil Pro, Profil Manager et Profil Comp\u00e9tences.<\/p>\n<p>Par ailleurs, <a href=\"https:\/\/impactup.com\"><strong>ImpactUP<\/strong><\/a> apporte des conseils aux candidats en respectant leur projet professionnel. Nous sommes le partenaire de choix de nombreux groupes de France et d\u2019ailleurs, convaincus par notre professionnalisme.<\/p>\n<\/section>\n<p>[\/vc_column_text][\/vc_column][\/vc_row]<\/p>\n<\/div>","protected":false},"excerpt":{"rendered":"<p>[vc_row][vc_column width=&#8221;1\/3&#8243;][vc_btn title=&#8221;Voir notre offre&#8221; color=&#8221;secondarycolor&#8221; align=&#8221;center&#8221; css=&#8221;&#8221; link=&#8221;url:https%3A%2F%2Fimpactup.com%2Frecrutement%2F&#8221;][\/vc_column][vc_column width=&#8221;1\/3&#8243;][vc_btn title=&#8221;Confiez-nous votre projet&#8221; color=&#8221;secondarycolor&#8221; align=&#8221;center&#8221; css=&#8221;&#8221; link=&#8221;url:https%3A%2F%2Fimpactup.com%2Fetude-personnalisee%2F&#8221;][\/vc_column][vc_column width=&#8221;1\/3&#8243;][vc_btn title=&#8221;Contactez-nous&#8221; color=&#8221;secondarycolor&#8221; align=&#8221;center&#8221; css=&#8221;&#8221; link=&#8221;url:https%3A%2F%2Fimpactup.com%2Fcontact%2F&#8221;][\/vc_column][\/vc_row][vc_row css=&#8221;.vc_custom_1717658386032{padding-top: 40px !important;padding-bottom: 20px !important;}&#8221;][vc_column][vc_column_text css=&#8221;&#8221;] Recrutement de directeur des ventes : Le cabinet ImpactUP est \u00e0 votre service Faire appel \u00e0 un cabinet de recrutement pour l\u2019embauche d\u2019un directeur des ventes [&hellip;]<\/p>\n","protected":false},"author":4,"featured_media":0,"parent":17218,"menu_order":0,"comment_status":"closed","ping_status":"closed","template":"","meta":{"_monsterinsights_skip_tracking":false,"_monsterinsights_sitenote_active":false,"_monsterinsights_sitenote_note":"","_monsterinsights_sitenote_category":0,"footnotes":""},"class_list":["post-26038","page","type-page","status-publish","hentry"],"yoast_head":"<!-- This site is optimized with the Yoast SEO plugin v27.0 - https:\/\/yoast.com\/product\/yoast-seo-wordpress\/ -->\n<title>Cabinet de recrutement de directeur des ventes fiable<\/title>\n<meta name=\"description\" content=\"Recourir \u00e0 un cabinet de recrutement pour trouver votre directeur des ventes. ImpactUP est un cabinet de recrutement expert dans la recherche de cadres commerciaux.\" \/>\n<meta name=\"robots\" content=\"index, follow, max-snippet:-1, max-image-preview:large, max-video-preview:-1\" \/>\n<link rel=\"canonical\" href=\"https:\/\/impactup.com\/en\/glossaire\/cabinet-de-recrutement-directeur-des-ventes\/\" \/>\n<meta property=\"og:locale\" content=\"en_US\" \/>\n<meta property=\"og:type\" content=\"article\" \/>\n<meta property=\"og:title\" content=\"Cabinet de recrutement de directeur des ventes fiable\" \/>\n<meta property=\"og:description\" content=\"Recourir \u00e0 un cabinet de recrutement pour trouver votre directeur des ventes. ImpactUP est un cabinet de recrutement expert dans la recherche de cadres commerciaux.\" \/>\n<meta property=\"og:url\" content=\"https:\/\/impactup.com\/en\/glossaire\/cabinet-de-recrutement-directeur-des-ventes\/\" \/>\n<meta property=\"og:site_name\" content=\"ImpactUp\" \/>\n<meta property=\"article:modified_time\" content=\"2024-06-12T09:26:34+00:00\" \/>\n<meta property=\"og:image\" content=\"https:\/\/impactup.com\/wp-content\/uploads\/2021\/01\/og.jpg\" \/>\n\t<meta property=\"og:image:width\" content=\"1067\" \/>\n\t<meta property=\"og:image:height\" content=\"600\" \/>\n\t<meta property=\"og:image:type\" content=\"image\/jpeg\" \/>\n<meta name=\"twitter:card\" content=\"summary_large_image\" \/>\n<meta name=\"twitter:label1\" content=\"Est. reading time\" \/>\n\t<meta name=\"twitter:data1\" content=\"6 minutes\" \/>\n<script type=\"application\/ld+json\" class=\"yoast-schema-graph\">{\"@context\":\"https:\/\/schema.org\",\"@graph\":[{\"@type\":\"WebPage\",\"@id\":\"https:\/\/impactup.com\/en\/glossaire\/cabinet-de-recrutement-directeur-des-ventes\/\",\"url\":\"https:\/\/impactup.com\/en\/glossaire\/cabinet-de-recrutement-directeur-des-ventes\/\",\"name\":\"Cabinet de recrutement de directeur des ventes fiable\",\"isPartOf\":{\"@id\":\"https:\/\/impactup.com\/en\/#website\"},\"datePublished\":\"2024-06-10T09:01:30+00:00\",\"dateModified\":\"2024-06-12T09:26:34+00:00\",\"description\":\"Recourir \u00e0 un cabinet de recrutement pour trouver votre directeur des ventes. ImpactUP est un cabinet de recrutement expert dans la recherche de cadres commerciaux.\",\"breadcrumb\":{\"@id\":\"https:\/\/impactup.com\/en\/glossaire\/cabinet-de-recrutement-directeur-des-ventes\/#breadcrumb\"},\"inLanguage\":\"en-US\",\"potentialAction\":[{\"@type\":\"ReadAction\",\"target\":[\"https:\/\/impactup.com\/en\/glossaire\/cabinet-de-recrutement-directeur-des-ventes\/\"]}]},{\"@type\":\"BreadcrumbList\",\"@id\":\"https:\/\/impactup.com\/en\/glossaire\/cabinet-de-recrutement-directeur-des-ventes\/#breadcrumb\",\"itemListElement\":[{\"@type\":\"ListItem\",\"position\":1,\"name\":\"Accueil\",\"item\":\"https:\/\/impactup.com\/en\/\"},{\"@type\":\"ListItem\",\"position\":2,\"name\":\"Glossaire\",\"item\":\"https:\/\/impactup.com\/en\/glossaire\/\"},{\"@type\":\"ListItem\",\"position\":3,\"name\":\"Recrutement de directeur des ventes : Le cabinet ImpactUP est \u00e0 votre service\"}]},{\"@type\":\"WebSite\",\"@id\":\"https:\/\/impactup.com\/en\/#website\",\"url\":\"https:\/\/impactup.com\/en\/\",\"name\":\"ImpactUp\",\"description\":\"Recrutement commerciaux, directions commerciales et fonctions marketing\",\"potentialAction\":[{\"@type\":\"SearchAction\",\"target\":{\"@type\":\"EntryPoint\",\"urlTemplate\":\"https:\/\/impactup.com\/en\/?s={search_term_string}\"},\"query-input\":{\"@type\":\"PropertyValueSpecification\",\"valueRequired\":true,\"valueName\":\"search_term_string\"}}],\"inLanguage\":\"en-US\"}]}<\/script>\n<!-- \/ Yoast SEO plugin. -->","yoast_head_json":{"title":"Cabinet de recrutement de directeur des ventes fiable","description":"Recourir \u00e0 un cabinet de recrutement pour trouver votre directeur des ventes. ImpactUP est un cabinet de recrutement expert dans la recherche de cadres commerciaux.","robots":{"index":"index","follow":"follow","max-snippet":"max-snippet:-1","max-image-preview":"max-image-preview:large","max-video-preview":"max-video-preview:-1"},"canonical":"https:\/\/impactup.com\/en\/glossaire\/cabinet-de-recrutement-directeur-des-ventes\/","og_locale":"en_US","og_type":"article","og_title":"Cabinet de recrutement de directeur des ventes fiable","og_description":"Recourir \u00e0 un cabinet de recrutement pour trouver votre directeur des ventes. ImpactUP est un cabinet de recrutement expert dans la recherche de cadres commerciaux.","og_url":"https:\/\/impactup.com\/en\/glossaire\/cabinet-de-recrutement-directeur-des-ventes\/","og_site_name":"ImpactUp","article_modified_time":"2024-06-12T09:26:34+00:00","og_image":[{"width":1067,"height":600,"url":"https:\/\/impactup.com\/wp-content\/uploads\/2021\/01\/og.jpg","type":"image\/jpeg"}],"twitter_card":"summary_large_image","twitter_misc":{"Est. reading time":"6 minutes"},"schema":{"@context":"https:\/\/schema.org","@graph":[{"@type":"WebPage","@id":"https:\/\/impactup.com\/en\/glossaire\/cabinet-de-recrutement-directeur-des-ventes\/","url":"https:\/\/impactup.com\/en\/glossaire\/cabinet-de-recrutement-directeur-des-ventes\/","name":"Cabinet de recrutement de directeur des ventes fiable","isPartOf":{"@id":"https:\/\/impactup.com\/en\/#website"},"datePublished":"2024-06-10T09:01:30+00:00","dateModified":"2024-06-12T09:26:34+00:00","description":"Recourir \u00e0 un cabinet de recrutement pour trouver votre directeur des ventes. ImpactUP est un cabinet de recrutement expert dans la recherche de cadres commerciaux.","breadcrumb":{"@id":"https:\/\/impactup.com\/en\/glossaire\/cabinet-de-recrutement-directeur-des-ventes\/#breadcrumb"},"inLanguage":"en-US","potentialAction":[{"@type":"ReadAction","target":["https:\/\/impactup.com\/en\/glossaire\/cabinet-de-recrutement-directeur-des-ventes\/"]}]},{"@type":"BreadcrumbList","@id":"https:\/\/impactup.com\/en\/glossaire\/cabinet-de-recrutement-directeur-des-ventes\/#breadcrumb","itemListElement":[{"@type":"ListItem","position":1,"name":"Accueil","item":"https:\/\/impactup.com\/en\/"},{"@type":"ListItem","position":2,"name":"Glossaire","item":"https:\/\/impactup.com\/en\/glossaire\/"},{"@type":"ListItem","position":3,"name":"Recrutement de directeur des ventes : Le cabinet ImpactUP est \u00e0 votre service"}]},{"@type":"WebSite","@id":"https:\/\/impactup.com\/en\/#website","url":"https:\/\/impactup.com\/en\/","name":"ImpactUp","description":"Recrutement commerciaux, directions commerciales et fonctions marketing","potentialAction":[{"@type":"SearchAction","target":{"@type":"EntryPoint","urlTemplate":"https:\/\/impactup.com\/en\/?s={search_term_string}"},"query-input":{"@type":"PropertyValueSpecification","valueRequired":true,"valueName":"search_term_string"}}],"inLanguage":"en-US"}]}},"_links":{"self":[{"href":"https:\/\/impactup.com\/en\/wp-json\/wp\/v2\/pages\/26038","targetHints":{"allow":["GET"]}}],"collection":[{"href":"https:\/\/impactup.com\/en\/wp-json\/wp\/v2\/pages"}],"about":[{"href":"https:\/\/impactup.com\/en\/wp-json\/wp\/v2\/types\/page"}],"author":[{"embeddable":true,"href":"https:\/\/impactup.com\/en\/wp-json\/wp\/v2\/users\/4"}],"replies":[{"embeddable":true,"href":"https:\/\/impactup.com\/en\/wp-json\/wp\/v2\/comments?post=26038"}],"version-history":[{"count":5,"href":"https:\/\/impactup.com\/en\/wp-json\/wp\/v2\/pages\/26038\/revisions"}],"predecessor-version":[{"id":26470,"href":"https:\/\/impactup.com\/en\/wp-json\/wp\/v2\/pages\/26038\/revisions\/26470"}],"up":[{"embeddable":true,"href":"https:\/\/impactup.com\/en\/wp-json\/wp\/v2\/pages\/17218"}],"wp:attachment":[{"href":"https:\/\/impactup.com\/en\/wp-json\/wp\/v2\/media?parent=26038"}],"curies":[{"name":"wp","href":"https:\/\/api.w.org\/{rel}","templated":true}]}}