{"id":26031,"date":"2024-06-10T10:51:36","date_gmt":"2024-06-10T08:51:36","guid":{"rendered":"https:\/\/impactup.niou.dev\/?page_id=26031"},"modified":"2024-06-12T11:25:08","modified_gmt":"2024-06-12T09:25:08","slug":"cabinet-de-recrutement-directeur-de-magasin","status":"publish","type":"page","link":"https:\/\/impactup.com\/en\/glossaire\/cabinet-de-recrutement-directeur-de-magasin\/","title":{"rendered":"Cabinet de recrutement sp\u00e9cialis\u00e9 dans l\u2019embauche de directeur de magasin"},"content":{"rendered":"<div class=\"wpb-content-wrapper\"><p>[vc_row][vc_column width=&#8221;1\/3&#8243;][vc_btn title=&#8221;Voir notre offre&#8221; color=&#8221;secondarycolor&#8221; align=&#8221;center&#8221; css=&#8221;&#8221; link=&#8221;url:https%3A%2F%2Fimpactup.com%2Frecrutement%2F&#8221;][\/vc_column][vc_column width=&#8221;1\/3&#8243;][vc_btn title=&#8221;Confiez-nous votre projet&#8221; color=&#8221;secondarycolor&#8221; align=&#8221;center&#8221; css=&#8221;&#8221; link=&#8221;url:https%3A%2F%2Fimpactup.com%2Fetude-personnalisee%2F&#8221;][\/vc_column][vc_column width=&#8221;1\/3&#8243;][vc_btn title=&#8221;Contactez-nous&#8221; color=&#8221;secondarycolor&#8221; align=&#8221;center&#8221; css=&#8221;&#8221; link=&#8221;url:https%3A%2F%2Fimpactup.com%2Fcontact%2F&#8221;][\/vc_column][\/vc_row][vc_row css=&#8221;.vc_custom_1717658386032{padding-top: 40px !important;padding-bottom: 20px !important;}&#8221;][vc_column][vc_column_text css=&#8221;&#8221;]<\/p>\n<section style=\"text-align: justify;\">\n<h2>Cabinet de recrutement sp\u00e9cialis\u00e9 dans l\u2019embauche de directeur de magasin<\/h2>\n<p>Si vous cherchez \u00e0 pourvoir un poste de haut niveau comme celui de <a href=\"https:\/\/impactup.com\/glossaire\/cabinet-de-recrutement-directeur-de-client%c3%a8le\"><strong>directeur de magasin , faites confiance \u00e0 un cabinet de recrutement sp\u00e9cialis\u00e9<\/strong><\/a>. Des experts se chargent d\u2019identifier les profils de haut niveau et de vous accompagner tout au long du processus d\u2019embauche. Pour cette mission, faites appel \u00e0 <strong>ImpactUP<\/strong> .<\/p>\n<p>ImpactUP est une structure sp\u00e9cialis\u00e9e dans le recrutement de profils de haut niveau et experts m\u00e9tiers) sur les secteurs commerciaux et marketing, et \u00e0 tous les postes strat\u00e9giques de l\u2019organisation.<\/p>\n<\/section>\n<p>[\/vc_column_text][\/vc_column][\/vc_row][vc_row][vc_column width=&#8221;1\/3&#8243;][vc_btn title=&#8221;Voir notre offre&#8221; color=&#8221;secondarycolor&#8221; align=&#8221;center&#8221; css=&#8221;&#8221; link=&#8221;url:https%3A%2F%2Fimpactup.com%2Frecrutement%2F&#8221;][\/vc_column][vc_column width=&#8221;1\/3&#8243;][vc_btn title=&#8221;Confiez-nous votre projet&#8221; color=&#8221;secondarycolor&#8221; align=&#8221;center&#8221; css=&#8221;&#8221; link=&#8221;url:https%3A%2F%2Fimpactup.com%2Fetude-personnalisee%2F&#8221;][\/vc_column][vc_column width=&#8221;1\/3&#8243;][vc_btn title=&#8221;Contactez-nous&#8221; color=&#8221;secondarycolor&#8221; align=&#8221;center&#8221; css=&#8221;&#8221; link=&#8221;url:https%3A%2F%2Fimpactup.com%2Fcontact%2F&#8221;][\/vc_column][\/vc_row][vc_row css=&#8221;.vc_custom_1717658445522{padding-top: 40px !important;}&#8221;][vc_column][vc_column_text css=&#8221;&#8221;]<\/p>\n<section style=\"text-align: justify;\">\n<h2>Que fait un directeur de magasin ?<\/h2>\n<p>Le directeur de magasin et un professionnel charg\u00e9 de la gestion de l\u2019ensemble des activit\u00e9s d\u2019un centre commercial et de l\u2019application de la politique v\u00e9hicul\u00e9e par le groupe dont il fait partie. Pour ce faire, il doit disposer de moyens financiers et humains n\u00e9cessaires pour favoriser le d\u00e9veloppement de son point de vente (boutique, hypermarch\u00e9, grande surface&#8230;). Un poste extr\u00eamement complexe et d\u00e9licat, il englobe plusieurs t\u00e2ches et responsabilit\u00e9s. Il doit entre autres assurer les aspects organisationnels et fonctionnels de sa boutique, concevoir et mettre en \u0153uvre une bonne politique de gestion adapt\u00e9e aux produits qu\u2019il propose et \u00e0 la client\u00e8le cible. Il supervise \u00e9galement les travaux des diff\u00e9rentes entit\u00e9s comme les responsables de l\u2019approvisionnement ou des livraisons, de l\u2019am\u00e9nagement et de l\u2019agencement du magasin, de l\u2019accueil des clients ou de la s\u00e9curit\u00e9, etc.<\/p>\n<p>Le directeur du magasin peut travailler en collaboration avec tous ses subordonn\u00e9s pour assurer la bonne marche des activit\u00e9s de chaque d\u00e9partement ou service. Les performances de votre boutique et son chiffre d\u2019affaires d\u00e9pendront en partie des aptitudes en gestion de cet expert ainsi que de ses strat\u00e9gies de vente. Il vous faut donc embaucher une personne qui soit \u00e0 la fois gestionnaire, comptable et marketer.<\/p>\n<p>De par ces nombreuses responsabilit\u00e9s qui incombent au <a href=\"https:\/\/impactup.com\/glossaire\/cabinet-de-recrutement-directeur-commercial\"><strong>directeur de magasin , le recours \u00e0 un cabinet de recrutement<\/strong><\/a> sp\u00e9cialis\u00e9 s\u2019impose donc pour d\u00e9nicher un candidat de valeur qui correspond parfaitement \u00e0 vos besoins et \u00e0 l\u2019ADN de votre entreprise.<\/p>\n<h2>Pourquoi externaliser le recrutement de votre directeur de magasin ?<\/h2>\n<p>Contrairement \u00e0 une d\u00e9marche effectu\u00e9e en interne, l\u2019externalisation du recrutement est une option int\u00e9ressante pour les entreprises qui manquent de temps et de moyens. En effet, il offre plus de flexibilit\u00e9 en vous permettant de vous focaliser sur des activit\u00e9s prioritaires avec des prestations de qualit\u00e9 et \u00e0 moindre co\u00fbt. Le processus d\u2019embauche d\u2019un directeur de magasin peut prendre \u00e9norm\u00e9ment de temps si l\u2019on recourt aux moyens classiques (annonces, CVth\u00e8ques). Au contraire, avec l\u2019aide d\u2019un cabinet, il est possible d\u2019obtenir assez rapidement plusieurs candidatures de valeur. Les consultants travaillant dans les agences sp\u00e9cialis\u00e9es poss\u00e8dent un large r\u00e9seau, car ils sont eux-m\u00eames issus de la profession. Par ailleurs, en l\u2019absence de postulants, l\u2019agence peut proc\u00e9der \u00e0 la chasse de t\u00eate. Elle va ainsi approcher directement les directeurs de magasin d\u00e9j\u00e0 en poste afin de leur proposer de nouvelles opportunit\u00e9s. Pour les entreprises en qu\u00eate de vrais talents, il s\u2019agit presque d\u2019un passage oblig\u00e9. Les soci\u00e9t\u00e9s n\u2019ont pas le droit d\u2019approcher les salari\u00e9s d\u2019autres firmes, ainsi le recours \u00e0 un cabinet s\u2019impose lorsqu\u2019il s\u2019agit de trouver un collaborateur sp\u00e9cialis\u00e9.<\/p>\n<p>Les cabinets de recrutements peuvent proposer des prestations tr\u00e8s compl\u00e8tes, allant de la pr\u00e9s\u00e9lection des candidats \u00e0 l\u2019accompagnement de leur int\u00e9gration, en passant par les entretiens, les tests et \u00e9valuations du candidat. Certaines agences proposent m\u00eame une assistance permanente quant \u00e0 l\u2019identification d\u2019une solution commerciale nettement plus efficace et durable.<\/p>\n<p>Ainsi, un <a href=\"https:\/\/impactup.com\/glossaire\/cabinet-de-recrutement-directeur-marketing\"><strong>cabinet de recrutement vous trouvera le directeur de magasin<\/strong><\/a> qui vous convient et qui poss\u00e8de une parfaite connaissance du march\u00e9, en mettant en \u0153uvre des techniques \u00e9prouv\u00e9es pour s\u00e9lectionner les postulants les plus comp\u00e9tents et les plus motiv\u00e9s.<\/p>\n<h2>Confiez le recrutement de votre directeur de magasin \u00e0 un cabinet qualifi\u00e9<\/h2>\n<p><strong>ImpactUP<\/strong> est un cabinet sp\u00e9cialis\u00e9 dans le recrutement de directeur de magasin ainsi que d\u2019autres m\u00e9tiers du commerce et de la distribution. Nous nous d\u00e9dions aux les fonctions marketing et vente depuis la cr\u00e9ation de l\u2019agence en 2005.<\/p>\n<p>Compos\u00e9s de plus de 2 000 managers et commerciaux, nous pouvons nous fier \u00e0 notre \u00e9quipe hautement qualifi\u00e9e et exp\u00e9riment\u00e9e afin de vous fournir des collaborateurs comp\u00e9tents et imm\u00e9diatement op\u00e9rationnels.<\/p>\n<p>Pour trouver les talents dont vous aurez besoin dans ces diff\u00e9rents domaines, faites confiance \u00e0 notre savoir-faire et expertise. Chaque campagne de recrutement est totalement personnalis\u00e9e selon les exigences du poste. Par ailleurs, nous pouvons nous charger de tout ou partie du processus de recrutement selon vos souhaits et les enjeux du poste.<\/p>\n<p>ImpactUP a d\u00e9velopp\u00e9 une offre de services compl\u00e8te pour r\u00e9pondre \u00e0 toutes les pr\u00e9occupations des entreprises en mati\u00e8re de ressources humaines :<\/p>\n<ul>\n<li>une plateforme d\u2019\u00e9valuation qui repose sur 4 types d\u2019outils : TalentInitial\u00ae, TalentAttitude\u00ae, TalentBusiness\u00ae et TalentRelation\u00ae ;<\/li>\n<li>un service en ligne SaaS d\u2019\u00e9valuation qui donne l\u2019occasion de jauger son niveau en langue \u00e9trang\u00e8re propos\u00e9 en collaboration avec Pipplet.<\/li>\n<\/ul>\n<p>Le coaching des candidats est un autre des domaines d\u2019interventions d\u2019ImpactUP pour leur satisfaction personnelle \u00e0 occuper une fonction valorisante.<\/p>\n<p>En collaborant avec ImpactUP , vous nouez un partenariat de confiance qui va aboutir \u00e0 l\u2019am\u00e9lioration de vos performances. Qu\u2019il s\u2019agisse de recrutement ou de conseil, notre premier objectif est d\u2019accroitre votre part de march\u00e9, peu importe le secteur d\u2019activit\u00e9 dans lequel vous exercez.<\/p>\n<p><a href=\"https:\/\/impactup.com\"><strong>Confiez-nous<\/strong><\/a> vos projets et nous mettrons \u00e0 votre disposition la solution taill\u00e9e \u00e0 vos attentes. Nous sommes le partenaire privil\u00e9gi\u00e9 des entreprises de toute taille et de diff\u00e9rentes nationalit\u00e9s, convaincues par notre professionnalisme.<\/p>\n<\/section>\n<p>[\/vc_column_text][\/vc_column][\/vc_row]<\/p>\n<\/div>","protected":false},"excerpt":{"rendered":"<p>[vc_row][vc_column width=&#8221;1\/3&#8243;][vc_btn title=&#8221;Voir notre offre&#8221; color=&#8221;secondarycolor&#8221; align=&#8221;center&#8221; css=&#8221;&#8221; link=&#8221;url:https%3A%2F%2Fimpactup.com%2Frecrutement%2F&#8221;][\/vc_column][vc_column width=&#8221;1\/3&#8243;][vc_btn title=&#8221;Confiez-nous votre projet&#8221; color=&#8221;secondarycolor&#8221; align=&#8221;center&#8221; css=&#8221;&#8221; link=&#8221;url:https%3A%2F%2Fimpactup.com%2Fetude-personnalisee%2F&#8221;][\/vc_column][vc_column width=&#8221;1\/3&#8243;][vc_btn title=&#8221;Contactez-nous&#8221; color=&#8221;secondarycolor&#8221; align=&#8221;center&#8221; css=&#8221;&#8221; link=&#8221;url:https%3A%2F%2Fimpactup.com%2Fcontact%2F&#8221;][\/vc_column][\/vc_row][vc_row css=&#8221;.vc_custom_1717658386032{padding-top: 40px !important;padding-bottom: 20px !important;}&#8221;][vc_column][vc_column_text css=&#8221;&#8221;] Cabinet de recrutement sp\u00e9cialis\u00e9 dans l\u2019embauche de directeur de magasin Si vous cherchez \u00e0 pourvoir un poste de haut niveau comme celui de directeur de magasin [&hellip;]<\/p>\n","protected":false},"author":4,"featured_media":0,"parent":17218,"menu_order":0,"comment_status":"closed","ping_status":"closed","template":"","meta":{"_monsterinsights_skip_tracking":false,"_monsterinsights_sitenote_active":false,"_monsterinsights_sitenote_note":"","_monsterinsights_sitenote_category":0,"footnotes":""},"class_list":["post-26031","page","type-page","status-publish","hentry"],"yoast_head":"<!-- This site is optimized with the Yoast SEO plugin v27.0 - https:\/\/yoast.com\/product\/yoast-seo-wordpress\/ -->\n<title>Cabinet pour le recrutement d\u2019un directeur de magasin<\/title>\n<meta name=\"description\" content=\"Sollicitez les services d\u2019un cabinet de recrutement pour trouver un directeur de magasin. Avec l\u2019accompagnement d\u2019un cabinet ImpactUP, simplifiez votre proc\u00e9dure de recrutement d\u2019un directeur de magasin.\" \/>\n<meta name=\"robots\" content=\"index, follow, max-snippet:-1, max-image-preview:large, max-video-preview:-1\" \/>\n<link rel=\"canonical\" href=\"https:\/\/impactup.com\/en\/glossaire\/cabinet-de-recrutement-directeur-de-magasin\/\" \/>\n<meta property=\"og:locale\" content=\"en_US\" \/>\n<meta property=\"og:type\" content=\"article\" \/>\n<meta property=\"og:title\" content=\"Cabinet pour le recrutement d\u2019un directeur de magasin\" \/>\n<meta property=\"og:description\" content=\"Sollicitez les services d\u2019un cabinet de recrutement pour trouver un directeur de magasin. Avec l\u2019accompagnement d\u2019un cabinet ImpactUP, simplifiez votre proc\u00e9dure de recrutement d\u2019un directeur de magasin.\" \/>\n<meta property=\"og:url\" content=\"https:\/\/impactup.com\/en\/glossaire\/cabinet-de-recrutement-directeur-de-magasin\/\" \/>\n<meta property=\"og:site_name\" content=\"ImpactUp\" \/>\n<meta property=\"article:modified_time\" content=\"2024-06-12T09:25:08+00:00\" \/>\n<meta property=\"og:image\" content=\"https:\/\/impactup.com\/wp-content\/uploads\/2021\/01\/og.jpg\" \/>\n\t<meta property=\"og:image:width\" content=\"1067\" \/>\n\t<meta property=\"og:image:height\" content=\"600\" \/>\n\t<meta property=\"og:image:type\" content=\"image\/jpeg\" \/>\n<meta name=\"twitter:card\" content=\"summary_large_image\" \/>\n<meta name=\"twitter:label1\" content=\"Est. reading time\" \/>\n\t<meta name=\"twitter:data1\" content=\"5 minutes\" \/>\n<script type=\"application\/ld+json\" class=\"yoast-schema-graph\">{\"@context\":\"https:\/\/schema.org\",\"@graph\":[{\"@type\":\"WebPage\",\"@id\":\"https:\/\/impactup.com\/en\/glossaire\/cabinet-de-recrutement-directeur-de-magasin\/\",\"url\":\"https:\/\/impactup.com\/en\/glossaire\/cabinet-de-recrutement-directeur-de-magasin\/\",\"name\":\"Cabinet pour le recrutement d\u2019un directeur de magasin\",\"isPartOf\":{\"@id\":\"https:\/\/impactup.com\/en\/#website\"},\"datePublished\":\"2024-06-10T08:51:36+00:00\",\"dateModified\":\"2024-06-12T09:25:08+00:00\",\"description\":\"Sollicitez les services d\u2019un cabinet de recrutement pour trouver un directeur de magasin. Avec l\u2019accompagnement d\u2019un cabinet ImpactUP, simplifiez votre proc\u00e9dure de recrutement d\u2019un directeur de magasin.\",\"breadcrumb\":{\"@id\":\"https:\/\/impactup.com\/en\/glossaire\/cabinet-de-recrutement-directeur-de-magasin\/#breadcrumb\"},\"inLanguage\":\"en-US\",\"potentialAction\":[{\"@type\":\"ReadAction\",\"target\":[\"https:\/\/impactup.com\/en\/glossaire\/cabinet-de-recrutement-directeur-de-magasin\/\"]}]},{\"@type\":\"BreadcrumbList\",\"@id\":\"https:\/\/impactup.com\/en\/glossaire\/cabinet-de-recrutement-directeur-de-magasin\/#breadcrumb\",\"itemListElement\":[{\"@type\":\"ListItem\",\"position\":1,\"name\":\"Accueil\",\"item\":\"https:\/\/impactup.com\/en\/\"},{\"@type\":\"ListItem\",\"position\":2,\"name\":\"Glossaire\",\"item\":\"https:\/\/impactup.com\/en\/glossaire\/\"},{\"@type\":\"ListItem\",\"position\":3,\"name\":\"Cabinet de recrutement sp\u00e9cialis\u00e9 dans l\u2019embauche de directeur de magasin\"}]},{\"@type\":\"WebSite\",\"@id\":\"https:\/\/impactup.com\/en\/#website\",\"url\":\"https:\/\/impactup.com\/en\/\",\"name\":\"ImpactUp\",\"description\":\"Recrutement commerciaux, directions commerciales et fonctions marketing\",\"potentialAction\":[{\"@type\":\"SearchAction\",\"target\":{\"@type\":\"EntryPoint\",\"urlTemplate\":\"https:\/\/impactup.com\/en\/?s={search_term_string}\"},\"query-input\":{\"@type\":\"PropertyValueSpecification\",\"valueRequired\":true,\"valueName\":\"search_term_string\"}}],\"inLanguage\":\"en-US\"}]}<\/script>\n<!-- \/ Yoast SEO plugin. -->","yoast_head_json":{"title":"Cabinet pour le recrutement d\u2019un directeur de magasin","description":"Sollicitez les services d\u2019un cabinet de recrutement pour trouver un directeur de magasin. Avec l\u2019accompagnement d\u2019un cabinet ImpactUP, simplifiez votre proc\u00e9dure de recrutement d\u2019un directeur de magasin.","robots":{"index":"index","follow":"follow","max-snippet":"max-snippet:-1","max-image-preview":"max-image-preview:large","max-video-preview":"max-video-preview:-1"},"canonical":"https:\/\/impactup.com\/en\/glossaire\/cabinet-de-recrutement-directeur-de-magasin\/","og_locale":"en_US","og_type":"article","og_title":"Cabinet pour le recrutement d\u2019un directeur de magasin","og_description":"Sollicitez les services d\u2019un cabinet de recrutement pour trouver un directeur de magasin. Avec l\u2019accompagnement d\u2019un cabinet ImpactUP, simplifiez votre proc\u00e9dure de recrutement d\u2019un directeur de magasin.","og_url":"https:\/\/impactup.com\/en\/glossaire\/cabinet-de-recrutement-directeur-de-magasin\/","og_site_name":"ImpactUp","article_modified_time":"2024-06-12T09:25:08+00:00","og_image":[{"width":1067,"height":600,"url":"https:\/\/impactup.com\/wp-content\/uploads\/2021\/01\/og.jpg","type":"image\/jpeg"}],"twitter_card":"summary_large_image","twitter_misc":{"Est. reading time":"5 minutes"},"schema":{"@context":"https:\/\/schema.org","@graph":[{"@type":"WebPage","@id":"https:\/\/impactup.com\/en\/glossaire\/cabinet-de-recrutement-directeur-de-magasin\/","url":"https:\/\/impactup.com\/en\/glossaire\/cabinet-de-recrutement-directeur-de-magasin\/","name":"Cabinet pour le recrutement d\u2019un directeur de magasin","isPartOf":{"@id":"https:\/\/impactup.com\/en\/#website"},"datePublished":"2024-06-10T08:51:36+00:00","dateModified":"2024-06-12T09:25:08+00:00","description":"Sollicitez les services d\u2019un cabinet de recrutement pour trouver un directeur de magasin. Avec l\u2019accompagnement d\u2019un cabinet ImpactUP, simplifiez votre proc\u00e9dure de recrutement d\u2019un directeur de magasin.","breadcrumb":{"@id":"https:\/\/impactup.com\/en\/glossaire\/cabinet-de-recrutement-directeur-de-magasin\/#breadcrumb"},"inLanguage":"en-US","potentialAction":[{"@type":"ReadAction","target":["https:\/\/impactup.com\/en\/glossaire\/cabinet-de-recrutement-directeur-de-magasin\/"]}]},{"@type":"BreadcrumbList","@id":"https:\/\/impactup.com\/en\/glossaire\/cabinet-de-recrutement-directeur-de-magasin\/#breadcrumb","itemListElement":[{"@type":"ListItem","position":1,"name":"Accueil","item":"https:\/\/impactup.com\/en\/"},{"@type":"ListItem","position":2,"name":"Glossaire","item":"https:\/\/impactup.com\/en\/glossaire\/"},{"@type":"ListItem","position":3,"name":"Cabinet de recrutement sp\u00e9cialis\u00e9 dans l\u2019embauche de directeur de magasin"}]},{"@type":"WebSite","@id":"https:\/\/impactup.com\/en\/#website","url":"https:\/\/impactup.com\/en\/","name":"ImpactUp","description":"Recrutement commerciaux, directions commerciales et fonctions marketing","potentialAction":[{"@type":"SearchAction","target":{"@type":"EntryPoint","urlTemplate":"https:\/\/impactup.com\/en\/?s={search_term_string}"},"query-input":{"@type":"PropertyValueSpecification","valueRequired":true,"valueName":"search_term_string"}}],"inLanguage":"en-US"}]}},"_links":{"self":[{"href":"https:\/\/impactup.com\/en\/wp-json\/wp\/v2\/pages\/26031","targetHints":{"allow":["GET"]}}],"collection":[{"href":"https:\/\/impactup.com\/en\/wp-json\/wp\/v2\/pages"}],"about":[{"href":"https:\/\/impactup.com\/en\/wp-json\/wp\/v2\/types\/page"}],"author":[{"embeddable":true,"href":"https:\/\/impactup.com\/en\/wp-json\/wp\/v2\/users\/4"}],"replies":[{"embeddable":true,"href":"https:\/\/impactup.com\/en\/wp-json\/wp\/v2\/comments?post=26031"}],"version-history":[{"count":5,"href":"https:\/\/impactup.com\/en\/wp-json\/wp\/v2\/pages\/26031\/revisions"}],"predecessor-version":[{"id":26469,"href":"https:\/\/impactup.com\/en\/wp-json\/wp\/v2\/pages\/26031\/revisions\/26469"}],"up":[{"embeddable":true,"href":"https:\/\/impactup.com\/en\/wp-json\/wp\/v2\/pages\/17218"}],"wp:attachment":[{"href":"https:\/\/impactup.com\/en\/wp-json\/wp\/v2\/media?parent=26031"}],"curies":[{"name":"wp","href":"https:\/\/api.w.org\/{rel}","templated":true}]}}