{"id":26021,"date":"2024-06-10T10:40:50","date_gmt":"2024-06-10T08:40:50","guid":{"rendered":"https:\/\/impactup.niou.dev\/?page_id=26021"},"modified":"2024-06-12T11:22:40","modified_gmt":"2024-06-12T09:22:40","slug":"cabinet-de-recrutement-directeur-commercial-b-b","status":"publish","type":"page","link":"https:\/\/impactup.com\/en\/glossaire\/cabinet-de-recrutement-directeur-commercial-b-b\/","title":{"rendered":"Le cabinet de recrutement, votre partenaire pour trouver un directeur commercial B to B"},"content":{"rendered":"<div class=\"wpb-content-wrapper\"><p>[vc_row][vc_column width=&#8221;1\/3&#8243;][vc_btn title=&#8221;Voir notre offre&#8221; color=&#8221;secondarycolor&#8221; align=&#8221;center&#8221; css=&#8221;&#8221; link=&#8221;url:https%3A%2F%2Fimpactup.com%2Frecrutement%2F&#8221;][\/vc_column][vc_column width=&#8221;1\/3&#8243;][vc_btn title=&#8221;Confiez-nous votre projet&#8221; color=&#8221;secondarycolor&#8221; align=&#8221;center&#8221; css=&#8221;&#8221; link=&#8221;url:https%3A%2F%2Fimpactup.com%2Fetude-personnalisee%2F&#8221;][\/vc_column][vc_column width=&#8221;1\/3&#8243;][vc_btn title=&#8221;Contactez-nous&#8221; color=&#8221;secondarycolor&#8221; align=&#8221;center&#8221; css=&#8221;&#8221; link=&#8221;url:https%3A%2F%2Fimpactup.com%2Fcontact%2F&#8221;][\/vc_column][\/vc_row][vc_row css=&#8221;.vc_custom_1717658386032{padding-top: 40px !important;padding-bottom: 20px !important;}&#8221;][vc_column][vc_column_text css=&#8221;&#8221;]<\/p>\n<section style=\"text-align: justify;\">\n<h2>Le cabinet de recrutement, votre partenaire pour trouver un directeur commercial B to B<\/h2>\n<p>Pour trouver un candidat de talent \u00e0 affecter au poste de <a href=\"https:\/\/impactup.com\/glossaire\/cabinet-de-recrutement-technico-commercial-b-b\"><strong>directeur commercial B to B<\/strong><\/a> , adressez-vous \u00e0 un <a href=\"https:\/\/impactup.com\/glossaire\/cabinet-de-recrutement-technico-commercial-b-b\"><strong>cabinet de recrutement<\/strong><\/a> sp\u00e9cialis\u00e9. Seuls de tels professionnels poss\u00e8dent les comp\u00e9tences, ressources et le r\u00e9seau n\u00e9cessaire pour d\u00e9nicher des profils de haut niveau. Vous pouvez confier cette mission \u00e0 l\u2019agence ImpactUP , la r\u00e9f\u00e9rence pour l\u2019embauche de collaborateurs et cadres.<\/p>\n<p>Le cabinet <strong>ImpactUP<\/strong> est un expert en l\u2019identification et la s\u00e9lection de talents confirm\u00e9s et d\u2019experts m\u00e9tiers dans les m\u00e9tiers commerciaux et marketing tels que marchandiseur(euse), ing\u00e9nieur commercial, charg\u00e9(e) de marketing direct, responsable webmarketing, category manager, d\u00e9l\u00e9gu\u00e9 commercial, business developer, et \u00e0 toutes les fonctions-cl\u00e9s de l\u2019entreprise : directeur(trice) de marque, directeur(trice) de la relation client, digital marketing manager, sales administrator, directeur(trice) commercial(e)\u2026 ImpactUP dispose d\u2019une offre de services compl\u00e8te \u00e0 l\u2019adresse des entreprises d\u00e9sireuses de se doter rapidement de nouveaux collaborateurs \u00e0 la hauteur de leurs exigences :<\/p>\n<ul>\n<li>un outil en ligne SaaS d&#8217;\u00e9valuation qui permet de jauger les bases d\u2019les comp\u00e9tences dans une langue \u00e9trang\u00e8re et ainsi de d\u00e9velopper ses capacit\u00e9s en langues \u00e9trang\u00e8res propos\u00e9 en partenariat avec Pipplet ;<\/li>\n<li>une plateforme d\u2019\u00e9valuation qui comporte 4 familles d\u2019outils : TalentBusiness\u00ae, TalentInitial\u00ae, TalentRelation\u00ae et TalentAttitude\u00ae.<\/li>\n<\/ul>\n<p>Les candidats b\u00e9n\u00e9ficient des conseils d\u2019experts d\u2019 <a href=\"https:\/\/impactup.com\/\"><strong>ImpactUP<\/strong><\/a> pour leur bien-\u00eatre au travail \u00e0 un poste coh\u00e9rent avec leur projet professionnel. Nous sommes le partenaire de confiance des entreprises de grande envergure de France et d\u2019ailleurs, convaincues par notre professionnalisme.<\/p>\n<\/section>\n<p>[\/vc_column_text][\/vc_column][\/vc_row][vc_row][vc_column width=&#8221;1\/3&#8243;][vc_btn title=&#8221;Voir notre offre&#8221; color=&#8221;secondarycolor&#8221; align=&#8221;center&#8221; css=&#8221;&#8221; link=&#8221;url:https%3A%2F%2Fimpactup.com%2Frecrutement%2F&#8221;][\/vc_column][vc_column width=&#8221;1\/3&#8243;][vc_btn title=&#8221;Confiez-nous votre projet&#8221; color=&#8221;secondarycolor&#8221; align=&#8221;center&#8221; css=&#8221;&#8221; link=&#8221;url:https%3A%2F%2Fimpactup.com%2Fetude-personnalisee%2F&#8221;][\/vc_column][vc_column width=&#8221;1\/3&#8243;][vc_btn title=&#8221;Contactez-nous&#8221; color=&#8221;secondarycolor&#8221; align=&#8221;center&#8221; css=&#8221;&#8221; link=&#8221;url:https%3A%2F%2Fimpactup.com%2Fcontact%2F&#8221;][\/vc_column][\/vc_row][vc_row css=&#8221;.vc_custom_1717658445522{padding-top: 40px !important;}&#8221;][vc_column][vc_column_text css=&#8221;&#8221;]<\/p>\n<section style=\"text-align: justify;\">\n<h2>Directeur commercial B to B : un poste \u00e0 forts enjeux<\/h2>\n<p>Contrairement au commercial B to C , le <strong>commercial B to C<\/strong> a besoin de comp\u00e9tences et qualit\u00e9s plus pointues pour r\u00e9ussir. Il ne suffit pas d\u2019\u00eatre un bon n\u00e9gociateur et de maitriser les techniques de marketing. Il faut aussi poss\u00e9der une connaissance avanc\u00e9e du prospect en question et savoir s\u2019adapter \u00e0 ses besoins. A plus forte raison, le directeur commercial B to B a besoin de conna\u00eetre parfaitement le fonctionnement des entreprises ou des march\u00e9s publics. Il est bien plus autonome dans ses projets, et doit \u00eatre capable de proposer des offres sur mesure pour attirer et fid\u00e9liser des clients.<\/p>\n<p>Passer par un cabinet de recrutement peut aider \u00e0 trouver un directeur commercial B to B comp\u00e9tent et exp\u00e9riment\u00e9, car il s\u2019agit d\u2019un profil pointu pour un poste strat\u00e9gique. Une agence poss\u00e8de les ressources qui manquent \u00e0 l\u2019entreprise pour r\u00e9ussir un recrutement de qualit\u00e9.<\/p>\n<h2>Quand recourir aux services d\u2019un cabinet de recrutement ?<\/h2>\n<p>Si vous consid\u00e9rez que vos chances de trouver le <strong>directeur commercial B to B<\/strong> qu\u2019il vous faut par vos propres moyens sont minimes ou que vous ne disposez pas du savoir-faire pour effectuer une campagne de recrutement dans les r\u00e8gles de l\u2019art, les services d\u2019un <strong>cabinet de recrutement<\/strong> seront d\u2019une aide pr\u00e9cieuse.<\/p>\n<p>En effet, \u00e9tant donn\u00e9 les sp\u00e9cificit\u00e9s techniques de ce poste, et les qualit\u00e9s et comp\u00e9tences que le candidat id\u00e9al doit avoir, il ne sera pas simple de d\u00e9nicher la perle rare sans une politique de recrutement bien pens\u00e9e et bien suivie. Dans certains cas et toujours en fonction des sp\u00e9cificit\u00e9s du poste, vous pourrez avoir \u00e0 faire face \u00e0 une p\u00e9nurie de candidats de valeur de sorte que l\u2019expertise d\u2019un cabinet peut ne pas suffire pour trouver la personne taill\u00e9e pour le travail que vous proposez. Il vous faut de ce fait faire appel \u00e0 des chasseurs de t\u00eates exp\u00e9riment\u00e9s.<\/p>\n<h2>Des consultants qui connaissent parfaitement le march\u00e9<\/h2>\n<p>Trouver un <a href=\"https:\/\/impactup.com\/glossaire\/cabinet-de-recrutement-commercial-b-b\"><strong>directeur commercial B to B sans le concours d\u2019un cabinet de recrutement<\/strong><\/a> sp\u00e9cialis\u00e9 ne sera pas facile compte tenu des sp\u00e9cificit\u00e9s des missions qui incomberont au titulaire de ce poste. Avec l\u2019aide de consultants exp\u00e9riment\u00e9s et qui connaissent parfaitement les contraintes et les besoins de l\u2019univers des entreprises suivant leurs activit\u00e9s, les lois qui r\u00e9gissent le march\u00e9 du travail et de la concurrence, d\u00e9nicher la personne qu\u2019il faut pour le poste sera moins complexe.<\/p>\n<p>Gr\u00e2ce \u00e0 leurs exp\u00e9riences, les consultants rep\u00e9reront ais\u00e9ment le candidat qui correspond au profil requis par ce poste. \u00c0 l\u2019issue d\u2019une s\u00e9rie d\u2019\u00e9valuation qui consiste en des tests et entretiens individuels, il sortira du lot des candidatures celle qui justifie des comp\u00e9tences et des qualit\u00e9s indispensables \u00e0 un bon directeur commercial B to B. En cas d\u2019\u00e9chec des m\u00e9thodes conventionnelles de recrutement, ils pourront proc\u00e9der \u00e0 une chasse de t\u00eate.<\/p>\n<p>Les consultants peuvent \u00e9galement accompagner le nouveau directeur dans sa phase d\u2019int\u00e9gration. En effet, lorsqu\u2019un cabinet accepte une mission de recrutement, il doit bien connaitre l\u2019environnement de l\u2019entreprise aussi bien que la personnalit\u00e9 des candidats. L\u2019agence peut donc faciliter la prise de poste et faire avancer rapidement le candidat dans l\u2019action pour atteindre les objectifs de l\u2019entreprise tout en contribuant \u00e0 son \u00e9panouissement.<\/p>\n<h2>Le cabinet de recrutement ImpactUP : proximit\u00e9, pragmatisme, r\u00e9sultat<\/h2>\n<p>Cr\u00e9\u00e9 en 2005, le <strong>cabinet de recrutement<\/strong> ImpactUP est sp\u00e9cialis\u00e9 dans les fonctions commerciales et marketing. Il consacre essentiellement ses activit\u00e9s dans deux domaines : le recrutement et le conseil. Pouvant compter sur l\u2019exp\u00e9rience et les comp\u00e9tences de son \u00e9quipe, <strong>ImpactUP<\/strong> vous propose des services de professionnels pour r\u00e9pondre \u00e0 tous vos besoins en recrutement.<\/p>\n<p>Vous \u00eates \u00e0 la recherche de votre futur <a href=\"https:\/\/impactup.com\/glossaire\/cabinet-de-recrutement-ing%c3%a9nieur-commercial-b-b\"><strong>Directeur commercial B to B ? Le cabinet de recrutement<\/strong><\/a> Impactup est le partenaire id\u00e9al des entreprises qui envisagent de former ou d\u2019\u00e9toffer leurs \u00e9quipes commerciales.<\/p>\n<p>Notre offre s\u2019adresse \u00e0 toute entreprise \u00e0 la recherche d\u2019un collaborateur commercial efficace et qui souhaite b\u00e9n\u00e9ficier d\u2019une solution adapt\u00e9e parfaitement \u00e0 ses besoins et contraintes. Et pour assurer le succ\u00e8s de chacune de nos missions de recrutement, nous misons sur la proximit\u00e9, le pragmatisme et le r\u00e9sultat.<\/p>\n<p>Pour cela, nous mettons en \u0153uvre un processus prouv\u00e9 pour son efficacit\u00e9 et une d\u00e9marche qui a d\u00e9j\u00e0 fait ses preuves aupr\u00e8s de nombreux clients : conformit\u00e9 aux exigences du client et respect de la culture de l\u2019entreprise. Nous ne manquerons pas bien entendu de vous accompagner de nos conseils avis\u00e9s.<\/p>\n<p>Un <strong>cabinet de recrutement<\/strong> comme <strong>ImpactUP<\/strong> peut aussi vous aider \u00e0 r\u00e9soudre des questions sp\u00e9cifiques encore plus complexes, notamment celles li\u00e9es \u00e0 la strat\u00e9gie.<\/p>\n<\/section>\n<p>[\/vc_column_text][\/vc_column][\/vc_row]<\/p>\n<\/div>","protected":false},"excerpt":{"rendered":"<p>[vc_row][vc_column width=&#8221;1\/3&#8243;][vc_btn title=&#8221;Voir notre offre&#8221; color=&#8221;secondarycolor&#8221; align=&#8221;center&#8221; css=&#8221;&#8221; link=&#8221;url:https%3A%2F%2Fimpactup.com%2Frecrutement%2F&#8221;][\/vc_column][vc_column width=&#8221;1\/3&#8243;][vc_btn title=&#8221;Confiez-nous votre projet&#8221; color=&#8221;secondarycolor&#8221; align=&#8221;center&#8221; css=&#8221;&#8221; link=&#8221;url:https%3A%2F%2Fimpactup.com%2Fetude-personnalisee%2F&#8221;][\/vc_column][vc_column width=&#8221;1\/3&#8243;][vc_btn title=&#8221;Contactez-nous&#8221; color=&#8221;secondarycolor&#8221; align=&#8221;center&#8221; css=&#8221;&#8221; link=&#8221;url:https%3A%2F%2Fimpactup.com%2Fcontact%2F&#8221;][\/vc_column][\/vc_row][vc_row css=&#8221;.vc_custom_1717658386032{padding-top: 40px !important;padding-bottom: 20px !important;}&#8221;][vc_column][vc_column_text css=&#8221;&#8221;] Le cabinet de recrutement, votre partenaire pour trouver un directeur commercial B to B Pour trouver un candidat de talent \u00e0 affecter au poste de directeur [&hellip;]<\/p>\n","protected":false},"author":4,"featured_media":0,"parent":17218,"menu_order":0,"comment_status":"closed","ping_status":"closed","template":"","meta":{"_monsterinsights_skip_tracking":false,"_monsterinsights_sitenote_active":false,"_monsterinsights_sitenote_note":"","_monsterinsights_sitenote_category":0,"footnotes":""},"class_list":["post-26021","page","type-page","status-publish","hentry"],"yoast_head":"<!-- This site is optimized with the Yoast SEO plugin v27.0 - https:\/\/yoast.com\/product\/yoast-seo-wordpress\/ -->\n<title>Un cabinet sp\u00e9cialis\u00e9 dans le recrutement de directeur commercial B to B<\/title>\n<meta name=\"description\" content=\"ImpactUP, un cabinet sp\u00e9cialis\u00e9 dans le recrutement de directeur commercial B to B. Recrutez des candidats de valeur avec l\u2019accompagnement d\u2019ImpactUP, cabinet de recrutement d\u00e9di\u00e9 aux m\u00e9tiers marketing et commerciales.\" \/>\n<meta name=\"robots\" content=\"index, follow, max-snippet:-1, max-image-preview:large, max-video-preview:-1\" \/>\n<link rel=\"canonical\" href=\"https:\/\/impactup.com\/en\/glossaire\/cabinet-de-recrutement-directeur-commercial-b-b\/\" \/>\n<meta property=\"og:locale\" content=\"en_US\" \/>\n<meta property=\"og:type\" content=\"article\" \/>\n<meta property=\"og:title\" content=\"Un cabinet sp\u00e9cialis\u00e9 dans le recrutement de directeur commercial B to B\" \/>\n<meta property=\"og:description\" content=\"ImpactUP, un cabinet sp\u00e9cialis\u00e9 dans le recrutement de directeur commercial B to B. Recrutez des candidats de valeur avec l\u2019accompagnement d\u2019ImpactUP, cabinet de recrutement d\u00e9di\u00e9 aux m\u00e9tiers marketing et commerciales.\" \/>\n<meta property=\"og:url\" content=\"https:\/\/impactup.com\/en\/glossaire\/cabinet-de-recrutement-directeur-commercial-b-b\/\" \/>\n<meta property=\"og:site_name\" content=\"ImpactUp\" \/>\n<meta property=\"article:modified_time\" content=\"2024-06-12T09:22:40+00:00\" \/>\n<meta property=\"og:image\" content=\"https:\/\/impactup.com\/wp-content\/uploads\/2021\/01\/og.jpg\" \/>\n\t<meta property=\"og:image:width\" content=\"1067\" \/>\n\t<meta property=\"og:image:height\" content=\"600\" \/>\n\t<meta property=\"og:image:type\" content=\"image\/jpeg\" \/>\n<meta name=\"twitter:card\" content=\"summary_large_image\" \/>\n<meta name=\"twitter:label1\" content=\"Est. reading time\" \/>\n\t<meta name=\"twitter:data1\" content=\"6 minutes\" \/>\n<script type=\"application\/ld+json\" class=\"yoast-schema-graph\">{\"@context\":\"https:\/\/schema.org\",\"@graph\":[{\"@type\":\"WebPage\",\"@id\":\"https:\/\/impactup.com\/en\/glossaire\/cabinet-de-recrutement-directeur-commercial-b-b\/\",\"url\":\"https:\/\/impactup.com\/en\/glossaire\/cabinet-de-recrutement-directeur-commercial-b-b\/\",\"name\":\"Un cabinet sp\u00e9cialis\u00e9 dans le recrutement de directeur commercial B to B\",\"isPartOf\":{\"@id\":\"https:\/\/impactup.com\/en\/#website\"},\"datePublished\":\"2024-06-10T08:40:50+00:00\",\"dateModified\":\"2024-06-12T09:22:40+00:00\",\"description\":\"ImpactUP, un cabinet sp\u00e9cialis\u00e9 dans le recrutement de directeur commercial B to B. Recrutez des candidats de valeur avec l\u2019accompagnement d\u2019ImpactUP, cabinet de recrutement d\u00e9di\u00e9 aux m\u00e9tiers marketing et commerciales.\",\"breadcrumb\":{\"@id\":\"https:\/\/impactup.com\/en\/glossaire\/cabinet-de-recrutement-directeur-commercial-b-b\/#breadcrumb\"},\"inLanguage\":\"en-US\",\"potentialAction\":[{\"@type\":\"ReadAction\",\"target\":[\"https:\/\/impactup.com\/en\/glossaire\/cabinet-de-recrutement-directeur-commercial-b-b\/\"]}]},{\"@type\":\"BreadcrumbList\",\"@id\":\"https:\/\/impactup.com\/en\/glossaire\/cabinet-de-recrutement-directeur-commercial-b-b\/#breadcrumb\",\"itemListElement\":[{\"@type\":\"ListItem\",\"position\":1,\"name\":\"Accueil\",\"item\":\"https:\/\/impactup.com\/en\/\"},{\"@type\":\"ListItem\",\"position\":2,\"name\":\"Glossaire\",\"item\":\"https:\/\/impactup.com\/en\/glossaire\/\"},{\"@type\":\"ListItem\",\"position\":3,\"name\":\"Le cabinet de recrutement, votre partenaire pour trouver un directeur commercial B to B\"}]},{\"@type\":\"WebSite\",\"@id\":\"https:\/\/impactup.com\/en\/#website\",\"url\":\"https:\/\/impactup.com\/en\/\",\"name\":\"ImpactUp\",\"description\":\"Recrutement commerciaux, directions commerciales et fonctions marketing\",\"potentialAction\":[{\"@type\":\"SearchAction\",\"target\":{\"@type\":\"EntryPoint\",\"urlTemplate\":\"https:\/\/impactup.com\/en\/?s={search_term_string}\"},\"query-input\":{\"@type\":\"PropertyValueSpecification\",\"valueRequired\":true,\"valueName\":\"search_term_string\"}}],\"inLanguage\":\"en-US\"}]}<\/script>\n<!-- \/ Yoast SEO plugin. -->","yoast_head_json":{"title":"Un cabinet sp\u00e9cialis\u00e9 dans le recrutement de directeur commercial B to B","description":"ImpactUP, un cabinet sp\u00e9cialis\u00e9 dans le recrutement de directeur commercial B to B. Recrutez des candidats de valeur avec l\u2019accompagnement d\u2019ImpactUP, cabinet de recrutement d\u00e9di\u00e9 aux m\u00e9tiers marketing et commerciales.","robots":{"index":"index","follow":"follow","max-snippet":"max-snippet:-1","max-image-preview":"max-image-preview:large","max-video-preview":"max-video-preview:-1"},"canonical":"https:\/\/impactup.com\/en\/glossaire\/cabinet-de-recrutement-directeur-commercial-b-b\/","og_locale":"en_US","og_type":"article","og_title":"Un cabinet sp\u00e9cialis\u00e9 dans le recrutement de directeur commercial B to B","og_description":"ImpactUP, un cabinet sp\u00e9cialis\u00e9 dans le recrutement de directeur commercial B to B. Recrutez des candidats de valeur avec l\u2019accompagnement d\u2019ImpactUP, cabinet de recrutement d\u00e9di\u00e9 aux m\u00e9tiers marketing et commerciales.","og_url":"https:\/\/impactup.com\/en\/glossaire\/cabinet-de-recrutement-directeur-commercial-b-b\/","og_site_name":"ImpactUp","article_modified_time":"2024-06-12T09:22:40+00:00","og_image":[{"width":1067,"height":600,"url":"https:\/\/impactup.com\/wp-content\/uploads\/2021\/01\/og.jpg","type":"image\/jpeg"}],"twitter_card":"summary_large_image","twitter_misc":{"Est. reading time":"6 minutes"},"schema":{"@context":"https:\/\/schema.org","@graph":[{"@type":"WebPage","@id":"https:\/\/impactup.com\/en\/glossaire\/cabinet-de-recrutement-directeur-commercial-b-b\/","url":"https:\/\/impactup.com\/en\/glossaire\/cabinet-de-recrutement-directeur-commercial-b-b\/","name":"Un cabinet sp\u00e9cialis\u00e9 dans le recrutement de directeur commercial B to B","isPartOf":{"@id":"https:\/\/impactup.com\/en\/#website"},"datePublished":"2024-06-10T08:40:50+00:00","dateModified":"2024-06-12T09:22:40+00:00","description":"ImpactUP, un cabinet sp\u00e9cialis\u00e9 dans le recrutement de directeur commercial B to B. Recrutez des candidats de valeur avec l\u2019accompagnement d\u2019ImpactUP, cabinet de recrutement d\u00e9di\u00e9 aux m\u00e9tiers marketing et commerciales.","breadcrumb":{"@id":"https:\/\/impactup.com\/en\/glossaire\/cabinet-de-recrutement-directeur-commercial-b-b\/#breadcrumb"},"inLanguage":"en-US","potentialAction":[{"@type":"ReadAction","target":["https:\/\/impactup.com\/en\/glossaire\/cabinet-de-recrutement-directeur-commercial-b-b\/"]}]},{"@type":"BreadcrumbList","@id":"https:\/\/impactup.com\/en\/glossaire\/cabinet-de-recrutement-directeur-commercial-b-b\/#breadcrumb","itemListElement":[{"@type":"ListItem","position":1,"name":"Accueil","item":"https:\/\/impactup.com\/en\/"},{"@type":"ListItem","position":2,"name":"Glossaire","item":"https:\/\/impactup.com\/en\/glossaire\/"},{"@type":"ListItem","position":3,"name":"Le cabinet de recrutement, votre partenaire pour trouver un directeur commercial B to B"}]},{"@type":"WebSite","@id":"https:\/\/impactup.com\/en\/#website","url":"https:\/\/impactup.com\/en\/","name":"ImpactUp","description":"Recrutement commerciaux, directions commerciales et fonctions marketing","potentialAction":[{"@type":"SearchAction","target":{"@type":"EntryPoint","urlTemplate":"https:\/\/impactup.com\/en\/?s={search_term_string}"},"query-input":{"@type":"PropertyValueSpecification","valueRequired":true,"valueName":"search_term_string"}}],"inLanguage":"en-US"}]}},"_links":{"self":[{"href":"https:\/\/impactup.com\/en\/wp-json\/wp\/v2\/pages\/26021","targetHints":{"allow":["GET"]}}],"collection":[{"href":"https:\/\/impactup.com\/en\/wp-json\/wp\/v2\/pages"}],"about":[{"href":"https:\/\/impactup.com\/en\/wp-json\/wp\/v2\/types\/page"}],"author":[{"embeddable":true,"href":"https:\/\/impactup.com\/en\/wp-json\/wp\/v2\/users\/4"}],"replies":[{"embeddable":true,"href":"https:\/\/impactup.com\/en\/wp-json\/wp\/v2\/comments?post=26021"}],"version-history":[{"count":6,"href":"https:\/\/impactup.com\/en\/wp-json\/wp\/v2\/pages\/26021\/revisions"}],"predecessor-version":[{"id":26468,"href":"https:\/\/impactup.com\/en\/wp-json\/wp\/v2\/pages\/26021\/revisions\/26468"}],"up":[{"embeddable":true,"href":"https:\/\/impactup.com\/en\/wp-json\/wp\/v2\/pages\/17218"}],"wp:attachment":[{"href":"https:\/\/impactup.com\/en\/wp-json\/wp\/v2\/media?parent=26021"}],"curies":[{"name":"wp","href":"https:\/\/api.w.org\/{rel}","templated":true}]}}