{"id":26013,"date":"2024-06-10T10:35:49","date_gmt":"2024-06-10T08:35:49","guid":{"rendered":"https:\/\/impactup.niou.dev\/?page_id=26013"},"modified":"2024-06-12T11:20:07","modified_gmt":"2024-06-12T09:20:07","slug":"cabinet-de-recrutement-directeur-commercial","status":"publish","type":"page","link":"https:\/\/impactup.com\/en\/glossaire\/cabinet-de-recrutement-directeur-commercial\/","title":{"rendered":"Confiez la recherche de votre directeur commercial \u00e0 un cabinet de recrutement sp\u00e9cialis\u00e9"},"content":{"rendered":"<div class=\"wpb-content-wrapper\"><p>[vc_row][vc_column width=&#8221;1\/3&#8243;][vc_btn title=&#8221;Voir notre offre&#8221; color=&#8221;secondarycolor&#8221; align=&#8221;center&#8221; css=&#8221;&#8221; link=&#8221;url:https%3A%2F%2Fimpactup.com%2Frecrutement%2F&#8221;][\/vc_column][vc_column width=&#8221;1\/3&#8243;][vc_btn title=&#8221;Confiez-nous votre projet&#8221; color=&#8221;secondarycolor&#8221; align=&#8221;center&#8221; css=&#8221;&#8221; link=&#8221;url:https%3A%2F%2Fimpactup.com%2Fetude-personnalisee%2F&#8221;][\/vc_column][vc_column width=&#8221;1\/3&#8243;][vc_btn title=&#8221;Contactez-nous&#8221; color=&#8221;secondarycolor&#8221; align=&#8221;center&#8221; css=&#8221;&#8221; link=&#8221;url:https%3A%2F%2Fimpactup.com%2Fcontact%2F&#8221;][\/vc_column][\/vc_row][vc_row css=&#8221;.vc_custom_1717658386032{padding-top: 40px !important;padding-bottom: 20px !important;}&#8221;][vc_column][vc_column_text css=&#8221;&#8221;]<\/p>\n<section style=\"text-align: justify;\">\n<h2>Confiez la recherche de votre directeur commercial \u00e0 un cabinet de recrutement sp\u00e9cialis\u00e9<\/h2>\n<p>Pour des fonctions sensibles comme celle de <a href=\"https:\/\/impactup.com\/glossaire\/cabinet-de-recrutement-consultant-commercial\"><strong>directeur commercial , l\u2019intervention d\u2019un cabinet de recrutement<\/strong><\/a> est vivement recommand\u00e9e. Une \u00e9quipe d\u2019experts mobilise ses ressources pour identifier et approcher les meilleurs candidats. <strong>ImpactUP<\/strong> est un cabinet sp\u00e9cialis\u00e9 dans le ciblage et le recrutement de profils de haut niveau et experts m\u00e9tiers dans les fonctions commerciales et marketing : ing\u00e9nieur commercial, charg\u00e9(e) de marketing direct, category manager, d\u00e9l\u00e9gu\u00e9 commercial, responsable de promotion des ventes, business developer, marchandiseur(euse) ; et dans toutes les fonctions strat\u00e9giques de l\u2019organisation : sales administrator, key account manager, directeur(trice) commercial(e)digital marketing manager, directeur(trice) de marque, et bien d\u2019autres encore.<\/p>\n<\/section>\n<p>[\/vc_column_text][\/vc_column][\/vc_row][vc_row][vc_column width=&#8221;1\/3&#8243;][vc_btn title=&#8221;Voir notre offre&#8221; color=&#8221;secondarycolor&#8221; align=&#8221;center&#8221; css=&#8221;&#8221; link=&#8221;url:https%3A%2F%2Fimpactup.com%2Frecrutement%2F&#8221;][\/vc_column][vc_column width=&#8221;1\/3&#8243;][vc_btn title=&#8221;Confiez-nous votre projet&#8221; color=&#8221;secondarycolor&#8221; align=&#8221;center&#8221; css=&#8221;&#8221; link=&#8221;url:https%3A%2F%2Fimpactup.com%2Fetude-personnalisee%2F&#8221;][\/vc_column][vc_column width=&#8221;1\/3&#8243;][vc_btn title=&#8221;Contactez-nous&#8221; color=&#8221;secondarycolor&#8221; align=&#8221;center&#8221; css=&#8221;&#8221; link=&#8221;url:https%3A%2F%2Fimpactup.com%2Fcontact%2F&#8221;][\/vc_column][\/vc_row][vc_row css=&#8221;.vc_custom_1717658445522{padding-top: 40px !important;}&#8221;][vc_column][vc_column_text css=&#8221;&#8221;]<\/p>\n<section style=\"text-align: justify;\">\n<h2>Recrutement de directeur commercial : quand recourir \u00e0 un cabinet sp\u00e9cialis\u00e9 ?<\/h2>\n<p>Le recrutement d\u2019un cadre de haut niveau comme un <strong>directeur commercial<\/strong> est une op\u00e9ration complexe qu\u2019il n\u2019est pas toujours facile de r\u00e9aliser par ses propres moyens. Toutes les entreprises ne disposent pas des ressources humaines ni des comp\u00e9tences sp\u00e9cifiques requises pour mener cette t\u00e2che dans les r\u00e8gles de l\u2019art. Le recrutement est de plus un processus qui demande une grande disponibilit\u00e9. Il n\u00e9cessite aussi parfois la mobilisation de plusieurs personnes au sein du d\u00e9partement des ressources humaines (notamment pour la r\u00e9ception et le tri des dossiers de candidature) et certains responsables desquels d\u00e9pendent le service commercial (notamment pour faire passer les diff\u00e9rents entretiens).<\/p>\n<p>Par ailleurs, il est souvent difficile de trouver des candidats de valeur pour un poste strat\u00e9gique comme celui de <strong>directeur commercial<\/strong>. Les profils les plus talentueux sont difficiles \u00e0 approcher, ils sont g\u00e9n\u00e9ralement inaccessibles si l\u2019on utilise les canaux classiques (annonces). Il est donc n\u00e9cessaire de disposer d\u2019un large r\u00e9seau pour d\u00e9nicher les collaborateurs les plus int\u00e9ressants, parfois il faut contacter des candidats d\u00e9j\u00e0 en poste. Seule une agence de recrutement peut effectuer ce type de d\u00e9marche, les entreprises ne sont pas autoris\u00e9es \u00e0 d\u00e9baucher les employ\u00e9s des concurrents.<\/p>\n<p>Pour toutes ces raisons, et compte tenu des nombreuses \u00e9tapes qu\u2019il faut respecter et du caract\u00e8re fastidieux et chronophage de certaines op\u00e9rations, il sera plus sage de faire appel \u00e0 un <a href=\"https:\/\/impactup.com\/glossaire\/cabinet-de-recrutement-direction-commerciale\"><strong>cabinet de recrutement pour la recherche d\u2019un directeur commercial<\/strong><\/a> .<\/p>\n<h2>Les avantages de l\u2019externalisation du recrutement de cadres de haut niveau<\/h2>\n<p>Le recrutement de cadres de haut niveau est particuli\u00e8rement d\u00e9licat \u00e9tant donn\u00e9 l\u2019ampleur des responsabilit\u00e9s et des missions qui incombent \u00e0 ceux qui seront choisis. Recourir \u00e0 un <strong>cabinet de recrutement pour trouver votre directeur commercial<\/strong> repr\u00e9sente la solution la plus avantageuse pour optimiser vos chances de d\u00e9nicher la personne qu\u2019il vous faut pour ce poste. En laissant \u00e0 un sp\u00e9cialiste le soin de proc\u00e9der \u00e0 la recherche de votre collaborateur, vous n\u2019aurez pas \u00e0 vous occuper des t\u00e2ches fastidieuses et chronophages qui constituent les diff\u00e9rentes \u00e9tapes d\u2019un processus de recrutement. Vous pourrez ainsi vous concentrer sur des travaux plus productifs. Certes, faire appel \u00e0 un cabinet sp\u00e9cialis\u00e9 co\u00fbte de l\u2019argent. Toutefois, l\u2019externalisation s\u2019av\u00e8re bien plus \u00e9conomique compar\u00e9 \u00e0 un processus r\u00e9alis\u00e9 en interne lorsqu\u2019on observe les r\u00e9sultats.<\/p>\n<p>En effet, vous b\u00e9n\u00e9ficierez de l\u2019expertise et des comp\u00e9tences de professionnels confirm\u00e9s pour la conception et la mise en \u0153uvre de la strat\u00e9gie de recrutement ad\u00e9quate en fonction des besoins du poste et de vos exigences concernant le profil de votre futur collaborateur. Le cabinet ne vous soumettra que les candidats qui r\u00e9pondent exactement \u00e0 vos attentes. Il pourra \u00e9galement, sur votre demande, proc\u00e9der aux d\u00e9marches finales d\u2019embauche.<\/p>\n<p>Dans tous les cas, une agence sp\u00e9cialis\u00e9e sera capable de trouver un candidat poss\u00e9dant de r\u00e9elles comp\u00e9tences techniques et les qualit\u00e9s humaines n\u00e9cessaires pour contribuer \u00e0 am\u00e9liorer les performances de l\u2019entreprise. C\u2019est encore plus vrai lorsqu\u2019il s\u2019agit du <strong>recrutement d\u2019un directeur commercial<\/strong>, car ce collaborateur repr\u00e9sente un acteur cl\u00e9 de la croissance des ventes, et donc des chiffres d\u2019affaires de l\u2019entreprise.<\/p>\n<p>Enfin, un cabinet de recrutement pr\u00e9sente des garanties concernant l\u2019int\u00e9gration du nouveau venu. G\u00e9n\u00e9ralement, le consultant responsable accompagne les premi\u00e8res semaines du candidat au sein de l\u2019entreprise, afin de s\u2019assurer qu\u2019il est \u00e0 l\u2019aise avec sa nouvelle \u00e9quipe, et que l\u2019environnement correspond aux conditions de travail qu\u2019il souhaite.<\/p>\n<h2>ImpactUP, cabinet de recrutement expert des fonctions commerciales<\/h2>\n<p>Depuis plus d\u2019une dizaine d\u2019ann\u00e9es, ImpactUP accompagne et conseille les entreprises de toutes tailles dans le recrutement de professionnels confirm\u00e9s pour les postes relatifs \u00e0 des fonctions commerciales, ventes ou marketing. Nous avons des bureaux dans plusieurs villes de France notamment \u00e0 Paris, La Rochelle, Lille, Nantes, Lyon, Toulouse et Bordeaux.<\/p>\n<p>Vous trouverez dans chacune de ses agglom\u00e9rations un <a href=\"https:\/\/impactup.com\/glossaire\/cabinet-de-recrutement-directeur-commercial-bordeaux\"><strong>cabinet de recrutement pour embaucher le directeur commercial<\/strong><\/a> dont vous avez besoin. Nos consultants-recruteurs exp\u00e9riment\u00e9s se baseront sur les profils et les exigences que vous leur soumettrez pour rechercher un collaborateur qui saura assumer avec efficacit\u00e9 et succ\u00e8s ce poste \u00e0 responsabilit\u00e9. Ils se transformeront au besoin en chasseurs de t\u00eates redoutables pour vous d\u00e9nicher la perle rare.<\/p>\n<p>Nos collaborateurs sont tous issus des fonctions pour lesquelles ils recrutent. Ainsi, ils connaissent parfaitement le m\u00e9tier concern\u00e9 ainsi que le contexte qui l\u2019entoure (march\u00e9 du travail, \u00e9volution des comp\u00e9tences exig\u00e9es par le poste). Enfin, ImpactUP , en tant que cabinet sp\u00e9cialis\u00e9 dans les fonctions commerciales, se donne pour objectif de vous trouver des candidats capables de contribuer \u00e0 l\u2019accroissement de votre part de march\u00e9. La culture du r\u00e9sultat se trouve au c\u0153ur de nos valeurs, et les entreprises clientes en sont les premiers b\u00e9n\u00e9ficiaires.<\/p>\n<p><a href=\"https:\/\/impactup.com\/\"><strong>ImpactUP<\/strong><\/a> a d\u00e9velopp\u00e9 une offre de services compl\u00e8te pour satisfaire \u00e0 tous les besoins des dirigeants d\u2019entreprises en mati\u00e8re de ressources humaines :<\/p>\n<ul>\n<li>une plateforme d\u2019\u00e9valuation qui repose sur 4 types d\u2019outils : TalentRelation\u00ae, TalentBusiness\u00ae, TalentAttitude\u00ae et TalentInitial\u00ae ;<\/li>\n<li>un service en ligne SaaS d\u2019\u00e9valuation qui donne l\u2019opportunit\u00e9 de valider les comp\u00e9tences dans une langue \u00e9trang\u00e8re propos\u00e9 en collaboration avec Pipplet.<\/li>\n<\/ul>\n<p>Les candidats peuvent compter sur des conseils d\u2019experts d\u2019 <strong>ImpactUP<\/strong> pour leur satisfaction personnelle \u00e0 un poste \u00e0 la hauteur de leurs ambitions. De nombreuses entreprises de France et d\u2019ailleurs nous ont choisis, convaincues par notre professionnalisme.<\/p>\n<\/section>\n<p>[\/vc_column_text][\/vc_column][\/vc_row]<\/p>\n<\/div>","protected":false},"excerpt":{"rendered":"<p>[vc_row][vc_column width=&#8221;1\/3&#8243;][vc_btn title=&#8221;Voir notre offre&#8221; color=&#8221;secondarycolor&#8221; align=&#8221;center&#8221; css=&#8221;&#8221; link=&#8221;url:https%3A%2F%2Fimpactup.com%2Frecrutement%2F&#8221;][\/vc_column][vc_column width=&#8221;1\/3&#8243;][vc_btn title=&#8221;Confiez-nous votre projet&#8221; color=&#8221;secondarycolor&#8221; align=&#8221;center&#8221; css=&#8221;&#8221; link=&#8221;url:https%3A%2F%2Fimpactup.com%2Fetude-personnalisee%2F&#8221;][\/vc_column][vc_column width=&#8221;1\/3&#8243;][vc_btn title=&#8221;Contactez-nous&#8221; color=&#8221;secondarycolor&#8221; align=&#8221;center&#8221; css=&#8221;&#8221; link=&#8221;url:https%3A%2F%2Fimpactup.com%2Fcontact%2F&#8221;][\/vc_column][\/vc_row][vc_row css=&#8221;.vc_custom_1717658386032{padding-top: 40px !important;padding-bottom: 20px !important;}&#8221;][vc_column][vc_column_text css=&#8221;&#8221;] Confiez la recherche de votre directeur commercial \u00e0 un cabinet de recrutement sp\u00e9cialis\u00e9 Pour des fonctions sensibles comme celle de directeur commercial , l\u2019intervention d\u2019un cabinet [&hellip;]<\/p>\n","protected":false},"author":4,"featured_media":0,"parent":17218,"menu_order":0,"comment_status":"closed","ping_status":"closed","template":"","meta":{"_monsterinsights_skip_tracking":false,"_monsterinsights_sitenote_active":false,"_monsterinsights_sitenote_note":"","_monsterinsights_sitenote_category":0,"footnotes":""},"class_list":["post-26013","page","type-page","status-publish","hentry"],"yoast_head":"<!-- This site is optimized with the Yoast SEO plugin v27.0 - https:\/\/yoast.com\/product\/yoast-seo-wordpress\/ -->\n<title>Cabinet sp\u00e9cialis\u00e9 dans le recrutement d\u2019un directeur commercial<\/title>\n<meta name=\"description\" content=\"Cabinet sp\u00e9cialis\u00e9 dans le recrutement de directeur commercial. ImpactUP, cabinet d\u00e9di\u00e9 aux m\u00e9tiers vente et marketing, peut assurer le recrutement d\u2019un directeur commercial.\" \/>\n<meta name=\"robots\" content=\"index, follow, max-snippet:-1, max-image-preview:large, max-video-preview:-1\" \/>\n<link rel=\"canonical\" href=\"https:\/\/impactup.com\/en\/glossaire\/cabinet-de-recrutement-directeur-commercial\/\" \/>\n<meta property=\"og:locale\" content=\"en_US\" \/>\n<meta property=\"og:type\" content=\"article\" \/>\n<meta property=\"og:title\" content=\"Cabinet sp\u00e9cialis\u00e9 dans le recrutement d\u2019un directeur commercial\" \/>\n<meta property=\"og:description\" content=\"Cabinet sp\u00e9cialis\u00e9 dans le recrutement de directeur commercial. ImpactUP, cabinet d\u00e9di\u00e9 aux m\u00e9tiers vente et marketing, peut assurer le recrutement d\u2019un directeur commercial.\" \/>\n<meta property=\"og:url\" content=\"https:\/\/impactup.com\/en\/glossaire\/cabinet-de-recrutement-directeur-commercial\/\" \/>\n<meta property=\"og:site_name\" content=\"ImpactUp\" \/>\n<meta property=\"article:modified_time\" content=\"2024-06-12T09:20:07+00:00\" \/>\n<meta property=\"og:image\" content=\"https:\/\/impactup.com\/wp-content\/uploads\/2021\/01\/og.jpg\" \/>\n\t<meta property=\"og:image:width\" content=\"1067\" \/>\n\t<meta property=\"og:image:height\" content=\"600\" \/>\n\t<meta property=\"og:image:type\" content=\"image\/jpeg\" \/>\n<meta name=\"twitter:card\" content=\"summary_large_image\" \/>\n<meta name=\"twitter:label1\" content=\"Est. reading time\" \/>\n\t<meta name=\"twitter:data1\" content=\"6 minutes\" \/>\n<script type=\"application\/ld+json\" class=\"yoast-schema-graph\">{\"@context\":\"https:\/\/schema.org\",\"@graph\":[{\"@type\":\"WebPage\",\"@id\":\"https:\/\/impactup.com\/en\/glossaire\/cabinet-de-recrutement-directeur-commercial\/\",\"url\":\"https:\/\/impactup.com\/en\/glossaire\/cabinet-de-recrutement-directeur-commercial\/\",\"name\":\"Cabinet sp\u00e9cialis\u00e9 dans le recrutement d\u2019un directeur commercial\",\"isPartOf\":{\"@id\":\"https:\/\/impactup.com\/en\/#website\"},\"datePublished\":\"2024-06-10T08:35:49+00:00\",\"dateModified\":\"2024-06-12T09:20:07+00:00\",\"description\":\"Cabinet sp\u00e9cialis\u00e9 dans le recrutement de directeur commercial. ImpactUP, cabinet d\u00e9di\u00e9 aux m\u00e9tiers vente et marketing, peut assurer le recrutement d\u2019un directeur commercial.\",\"breadcrumb\":{\"@id\":\"https:\/\/impactup.com\/en\/glossaire\/cabinet-de-recrutement-directeur-commercial\/#breadcrumb\"},\"inLanguage\":\"en-US\",\"potentialAction\":[{\"@type\":\"ReadAction\",\"target\":[\"https:\/\/impactup.com\/en\/glossaire\/cabinet-de-recrutement-directeur-commercial\/\"]}]},{\"@type\":\"BreadcrumbList\",\"@id\":\"https:\/\/impactup.com\/en\/glossaire\/cabinet-de-recrutement-directeur-commercial\/#breadcrumb\",\"itemListElement\":[{\"@type\":\"ListItem\",\"position\":1,\"name\":\"Accueil\",\"item\":\"https:\/\/impactup.com\/en\/\"},{\"@type\":\"ListItem\",\"position\":2,\"name\":\"Glossaire\",\"item\":\"https:\/\/impactup.com\/en\/glossaire\/\"},{\"@type\":\"ListItem\",\"position\":3,\"name\":\"Confiez la recherche de votre directeur commercial \u00e0 un cabinet de recrutement sp\u00e9cialis\u00e9\"}]},{\"@type\":\"WebSite\",\"@id\":\"https:\/\/impactup.com\/en\/#website\",\"url\":\"https:\/\/impactup.com\/en\/\",\"name\":\"ImpactUp\",\"description\":\"Recrutement commerciaux, directions commerciales et fonctions marketing\",\"potentialAction\":[{\"@type\":\"SearchAction\",\"target\":{\"@type\":\"EntryPoint\",\"urlTemplate\":\"https:\/\/impactup.com\/en\/?s={search_term_string}\"},\"query-input\":{\"@type\":\"PropertyValueSpecification\",\"valueRequired\":true,\"valueName\":\"search_term_string\"}}],\"inLanguage\":\"en-US\"}]}<\/script>\n<!-- \/ Yoast SEO plugin. -->","yoast_head_json":{"title":"Cabinet sp\u00e9cialis\u00e9 dans le recrutement d\u2019un directeur commercial","description":"Cabinet sp\u00e9cialis\u00e9 dans le recrutement de directeur commercial. ImpactUP, cabinet d\u00e9di\u00e9 aux m\u00e9tiers vente et marketing, peut assurer le recrutement d\u2019un directeur commercial.","robots":{"index":"index","follow":"follow","max-snippet":"max-snippet:-1","max-image-preview":"max-image-preview:large","max-video-preview":"max-video-preview:-1"},"canonical":"https:\/\/impactup.com\/en\/glossaire\/cabinet-de-recrutement-directeur-commercial\/","og_locale":"en_US","og_type":"article","og_title":"Cabinet sp\u00e9cialis\u00e9 dans le recrutement d\u2019un directeur commercial","og_description":"Cabinet sp\u00e9cialis\u00e9 dans le recrutement de directeur commercial. ImpactUP, cabinet d\u00e9di\u00e9 aux m\u00e9tiers vente et marketing, peut assurer le recrutement d\u2019un directeur commercial.","og_url":"https:\/\/impactup.com\/en\/glossaire\/cabinet-de-recrutement-directeur-commercial\/","og_site_name":"ImpactUp","article_modified_time":"2024-06-12T09:20:07+00:00","og_image":[{"width":1067,"height":600,"url":"https:\/\/impactup.com\/wp-content\/uploads\/2021\/01\/og.jpg","type":"image\/jpeg"}],"twitter_card":"summary_large_image","twitter_misc":{"Est. reading time":"6 minutes"},"schema":{"@context":"https:\/\/schema.org","@graph":[{"@type":"WebPage","@id":"https:\/\/impactup.com\/en\/glossaire\/cabinet-de-recrutement-directeur-commercial\/","url":"https:\/\/impactup.com\/en\/glossaire\/cabinet-de-recrutement-directeur-commercial\/","name":"Cabinet sp\u00e9cialis\u00e9 dans le recrutement d\u2019un directeur commercial","isPartOf":{"@id":"https:\/\/impactup.com\/en\/#website"},"datePublished":"2024-06-10T08:35:49+00:00","dateModified":"2024-06-12T09:20:07+00:00","description":"Cabinet sp\u00e9cialis\u00e9 dans le recrutement de directeur commercial. ImpactUP, cabinet d\u00e9di\u00e9 aux m\u00e9tiers vente et marketing, peut assurer le recrutement d\u2019un directeur commercial.","breadcrumb":{"@id":"https:\/\/impactup.com\/en\/glossaire\/cabinet-de-recrutement-directeur-commercial\/#breadcrumb"},"inLanguage":"en-US","potentialAction":[{"@type":"ReadAction","target":["https:\/\/impactup.com\/en\/glossaire\/cabinet-de-recrutement-directeur-commercial\/"]}]},{"@type":"BreadcrumbList","@id":"https:\/\/impactup.com\/en\/glossaire\/cabinet-de-recrutement-directeur-commercial\/#breadcrumb","itemListElement":[{"@type":"ListItem","position":1,"name":"Accueil","item":"https:\/\/impactup.com\/en\/"},{"@type":"ListItem","position":2,"name":"Glossaire","item":"https:\/\/impactup.com\/en\/glossaire\/"},{"@type":"ListItem","position":3,"name":"Confiez la recherche de votre directeur commercial \u00e0 un cabinet de recrutement sp\u00e9cialis\u00e9"}]},{"@type":"WebSite","@id":"https:\/\/impactup.com\/en\/#website","url":"https:\/\/impactup.com\/en\/","name":"ImpactUp","description":"Recrutement commerciaux, directions commerciales et fonctions marketing","potentialAction":[{"@type":"SearchAction","target":{"@type":"EntryPoint","urlTemplate":"https:\/\/impactup.com\/en\/?s={search_term_string}"},"query-input":{"@type":"PropertyValueSpecification","valueRequired":true,"valueName":"search_term_string"}}],"inLanguage":"en-US"}]}},"_links":{"self":[{"href":"https:\/\/impactup.com\/en\/wp-json\/wp\/v2\/pages\/26013","targetHints":{"allow":["GET"]}}],"collection":[{"href":"https:\/\/impactup.com\/en\/wp-json\/wp\/v2\/pages"}],"about":[{"href":"https:\/\/impactup.com\/en\/wp-json\/wp\/v2\/types\/page"}],"author":[{"embeddable":true,"href":"https:\/\/impactup.com\/en\/wp-json\/wp\/v2\/users\/4"}],"replies":[{"embeddable":true,"href":"https:\/\/impactup.com\/en\/wp-json\/wp\/v2\/comments?post=26013"}],"version-history":[{"count":5,"href":"https:\/\/impactup.com\/en\/wp-json\/wp\/v2\/pages\/26013\/revisions"}],"predecessor-version":[{"id":26467,"href":"https:\/\/impactup.com\/en\/wp-json\/wp\/v2\/pages\/26013\/revisions\/26467"}],"up":[{"embeddable":true,"href":"https:\/\/impactup.com\/en\/wp-json\/wp\/v2\/pages\/17218"}],"wp:attachment":[{"href":"https:\/\/impactup.com\/en\/wp-json\/wp\/v2\/media?parent=26013"}],"curies":[{"name":"wp","href":"https:\/\/api.w.org\/{rel}","templated":true}]}}