{"id":26007,"date":"2024-06-10T10:29:48","date_gmt":"2024-06-10T08:29:48","guid":{"rendered":"https:\/\/impactup.niou.dev\/?page_id=26007"},"modified":"2024-06-12T11:16:51","modified_gmt":"2024-06-12T09:16:51","slug":"cabinet-de-recrutement-consultant-commercial","status":"publish","type":"page","link":"https:\/\/impactup.com\/en\/glossaire\/cabinet-de-recrutement-consultant-commercial\/","title":{"rendered":"Trouvez le meilleur consultant commercial avec l\u2019aide d\u2019un cabinet de recrutement"},"content":{"rendered":"<div class=\"wpb-content-wrapper\"><p>[vc_row][vc_column width=&#8221;1\/3&#8243;][vc_btn title=&#8221;Voir notre offre&#8221; color=&#8221;secondarycolor&#8221; align=&#8221;center&#8221; css=&#8221;&#8221; link=&#8221;url:https%3A%2F%2Fimpactup.com%2Frecrutement%2F&#8221;][\/vc_column][vc_column width=&#8221;1\/3&#8243;][vc_btn title=&#8221;Confiez-nous votre projet&#8221; color=&#8221;secondarycolor&#8221; align=&#8221;center&#8221; css=&#8221;&#8221; link=&#8221;url:https%3A%2F%2Fimpactup.com%2Fetude-personnalisee%2F&#8221;][\/vc_column][vc_column width=&#8221;1\/3&#8243;][vc_btn title=&#8221;Contactez-nous&#8221; color=&#8221;secondarycolor&#8221; align=&#8221;center&#8221; css=&#8221;&#8221; link=&#8221;url:https%3A%2F%2Fimpactup.com%2Fcontact%2F&#8221;][\/vc_column][\/vc_row][vc_row css=&#8221;.vc_custom_1717658386032{padding-top: 40px !important;padding-bottom: 20px !important;}&#8221;][vc_column][vc_column_text css=&#8221;&#8221;]<\/p>\n<section style=\"text-align: justify;\">\n<h2>Trouvez le meilleur consultant commercial avec l\u2019aide d\u2019un cabinet de recrutement<\/h2>\n<p>Trouvez le meilleur <a href=\"https:\/\/impactup.com\/glossaire\/cabinet-de-recrutement-directeur-commercial-b-b\"><strong>consultant commercial<\/strong><\/a> pour \u00e9toffer votre \u00e9quipe gr\u00e2ce \u00e0 l\u2019aide d\u2019un <a href=\"https:\/\/impactup.com\/glossaire\/cabinet-de-recrutement-directeur-commercial-b-b\"><strong>cabinet de recrutement<\/strong><\/a> sp\u00e9cialis\u00e9. Forte d\u2019une solide exp\u00e9rience dans l\u2019embauche de professionnels pour les fonctions commerciales, vente et marketing, l\u2019agence ImpactUp est votre partenaire id\u00e9al.<\/p>\n<p>Les consultants au sein d\u2019 ImpactUP poss\u00e8dent une solide exp\u00e9rience dans le ciblage et la s\u00e9lection de profils de haut niveau et experts m\u00e9tiers) sur des p\u00f4les d\u2019expertise li\u00e9s au marketing et au commerce : charg\u00e9(e) de marketing direct, marchandiseur(euse), d\u00e9l\u00e9gu\u00e9 commercial, responsable webmarketing, category manager, ing\u00e9nieur commercial, business developer, et \u00e0 toutes les fonctions-cl\u00e9s de l\u2019organisation : key account manager, sales administrator, directeur(trice) de marque, directeur(trice) commercial(e)directeur(trice) de magasin\u2026<\/p>\n<p>Nous sommes le partenaire privil\u00e9gi\u00e9 de nombreuses entreprises tricolores et internationales, convaincues par notre professionnalisme.<\/p>\n<p>Pr\u00e9sente dans plusieurs villes, nous d\u00e9nichons pour vous les talents dont vous avez besoin dans la r\u00e9gion de votre choix.<\/p>\n<\/section>\n<p>[\/vc_column_text][\/vc_column][\/vc_row][vc_row][vc_column width=&#8221;1\/3&#8243;][vc_btn title=&#8221;Voir notre offre&#8221; color=&#8221;secondarycolor&#8221; align=&#8221;center&#8221; css=&#8221;&#8221; link=&#8221;url:https%3A%2F%2Fimpactup.com%2Frecrutement%2F&#8221;][\/vc_column][vc_column width=&#8221;1\/3&#8243;][vc_btn title=&#8221;Confiez-nous votre projet&#8221; color=&#8221;secondarycolor&#8221; align=&#8221;center&#8221; css=&#8221;&#8221; link=&#8221;url:https%3A%2F%2Fimpactup.com%2Fetude-personnalisee%2F&#8221;][\/vc_column][vc_column width=&#8221;1\/3&#8243;][vc_btn title=&#8221;Contactez-nous&#8221; color=&#8221;secondarycolor&#8221; align=&#8221;center&#8221; css=&#8221;&#8221; link=&#8221;url:https%3A%2F%2Fimpactup.com%2Fcontact%2F&#8221;][\/vc_column][\/vc_row][vc_row css=&#8221;.vc_custom_1717658445522{padding-top: 40px !important;}&#8221;][vc_column][vc_column_text css=&#8221;&#8221;]<\/p>\n<section style=\"text-align: justify;\">\n<h2>Quand faire appel \u00e0 un cabinet de recrutement pour trouver un consultant commercial ?<\/h2>\n<p>Le <a href=\"https:\/\/impactup.com\/glossaire\/cabinet-de-recrutement-commercial\"><strong>cabinet de recrutement s\u2019impose pour trouver un consultant commercial<\/strong><\/a> dont les comp\u00e9tences et le profil correspondent exactement aux besoins et exigences du poste \u00e0 pourvoir d\u2019une part, et \u00e0 vos attentes d\u2019autre part. En effet, il n\u2019est pas toujours facile de proc\u00e9der au recrutement d\u2019un tel professionnel.<\/p>\n<p>Dans certains cas, le meilleur <strong>consultant commercial<\/strong> n\u2019est pas souvent un dipl\u00f4m\u00e9 d\u2019une grande \u00e9cole et il est possible aussi qu\u2019il ne soit pas dans le m\u00e9tier depuis plusieurs ann\u00e9es. Donc, l\u2019\u00e9tude des dossiers de candidature peut \u00eatre fastidieuse, tout comme la s\u00e9lection des meilleurs candidats. De plus, il faut \u00e9galement proc\u00e9der aux tests divers et aux entretiens, deux op\u00e9rations particuli\u00e8rement chronophages. Si votre entreprise ne dispose pas d\u2019un d\u00e9partement d\u00e9di\u00e9 au recrutement, et si, en tant qu\u2019autoentrepreneur vous n\u2019avez pas les qualifications qui permettraient de r\u00e9ussir \u00e0 trouver la bonne personne, le recours \u00e0 un professionnel s\u2019impose.<\/p>\n<h2>Cabinet de recrutement ou chasseur de t\u00eates ?<\/h2>\n<p>Il existe deux types de sp\u00e9cialistes du recrutement auxquels vous pouvez vous adresser pour d\u00e9nicher votre futur collaborateur : l\u2019agence de recrutement classique et le chasseur de t\u00eate. L\u2019un et l\u2019autre sont efficaces, chacun \u00e0 leur mani\u00e8re.<\/p>\n<p>N\u00e9anmoins, le <strong>cabinet de recrutement<\/strong> traditionnel s\u2019efforcera de trouver votre <strong>consultant commercial<\/strong> via les proc\u00e9dures habituelles. Le chasseur de t\u00eate, lui, utilisera \u00ab l\u2019approche directe \u00bb, une m\u00e9thode atypique qui consiste \u00e0 \u00ab d\u00e9tecter les talents \u00bb et \u00e0 convaincre la personne s\u00e9lectionn\u00e9e qu\u2019elle peut assumer le poste avec succ\u00e8s, avec ce qu\u2019elle poss\u00e8de comme comp\u00e9tences et capacit\u00e9s.<\/p>\n<p>Le recours \u00e0 la chasse de t\u00eate s\u2019impose parfois, notamment lorsqu\u2019il y a p\u00e9nurie de candidats de valeur ou si le poste vacant est \u00e0 pourvoir d\u2019urgence. D\u2019ailleurs, certains cabinets proposent \u00e9galement ce syst\u00e8me de recrutement parmi leurs services.<\/p>\n<h2>Un cabinet sp\u00e9cialis\u00e9 prend en charge le recrutement de votre consultant commercial<\/h2>\n<p>Si vous recherchez un <strong>cabinet de recrutement pour trouver un consultant commercial<\/strong> , notre agence est sp\u00e9cialis\u00e9e dans la recherche et l\u2019embauche de cadres et agents commerciaux de haut niveau. Nous disposons de recruteurs exp\u00e9riment\u00e9s et comp\u00e9tents ainsi que de chasseurs de t\u00eates destin\u00e9s aux entreprises qui souhaitent se doter de collaborateurs s\u2019adaptant au profil recherch\u00e9 et disponibles de suite.<\/p>\n<p>Sp\u00e9cialiste des fonctions commerciales, <strong>Impactup<\/strong> est en mesure de r\u00e9pondre \u00e0 vos exigences. Pour mener \u00e0 bien la mission que vous nous confiez, nous proc\u00e9dons toujours \u00e0 une analyse approfondie de vos besoins avant de vous fournir une solution en parfait accord avec vos attentes. Cette \u00e9tape est essentielle pour nous permettre de d\u00e9finir vos objectifs, les t\u00e2ches d\u00e9volues au futur collaborateur, la formation appropri\u00e9e, le nombre d\u2019ann\u00e9es d\u2019exp\u00e9rience, les qualit\u00e9s personnelles requises et les conditions d\u2019embauche que vous proposez.<\/p>\n<p>Par la suite, pour trouver le <a href=\"https:\/\/impactup.com\/glossaire\/cabinet-de-recrutement-cadre-commercial\"><strong>consultant commercial id\u00e9al, notre cabinet de recrutement<\/strong><\/a> lance la proc\u00e9dure de recherche et de s\u00e9lection. Apr\u00e8s avoir identifi\u00e9 les meilleurs candidats, nous vous fournissons une liste, laquelle vous permettra de choisir celui ou celle qui correspond le plus \u00e0 vos crit\u00e8res.<\/p>\n<p>Les candidats b\u00e9n\u00e9ficient des conseils d\u2019experts d\u2019 <strong>ImpactUP<\/strong> pour l\u2019atteinte de leurs objectifs professionnels.<br \/>\nDes offres r\u00e9pondant aux besoins de chacun<\/p>\n<p>Notre offre s\u2019adresse particuli\u00e8rement aux entreprises recherchant des profils confirm\u00e9s et de nouveaux talents pour d\u00e9velopper leurs activit\u00e9s et leurs parts de march\u00e9. Notre client\u00e8le est compos\u00e9e \u00e0 cet effet de PME et d\u2019entreprises de grande taille r\u00e9parties dans diverses r\u00e9gions de la France. D\u2019ailleurs, afin de pouvoir offrir des services de proximit\u00e9 \u00e0 l\u2019ensemble de nos clients, nous avons ouvert des bureaux dans quelques grandes villes comme Paris, Lyon, Toulouse, Nantes et La Rochelle.<\/p>\n<p>Les candidats qui d\u00e9posent leurs dossiers chez Impactup b\u00e9n\u00e9ficient \u00e9galement des conseils pratiques et avis\u00e9s de la part de nos consultants (techniques de r\u00e9daction de CV, pr\u00e9paration de l\u2019entretien\u2026). Ce service gratuit les aide \u00e0 accro\u00eetre leur chance dans la recherche d\u2019emploi. En se fiant \u00e0 un sp\u00e9cialiste du recrutement, ils pourront donc mettre tous les atouts de leur c\u00f4t\u00e9.<\/p>\n<p><a href=\"https:\/\/impactup.com\/\"><strong>ImpactUP<\/strong><\/a> d\u00e9ploie des solutions sur mesure pour satisfaire \u00e0 toutes les requ\u00eates des entreprises en mati\u00e8re de ressources humaines :<\/p>\n<ul>\n<li>une plateforme d\u2019\u00e9valuation qui repose sur 4 gammes d\u2019outils : TalentInitial\u00ae, TalentAttitude\u00ae, TalentBusiness\u00ae et TalentRelation\u00ae ;<\/li>\n<li>un outil en ligne SaaS d\u2019\u00e9valuation qui donne la possibilit\u00e9 de valider les comp\u00e9tences dans une langue \u00e9trang\u00e8re et ainsi de d\u00e9velopper ses capacit\u00e9s linguistiques propos\u00e9 en partenariat avec Pipplet.<\/li>\n<\/ul>\n<\/section>\n<p>[\/vc_column_text][\/vc_column][\/vc_row]<\/p>\n<\/div>","protected":false},"excerpt":{"rendered":"<p>[vc_row][vc_column width=&#8221;1\/3&#8243;][vc_btn title=&#8221;Voir notre offre&#8221; color=&#8221;secondarycolor&#8221; align=&#8221;center&#8221; css=&#8221;&#8221; link=&#8221;url:https%3A%2F%2Fimpactup.com%2Frecrutement%2F&#8221;][\/vc_column][vc_column width=&#8221;1\/3&#8243;][vc_btn title=&#8221;Confiez-nous votre projet&#8221; color=&#8221;secondarycolor&#8221; align=&#8221;center&#8221; css=&#8221;&#8221; link=&#8221;url:https%3A%2F%2Fimpactup.com%2Fetude-personnalisee%2F&#8221;][\/vc_column][vc_column width=&#8221;1\/3&#8243;][vc_btn title=&#8221;Contactez-nous&#8221; color=&#8221;secondarycolor&#8221; align=&#8221;center&#8221; css=&#8221;&#8221; link=&#8221;url:https%3A%2F%2Fimpactup.com%2Fcontact%2F&#8221;][\/vc_column][\/vc_row][vc_row css=&#8221;.vc_custom_1717658386032{padding-top: 40px !important;padding-bottom: 20px !important;}&#8221;][vc_column][vc_column_text css=&#8221;&#8221;] Trouvez le meilleur consultant commercial avec l\u2019aide d\u2019un cabinet de recrutement Trouvez le meilleur consultant commercial pour \u00e9toffer votre \u00e9quipe gr\u00e2ce \u00e0 l\u2019aide d\u2019un cabinet de [&hellip;]<\/p>\n","protected":false},"author":4,"featured_media":0,"parent":17218,"menu_order":0,"comment_status":"closed","ping_status":"closed","template":"","meta":{"_monsterinsights_skip_tracking":false,"_monsterinsights_sitenote_active":false,"_monsterinsights_sitenote_note":"","_monsterinsights_sitenote_category":0,"footnotes":""},"class_list":["post-26007","page","type-page","status-publish","hentry"],"yoast_head":"<!-- This site is optimized with the Yoast SEO plugin v27.0 - https:\/\/yoast.com\/product\/yoast-seo-wordpress\/ -->\n<title>Cabinet de recrutement de consultant commercial<\/title>\n<meta name=\"description\" content=\"ImpactUp, un cabinet de recrutement d\u00e9nichera pour vous un consultant commercial. ImpactUp est un cabinet sp\u00e9cialis\u00e9 dans le recrutement de consultant commercial.\" \/>\n<meta name=\"robots\" content=\"index, follow, max-snippet:-1, max-image-preview:large, max-video-preview:-1\" \/>\n<link rel=\"canonical\" href=\"https:\/\/impactup.com\/en\/glossaire\/cabinet-de-recrutement-consultant-commercial\/\" \/>\n<meta property=\"og:locale\" content=\"en_US\" \/>\n<meta property=\"og:type\" content=\"article\" \/>\n<meta property=\"og:title\" content=\"Cabinet de recrutement de consultant commercial\" \/>\n<meta property=\"og:description\" content=\"ImpactUp, un cabinet de recrutement d\u00e9nichera pour vous un consultant commercial. ImpactUp est un cabinet sp\u00e9cialis\u00e9 dans le recrutement de consultant commercial.\" \/>\n<meta property=\"og:url\" content=\"https:\/\/impactup.com\/en\/glossaire\/cabinet-de-recrutement-consultant-commercial\/\" \/>\n<meta property=\"og:site_name\" content=\"ImpactUp\" \/>\n<meta property=\"article:modified_time\" content=\"2024-06-12T09:16:51+00:00\" \/>\n<meta property=\"og:image\" content=\"https:\/\/impactup.com\/wp-content\/uploads\/2021\/01\/og.jpg\" \/>\n\t<meta property=\"og:image:width\" content=\"1067\" \/>\n\t<meta property=\"og:image:height\" content=\"600\" \/>\n\t<meta property=\"og:image:type\" content=\"image\/jpeg\" \/>\n<meta name=\"twitter:card\" content=\"summary_large_image\" \/>\n<meta name=\"twitter:label1\" content=\"Est. reading time\" \/>\n\t<meta name=\"twitter:data1\" content=\"5 minutes\" \/>\n<script type=\"application\/ld+json\" class=\"yoast-schema-graph\">{\"@context\":\"https:\/\/schema.org\",\"@graph\":[{\"@type\":\"WebPage\",\"@id\":\"https:\/\/impactup.com\/en\/glossaire\/cabinet-de-recrutement-consultant-commercial\/\",\"url\":\"https:\/\/impactup.com\/en\/glossaire\/cabinet-de-recrutement-consultant-commercial\/\",\"name\":\"Cabinet de recrutement de consultant commercial\",\"isPartOf\":{\"@id\":\"https:\/\/impactup.com\/en\/#website\"},\"datePublished\":\"2024-06-10T08:29:48+00:00\",\"dateModified\":\"2024-06-12T09:16:51+00:00\",\"description\":\"ImpactUp, un cabinet de recrutement d\u00e9nichera pour vous un consultant commercial. ImpactUp est un cabinet sp\u00e9cialis\u00e9 dans le recrutement de consultant commercial.\",\"breadcrumb\":{\"@id\":\"https:\/\/impactup.com\/en\/glossaire\/cabinet-de-recrutement-consultant-commercial\/#breadcrumb\"},\"inLanguage\":\"en-US\",\"potentialAction\":[{\"@type\":\"ReadAction\",\"target\":[\"https:\/\/impactup.com\/en\/glossaire\/cabinet-de-recrutement-consultant-commercial\/\"]}]},{\"@type\":\"BreadcrumbList\",\"@id\":\"https:\/\/impactup.com\/en\/glossaire\/cabinet-de-recrutement-consultant-commercial\/#breadcrumb\",\"itemListElement\":[{\"@type\":\"ListItem\",\"position\":1,\"name\":\"Accueil\",\"item\":\"https:\/\/impactup.com\/en\/\"},{\"@type\":\"ListItem\",\"position\":2,\"name\":\"Glossaire\",\"item\":\"https:\/\/impactup.com\/en\/glossaire\/\"},{\"@type\":\"ListItem\",\"position\":3,\"name\":\"Trouvez le meilleur consultant commercial avec l\u2019aide d\u2019un cabinet de recrutement\"}]},{\"@type\":\"WebSite\",\"@id\":\"https:\/\/impactup.com\/en\/#website\",\"url\":\"https:\/\/impactup.com\/en\/\",\"name\":\"ImpactUp\",\"description\":\"Recrutement commerciaux, directions commerciales et fonctions marketing\",\"potentialAction\":[{\"@type\":\"SearchAction\",\"target\":{\"@type\":\"EntryPoint\",\"urlTemplate\":\"https:\/\/impactup.com\/en\/?s={search_term_string}\"},\"query-input\":{\"@type\":\"PropertyValueSpecification\",\"valueRequired\":true,\"valueName\":\"search_term_string\"}}],\"inLanguage\":\"en-US\"}]}<\/script>\n<!-- \/ Yoast SEO plugin. -->","yoast_head_json":{"title":"Cabinet de recrutement de consultant commercial","description":"ImpactUp, un cabinet de recrutement d\u00e9nichera pour vous un consultant commercial. ImpactUp est un cabinet sp\u00e9cialis\u00e9 dans le recrutement de consultant commercial.","robots":{"index":"index","follow":"follow","max-snippet":"max-snippet:-1","max-image-preview":"max-image-preview:large","max-video-preview":"max-video-preview:-1"},"canonical":"https:\/\/impactup.com\/en\/glossaire\/cabinet-de-recrutement-consultant-commercial\/","og_locale":"en_US","og_type":"article","og_title":"Cabinet de recrutement de consultant commercial","og_description":"ImpactUp, un cabinet de recrutement d\u00e9nichera pour vous un consultant commercial. ImpactUp est un cabinet sp\u00e9cialis\u00e9 dans le recrutement de consultant commercial.","og_url":"https:\/\/impactup.com\/en\/glossaire\/cabinet-de-recrutement-consultant-commercial\/","og_site_name":"ImpactUp","article_modified_time":"2024-06-12T09:16:51+00:00","og_image":[{"width":1067,"height":600,"url":"https:\/\/impactup.com\/wp-content\/uploads\/2021\/01\/og.jpg","type":"image\/jpeg"}],"twitter_card":"summary_large_image","twitter_misc":{"Est. reading time":"5 minutes"},"schema":{"@context":"https:\/\/schema.org","@graph":[{"@type":"WebPage","@id":"https:\/\/impactup.com\/en\/glossaire\/cabinet-de-recrutement-consultant-commercial\/","url":"https:\/\/impactup.com\/en\/glossaire\/cabinet-de-recrutement-consultant-commercial\/","name":"Cabinet de recrutement de consultant commercial","isPartOf":{"@id":"https:\/\/impactup.com\/en\/#website"},"datePublished":"2024-06-10T08:29:48+00:00","dateModified":"2024-06-12T09:16:51+00:00","description":"ImpactUp, un cabinet de recrutement d\u00e9nichera pour vous un consultant commercial. ImpactUp est un cabinet sp\u00e9cialis\u00e9 dans le recrutement de consultant commercial.","breadcrumb":{"@id":"https:\/\/impactup.com\/en\/glossaire\/cabinet-de-recrutement-consultant-commercial\/#breadcrumb"},"inLanguage":"en-US","potentialAction":[{"@type":"ReadAction","target":["https:\/\/impactup.com\/en\/glossaire\/cabinet-de-recrutement-consultant-commercial\/"]}]},{"@type":"BreadcrumbList","@id":"https:\/\/impactup.com\/en\/glossaire\/cabinet-de-recrutement-consultant-commercial\/#breadcrumb","itemListElement":[{"@type":"ListItem","position":1,"name":"Accueil","item":"https:\/\/impactup.com\/en\/"},{"@type":"ListItem","position":2,"name":"Glossaire","item":"https:\/\/impactup.com\/en\/glossaire\/"},{"@type":"ListItem","position":3,"name":"Trouvez le meilleur consultant commercial avec l\u2019aide d\u2019un cabinet de recrutement"}]},{"@type":"WebSite","@id":"https:\/\/impactup.com\/en\/#website","url":"https:\/\/impactup.com\/en\/","name":"ImpactUp","description":"Recrutement commerciaux, directions commerciales et fonctions marketing","potentialAction":[{"@type":"SearchAction","target":{"@type":"EntryPoint","urlTemplate":"https:\/\/impactup.com\/en\/?s={search_term_string}"},"query-input":{"@type":"PropertyValueSpecification","valueRequired":true,"valueName":"search_term_string"}}],"inLanguage":"en-US"}]}},"_links":{"self":[{"href":"https:\/\/impactup.com\/en\/wp-json\/wp\/v2\/pages\/26007","targetHints":{"allow":["GET"]}}],"collection":[{"href":"https:\/\/impactup.com\/en\/wp-json\/wp\/v2\/pages"}],"about":[{"href":"https:\/\/impactup.com\/en\/wp-json\/wp\/v2\/types\/page"}],"author":[{"embeddable":true,"href":"https:\/\/impactup.com\/en\/wp-json\/wp\/v2\/users\/4"}],"replies":[{"embeddable":true,"href":"https:\/\/impactup.com\/en\/wp-json\/wp\/v2\/comments?post=26007"}],"version-history":[{"count":5,"href":"https:\/\/impactup.com\/en\/wp-json\/wp\/v2\/pages\/26007\/revisions"}],"predecessor-version":[{"id":26466,"href":"https:\/\/impactup.com\/en\/wp-json\/wp\/v2\/pages\/26007\/revisions\/26466"}],"up":[{"embeddable":true,"href":"https:\/\/impactup.com\/en\/wp-json\/wp\/v2\/pages\/17218"}],"wp:attachment":[{"href":"https:\/\/impactup.com\/en\/wp-json\/wp\/v2\/media?parent=26007"}],"curies":[{"name":"wp","href":"https:\/\/api.w.org\/{rel}","templated":true}]}}