{"id":25997,"date":"2024-06-10T10:22:33","date_gmt":"2024-06-10T08:22:33","guid":{"rendered":"https:\/\/impactup.niou.dev\/?page_id=25997"},"modified":"2024-06-12T11:14:05","modified_gmt":"2024-06-12T09:14:05","slug":"cabinet-de-recrutement-commercial-paris","status":"publish","type":"page","link":"https:\/\/impactup.com\/en\/glossaire\/cabinet-de-recrutement-commercial-paris\/","title":{"rendered":"Cabinet de recrutement ImpactUp \u00e0 Paris : un partenaire fiable pour trouver le bon commercial"},"content":{"rendered":"<div class=\"wpb-content-wrapper\"><p>[vc_row][vc_column width=&#8221;1\/3&#8243;][vc_btn title=&#8221;Voir notre offre&#8221; color=&#8221;secondarycolor&#8221; align=&#8221;center&#8221; css=&#8221;&#8221; link=&#8221;url:https%3A%2F%2Fimpactup.com%2Frecrutement%2F&#8221;][\/vc_column][vc_column width=&#8221;1\/3&#8243;][vc_btn title=&#8221;Confiez-nous votre projet&#8221; color=&#8221;secondarycolor&#8221; align=&#8221;center&#8221; css=&#8221;&#8221; link=&#8221;url:https%3A%2F%2Fimpactup.com%2Fetude-personnalisee%2F&#8221;][\/vc_column][vc_column width=&#8221;1\/3&#8243;][vc_btn title=&#8221;Contactez-nous&#8221; color=&#8221;secondarycolor&#8221; align=&#8221;center&#8221; css=&#8221;&#8221; link=&#8221;url:https%3A%2F%2Fimpactup.com%2Fcontact%2F&#8221;][\/vc_column][\/vc_row][vc_row css=&#8221;.vc_custom_1717658386032{padding-top: 40px !important;padding-bottom: 20px !important;}&#8221;][vc_column][vc_column_text css=&#8221;&#8221;]<\/p>\n<section style=\"text-align: justify;\">\n<h2><strong>Cabinet de recrutement ImpactUp \u00e0 Paris\u00a0: un partenaire fiable pour trouver le bon commercial <\/strong><\/h2>\n<p>Un <a href=\"https:\/\/impactup.com\/glossaire\/cabinet-de-recrutement-commercial\"><strong>cabinet de recrutement \u00e0 Paris peut trouver un<\/strong> <strong>commercial <\/strong><\/a>qualifi\u00e9 pour votre entreprise. Solliciter les services d\u2019un tel sp\u00e9cialiste vous permet de gagner du temps. C\u2019est aussi la garantie d\u2019embaucher le candidat id\u00e9al pour le poste. Faites alors confiance \u00e0 <strong>ImpactUp<\/strong>, un recruteur de r\u00e9f\u00e9rence dans le domaine, pour trouver le bon candidat.<\/p>\n<\/section>\n<p>[\/vc_column_text][\/vc_column][\/vc_row][vc_row][vc_column width=&#8221;1\/3&#8243;][vc_btn title=&#8221;Voir notre offre&#8221; color=&#8221;secondarycolor&#8221; align=&#8221;center&#8221; css=&#8221;&#8221; link=&#8221;url:https%3A%2F%2Fimpactup.com%2Frecrutement%2F&#8221;][\/vc_column][vc_column width=&#8221;1\/3&#8243;][vc_btn title=&#8221;Confiez-nous votre projet&#8221; color=&#8221;secondarycolor&#8221; align=&#8221;center&#8221; css=&#8221;&#8221; link=&#8221;url:https%3A%2F%2Fimpactup.com%2Fetude-personnalisee%2F&#8221;][\/vc_column][vc_column width=&#8221;1\/3&#8243;][vc_btn title=&#8221;Contactez-nous&#8221; color=&#8221;secondarycolor&#8221; align=&#8221;center&#8221; css=&#8221;&#8221; link=&#8221;url:https%3A%2F%2Fimpactup.com%2Fcontact%2F&#8221;][\/vc_column][\/vc_row][vc_row css=&#8221;.vc_custom_1717658445522{padding-top: 40px !important;}&#8221;][vc_column][vc_column_text css=&#8221;&#8221;]<\/p>\n<section style=\"text-align: justify;\">\n<h2><strong>Recruter pour les fonctions commerciales \u00e0 Paris\u00a0: un parcours du combattant<\/strong><\/h2>\n<p>Avec la multiplication des PME et des TPE commerciales en r\u00e9gion parisienne, plus le d\u00e9veloppement des entreprises existantes, trouver des collaborateurs \u00e0 Paris s\u2019apparente vite \u00e0 un v\u00e9ritable parcours du combattant. Les offres d\u2019emploi dans le secteur commercial (tous postes confondus) sont l\u00e9gion tandis que les candidats de valeur restent difficiles \u00e0 d\u00e9nicher, la majorit\u00e9 \u00e9tant d\u00e9j\u00e0 en poste.<\/p>\n<p>De ce fait, le recours aux services et au savoir-faire d\u2019un <strong>cabinet de recrutement s\u2019impose pour embaucher un commercial \u00e0 Paris<\/strong>. Cette option s\u2019av\u00e8rera d\u2019autant plus obligatoire si vous \u00eates bas\u00e9s dans une autre ville ou une autre r\u00e9gion et que vous souhaitez implanter une antenne dans la capitale. Elle vous \u00e9vitera d\u2019avoir \u00e0 vous d\u00e9placer pour mener vous-m\u00eame la campagne de recrutement.<\/p>\n<h2><strong>Quelles sont les missions d\u2019un commercial\u00a0? <\/strong><\/h2>\n<p>Si une entreprise est \u00e0 la recherche d\u2019un <a href=\"https:\/\/impactup.com\/glossaire\/cabinet-de-recrutement-commercial-confirm%C3%A9\"><strong>commercial via un cabinet de recrutement \u00e0<\/strong> <strong>Paris<\/strong><\/a>, c\u2019est qu\u2019elle veut d\u00e9velopper ses ventes et ainsi augmenter son chiffre d\u2019affaires.<\/p>\n<p>Les responsabilit\u00e9s d\u2019un commercial peuvent changer d\u2019une entreprise \u00e0 une autre, mais sa mission principale est de d\u00e9velopper son portefeuille clients en utilisant des strat\u00e9gies de vente et de prospection bien \u00e9tablies. En d\u2019autres termes, il doit trouver de nouveaux clients pour l\u2019entreprise.<\/p>\n<p>Une gamme de produits ou de services lui sera confi\u00e9e et il lui incombera de n\u00e9gocier les prix et les quantit\u00e9s avec les prospects et clients. Il doit \u00e9galement \u00eatre en mesure de d\u00e9crire ses produits et services, de fa\u00e7on \u00e0 d\u00e9gager les principaux avantages par rapport \u00e0 la concurrence.<\/p>\n<p>Le commercial doit \u00e9galement rester attentif aux remarques des clients puis d\u2019\u00eatre disponible en tout temps pour trouver des solutions \u00e0 leurs probl\u00e8mes. Enfin, il doit \u00e9laborer des offres ou des promotions pour les fid\u00e9liser.<\/p>\n<h2><strong>Recrutement de talents commerciaux \u00e0 Paris<\/strong><\/h2>\n<p>Le recrutement des profils commerciaux implique une d\u00e9marche structur\u00e9e mettant \u00e0 contribution diff\u00e9rents canaux et outils. Et parce que les fonctions commerciales sont strat\u00e9giques pour la p\u00e9rennit\u00e9 des activit\u00e9s de l\u2019entreprise, la recherche et l\u2019\u00e9valuation des candidats doivent faire l\u2019objet d\u2019une minutie particuli\u00e8re. Sans l\u2019aide d\u2019un <strong>cabinet<\/strong> <strong>sp\u00e9cialiste du<\/strong> <strong>recrutement de commercial \u00e0 Paris<\/strong>, il ne sera pas vraiment facile de trouver des collaborateurs efficaces et performants.<\/p>\n<p>Or, l\u2019efficacit\u00e9 et les performances font partie des premi\u00e8res qualit\u00e9s recherch\u00e9es chez un bon commercial, en plus des aptitudes particuli\u00e8res n\u00e9cessaires \u00e0 son m\u00e9tier. En effet, la prospection et la fid\u00e9lisation de clients, l\u2019optimisation des ventes, mais aussi l\u2019atteinte des objectifs de vente et des chiffres d\u2019affaires fix\u00e9s par ses sup\u00e9rieurs, constituent les missions principales d\u2019un commercial.<\/p>\n<p>Ces t\u00e2ches n\u00e9cessitent de ce fait non seulement une bonne connaissance des produits et du secteur du march\u00e9 qui lui sont affect\u00e9s, mais aussi d\u2019excellentes aptitudes relationnelles et en communication. Compte tenu de tous ces crit\u00e8res \u00e0 prendre en consid\u00e9ration lors du recrutement et la concurrence, il est g\u00e9n\u00e9ralement assez difficile pour les entreprises parisiennes de r\u00e9aliser le recrutement de leurs commerciaux.<\/p>\n<h2><strong>ImpactUP : votre atout pour monter une \u00e9quipe commerciale performante<\/strong><\/h2>\n<p><strong>ImpactUP<\/strong> se pr\u00e9sente comme l\u2019un des partenaires \u00e0 privil\u00e9gier si vous voulez mettre en place une \u00e9quipe commerciale efficace. Nos nombreuses ann\u00e9es en tant que <strong>cabinet de recrutement pour le secteur<\/strong> <strong>commercial<\/strong> \u00e0 <strong>Paris<\/strong> nous ont permis d\u2019acqu\u00e9rir une ma\u00eetrise parfaite des conditions, contraintes et besoins en personnes comp\u00e9tentes et cadres de haut niveau des entreprises parisiennes.<\/p>\n<p>ImpactUP vous \u00e9vite les t\u00e2ches pr\u00e9liminaires de s\u00e9lection de dossiers et d\u2019entretien, souvent fastidieuses, surtout quand il y a de nombreuses candidatures \u00e0 \u00e9plucher. Nous nous chargeons \u00e9galement d\u2019\u00e9valuer les comp\u00e9tences des postulants avant de vous soumettre les meilleurs profils. Au final donc, vous vous trouverez avec uniquement des candidats de valeur pour la s\u00e9lection de votre futur collaborateur. Vous y gagnerez en temps, et vous pouvez \u00eatre s\u00fbr du potentiel de votre futur commercial.<\/p>\n<p>Sachez que le recours \u00e0 un cabinet pour g\u00e9rer vos embauches est un gage d\u2019efficience pour toutes les soci\u00e9t\u00e9s d\u00e9sireuses d\u2019avoir une \u00e9quipe performante, en parall\u00e8le il peut \u00e9galement contribuer \u00e0 l\u2019\u00e9laboration d\u2019une strat\u00e9gie de d\u00e9veloppement commercial. Vous profiterez ainsi de l\u2019expertise de consultants bien aguerris. Certains cabinets de recrutement, \u00e0 l\u2019instar d\u2019I<strong>mpactUP<\/strong>, l\u2019ont bien compris et ont ainsi un p\u00f4le d\u00e9di\u00e9 \u00e0 r\u00e9soudre des probl\u00e9matiques strat\u00e9giques plus profondes.<\/p>\n<h2><strong>Le cabinet ImpactUP, sp\u00e9cialiste du recrutement de commercial \u00e0 Paris <\/strong><\/h2>\n<p>ImpactUP, un <a href=\"https:\/\/impactup.com\/glossaire\/cabinet-de-recrutement-commercial-de-haut-niveau\"><strong>cabinet de recrutement de commercial \u00e9tabli \u00e0 Paris<\/strong><\/a>, met son savoir-faire au service aussi bien des grandes entreprises que des PME. Nous sommes en mesure de satisfaire toutes vos demandes, r\u00e9currentes ou ponctuelles. Nous nous engageons notamment \u00e0 s\u00e9lectionner pour notre client\u00e8le les profils correspondant \u00e0 leurs attentes et \u00e0 leurs exigences.<\/p>\n<p>Chasseur de t\u00eates depuis plus d\u2019une quinzaine d\u2019ann\u00e9es, notre <strong>cabinet de recrutement<\/strong> ma\u00eetrise parfaitement les diff\u00e9rentes techniques pour trouver votre <strong>commercial \u00e0 Paris<\/strong>. Il jouit d\u2019ailleurs d\u2019une excellente notori\u00e9t\u00e9 aupr\u00e8s des candidats, lui permettant d\u2019attirer les meilleures candidatures.<\/p>\n<p>L\u2019accompagnement des candidats est un autre des domaines de comp\u00e9tences d\u2019<strong>ImpactUP<\/strong> dans ce moment crucial de leur carri\u00e8re. Nous mettons en \u0153uvre diff\u00e9rentes approches pour r\u00e9pondre \u00e0 tous les enjeux des dirigeants d\u2019entreprises en mati\u00e8re de ressources humaines. Dans ce cadre, nous mettons \u00e0 profit dans tout projet de recrutement le pragmatisme, la proximit\u00e9 et l\u2019exigence de r\u00e9sultat en combinant les comp\u00e9tences de nos consultants-recruteurs et l\u2019utilisation de la technologie d\u2019outils performants et innovants\u00a0:<\/p>\n<ul>\n<li>un service en ligne SaaS d\u2019\u00e9valuation qui permet d\u2019estimer les comp\u00e9tences dans une langue \u00e9trang\u00e8re et ainsi d\u2019am\u00e9liorer ses capacit\u00e9s linguistiques propos\u00e9s en partenariat avec Pipplet ;<\/li>\n<li>une plateforme d\u2019\u00e9valuation qui comporte 4 gammes d\u2019outils : TalentInitial\u00ae, TalentAttitude\u00ae, TalentBusiness\u00ae et TalentRelation\u00ae.<\/li>\n<\/ul>\n<p>Tout cela nous permet d\u2019assurer la qualit\u00e9 et la fiabilit\u00e9 de chaque profil ainsi que sa conformit\u00e9 aux attentes des entreprises.<\/p>\n<p>Des entreprises de toute taille de diff\u00e9rentes nationalit\u00e9s nous font confiance, convaincues par notre professionnalisme. En effet, notre agence est connue pour son efficacit\u00e9 dans la recherche de talents et experts m\u00e9tiers sur des diff\u00e9rents p\u00f4les d\u2019expertise : responsable webmarketing, charg\u00e9(e) de marketing direct, d\u00e9l\u00e9gu\u00e9 commercial, business developer, marchandiseur(euse), responsable de promotion des ventes\u00a0 ou encore category manager\u00a0. Nous pouvons \u00e9galement citer les postes-cl\u00e9s de l\u2019entreprise\u00a0: directeur(trice) de magasin, directeur(trice) de marque, sales administrator, directeur(trice) de la relation client, key account manager, etc.<\/p>\n<p>En tout cas, le <strong>cabinet<\/strong> ImpactUP se met \u00e0 votre disposition pour tous vos besoins de <strong>recrutement de commerciaux \u00e0 Paris. <\/strong><a href=\"https:\/\/impactup.com\"><strong>ImpactUP<\/strong><\/a> est aussi pr\u00e9sent dans d\u2019autres villes comme La Rochelle, Lyon, Toulouse et Nantes. Vous pouvez vous adresser \u00e0 notre \u00e9quipe qui est disponible en temps r\u00e9el sur le site.<\/p>\n<p><strong>Pour avoir plus d&#8217;informations :<\/strong><\/p>\n<p><a href=\"https:\/\/impactup.com\/glossaire\/cabinet-de-recrutement-commercial-paris\">Cabinet de recrutement commercial Paris<\/a><br \/>\n<a href=\"https:\/\/impactup.com\/glossaire\/cabinet-de-recrutement-chef-de-rayon\">Cabinet de recrutement chef de rayon<\/a><br \/>\n<a href=\"https:\/\/impactup.com\/glossaire\/cabinet-de-recrutement-chef-des-ventes\">Cabinet de recrutement chef des ventes<\/a><br \/>\n<a href=\"https:\/\/impactup.com\/glossaire\/cabinet-de-recrutement-chef-des-ventes-national\">Cabinet de recrutement chef des ventes national<\/a><br \/>\n<a href=\"https:\/\/impactup.com\/glossaire\/cabinet-de-recrutement-chef-des-ventes-r\u00e9gional\">Cabinet de recrutement chef des ventes r\u00e9gional<\/a><br \/>\n<a href=\"https:\/\/impactup.com\/glossaire\/cabinet-de-recrutement-commercial-toulouse\">Cabinet de recrutement commercial Toulouse<\/a><br \/>\n<a href=\"https:\/\/impactup.com\/glossaire\/cabinet-de-recrutement-consultant-commercial\">Cabinet de recrutement consultant commercial<\/a><br \/>\n<a href=\"https:\/\/impactup.com\/glossaire\/cabinet-de-recrutement-directeur-commercial-b-b\">Cabinet de recrutement directeur commercial b to b<\/a><br \/>\n<a href=\"https:\/\/impactup.com\/glossaire\/cabinet-de-recrutement-directeur-de-clientele\/\">Cabinet de recrutement directeur de client\u00e8le<\/a><br \/>\n<a href=\"https:\/\/impactup.com\/glossaire\/cabinet-de-recrutement-directeur-de-magasin\">Cabinet de recrutement directeur de magasin<\/a><br \/>\n<a href=\"https:\/\/impactup.com\/glossaire\/cabinet-de-recrutement-directeur-des-ventes\">Cabinet de recrutement directeur des ventes<\/a><br \/>\n<a href=\"https:\/\/impactup.com\/glossaire\/cabinet-de-recrutement-directeur-marketing\">Cabinet de recrutement directeur marketing<\/a><br \/>\n<a href=\"https:\/\/impactup.com\/glossaire\/cabinet-chasseur-de-tete-grenoble-38\">Cabinet chasseur de t\u00eate Grenoble 38<\/a><br \/>\n<a href=\"https:\/\/impactup.com\/glossaire\/cabinet-de-recrutement-commercial-grenoble-38\">Cabinet de recrutement commercial Grenoble 38<\/a><\/p>\n<\/section>\n<p>[\/vc_column_text][\/vc_column][\/vc_row]<\/p>\n<\/div>","protected":false},"excerpt":{"rendered":"<p>[vc_row][vc_column width=&#8221;1\/3&#8243;][vc_btn title=&#8221;Voir notre offre&#8221; color=&#8221;secondarycolor&#8221; align=&#8221;center&#8221; css=&#8221;&#8221; link=&#8221;url:https%3A%2F%2Fimpactup.com%2Frecrutement%2F&#8221;][\/vc_column][vc_column width=&#8221;1\/3&#8243;][vc_btn title=&#8221;Confiez-nous votre projet&#8221; color=&#8221;secondarycolor&#8221; align=&#8221;center&#8221; css=&#8221;&#8221; link=&#8221;url:https%3A%2F%2Fimpactup.com%2Fetude-personnalisee%2F&#8221;][\/vc_column][vc_column width=&#8221;1\/3&#8243;][vc_btn title=&#8221;Contactez-nous&#8221; color=&#8221;secondarycolor&#8221; align=&#8221;center&#8221; css=&#8221;&#8221; link=&#8221;url:https%3A%2F%2Fimpactup.com%2Fcontact%2F&#8221;][\/vc_column][\/vc_row][vc_row css=&#8221;.vc_custom_1717658386032{padding-top: 40px !important;padding-bottom: 20px !important;}&#8221;][vc_column][vc_column_text css=&#8221;&#8221;] Cabinet de recrutement ImpactUp \u00e0 Paris\u00a0: un partenaire fiable pour trouver le bon commercial Un cabinet de recrutement \u00e0 Paris peut trouver un commercial qualifi\u00e9 pour [&hellip;]<\/p>\n","protected":false},"author":4,"featured_media":0,"parent":17218,"menu_order":0,"comment_status":"closed","ping_status":"closed","template":"","meta":{"_monsterinsights_skip_tracking":false,"_monsterinsights_sitenote_active":false,"_monsterinsights_sitenote_note":"","_monsterinsights_sitenote_category":0,"footnotes":""},"class_list":["post-25997","page","type-page","status-publish","hentry"],"yoast_head":"<!-- This site is optimized with the Yoast SEO plugin v27.0 - https:\/\/yoast.com\/product\/yoast-seo-wordpress\/ -->\n<title>Cabinet de recrutement commercial Paris - Se faire accompagner par un cabinet de recrutement de commercial \u00e0 Paris<\/title>\n<meta name=\"description\" content=\"Trouver le bon commercial gr\u00e2ce \u00e0 un cabinet de recrutement \u00e0 Paris. ImpactUp est un cabinet de recrutement en mesure de trouver un commercial qualifi\u00e9.\" \/>\n<meta name=\"robots\" content=\"index, follow, max-snippet:-1, max-image-preview:large, max-video-preview:-1\" \/>\n<link rel=\"canonical\" href=\"https:\/\/impactup.com\/en\/glossaire\/cabinet-de-recrutement-commercial-paris\/\" \/>\n<meta property=\"og:locale\" content=\"en_US\" \/>\n<meta property=\"og:type\" content=\"article\" \/>\n<meta property=\"og:title\" content=\"Cabinet de recrutement commercial Paris - Se faire accompagner par un cabinet de recrutement de commercial \u00e0 Paris\" \/>\n<meta property=\"og:description\" content=\"Trouver le bon commercial gr\u00e2ce \u00e0 un cabinet de recrutement \u00e0 Paris. ImpactUp est un cabinet de recrutement en mesure de trouver un commercial qualifi\u00e9.\" \/>\n<meta property=\"og:url\" content=\"https:\/\/impactup.com\/en\/glossaire\/cabinet-de-recrutement-commercial-paris\/\" \/>\n<meta property=\"og:site_name\" content=\"ImpactUp\" \/>\n<meta property=\"article:modified_time\" content=\"2024-06-12T09:14:05+00:00\" \/>\n<meta property=\"og:image\" content=\"https:\/\/impactup.com\/wp-content\/uploads\/2021\/01\/og.jpg\" \/>\n\t<meta property=\"og:image:width\" content=\"1067\" \/>\n\t<meta property=\"og:image:height\" content=\"600\" \/>\n\t<meta property=\"og:image:type\" content=\"image\/jpeg\" \/>\n<meta name=\"twitter:card\" content=\"summary_large_image\" \/>\n<meta name=\"twitter:label1\" content=\"Est. reading time\" \/>\n\t<meta name=\"twitter:data1\" content=\"7 minutes\" \/>\n<script type=\"application\/ld+json\" class=\"yoast-schema-graph\">{\"@context\":\"https:\/\/schema.org\",\"@graph\":[{\"@type\":\"WebPage\",\"@id\":\"https:\/\/impactup.com\/en\/glossaire\/cabinet-de-recrutement-commercial-paris\/\",\"url\":\"https:\/\/impactup.com\/en\/glossaire\/cabinet-de-recrutement-commercial-paris\/\",\"name\":\"Cabinet de recrutement commercial Paris - Se faire accompagner par un cabinet de recrutement de commercial \u00e0 Paris\",\"isPartOf\":{\"@id\":\"https:\/\/impactup.com\/en\/#website\"},\"datePublished\":\"2024-06-10T08:22:33+00:00\",\"dateModified\":\"2024-06-12T09:14:05+00:00\",\"description\":\"Trouver le bon commercial gr\u00e2ce \u00e0 un cabinet de recrutement \u00e0 Paris. ImpactUp est un cabinet de recrutement en mesure de trouver un commercial qualifi\u00e9.\",\"breadcrumb\":{\"@id\":\"https:\/\/impactup.com\/en\/glossaire\/cabinet-de-recrutement-commercial-paris\/#breadcrumb\"},\"inLanguage\":\"en-US\",\"potentialAction\":[{\"@type\":\"ReadAction\",\"target\":[\"https:\/\/impactup.com\/en\/glossaire\/cabinet-de-recrutement-commercial-paris\/\"]}]},{\"@type\":\"BreadcrumbList\",\"@id\":\"https:\/\/impactup.com\/en\/glossaire\/cabinet-de-recrutement-commercial-paris\/#breadcrumb\",\"itemListElement\":[{\"@type\":\"ListItem\",\"position\":1,\"name\":\"Accueil\",\"item\":\"https:\/\/impactup.com\/en\/\"},{\"@type\":\"ListItem\",\"position\":2,\"name\":\"Glossaire\",\"item\":\"https:\/\/impactup.com\/en\/glossaire\/\"},{\"@type\":\"ListItem\",\"position\":3,\"name\":\"Cabinet de recrutement ImpactUp \u00e0 Paris : un partenaire fiable pour trouver le bon commercial\"}]},{\"@type\":\"WebSite\",\"@id\":\"https:\/\/impactup.com\/en\/#website\",\"url\":\"https:\/\/impactup.com\/en\/\",\"name\":\"ImpactUp\",\"description\":\"Recrutement commerciaux, directions commerciales et fonctions marketing\",\"potentialAction\":[{\"@type\":\"SearchAction\",\"target\":{\"@type\":\"EntryPoint\",\"urlTemplate\":\"https:\/\/impactup.com\/en\/?s={search_term_string}\"},\"query-input\":{\"@type\":\"PropertyValueSpecification\",\"valueRequired\":true,\"valueName\":\"search_term_string\"}}],\"inLanguage\":\"en-US\"}]}<\/script>\n<!-- \/ Yoast SEO plugin. -->","yoast_head_json":{"title":"Cabinet de recrutement commercial Paris - Se faire accompagner par un cabinet de recrutement de commercial \u00e0 Paris","description":"Trouver le bon commercial gr\u00e2ce \u00e0 un cabinet de recrutement \u00e0 Paris. ImpactUp est un cabinet de recrutement en mesure de trouver un commercial qualifi\u00e9.","robots":{"index":"index","follow":"follow","max-snippet":"max-snippet:-1","max-image-preview":"max-image-preview:large","max-video-preview":"max-video-preview:-1"},"canonical":"https:\/\/impactup.com\/en\/glossaire\/cabinet-de-recrutement-commercial-paris\/","og_locale":"en_US","og_type":"article","og_title":"Cabinet de recrutement commercial Paris - Se faire accompagner par un cabinet de recrutement de commercial \u00e0 Paris","og_description":"Trouver le bon commercial gr\u00e2ce \u00e0 un cabinet de recrutement \u00e0 Paris. ImpactUp est un cabinet de recrutement en mesure de trouver un commercial qualifi\u00e9.","og_url":"https:\/\/impactup.com\/en\/glossaire\/cabinet-de-recrutement-commercial-paris\/","og_site_name":"ImpactUp","article_modified_time":"2024-06-12T09:14:05+00:00","og_image":[{"width":1067,"height":600,"url":"https:\/\/impactup.com\/wp-content\/uploads\/2021\/01\/og.jpg","type":"image\/jpeg"}],"twitter_card":"summary_large_image","twitter_misc":{"Est. reading time":"7 minutes"},"schema":{"@context":"https:\/\/schema.org","@graph":[{"@type":"WebPage","@id":"https:\/\/impactup.com\/en\/glossaire\/cabinet-de-recrutement-commercial-paris\/","url":"https:\/\/impactup.com\/en\/glossaire\/cabinet-de-recrutement-commercial-paris\/","name":"Cabinet de recrutement commercial Paris - Se faire accompagner par un cabinet de recrutement de commercial \u00e0 Paris","isPartOf":{"@id":"https:\/\/impactup.com\/en\/#website"},"datePublished":"2024-06-10T08:22:33+00:00","dateModified":"2024-06-12T09:14:05+00:00","description":"Trouver le bon commercial gr\u00e2ce \u00e0 un cabinet de recrutement \u00e0 Paris. ImpactUp est un cabinet de recrutement en mesure de trouver un commercial qualifi\u00e9.","breadcrumb":{"@id":"https:\/\/impactup.com\/en\/glossaire\/cabinet-de-recrutement-commercial-paris\/#breadcrumb"},"inLanguage":"en-US","potentialAction":[{"@type":"ReadAction","target":["https:\/\/impactup.com\/en\/glossaire\/cabinet-de-recrutement-commercial-paris\/"]}]},{"@type":"BreadcrumbList","@id":"https:\/\/impactup.com\/en\/glossaire\/cabinet-de-recrutement-commercial-paris\/#breadcrumb","itemListElement":[{"@type":"ListItem","position":1,"name":"Accueil","item":"https:\/\/impactup.com\/en\/"},{"@type":"ListItem","position":2,"name":"Glossaire","item":"https:\/\/impactup.com\/en\/glossaire\/"},{"@type":"ListItem","position":3,"name":"Cabinet de recrutement ImpactUp \u00e0 Paris : un partenaire fiable pour trouver le bon commercial"}]},{"@type":"WebSite","@id":"https:\/\/impactup.com\/en\/#website","url":"https:\/\/impactup.com\/en\/","name":"ImpactUp","description":"Recrutement commerciaux, directions commerciales et fonctions marketing","potentialAction":[{"@type":"SearchAction","target":{"@type":"EntryPoint","urlTemplate":"https:\/\/impactup.com\/en\/?s={search_term_string}"},"query-input":{"@type":"PropertyValueSpecification","valueRequired":true,"valueName":"search_term_string"}}],"inLanguage":"en-US"}]}},"_links":{"self":[{"href":"https:\/\/impactup.com\/en\/wp-json\/wp\/v2\/pages\/25997","targetHints":{"allow":["GET"]}}],"collection":[{"href":"https:\/\/impactup.com\/en\/wp-json\/wp\/v2\/pages"}],"about":[{"href":"https:\/\/impactup.com\/en\/wp-json\/wp\/v2\/types\/page"}],"author":[{"embeddable":true,"href":"https:\/\/impactup.com\/en\/wp-json\/wp\/v2\/users\/4"}],"replies":[{"embeddable":true,"href":"https:\/\/impactup.com\/en\/wp-json\/wp\/v2\/comments?post=25997"}],"version-history":[{"count":6,"href":"https:\/\/impactup.com\/en\/wp-json\/wp\/v2\/pages\/25997\/revisions"}],"predecessor-version":[{"id":26465,"href":"https:\/\/impactup.com\/en\/wp-json\/wp\/v2\/pages\/25997\/revisions\/26465"}],"up":[{"embeddable":true,"href":"https:\/\/impactup.com\/en\/wp-json\/wp\/v2\/pages\/17218"}],"wp:attachment":[{"href":"https:\/\/impactup.com\/en\/wp-json\/wp\/v2\/media?parent=25997"}],"curies":[{"name":"wp","href":"https:\/\/api.w.org\/{rel}","templated":true}]}}