{"id":25981,"date":"2024-06-10T10:12:12","date_gmt":"2024-06-10T08:12:12","guid":{"rendered":"https:\/\/impactup.niou.dev\/?page_id=25981"},"modified":"2024-06-12T11:10:27","modified_gmt":"2024-06-12T09:10:27","slug":"cabinet-de-recrutement-commercial-de-terrain","status":"publish","type":"page","link":"https:\/\/impactup.com\/en\/glossaire\/cabinet-de-recrutement-commercial-de-terrain\/","title":{"rendered":"Confiez \u00e0 un cabinet de recrutement la recherche de votre futur commercial de terrain"},"content":{"rendered":"<div class=\"wpb-content-wrapper\"><p>[vc_row][vc_column width=&#8221;1\/3&#8243;][vc_btn title=&#8221;Voir notre offre&#8221; color=&#8221;secondarycolor&#8221; align=&#8221;center&#8221; css=&#8221;&#8221; link=&#8221;url:https%3A%2F%2Fimpactup.com%2Frecrutement%2F&#8221;][\/vc_column][vc_column width=&#8221;1\/3&#8243;][vc_btn title=&#8221;Confiez-nous votre projet&#8221; color=&#8221;secondarycolor&#8221; align=&#8221;center&#8221; css=&#8221;&#8221; link=&#8221;url:https%3A%2F%2Fimpactup.com%2Fetude-personnalisee%2F&#8221;][\/vc_column][vc_column width=&#8221;1\/3&#8243;][vc_btn title=&#8221;Contactez-nous&#8221; color=&#8221;secondarycolor&#8221; align=&#8221;center&#8221; css=&#8221;&#8221; link=&#8221;url:https%3A%2F%2Fimpactup.com%2Fcontact%2F&#8221;][\/vc_column][\/vc_row][vc_row css=&#8221;.vc_custom_1717658386032{padding-top: 40px !important;padding-bottom: 20px !important;}&#8221;][vc_column][vc_column_text css=&#8221;&#8221;]<\/p>\n<section style=\"text-align: justify;\">\n<h2>Confiez \u00e0 un cabinet de recrutement la recherche de votre futur commercial de terrain<\/h2>\n<p>Lorsque vous avez besoin d\u2019un nouveau <a href=\"https:\/\/impactup.com\/glossaire\/cabinet-de-recrutement-commercial-de-haut-niveau\"><strong>commercial de terrain , sollicitez un cabinet de recrutement<\/strong><\/a> . Vous aurez de meilleures chances de trouver le talent dont vous avez besoin, quelle que soit la ville ou la r\u00e9gion. Confiez vos besoins \u00e0 ImpactUp, sp\u00e9cialiste de l\u2019embauche de commerciaux itin\u00e9rants et b\u00e9n\u00e9ficiez de prestations rapides et de qualit\u00e9. Les consultants au sein d\u2019<strong>ImpactUP<\/strong> justifient d\u2019une solide exp\u00e9rience dans la recherche et le recrutement de profils de haut niveau et experts m\u00e9tiers) dans les fonctions commerciales et marketing, \u00e0 tous les postes-cl\u00e9s de l\u2019organisation. Les candidats peuvent compter sur des conseils personnalis\u00e9s d\u2019ImpactUP pour la r\u00e9ussite de leur vie professionnelle.<\/p>\n<\/section>\n<p>[\/vc_column_text][\/vc_column][\/vc_row][vc_row][vc_column width=&#8221;1\/3&#8243;][vc_btn title=&#8221;Voir notre offre&#8221; color=&#8221;secondarycolor&#8221; align=&#8221;center&#8221; css=&#8221;&#8221; link=&#8221;url:https%3A%2F%2Fimpactup.com%2Frecrutement%2F&#8221;][\/vc_column][vc_column width=&#8221;1\/3&#8243;][vc_btn title=&#8221;Confiez-nous votre projet&#8221; color=&#8221;secondarycolor&#8221; align=&#8221;center&#8221; css=&#8221;&#8221; link=&#8221;url:https%3A%2F%2Fimpactup.com%2Fetude-personnalisee%2F&#8221;][\/vc_column][vc_column width=&#8221;1\/3&#8243;][vc_btn title=&#8221;Contactez-nous&#8221; color=&#8221;secondarycolor&#8221; align=&#8221;center&#8221; css=&#8221;&#8221; link=&#8221;url:https%3A%2F%2Fimpactup.com%2Fcontact%2F&#8221;][\/vc_column][\/vc_row][vc_row css=&#8221;.vc_custom_1717658445522{padding-top: 40px !important;}&#8221;][vc_column][vc_column_text css=&#8221;&#8221;]<\/p>\n<section style=\"text-align: justify;\">\n<h2>Trouver des collaborateurs itin\u00e9rants n\u2019est pas facile<\/h2>\n<p>Si vous comptez prochainement faire vendre vos produits et services une autre ville ou dans une autre r\u00e9gion, il vous faudra trouver des collaborateurs comp\u00e9tents et efficaces pour prospecter et gagner du chaland dans les zones cibl\u00e9es. Or, la recherche de ces professionnels n\u2019est pas vraiment facile \u00e9tant donn\u00e9 la concurrence \u2013 les entreprises commerciales se multipliant actuellement \u00e0 grande vitesse ; elle le sera encore moins si vos produits ou services sont atypiques.<\/p>\n<p>La recherche de <a href=\"https:\/\/impactup.com\/glossaire\/cabinet-de-recrutement-commercial\"><strong>commercial de terrain sans le recours \u00e0 un cabinet de recrutement<\/strong><\/a> risque ainsi d\u2019\u00eatre quelque peu fastidieux. Avec ImpactUp toutefois, vous multipliez vos chances de tomber sur des perles rares \u00e0 m\u00eame d\u2019assurer ce type de poste avec s\u00e9rieux et efficacit\u00e9. L\u2019agence est actuellement pr\u00e9sente \u00e0 Paris, Lille, Nantes, Toulouse et Bordeaux.<\/p>\n<h2>En ce qui concerne le commercial de terrain<\/h2>\n<p>Le commercial de terrain constitue l\u2019une des principales forces de vente de l\u2019entreprise. Sa mission consiste \u00e0 prospecter, fid\u00e9liser la client\u00e8le et am\u00e9liorer la communication ainsi que l\u2019interaction avec cette derni\u00e8re. Pour ce faire, il doit entretenir une relation commerciale privil\u00e9gi\u00e9e, p\u00e9renne et ancr\u00e9e sous le signe de la confiance. Dans la m\u00eame foul\u00e9e, il doit assurer l\u2019atteinte des objectifs de vente fix\u00e9s par la hi\u00e9rarchie et optimiser son chiffre d\u2019affaires.<\/p>\n<p>M\u00eame en travaillant au sein d\u2019une entreprise, le commercial de terrain reste un travailleur mobile, il se d\u00e9place d\u2019un endroit \u00e0 l\u2019autre pour se rapprocher des clients et des prospects. Il organise lui-m\u00eame ses rendez-vous ainsi que son itin\u00e9raire. Il doit donc conna\u00eetre le march\u00e9 et les produits sur lesquels il faut intervenir. Outre la qualit\u00e9 de la prestation, ce professionnel doit \u00e9galement poss\u00e9der des capacit\u00e9s de n\u00e9gociation. En fait, son m\u00e9tier c\u2019est essentiellement de convaincre les clients.<\/p>\n<p>Compte tenu des enjeux que repr\u00e9sente le travail d\u2019un <a href=\"https:\/\/impactup.com\/glossaire\/cabinet-de-recrutement-commercial-b-b\"><strong>commercial de terrain, passer par un cabinet de recrutement<\/strong><\/a> semble \u00eatre la meilleure option pour les recruteurs en qu\u00eate du profil rare.<\/p>\n<h2>Pourquoi recourir au service d\u2019un cabinet de recrutement ?<\/h2>\n<p>Il n\u2019est pas toujours facile de trouver des personnes de confiance et comp\u00e9tentes pour assurer des fonctions commerciales au sein d\u2019une entreprise, notamment quand il s\u2019agit de professionnels itin\u00e9rants. Toutefois, s\u2019adresser \u00e0 un <strong>cabinet de recrutement<\/strong> se pr\u00e9sente comme la meilleure solution et la plus appropri\u00e9e si vous voulez conclure une bonne affaire en recrutant un \u00e9l\u00e9ment de valeur pour le poste de <strong>commercial de terrain<\/strong> .<\/p>\n<p>Une agence sp\u00e9cialis\u00e9e regroupe en effet des experts dans l\u2019art de d\u00e9nicher le profil id\u00e9al, bien souvent parce qu\u2019ils ont eux-m\u00eames occup\u00e9 une fonction \u00e9quivalente. Ils poss\u00e8dent donc toutes les comp\u00e9tences et l\u2019exp\u00e9rience requises pour proc\u00e9der \u00e0 la s\u00e9lection des candidatures r\u00e9pondant parfaitement aux besoins des recruteurs.<\/p>\n<p>Un cabinet de recrutement est aussi synonyme de gain de temps et d\u2019argent pour une entreprise. Vous b\u00e9n\u00e9ficierez en effet de l\u2019expertise de chasseurs de t\u00eates exp\u00e9riment\u00e9s. Certains cabinets peuvent aussi contribuer \u00e0 la r\u00e9solution de nombreux probl\u00e8mes d\u2019ordre strat\u00e9gique.<\/p>\n<p>De plus, l\u2019entreprise disposera d\u2019une certaine flexibilit\u00e9 en l\u00e9guant diverses t\u00e2ches chronophages telles que le tri des CV, l\u2019appel des candidats et surtout les premiers entretiens \u00e0 un prestataire qualifi\u00e9. Elle pourra ainsi se focaliser uniquement sur les candidats les plus int\u00e9ressants une fois le travail de s\u00e9lection pr\u00e9liminaire effectu\u00e9. Le recours \u00e0 un cabinet de recrutement comporte donc de nombreux avantages int\u00e9ressants.<\/p>\n<h2>ImpactUp : un cabinet de recrutement et un service r\u00e9pondant \u00e0 vos attentes<\/h2>\n<p>Fort de plus d\u2019une quinzaine d\u2019ann\u00e9es d\u2019expertise dans le domaine commercial et marketing, <a href=\"https:\/\/impactup.com\/\"><strong>ImpactUp<\/strong><\/a> est en mesure de r\u00e9pondre \u00e0 toutes vos demandes sp\u00e9cifiques.<\/p>\n<p>Nous pouvons vous accompagner dans l\u2019\u00e9laboration et la mise en place d\u2019une strat\u00e9gie marketing efficiente et nous sommes experts dans le d\u00e9veloppement commercial. Qu\u2019il s\u2019agisse de r\u00e9viser votre organisation, former ou motiver vos \u00e9quipes, d\u00e9finir des KPI ou encore organiser des s\u00e9ances de team building, nous sommes \u00e0 votre enti\u00e8re disposition.<\/p>\n<p>ImpactUP dispose d\u2019une offre de services compl\u00e8te pour doter rapidement les entreprises de nouveaux talents :<\/p>\n<ul>\n<li>un outil en ligne SaaS d\u2019\u00e9valuation qui permet de valider les comp\u00e9tences dans une langue \u00e9trang\u00e8re propos\u00e9 en collaboration avec Pipplet ;<\/li>\n<li>une plateforme d\u2019\u00e9valuation qui repose sur 4 gammes d\u2019outils : TalentInitial\u00ae, TalentAttitude\u00ae, TalentBusiness\u00ae et TalentRelation\u00ae.<\/li>\n<\/ul>\n<p>Nous sommes le partenaire incontournable de nombreuses entreprises et de diff\u00e9rentes nationalit\u00e9s, convaincues par notre professionnalisme.<\/p>\n<p>Si vous \u00eates \u00e0 la recherche d\u2019un <strong>cabinet sp\u00e9cialis\u00e9 pour le recrutement de commercial de terrain<\/strong> , nous avons la solution taill\u00e9e \u00e0 votre projet.<\/p>\n<\/section>\n<p>[\/vc_column_text][\/vc_column][\/vc_row]<\/p>\n<\/div>","protected":false},"excerpt":{"rendered":"<p>[vc_row][vc_column width=&#8221;1\/3&#8243;][vc_btn title=&#8221;Voir notre offre&#8221; color=&#8221;secondarycolor&#8221; align=&#8221;center&#8221; css=&#8221;&#8221; link=&#8221;url:https%3A%2F%2Fimpactup.com%2Frecrutement%2F&#8221;][\/vc_column][vc_column width=&#8221;1\/3&#8243;][vc_btn title=&#8221;Confiez-nous votre projet&#8221; color=&#8221;secondarycolor&#8221; align=&#8221;center&#8221; css=&#8221;&#8221; link=&#8221;url:https%3A%2F%2Fimpactup.com%2Fetude-personnalisee%2F&#8221;][\/vc_column][vc_column width=&#8221;1\/3&#8243;][vc_btn title=&#8221;Contactez-nous&#8221; color=&#8221;secondarycolor&#8221; align=&#8221;center&#8221; css=&#8221;&#8221; link=&#8221;url:https%3A%2F%2Fimpactup.com%2Fcontact%2F&#8221;][\/vc_column][\/vc_row][vc_row css=&#8221;.vc_custom_1717658386032{padding-top: 40px !important;padding-bottom: 20px !important;}&#8221;][vc_column][vc_column_text css=&#8221;&#8221;] Confiez \u00e0 un cabinet de recrutement la recherche de votre futur commercial de terrain Lorsque vous avez besoin d\u2019un nouveau commercial de terrain , sollicitez un [&hellip;]<\/p>\n","protected":false},"author":4,"featured_media":0,"parent":17218,"menu_order":0,"comment_status":"closed","ping_status":"closed","template":"","meta":{"_monsterinsights_skip_tracking":false,"_monsterinsights_sitenote_active":false,"_monsterinsights_sitenote_note":"","_monsterinsights_sitenote_category":0,"footnotes":""},"class_list":["post-25981","page","type-page","status-publish","hentry"],"yoast_head":"<!-- This site is optimized with the Yoast SEO plugin v27.0 - https:\/\/yoast.com\/product\/yoast-seo-wordpress\/ -->\n<title>Cabinet de recrutement de commercial de terrain<\/title>\n<meta name=\"description\" content=\"ImpactUp, un cabinet de recrutement de commercial de terrain de r\u00e9f\u00e9rence. ImpactUp est un cabinet de recrutement de commercial de terrain dont la r\u00e9putation n\u2019est plus \u00e0 faire.\" \/>\n<meta name=\"robots\" content=\"index, follow, max-snippet:-1, max-image-preview:large, max-video-preview:-1\" \/>\n<link rel=\"canonical\" href=\"https:\/\/impactup.com\/en\/glossaire\/cabinet-de-recrutement-commercial-de-terrain\/\" \/>\n<meta property=\"og:locale\" content=\"en_US\" \/>\n<meta property=\"og:type\" content=\"article\" \/>\n<meta property=\"og:title\" content=\"Cabinet de recrutement de commercial de terrain\" \/>\n<meta property=\"og:description\" content=\"ImpactUp, un cabinet de recrutement de commercial de terrain de r\u00e9f\u00e9rence. ImpactUp est un cabinet de recrutement de commercial de terrain dont la r\u00e9putation n\u2019est plus \u00e0 faire.\" \/>\n<meta property=\"og:url\" content=\"https:\/\/impactup.com\/en\/glossaire\/cabinet-de-recrutement-commercial-de-terrain\/\" \/>\n<meta property=\"og:site_name\" content=\"ImpactUp\" \/>\n<meta property=\"article:modified_time\" content=\"2024-06-12T09:10:27+00:00\" \/>\n<meta property=\"og:image\" content=\"https:\/\/impactup.com\/wp-content\/uploads\/2021\/01\/og.jpg\" \/>\n\t<meta property=\"og:image:width\" content=\"1067\" \/>\n\t<meta property=\"og:image:height\" content=\"600\" \/>\n\t<meta property=\"og:image:type\" content=\"image\/jpeg\" \/>\n<meta name=\"twitter:card\" content=\"summary_large_image\" \/>\n<meta name=\"twitter:label1\" content=\"Est. reading time\" \/>\n\t<meta name=\"twitter:data1\" content=\"5 minutes\" \/>\n<script type=\"application\/ld+json\" class=\"yoast-schema-graph\">{\"@context\":\"https:\/\/schema.org\",\"@graph\":[{\"@type\":\"WebPage\",\"@id\":\"https:\/\/impactup.com\/en\/glossaire\/cabinet-de-recrutement-commercial-de-terrain\/\",\"url\":\"https:\/\/impactup.com\/en\/glossaire\/cabinet-de-recrutement-commercial-de-terrain\/\",\"name\":\"Cabinet de recrutement de commercial de terrain\",\"isPartOf\":{\"@id\":\"https:\/\/impactup.com\/en\/#website\"},\"datePublished\":\"2024-06-10T08:12:12+00:00\",\"dateModified\":\"2024-06-12T09:10:27+00:00\",\"description\":\"ImpactUp, un cabinet de recrutement de commercial de terrain de r\u00e9f\u00e9rence. ImpactUp est un cabinet de recrutement de commercial de terrain dont la r\u00e9putation n\u2019est plus \u00e0 faire.\",\"breadcrumb\":{\"@id\":\"https:\/\/impactup.com\/en\/glossaire\/cabinet-de-recrutement-commercial-de-terrain\/#breadcrumb\"},\"inLanguage\":\"en-US\",\"potentialAction\":[{\"@type\":\"ReadAction\",\"target\":[\"https:\/\/impactup.com\/en\/glossaire\/cabinet-de-recrutement-commercial-de-terrain\/\"]}]},{\"@type\":\"BreadcrumbList\",\"@id\":\"https:\/\/impactup.com\/en\/glossaire\/cabinet-de-recrutement-commercial-de-terrain\/#breadcrumb\",\"itemListElement\":[{\"@type\":\"ListItem\",\"position\":1,\"name\":\"Accueil\",\"item\":\"https:\/\/impactup.com\/en\/\"},{\"@type\":\"ListItem\",\"position\":2,\"name\":\"Glossaire\",\"item\":\"https:\/\/impactup.com\/en\/glossaire\/\"},{\"@type\":\"ListItem\",\"position\":3,\"name\":\"Confiez \u00e0 un cabinet de recrutement la recherche de votre futur commercial de terrain\"}]},{\"@type\":\"WebSite\",\"@id\":\"https:\/\/impactup.com\/en\/#website\",\"url\":\"https:\/\/impactup.com\/en\/\",\"name\":\"ImpactUp\",\"description\":\"Recrutement commerciaux, directions commerciales et fonctions marketing\",\"potentialAction\":[{\"@type\":\"SearchAction\",\"target\":{\"@type\":\"EntryPoint\",\"urlTemplate\":\"https:\/\/impactup.com\/en\/?s={search_term_string}\"},\"query-input\":{\"@type\":\"PropertyValueSpecification\",\"valueRequired\":true,\"valueName\":\"search_term_string\"}}],\"inLanguage\":\"en-US\"}]}<\/script>\n<!-- \/ Yoast SEO plugin. -->","yoast_head_json":{"title":"Cabinet de recrutement de commercial de terrain","description":"ImpactUp, un cabinet de recrutement de commercial de terrain de r\u00e9f\u00e9rence. ImpactUp est un cabinet de recrutement de commercial de terrain dont la r\u00e9putation n\u2019est plus \u00e0 faire.","robots":{"index":"index","follow":"follow","max-snippet":"max-snippet:-1","max-image-preview":"max-image-preview:large","max-video-preview":"max-video-preview:-1"},"canonical":"https:\/\/impactup.com\/en\/glossaire\/cabinet-de-recrutement-commercial-de-terrain\/","og_locale":"en_US","og_type":"article","og_title":"Cabinet de recrutement de commercial de terrain","og_description":"ImpactUp, un cabinet de recrutement de commercial de terrain de r\u00e9f\u00e9rence. ImpactUp est un cabinet de recrutement de commercial de terrain dont la r\u00e9putation n\u2019est plus \u00e0 faire.","og_url":"https:\/\/impactup.com\/en\/glossaire\/cabinet-de-recrutement-commercial-de-terrain\/","og_site_name":"ImpactUp","article_modified_time":"2024-06-12T09:10:27+00:00","og_image":[{"width":1067,"height":600,"url":"https:\/\/impactup.com\/wp-content\/uploads\/2021\/01\/og.jpg","type":"image\/jpeg"}],"twitter_card":"summary_large_image","twitter_misc":{"Est. reading time":"5 minutes"},"schema":{"@context":"https:\/\/schema.org","@graph":[{"@type":"WebPage","@id":"https:\/\/impactup.com\/en\/glossaire\/cabinet-de-recrutement-commercial-de-terrain\/","url":"https:\/\/impactup.com\/en\/glossaire\/cabinet-de-recrutement-commercial-de-terrain\/","name":"Cabinet de recrutement de commercial de terrain","isPartOf":{"@id":"https:\/\/impactup.com\/en\/#website"},"datePublished":"2024-06-10T08:12:12+00:00","dateModified":"2024-06-12T09:10:27+00:00","description":"ImpactUp, un cabinet de recrutement de commercial de terrain de r\u00e9f\u00e9rence. ImpactUp est un cabinet de recrutement de commercial de terrain dont la r\u00e9putation n\u2019est plus \u00e0 faire.","breadcrumb":{"@id":"https:\/\/impactup.com\/en\/glossaire\/cabinet-de-recrutement-commercial-de-terrain\/#breadcrumb"},"inLanguage":"en-US","potentialAction":[{"@type":"ReadAction","target":["https:\/\/impactup.com\/en\/glossaire\/cabinet-de-recrutement-commercial-de-terrain\/"]}]},{"@type":"BreadcrumbList","@id":"https:\/\/impactup.com\/en\/glossaire\/cabinet-de-recrutement-commercial-de-terrain\/#breadcrumb","itemListElement":[{"@type":"ListItem","position":1,"name":"Accueil","item":"https:\/\/impactup.com\/en\/"},{"@type":"ListItem","position":2,"name":"Glossaire","item":"https:\/\/impactup.com\/en\/glossaire\/"},{"@type":"ListItem","position":3,"name":"Confiez \u00e0 un cabinet de recrutement la recherche de votre futur commercial de terrain"}]},{"@type":"WebSite","@id":"https:\/\/impactup.com\/en\/#website","url":"https:\/\/impactup.com\/en\/","name":"ImpactUp","description":"Recrutement commerciaux, directions commerciales et fonctions marketing","potentialAction":[{"@type":"SearchAction","target":{"@type":"EntryPoint","urlTemplate":"https:\/\/impactup.com\/en\/?s={search_term_string}"},"query-input":{"@type":"PropertyValueSpecification","valueRequired":true,"valueName":"search_term_string"}}],"inLanguage":"en-US"}]}},"_links":{"self":[{"href":"https:\/\/impactup.com\/en\/wp-json\/wp\/v2\/pages\/25981","targetHints":{"allow":["GET"]}}],"collection":[{"href":"https:\/\/impactup.com\/en\/wp-json\/wp\/v2\/pages"}],"about":[{"href":"https:\/\/impactup.com\/en\/wp-json\/wp\/v2\/types\/page"}],"author":[{"embeddable":true,"href":"https:\/\/impactup.com\/en\/wp-json\/wp\/v2\/users\/4"}],"replies":[{"embeddable":true,"href":"https:\/\/impactup.com\/en\/wp-json\/wp\/v2\/comments?post=25981"}],"version-history":[{"count":5,"href":"https:\/\/impactup.com\/en\/wp-json\/wp\/v2\/pages\/25981\/revisions"}],"predecessor-version":[{"id":26463,"href":"https:\/\/impactup.com\/en\/wp-json\/wp\/v2\/pages\/25981\/revisions\/26463"}],"up":[{"embeddable":true,"href":"https:\/\/impactup.com\/en\/wp-json\/wp\/v2\/pages\/17218"}],"wp:attachment":[{"href":"https:\/\/impactup.com\/en\/wp-json\/wp\/v2\/media?parent=25981"}],"curies":[{"name":"wp","href":"https:\/\/api.w.org\/{rel}","templated":true}]}}