{"id":25967,"date":"2024-06-10T10:00:47","date_gmt":"2024-06-10T08:00:47","guid":{"rendered":"https:\/\/impactup.niou.dev\/?page_id=25967"},"modified":"2025-06-02T15:08:43","modified_gmt":"2025-06-02T13:08:43","slug":"cabinet-de-recrutement-commercial-confirme","status":"publish","type":"page","link":"https:\/\/impactup.com\/en\/glossaire\/cabinet-de-recrutement-commercial-confirme\/","title":{"rendered":"Est-il n\u00e9cessaire de contacter un cabinet de recrutement pour trouver un commercial confirm\u00e9\u2009?"},"content":{"rendered":"<div class=\"wpb-content-wrapper\"><p>[vc_row][vc_column width=&#8221;1\/3&#8243;][vc_btn title=&#8221;Voir notre offre&#8221; color=&#8221;secondarycolor&#8221; align=&#8221;center&#8221; css=&#8221;&#8221; link=&#8221;url:https%3A%2F%2Fimpactup.com%2Frecrutement%2F&#8221;][\/vc_column][vc_column width=&#8221;1\/3&#8243;][vc_btn title=&#8221;Confiez-nous votre projet&#8221; color=&#8221;secondarycolor&#8221; align=&#8221;center&#8221; css=&#8221;&#8221; link=&#8221;url:https%3A%2F%2Fimpactup.com%2Fetude-personnalisee%2F&#8221;][\/vc_column][vc_column width=&#8221;1\/3&#8243;][vc_btn title=&#8221;Contactez-nous&#8221; color=&#8221;secondarycolor&#8221; align=&#8221;center&#8221; css=&#8221;&#8221; link=&#8221;url:https%3A%2F%2Fimpactup.com%2Fcontact%2F&#8221;][\/vc_column][\/vc_row][vc_row css=&#8221;.vc_custom_1717658386032{padding-top: 40px !important;padding-bottom: 20px !important;}&#8221;][vc_column][vc_column_text css=&#8221;&#8221;]<\/p>\n<h2><strong>Est-il n\u00e9cessaire de contacter un cabinet de recrutement pour trouver un commercial confirm\u00e9\u2009?<\/strong><\/h2>\n<p style=\"text-align: justify;\"><strong>ImpactUp<\/strong>, un <a href=\"https:\/\/impactup.com\/glossaire\/cabinet-de-recrutement-commercial\"><strong>cabinet de recrutement<\/strong> <strong>de commercial confirm\u00e9<\/strong><\/a> peut vous accompagner dans le processus d\u2019embauche d\u2019une \u00e9quipe de vente comp\u00e9tente pour d\u00e9nicher les meilleurs profils. Vous pouvez \u00eatre s\u00fbr de trouver la perle rare pour \u00e9toffer votre personnel en marketing. Gr\u00e2ce \u00e0 notre expertise, nous pouvons vous mettre en relation avec des candidats qualifi\u00e9s qui sauront r\u00e9pondre \u00e0 vos attentes.<\/p>\n<p>[\/vc_column_text][\/vc_column][\/vc_row][vc_row][vc_column width=&#8221;1\/3&#8243;][vc_btn title=&#8221;Voir notre offre&#8221; color=&#8221;secondarycolor&#8221; align=&#8221;center&#8221; css=&#8221;&#8221; link=&#8221;url:https%3A%2F%2Fimpactup.com%2Frecrutement%2F&#8221;][\/vc_column][vc_column width=&#8221;1\/3&#8243;][vc_btn title=&#8221;Confiez-nous votre projet&#8221; color=&#8221;secondarycolor&#8221; align=&#8221;center&#8221; css=&#8221;&#8221; link=&#8221;url:https%3A%2F%2Fimpactup.com%2Fetude-personnalisee%2F&#8221;][\/vc_column][vc_column width=&#8221;1\/3&#8243;][vc_btn title=&#8221;Contactez-nous&#8221; color=&#8221;secondarycolor&#8221; align=&#8221;center&#8221; css=&#8221;&#8221; link=&#8221;url:https%3A%2F%2Fimpactup.com%2Fcontact%2F&#8221;][\/vc_column][\/vc_row][vc_row css=&#8221;.vc_custom_1717658445522{padding-top: 40px !important;}&#8221;][vc_column][vc_column_text css=&#8221;&#8221;]<\/p>\n<h2 style=\"text-align: justify;\"><strong>Commercial confirm\u00e9\u00a0: une valeur ajout\u00e9e pour l\u2019entreprise<\/strong><\/h2>\n<p style=\"text-align: justify;\">Le commercial confirm\u00e9 est un professionnel des m\u00e9tiers de la vente et du commerce dont les missions touchent \u00e0 tout ce qui concerne l\u2019optimisation des ventes et la gestion des communications et des relations avec la client\u00e8le sur le terrain.<\/p>\n<p style=\"text-align: justify;\">En effet, son travail consiste non seulement \u00e0 r\u00e9aliser la prospection de nouveaux clients, mais \u00e9galement \u00e0 assurer la fid\u00e9lisation de la client\u00e8le d\u00e9j\u00e0 acquise par des services divers, des promotions et des offres compl\u00e9mentaires, et la culture de la proximit\u00e9.<\/p>\n<p style=\"text-align: justify;\">En outre, il s\u2019agit d\u2019un expert en vente qui est tenu d\u2019atteindre des objectifs fix\u00e9s par la direction des ventes de l\u2019entreprise. Il doit \u00eatre capable de s\u2019adapter aux particularit\u00e9s du march\u00e9 et de la client\u00e8le cibl\u00e9e et ma\u00eetriser le positionnement des produits apr\u00e8s de ces derniers.<\/p>\n<p style=\"text-align: justify;\">Le principal avantage avec un commercial confirm\u00e9 est qu\u2019il est imm\u00e9diatement op\u00e9rationnel une fois renseign\u00e9 sur les caract\u00e9ristiques et les sp\u00e9cificit\u00e9s des produits ou services de l\u2019entreprise. Aucun besoin de le former donc\u00a0: il maitrise parfaitement les rouages de l\u2019approche client et de la vente. D\u00e9nicher un commercial exp\u00e9riment\u00e9 est cependant loin d\u2019\u00eatre \u00e9vident\u00a0notamment en raison de la forte demande sur le march\u00e9.<\/p>\n<p style=\"text-align: justify;\">Par ailleurs, exp\u00e9rience rime avec r\u00e9mun\u00e9ration attractive, ce qui peut freiner certains employeurs. D\u00e8s lors, le recours \u00e0 un cabinet de recrutement sp\u00e9cialis\u00e9 comme <strong>ImpactUp<\/strong> \u00e0 m\u00eame de vous conseiller et vous accompagner est plus qu\u2019opportun.<\/p>\n<p style=\"text-align: justify;\">Compte tenu de la complexit\u00e9 et de la d\u00e9licatesse du travail du <strong><a href=\"https:\/\/impactup.com\/glossaire\/cabinet-de-recrutement-commercial-de-haut-niveau\">commercial confirm\u00e9<\/a>, <a href=\"https:\/\/impactup.com\/glossaire\/cabinet-de-recrutement-commercial-de-haut-niveau\">un<\/a><\/strong><a href=\"https:\/\/impactup.com\/glossaire\/cabinet-de-recrutement-commercial-de-haut-niveau\"> <strong>cabinet de recrutement<\/strong><\/a> sp\u00e9cialis\u00e9 se pr\u00e9sente comme la meilleure option pour son embauche.<\/p>\n<h2 style=\"text-align: justify;\"><strong>Recrutement de commerciaux confirm\u00e9s\u00a0: b\u00e9n\u00e9ficiez de l\u2019accompagnement d\u2019un expert<\/strong><\/h2>\n<p style=\"text-align: justify;\">Dans un contexte \u00e9conomique caract\u00e9ris\u00e9 par de fortes tensions sur le march\u00e9 du travail, recruter un cadre commercial aguerri devient un v\u00e9ritable d\u00e9fi pour les entreprises. Les profils qualifi\u00e9s sont rares, souvent tr\u00e8s sollicit\u00e9s, et les d\u00e9lais d\u2019embauche s\u2019allongent.<\/p>\n<p style=\"text-align: justify;\">Dans ces conditions, faire appel \u00e0 un <strong>cabinet<\/strong> <strong>sp\u00e9cialis\u00e9 dans le<\/strong> <strong>recrutement de commercial confirm\u00e9<\/strong> s\u2019av\u00e8re non seulement strat\u00e9gique, mais \u00e9galement indispensable pour optimiser vos chances de succ\u00e8s.<\/p>\n<p style=\"text-align: justify;\">Plut\u00f4t que de multiplier les annonces et de perdre un temps pr\u00e9cieux \u00e0 trier des candidatures peu adapt\u00e9es, confier cette mission \u00e0 un cabinet expert vous offre l\u2019opportunit\u00e9 d\u2019un acc\u00e8s rapide \u00e0 une base de talents d\u00e9j\u00e0 identifi\u00e9s et \u00e9valu\u00e9s.<\/p>\n<p style=\"text-align: justify;\">Gr\u00e2ce \u00e0 des outils de sourcing performants, les consultants sp\u00e9cialis\u00e9s peuvent aussi approcher directement des profils cibl\u00e9s, y compris ceux qui ne sont pas en recherche active d\u2019un emploi, une pratique courante dans les recrutements dits de \u00ab\u2009chasse de t\u00eate\u2009\u00bb.<\/p>\n<h2 style=\"text-align: justify;\"><strong>Pourquoi s\u2019appuyer sur un cabinet d\u00e9di\u00e9 aux fonctions commerciales\u2009?<\/strong><\/h2>\n<p style=\"text-align: justify;\">Faire appel \u00e0 un <strong>cabinet de recrutement confirm\u00e9 <\/strong>qui conna\u00eet parfaitement le m\u00e9tier de <strong>commercial<\/strong> permet de s\u00e9curiser l\u2019ensemble du processus, depuis l\u2019analyse du besoin jusqu\u2019\u00e0 l\u2019int\u00e9gration du futur collaborateur. Ce type de prestataire propose une approche structur\u00e9e et \u00e9prouv\u00e9e, fond\u00e9e sur la connaissance des attentes des recruteurs et des comp\u00e9tences cl\u00e9s \u00e0 \u00e9valuer chez un commercial exp\u00e9riment\u00e9.<\/p>\n<p style=\"text-align: justify;\">Un des avantages majeurs r\u00e9side dans le gain de temps. En amont, les candidats sont pr\u00e9qualifi\u00e9s par des consultants aguerris, capables de juger \u00e0 la fois du potentiel professionnel et de la compatibilit\u00e9 comportementale avec la culture d\u2019entreprise.<\/p>\n<p style=\"text-align: justify;\">L\u2019entretien initial est men\u00e9 par des experts et permet d\u2019estimer la motivation r\u00e9elle du candidat, son aisance relationnelle, sa capacit\u00e9 \u00e0 argumenter et \u00e0 n\u00e9gocier, autant de qualit\u00e9s indispensables pour r\u00e9ussir dans une fonction commerciale de haut niveau.<\/p>\n<p style=\"text-align: justify;\">En cas de m\u00e9thodes internes de recrutement sp\u00e9cifiques, les cabinets sont \u00e9galement capables de s\u2019y adapter. Ils peuvent int\u00e9grer vos processus personnalis\u00e9s tout en apportant leur propre regard expert sur les profils, ce qui garantit une s\u00e9lection \u00e0 la fois objective et align\u00e9e avec votre strat\u00e9gie RH.<\/p>\n<p style=\"text-align: justify;\">En outre, recourir \u00e0 un <a href=\"https:\/\/impactup.com\/glossaire\/cabinet-de-recrutement-commercial-nantes\"><strong>cabinet<\/strong> <strong>confirm\u00e9<\/strong> <strong>et sp\u00e9cialis\u00e9 dans le recrutement de profils<\/strong> <strong>commerciaux <\/strong><\/a>se traduit par de substantielles \u00e9conomies \u00e0 long terme, avec \u00e0 la cl\u00e9 une baisse du turnover, une meilleure int\u00e9gration des nouveaux collaborateurs et des r\u00e9sultats commerciaux significatifs. Les b\u00e9n\u00e9fices sont multiples. Certains cabinets vont m\u00eame jusqu\u2019\u00e0 vous accompagner dans l\u2019\u00e9laboration d\u2019une strat\u00e9gie commerciale ou dans la structuration de vos \u00e9quipes de vente.<\/p>\n<h2 style=\"text-align: justify;\"><strong>ImpactUp\u00a0: des sp\u00e9cialistes du recrutement commercial \u00e0 votre service<\/strong><\/h2>\n<p style=\"text-align: justify;\">Au sein du cabinet <strong>ImpactUp<\/strong>, nous mettons notre savoir-faire au service des entreprises qui souhaitent renforcer leurs \u00e9quipes commerciales avec des profils qualifi\u00e9s. Membre du groupe LRP, notre structure s\u2019appuie sur un r\u00e9seau national puissant et une expertise m\u00e9tier reconnue, particuli\u00e8rement dans le recrutement de commerciaux confirm\u00e9s.<\/p>\n<p style=\"text-align: justify;\">Nous disposons d\u00e9j\u00e0 d\u2019un vivier de talents soigneusement s\u00e9lectionn\u00e9s, pr\u00eats \u00e0 r\u00e9pondre \u00e0 vos besoins sp\u00e9cifiques. Si aucun de ces candidats ne correspond parfaitement \u00e0 votre cahier des charges, nous activons nos leviers de sourcing cibl\u00e9 pour aller chercher, sur le march\u00e9 actif ou passif, le profil qui fera la diff\u00e9rence dans votre \u00e9quipe.<\/p>\n<p style=\"text-align: justify;\">Nos consultants ma\u00eetrisent l\u2019univers des m\u00e9tiers commerciaux et marketing. Outre le <strong>recrutement de<\/strong> <strong>commercial confirm\u00e9<\/strong>, <strong>le cabinet<\/strong> intervient \u00e9galement sur des postes aussi vari\u00e9s que\u00a0:<\/p>\n<ul style=\"text-align: justify;\">\n<li>Responsable marketing digital\u2009;<\/li>\n<li>Marchandiseur(euse)\u2009;<\/li>\n<li>Ing\u00e9nieur(e) commercial(e)\u2009;<\/li>\n<li>D\u00e9l\u00e9gu\u00e9(e) commercial(e)\u2009;<\/li>\n<li>Business developer\u00a0;<\/li>\n<li>Category manager.<\/li>\n<\/ul>\n<p style=\"text-align: justify;\">Mais \u00e9galement sur des fonctions de direction ou \u00e0 haute responsabilit\u00e9\u00a0:<\/p>\n<ul style=\"text-align: justify;\">\n<li>Key account manager\u00a0;<\/li>\n<li>Directeur(trice) de magasin\u2009;<\/li>\n<li>Directeur(trice) de la relation client\u2009;<\/li>\n<li>Responsable de marque\u2009;<\/li>\n<li>Coordinateur(trice) commercial(e).<\/li>\n<\/ul>\n<p style=\"text-align: justify;\">Chaque mission est conduite selon un protocole rigoureux, avec un souci constant de qualit\u00e9 et de performance. Notre objectif est de devenir un v\u00e9ritable relais strat\u00e9gique pour les dirigeants, en leur apportant des r\u00e9ponses concr\u00e8tes \u00e0 leurs enjeux de croissance et de structuration.<\/p>\n<h2 style=\"text-align: justify;\"><strong>Des outils d\u2019\u00e9valuation avanc\u00e9s et un accompagnement \u00e0 360\u00b0<\/strong><\/h2>\n<p style=\"text-align: justify;\">Chez <strong>ImpactUp<\/strong>, notre d\u00e9marche repose sur des outils d\u2019\u00e9valuation reconnus qui combinent analyse des comp\u00e9tences, comportement professionnel et projection dans les missions attendues.<\/p>\n<p style=\"text-align: justify;\">Nous utilisons notamment une plateforme exclusive qui int\u00e8gre quatre modules compl\u00e9mentaires\u00a0:<\/p>\n<ul style=\"text-align: justify;\">\n<li>TalentRelation\u00ae pour mesurer les qualit\u00e9s relationnelles et la capacit\u00e9 \u00e0 travailler en \u00e9quipe\u2009;<\/li>\n<li>TalentBusiness\u00ae afin d\u2019\u00e9valuer les comp\u00e9tences orient\u00e9es r\u00e9sultats et les capacit\u00e9s \u00e0 conclure une vente\u2009;<\/li>\n<li>TalentAttitude\u00ae ax\u00e9 sur la posture professionnelle, la motivation et les valeurs\u2009;<\/li>\n<li>TalentInitial\u00ae pour v\u00e9rifier les acquis fondamentaux du candidat, notamment en situation de stress ou de prise de d\u00e9cision.<\/li>\n<\/ul>\n<p style=\"text-align: justify;\">En compl\u00e9ment, nous proposons une solution SaaS, d\u00e9velopp\u00e9e en partenariat avec Pipplet, permettant de valider les aptitudes linguistiques du candidat, en fran\u00e7ais ou en langue \u00e9trang\u00e8re. Cette fonctionnalit\u00e9 est particuli\u00e8rement utile pour les postes impliquant une \u00e9tendue internationale.<\/p>\n<p style=\"text-align: justify;\">Mais notre r\u00f4le ne s\u2019arr\u00eate pas \u00e0 la mise en relation entre l\u2019entreprise et le candidat. Nous offrons \u00e9galement un accompagnement sur mesure, notamment via du coaching personnalis\u00e9 pour les candidats en transition ou en \u00e9volution de carri\u00e8re. Cette dimension humaine renforce l\u2019impact de nos missions et permet une meilleure r\u00e9ussite de l\u2019int\u00e9gration.<\/p>\n<p style=\"text-align: justify;\">Enfin, nous intervenons en conseil strat\u00e9gique pour nos clients, en travaillant sur des axes, tels que l\u2019optimisation des forces de vente, la structuration de l\u2019organisation commerciale ou encore le management de la performance.<\/p>\n<h2 style=\"text-align: justify;\"><strong>Les avantages de choisir ImpactUp comme partenariat<\/strong><\/h2>\n<p style=\"text-align: justify;\">Les avantages de s\u2019offrir les services d\u2019<a href=\"https:\/\/impactup.com\/\"><strong>ImpactUp<\/strong><\/a> sont nombreux. Notre <strong>cabinet de recrutement de commercial confirm\u00e9<\/strong> met tout en \u0153uvre pour vous d\u00e9nicher un candidat comp\u00e9tent. Notre d\u00e9marche\u00a0: nous effectuons une \u00e9valuation d\u2019aptitudes du candidat pendant une dur\u00e9e d\u00e9termin\u00e9e. Si les performances ne sont pas \u00e0 la hauteur de vos attentes, nous d\u00e9duisons le cout en cons\u00e9quence.<\/p>\n<p style=\"text-align: justify;\">Pour mener \u00e0 bien les missions du commercial, <strong>ImpactUp<\/strong> peut participer \u00e0 l\u2019int\u00e9gration des recrues au sein d\u2019une entreprise. Nous pouvons accompagner les nouveaux talents et les coacher pendant les premiers mois. Gr\u00e2ce \u00e0 nos comp\u00e9tences avanc\u00e9es en commerce et marketing, nous disposons des moyens pour former les \u00e9lites dans une entreprise. Consultez ces compl\u00e9ments de services aupr\u00e8s de nos agences bas\u00e9es sur toute la France\u00a0: Paris, Toulouse, Nantes, Bordeaux, etc.<\/p>\n<p>[\/vc_column_text][\/vc_column][\/vc_row]<\/p>\n<\/div>","protected":false},"excerpt":{"rendered":"<p>[vc_row][vc_column width=&#8221;1\/3&#8243;][vc_btn title=&#8221;Voir notre offre&#8221; color=&#8221;secondarycolor&#8221; align=&#8221;center&#8221; css=&#8221;&#8221; link=&#8221;url:https%3A%2F%2Fimpactup.com%2Frecrutement%2F&#8221;][\/vc_column][vc_column width=&#8221;1\/3&#8243;][vc_btn title=&#8221;Confiez-nous votre projet&#8221; color=&#8221;secondarycolor&#8221; align=&#8221;center&#8221; css=&#8221;&#8221; link=&#8221;url:https%3A%2F%2Fimpactup.com%2Fetude-personnalisee%2F&#8221;][\/vc_column][vc_column width=&#8221;1\/3&#8243;][vc_btn title=&#8221;Contactez-nous&#8221; color=&#8221;secondarycolor&#8221; align=&#8221;center&#8221; css=&#8221;&#8221; link=&#8221;url:https%3A%2F%2Fimpactup.com%2Fcontact%2F&#8221;][\/vc_column][\/vc_row][vc_row css=&#8221;.vc_custom_1717658386032{padding-top: 40px !important;padding-bottom: 20px !important;}&#8221;][vc_column][vc_column_text css=&#8221;&#8221;] Est-il n\u00e9cessaire de contacter un cabinet de recrutement pour trouver un commercial confirm\u00e9\u2009? ImpactUp, un cabinet de recrutement de commercial confirm\u00e9 peut vous accompagner dans le [&hellip;]<\/p>\n","protected":false},"author":4,"featured_media":0,"parent":17218,"menu_order":0,"comment_status":"closed","ping_status":"closed","template":"","meta":{"_monsterinsights_skip_tracking":false,"_monsterinsights_sitenote_active":false,"_monsterinsights_sitenote_note":"","_monsterinsights_sitenote_category":0,"footnotes":""},"class_list":["post-25967","page","type-page","status-publish","hentry"],"yoast_head":"<!-- This site is optimized with the Yoast SEO plugin v27.0 - https:\/\/yoast.com\/product\/yoast-seo-wordpress\/ -->\n<title>Adressez-vous \u00e0 un cabinet exp\u00e9riment\u00e9 pour le recrutement d\u2019un commercial confirm\u00e9<\/title>\n<meta name=\"description\" content=\"Trouvez facilement et rapidement un commercial confirm\u00e9 avec l\u2019aide d\u2019un cabinet de recrutement sp\u00e9cialis\u00e9. En qu\u00eate d\u2019un commercial confirm\u00e9\u2009? ImpactUp est le cabinet de recrutement \u00e0 contacter pour acc\u00e9l\u00e9rer le processus d\u2019embauche.\" \/>\n<meta name=\"robots\" content=\"index, follow, max-snippet:-1, max-image-preview:large, max-video-preview:-1\" \/>\n<link rel=\"canonical\" href=\"https:\/\/impactup.com\/en\/glossaire\/cabinet-de-recrutement-commercial-confirme\/\" \/>\n<meta property=\"og:locale\" content=\"en_US\" \/>\n<meta property=\"og:type\" content=\"article\" \/>\n<meta property=\"og:title\" content=\"Adressez-vous \u00e0 un cabinet exp\u00e9riment\u00e9 pour le recrutement d\u2019un commercial confirm\u00e9\" \/>\n<meta property=\"og:description\" content=\"Trouvez facilement et rapidement un commercial confirm\u00e9 avec l\u2019aide d\u2019un cabinet de recrutement sp\u00e9cialis\u00e9. En qu\u00eate d\u2019un commercial confirm\u00e9\u2009? ImpactUp est le cabinet de recrutement \u00e0 contacter pour acc\u00e9l\u00e9rer le processus d\u2019embauche.\" \/>\n<meta property=\"og:url\" content=\"https:\/\/impactup.com\/en\/glossaire\/cabinet-de-recrutement-commercial-confirme\/\" \/>\n<meta property=\"og:site_name\" content=\"ImpactUp\" \/>\n<meta property=\"article:modified_time\" content=\"2025-06-02T13:08:43+00:00\" \/>\n<meta property=\"og:image\" content=\"https:\/\/impactup.com\/wp-content\/uploads\/2021\/01\/og.jpg\" \/>\n\t<meta property=\"og:image:width\" content=\"1067\" \/>\n\t<meta property=\"og:image:height\" content=\"600\" \/>\n\t<meta property=\"og:image:type\" content=\"image\/jpeg\" \/>\n<meta name=\"twitter:card\" content=\"summary_large_image\" \/>\n<meta name=\"twitter:label1\" content=\"Est. reading time\" \/>\n\t<meta name=\"twitter:data1\" content=\"5 minutes\" \/>\n<script type=\"application\/ld+json\" class=\"yoast-schema-graph\">{\"@context\":\"https:\/\/schema.org\",\"@graph\":[{\"@type\":\"WebPage\",\"@id\":\"https:\/\/impactup.com\/en\/glossaire\/cabinet-de-recrutement-commercial-confirme\/\",\"url\":\"https:\/\/impactup.com\/en\/glossaire\/cabinet-de-recrutement-commercial-confirme\/\",\"name\":\"Adressez-vous \u00e0 un cabinet exp\u00e9riment\u00e9 pour le recrutement d\u2019un commercial confirm\u00e9\",\"isPartOf\":{\"@id\":\"https:\/\/impactup.com\/en\/#website\"},\"datePublished\":\"2024-06-10T08:00:47+00:00\",\"dateModified\":\"2025-06-02T13:08:43+00:00\",\"description\":\"Trouvez facilement et rapidement un commercial confirm\u00e9 avec l\u2019aide d\u2019un cabinet de recrutement sp\u00e9cialis\u00e9. En qu\u00eate d\u2019un commercial confirm\u00e9\u2009? ImpactUp est le cabinet de recrutement \u00e0 contacter pour acc\u00e9l\u00e9rer le processus d\u2019embauche.\",\"breadcrumb\":{\"@id\":\"https:\/\/impactup.com\/en\/glossaire\/cabinet-de-recrutement-commercial-confirme\/#breadcrumb\"},\"inLanguage\":\"en-US\",\"potentialAction\":[{\"@type\":\"ReadAction\",\"target\":[\"https:\/\/impactup.com\/en\/glossaire\/cabinet-de-recrutement-commercial-confirme\/\"]}]},{\"@type\":\"BreadcrumbList\",\"@id\":\"https:\/\/impactup.com\/en\/glossaire\/cabinet-de-recrutement-commercial-confirme\/#breadcrumb\",\"itemListElement\":[{\"@type\":\"ListItem\",\"position\":1,\"name\":\"Accueil\",\"item\":\"https:\/\/impactup.com\/en\/\"},{\"@type\":\"ListItem\",\"position\":2,\"name\":\"Glossaire\",\"item\":\"https:\/\/impactup.com\/en\/glossaire\/\"},{\"@type\":\"ListItem\",\"position\":3,\"name\":\"Est-il n\u00e9cessaire de contacter un cabinet de recrutement pour trouver un commercial confirm\u00e9\u2009?\"}]},{\"@type\":\"WebSite\",\"@id\":\"https:\/\/impactup.com\/en\/#website\",\"url\":\"https:\/\/impactup.com\/en\/\",\"name\":\"ImpactUp\",\"description\":\"Recrutement commerciaux, directions commerciales et fonctions marketing\",\"potentialAction\":[{\"@type\":\"SearchAction\",\"target\":{\"@type\":\"EntryPoint\",\"urlTemplate\":\"https:\/\/impactup.com\/en\/?s={search_term_string}\"},\"query-input\":{\"@type\":\"PropertyValueSpecification\",\"valueRequired\":true,\"valueName\":\"search_term_string\"}}],\"inLanguage\":\"en-US\"}]}<\/script>\n<!-- \/ Yoast SEO plugin. -->","yoast_head_json":{"title":"Adressez-vous \u00e0 un cabinet exp\u00e9riment\u00e9 pour le recrutement d\u2019un commercial confirm\u00e9","description":"Trouvez facilement et rapidement un commercial confirm\u00e9 avec l\u2019aide d\u2019un cabinet de recrutement sp\u00e9cialis\u00e9. En qu\u00eate d\u2019un commercial confirm\u00e9\u2009? ImpactUp est le cabinet de recrutement \u00e0 contacter pour acc\u00e9l\u00e9rer le processus d\u2019embauche.","robots":{"index":"index","follow":"follow","max-snippet":"max-snippet:-1","max-image-preview":"max-image-preview:large","max-video-preview":"max-video-preview:-1"},"canonical":"https:\/\/impactup.com\/en\/glossaire\/cabinet-de-recrutement-commercial-confirme\/","og_locale":"en_US","og_type":"article","og_title":"Adressez-vous \u00e0 un cabinet exp\u00e9riment\u00e9 pour le recrutement d\u2019un commercial confirm\u00e9","og_description":"Trouvez facilement et rapidement un commercial confirm\u00e9 avec l\u2019aide d\u2019un cabinet de recrutement sp\u00e9cialis\u00e9. En qu\u00eate d\u2019un commercial confirm\u00e9\u2009? ImpactUp est le cabinet de recrutement \u00e0 contacter pour acc\u00e9l\u00e9rer le processus d\u2019embauche.","og_url":"https:\/\/impactup.com\/en\/glossaire\/cabinet-de-recrutement-commercial-confirme\/","og_site_name":"ImpactUp","article_modified_time":"2025-06-02T13:08:43+00:00","og_image":[{"width":1067,"height":600,"url":"https:\/\/impactup.com\/wp-content\/uploads\/2021\/01\/og.jpg","type":"image\/jpeg"}],"twitter_card":"summary_large_image","twitter_misc":{"Est. reading time":"5 minutes"},"schema":{"@context":"https:\/\/schema.org","@graph":[{"@type":"WebPage","@id":"https:\/\/impactup.com\/en\/glossaire\/cabinet-de-recrutement-commercial-confirme\/","url":"https:\/\/impactup.com\/en\/glossaire\/cabinet-de-recrutement-commercial-confirme\/","name":"Adressez-vous \u00e0 un cabinet exp\u00e9riment\u00e9 pour le recrutement d\u2019un commercial confirm\u00e9","isPartOf":{"@id":"https:\/\/impactup.com\/en\/#website"},"datePublished":"2024-06-10T08:00:47+00:00","dateModified":"2025-06-02T13:08:43+00:00","description":"Trouvez facilement et rapidement un commercial confirm\u00e9 avec l\u2019aide d\u2019un cabinet de recrutement sp\u00e9cialis\u00e9. En qu\u00eate d\u2019un commercial confirm\u00e9\u2009? ImpactUp est le cabinet de recrutement \u00e0 contacter pour acc\u00e9l\u00e9rer le processus d\u2019embauche.","breadcrumb":{"@id":"https:\/\/impactup.com\/en\/glossaire\/cabinet-de-recrutement-commercial-confirme\/#breadcrumb"},"inLanguage":"en-US","potentialAction":[{"@type":"ReadAction","target":["https:\/\/impactup.com\/en\/glossaire\/cabinet-de-recrutement-commercial-confirme\/"]}]},{"@type":"BreadcrumbList","@id":"https:\/\/impactup.com\/en\/glossaire\/cabinet-de-recrutement-commercial-confirme\/#breadcrumb","itemListElement":[{"@type":"ListItem","position":1,"name":"Accueil","item":"https:\/\/impactup.com\/en\/"},{"@type":"ListItem","position":2,"name":"Glossaire","item":"https:\/\/impactup.com\/en\/glossaire\/"},{"@type":"ListItem","position":3,"name":"Est-il n\u00e9cessaire de contacter un cabinet de recrutement pour trouver un commercial confirm\u00e9\u2009?"}]},{"@type":"WebSite","@id":"https:\/\/impactup.com\/en\/#website","url":"https:\/\/impactup.com\/en\/","name":"ImpactUp","description":"Recrutement commerciaux, directions commerciales et fonctions marketing","potentialAction":[{"@type":"SearchAction","target":{"@type":"EntryPoint","urlTemplate":"https:\/\/impactup.com\/en\/?s={search_term_string}"},"query-input":{"@type":"PropertyValueSpecification","valueRequired":true,"valueName":"search_term_string"}}],"inLanguage":"en-US"}]}},"_links":{"self":[{"href":"https:\/\/impactup.com\/en\/wp-json\/wp\/v2\/pages\/25967","targetHints":{"allow":["GET"]}}],"collection":[{"href":"https:\/\/impactup.com\/en\/wp-json\/wp\/v2\/pages"}],"about":[{"href":"https:\/\/impactup.com\/en\/wp-json\/wp\/v2\/types\/page"}],"author":[{"embeddable":true,"href":"https:\/\/impactup.com\/en\/wp-json\/wp\/v2\/users\/4"}],"replies":[{"embeddable":true,"href":"https:\/\/impactup.com\/en\/wp-json\/wp\/v2\/comments?post=25967"}],"version-history":[{"count":7,"href":"https:\/\/impactup.com\/en\/wp-json\/wp\/v2\/pages\/25967\/revisions"}],"predecessor-version":[{"id":29679,"href":"https:\/\/impactup.com\/en\/wp-json\/wp\/v2\/pages\/25967\/revisions\/29679"}],"up":[{"embeddable":true,"href":"https:\/\/impactup.com\/en\/wp-json\/wp\/v2\/pages\/17218"}],"wp:attachment":[{"href":"https:\/\/impactup.com\/en\/wp-json\/wp\/v2\/media?parent=25967"}],"curies":[{"name":"wp","href":"https:\/\/api.w.org\/{rel}","templated":true}]}}