{"id":25959,"date":"2024-06-10T09:54:32","date_gmt":"2024-06-10T07:54:32","guid":{"rendered":"https:\/\/impactup.niou.dev\/?page_id=25959"},"modified":"2024-06-12T11:05:22","modified_gmt":"2024-06-12T09:05:22","slug":"cabinet-de-recrutement-commercial-b-b","status":"publish","type":"page","link":"https:\/\/impactup.com\/en\/glossaire\/cabinet-de-recrutement-commercial-b-b\/","title":{"rendered":"Recrutement commercial B to B avec l\u2019aide du cabinet ImpactUp"},"content":{"rendered":"<div class=\"wpb-content-wrapper\"><p>[vc_row][vc_column width=&#8221;1\/3&#8243;][vc_btn title=&#8221;Voir notre offre&#8221; color=&#8221;secondarycolor&#8221; align=&#8221;center&#8221; css=&#8221;&#8221; link=&#8221;url:https%3A%2F%2Fimpactup.com%2Frecrutement%2F&#8221;][\/vc_column][vc_column width=&#8221;1\/3&#8243;][vc_btn title=&#8221;Confiez-nous votre projet&#8221; color=&#8221;secondarycolor&#8221; align=&#8221;center&#8221; css=&#8221;&#8221; link=&#8221;url:https%3A%2F%2Fimpactup.com%2Fetude-personnalisee%2F&#8221;][\/vc_column][vc_column width=&#8221;1\/3&#8243;][vc_btn title=&#8221;Contactez-nous&#8221; color=&#8221;secondarycolor&#8221; align=&#8221;center&#8221; css=&#8221;&#8221; link=&#8221;url:https%3A%2F%2Fimpactup.com%2Fcontact%2F&#8221;][\/vc_column][\/vc_row][vc_row css=&#8221;.vc_custom_1717658386032{padding-top: 40px !important;padding-bottom: 20px !important;}&#8221;][vc_column][vc_column_text css=&#8221;&#8221;]<\/p>\n<section style=\"text-align: justify;\">\n<h2><strong>Recrutement commercial B to B avec l\u2019aide du cabinet ImpactUp<\/strong><\/h2>\n<p>Le <a href=\"https:\/\/impactup.com\/glossaire\/cabinet-de-recrutement-directeur-commercial-b-b\"><strong>recrutement commercial B to B<\/strong><\/a> est l\u2019une des sp\u00e9cialit\u00e9s du <a href=\"https:\/\/impactup.com\/glossaire\/cabinet-de-recrutement-directeur-commercial-b-b\"><strong>cabinet<\/strong><\/a> <strong>ImpactUp<\/strong>. En lui confiant la recherche et l\u2019\u00e9valuation des candidats, vous \u00eates s\u00fbrs de trouver les profils les plus adapt\u00e9s \u00e0 ce poste, et ce, dans les meilleurs d\u00e9lais. ImpactUP est un <strong>cabinet<\/strong> reconnu des entreprises pour son efficacit\u00e9 dans le ciblage et le recrutement de talents confirm\u00e9s et d\u2019experts m\u00e9tiers sur des p\u00f4les d\u2019expertise li\u00e9s au marketing et au commerce : responsable de promotion des ventes, ing\u00e9nieur commercial, marchandiseur(euse), d\u00e9l\u00e9gu\u00e9 commercial, business developer, responsable webmarketing, category manager, et \u00e0 toutes les fonctions strat\u00e9giques de l\u2019entreprise : directeur(trice) de magasin, sales administrator, key account manager, directeur(trice) de marque, directeur(trice) commercial(e) et bien d\u2019autres encore.<\/p>\n<\/section>\n<p>[\/vc_column_text][\/vc_column][\/vc_row][vc_row][vc_column width=&#8221;1\/3&#8243;][vc_btn title=&#8221;Voir notre offre&#8221; color=&#8221;secondarycolor&#8221; align=&#8221;center&#8221; css=&#8221;&#8221; link=&#8221;url:https%3A%2F%2Fimpactup.com%2Frecrutement%2F&#8221;][\/vc_column][vc_column width=&#8221;1\/3&#8243;][vc_btn title=&#8221;Confiez-nous votre projet&#8221; color=&#8221;secondarycolor&#8221; align=&#8221;center&#8221; css=&#8221;&#8221; link=&#8221;url:https%3A%2F%2Fimpactup.com%2Fetude-personnalisee%2F&#8221;][\/vc_column][vc_column width=&#8221;1\/3&#8243;][vc_btn title=&#8221;Contactez-nous&#8221; color=&#8221;secondarycolor&#8221; align=&#8221;center&#8221; css=&#8221;&#8221; link=&#8221;url:https%3A%2F%2Fimpactup.com%2Fcontact%2F&#8221;][\/vc_column][\/vc_row][vc_row css=&#8221;.vc_custom_1717658445522{padding-top: 40px !important;}&#8221;][vc_column][vc_column_text css=&#8221;&#8221;]<\/p>\n<section style=\"text-align: justify;\">\n<h2 class=\"wp-block-heading\">R ecrutement commercial B to B : pourquoi faire appel \u00e0 un cabinet sp\u00e9cialis\u00e9 ?<\/h2>\n<p>Prospecter pour acqu\u00e9rir de nouveaux clients et fid\u00e9liser les clients d\u00e9j\u00e0 acquis, assurer la communication avec ces derniers par l\u2019\u00e9coute et les services divers, optimiser les ventes\u2026 sont dans majorit\u00e9 des cas les principales missions qui reviennent \u00e0 un commercial classique. Celles du <strong>commercial B to B<\/strong> ne diff\u00e8rent que dans le fait que ses clients seront les entreprises, ce qui les rend un peu plus complexes et d\u00e9licates.<\/p>\n<p>Le <strong>commercial B to B<\/strong> est un chainon essentiel dans l\u2019organigramme de l\u2019entreprise. C\u2019est \u00e0 lui que revient la charge d\u2019organiser tout le processus de vente, de la prospection commerciale jusqu\u2019\u00e0 la signature du contrat. Pour ce faire, le <strong>commercial B to B<\/strong> s\u00e9lectionne dans un premier temps les clients potentiels susceptibles d\u2019\u00eatre int\u00e9ress\u00e9s par les produits ou services de son entreprise. La prochaine \u00e9tape consiste \u00e0 d\u00e9marcher ces prospects, c\u2019est-\u00e0-dire \u00e0 identifier les personnes d\u00e9cisionnaires et \u00e0 obtenir des rendez-vous. Il va de soi que pers\u00e9v\u00e9rance et force de persuasion sont des qualit\u00e9s indispensables pour exercer ce m\u00e9tier.<\/p>\n<p>Compte tenu des enjeux de ses comp\u00e9tences et de son efficacit\u00e9 d\u2019une part, et du profil requis d\u2019autre part, il ne sera pas facile de trouver un <a href=\"https:\/\/impactup.com\/glossaire\/cabinet-de-recrutement-ing%c3%a9nieur-commercial-b-b\"><strong>commercial B to B sans l\u2019aide d\u2019un cabinet de recrutement<\/strong><\/a> sp\u00e9cialis\u00e9. Et pour cause, les recruteurs sp\u00e9cialis\u00e9s comme <strong>ImpactUp<\/strong> ont l\u2019expertise et les comp\u00e9tences n\u00e9cessaires pour rechercher, \u00e9valuer et trier les les profils les plus adapt\u00e9s.<\/p>\n<p>Par ailleurs, cette solution vous \u00e9vitera d\u2019avoir \u00e0 vous occuper d\u2019une campagne de recrutement qui risque d\u2019\u00eatre aussi chronophage que fastidieuse compte tenu des multiples t\u00e2ches y aff\u00e9rentes et du savoir-faire n\u00e9cessaire pour assurer le succ\u00e8s des recherches effectu\u00e9es.<\/p>\n<h2 class=\"wp-block-heading\">Recrutement rapide de commercial B to B avec Impactup<\/h2>\n<p>Le cabinet de recrutement <a href=\"https:\/\/impactup.com\/\"><strong>Impactup<\/strong><\/a> pourra trouver le <strong>commercial B to B<\/strong> qu\u2019il vous faut. Nos recruteurs sont des sp\u00e9cialistes de la recherche et de l\u2019embauche de cadres et d\u2019agents commerciaux de haut niveau. En cas de besoin urgent ou d\u2019\u00e9chec des techniques de <strong>recrutement<\/strong> habituelles, ils peuvent endosser le r\u00f4le de chasseur de t\u00eates.<\/p>\n<p>En nous confiant votre projet, vous \u00eates assur\u00e9 de trouver le bon candidat dans les meilleurs d\u00e9lais. En effet, nous pouvons nous pr\u00e9valoir d\u2019une vingtaine d\u2019ann\u00e9es d\u2019exp\u00e9rience r\u00e9ussie dans notre m\u00e9tier. Leader dans notre domaine, nous sommes le partenaire qu\u2019il vous faut si vous avez besoin d\u2019un accompagnement dans le cadre de missions de recrutement et de conseil.<\/p>\n<p>Nous disposons en effet d\u2019une \u00e9quipe de consultants, issus des fonctions commerciales ; elle intervient en amont et en aval pour optimiser le processus de recrutement. D\u2019ailleurs, un sp\u00e9cialiste du recrutement peut vous faire \u00e9conomiser du temps. Certaines agences dot\u00e9es d\u2019experts en strat\u00e9gie d\u2019entreprise disposent \u00e9galement de consultants aptes \u00e0 r\u00e9soudre des probl\u00e9matiques strat\u00e9giques plus complexes.<\/p>\n<p>Fort de plusieurs ann\u00e9es d\u2019exp\u00e9riences r\u00e9ussies dans ce domaine, notre cabinet a d\u00e9velopp\u00e9 avec des entreprises de renom, PME et grands comptes, une collaboration p\u00e9renne et fructueuse. Des entreprises de grande envergure de diff\u00e9rentes nationalit\u00e9s nous font d&#8217;ailleurs confiance, convaincues par notre professionnalisme.<\/p>\n<h2 class=\"wp-block-heading\">La d\u00e9marche qu\u2019Impactup va suivre<\/h2>\n<p>Notre approche dans un premier temps c\u2019est de d\u00e9finir avec vous le profil cible. Une fois que celui-ci est dress\u00e9, nos consultants experts effectuent des recherches dans leur base de donn\u00e9es et aupr\u00e8s des r\u00e9seaux partenaires. L\u2019\u00e9tape suivante consiste \u00e0 s\u00e9lectionner les dossiers les plus probants en vue d\u2019identifier le candidat ayant le potentiel le plus \u00e9lev\u00e9. Une \u00e9valuation pr\u00e9alable des postulants permet \u00e0 nos recruteurs de d\u00e9terminer les profils qui correspondent au mieux \u00e0 vos attentes. Bien \u00e9videmment, vous \u00eates tenu au courant de toutes les \u00e9tapes dans le processus de recrutement.<\/p>\n<p><strong>ImpactUP<\/strong> propose une large gamme de prestations pour r\u00e9pondre \u00e0 toutes les probl\u00e9matiques des dirigeants d\u2019entreprises en mati\u00e8re de ressources humaines :<\/p>\n<ul>\n<li>une plateforme d\u2019\u00e9valuation qui comporte 4 types d\u2019outils : TalentBusiness\u00ae, TalentInitial\u00ae, TalentRelation\u00ae et TalentAttitude\u00ae ;<\/li>\n<li>un outil en ligne SaaS d&#8217;\u00e9valuation propos\u00e9 en collaboration avec Pipplet qui permet de v\u00e9rifier les comp\u00e9tences dans une langue \u00e9trang\u00e8re et de d\u00e9velopper ses capacit\u00e9s linguistiques.<\/li>\n<\/ul>\n<p>Le cabinet de recrutement <strong>Impactup<\/strong> est le prestataire qu\u2019il vous faut pour trouver vos commerciaux B to B . N\u2019attendez plus pour nous contacter : nous sommes \u00e0 m\u00eame de r\u00e9pondre \u00e0 vos besoins de <a href=\"https:\/\/impactup.com\/glossaire\/cabinet-de-recrutement-technico-commercial-b-b\"><strong>recrutement de commerciaux B to B<\/strong><\/a> , que ce soit de fa\u00e7on ponctuelle ou r\u00e9currente.<\/p>\n<p>Pour de plus amples informations, n\u2019h\u00e9sitez pas \u00e0 nous contacter par mail ou par t\u00e9l\u00e9phone.<br \/>\nPour leur part, les candidats peuvent compter sur nos conseils personnalis\u00e9s dans ce moment cl\u00e9 de leur parcours professionnel.<\/p>\n<\/section>\n<p>[\/vc_column_text][\/vc_column][\/vc_row]<\/p>\n<\/div>","protected":false},"excerpt":{"rendered":"<p>[vc_row][vc_column width=&#8221;1\/3&#8243;][vc_btn title=&#8221;Voir notre offre&#8221; color=&#8221;secondarycolor&#8221; align=&#8221;center&#8221; css=&#8221;&#8221; link=&#8221;url:https%3A%2F%2Fimpactup.com%2Frecrutement%2F&#8221;][\/vc_column][vc_column width=&#8221;1\/3&#8243;][vc_btn title=&#8221;Confiez-nous votre projet&#8221; color=&#8221;secondarycolor&#8221; align=&#8221;center&#8221; css=&#8221;&#8221; link=&#8221;url:https%3A%2F%2Fimpactup.com%2Fetude-personnalisee%2F&#8221;][\/vc_column][vc_column width=&#8221;1\/3&#8243;][vc_btn title=&#8221;Contactez-nous&#8221; color=&#8221;secondarycolor&#8221; align=&#8221;center&#8221; css=&#8221;&#8221; link=&#8221;url:https%3A%2F%2Fimpactup.com%2Fcontact%2F&#8221;][\/vc_column][\/vc_row][vc_row css=&#8221;.vc_custom_1717658386032{padding-top: 40px !important;padding-bottom: 20px !important;}&#8221;][vc_column][vc_column_text css=&#8221;&#8221;] Recrutement commercial B to B avec l\u2019aide du cabinet ImpactUp Le recrutement commercial B to B est l\u2019une des sp\u00e9cialit\u00e9s du cabinet ImpactUp. En lui confiant [&hellip;]<\/p>\n","protected":false},"author":4,"featured_media":0,"parent":17218,"menu_order":0,"comment_status":"closed","ping_status":"closed","template":"","meta":{"_monsterinsights_skip_tracking":false,"_monsterinsights_sitenote_active":false,"_monsterinsights_sitenote_note":"","_monsterinsights_sitenote_category":0,"footnotes":""},"class_list":["post-25959","page","type-page","status-publish","hentry"],"yoast_head":"<!-- This site is optimized with the Yoast SEO plugin v27.0 - https:\/\/yoast.com\/product\/yoast-seo-wordpress\/ -->\n<title>R\u00e9ussir votre recrutement commercial B to B avec un cabinet sp\u00e9cialis\u00e9<\/title>\n<meta name=\"description\" content=\"Le cabinet ImpactUp assure la r\u00e9ussite de votre recrutement commercial B to B. Notre cabinet est sp\u00e9cialiste du recrutement commercial B to B.\" \/>\n<meta name=\"robots\" content=\"index, follow, max-snippet:-1, max-image-preview:large, max-video-preview:-1\" \/>\n<link rel=\"canonical\" href=\"https:\/\/impactup.com\/en\/glossaire\/cabinet-de-recrutement-commercial-b-b\/\" \/>\n<meta property=\"og:locale\" content=\"en_US\" \/>\n<meta property=\"og:type\" content=\"article\" \/>\n<meta property=\"og:title\" content=\"R\u00e9ussir votre recrutement commercial B to B avec un cabinet sp\u00e9cialis\u00e9\" \/>\n<meta property=\"og:description\" content=\"Le cabinet ImpactUp assure la r\u00e9ussite de votre recrutement commercial B to B. Notre cabinet est sp\u00e9cialiste du recrutement commercial B to B.\" \/>\n<meta property=\"og:url\" content=\"https:\/\/impactup.com\/en\/glossaire\/cabinet-de-recrutement-commercial-b-b\/\" \/>\n<meta property=\"og:site_name\" content=\"ImpactUp\" \/>\n<meta property=\"article:modified_time\" content=\"2024-06-12T09:05:22+00:00\" \/>\n<meta property=\"og:image\" content=\"https:\/\/impactup.com\/wp-content\/uploads\/2021\/01\/og.jpg\" \/>\n\t<meta property=\"og:image:width\" content=\"1067\" \/>\n\t<meta property=\"og:image:height\" content=\"600\" \/>\n\t<meta property=\"og:image:type\" content=\"image\/jpeg\" \/>\n<meta name=\"twitter:card\" content=\"summary_large_image\" \/>\n<meta name=\"twitter:label1\" content=\"Est. reading time\" \/>\n\t<meta name=\"twitter:data1\" content=\"5 minutes\" \/>\n<script type=\"application\/ld+json\" class=\"yoast-schema-graph\">{\"@context\":\"https:\/\/schema.org\",\"@graph\":[{\"@type\":\"WebPage\",\"@id\":\"https:\/\/impactup.com\/en\/glossaire\/cabinet-de-recrutement-commercial-b-b\/\",\"url\":\"https:\/\/impactup.com\/en\/glossaire\/cabinet-de-recrutement-commercial-b-b\/\",\"name\":\"R\u00e9ussir votre recrutement commercial B to B avec un cabinet sp\u00e9cialis\u00e9\",\"isPartOf\":{\"@id\":\"https:\/\/impactup.com\/en\/#website\"},\"datePublished\":\"2024-06-10T07:54:32+00:00\",\"dateModified\":\"2024-06-12T09:05:22+00:00\",\"description\":\"Le cabinet ImpactUp assure la r\u00e9ussite de votre recrutement commercial B to B. Notre cabinet est sp\u00e9cialiste du recrutement commercial B to B.\",\"breadcrumb\":{\"@id\":\"https:\/\/impactup.com\/en\/glossaire\/cabinet-de-recrutement-commercial-b-b\/#breadcrumb\"},\"inLanguage\":\"en-US\",\"potentialAction\":[{\"@type\":\"ReadAction\",\"target\":[\"https:\/\/impactup.com\/en\/glossaire\/cabinet-de-recrutement-commercial-b-b\/\"]}]},{\"@type\":\"BreadcrumbList\",\"@id\":\"https:\/\/impactup.com\/en\/glossaire\/cabinet-de-recrutement-commercial-b-b\/#breadcrumb\",\"itemListElement\":[{\"@type\":\"ListItem\",\"position\":1,\"name\":\"Accueil\",\"item\":\"https:\/\/impactup.com\/en\/\"},{\"@type\":\"ListItem\",\"position\":2,\"name\":\"Glossaire\",\"item\":\"https:\/\/impactup.com\/en\/glossaire\/\"},{\"@type\":\"ListItem\",\"position\":3,\"name\":\"Recrutement commercial B to B avec l\u2019aide du cabinet ImpactUp\"}]},{\"@type\":\"WebSite\",\"@id\":\"https:\/\/impactup.com\/en\/#website\",\"url\":\"https:\/\/impactup.com\/en\/\",\"name\":\"ImpactUp\",\"description\":\"Recrutement commerciaux, directions commerciales et fonctions marketing\",\"potentialAction\":[{\"@type\":\"SearchAction\",\"target\":{\"@type\":\"EntryPoint\",\"urlTemplate\":\"https:\/\/impactup.com\/en\/?s={search_term_string}\"},\"query-input\":{\"@type\":\"PropertyValueSpecification\",\"valueRequired\":true,\"valueName\":\"search_term_string\"}}],\"inLanguage\":\"en-US\"}]}<\/script>\n<!-- \/ Yoast SEO plugin. -->","yoast_head_json":{"title":"R\u00e9ussir votre recrutement commercial B to B avec un cabinet sp\u00e9cialis\u00e9","description":"Le cabinet ImpactUp assure la r\u00e9ussite de votre recrutement commercial B to B. Notre cabinet est sp\u00e9cialiste du recrutement commercial B to B.","robots":{"index":"index","follow":"follow","max-snippet":"max-snippet:-1","max-image-preview":"max-image-preview:large","max-video-preview":"max-video-preview:-1"},"canonical":"https:\/\/impactup.com\/en\/glossaire\/cabinet-de-recrutement-commercial-b-b\/","og_locale":"en_US","og_type":"article","og_title":"R\u00e9ussir votre recrutement commercial B to B avec un cabinet sp\u00e9cialis\u00e9","og_description":"Le cabinet ImpactUp assure la r\u00e9ussite de votre recrutement commercial B to B. Notre cabinet est sp\u00e9cialiste du recrutement commercial B to B.","og_url":"https:\/\/impactup.com\/en\/glossaire\/cabinet-de-recrutement-commercial-b-b\/","og_site_name":"ImpactUp","article_modified_time":"2024-06-12T09:05:22+00:00","og_image":[{"width":1067,"height":600,"url":"https:\/\/impactup.com\/wp-content\/uploads\/2021\/01\/og.jpg","type":"image\/jpeg"}],"twitter_card":"summary_large_image","twitter_misc":{"Est. reading time":"5 minutes"},"schema":{"@context":"https:\/\/schema.org","@graph":[{"@type":"WebPage","@id":"https:\/\/impactup.com\/en\/glossaire\/cabinet-de-recrutement-commercial-b-b\/","url":"https:\/\/impactup.com\/en\/glossaire\/cabinet-de-recrutement-commercial-b-b\/","name":"R\u00e9ussir votre recrutement commercial B to B avec un cabinet sp\u00e9cialis\u00e9","isPartOf":{"@id":"https:\/\/impactup.com\/en\/#website"},"datePublished":"2024-06-10T07:54:32+00:00","dateModified":"2024-06-12T09:05:22+00:00","description":"Le cabinet ImpactUp assure la r\u00e9ussite de votre recrutement commercial B to B. Notre cabinet est sp\u00e9cialiste du recrutement commercial B to B.","breadcrumb":{"@id":"https:\/\/impactup.com\/en\/glossaire\/cabinet-de-recrutement-commercial-b-b\/#breadcrumb"},"inLanguage":"en-US","potentialAction":[{"@type":"ReadAction","target":["https:\/\/impactup.com\/en\/glossaire\/cabinet-de-recrutement-commercial-b-b\/"]}]},{"@type":"BreadcrumbList","@id":"https:\/\/impactup.com\/en\/glossaire\/cabinet-de-recrutement-commercial-b-b\/#breadcrumb","itemListElement":[{"@type":"ListItem","position":1,"name":"Accueil","item":"https:\/\/impactup.com\/en\/"},{"@type":"ListItem","position":2,"name":"Glossaire","item":"https:\/\/impactup.com\/en\/glossaire\/"},{"@type":"ListItem","position":3,"name":"Recrutement commercial B to B avec l\u2019aide du cabinet ImpactUp"}]},{"@type":"WebSite","@id":"https:\/\/impactup.com\/en\/#website","url":"https:\/\/impactup.com\/en\/","name":"ImpactUp","description":"Recrutement commerciaux, directions commerciales et fonctions marketing","potentialAction":[{"@type":"SearchAction","target":{"@type":"EntryPoint","urlTemplate":"https:\/\/impactup.com\/en\/?s={search_term_string}"},"query-input":{"@type":"PropertyValueSpecification","valueRequired":true,"valueName":"search_term_string"}}],"inLanguage":"en-US"}]}},"_links":{"self":[{"href":"https:\/\/impactup.com\/en\/wp-json\/wp\/v2\/pages\/25959","targetHints":{"allow":["GET"]}}],"collection":[{"href":"https:\/\/impactup.com\/en\/wp-json\/wp\/v2\/pages"}],"about":[{"href":"https:\/\/impactup.com\/en\/wp-json\/wp\/v2\/types\/page"}],"author":[{"embeddable":true,"href":"https:\/\/impactup.com\/en\/wp-json\/wp\/v2\/users\/4"}],"replies":[{"embeddable":true,"href":"https:\/\/impactup.com\/en\/wp-json\/wp\/v2\/comments?post=25959"}],"version-history":[{"count":6,"href":"https:\/\/impactup.com\/en\/wp-json\/wp\/v2\/pages\/25959\/revisions"}],"predecessor-version":[{"id":26460,"href":"https:\/\/impactup.com\/en\/wp-json\/wp\/v2\/pages\/25959\/revisions\/26460"}],"up":[{"embeddable":true,"href":"https:\/\/impactup.com\/en\/wp-json\/wp\/v2\/pages\/17218"}],"wp:attachment":[{"href":"https:\/\/impactup.com\/en\/wp-json\/wp\/v2\/media?parent=25959"}],"curies":[{"name":"wp","href":"https:\/\/api.w.org\/{rel}","templated":true}]}}