{"id":25940,"date":"2024-06-10T09:27:45","date_gmt":"2024-06-10T07:27:45","guid":{"rendered":"https:\/\/impactup.niou.dev\/?page_id=25940"},"modified":"2024-06-10T11:45:05","modified_gmt":"2024-06-10T09:45:05","slug":"recruteur-independant","status":"publish","type":"page","link":"https:\/\/impactup.com\/en\/glossaire\/recruteur-independant\/","title":{"rendered":"Qu\u2019est-ce qu\u2019un recruteur ind\u00e9pendant ?"},"content":{"rendered":"<div class=\"wpb-content-wrapper\"><p>[vc_row][vc_column width=&#8221;1\/3&#8243;][vc_btn title=&#8221;Voir notre offre&#8221; color=&#8221;secondarycolor&#8221; align=&#8221;center&#8221; css=&#8221;&#8221; link=&#8221;url:https%3A%2F%2Fimpactup.com%2Frecrutement%2F&#8221;][\/vc_column][vc_column width=&#8221;1\/3&#8243;][vc_btn title=&#8221;Confiez-nous votre projet&#8221; color=&#8221;secondarycolor&#8221; align=&#8221;center&#8221; css=&#8221;&#8221; link=&#8221;url:https%3A%2F%2Fimpactup.com%2Fetude-personnalisee%2F&#8221;][\/vc_column][vc_column width=&#8221;1\/3&#8243;][vc_btn title=&#8221;Contactez-nous&#8221; color=&#8221;secondarycolor&#8221; align=&#8221;center&#8221; css=&#8221;&#8221; link=&#8221;url:https%3A%2F%2Fimpactup.com%2Fcontact%2F&#8221;][\/vc_column][\/vc_row][vc_row css=&#8221;.vc_custom_1717658386032{padding-top: 40px !important;padding-bottom: 20px !important;}&#8221;][vc_column][vc_column_text css=&#8221;&#8221;]<\/p>\n<section style=\"text-align: justify;\">\n<h2><strong>Qu\u2019est-ce qu\u2019un recruteur ind\u00e9pendant\u00a0?<\/strong><\/h2>\n<p>Un <a href=\"https:\/\/impactup.com\/glossaire\/comment-devenir-recruteur-independant\/\"><strong>recruteur ind\u00e9pendant<\/strong><\/a>, \u00e9galement appel\u00e9 consultant en recrutement freelance, travaille pour le compte de plusieurs entreprises afin de trouver les profils id\u00e9aux pour des postes sp\u00e9cifiques. Il intervient en tant qu\u2019interm\u00e9diaire entre les soci\u00e9t\u00e9s et les candidats, en mettant en \u0153uvre ses comp\u00e9tences en sourcing, \u00e9valuation et n\u00e9gociation pour identifier les meilleurs profils.<\/p>\n<\/section>\n<p>[\/vc_column_text][\/vc_column][\/vc_row][vc_row][vc_column width=&#8221;1\/3&#8243;][vc_btn title=&#8221;Voir notre offre&#8221; color=&#8221;secondarycolor&#8221; align=&#8221;center&#8221; css=&#8221;&#8221; link=&#8221;url:https%3A%2F%2Fimpactup.com%2Frecrutement%2F&#8221;][\/vc_column][vc_column width=&#8221;1\/3&#8243;][vc_btn title=&#8221;Confiez-nous votre projet&#8221; color=&#8221;secondarycolor&#8221; align=&#8221;center&#8221; css=&#8221;&#8221; link=&#8221;url:https%3A%2F%2Fimpactup.com%2Fetude-personnalisee%2F&#8221;][\/vc_column][vc_column width=&#8221;1\/3&#8243;][vc_btn title=&#8221;Contactez-nous&#8221; color=&#8221;secondarycolor&#8221; align=&#8221;center&#8221; css=&#8221;&#8221; link=&#8221;url:https%3A%2F%2Fimpactup.com%2Fcontact%2F&#8221;][\/vc_column][\/vc_row][vc_row css=&#8221;.vc_custom_1717658445522{padding-top: 40px !important;}&#8221;][vc_column][vc_column_text css=&#8221;&#8221;]<\/p>\n<section style=\"text-align: justify;\">\n<h2><strong>Quelles sont les missions d\u2019un recruteur ind\u00e9pendant\u00a0?<\/strong><\/h2>\n<p>Les missions d\u2019un <a href=\"https:\/\/impactup.com\/glossaire\/consultant-en-recrutement-independant\/\"><strong>recruteur ind\u00e9pendant<\/strong><\/a> sont vari\u00e9es et consistent notamment \u00e0\u00a0:<\/p>\n<ul>\n<li>Comprendre les besoins des entreprises clientes.<\/li>\n<li>R\u00e9aliser le sourcing avec la publication d\u2019annonces d\u2019emploi, la recherche sur les r\u00e9seaux sociaux et la consultation de CVth\u00e8ques.<\/li>\n<li>Effectuer l\u2019\u00e9valuation des candidats en fonction de leurs aptitudes, leur exp\u00e9rience et leur ad\u00e9quation avec le poste et l\u2019entreprise. Cela peut impliquer des entretiens t\u00e9l\u00e9phoniques, entretiens vid\u00e9o et tests de comp\u00e9tences.<\/li>\n<li>Pr\u00e9senter les postulants aux soci\u00e9t\u00e9s en les accompagnant tout au long du processus de recrutement, jusqu\u2019\u00e0 l\u2019int\u00e9gration du candidat retenu.<\/li>\n<\/ul>\n<h2><strong>Quelles sont les aptitudes requises pour devenir recruteur ind\u00e9pendant\u00a0?<\/strong><\/h2>\n<p>Pour devenir <strong>recruteur ind\u00e9pendant<\/strong>, il est essentiel de poss\u00e9der les comp\u00e9tences suivantes\u00a0:<\/p>\n<ul>\n<li>Excellentes dispositions en communication avec les entreprises clientes et les candidats, tant \u00e0 l\u2019oral qu\u2019\u00e0 l\u2019\u00e9crit.<\/li>\n<li>Connaissance approfondie de tous les secteurs d\u2019activit\u00e9, des tendances du march\u00e9 du travail et des exigences en mati\u00e8re de comp\u00e9tences pour les diff\u00e9rents postes.<\/li>\n<li>Capacit\u00e9 d\u2019analyse afin d\u2019\u00e9valuer les profils des candidats et de les synth\u00e9tiser en vue d\u2019identifier les meilleurs profils pour chaque poste.<\/li>\n<li>Capacit\u00e9 \u00e0 g\u00e9rer sa propre activit\u00e9, prospecter des clients et d\u00e9velopper son r\u00e9seau.<\/li>\n<\/ul>\n<h2><strong>Comment devenir recruteur ind\u00e9pendant\u00a0?<\/strong><\/h2>\n<p>Il existe plusieurs voies pour devenir recruteur ind\u00e9pendant. Il est possible de suivre une formation en recrutement dispens\u00e9e par des \u00e9coles sp\u00e9cialis\u00e9es ou des organismes de formation professionnelle.<\/p>\n<p>Acqu\u00e9rir une exp\u00e9rience en recrutement en travaillant dans le service RH d\u2019une entreprise ou en tant que charg\u00e9 de recrutement dans un cabinet de recrutement constitue une autre option.<\/p>\n<p>Enfin, le professionnel peut d\u00e9velopper son r\u00e9seau en participant \u00e0 des \u00e9v\u00e9nements de networking et en se connectant avec des personnes du monde des RH et du recrutement.<\/p>\n<h2><strong>Quel est le statut juridique d\u2019un recruteur ind\u00e9pendant\u00a0?<\/strong><\/h2>\n<p>Un <a href=\"https:\/\/impactup.com\/glossaire\/devenir-recruteur-independant\/\"><strong>recruteur ind\u00e9pendant<\/strong><\/a> peut exercer son activit\u00e9 sous diff\u00e9rents statuts juridiques. La microentreprise est le statut le plus simple et le plus rapide \u00e0 obtenir. Elle est id\u00e9ale pour ceux qui d\u00e9butent et qui g\u00e9n\u00e8rent un faible chiffre d\u2019affaires.<\/p>\n<p>Pour sa part, l\u2019entreprise individuelle offre plus de protection que la microentreprise, mais elle implique \u00e9galement des d\u00e9marches administratives plus lourdes.<\/p>\n<p>Enfin, pour ceux qui souhaitent s\u2019associer avec d\u2019autres actionnaires, il est envisageable de cr\u00e9er une soci\u00e9t\u00e9, telle qu\u2019une SARL ou une SAS.<\/p>\n<h2><strong>Recruteurs ind\u00e9pendants\u00a0: rejoignez les \u00e9quipes d\u2019ImpactUp<\/strong><\/h2>\n<p><strong>ImpactUp<\/strong>, cabinet de recrutement sp\u00e9cialiste des fonctions commerciales et marketing depuis 2005, recherche des talents ambitieux et passionn\u00e9s pour rejoindre ses \u00e9quipes en tant que <strong>recruteur ind\u00e9pendant<\/strong>.<\/p>\n<h2><strong>Pourquoi nous choisir\u00a0?<\/strong><\/h2>\n<p>Vous int\u00e9grez une structure \u00e0 taille humaine o\u00f9 la proximit\u00e9, le pragmatisme et le r\u00e9sultat sont les valeurs cl\u00e9s. Vous profitez d\u2019une grande autonomie dans la gestion de vos missions et d\u00e9veloppez votre portefeuille de clients.<\/p>\n<p>Enfin, vous b\u00e9n\u00e9ficiez d\u2019outils performants et d\u2019un environnement de travail moderne pour vous consacrer pleinement \u00e0 vos recrutements. Si vous \u00eates un chasseur de talents hors pair, dot\u00e9 d\u2019un excellent relationnel et d\u2019un sens aigu du r\u00e9sultat, rejoignez <a href=\"https:\/\/impactup.com\/\"><strong>ImpactUp<\/strong><\/a> et \u00e9crivez avec nous l\u2019avenir du recrutement.<\/p>\n<\/section>\n<p>[\/vc_column_text][\/vc_column][\/vc_row]<\/p>\n<\/div>","protected":false},"excerpt":{"rendered":"<p>[vc_row][vc_column width=&#8221;1\/3&#8243;][vc_btn title=&#8221;Voir notre offre&#8221; color=&#8221;secondarycolor&#8221; align=&#8221;center&#8221; css=&#8221;&#8221; link=&#8221;url:https%3A%2F%2Fimpactup.com%2Frecrutement%2F&#8221;][\/vc_column][vc_column width=&#8221;1\/3&#8243;][vc_btn title=&#8221;Confiez-nous votre projet&#8221; color=&#8221;secondarycolor&#8221; align=&#8221;center&#8221; css=&#8221;&#8221; link=&#8221;url:https%3A%2F%2Fimpactup.com%2Fetude-personnalisee%2F&#8221;][\/vc_column][vc_column width=&#8221;1\/3&#8243;][vc_btn title=&#8221;Contactez-nous&#8221; color=&#8221;secondarycolor&#8221; align=&#8221;center&#8221; css=&#8221;&#8221; link=&#8221;url:https%3A%2F%2Fimpactup.com%2Fcontact%2F&#8221;][\/vc_column][\/vc_row][vc_row css=&#8221;.vc_custom_1717658386032{padding-top: 40px !important;padding-bottom: 20px !important;}&#8221;][vc_column][vc_column_text css=&#8221;&#8221;] Qu\u2019est-ce qu\u2019un recruteur ind\u00e9pendant\u00a0? Un recruteur ind\u00e9pendant, \u00e9galement appel\u00e9 consultant en recrutement freelance, travaille pour le compte de plusieurs entreprises afin de trouver les profils id\u00e9aux [&hellip;]<\/p>\n","protected":false},"author":4,"featured_media":0,"parent":17218,"menu_order":0,"comment_status":"closed","ping_status":"closed","template":"","meta":{"_monsterinsights_skip_tracking":false,"_monsterinsights_sitenote_active":false,"_monsterinsights_sitenote_note":"","_monsterinsights_sitenote_category":0,"footnotes":""},"class_list":["post-25940","page","type-page","status-publish","hentry"],"yoast_head":"<!-- This site is optimized with the Yoast SEO plugin v27.0 - https:\/\/yoast.com\/product\/yoast-seo-wordpress\/ -->\n<title>Recruteurs ind\u00e9pendants : la voie \u00e0 suivre pour trouver des missions<\/title>\n<meta name=\"description\" content=\"Comment devenir recruteur ind\u00e9pendant. ImpactUp, la p\u00e9pini\u00e8re de recruteurs ind\u00e9pendants.\" \/>\n<meta name=\"robots\" content=\"index, follow, max-snippet:-1, max-image-preview:large, max-video-preview:-1\" \/>\n<link rel=\"canonical\" href=\"https:\/\/impactup.com\/en\/glossaire\/recruteur-independant\/\" \/>\n<meta property=\"og:locale\" content=\"en_US\" \/>\n<meta property=\"og:type\" content=\"article\" \/>\n<meta property=\"og:title\" content=\"Recruteurs ind\u00e9pendants : la voie \u00e0 suivre pour trouver des missions\" \/>\n<meta property=\"og:description\" content=\"Comment devenir recruteur ind\u00e9pendant. ImpactUp, la p\u00e9pini\u00e8re de recruteurs ind\u00e9pendants.\" \/>\n<meta property=\"og:url\" content=\"https:\/\/impactup.com\/en\/glossaire\/recruteur-independant\/\" \/>\n<meta property=\"og:site_name\" content=\"ImpactUp\" \/>\n<meta property=\"article:modified_time\" content=\"2024-06-10T09:45:05+00:00\" \/>\n<meta property=\"og:image\" content=\"https:\/\/impactup.com\/wp-content\/uploads\/2021\/01\/og.jpg\" \/>\n\t<meta property=\"og:image:width\" content=\"1067\" \/>\n\t<meta property=\"og:image:height\" content=\"600\" \/>\n\t<meta property=\"og:image:type\" content=\"image\/jpeg\" \/>\n<meta name=\"twitter:card\" content=\"summary_large_image\" \/>\n<meta name=\"twitter:label1\" content=\"Est. reading time\" \/>\n\t<meta name=\"twitter:data1\" content=\"1 minute\" \/>\n<script type=\"application\/ld+json\" class=\"yoast-schema-graph\">{\"@context\":\"https:\/\/schema.org\",\"@graph\":[{\"@type\":\"WebPage\",\"@id\":\"https:\/\/impactup.com\/en\/glossaire\/recruteur-independant\/\",\"url\":\"https:\/\/impactup.com\/en\/glossaire\/recruteur-independant\/\",\"name\":\"Recruteurs ind\u00e9pendants : la voie \u00e0 suivre pour trouver des missions\",\"isPartOf\":{\"@id\":\"https:\/\/impactup.com\/en\/#website\"},\"datePublished\":\"2024-06-10T07:27:45+00:00\",\"dateModified\":\"2024-06-10T09:45:05+00:00\",\"description\":\"Comment devenir recruteur ind\u00e9pendant. ImpactUp, la p\u00e9pini\u00e8re de recruteurs ind\u00e9pendants.\",\"breadcrumb\":{\"@id\":\"https:\/\/impactup.com\/en\/glossaire\/recruteur-independant\/#breadcrumb\"},\"inLanguage\":\"en-US\",\"potentialAction\":[{\"@type\":\"ReadAction\",\"target\":[\"https:\/\/impactup.com\/en\/glossaire\/recruteur-independant\/\"]}]},{\"@type\":\"BreadcrumbList\",\"@id\":\"https:\/\/impactup.com\/en\/glossaire\/recruteur-independant\/#breadcrumb\",\"itemListElement\":[{\"@type\":\"ListItem\",\"position\":1,\"name\":\"Accueil\",\"item\":\"https:\/\/impactup.com\/en\/\"},{\"@type\":\"ListItem\",\"position\":2,\"name\":\"Glossaire\",\"item\":\"https:\/\/impactup.com\/en\/glossaire\/\"},{\"@type\":\"ListItem\",\"position\":3,\"name\":\"Qu\u2019est-ce qu\u2019un recruteur ind\u00e9pendant ?\"}]},{\"@type\":\"WebSite\",\"@id\":\"https:\/\/impactup.com\/en\/#website\",\"url\":\"https:\/\/impactup.com\/en\/\",\"name\":\"ImpactUp\",\"description\":\"Recrutement commerciaux, directions commerciales et fonctions marketing\",\"potentialAction\":[{\"@type\":\"SearchAction\",\"target\":{\"@type\":\"EntryPoint\",\"urlTemplate\":\"https:\/\/impactup.com\/en\/?s={search_term_string}\"},\"query-input\":{\"@type\":\"PropertyValueSpecification\",\"valueRequired\":true,\"valueName\":\"search_term_string\"}}],\"inLanguage\":\"en-US\"}]}<\/script>\n<!-- \/ Yoast SEO plugin. -->","yoast_head_json":{"title":"Recruteurs ind\u00e9pendants : la voie \u00e0 suivre pour trouver des missions","description":"Comment devenir recruteur ind\u00e9pendant. ImpactUp, la p\u00e9pini\u00e8re de recruteurs ind\u00e9pendants.","robots":{"index":"index","follow":"follow","max-snippet":"max-snippet:-1","max-image-preview":"max-image-preview:large","max-video-preview":"max-video-preview:-1"},"canonical":"https:\/\/impactup.com\/en\/glossaire\/recruteur-independant\/","og_locale":"en_US","og_type":"article","og_title":"Recruteurs ind\u00e9pendants : la voie \u00e0 suivre pour trouver des missions","og_description":"Comment devenir recruteur ind\u00e9pendant. ImpactUp, la p\u00e9pini\u00e8re de recruteurs ind\u00e9pendants.","og_url":"https:\/\/impactup.com\/en\/glossaire\/recruteur-independant\/","og_site_name":"ImpactUp","article_modified_time":"2024-06-10T09:45:05+00:00","og_image":[{"width":1067,"height":600,"url":"https:\/\/impactup.com\/wp-content\/uploads\/2021\/01\/og.jpg","type":"image\/jpeg"}],"twitter_card":"summary_large_image","twitter_misc":{"Est. reading time":"1 minute"},"schema":{"@context":"https:\/\/schema.org","@graph":[{"@type":"WebPage","@id":"https:\/\/impactup.com\/en\/glossaire\/recruteur-independant\/","url":"https:\/\/impactup.com\/en\/glossaire\/recruteur-independant\/","name":"Recruteurs ind\u00e9pendants : la voie \u00e0 suivre pour trouver des missions","isPartOf":{"@id":"https:\/\/impactup.com\/en\/#website"},"datePublished":"2024-06-10T07:27:45+00:00","dateModified":"2024-06-10T09:45:05+00:00","description":"Comment devenir recruteur ind\u00e9pendant. ImpactUp, la p\u00e9pini\u00e8re de recruteurs ind\u00e9pendants.","breadcrumb":{"@id":"https:\/\/impactup.com\/en\/glossaire\/recruteur-independant\/#breadcrumb"},"inLanguage":"en-US","potentialAction":[{"@type":"ReadAction","target":["https:\/\/impactup.com\/en\/glossaire\/recruteur-independant\/"]}]},{"@type":"BreadcrumbList","@id":"https:\/\/impactup.com\/en\/glossaire\/recruteur-independant\/#breadcrumb","itemListElement":[{"@type":"ListItem","position":1,"name":"Accueil","item":"https:\/\/impactup.com\/en\/"},{"@type":"ListItem","position":2,"name":"Glossaire","item":"https:\/\/impactup.com\/en\/glossaire\/"},{"@type":"ListItem","position":3,"name":"Qu\u2019est-ce qu\u2019un recruteur ind\u00e9pendant ?"}]},{"@type":"WebSite","@id":"https:\/\/impactup.com\/en\/#website","url":"https:\/\/impactup.com\/en\/","name":"ImpactUp","description":"Recrutement commerciaux, directions commerciales et fonctions marketing","potentialAction":[{"@type":"SearchAction","target":{"@type":"EntryPoint","urlTemplate":"https:\/\/impactup.com\/en\/?s={search_term_string}"},"query-input":{"@type":"PropertyValueSpecification","valueRequired":true,"valueName":"search_term_string"}}],"inLanguage":"en-US"}]}},"_links":{"self":[{"href":"https:\/\/impactup.com\/en\/wp-json\/wp\/v2\/pages\/25940","targetHints":{"allow":["GET"]}}],"collection":[{"href":"https:\/\/impactup.com\/en\/wp-json\/wp\/v2\/pages"}],"about":[{"href":"https:\/\/impactup.com\/en\/wp-json\/wp\/v2\/types\/page"}],"author":[{"embeddable":true,"href":"https:\/\/impactup.com\/en\/wp-json\/wp\/v2\/users\/4"}],"replies":[{"embeddable":true,"href":"https:\/\/impactup.com\/en\/wp-json\/wp\/v2\/comments?post=25940"}],"version-history":[{"count":3,"href":"https:\/\/impactup.com\/en\/wp-json\/wp\/v2\/pages\/25940\/revisions"}],"predecessor-version":[{"id":26084,"href":"https:\/\/impactup.com\/en\/wp-json\/wp\/v2\/pages\/25940\/revisions\/26084"}],"up":[{"embeddable":true,"href":"https:\/\/impactup.com\/en\/wp-json\/wp\/v2\/pages\/17218"}],"wp:attachment":[{"href":"https:\/\/impactup.com\/en\/wp-json\/wp\/v2\/media?parent=25940"}],"curies":[{"name":"wp","href":"https:\/\/api.w.org\/{rel}","templated":true}]}}