{"id":25938,"date":"2024-06-10T09:26:33","date_gmt":"2024-06-10T07:26:33","guid":{"rendered":"https:\/\/impactup.niou.dev\/?page_id=25938"},"modified":"2024-06-10T11:38:49","modified_gmt":"2024-06-10T09:38:49","slug":"recruteur-freelance","status":"publish","type":"page","link":"https:\/\/impactup.com\/en\/glossaire\/recruteur-freelance\/","title":{"rendered":"S\u2019adresser \u00e0 un recruteur freelance pour trouver des collaborateurs"},"content":{"rendered":"<div class=\"wpb-content-wrapper\"><p>[vc_row][vc_column width=&#8221;1\/3&#8243;][vc_btn title=&#8221;Voir notre offre&#8221; color=&#8221;secondarycolor&#8221; align=&#8221;center&#8221; css=&#8221;&#8221; link=&#8221;url:https%3A%2F%2Fimpactup.com%2Frecrutement%2F&#8221;][\/vc_column][vc_column width=&#8221;1\/3&#8243;][vc_btn title=&#8221;Confiez-nous votre projet&#8221; color=&#8221;secondarycolor&#8221; align=&#8221;center&#8221; css=&#8221;&#8221; link=&#8221;url:https%3A%2F%2Fimpactup.com%2Fetude-personnalisee%2F&#8221;][\/vc_column][vc_column width=&#8221;1\/3&#8243;][vc_btn title=&#8221;Contactez-nous&#8221; color=&#8221;secondarycolor&#8221; align=&#8221;center&#8221; css=&#8221;&#8221; link=&#8221;url:https%3A%2F%2Fimpactup.com%2Fcontact%2F&#8221;][\/vc_column][\/vc_row][vc_row css=&#8221;.vc_custom_1717658386032{padding-top: 40px !important;padding-bottom: 20px !important;}&#8221;][vc_column][vc_column_text css=&#8221;&#8221;]<\/p>\n<section style=\"text-align: justify;\">\n<h2><strong>S\u2019adresser \u00e0 un recruteur freelance pour trouver des collaborateurs<\/strong><\/h2>\n<p>Le <a href=\"https:\/\/impactup.com\/glossaire\/comment-devenir-recruteur-freelance\/\"><strong>recruteur freelance<\/strong><\/a> constitue une option \u00e0 envisager pour la recherche de talents destin\u00e9s aux postes \u00e0 pourvoir au sein de votre entreprise. Mais le cabinet de recrutement sp\u00e9cialis\u00e9 est \u00e9galement une alternative. Si vous voulez embaucher pour les fonctions commerciales et marketing, <strong>ImpactUp<\/strong> est pr\u00e9sent dans plusieurs villes de France.<\/p>\n<\/section>\n<p>[\/vc_column_text][\/vc_column][\/vc_row][vc_row][vc_column width=&#8221;1\/3&#8243;][vc_btn title=&#8221;Voir notre offre&#8221; color=&#8221;secondarycolor&#8221; align=&#8221;center&#8221; css=&#8221;&#8221; link=&#8221;url:https%3A%2F%2Fimpactup.com%2Frecrutement%2F&#8221;][\/vc_column][vc_column width=&#8221;1\/3&#8243;][vc_btn title=&#8221;Confiez-nous votre projet&#8221; color=&#8221;secondarycolor&#8221; align=&#8221;center&#8221; css=&#8221;&#8221; link=&#8221;url:https%3A%2F%2Fimpactup.com%2Fetude-personnalisee%2F&#8221;][\/vc_column][vc_column width=&#8221;1\/3&#8243;][vc_btn title=&#8221;Contactez-nous&#8221; color=&#8221;secondarycolor&#8221; align=&#8221;center&#8221; css=&#8221;&#8221; link=&#8221;url:https%3A%2F%2Fimpactup.com%2Fcontact%2F&#8221;][\/vc_column][\/vc_row][vc_row css=&#8221;.vc_custom_1717658445522{padding-top: 40px !important;}&#8221;][vc_column][vc_column_text css=&#8221;&#8221;]<\/p>\n<section style=\"text-align: justify;\">\n<h2><strong>Les missions d\u2019un recruteur freelance<\/strong><\/h2>\n<p>Le <a href=\"https:\/\/impactup.com\/glossaire\/recruteur-independant\/\"><strong>recruteur freelance<\/strong><\/a> exerce son m\u00e9tier en tant que travailleur ind\u00e9pendant. Il peut prendre en charge tout ou partie du processus de recrutement pour le compte de ses clients. Il peut assumer toutes les t\u00e2ches d\u2019une agence et ainsi vous aider \u00e0 bien d\u00e9finir les besoins de la place \u00e0 combler et le profil type du candidat id\u00e9al. Il saura cr\u00e9er une offre d\u2019emploi adapt\u00e9e et se chargera de sa diffusion.<\/p>\n<p>Il recevra et \u00e9tudiera les dossiers des postulants et effectuera le tri. Il peut aussi faire passer des entretiens pr\u00e9liminaires pour en savoir plus sur les candidats retenus. Il soumettra ensuite les meilleurs au client (qui aura toujours le dernier mot). Dans certains cas, il peut \u00e9galement s\u2019occuper des d\u00e9marches d\u2019embauche.<\/p>\n<p>Il est recommand\u00e9 de s\u2019adresser \u00e0 un professionnel sp\u00e9cialis\u00e9 dans le domaine pour lequel vous cherchez un collaborateur. <strong>ImpactUp<\/strong> peut par exemple vous aider \u00e0 trouver des sp\u00e9cialistes de la vente, du commerce et du marketing.<\/p>\n<h2><strong>Les limites du recours \u00e0 un recruteur ind\u00e9pendant<\/strong><\/h2>\n<p>Faire appel \u00e0 un <a href=\"https:\/\/impactup.com\/glossaire\/devenir-recruteur-independant\/\"><strong>recruteur freelance<\/strong><\/a> peut \u00eatre int\u00e9ressant dans la mesure o\u00f9 vous avez besoin de trouver quelqu\u2019un rapidement, mais que vous n\u2019avez pas forc\u00e9ment envie de vous solliciter un cabinet de recrutement. Ce prestataire peut \u00eatre plus flexible dans le mode de collaboration. Il est toutefois conseill\u00e9 de s\u2019adresser \u00e0 un professionnel exp\u00e9riment\u00e9 qui poss\u00e8de d\u00e9j\u00e0 un bon r\u00e9seau pour assurer un sourcing fiable.<\/p>\n<p>Quoi qu\u2019il en soit, le recours \u00e0 ce travailleur ind\u00e9pendant peut co\u00fbter plus cher, son tarif incluant en principe les charges sociales et les frais g\u00e9n\u00e9raux. De plus, si vous cherchez un partenaire pour une collaboration continue, dans le cadre d\u2019un projet sp\u00e9cifique par exemple, sa disponibilit\u00e9 peut \u00eatre r\u00e9duite.<\/p>\n<p>Par ailleurs, il n\u2019est pas vraiment recommand\u00e9 de faire appel \u00e0 un <strong>recruteur freelance<\/strong> pour les postes complexes qui requi\u00e8rent une expertise sp\u00e9cifique. Pour pourvoir ces derniers, il est pr\u00e9f\u00e9rable de se rapprocher d\u2019agences expertes dans le domaine concern\u00e9. Pour les fonctions commerciales et marketing, <strong>ImpactUp<\/strong> est un partenaire de r\u00e9f\u00e9rence.<\/p>\n<h2><strong>Miser sur un cabinet de recrutement sp\u00e9cialis\u00e9<\/strong><\/h2>\n<p>Le cabinet de recrutement sp\u00e9cialis\u00e9 repr\u00e9sente une alternative au <strong>recruteur freelance<\/strong>. Pour sa part, <a href=\"https:\/\/impactup.com\/\"><strong>ImpactUp<\/strong><\/a> met son expertise et son exp\u00e9rience en prospection de talents au service des PME et des grandes entreprises \u00e0 la recherche de collaborateurs pour les domaines de la vente, du commerce et du marketing.<\/p>\n<p>Nos consultants-recruteurs sont des professionnels comp\u00e9tents qui ma\u00eetrisent parfaitement les enjeux et les caract\u00e9ristiques techniques des m\u00e9tiers li\u00e9s \u00e0 ces secteurs. Ils sauront prendre en consid\u00e9ration toutes les sp\u00e9cificit\u00e9s des postes \u00e0 pourvoir et les profils requis afin de trouver, et de vous soumettre, les meilleurs candidats. Ils peuvent \u00e9galement recourir \u00e0 la technique de l\u2019approche directe, aussi appel\u00e9e chasse de t\u00eate, en cas de n\u00e9cessit\u00e9.<\/p>\n<\/section>\n<p>[\/vc_column_text][\/vc_column][\/vc_row]<\/p>\n<\/div>","protected":false},"excerpt":{"rendered":"<p>[vc_row][vc_column width=&#8221;1\/3&#8243;][vc_btn title=&#8221;Voir notre offre&#8221; color=&#8221;secondarycolor&#8221; align=&#8221;center&#8221; css=&#8221;&#8221; link=&#8221;url:https%3A%2F%2Fimpactup.com%2Frecrutement%2F&#8221;][\/vc_column][vc_column width=&#8221;1\/3&#8243;][vc_btn title=&#8221;Confiez-nous votre projet&#8221; color=&#8221;secondarycolor&#8221; align=&#8221;center&#8221; css=&#8221;&#8221; link=&#8221;url:https%3A%2F%2Fimpactup.com%2Fetude-personnalisee%2F&#8221;][\/vc_column][vc_column width=&#8221;1\/3&#8243;][vc_btn title=&#8221;Contactez-nous&#8221; color=&#8221;secondarycolor&#8221; align=&#8221;center&#8221; css=&#8221;&#8221; link=&#8221;url:https%3A%2F%2Fimpactup.com%2Fcontact%2F&#8221;][\/vc_column][\/vc_row][vc_row css=&#8221;.vc_custom_1717658386032{padding-top: 40px !important;padding-bottom: 20px !important;}&#8221;][vc_column][vc_column_text css=&#8221;&#8221;] S\u2019adresser \u00e0 un recruteur freelance pour trouver des collaborateurs Le recruteur freelance constitue une option \u00e0 envisager pour la recherche de talents destin\u00e9s aux postes \u00e0 [&hellip;]<\/p>\n","protected":false},"author":4,"featured_media":0,"parent":17218,"menu_order":0,"comment_status":"closed","ping_status":"closed","template":"","meta":{"_monsterinsights_skip_tracking":false,"_monsterinsights_sitenote_active":false,"_monsterinsights_sitenote_note":"","_monsterinsights_sitenote_category":0,"footnotes":""},"class_list":["post-25938","page","type-page","status-publish","hentry"],"yoast_head":"<!-- This site is optimized with the Yoast SEO plugin v27.0 - https:\/\/yoast.com\/product\/yoast-seo-wordpress\/ -->\n<title>Le recruteur freelance, un recruteur ind\u00e9pendant<\/title>\n<meta name=\"description\" content=\"Le recruteur freelance peut vous aider \u00e0 trouver des collaborateurs. ImpactUp, cabinet de recrutement, constitue une alternative au recruteur freelance.\" \/>\n<meta name=\"robots\" content=\"index, follow, max-snippet:-1, max-image-preview:large, max-video-preview:-1\" \/>\n<link rel=\"canonical\" href=\"https:\/\/impactup.com\/en\/glossaire\/recruteur-freelance\/\" \/>\n<meta property=\"og:locale\" content=\"en_US\" \/>\n<meta property=\"og:type\" content=\"article\" \/>\n<meta property=\"og:title\" content=\"Le recruteur freelance, un recruteur ind\u00e9pendant\" \/>\n<meta property=\"og:description\" content=\"Le recruteur freelance peut vous aider \u00e0 trouver des collaborateurs. ImpactUp, cabinet de recrutement, constitue une alternative au recruteur freelance.\" \/>\n<meta property=\"og:url\" content=\"https:\/\/impactup.com\/en\/glossaire\/recruteur-freelance\/\" \/>\n<meta property=\"og:site_name\" content=\"ImpactUp\" \/>\n<meta property=\"article:modified_time\" content=\"2024-06-10T09:38:49+00:00\" \/>\n<meta property=\"og:image\" content=\"https:\/\/impactup.com\/wp-content\/uploads\/2021\/01\/og.jpg\" \/>\n\t<meta property=\"og:image:width\" content=\"1067\" \/>\n\t<meta property=\"og:image:height\" content=\"600\" \/>\n\t<meta property=\"og:image:type\" content=\"image\/jpeg\" \/>\n<meta name=\"twitter:card\" content=\"summary_large_image\" \/>\n<meta name=\"twitter:label1\" content=\"Est. reading time\" \/>\n\t<meta name=\"twitter:data1\" content=\"1 minute\" \/>\n<script type=\"application\/ld+json\" class=\"yoast-schema-graph\">{\"@context\":\"https:\/\/schema.org\",\"@graph\":[{\"@type\":\"WebPage\",\"@id\":\"https:\/\/impactup.com\/en\/glossaire\/recruteur-freelance\/\",\"url\":\"https:\/\/impactup.com\/en\/glossaire\/recruteur-freelance\/\",\"name\":\"Le recruteur freelance, un recruteur ind\u00e9pendant\",\"isPartOf\":{\"@id\":\"https:\/\/impactup.com\/en\/#website\"},\"datePublished\":\"2024-06-10T07:26:33+00:00\",\"dateModified\":\"2024-06-10T09:38:49+00:00\",\"description\":\"Le recruteur freelance peut vous aider \u00e0 trouver des collaborateurs. ImpactUp, cabinet de recrutement, constitue une alternative au recruteur freelance.\",\"breadcrumb\":{\"@id\":\"https:\/\/impactup.com\/en\/glossaire\/recruteur-freelance\/#breadcrumb\"},\"inLanguage\":\"en-US\",\"potentialAction\":[{\"@type\":\"ReadAction\",\"target\":[\"https:\/\/impactup.com\/en\/glossaire\/recruteur-freelance\/\"]}]},{\"@type\":\"BreadcrumbList\",\"@id\":\"https:\/\/impactup.com\/en\/glossaire\/recruteur-freelance\/#breadcrumb\",\"itemListElement\":[{\"@type\":\"ListItem\",\"position\":1,\"name\":\"Accueil\",\"item\":\"https:\/\/impactup.com\/en\/\"},{\"@type\":\"ListItem\",\"position\":2,\"name\":\"Glossaire\",\"item\":\"https:\/\/impactup.com\/en\/glossaire\/\"},{\"@type\":\"ListItem\",\"position\":3,\"name\":\"S\u2019adresser \u00e0 un recruteur freelance pour trouver des collaborateurs\"}]},{\"@type\":\"WebSite\",\"@id\":\"https:\/\/impactup.com\/en\/#website\",\"url\":\"https:\/\/impactup.com\/en\/\",\"name\":\"ImpactUp\",\"description\":\"Recrutement commerciaux, directions commerciales et fonctions marketing\",\"potentialAction\":[{\"@type\":\"SearchAction\",\"target\":{\"@type\":\"EntryPoint\",\"urlTemplate\":\"https:\/\/impactup.com\/en\/?s={search_term_string}\"},\"query-input\":{\"@type\":\"PropertyValueSpecification\",\"valueRequired\":true,\"valueName\":\"search_term_string\"}}],\"inLanguage\":\"en-US\"}]}<\/script>\n<!-- \/ Yoast SEO plugin. -->","yoast_head_json":{"title":"Le recruteur freelance, un recruteur ind\u00e9pendant","description":"Le recruteur freelance peut vous aider \u00e0 trouver des collaborateurs. ImpactUp, cabinet de recrutement, constitue une alternative au recruteur freelance.","robots":{"index":"index","follow":"follow","max-snippet":"max-snippet:-1","max-image-preview":"max-image-preview:large","max-video-preview":"max-video-preview:-1"},"canonical":"https:\/\/impactup.com\/en\/glossaire\/recruteur-freelance\/","og_locale":"en_US","og_type":"article","og_title":"Le recruteur freelance, un recruteur ind\u00e9pendant","og_description":"Le recruteur freelance peut vous aider \u00e0 trouver des collaborateurs. ImpactUp, cabinet de recrutement, constitue une alternative au recruteur freelance.","og_url":"https:\/\/impactup.com\/en\/glossaire\/recruteur-freelance\/","og_site_name":"ImpactUp","article_modified_time":"2024-06-10T09:38:49+00:00","og_image":[{"width":1067,"height":600,"url":"https:\/\/impactup.com\/wp-content\/uploads\/2021\/01\/og.jpg","type":"image\/jpeg"}],"twitter_card":"summary_large_image","twitter_misc":{"Est. reading time":"1 minute"},"schema":{"@context":"https:\/\/schema.org","@graph":[{"@type":"WebPage","@id":"https:\/\/impactup.com\/en\/glossaire\/recruteur-freelance\/","url":"https:\/\/impactup.com\/en\/glossaire\/recruteur-freelance\/","name":"Le recruteur freelance, un recruteur ind\u00e9pendant","isPartOf":{"@id":"https:\/\/impactup.com\/en\/#website"},"datePublished":"2024-06-10T07:26:33+00:00","dateModified":"2024-06-10T09:38:49+00:00","description":"Le recruteur freelance peut vous aider \u00e0 trouver des collaborateurs. ImpactUp, cabinet de recrutement, constitue une alternative au recruteur freelance.","breadcrumb":{"@id":"https:\/\/impactup.com\/en\/glossaire\/recruteur-freelance\/#breadcrumb"},"inLanguage":"en-US","potentialAction":[{"@type":"ReadAction","target":["https:\/\/impactup.com\/en\/glossaire\/recruteur-freelance\/"]}]},{"@type":"BreadcrumbList","@id":"https:\/\/impactup.com\/en\/glossaire\/recruteur-freelance\/#breadcrumb","itemListElement":[{"@type":"ListItem","position":1,"name":"Accueil","item":"https:\/\/impactup.com\/en\/"},{"@type":"ListItem","position":2,"name":"Glossaire","item":"https:\/\/impactup.com\/en\/glossaire\/"},{"@type":"ListItem","position":3,"name":"S\u2019adresser \u00e0 un recruteur freelance pour trouver des collaborateurs"}]},{"@type":"WebSite","@id":"https:\/\/impactup.com\/en\/#website","url":"https:\/\/impactup.com\/en\/","name":"ImpactUp","description":"Recrutement commerciaux, directions commerciales et fonctions marketing","potentialAction":[{"@type":"SearchAction","target":{"@type":"EntryPoint","urlTemplate":"https:\/\/impactup.com\/en\/?s={search_term_string}"},"query-input":{"@type":"PropertyValueSpecification","valueRequired":true,"valueName":"search_term_string"}}],"inLanguage":"en-US"}]}},"_links":{"self":[{"href":"https:\/\/impactup.com\/en\/wp-json\/wp\/v2\/pages\/25938","targetHints":{"allow":["GET"]}}],"collection":[{"href":"https:\/\/impactup.com\/en\/wp-json\/wp\/v2\/pages"}],"about":[{"href":"https:\/\/impactup.com\/en\/wp-json\/wp\/v2\/types\/page"}],"author":[{"embeddable":true,"href":"https:\/\/impactup.com\/en\/wp-json\/wp\/v2\/users\/4"}],"replies":[{"embeddable":true,"href":"https:\/\/impactup.com\/en\/wp-json\/wp\/v2\/comments?post=25938"}],"version-history":[{"count":4,"href":"https:\/\/impactup.com\/en\/wp-json\/wp\/v2\/pages\/25938\/revisions"}],"predecessor-version":[{"id":26082,"href":"https:\/\/impactup.com\/en\/wp-json\/wp\/v2\/pages\/25938\/revisions\/26082"}],"up":[{"embeddable":true,"href":"https:\/\/impactup.com\/en\/wp-json\/wp\/v2\/pages\/17218"}],"wp:attachment":[{"href":"https:\/\/impactup.com\/en\/wp-json\/wp\/v2\/media?parent=25938"}],"curies":[{"name":"wp","href":"https:\/\/api.w.org\/{rel}","templated":true}]}}