{"id":25934,"date":"2024-06-10T09:25:13","date_gmt":"2024-06-10T07:25:13","guid":{"rendered":"https:\/\/impactup.niou.dev\/?page_id=25934"},"modified":"2024-06-10T11:18:43","modified_gmt":"2024-06-10T09:18:43","slug":"ouvrir-son-cabinet-de-recrutement","status":"publish","type":"page","link":"https:\/\/impactup.com\/en\/glossaire\/ouvrir-son-cabinet-de-recrutement\/","title":{"rendered":"Ouvrir son cabinet de recrutement et devenir un expert en chasse de t\u00eates"},"content":{"rendered":"<div class=\"wpb-content-wrapper\"><p>[vc_row][vc_column width=&#8221;1\/3&#8243;][vc_btn title=&#8221;Voir notre offre&#8221; color=&#8221;secondarycolor&#8221; align=&#8221;center&#8221; css=&#8221;&#8221; link=&#8221;url:https%3A%2F%2Fimpactup.com%2Frecrutement%2F&#8221;][\/vc_column][vc_column width=&#8221;1\/3&#8243;][vc_btn title=&#8221;Confiez-nous votre projet&#8221; color=&#8221;secondarycolor&#8221; align=&#8221;center&#8221; css=&#8221;&#8221; link=&#8221;url:https%3A%2F%2Fimpactup.com%2Fetude-personnalisee%2F&#8221;][\/vc_column][vc_column width=&#8221;1\/3&#8243;][vc_btn title=&#8221;Contactez-nous&#8221; color=&#8221;secondarycolor&#8221; align=&#8221;center&#8221; css=&#8221;&#8221; link=&#8221;url:https%3A%2F%2Fimpactup.com%2Fcontact%2F&#8221;][\/vc_column][\/vc_row][vc_row css=&#8221;.vc_custom_1717658386032{padding-top: 40px !important;padding-bottom: 20px !important;}&#8221;][vc_column][vc_column_text css=&#8221;&#8221;]<\/p>\n<section style=\"text-align: justify;\">\n<h2><strong>Ouvrir son cabinet de recrutement et devenir un expert en chasse de t\u00eates<\/strong><\/h2>\n<p>Le secteur du recrutement conna\u00eet une croissance dynamique, avec des opportunit\u00e9s prometteuses pour les entrepreneurs ambitieux. Si vous avez une passion pour les relations humaines et un sens aigu des affaires, <a href=\"https:\/\/impactup.com\/glossaire\/cabinet-de-recrutement-en-franchise\/\"><strong>ouvrir son<\/strong> <strong>propre<\/strong> <strong>cabinet de recrutement<\/strong><\/a> peut \u00eatre un choix de carri\u00e8re gratifiant.<\/p>\n<\/section>\n<p>[\/vc_column_text][\/vc_column][\/vc_row][vc_row][vc_column width=&#8221;1\/3&#8243;][vc_btn title=&#8221;Voir notre offre&#8221; color=&#8221;secondarycolor&#8221; align=&#8221;center&#8221; css=&#8221;&#8221; link=&#8221;url:https%3A%2F%2Fimpactup.com%2Frecrutement%2F&#8221;][\/vc_column][vc_column width=&#8221;1\/3&#8243;][vc_btn title=&#8221;Confiez-nous votre projet&#8221; color=&#8221;secondarycolor&#8221; align=&#8221;center&#8221; css=&#8221;&#8221; link=&#8221;url:https%3A%2F%2Fimpactup.com%2Fetude-personnalisee%2F&#8221;][\/vc_column][vc_column width=&#8221;1\/3&#8243;][vc_btn title=&#8221;Contactez-nous&#8221; color=&#8221;secondarycolor&#8221; align=&#8221;center&#8221; css=&#8221;&#8221; link=&#8221;url:https%3A%2F%2Fimpactup.com%2Fcontact%2F&#8221;][\/vc_column][\/vc_row][vc_row css=&#8221;.vc_custom_1717658445522{padding-top: 40px !important;}&#8221;][vc_column][vc_column_text css=&#8221;&#8221;]<\/p>\n<section style=\"text-align: justify;\">\n<h2><strong>Devenir consultant en recrutement ind\u00e9pendant\u00a0: un tremplin vers le succ\u00e8s<\/strong><\/h2>\n<p>Avant d\u2019<a href=\"https:\/\/impactup.com\/glossaire\/consultant-en-recrutement-independant\/\"><strong>ouvrir son<\/strong> <strong>cabinet de recrutement<\/strong><\/a>, il peut \u00eatre judicieux de se lancer en tant que consultant en recrutement ind\u00e9pendant. Vous exercerez ainsi en freelance en d\u00e9veloppant votre expertise et votre r\u00e9seau de contacts.<\/p>\n<p>Suivre une formation n\u2019est pas obligatoire, mais elle est fortement recommand\u00e9e pour acqu\u00e9rir les comp\u00e9tences n\u00e9cessaires. Un dipl\u00f4me de niveau\u00a0Bac+3 en sciences sociales, gestion des ressources humaines, management, commerce ou psychologie est un atout pr\u00e9cieux.<\/p>\n<p>De plus, des formations en sourcing, conduite d\u2019entretien d\u2019embauche ou cr\u00e9ation d\u2019entreprise permettront de vous perfectionner et de vous d\u00e9marquer.<\/p>\n<h2><strong>Quel statut juridique pour un consultant en recrutement ind\u00e9pendant\u00a0?<\/strong><\/h2>\n<p>Le r\u00e9gime de la micro-entreprise est id\u00e9al pour d\u00e9buter. Votre chiffre d\u2019affaires annuel ne doit toutefois pas d\u00e9passer 70\u00a0000\u00a0\u20ac. Au-del\u00e0, l\u2019EURL ou la SASU sont des options \u00e0 envisager.<\/p>\n<h2><strong>Cr\u00e9er son cabinet de recrutement\u00a0: se lancer dans l\u2019aventure entrepreneuriale<\/strong><\/h2>\n<p><strong>Ouvrir son cabinet de recrutement<\/strong> requiert une passion pour le secteur et des qualit\u00e9s entrepreneuriales. Votre cursus est similaire \u00e0 celui du consultant ind\u00e9pendant, mais des formations en leadership, marketing et entrepreneuriat sont recommand\u00e9es.<\/p>\n<h2><strong>Les missions d\u2019un cabinet de recrutement<\/strong><\/h2>\n<p>Les activit\u00e9s d\u2019un cabinet de recrutement se concentrent sur\u00a0:<\/p>\n<ul>\n<li>Le d\u00e9veloppement de l\u2019activit\u00e9 commerciale\u00a0: prospection, r\u00e9seautage, marketing digital, cr\u00e9ation d\u2019un business plan.<\/li>\n<li>Trouver les bons candidats\u00a0: sourcing, vivier de candidats, outils digitaux, r\u00e9seaux sociaux professionnels.<\/li>\n<\/ul>\n<p><a href=\"https:\/\/impactup.com\/glossaire\/comment-devenir-recruteur-independant\/\"><strong>Ouvrir son cabinet de recrutement<\/strong><\/a> est un d\u00e9fi stimulant mais enrichissant. En vous dotant des comp\u00e9tences et du statut juridique ad\u00e9quats, vous pouvez devenir un acteur incontournable dans le domaine du recrutement.<\/p>\n<p>N\u2019oubliez pas que la r\u00e9ussite repose sur votre passion, votre expertise et votre capacit\u00e9 \u00e0 faire face \u00e0 la concurrence.<\/p>\n<p>Et pour d\u00e9buter, pourquoi ne pas travailler en ind\u00e9pendant avec une entreprise de recrutement telle qu\u2019<strong>ImpactUp<\/strong>, le leader national du secteur\u00a0?<\/p>\n<h2><strong>Pourquoi choisir de travailler avec ImpactUp\u00a0?<\/strong><\/h2>\n<p>En tant que <strong>cabinet de recrutement<\/strong> <strong>qui vient d\u2019ouvrir <\/strong>et qui cherche \u00e0 d\u00e9velopper <strong>son<\/strong> activit\u00e9 et \u00e0 tisser des partenariats solides\u00a0? ImpactUp est la solution id\u00e9ale pour vous aider dans votre r\u00e9ussite.<\/p>\n<p>Profitez de nombreux avantages en collaborant avec ImpactUp\u00a0:<\/p>\n<ul>\n<li>Acc\u00e9dez \u00e0 un vivier exclusif de candidats qualifi\u00e9s et motiv\u00e9s.<\/li>\n<li>Gagnez du temps et optimisez vos ressources.<\/li>\n<li>B\u00e9n\u00e9ficiez d\u2019une expertise m\u00e9tier reconnue.<\/li>\n<li>Renforcez votre visibilit\u00e9 et votre cr\u00e9dibilit\u00e9.<\/li>\n<\/ul>\n<p>En vous adressant \u00e0 <a href=\"https:\/\/impactup.com\/\"><strong>ImpactUp<\/strong><\/a>, vous choisissez un partenaire de confiance pour vous aider dans votre d\u00e9veloppement et vous permettre de devenir un acteur incontournable du recrutement.<\/p>\n<p>Contactez-nous d\u00e8s aujourd\u2019hui si vous voulez en savoir plus\u00a0!<\/p>\n<\/section>\n<p>[\/vc_column_text][\/vc_column][\/vc_row]<\/p>\n<\/div>","protected":false},"excerpt":{"rendered":"<p>[vc_row][vc_column width=&#8221;1\/3&#8243;][vc_btn title=&#8221;Voir notre offre&#8221; color=&#8221;secondarycolor&#8221; align=&#8221;center&#8221; css=&#8221;&#8221; link=&#8221;url:https%3A%2F%2Fimpactup.com%2Frecrutement%2F&#8221;][\/vc_column][vc_column width=&#8221;1\/3&#8243;][vc_btn title=&#8221;Confiez-nous votre projet&#8221; color=&#8221;secondarycolor&#8221; align=&#8221;center&#8221; css=&#8221;&#8221; link=&#8221;url:https%3A%2F%2Fimpactup.com%2Fetude-personnalisee%2F&#8221;][\/vc_column][vc_column width=&#8221;1\/3&#8243;][vc_btn title=&#8221;Contactez-nous&#8221; color=&#8221;secondarycolor&#8221; align=&#8221;center&#8221; css=&#8221;&#8221; link=&#8221;url:https%3A%2F%2Fimpactup.com%2Fcontact%2F&#8221;][\/vc_column][\/vc_row][vc_row css=&#8221;.vc_custom_1717658386032{padding-top: 40px !important;padding-bottom: 20px !important;}&#8221;][vc_column][vc_column_text css=&#8221;&#8221;] Ouvrir son cabinet de recrutement et devenir un expert en chasse de t\u00eates Le secteur du recrutement conna\u00eet une croissance dynamique, avec des opportunit\u00e9s prometteuses pour [&hellip;]<\/p>\n","protected":false},"author":4,"featured_media":0,"parent":17218,"menu_order":0,"comment_status":"closed","ping_status":"closed","template":"","meta":{"_monsterinsights_skip_tracking":false,"_monsterinsights_sitenote_active":false,"_monsterinsights_sitenote_note":"","_monsterinsights_sitenote_category":0,"footnotes":""},"class_list":["post-25934","page","type-page","status-publish","hentry"],"yoast_head":"<!-- This site is optimized with the Yoast SEO plugin v27.0 - https:\/\/yoast.com\/product\/yoast-seo-wordpress\/ -->\n<title>Comment ouvrir son cabinet de recrutement<\/title>\n<meta name=\"description\" content=\"Les bons conseils pour ouvrir son cabinet de recrutement. ImpactUp propose des missions \u00e0 toute personne qui vient d\u2019ouvrir son cabinet de recrutement.\" \/>\n<meta name=\"robots\" content=\"index, follow, max-snippet:-1, max-image-preview:large, max-video-preview:-1\" \/>\n<link rel=\"canonical\" href=\"https:\/\/impactup.com\/en\/glossaire\/ouvrir-son-cabinet-de-recrutement\/\" \/>\n<meta property=\"og:locale\" content=\"en_US\" \/>\n<meta property=\"og:type\" content=\"article\" \/>\n<meta property=\"og:title\" content=\"Comment ouvrir son cabinet de recrutement\" \/>\n<meta property=\"og:description\" content=\"Les bons conseils pour ouvrir son cabinet de recrutement. ImpactUp propose des missions \u00e0 toute personne qui vient d\u2019ouvrir son cabinet de recrutement.\" \/>\n<meta property=\"og:url\" content=\"https:\/\/impactup.com\/en\/glossaire\/ouvrir-son-cabinet-de-recrutement\/\" \/>\n<meta property=\"og:site_name\" content=\"ImpactUp\" \/>\n<meta property=\"article:modified_time\" content=\"2024-06-10T09:18:43+00:00\" \/>\n<meta property=\"og:image\" content=\"https:\/\/impactup.com\/wp-content\/uploads\/2021\/01\/og.jpg\" \/>\n\t<meta property=\"og:image:width\" content=\"1067\" \/>\n\t<meta property=\"og:image:height\" content=\"600\" \/>\n\t<meta property=\"og:image:type\" content=\"image\/jpeg\" \/>\n<meta name=\"twitter:card\" content=\"summary_large_image\" \/>\n<meta name=\"twitter:label1\" content=\"Est. reading time\" \/>\n\t<meta name=\"twitter:data1\" content=\"1 minute\" \/>\n<script type=\"application\/ld+json\" class=\"yoast-schema-graph\">{\"@context\":\"https:\/\/schema.org\",\"@graph\":[{\"@type\":\"WebPage\",\"@id\":\"https:\/\/impactup.com\/en\/glossaire\/ouvrir-son-cabinet-de-recrutement\/\",\"url\":\"https:\/\/impactup.com\/en\/glossaire\/ouvrir-son-cabinet-de-recrutement\/\",\"name\":\"Comment ouvrir son cabinet de recrutement\",\"isPartOf\":{\"@id\":\"https:\/\/impactup.com\/en\/#website\"},\"datePublished\":\"2024-06-10T07:25:13+00:00\",\"dateModified\":\"2024-06-10T09:18:43+00:00\",\"description\":\"Les bons conseils pour ouvrir son cabinet de recrutement. ImpactUp propose des missions \u00e0 toute personne qui vient d\u2019ouvrir son cabinet de recrutement.\",\"breadcrumb\":{\"@id\":\"https:\/\/impactup.com\/en\/glossaire\/ouvrir-son-cabinet-de-recrutement\/#breadcrumb\"},\"inLanguage\":\"en-US\",\"potentialAction\":[{\"@type\":\"ReadAction\",\"target\":[\"https:\/\/impactup.com\/en\/glossaire\/ouvrir-son-cabinet-de-recrutement\/\"]}]},{\"@type\":\"BreadcrumbList\",\"@id\":\"https:\/\/impactup.com\/en\/glossaire\/ouvrir-son-cabinet-de-recrutement\/#breadcrumb\",\"itemListElement\":[{\"@type\":\"ListItem\",\"position\":1,\"name\":\"Accueil\",\"item\":\"https:\/\/impactup.com\/en\/\"},{\"@type\":\"ListItem\",\"position\":2,\"name\":\"Glossaire\",\"item\":\"https:\/\/impactup.com\/en\/glossaire\/\"},{\"@type\":\"ListItem\",\"position\":3,\"name\":\"Ouvrir son cabinet de recrutement et devenir un expert en chasse de t\u00eates\"}]},{\"@type\":\"WebSite\",\"@id\":\"https:\/\/impactup.com\/en\/#website\",\"url\":\"https:\/\/impactup.com\/en\/\",\"name\":\"ImpactUp\",\"description\":\"Recrutement commerciaux, directions commerciales et fonctions marketing\",\"potentialAction\":[{\"@type\":\"SearchAction\",\"target\":{\"@type\":\"EntryPoint\",\"urlTemplate\":\"https:\/\/impactup.com\/en\/?s={search_term_string}\"},\"query-input\":{\"@type\":\"PropertyValueSpecification\",\"valueRequired\":true,\"valueName\":\"search_term_string\"}}],\"inLanguage\":\"en-US\"}]}<\/script>\n<!-- \/ Yoast SEO plugin. -->","yoast_head_json":{"title":"Comment ouvrir son cabinet de recrutement","description":"Les bons conseils pour ouvrir son cabinet de recrutement. ImpactUp propose des missions \u00e0 toute personne qui vient d\u2019ouvrir son cabinet de recrutement.","robots":{"index":"index","follow":"follow","max-snippet":"max-snippet:-1","max-image-preview":"max-image-preview:large","max-video-preview":"max-video-preview:-1"},"canonical":"https:\/\/impactup.com\/en\/glossaire\/ouvrir-son-cabinet-de-recrutement\/","og_locale":"en_US","og_type":"article","og_title":"Comment ouvrir son cabinet de recrutement","og_description":"Les bons conseils pour ouvrir son cabinet de recrutement. ImpactUp propose des missions \u00e0 toute personne qui vient d\u2019ouvrir son cabinet de recrutement.","og_url":"https:\/\/impactup.com\/en\/glossaire\/ouvrir-son-cabinet-de-recrutement\/","og_site_name":"ImpactUp","article_modified_time":"2024-06-10T09:18:43+00:00","og_image":[{"width":1067,"height":600,"url":"https:\/\/impactup.com\/wp-content\/uploads\/2021\/01\/og.jpg","type":"image\/jpeg"}],"twitter_card":"summary_large_image","twitter_misc":{"Est. reading time":"1 minute"},"schema":{"@context":"https:\/\/schema.org","@graph":[{"@type":"WebPage","@id":"https:\/\/impactup.com\/en\/glossaire\/ouvrir-son-cabinet-de-recrutement\/","url":"https:\/\/impactup.com\/en\/glossaire\/ouvrir-son-cabinet-de-recrutement\/","name":"Comment ouvrir son cabinet de recrutement","isPartOf":{"@id":"https:\/\/impactup.com\/en\/#website"},"datePublished":"2024-06-10T07:25:13+00:00","dateModified":"2024-06-10T09:18:43+00:00","description":"Les bons conseils pour ouvrir son cabinet de recrutement. ImpactUp propose des missions \u00e0 toute personne qui vient d\u2019ouvrir son cabinet de recrutement.","breadcrumb":{"@id":"https:\/\/impactup.com\/en\/glossaire\/ouvrir-son-cabinet-de-recrutement\/#breadcrumb"},"inLanguage":"en-US","potentialAction":[{"@type":"ReadAction","target":["https:\/\/impactup.com\/en\/glossaire\/ouvrir-son-cabinet-de-recrutement\/"]}]},{"@type":"BreadcrumbList","@id":"https:\/\/impactup.com\/en\/glossaire\/ouvrir-son-cabinet-de-recrutement\/#breadcrumb","itemListElement":[{"@type":"ListItem","position":1,"name":"Accueil","item":"https:\/\/impactup.com\/en\/"},{"@type":"ListItem","position":2,"name":"Glossaire","item":"https:\/\/impactup.com\/en\/glossaire\/"},{"@type":"ListItem","position":3,"name":"Ouvrir son cabinet de recrutement et devenir un expert en chasse de t\u00eates"}]},{"@type":"WebSite","@id":"https:\/\/impactup.com\/en\/#website","url":"https:\/\/impactup.com\/en\/","name":"ImpactUp","description":"Recrutement commerciaux, directions commerciales et fonctions marketing","potentialAction":[{"@type":"SearchAction","target":{"@type":"EntryPoint","urlTemplate":"https:\/\/impactup.com\/en\/?s={search_term_string}"},"query-input":{"@type":"PropertyValueSpecification","valueRequired":true,"valueName":"search_term_string"}}],"inLanguage":"en-US"}]}},"_links":{"self":[{"href":"https:\/\/impactup.com\/en\/wp-json\/wp\/v2\/pages\/25934","targetHints":{"allow":["GET"]}}],"collection":[{"href":"https:\/\/impactup.com\/en\/wp-json\/wp\/v2\/pages"}],"about":[{"href":"https:\/\/impactup.com\/en\/wp-json\/wp\/v2\/types\/page"}],"author":[{"embeddable":true,"href":"https:\/\/impactup.com\/en\/wp-json\/wp\/v2\/users\/4"}],"replies":[{"embeddable":true,"href":"https:\/\/impactup.com\/en\/wp-json\/wp\/v2\/comments?post=25934"}],"version-history":[{"count":3,"href":"https:\/\/impactup.com\/en\/wp-json\/wp\/v2\/pages\/25934\/revisions"}],"predecessor-version":[{"id":26064,"href":"https:\/\/impactup.com\/en\/wp-json\/wp\/v2\/pages\/25934\/revisions\/26064"}],"up":[{"embeddable":true,"href":"https:\/\/impactup.com\/en\/wp-json\/wp\/v2\/pages\/17218"}],"wp:attachment":[{"href":"https:\/\/impactup.com\/en\/wp-json\/wp\/v2\/media?parent=25934"}],"curies":[{"name":"wp","href":"https:\/\/api.w.org\/{rel}","templated":true}]}}