{"id":25931,"date":"2024-06-10T09:24:06","date_gmt":"2024-06-10T07:24:06","guid":{"rendered":"https:\/\/impactup.niou.dev\/?page_id=25931"},"modified":"2024-06-12T16:18:39","modified_gmt":"2024-06-12T14:18:39","slug":"meilleur-cabinet-de-recrutement","status":"publish","type":"page","link":"https:\/\/impactup.com\/en\/glossaire\/meilleur-cabinet-de-recrutement\/","title":{"rendered":"ImpactUp, un cabinet de recrutement proposant le meilleur service"},"content":{"rendered":"<div class=\"wpb-content-wrapper\"><p>[vc_row][vc_column width=&#8221;1\/3&#8243;][vc_btn title=&#8221;Voir notre offre&#8221; color=&#8221;secondarycolor&#8221; align=&#8221;center&#8221; css=&#8221;&#8221; link=&#8221;url:https%3A%2F%2Fimpactup.com%2Frecrutement%2F&#8221;][\/vc_column][vc_column width=&#8221;1\/3&#8243;][vc_btn title=&#8221;Confiez-nous votre projet&#8221; color=&#8221;secondarycolor&#8221; align=&#8221;center&#8221; css=&#8221;&#8221; link=&#8221;url:https%3A%2F%2Fimpactup.com%2Fetude-personnalisee%2F&#8221;][\/vc_column][vc_column width=&#8221;1\/3&#8243;][vc_btn title=&#8221;Contactez-nous&#8221; color=&#8221;secondarycolor&#8221; align=&#8221;center&#8221; css=&#8221;&#8221; link=&#8221;url:https%3A%2F%2Fimpactup.com%2Fcontact%2F&#8221;][\/vc_column][\/vc_row][vc_row css=&#8221;.vc_custom_1717658386032{padding-top: 40px !important;padding-bottom: 20px !important;}&#8221;][vc_column][vc_column_text css=&#8221;&#8221;]<\/p>\n<section style=\"text-align: justify;\">\n<h2><strong>ImpactUp, un cabinet de recrutement proposant le meilleur service<\/strong><\/h2>\n<p>Vous \u00eates en qu\u00eate des meilleurs talents pour votre entreprise\u2009? <strong>ImpactUp<\/strong> est l\u00e0 pour vous aider. Ce <a href=\"https:\/\/impactup.com\/glossaire\/cabinet-de-recrutement-en-franchise\/\"><strong>cabinet de recrutement<\/strong><\/a> se d\u00e9marque par son service optimal, consid\u00e9r\u00e9 comme \u00e9tant le <a href=\"https:\/\/impactup.com\/glossaire\/cabinet-de-recrutement-en-franchise\/\"><strong>meilleur <\/strong><\/a>dans ce domaine.<\/p>\n<\/section>\n<p>[\/vc_column_text][\/vc_column][\/vc_row][vc_row][vc_column width=&#8221;1\/3&#8243;][vc_btn title=&#8221;Voir notre offre&#8221; color=&#8221;secondarycolor&#8221; align=&#8221;center&#8221; css=&#8221;&#8221; link=&#8221;url:https%3A%2F%2Fimpactup.com%2Frecrutement%2F&#8221;][\/vc_column][vc_column width=&#8221;1\/3&#8243;][vc_btn title=&#8221;Confiez-nous votre projet&#8221; color=&#8221;secondarycolor&#8221; align=&#8221;center&#8221; css=&#8221;&#8221; link=&#8221;url:https%3A%2F%2Fimpactup.com%2Fetude-personnalisee%2F&#8221;][\/vc_column][vc_column width=&#8221;1\/3&#8243;][vc_btn title=&#8221;Contactez-nous&#8221; color=&#8221;secondarycolor&#8221; align=&#8221;center&#8221; css=&#8221;&#8221; link=&#8221;url:https%3A%2F%2Fimpactup.com%2Fcontact%2F&#8221;][\/vc_column][\/vc_row][vc_row css=&#8221;.vc_custom_1717658445522{padding-top: 40px !important;}&#8221;][vc_column][vc_column_text css=&#8221;&#8221;]<\/p>\n<section style=\"text-align: justify;\">\n<h2><strong>Comment choisir le meilleur cabinet de recrutement\u2009?<\/strong><\/h2>\n<p>Identifier et embaucher de nouveaux collaborateurs constituent une mission complexe et d\u00e9licate. Il est donc \u00e9vident de d\u00e9l\u00e9guer cette t\u00e2che \u00e0 un professionnel. Mais comment trouver et s\u00e9lectionner le <a href=\"https:\/\/impactup.com\/glossaire\/consultant-en-recrutement-independant\/\"><strong>meilleur cabinet de recrutement<\/strong><\/a>\u2009? Voici quelques astuces.<\/p>\n<ul>\n<li><strong>D\u00e9finir les besoins<\/strong><\/li>\n<\/ul>\n<p>Le poste \u00e0 pourvoir doit \u00eatre clairement d\u00e9fini ainsi que les comp\u00e9tences requises et les missions associ\u00e9es. L\u2019entreprise pourra ensuite mener ses recherches en fonction de ces \u00e9l\u00e9ments.<\/p>\n<ul>\n<li><strong>S\u2019informer de la r\u00e9putation et de la notori\u00e9t\u00e9 du cabinet de recrutement<\/strong><\/li>\n<\/ul>\n<p>Pour cela, il ne faut pas h\u00e9siter \u00e0 consulter les avis en ligne et \u00e0 demander des recommandations \u00e0 son r\u00e9seau professionnel. De m\u00eame, il est important de v\u00e9rifier les r\u00e9f\u00e9rences du cabinet.<\/p>\n<ul>\n<li><strong>Privil\u00e9gier le contact humain<\/strong><\/li>\n<\/ul>\n<p>Le choix d\u2019un cabinet de recrutement d\u00e9pend de la qualit\u00e9 de la communication. \u00c0 travers un entretien, il importe de choisir un prestataire avec lequel l\u2019entreprise se sent \u00e0 l\u2019aise. Celle-ci devra aussi s\u2019assurer qu\u2019il comprend parfaitement sa culture et ses besoins sp\u00e9cifiques. \u00c9changer sur ses valeurs et son m\u00e9tier est parfois indispensable pour une meilleure collaboration.<\/p>\n<ul>\n<li><strong>Comparer les tarifs de chaque offre<\/strong><\/li>\n<\/ul>\n<p>Il faut \u00e9galement s\u2019assurer que le co\u00fbt justifie l\u2019expertise et l\u2019implication du cabinet. Par ailleurs, l\u2019adh\u00e9sion du cabinet \u00e0 des associations ou des syndicats professionnels constitue un gage de s\u00e9rieux et de respect des r\u00e8gles \u00e9thiques. Il peut s\u2019agir entre autres du Syndicat du Conseil en Recrutement (Syntec) ou de l\u2019Association professionnelle \u00e0 comp\u00e9tence \u00e9gale.<\/p>\n<p>Dans tous les cas, un <strong>cabinet<\/strong> <strong>de recrutement<\/strong> qui dispose des moyens n\u00e9cessaires comme <strong>ImpactUp<\/strong> se pr\u00e9sente comme le <strong>meilleur<\/strong> choix.<\/p>\n<h2><strong>ImpactUp\u00a0: une soci\u00e9t\u00e9 de r\u00e9f\u00e9rence en recrutement commercial et marketing<\/strong><\/h2>\n<p>Depuis 2005, <a href=\"https:\/\/impactup.com\/\"><strong>ImpactUp<\/strong><\/a> accompagne les grandes entreprises et les PME dans leurs projets d\u2019embauche. Avec des bureaux implant\u00e9s \u00e0 Paris, Nantes, La Rochelle, Toulouse, Lyon et Lille, notre cabinet est en mesure de r\u00e9pondre aux attentes de chaque client sur l\u2019ensemble du territoire.<\/p>\n<p>Vous cherchez des professionnels pouvant apporter de la valeur ajout\u00e9e \u00e0 vos ressources humaines\u2009? Vous pouvez nous contacter pour tout projet de recrutement dans le domaine du marketing et du commerce.<\/p>\n<p>Optez pour nos consultants sp\u00e9cialis\u00e9s dans la recherche de profils commerciaux\u00a0: managers, experts en marketing, commerciaux sur terrain et s\u00e9dentaires, etc. Ils cumulent plus de 2\u2009000\u00a0recrutements et assurent chaque \u00e9tape du recrutement allant de la d\u00e9finition de vos besoins \u00e0 l\u2019int\u00e9gration des candidats retenus. Ils garantissent \u00e9galement un suivi personnalis\u00e9 de chaque mission.<\/p>\n<p>Forts d\u2019une solide expertise dans ce domaine, nous sommes consid\u00e9r\u00e9s \u00e0 juste titre comme l\u2019un des <a href=\"https:\/\/impactup.com\/glossaire\/comment-devenir-recruteur-independant\/\"><strong>meilleurs cabinets de recrutement <\/strong><\/a>en France. \u00c0 cet effet, nous mettons en \u0153uvre les moyens n\u00e9cessaires pour identifier et \u00e9valuer les talents qui peuvent correspondre au poste \u00e0 pourvoir. Chaque processus est r\u00e9alis\u00e9 avec rigueur et dans le respect des candidats, en adh\u00e9rant aux crit\u00e8res de non-discrimination.<\/p>\n<\/section>\n<p>[\/vc_column_text][\/vc_column][\/vc_row]<\/p>\n<\/div>","protected":false},"excerpt":{"rendered":"<p>[vc_row][vc_column width=&#8221;1\/3&#8243;][vc_btn title=&#8221;Voir notre offre&#8221; color=&#8221;secondarycolor&#8221; align=&#8221;center&#8221; css=&#8221;&#8221; link=&#8221;url:https%3A%2F%2Fimpactup.com%2Frecrutement%2F&#8221;][\/vc_column][vc_column width=&#8221;1\/3&#8243;][vc_btn title=&#8221;Confiez-nous votre projet&#8221; color=&#8221;secondarycolor&#8221; align=&#8221;center&#8221; css=&#8221;&#8221; link=&#8221;url:https%3A%2F%2Fimpactup.com%2Fetude-personnalisee%2F&#8221;][\/vc_column][vc_column width=&#8221;1\/3&#8243;][vc_btn title=&#8221;Contactez-nous&#8221; color=&#8221;secondarycolor&#8221; align=&#8221;center&#8221; css=&#8221;&#8221; link=&#8221;url:https%3A%2F%2Fimpactup.com%2Fcontact%2F&#8221;][\/vc_column][\/vc_row][vc_row css=&#8221;.vc_custom_1717658386032{padding-top: 40px !important;padding-bottom: 20px !important;}&#8221;][vc_column][vc_column_text css=&#8221;&#8221;] ImpactUp, un cabinet de recrutement proposant le meilleur service Vous \u00eates en qu\u00eate des meilleurs talents pour votre entreprise\u2009? ImpactUp est l\u00e0 pour vous aider. Ce [&hellip;]<\/p>\n","protected":false},"author":4,"featured_media":0,"parent":17218,"menu_order":0,"comment_status":"closed","ping_status":"closed","template":"","meta":{"_monsterinsights_skip_tracking":false,"_monsterinsights_sitenote_active":false,"_monsterinsights_sitenote_note":"","_monsterinsights_sitenote_category":0,"footnotes":""},"class_list":["post-25931","page","type-page","status-publish","hentry"],"yoast_head":"<!-- This site is optimized with the Yoast SEO plugin v27.0 - https:\/\/yoast.com\/product\/yoast-seo-wordpress\/ -->\n<title>Trouver le meilleur cabinet de recrutement<\/title>\n<meta name=\"description\" content=\"Vous \u00eates \u00e0 la recherche du meilleur cabinet de recrutement\u2009? ImpactUp se distingue comme le meilleur cabinet de recrutement \u00e0 votre service.\" \/>\n<meta name=\"robots\" content=\"index, follow, max-snippet:-1, max-image-preview:large, max-video-preview:-1\" \/>\n<link rel=\"canonical\" href=\"https:\/\/impactup.com\/en\/glossaire\/meilleur-cabinet-de-recrutement\/\" \/>\n<meta property=\"og:locale\" content=\"en_US\" \/>\n<meta property=\"og:type\" content=\"article\" \/>\n<meta property=\"og:title\" content=\"Trouver le meilleur cabinet de recrutement\" \/>\n<meta property=\"og:description\" content=\"Vous \u00eates \u00e0 la recherche du meilleur cabinet de recrutement\u2009? ImpactUp se distingue comme le meilleur cabinet de recrutement \u00e0 votre service.\" \/>\n<meta property=\"og:url\" content=\"https:\/\/impactup.com\/en\/glossaire\/meilleur-cabinet-de-recrutement\/\" \/>\n<meta property=\"og:site_name\" content=\"ImpactUp\" \/>\n<meta property=\"article:modified_time\" content=\"2024-06-12T14:18:39+00:00\" \/>\n<meta property=\"og:image\" content=\"https:\/\/impactup.com\/wp-content\/uploads\/2021\/01\/og.jpg\" \/>\n\t<meta property=\"og:image:width\" content=\"1067\" \/>\n\t<meta property=\"og:image:height\" content=\"600\" \/>\n\t<meta property=\"og:image:type\" content=\"image\/jpeg\" \/>\n<meta name=\"twitter:card\" content=\"summary_large_image\" \/>\n<meta name=\"twitter:label1\" content=\"Est. reading time\" \/>\n\t<meta name=\"twitter:data1\" content=\"3 minutes\" \/>\n<script type=\"application\/ld+json\" class=\"yoast-schema-graph\">{\"@context\":\"https:\/\/schema.org\",\"@graph\":[{\"@type\":\"WebPage\",\"@id\":\"https:\/\/impactup.com\/en\/glossaire\/meilleur-cabinet-de-recrutement\/\",\"url\":\"https:\/\/impactup.com\/en\/glossaire\/meilleur-cabinet-de-recrutement\/\",\"name\":\"Trouver le meilleur cabinet de recrutement\",\"isPartOf\":{\"@id\":\"https:\/\/impactup.com\/en\/#website\"},\"datePublished\":\"2024-06-10T07:24:06+00:00\",\"dateModified\":\"2024-06-12T14:18:39+00:00\",\"description\":\"Vous \u00eates \u00e0 la recherche du meilleur cabinet de recrutement\u2009? ImpactUp se distingue comme le meilleur cabinet de recrutement \u00e0 votre service.\",\"breadcrumb\":{\"@id\":\"https:\/\/impactup.com\/en\/glossaire\/meilleur-cabinet-de-recrutement\/#breadcrumb\"},\"inLanguage\":\"en-US\",\"potentialAction\":[{\"@type\":\"ReadAction\",\"target\":[\"https:\/\/impactup.com\/en\/glossaire\/meilleur-cabinet-de-recrutement\/\"]}]},{\"@type\":\"BreadcrumbList\",\"@id\":\"https:\/\/impactup.com\/en\/glossaire\/meilleur-cabinet-de-recrutement\/#breadcrumb\",\"itemListElement\":[{\"@type\":\"ListItem\",\"position\":1,\"name\":\"Accueil\",\"item\":\"https:\/\/impactup.com\/en\/\"},{\"@type\":\"ListItem\",\"position\":2,\"name\":\"Glossaire\",\"item\":\"https:\/\/impactup.com\/en\/glossaire\/\"},{\"@type\":\"ListItem\",\"position\":3,\"name\":\"ImpactUp, un cabinet de recrutement proposant le meilleur service\"}]},{\"@type\":\"WebSite\",\"@id\":\"https:\/\/impactup.com\/en\/#website\",\"url\":\"https:\/\/impactup.com\/en\/\",\"name\":\"ImpactUp\",\"description\":\"Recrutement commerciaux, directions commerciales et fonctions marketing\",\"potentialAction\":[{\"@type\":\"SearchAction\",\"target\":{\"@type\":\"EntryPoint\",\"urlTemplate\":\"https:\/\/impactup.com\/en\/?s={search_term_string}\"},\"query-input\":{\"@type\":\"PropertyValueSpecification\",\"valueRequired\":true,\"valueName\":\"search_term_string\"}}],\"inLanguage\":\"en-US\"}]}<\/script>\n<!-- \/ Yoast SEO plugin. -->","yoast_head_json":{"title":"Trouver le meilleur cabinet de recrutement","description":"Vous \u00eates \u00e0 la recherche du meilleur cabinet de recrutement\u2009? ImpactUp se distingue comme le meilleur cabinet de recrutement \u00e0 votre service.","robots":{"index":"index","follow":"follow","max-snippet":"max-snippet:-1","max-image-preview":"max-image-preview:large","max-video-preview":"max-video-preview:-1"},"canonical":"https:\/\/impactup.com\/en\/glossaire\/meilleur-cabinet-de-recrutement\/","og_locale":"en_US","og_type":"article","og_title":"Trouver le meilleur cabinet de recrutement","og_description":"Vous \u00eates \u00e0 la recherche du meilleur cabinet de recrutement\u2009? ImpactUp se distingue comme le meilleur cabinet de recrutement \u00e0 votre service.","og_url":"https:\/\/impactup.com\/en\/glossaire\/meilleur-cabinet-de-recrutement\/","og_site_name":"ImpactUp","article_modified_time":"2024-06-12T14:18:39+00:00","og_image":[{"width":1067,"height":600,"url":"https:\/\/impactup.com\/wp-content\/uploads\/2021\/01\/og.jpg","type":"image\/jpeg"}],"twitter_card":"summary_large_image","twitter_misc":{"Est. reading time":"3 minutes"},"schema":{"@context":"https:\/\/schema.org","@graph":[{"@type":"WebPage","@id":"https:\/\/impactup.com\/en\/glossaire\/meilleur-cabinet-de-recrutement\/","url":"https:\/\/impactup.com\/en\/glossaire\/meilleur-cabinet-de-recrutement\/","name":"Trouver le meilleur cabinet de recrutement","isPartOf":{"@id":"https:\/\/impactup.com\/en\/#website"},"datePublished":"2024-06-10T07:24:06+00:00","dateModified":"2024-06-12T14:18:39+00:00","description":"Vous \u00eates \u00e0 la recherche du meilleur cabinet de recrutement\u2009? ImpactUp se distingue comme le meilleur cabinet de recrutement \u00e0 votre service.","breadcrumb":{"@id":"https:\/\/impactup.com\/en\/glossaire\/meilleur-cabinet-de-recrutement\/#breadcrumb"},"inLanguage":"en-US","potentialAction":[{"@type":"ReadAction","target":["https:\/\/impactup.com\/en\/glossaire\/meilleur-cabinet-de-recrutement\/"]}]},{"@type":"BreadcrumbList","@id":"https:\/\/impactup.com\/en\/glossaire\/meilleur-cabinet-de-recrutement\/#breadcrumb","itemListElement":[{"@type":"ListItem","position":1,"name":"Accueil","item":"https:\/\/impactup.com\/en\/"},{"@type":"ListItem","position":2,"name":"Glossaire","item":"https:\/\/impactup.com\/en\/glossaire\/"},{"@type":"ListItem","position":3,"name":"ImpactUp, un cabinet de recrutement proposant le meilleur service"}]},{"@type":"WebSite","@id":"https:\/\/impactup.com\/en\/#website","url":"https:\/\/impactup.com\/en\/","name":"ImpactUp","description":"Recrutement commerciaux, directions commerciales et fonctions marketing","potentialAction":[{"@type":"SearchAction","target":{"@type":"EntryPoint","urlTemplate":"https:\/\/impactup.com\/en\/?s={search_term_string}"},"query-input":{"@type":"PropertyValueSpecification","valueRequired":true,"valueName":"search_term_string"}}],"inLanguage":"en-US"}]}},"_links":{"self":[{"href":"https:\/\/impactup.com\/en\/wp-json\/wp\/v2\/pages\/25931","targetHints":{"allow":["GET"]}}],"collection":[{"href":"https:\/\/impactup.com\/en\/wp-json\/wp\/v2\/pages"}],"about":[{"href":"https:\/\/impactup.com\/en\/wp-json\/wp\/v2\/types\/page"}],"author":[{"embeddable":true,"href":"https:\/\/impactup.com\/en\/wp-json\/wp\/v2\/users\/4"}],"replies":[{"embeddable":true,"href":"https:\/\/impactup.com\/en\/wp-json\/wp\/v2\/comments?post=25931"}],"version-history":[{"count":4,"href":"https:\/\/impactup.com\/en\/wp-json\/wp\/v2\/pages\/25931\/revisions"}],"predecessor-version":[{"id":26530,"href":"https:\/\/impactup.com\/en\/wp-json\/wp\/v2\/pages\/25931\/revisions\/26530"}],"up":[{"embeddable":true,"href":"https:\/\/impactup.com\/en\/wp-json\/wp\/v2\/pages\/17218"}],"wp:attachment":[{"href":"https:\/\/impactup.com\/en\/wp-json\/wp\/v2\/media?parent=25931"}],"curies":[{"name":"wp","href":"https:\/\/api.w.org\/{rel}","templated":true}]}}