{"id":25927,"date":"2024-06-10T09:22:47","date_gmt":"2024-06-10T07:22:47","guid":{"rendered":"https:\/\/impactup.niou.dev\/?page_id=25927"},"modified":"2025-06-02T13:39:10","modified_gmt":"2025-06-02T11:39:10","slug":"meilleur-cabinet-de-recrutement-marketing","status":"publish","type":"page","link":"https:\/\/impactup.com\/en\/glossaire\/meilleur-cabinet-de-recrutement-marketing\/","title":{"rendered":"ImpactUp, le meilleur cabinet de recrutement sp\u00e9cialiste des fonctions marketing"},"content":{"rendered":"<div class=\"wpb-content-wrapper\"><p>[vc_row][vc_column width=&#8221;1\/3&#8243;][vc_btn title=&#8221;Voir notre offre&#8221; color=&#8221;secondarycolor&#8221; align=&#8221;center&#8221; css=&#8221;&#8221; link=&#8221;url:https%3A%2F%2Fimpactup.com%2Frecrutement%2F&#8221;][\/vc_column][vc_column width=&#8221;1\/3&#8243;][vc_btn title=&#8221;Confiez-nous votre projet&#8221; color=&#8221;secondarycolor&#8221; align=&#8221;center&#8221; css=&#8221;&#8221; link=&#8221;url:https%3A%2F%2Fimpactup.com%2Fetude-personnalisee%2F&#8221;][\/vc_column][vc_column width=&#8221;1\/3&#8243;][vc_btn title=&#8221;Contactez-nous&#8221; color=&#8221;secondarycolor&#8221; align=&#8221;center&#8221; css=&#8221;&#8221; link=&#8221;url:https%3A%2F%2Fimpactup.com%2Fcontact%2F&#8221;][\/vc_column][\/vc_row][vc_row css=&#8221;.vc_custom_1717658386032{padding-top: 40px !important;padding-bottom: 20px !important;}&#8221;][vc_column][vc_column_text css=&#8221;&#8221;]<\/p>\n<section style=\"text-align: justify;\">\n<h2 style=\"text-align: justify;\"><strong>ImpactUp, le meilleur cabinet de recrutement sp\u00e9cialiste des fonctions marketing<\/strong><\/h2>\n<p style=\"text-align: justify;\">Figurant plusieurs fois dans le palmar\u00e8s des meilleurs cabinets de recrutement sp\u00e9cialistes, <strong>ImpactUp<\/strong> peut se d\u00e9finir comme le <a href=\"https:\/\/impactup.com\/glossaire\/meilleur-cabinet-de-recrutement-commercial\/\"><strong>meilleur cabinet de recrutement<\/strong> <strong>expert dans les fonctions<\/strong> <strong>marketing<\/strong><\/a> et commerciales. En effet, notre \u00e9quipe comptabilise plus de 2\u2009000\u00a0recrutements dans ce domaine depuis le lancement de notre activit\u00e9 en 2005.<\/p>\n<p>&nbsp;<\/p>\n<\/section>\n<p>[\/vc_column_text][\/vc_column][\/vc_row][vc_row][vc_column width=&#8221;1\/3&#8243;][vc_btn title=&#8221;Voir notre offre&#8221; color=&#8221;secondarycolor&#8221; align=&#8221;center&#8221; css=&#8221;&#8221; link=&#8221;url:https%3A%2F%2Fimpactup.com%2Frecrutement%2F&#8221;][\/vc_column][vc_column width=&#8221;1\/3&#8243;][vc_btn title=&#8221;Confiez-nous votre projet&#8221; color=&#8221;secondarycolor&#8221; align=&#8221;center&#8221; css=&#8221;&#8221; link=&#8221;url:https%3A%2F%2Fimpactup.com%2Fetude-personnalisee%2F&#8221;][\/vc_column][vc_column width=&#8221;1\/3&#8243;][vc_btn title=&#8221;Contactez-nous&#8221; color=&#8221;secondarycolor&#8221; align=&#8221;center&#8221; css=&#8221;&#8221; link=&#8221;url:https%3A%2F%2Fimpactup.com%2Fcontact%2F&#8221;][\/vc_column][\/vc_row][vc_row css=&#8221;.vc_custom_1717658445522{padding-top: 40px !important;}&#8221;][vc_column][vc_column_text css=&#8221;&#8221;]<\/p>\n<h2 style=\"text-align: justify;\"><strong>Comment reconna\u00eetre le meilleur cabinet de recrutement\u2009?<\/strong><\/h2>\n<p style=\"text-align: justify;\">Le <a href=\"https:\/\/impactup.com\/glossaire\/devenir-recruteur-independant\/\"><strong>meilleur cabinet de recrutement<\/strong> <strong>sp\u00e9cialis\u00e9 en<\/strong> <strong>marketing<\/strong><\/a> sera toujours celui que vous jugerez en mesure de r\u00e9pondre \u00e0 vos attentes. Voil\u00e0 pourquoi il faudra bien choisir ce prestataire. Apr\u00e8s avoir bien d\u00e9fini les exigences du poste \u00e0 pourvoir et le profil du candidat id\u00e9al, vous devrez prendre en compte plusieurs crit\u00e8res pour la s\u00e9lection de l\u2019agence.<\/p>\n<p style=\"text-align: justify;\">Bien entendu, il est recommand\u00e9 de s\u2019adresser uniquement aux prestataires experts dans le domaine du marketing. Ils seront les plus \u00e0 m\u00eame de r\u00e9pondre \u00e0 votre demande. Vous devrez ensuite v\u00e9rifier les comp\u00e9tences des cabinets pr\u00e9s\u00e9lectionn\u00e9s ainsi que le niveau de satisfaction des clients pass\u00e9s et pr\u00e9sents.<\/p>\n<p style=\"text-align: justify;\">Il est conseill\u00e9 de prendre contact pour avoir une id\u00e9e des ressources qui seront d\u00e9ploy\u00e9es pour la prise en charge de la mission que vous souhaitez leur confier. S\u2019il s\u2019agit de trouver une personne pour un poste d\u00e9localis\u00e9, la solution la plus indiqu\u00e9e est de trouver un cabinet de recrutement sur place.<\/p>\n<p style=\"text-align: justify;\">Pour sa part, <a href=\"https:\/\/impactup.com\/\"><strong>ImpactUp<\/strong><\/a> est pr\u00e9sent \u00e0 Paris, Lyon, Bordeaux, la Rochelle, Nantes et Toulouse. Nos \u00e9quipes ma\u00eetrisent les fondamentaux et les contraintes des m\u00e9tiers \u00e9tant donn\u00e9 que les membres sont tous issus du terrain.<\/p>\n<p style=\"text-align: justify;\">En outre, notre cabinet apporte une solution personnalis\u00e9e et fournit un accompagnement dans la dur\u00e9e \u00e0 chacun de ses clients. Ainsi, les entreprises qui recourent \u00e0 notre service, qu\u2019elles soient de grandes structures ou des PME, deviennent au fil du temps de v\u00e9ritables partenaires.<\/p>\n<p style=\"text-align: justify;\">Ce n\u2019est pas tout, nous privil\u00e9gions une relation saine et durable avec les candidats, ce qui nous permet de disposer de ressources potentielles et fiables en sourcing.<\/p>\n<p style=\"text-align: justify;\">Pour assister notre \u00e9quipe dans la s\u00e9lection des candidats, nous avons d\u00e9velopp\u00e9 des outils d\u2019\u00e9valuation qui ont d\u00e9j\u00e0 fait leurs preuves aupr\u00e8s de nombreuses entreprises ayant choisi de nous confier leurs projets de recrutement en marketing.<\/p>\n<p style=\"text-align: justify;\">Ainsi, pour trouver le profil id\u00e9al, nous analysons les CV des candidats sur des crit\u00e8res objectifs. Les postulants pr\u00e9s\u00e9lectionn\u00e9s passeront par la suite des entretiens t\u00e9l\u00e9phoniques avant de rencontrer nos consultants pour des entretiens physiques, des prises de r\u00e9f\u00e9rence et des \u00e9valuations.<\/p>\n<p style=\"text-align: justify;\">Ainsi, chacun d\u2019entre eux est soumis \u00e0 des tests de comp\u00e9tence, des tests de personnalit\u00e9, \u00e0 une \u00e9valuation des comp\u00e9tences linguistiques et \u00e0 des tests d\u2019aptitudes verbales, num\u00e9riques et cognitives. Pour cela, nous utilisons, entre autres, BF5, Profil Pro\u00a02, Profil Vente-R, CTPI-R, Test de raisonnement-R, et Test de culture g\u00e9n\u00e9rale\u00a02020.<\/p>\n<p style=\"text-align: justify;\">Cette d\u00e9marche permet aux recruteurs et aux responsables RH de v\u00e9rifier pr\u00e9cis\u00e9ment l\u2019ad\u00e9quation entre le poste et le profil du candidat. Pour l\u2019\u00e9valuation linguistique, nous travaillons en collaboration avec le leader mondial dans ce domaine, et l\u2019outil nous permet de mesurer le niveau r\u00e9el du candidat (compr\u00e9hension, prise de parole, et \u00e9criture).<\/p>\n<p style=\"text-align: justify;\">Pour le recrutement de manager marketing, le client peut demander l\u2019organisation d\u2019un assessment afin d\u2019\u00e9valuer au mieux les capacit\u00e9s manag\u00e9riales des candidats. Ce dispositif consiste \u00e0 les confronter \u00e0 des situations de travail r\u00e9elles afin d\u2019analyser leurs comp\u00e9tences comportementales, telles que la vision strat\u00e9gique, le leadership, la cr\u00e9ativit\u00e9, l\u2019agilit\u00e9, ou encore la capacit\u00e9 d\u2019organisation et la gestion du temps et des priorit\u00e9s.<\/p>\n<h2 style=\"text-align: justify;\"><strong>Les avantages du recours \u00e0 un cabinet expert dans les fonctions marketing<\/strong><\/h2>\n<p style=\"text-align: justify;\">Trouver des collaborateurs sp\u00e9cialis\u00e9s dans l\u2019univers du marketing peut se transformer en parcours du combattant pour certaines entreprises qui ont des demandes particuli\u00e8res. De plus, ces derni\u00e8res sont en g\u00e9n\u00e9ral sup\u00e9rieures \u00e0 l\u2019offre de sorte qu\u2019il peut exister, dans certains domaines et localit\u00e9s, une p\u00e9nurie de candidats.<\/p>\n<p style=\"text-align: justify;\">En faisant appel au <strong>meilleur cabinet de recrutement<\/strong> <strong>expert du marketing<\/strong> comme <strong>ImpactUp<\/strong>, vous pouvez d\u00e9nicher les perles rares. Nous disposons des comp\u00e9tences et du savoir-faire requis, mais \u00e9galement des ressources techniques et humaines adapt\u00e9es pour r\u00e9aliser une recherche. Notre \u00e9quipe ma\u00eetrise les particularit\u00e9s et les tendances s\u2019y rapportant, ce qui nous permet d\u2019\u00eatre plus r\u00e9actifs et plus efficaces.<\/p>\n<p style=\"text-align: justify;\">Cette externalisation vous permettra aussi de vous concentrer sur d\u2019autres t\u00e2ches plus urgentes, la gestion d\u2019un processus de recrutement \u00e9tant \u00e0 la fois complexe et chronophage. Vous devrez toutefois bien pr\u00e9ciser vos besoins du poste \u00e0 pourvoir.<\/p>\n<h2 style=\"text-align: justify;\"><strong>Des prestations \u00e0 la hauteur de vos attentes chez ImpactUp<\/strong><\/h2>\n<p style=\"text-align: justify;\">Si vous cherchez le <a href=\"https:\/\/impactup.com\/glossaire\/recruteur-independant\/\"><strong>meilleur cabinet de recrutement<\/strong> <strong>sp\u00e9cialiste du<\/strong> <strong>marketing<\/strong><\/a>, ImpactUp fait partie des choix \u00e0 privil\u00e9gier. Nos nombreuses ann\u00e9es d\u2019exp\u00e9rience dans la prospection de talents pour les fonctions commerciales et marketing, notre couverture nationale, mais \u00e9galement les comp\u00e9tences de nos recruteurs aguerris sont des garanties de notre fiabilit\u00e9.<\/p>\n<p style=\"text-align: justify;\">Outre la recherche de candidats, nos consultants peuvent aussi vous aider dans la d\u00e9finition de vos besoins et celle du profil adapt\u00e9 \u00e0 la nature et aux sp\u00e9cificit\u00e9s des postes \u00e0 combler au sein de votre entreprise.<\/p>\n<p style=\"text-align: justify;\">Enfin, ils peuvent endosser le r\u00f4le de chasseurs de t\u00eates pour les places difficiles \u00e0 pourvoir.<\/p>\n<p>[\/vc_column_text][\/vc_column][\/vc_row]<\/p>\n<\/div>","protected":false},"excerpt":{"rendered":"<p>[vc_row][vc_column width=&#8221;1\/3&#8243;][vc_btn title=&#8221;Voir notre offre&#8221; color=&#8221;secondarycolor&#8221; align=&#8221;center&#8221; css=&#8221;&#8221; link=&#8221;url:https%3A%2F%2Fimpactup.com%2Frecrutement%2F&#8221;][\/vc_column][vc_column width=&#8221;1\/3&#8243;][vc_btn title=&#8221;Confiez-nous votre projet&#8221; color=&#8221;secondarycolor&#8221; align=&#8221;center&#8221; css=&#8221;&#8221; link=&#8221;url:https%3A%2F%2Fimpactup.com%2Fetude-personnalisee%2F&#8221;][\/vc_column][vc_column width=&#8221;1\/3&#8243;][vc_btn title=&#8221;Contactez-nous&#8221; color=&#8221;secondarycolor&#8221; align=&#8221;center&#8221; css=&#8221;&#8221; link=&#8221;url:https%3A%2F%2Fimpactup.com%2Fcontact%2F&#8221;][\/vc_column][\/vc_row][vc_row css=&#8221;.vc_custom_1717658386032{padding-top: 40px !important;padding-bottom: 20px !important;}&#8221;][vc_column][vc_column_text css=&#8221;&#8221;] ImpactUp, le meilleur cabinet de recrutement sp\u00e9cialiste des fonctions marketing Figurant plusieurs fois dans le palmar\u00e8s des meilleurs cabinets de recrutement sp\u00e9cialistes, ImpactUp peut se d\u00e9finir [&hellip;]<\/p>\n","protected":false},"author":4,"featured_media":0,"parent":17218,"menu_order":0,"comment_status":"closed","ping_status":"closed","template":"","meta":{"_monsterinsights_skip_tracking":false,"_monsterinsights_sitenote_active":false,"_monsterinsights_sitenote_note":"","_monsterinsights_sitenote_category":0,"footnotes":""},"class_list":["post-25927","page","type-page","status-publish","hentry"],"yoast_head":"<!-- This site is optimized with the Yoast SEO plugin v27.0 - https:\/\/yoast.com\/product\/yoast-seo-wordpress\/ -->\n<title>Le meilleur cabinet de recrutement pour le domaine du marketing<\/title>\n<meta name=\"description\" content=\"S\u2019adresser au meilleur cabinet de recrutement sp\u00e9cialiste du marketing. ImpactUp est le meilleur cabinet de recrutement pour les domaines du marketing et commercial.\" \/>\n<meta name=\"robots\" content=\"index, follow, max-snippet:-1, max-image-preview:large, max-video-preview:-1\" \/>\n<link rel=\"canonical\" href=\"https:\/\/impactup.com\/en\/glossaire\/meilleur-cabinet-de-recrutement-marketing\/\" \/>\n<meta property=\"og:locale\" content=\"en_US\" \/>\n<meta property=\"og:type\" content=\"article\" \/>\n<meta property=\"og:title\" content=\"Le meilleur cabinet de recrutement pour le domaine du marketing\" \/>\n<meta property=\"og:description\" content=\"S\u2019adresser au meilleur cabinet de recrutement sp\u00e9cialiste du marketing. ImpactUp est le meilleur cabinet de recrutement pour les domaines du marketing et commercial.\" \/>\n<meta property=\"og:url\" content=\"https:\/\/impactup.com\/en\/glossaire\/meilleur-cabinet-de-recrutement-marketing\/\" \/>\n<meta property=\"og:site_name\" content=\"ImpactUp\" \/>\n<meta property=\"article:modified_time\" content=\"2025-06-02T11:39:10+00:00\" \/>\n<meta property=\"og:image\" content=\"https:\/\/impactup.com\/wp-content\/uploads\/2021\/01\/og.jpg\" \/>\n\t<meta property=\"og:image:width\" content=\"1067\" \/>\n\t<meta property=\"og:image:height\" content=\"600\" \/>\n\t<meta property=\"og:image:type\" content=\"image\/jpeg\" \/>\n<meta name=\"twitter:card\" content=\"summary_large_image\" \/>\n<meta name=\"twitter:label1\" content=\"Est. reading time\" \/>\n\t<meta name=\"twitter:data1\" content=\"3 minutes\" \/>\n<script type=\"application\/ld+json\" class=\"yoast-schema-graph\">{\"@context\":\"https:\/\/schema.org\",\"@graph\":[{\"@type\":\"WebPage\",\"@id\":\"https:\/\/impactup.com\/en\/glossaire\/meilleur-cabinet-de-recrutement-marketing\/\",\"url\":\"https:\/\/impactup.com\/en\/glossaire\/meilleur-cabinet-de-recrutement-marketing\/\",\"name\":\"Le meilleur cabinet de recrutement pour le domaine du marketing\",\"isPartOf\":{\"@id\":\"https:\/\/impactup.com\/en\/#website\"},\"datePublished\":\"2024-06-10T07:22:47+00:00\",\"dateModified\":\"2025-06-02T11:39:10+00:00\",\"description\":\"S\u2019adresser au meilleur cabinet de recrutement sp\u00e9cialiste du marketing. ImpactUp est le meilleur cabinet de recrutement pour les domaines du marketing et commercial.\",\"breadcrumb\":{\"@id\":\"https:\/\/impactup.com\/en\/glossaire\/meilleur-cabinet-de-recrutement-marketing\/#breadcrumb\"},\"inLanguage\":\"en-US\",\"potentialAction\":[{\"@type\":\"ReadAction\",\"target\":[\"https:\/\/impactup.com\/en\/glossaire\/meilleur-cabinet-de-recrutement-marketing\/\"]}]},{\"@type\":\"BreadcrumbList\",\"@id\":\"https:\/\/impactup.com\/en\/glossaire\/meilleur-cabinet-de-recrutement-marketing\/#breadcrumb\",\"itemListElement\":[{\"@type\":\"ListItem\",\"position\":1,\"name\":\"Accueil\",\"item\":\"https:\/\/impactup.com\/en\/\"},{\"@type\":\"ListItem\",\"position\":2,\"name\":\"Glossaire\",\"item\":\"https:\/\/impactup.com\/en\/glossaire\/\"},{\"@type\":\"ListItem\",\"position\":3,\"name\":\"ImpactUp, le meilleur cabinet de recrutement sp\u00e9cialiste des fonctions marketing\"}]},{\"@type\":\"WebSite\",\"@id\":\"https:\/\/impactup.com\/en\/#website\",\"url\":\"https:\/\/impactup.com\/en\/\",\"name\":\"ImpactUp\",\"description\":\"Recrutement commerciaux, directions commerciales et fonctions marketing\",\"potentialAction\":[{\"@type\":\"SearchAction\",\"target\":{\"@type\":\"EntryPoint\",\"urlTemplate\":\"https:\/\/impactup.com\/en\/?s={search_term_string}\"},\"query-input\":{\"@type\":\"PropertyValueSpecification\",\"valueRequired\":true,\"valueName\":\"search_term_string\"}}],\"inLanguage\":\"en-US\"}]}<\/script>\n<!-- \/ Yoast SEO plugin. -->","yoast_head_json":{"title":"Le meilleur cabinet de recrutement pour le domaine du marketing","description":"S\u2019adresser au meilleur cabinet de recrutement sp\u00e9cialiste du marketing. ImpactUp est le meilleur cabinet de recrutement pour les domaines du marketing et commercial.","robots":{"index":"index","follow":"follow","max-snippet":"max-snippet:-1","max-image-preview":"max-image-preview:large","max-video-preview":"max-video-preview:-1"},"canonical":"https:\/\/impactup.com\/en\/glossaire\/meilleur-cabinet-de-recrutement-marketing\/","og_locale":"en_US","og_type":"article","og_title":"Le meilleur cabinet de recrutement pour le domaine du marketing","og_description":"S\u2019adresser au meilleur cabinet de recrutement sp\u00e9cialiste du marketing. ImpactUp est le meilleur cabinet de recrutement pour les domaines du marketing et commercial.","og_url":"https:\/\/impactup.com\/en\/glossaire\/meilleur-cabinet-de-recrutement-marketing\/","og_site_name":"ImpactUp","article_modified_time":"2025-06-02T11:39:10+00:00","og_image":[{"width":1067,"height":600,"url":"https:\/\/impactup.com\/wp-content\/uploads\/2021\/01\/og.jpg","type":"image\/jpeg"}],"twitter_card":"summary_large_image","twitter_misc":{"Est. reading time":"3 minutes"},"schema":{"@context":"https:\/\/schema.org","@graph":[{"@type":"WebPage","@id":"https:\/\/impactup.com\/en\/glossaire\/meilleur-cabinet-de-recrutement-marketing\/","url":"https:\/\/impactup.com\/en\/glossaire\/meilleur-cabinet-de-recrutement-marketing\/","name":"Le meilleur cabinet de recrutement pour le domaine du marketing","isPartOf":{"@id":"https:\/\/impactup.com\/en\/#website"},"datePublished":"2024-06-10T07:22:47+00:00","dateModified":"2025-06-02T11:39:10+00:00","description":"S\u2019adresser au meilleur cabinet de recrutement sp\u00e9cialiste du marketing. ImpactUp est le meilleur cabinet de recrutement pour les domaines du marketing et commercial.","breadcrumb":{"@id":"https:\/\/impactup.com\/en\/glossaire\/meilleur-cabinet-de-recrutement-marketing\/#breadcrumb"},"inLanguage":"en-US","potentialAction":[{"@type":"ReadAction","target":["https:\/\/impactup.com\/en\/glossaire\/meilleur-cabinet-de-recrutement-marketing\/"]}]},{"@type":"BreadcrumbList","@id":"https:\/\/impactup.com\/en\/glossaire\/meilleur-cabinet-de-recrutement-marketing\/#breadcrumb","itemListElement":[{"@type":"ListItem","position":1,"name":"Accueil","item":"https:\/\/impactup.com\/en\/"},{"@type":"ListItem","position":2,"name":"Glossaire","item":"https:\/\/impactup.com\/en\/glossaire\/"},{"@type":"ListItem","position":3,"name":"ImpactUp, le meilleur cabinet de recrutement sp\u00e9cialiste des fonctions marketing"}]},{"@type":"WebSite","@id":"https:\/\/impactup.com\/en\/#website","url":"https:\/\/impactup.com\/en\/","name":"ImpactUp","description":"Recrutement commerciaux, directions commerciales et fonctions marketing","potentialAction":[{"@type":"SearchAction","target":{"@type":"EntryPoint","urlTemplate":"https:\/\/impactup.com\/en\/?s={search_term_string}"},"query-input":{"@type":"PropertyValueSpecification","valueRequired":true,"valueName":"search_term_string"}}],"inLanguage":"en-US"}]}},"_links":{"self":[{"href":"https:\/\/impactup.com\/en\/wp-json\/wp\/v2\/pages\/25927","targetHints":{"allow":["GET"]}}],"collection":[{"href":"https:\/\/impactup.com\/en\/wp-json\/wp\/v2\/pages"}],"about":[{"href":"https:\/\/impactup.com\/en\/wp-json\/wp\/v2\/types\/page"}],"author":[{"embeddable":true,"href":"https:\/\/impactup.com\/en\/wp-json\/wp\/v2\/users\/4"}],"replies":[{"embeddable":true,"href":"https:\/\/impactup.com\/en\/wp-json\/wp\/v2\/comments?post=25927"}],"version-history":[{"count":5,"href":"https:\/\/impactup.com\/en\/wp-json\/wp\/v2\/pages\/25927\/revisions"}],"predecessor-version":[{"id":29657,"href":"https:\/\/impactup.com\/en\/wp-json\/wp\/v2\/pages\/25927\/revisions\/29657"}],"up":[{"embeddable":true,"href":"https:\/\/impactup.com\/en\/wp-json\/wp\/v2\/pages\/17218"}],"wp:attachment":[{"href":"https:\/\/impactup.com\/en\/wp-json\/wp\/v2\/media?parent=25927"}],"curies":[{"name":"wp","href":"https:\/\/api.w.org\/{rel}","templated":true}]}}