{"id":25926,"date":"2024-06-10T09:21:12","date_gmt":"2024-06-10T07:21:12","guid":{"rendered":"https:\/\/impactup.niou.dev\/?page_id=25926"},"modified":"2025-06-02T11:20:48","modified_gmt":"2025-06-02T09:20:48","slug":"meilleur-cabinet-de-recrutement-commercial","status":"publish","type":"page","link":"https:\/\/impactup.com\/en\/glossaire\/meilleur-cabinet-de-recrutement-commercial\/","title":{"rendered":"ImpactUp, le meilleur cabinet de recrutement commercial pour booster votre succ\u00e8s"},"content":{"rendered":"<div class=\"wpb-content-wrapper\"><p>[vc_row][vc_column width=&#8221;1\/3&#8243;][vc_btn title=&#8221;Voir notre offre&#8221; color=&#8221;secondarycolor&#8221; align=&#8221;center&#8221; css=&#8221;&#8221; link=&#8221;url:https%3A%2F%2Fimpactup.com%2Frecrutement%2F&#8221;][\/vc_column][vc_column width=&#8221;1\/3&#8243;][vc_btn title=&#8221;Confiez-nous votre projet&#8221; color=&#8221;secondarycolor&#8221; align=&#8221;center&#8221; css=&#8221;&#8221; link=&#8221;url:https%3A%2F%2Fimpactup.com%2Fetude-personnalisee%2F&#8221;][\/vc_column][vc_column width=&#8221;1\/3&#8243;][vc_btn title=&#8221;Contactez-nous&#8221; color=&#8221;secondarycolor&#8221; align=&#8221;center&#8221; css=&#8221;&#8221; link=&#8221;url:https%3A%2F%2Fimpactup.com%2Fcontact%2F&#8221;][\/vc_column][\/vc_row][vc_row css=&#8221;.vc_custom_1717658386032{padding-top: 40px !important;padding-bottom: 20px !important;}&#8221;][vc_column][vc_column_text css=&#8221;&#8221;]<\/p>\n<section style=\"text-align: justify;\">\n<h2><strong>ImpactUp, le meilleur cabinet de recrutement commercial pour booster votre succ\u00e8s<\/strong><\/h2>\n<p style=\"text-align: justify;\">Dans un march\u00e9 en constante \u00e9volution, le recrutement de talents commerciaux et marketing hors norme est devenu un enjeu de premier ordre pour les entreprises de toutes tailles et de tous secteurs. Face \u00e0 cette probl\u00e9matique complexe, <strong>ImpactUp<\/strong> se positionne comme un partenaire incontournable pour les soci\u00e9t\u00e9s en qu\u00eate de l\u2019excellence.<\/p>\n<p style=\"text-align: justify;\">Fort de plus de 15\u00a0ans d\u2019exp\u00e9rience, ImpactUp s\u2019est impos\u00e9 comme le <a href=\"https:\/\/impactup.com\/glossaire\/meilleur-cabinet-de-recrutement-marketing\/\"><strong>cabinet de recrutement <\/strong><\/a>sp\u00e9cialis\u00e9, le <a href=\"https:\/\/impactup.com\/glossaire\/meilleur-cabinet-de-recrutement-marketing\/\"><strong>meilleur<\/strong> <strong>dans les fonctions<\/strong> <strong>commerciales<\/strong><\/a> et marketing. Son expertise reconnue lui permet d\u2019accompagner les entreprises dans la recherche, l\u2019\u00e9valuation et l\u2019int\u00e9gration des profils les plus ad\u00e9quats, contribuant ainsi \u00e0 leur croissance et \u00e0 leur p\u00e9rennit\u00e9.<\/p>\n<\/section>\n<p>[\/vc_column_text][\/vc_column][\/vc_row][vc_row][vc_column width=&#8221;1\/3&#8243;][vc_btn title=&#8221;Voir notre offre&#8221; color=&#8221;secondarycolor&#8221; align=&#8221;center&#8221; css=&#8221;&#8221; link=&#8221;url:https%3A%2F%2Fimpactup.com%2Frecrutement%2F&#8221;][\/vc_column][vc_column width=&#8221;1\/3&#8243;][vc_btn title=&#8221;Confiez-nous votre projet&#8221; color=&#8221;secondarycolor&#8221; align=&#8221;center&#8221; css=&#8221;&#8221; link=&#8221;url:https%3A%2F%2Fimpactup.com%2Fetude-personnalisee%2F&#8221;][\/vc_column][vc_column width=&#8221;1\/3&#8243;][vc_btn title=&#8221;Contactez-nous&#8221; color=&#8221;secondarycolor&#8221; align=&#8221;center&#8221; css=&#8221;&#8221; link=&#8221;url:https%3A%2F%2Fimpactup.com%2Fcontact%2F&#8221;][\/vc_column][\/vc_row][vc_row css=&#8221;.vc_custom_1717658445522{padding-top: 40px !important;}&#8221;][vc_column][vc_column_text css=&#8221;&#8221;]<\/p>\n<section style=\"text-align: justify;\">\n<h2><strong>Recrutement commercial, un levier strat\u00e9gique pour la performance des entreprises<\/strong><\/h2>\n<p style=\"text-align: justify;\">Dans un environnement \u00e9conomique fortement concurrentiel, le <a href=\"https:\/\/impactup.com\/glossaire\/devenir-recruteur-independant\/\"><strong>recrutement commercial<\/strong><\/a> est devenu un enjeu strat\u00e9gique majeur pour les entreprises. La r\u00e9ussite commerciale ne d\u00e9pend plus uniquement de la qualit\u00e9 de l\u2019offre ou de la force de frappe marketing, mais aussi et surtout de la capacit\u00e9 \u00e0 s\u2019entourer de profils capables d\u2019agir avec agilit\u00e9, m\u00e9thode et engagement sur des march\u00e9s en perp\u00e9tuelle mutation.<\/p>\n<p style=\"text-align: justify;\">Identifier, attirer et fid\u00e9liser les meilleurs talents commerciaux repr\u00e9sente ainsi un levier d\u00e9cisif pour d\u00e9velopper les parts de march\u00e9, renforcer la proximit\u00e9 client et accro\u00eetre la valeur ajout\u00e9e g\u00e9n\u00e9r\u00e9e par les \u00e9quipes.<\/p>\n<p style=\"text-align: justify;\">Cependant, recruter efficacement dans ce domaine ne s\u2019improvise pas. Les comp\u00e9tences attendues \u00e9voluent rapidement et les profils r\u00e9ellement op\u00e9rationnels sont rares. Un bon commercial aujourd\u2019hui ne se contente plus de vendre\u00a0: il analyse, anticipe, communique avec impact, pilote des cycles de vente complexes et s\u2019int\u00e8gre dans une strat\u00e9gie globale orient\u00e9e client. Dans cette optique, de nombreuses entreprises se tournent vers des partenaires sp\u00e9cialis\u00e9s pour s\u00e9curiser leurs recrutements, gagner en efficacit\u00e9 et limiter les risques d\u2019erreur.<\/p>\n<p style=\"text-align: justify;\">C\u2019est dans ce contexte que se r\u00e9v\u00e8le toute la pertinence d\u2019un <a href=\"https:\/\/impactup.com\/glossaire\/devenir-recruteur-independant\/\"><strong>cabinet de recrutement<\/strong> <strong>sp\u00e9cialis\u00e9 dans les fonctions<\/strong> <strong>commerciales<\/strong><\/a>, \u00e0 l\u2019image d\u2019<strong>ImpactUp<\/strong>, consid\u00e9r\u00e9 \u00e0 juste titre comme le <strong>meilleur<\/strong> dans son domaine.<\/p>\n<p style=\"text-align: justify;\">Gr\u00e2ce \u00e0 une compr\u00e9hension approfondie des enjeux propres aux m\u00e9tiers et aux secteurs qu\u2019il adresse, un tel partenaire occupe une position strat\u00e9gique dans le rep\u00e9rage et l\u2019analyse de profils \u00e0 fort potentiel.<\/p>\n<p style=\"text-align: justify;\">Bien au-del\u00e0 du r\u00f4le traditionnel d\u2019interm\u00e9diaire, il se positionne comme un v\u00e9ritable alli\u00e9 des entreprises, apte \u00e0 cerner leurs objectifs, \u00e0 interpr\u00e9ter leurs besoins sp\u00e9cifiques et \u00e0 formuler des solutions adapt\u00e9es.<\/p>\n<p style=\"text-align: justify;\">Compos\u00e9e de professionnels ayant eux-m\u00eames exerc\u00e9 sur le terrain, l\u2019\u00e9quipe d\u2019<strong>ImpactUp<\/strong> ma\u00eetrise les codes et les exigences de ses interlocuteurs, ce qui lui permet d\u2019intervenir avec justesse et efficacit\u00e9 dans des contextes op\u00e9rationnels exigeants.<\/p>\n<h2><strong>S\u2019entourer des meilleurs profils pour renforcer sa comp\u00e9titivit\u00e9 commerciale<\/strong><\/h2>\n<p style=\"text-align: justify;\">Cette sp\u00e9cialisation sectorielle permet d\u2019aller au-del\u00e0 de la simple ad\u00e9quation CV-poste pour privil\u00e9gier une lecture approfondie du potentiel, des aptitudes comportementales et de la capacit\u00e9 d\u2019\u00e9volution du candidat.<\/p>\n<p style=\"text-align: justify;\">En s\u2019appuyant sur des outils d\u2019\u00e9valuation fiables, des entretiens cibl\u00e9s et des mises en situation pertinentes, ImpactUp, le <strong>meilleur cabinet de recrutement commercial<\/strong>, est en mesure de proposer des profils en coh\u00e9rence non seulement avec les contraintes du poste, mais aussi avec la culture de l\u2019entreprise. Un niveau d\u2019exigence qui favorise des recrutements p\u00e9rennes, porteurs de valeur, et r\u00e9duit consid\u00e9rablement les risques li\u00e9s \u00e0 une int\u00e9gration d\u00e9faillante.<\/p>\n<p style=\"text-align: justify;\">En confiant \u00e0 des sp\u00e9cialistes le soin d\u2019identifier, d\u2019\u00e9valuer et de valider les profils les plus adapt\u00e9s, les dirigeants peuvent se recentrer sur les enjeux essentiels de pilotage commercial et de d\u00e9veloppement strat\u00e9gique.<\/p>\n<p style=\"text-align: justify;\">Par ailleurs, l\u2019intervention d\u2019un consultant externe, dot\u00e9 d\u2019une solide exp\u00e9rience terrain, permet souvent de porter un regard neuf sur les besoins r\u00e9els de l\u2019organisation et de favoriser des recrutements mieux align\u00e9s avec les objectifs structurels et op\u00e9rationnels de l\u2019entreprise.<\/p>\n<h2><strong>Pourquoi choisir ImpactUp\u2009?<\/strong><\/h2>\n<p>Les atouts d\u2019ImpactUp, le <a href=\"https:\/\/impactup.com\/glossaire\/recruteur-independant\/\"><strong>meilleur cabinet de recrutement commercial <\/strong><\/a>et marketing sont nombreux et font de ce dernier un choix judicieux pour les soci\u00e9t\u00e9s qui souhaitent optimiser leur recrutement\u00a0:<\/p>\n<ol>\n<li><strong>Une expertise pointue et une connaissance approfondie des m\u00e9tiers commerciaux et marketing<\/strong><\/li>\n<\/ol>\n<p style=\"text-align: justify;\">ImpactUp met \u00e0 disposition une \u00e9quipe de consultants exp\u00e9riment\u00e9s, issus du terrain, qui ma\u00eetrisent parfaitement les enjeux et les sp\u00e9cificit\u00e9s des fonctions commerciales et marketing. Cette expertise du m\u00e9tier leur permet de cerner pr\u00e9cis\u00e9ment les besoins des clients et d\u2019identifier les candidats les plus adapt\u00e9s \u00e0 leurs exigences.<\/p>\n<h2><strong>2. Une approche pragmatique et des r\u00e9sultats concrets<\/strong><\/h2>\n<p style=\"text-align: justify;\"><strong>ImpactUp<\/strong> s\u2019illustre par une approche r\u00e9solument pragmatique, centr\u00e9e sur l\u2019efficacit\u00e9 et la performance. Chaque mission est abord\u00e9e avec un objectif clair\u00a0: identifier, dans des d\u00e9lais optimis\u00e9s, les profils les plus adapt\u00e9s aux besoins sp\u00e9cifiques du client, sans jamais compromettre la qualit\u00e9 ni les contraintes budg\u00e9taires.<\/p>\n<p style=\"text-align: justify;\">Le cabinet d\u00e9ploie des outils d\u2019\u00e9valuation avanc\u00e9s pour rep\u00e9rer rapidement les profils les mieux adapt\u00e9s. Cette orientation vers la performance, pr\u00e9sente \u00e0 chaque \u00e9tape du processus, garantit un taux de succ\u00e8s \u00e9lev\u00e9, mesurable par la qualit\u00e9 des int\u00e9grations r\u00e9alis\u00e9es et la durabilit\u00e9 des recrutements effectu\u00e9s.<\/p>\n<p style=\"text-align: justify;\">Son positionnement et la constance de ses r\u00e9sultats ont valu au cabinet d\u2019\u00eatre distingu\u00e9, pour la septi\u00e8me ann\u00e9e cons\u00e9cutive, parmi les <strong>meilleurs cabinets de recrutement<\/strong> <strong>commercial<\/strong> et marketing par <em>Les \u00c9chos Week-End<\/em> et Statista. Une distinction qui t\u00e9moigne de la reconnaissance du march\u00e9 et consacre une expertise fond\u00e9e sur la pr\u00e9cision, l\u2019implication et l\u2019efficacit\u00e9 op\u00e9rationnelle.<\/p>\n<h2><strong>3. Un accompagnement personnalis\u00e9 et sur mesure<\/strong><\/h2>\n<p style=\"text-align: justify;\">ImpactUp ne se contente pas de simplement recruter pour ses clients. Le cabinet propose un accompagnement personnalis\u00e9 et sur mesure \u00e0 chaque \u00e9tape du processus de recrutement.<\/p>\n<p style=\"text-align: justify;\">De la d\u00e9finition des besoins au recrutement des nouveaux collaborateurs, <strong>ImpactUp<\/strong> met tout en \u0153uvre pour garantir une exp\u00e9rience r\u00e9ussie et une int\u00e9gration optimale des talents.<\/p>\n<h2><strong>4. Des outils et des techniques de pointe<\/strong><\/h2>\n<p style=\"text-align: justify;\">Pour r\u00e9pondre aux enjeux sp\u00e9cifiques du <strong>recrutement commercial<\/strong>, <strong>le<\/strong> <strong>meilleur cabinet <\/strong>ImpactUp d\u00e9ploie une ing\u00e9nierie de s\u00e9lection fond\u00e9e sur des outils de pointe et des techniques \u00e9prouv\u00e9es.<\/p>\n<p style=\"text-align: justify;\">La recherche de profils ne se limite pas \u00e0 un simple filtrage de candidatures\u00a0: elle repose sur des dispositifs performants capables de d\u00e9tecter, dans un vivier large et souvent volatil, les talents v\u00e9ritablement en ad\u00e9quation avec les exigences strat\u00e9giques du poste et de l\u2019entreprise.<\/p>\n<p style=\"text-align: justify;\">Gr\u00e2ce \u00e0 une ma\u00eetrise fine des algorithmes de sourcing, \u00e0 l\u2019exploitation intelligente des r\u00e9seaux professionnels et \u00e0 une veille continue des march\u00e9s cibles, le cabinet r\u00e9duit consid\u00e9rablement les d\u00e9lais de recrutement tout en maximisant la pertinence des profils identifi\u00e9s.<\/p>\n<p style=\"text-align: justify;\">Mais c\u2019est surtout dans l\u2019\u00e9valuation que r\u00e9side l\u2019un des atouts majeurs d\u2019<a href=\"https:\/\/impactup.com\/\"><strong>ImpactUp<\/strong><\/a>. Chaque candidat fait l\u2019objet d\u2019une analyse approfondie, int\u00e9grant des entretiens structur\u00e9s, des mises en situation con\u00e7ues sur mesure ainsi que des tests cognitifs et comportementaux rigoureusement s\u00e9lectionn\u00e9s pour leur fiabilit\u00e9 scientifique.<\/p>\n<p style=\"text-align: justify;\">Orient\u00e9e vers la compr\u00e9hension fine du potentiel, de la personnalit\u00e9 et des aptitudes op\u00e9rationnelles, cette d\u00e9marche va au-del\u00e0 des techniques de recrutement habituelles. Elle garantit aux entreprises des collaborateurs solides, coh\u00e9rents avec leur culture et porteurs de r\u00e9sultats \u00e0 long terme.<\/p>\n<h2><strong>5. Un r\u00e9seau \u00e9tendu et une pr\u00e9sence dans tout l\u2019hexagone<\/strong><\/h2>\n<p style=\"text-align: justify;\">Consid\u00e9r\u00e9 \u00e0 juste titre comme le <strong>meilleur cabinet de recrutement commercial<\/strong> en France, ImpactUp dispose d\u2019un vaste r\u00e9seau de candidats et de partenaires, ce qui lui offre la possibilit\u00e9 d\u2019identifier les meilleurs profils dans l\u2019ensemble du territoire.<\/p>\n<p style=\"text-align: justify;\">Avec des bureaux \u00e0 Paris, Toulouse, La Rochelle, Nantes, Lyon et Lille, ImpactUp est en mesure de r\u00e9pondre aux besoins des entreprises implant\u00e9es dans toutes les r\u00e9gions de France. Notre expertise, notre pragmatisme et notre culture du r\u00e9sultat font de nous le partenaire id\u00e9al pour les entreprises qui d\u00e9sirent l\u2019excellence.<\/p>\n<\/section>\n<p>[\/vc_column_text][\/vc_column][\/vc_row]<\/p>\n<\/div>","protected":false},"excerpt":{"rendered":"<p>[vc_row][vc_column width=&#8221;1\/3&#8243;][vc_btn title=&#8221;Voir notre offre&#8221; color=&#8221;secondarycolor&#8221; align=&#8221;center&#8221; css=&#8221;&#8221; link=&#8221;url:https%3A%2F%2Fimpactup.com%2Frecrutement%2F&#8221;][\/vc_column][vc_column width=&#8221;1\/3&#8243;][vc_btn title=&#8221;Confiez-nous votre projet&#8221; color=&#8221;secondarycolor&#8221; align=&#8221;center&#8221; css=&#8221;&#8221; link=&#8221;url:https%3A%2F%2Fimpactup.com%2Fetude-personnalisee%2F&#8221;][\/vc_column][vc_column width=&#8221;1\/3&#8243;][vc_btn title=&#8221;Contactez-nous&#8221; color=&#8221;secondarycolor&#8221; align=&#8221;center&#8221; css=&#8221;&#8221; link=&#8221;url:https%3A%2F%2Fimpactup.com%2Fcontact%2F&#8221;][\/vc_column][\/vc_row][vc_row css=&#8221;.vc_custom_1717658386032{padding-top: 40px !important;padding-bottom: 20px !important;}&#8221;][vc_column][vc_column_text css=&#8221;&#8221;] ImpactUp, le meilleur cabinet de recrutement commercial pour booster votre succ\u00e8s Dans un march\u00e9 en constante \u00e9volution, le recrutement de talents commerciaux et marketing hors norme [&hellip;]<\/p>\n","protected":false},"author":4,"featured_media":0,"parent":17218,"menu_order":0,"comment_status":"closed","ping_status":"closed","template":"","meta":{"_monsterinsights_skip_tracking":false,"_monsterinsights_sitenote_active":false,"_monsterinsights_sitenote_note":"","_monsterinsights_sitenote_category":0,"footnotes":""},"class_list":["post-25926","page","type-page","status-publish","hentry"],"yoast_head":"<!-- This site is optimized with the Yoast SEO plugin v27.0 - https:\/\/yoast.com\/product\/yoast-seo-wordpress\/ -->\n<title>O\u00f9 trouver le meilleur cabinet de recrutement commercial\u2009<\/title>\n<meta name=\"description\" content=\"Reconnu comme le meilleur cabinet de recrutement commercial, ImpactUp accompagne les entreprises dans leurs enjeux RH. Choisir le meilleur cabinet de recrutement commercial tel qu\u2019ImpactUp garantit l\u2019acquisition des profils performants.\" \/>\n<meta name=\"robots\" content=\"index, follow, max-snippet:-1, max-image-preview:large, max-video-preview:-1\" \/>\n<link rel=\"canonical\" href=\"https:\/\/impactup.com\/en\/glossaire\/meilleur-cabinet-de-recrutement-commercial\/\" \/>\n<meta property=\"og:locale\" content=\"en_US\" \/>\n<meta property=\"og:type\" content=\"article\" \/>\n<meta property=\"og:title\" content=\"O\u00f9 trouver le meilleur cabinet de recrutement commercial\u2009\" \/>\n<meta property=\"og:description\" content=\"Reconnu comme le meilleur cabinet de recrutement commercial, ImpactUp accompagne les entreprises dans leurs enjeux RH. Choisir le meilleur cabinet de recrutement commercial tel qu\u2019ImpactUp garantit l\u2019acquisition des profils performants.\" \/>\n<meta property=\"og:url\" content=\"https:\/\/impactup.com\/en\/glossaire\/meilleur-cabinet-de-recrutement-commercial\/\" \/>\n<meta property=\"og:site_name\" content=\"ImpactUp\" \/>\n<meta property=\"article:modified_time\" content=\"2025-06-02T09:20:48+00:00\" \/>\n<meta property=\"og:image\" content=\"https:\/\/impactup.com\/wp-content\/uploads\/2021\/01\/og.jpg\" \/>\n\t<meta property=\"og:image:width\" content=\"1067\" \/>\n\t<meta property=\"og:image:height\" content=\"600\" \/>\n\t<meta property=\"og:image:type\" content=\"image\/jpeg\" \/>\n<meta name=\"twitter:card\" content=\"summary_large_image\" \/>\n<meta name=\"twitter:label1\" content=\"Est. reading time\" \/>\n\t<meta name=\"twitter:data1\" content=\"7 minutes\" \/>\n<script type=\"application\/ld+json\" class=\"yoast-schema-graph\">{\"@context\":\"https:\/\/schema.org\",\"@graph\":[{\"@type\":\"WebPage\",\"@id\":\"https:\/\/impactup.com\/en\/glossaire\/meilleur-cabinet-de-recrutement-commercial\/\",\"url\":\"https:\/\/impactup.com\/en\/glossaire\/meilleur-cabinet-de-recrutement-commercial\/\",\"name\":\"O\u00f9 trouver le meilleur cabinet de recrutement commercial\u2009\",\"isPartOf\":{\"@id\":\"https:\/\/impactup.com\/en\/#website\"},\"datePublished\":\"2024-06-10T07:21:12+00:00\",\"dateModified\":\"2025-06-02T09:20:48+00:00\",\"description\":\"Reconnu comme le meilleur cabinet de recrutement commercial, ImpactUp accompagne les entreprises dans leurs enjeux RH. Choisir le meilleur cabinet de recrutement commercial tel qu\u2019ImpactUp garantit l\u2019acquisition des profils performants.\",\"breadcrumb\":{\"@id\":\"https:\/\/impactup.com\/en\/glossaire\/meilleur-cabinet-de-recrutement-commercial\/#breadcrumb\"},\"inLanguage\":\"en-US\",\"potentialAction\":[{\"@type\":\"ReadAction\",\"target\":[\"https:\/\/impactup.com\/en\/glossaire\/meilleur-cabinet-de-recrutement-commercial\/\"]}]},{\"@type\":\"BreadcrumbList\",\"@id\":\"https:\/\/impactup.com\/en\/glossaire\/meilleur-cabinet-de-recrutement-commercial\/#breadcrumb\",\"itemListElement\":[{\"@type\":\"ListItem\",\"position\":1,\"name\":\"Accueil\",\"item\":\"https:\/\/impactup.com\/en\/\"},{\"@type\":\"ListItem\",\"position\":2,\"name\":\"Glossaire\",\"item\":\"https:\/\/impactup.com\/en\/glossaire\/\"},{\"@type\":\"ListItem\",\"position\":3,\"name\":\"ImpactUp, le meilleur cabinet de recrutement commercial pour booster votre succ\u00e8s\"}]},{\"@type\":\"WebSite\",\"@id\":\"https:\/\/impactup.com\/en\/#website\",\"url\":\"https:\/\/impactup.com\/en\/\",\"name\":\"ImpactUp\",\"description\":\"Recrutement commerciaux, directions commerciales et fonctions marketing\",\"potentialAction\":[{\"@type\":\"SearchAction\",\"target\":{\"@type\":\"EntryPoint\",\"urlTemplate\":\"https:\/\/impactup.com\/en\/?s={search_term_string}\"},\"query-input\":{\"@type\":\"PropertyValueSpecification\",\"valueRequired\":true,\"valueName\":\"search_term_string\"}}],\"inLanguage\":\"en-US\"}]}<\/script>\n<!-- \/ Yoast SEO plugin. -->","yoast_head_json":{"title":"O\u00f9 trouver le meilleur cabinet de recrutement commercial\u2009","description":"Reconnu comme le meilleur cabinet de recrutement commercial, ImpactUp accompagne les entreprises dans leurs enjeux RH. Choisir le meilleur cabinet de recrutement commercial tel qu\u2019ImpactUp garantit l\u2019acquisition des profils performants.","robots":{"index":"index","follow":"follow","max-snippet":"max-snippet:-1","max-image-preview":"max-image-preview:large","max-video-preview":"max-video-preview:-1"},"canonical":"https:\/\/impactup.com\/en\/glossaire\/meilleur-cabinet-de-recrutement-commercial\/","og_locale":"en_US","og_type":"article","og_title":"O\u00f9 trouver le meilleur cabinet de recrutement commercial\u2009","og_description":"Reconnu comme le meilleur cabinet de recrutement commercial, ImpactUp accompagne les entreprises dans leurs enjeux RH. Choisir le meilleur cabinet de recrutement commercial tel qu\u2019ImpactUp garantit l\u2019acquisition des profils performants.","og_url":"https:\/\/impactup.com\/en\/glossaire\/meilleur-cabinet-de-recrutement-commercial\/","og_site_name":"ImpactUp","article_modified_time":"2025-06-02T09:20:48+00:00","og_image":[{"width":1067,"height":600,"url":"https:\/\/impactup.com\/wp-content\/uploads\/2021\/01\/og.jpg","type":"image\/jpeg"}],"twitter_card":"summary_large_image","twitter_misc":{"Est. reading time":"7 minutes"},"schema":{"@context":"https:\/\/schema.org","@graph":[{"@type":"WebPage","@id":"https:\/\/impactup.com\/en\/glossaire\/meilleur-cabinet-de-recrutement-commercial\/","url":"https:\/\/impactup.com\/en\/glossaire\/meilleur-cabinet-de-recrutement-commercial\/","name":"O\u00f9 trouver le meilleur cabinet de recrutement commercial\u2009","isPartOf":{"@id":"https:\/\/impactup.com\/en\/#website"},"datePublished":"2024-06-10T07:21:12+00:00","dateModified":"2025-06-02T09:20:48+00:00","description":"Reconnu comme le meilleur cabinet de recrutement commercial, ImpactUp accompagne les entreprises dans leurs enjeux RH. Choisir le meilleur cabinet de recrutement commercial tel qu\u2019ImpactUp garantit l\u2019acquisition des profils performants.","breadcrumb":{"@id":"https:\/\/impactup.com\/en\/glossaire\/meilleur-cabinet-de-recrutement-commercial\/#breadcrumb"},"inLanguage":"en-US","potentialAction":[{"@type":"ReadAction","target":["https:\/\/impactup.com\/en\/glossaire\/meilleur-cabinet-de-recrutement-commercial\/"]}]},{"@type":"BreadcrumbList","@id":"https:\/\/impactup.com\/en\/glossaire\/meilleur-cabinet-de-recrutement-commercial\/#breadcrumb","itemListElement":[{"@type":"ListItem","position":1,"name":"Accueil","item":"https:\/\/impactup.com\/en\/"},{"@type":"ListItem","position":2,"name":"Glossaire","item":"https:\/\/impactup.com\/en\/glossaire\/"},{"@type":"ListItem","position":3,"name":"ImpactUp, le meilleur cabinet de recrutement commercial pour booster votre succ\u00e8s"}]},{"@type":"WebSite","@id":"https:\/\/impactup.com\/en\/#website","url":"https:\/\/impactup.com\/en\/","name":"ImpactUp","description":"Recrutement commerciaux, directions commerciales et fonctions marketing","potentialAction":[{"@type":"SearchAction","target":{"@type":"EntryPoint","urlTemplate":"https:\/\/impactup.com\/en\/?s={search_term_string}"},"query-input":{"@type":"PropertyValueSpecification","valueRequired":true,"valueName":"search_term_string"}}],"inLanguage":"en-US"}]}},"_links":{"self":[{"href":"https:\/\/impactup.com\/en\/wp-json\/wp\/v2\/pages\/25926","targetHints":{"allow":["GET"]}}],"collection":[{"href":"https:\/\/impactup.com\/en\/wp-json\/wp\/v2\/pages"}],"about":[{"href":"https:\/\/impactup.com\/en\/wp-json\/wp\/v2\/types\/page"}],"author":[{"embeddable":true,"href":"https:\/\/impactup.com\/en\/wp-json\/wp\/v2\/users\/4"}],"replies":[{"embeddable":true,"href":"https:\/\/impactup.com\/en\/wp-json\/wp\/v2\/comments?post=25926"}],"version-history":[{"count":5,"href":"https:\/\/impactup.com\/en\/wp-json\/wp\/v2\/pages\/25926\/revisions"}],"predecessor-version":[{"id":29643,"href":"https:\/\/impactup.com\/en\/wp-json\/wp\/v2\/pages\/25926\/revisions\/29643"}],"up":[{"embeddable":true,"href":"https:\/\/impactup.com\/en\/wp-json\/wp\/v2\/pages\/17218"}],"wp:attachment":[{"href":"https:\/\/impactup.com\/en\/wp-json\/wp\/v2\/media?parent=25926"}],"curies":[{"name":"wp","href":"https:\/\/api.w.org\/{rel}","templated":true}]}}