{"id":25924,"date":"2024-06-10T09:18:08","date_gmt":"2024-06-10T07:18:08","guid":{"rendered":"https:\/\/impactup.niou.dev\/?page_id=25924"},"modified":"2024-06-12T16:46:12","modified_gmt":"2024-06-12T14:46:12","slug":"franchise-cabinet-de-recrutement","status":"publish","type":"page","link":"https:\/\/impactup.com\/en\/glossaire\/franchise-cabinet-de-recrutement\/","title":{"rendered":"Franchise de cabinet de recrutement"},"content":{"rendered":"<div class=\"wpb-content-wrapper\"><p>[vc_row][vc_column width=&#8221;1\/3&#8243;][vc_btn title=&#8221;Voir notre offre&#8221; color=&#8221;secondarycolor&#8221; align=&#8221;center&#8221; css=&#8221;&#8221; link=&#8221;url:https%3A%2F%2Fimpactup.com%2Frecrutement%2F&#8221;][\/vc_column][vc_column width=&#8221;1\/3&#8243;][vc_btn title=&#8221;Confiez-nous votre projet&#8221; color=&#8221;secondarycolor&#8221; align=&#8221;center&#8221; css=&#8221;&#8221; link=&#8221;url:https%3A%2F%2Fimpactup.com%2Fetude-personnalisee%2F&#8221;][\/vc_column][vc_column width=&#8221;1\/3&#8243;][vc_btn title=&#8221;Contactez-nous&#8221; color=&#8221;secondarycolor&#8221; align=&#8221;center&#8221; css=&#8221;&#8221; link=&#8221;url:https%3A%2F%2Fimpactup.com%2Fcontact%2F&#8221;][\/vc_column][\/vc_row][vc_row css=&#8221;.vc_custom_1717658386032{padding-top: 40px !important;padding-bottom: 20px !important;}&#8221;][vc_column][vc_column_text css=&#8221;&#8221;]<\/p>\n<section style=\"text-align: justify;\">\n<h2><strong>Franchise de cabinet de recrutement<\/strong><\/h2>\n<p>La <a href=\"https:\/\/impactup.com\/glossaire\/cabinet-de-recrutement-en-franchise\/\"><strong>franchise<\/strong> <strong>d\u2019un<\/strong> <strong>cabinet de recrutement<\/strong><\/a> permet \u00e0 un prestataire externe \u00e0 la structure de travailler avec elle dans le cadre de missions de prospection et d\u2019embauche de collaborateurs pour le compte d\u2019entreprises ou d\u2019organisations. Si vous \u00eates \u00e0 la recherche d\u2019une agence sp\u00e9cialiste des fonctions commerciales et marketing, <strong>ImpactUp<\/strong> poss\u00e8de de nombreuses ann\u00e9es d\u2019exp\u00e9rience dans le domaine.<\/p>\n<\/section>\n<p>[\/vc_column_text][\/vc_column][\/vc_row][vc_row][vc_column width=&#8221;1\/3&#8243;][vc_btn title=&#8221;Voir notre offre&#8221; color=&#8221;secondarycolor&#8221; align=&#8221;center&#8221; css=&#8221;&#8221; link=&#8221;url:https%3A%2F%2Fimpactup.com%2Frecrutement%2F&#8221;][\/vc_column][vc_column width=&#8221;1\/3&#8243;][vc_btn title=&#8221;Confiez-nous votre projet&#8221; color=&#8221;secondarycolor&#8221; align=&#8221;center&#8221; css=&#8221;&#8221; link=&#8221;url:https%3A%2F%2Fimpactup.com%2Fetude-personnalisee%2F&#8221;][\/vc_column][vc_column width=&#8221;1\/3&#8243;][vc_btn title=&#8221;Contactez-nous&#8221; color=&#8221;secondarycolor&#8221; align=&#8221;center&#8221; css=&#8221;&#8221; link=&#8221;url:https%3A%2F%2Fimpactup.com%2Fcontact%2F&#8221;][\/vc_column][\/vc_row][vc_row css=&#8221;.vc_custom_1717658445522{padding-top: 40px !important;}&#8221;][vc_column][vc_column_text css=&#8221;&#8221;]<\/p>\n<section style=\"text-align: justify;\">\n<h2><strong>Le principe de la franchise<\/strong><\/h2>\n<p>La franchise fait partie des options de collaboration contractuelles qui peuvent \u00eatre mises en place entre deux soci\u00e9t\u00e9s juridiquement ind\u00e9pendantes. D\u2019une part, nous avons le franchiseur qui poss\u00e8de la marque et le concept commercial et d\u2019autre part, le franchis\u00e9 qui va exercer son activit\u00e9 en utilisant le nom du franchiseur.<\/p>\n<p>Plus pr\u00e9cis\u00e9ment, le premier offre la possibilit\u00e9 de profiter de ses comp\u00e9tences et de son savoir-faire, de ses outils et de son accompagnement pour exercer son m\u00e9tier au second. Celui-ci va pour sa part s\u2019engager \u00e0 se conformer aux r\u00e8gles et aux proc\u00e9dures qui ont \u00e9t\u00e9 pr\u00e9cis\u00e9es dans le contrat de franchise.<\/p>\n<p>Le franchiseur est g\u00e9n\u00e9ralement une structure qui poss\u00e8de une bonne notori\u00e9t\u00e9 et une excellente visibilit\u00e9 dans son domaine d\u2019activit\u00e9.<\/p>\n<p>Dans le cas d\u2019une <a href=\"https:\/\/impactup.com\/glossaire\/devenir-recruteur-independant\/\"><strong>franchise<\/strong> <strong>de<\/strong> <strong>cabinet de recrutement<\/strong><\/a>, le franchis\u00e9 va exploiter son activit\u00e9 en tant que recruteur sous l\u2019enseigne d\u2019une agence d\u00e9j\u00e0 bien connue comme <strong>ImpactUp<\/strong>. Il pourra b\u00e9n\u00e9ficier de son exp\u00e9rience, de sa r\u00e9putation, de son savoir-faire et de son r\u00e9seau de clients et de partenaires. Il pourra m\u00eame profiter d\u2019une assistance pour le d\u00e9marrage et le d\u00e9veloppement de son activit\u00e9.<\/p>\n<h2><strong>Que fait un cabinet de recrutement en franchise\u00a0?<\/strong><\/h2>\n<p>Le travail d\u2019un <strong>cabinet de recrutement<\/strong> en <strong>franchise<\/strong> ne diff\u00e8re en rien de celui d\u2019une agence classique ou de celle \u00e0 laquelle il est affili\u00e9. Ses missions consistent \u00e0 rechercher et proposer \u00e0 ses clients les meilleurs candidats r\u00e9pondant aux besoins des postes qu\u2019ils souhaitent pourvoir.<\/p>\n<p>Pour ce faire, il peut prendre en charge tout ou partie du processus de recrutement. Autrement, il peut s\u2019occuper de la cr\u00e9ation et de la diffusion de l\u2019offre d\u2019emploi, de l\u2019\u00e9tude des candidatures re\u00e7ues et des premiers entretiens d\u2019\u00e9valuation.<\/p>\n<p>Il soumettra ensuite \u00e0 ses clients les postulants dont le profil et les comp\u00e9tences sont en mesure de correspondre \u00e0 leurs exigences et \u00e0 leurs attentes. N\u00e9anmoins, il est bon de rappeler que dans le cadre de ses missions, il est tenu de respecter les conditions stipul\u00e9es dans le contrat de franchise.<\/p>\n<h2><strong>Cabinet de recrutement sp\u00e9cialiste des fonctions commerciales et marketing<\/strong><\/h2>\n<p><a href=\"https:\/\/impactup.com\/\"><strong>ImpactUp<\/strong><\/a> est une agence qui a fait du recrutement pour les fonctions commerciales (commercial, chef des ventes, Responsable de secteur, Directeur r\u00e9gional, Directeur commercial, etc.) et marketing son c\u0153ur de m\u00e9tier.<\/p>\n<p>Nos consultants poss\u00e8dent une excellente ma\u00eetrise des caract\u00e9ristiques des postes li\u00e9es \u00e0 ces domaines. Ils sauront prendre en consid\u00e9ration toutes les sp\u00e9cificit\u00e9s des places \u00e0 pourvoir afin de vous proposer des candidats \u00e0 la hauteur de vos attentes et pouvant r\u00e9pondre parfaitement aux exigences de vos m\u00e9tiers.<\/p>\n<p>Nous sommes pr\u00e9sents \u00e0 Paris, Nantes, La Rochelle, Toulouse, Lyon et Lille. Nous figurons parmi les meilleures r\u00e9f\u00e9rences dans notre domaine de sp\u00e9cialit\u00e9 en France. Tout comme un <a href=\"https:\/\/impactup.com\/glossaire\/recruteur-independant\/\"><strong>cabinet de recrutement<\/strong> <strong>travaillant en<\/strong> <strong>franchise<\/strong><\/a>, nous vous ferons b\u00e9n\u00e9ficier de l\u2019expertise et du savoir-faire d\u2019\u00e9quipes aguerries et de recruteurs qui peuvent se transformer en chasseurs de t\u00eates en cas de besoin.<\/p>\n<\/section>\n<p>[\/vc_column_text][\/vc_column][\/vc_row]<\/p>\n<\/div>","protected":false},"excerpt":{"rendered":"<p>[vc_row][vc_column width=&#8221;1\/3&#8243;][vc_btn title=&#8221;Voir notre offre&#8221; color=&#8221;secondarycolor&#8221; align=&#8221;center&#8221; css=&#8221;&#8221; link=&#8221;url:https%3A%2F%2Fimpactup.com%2Frecrutement%2F&#8221;][\/vc_column][vc_column width=&#8221;1\/3&#8243;][vc_btn title=&#8221;Confiez-nous votre projet&#8221; color=&#8221;secondarycolor&#8221; align=&#8221;center&#8221; css=&#8221;&#8221; link=&#8221;url:https%3A%2F%2Fimpactup.com%2Fetude-personnalisee%2F&#8221;][\/vc_column][vc_column width=&#8221;1\/3&#8243;][vc_btn title=&#8221;Contactez-nous&#8221; color=&#8221;secondarycolor&#8221; align=&#8221;center&#8221; css=&#8221;&#8221; link=&#8221;url:https%3A%2F%2Fimpactup.com%2Fcontact%2F&#8221;][\/vc_column][\/vc_row][vc_row css=&#8221;.vc_custom_1717658386032{padding-top: 40px !important;padding-bottom: 20px !important;}&#8221;][vc_column][vc_column_text css=&#8221;&#8221;] Franchise de cabinet de recrutement La franchise d\u2019un cabinet de recrutement permet \u00e0 un prestataire externe \u00e0 la structure de travailler avec elle dans le cadre [&hellip;]<\/p>\n","protected":false},"author":4,"featured_media":0,"parent":17218,"menu_order":0,"comment_status":"closed","ping_status":"closed","template":"","meta":{"_monsterinsights_skip_tracking":false,"_monsterinsights_sitenote_active":false,"_monsterinsights_sitenote_note":"","_monsterinsights_sitenote_category":0,"footnotes":""},"class_list":["post-25924","page","type-page","status-publish","hentry"],"yoast_head":"<!-- This site is optimized with the Yoast SEO plugin v27.0 - https:\/\/yoast.com\/product\/yoast-seo-wordpress\/ -->\n<title>Franchise cabinet de recrutement<\/title>\n<meta name=\"description\" content=\"La franchise de cabinet de recrutement offre des avantages ind\u00e9niables aux agences d\u00e9butantes.\" \/>\n<meta name=\"robots\" content=\"index, follow, max-snippet:-1, max-image-preview:large, max-video-preview:-1\" \/>\n<link rel=\"canonical\" href=\"https:\/\/impactup.com\/en\/glossaire\/franchise-cabinet-de-recrutement\/\" \/>\n<meta property=\"og:locale\" content=\"en_US\" \/>\n<meta property=\"og:type\" content=\"article\" \/>\n<meta property=\"og:title\" content=\"Franchise cabinet de recrutement\" \/>\n<meta property=\"og:description\" content=\"La franchise de cabinet de recrutement offre des avantages ind\u00e9niables aux agences d\u00e9butantes.\" \/>\n<meta property=\"og:url\" content=\"https:\/\/impactup.com\/en\/glossaire\/franchise-cabinet-de-recrutement\/\" \/>\n<meta property=\"og:site_name\" content=\"ImpactUp\" \/>\n<meta property=\"article:modified_time\" content=\"2024-06-12T14:46:12+00:00\" \/>\n<meta property=\"og:image\" content=\"https:\/\/impactup.com\/wp-content\/uploads\/2021\/01\/og.jpg\" \/>\n\t<meta property=\"og:image:width\" content=\"1067\" \/>\n\t<meta property=\"og:image:height\" content=\"600\" \/>\n\t<meta property=\"og:image:type\" content=\"image\/jpeg\" \/>\n<meta name=\"twitter:card\" content=\"summary_large_image\" \/>\n<meta name=\"twitter:label1\" content=\"Est. reading time\" \/>\n\t<meta name=\"twitter:data1\" content=\"1 minute\" \/>\n<script type=\"application\/ld+json\" class=\"yoast-schema-graph\">{\"@context\":\"https:\/\/schema.org\",\"@graph\":[{\"@type\":\"WebPage\",\"@id\":\"https:\/\/impactup.com\/en\/glossaire\/franchise-cabinet-de-recrutement\/\",\"url\":\"https:\/\/impactup.com\/en\/glossaire\/franchise-cabinet-de-recrutement\/\",\"name\":\"Franchise cabinet de recrutement\",\"isPartOf\":{\"@id\":\"https:\/\/impactup.com\/en\/#website\"},\"datePublished\":\"2024-06-10T07:18:08+00:00\",\"dateModified\":\"2024-06-12T14:46:12+00:00\",\"description\":\"La franchise de cabinet de recrutement offre des avantages ind\u00e9niables aux agences d\u00e9butantes.\",\"breadcrumb\":{\"@id\":\"https:\/\/impactup.com\/en\/glossaire\/franchise-cabinet-de-recrutement\/#breadcrumb\"},\"inLanguage\":\"en-US\",\"potentialAction\":[{\"@type\":\"ReadAction\",\"target\":[\"https:\/\/impactup.com\/en\/glossaire\/franchise-cabinet-de-recrutement\/\"]}]},{\"@type\":\"BreadcrumbList\",\"@id\":\"https:\/\/impactup.com\/en\/glossaire\/franchise-cabinet-de-recrutement\/#breadcrumb\",\"itemListElement\":[{\"@type\":\"ListItem\",\"position\":1,\"name\":\"Accueil\",\"item\":\"https:\/\/impactup.com\/en\/\"},{\"@type\":\"ListItem\",\"position\":2,\"name\":\"Glossaire\",\"item\":\"https:\/\/impactup.com\/en\/glossaire\/\"},{\"@type\":\"ListItem\",\"position\":3,\"name\":\"Franchise de cabinet de recrutement\"}]},{\"@type\":\"WebSite\",\"@id\":\"https:\/\/impactup.com\/en\/#website\",\"url\":\"https:\/\/impactup.com\/en\/\",\"name\":\"ImpactUp\",\"description\":\"Recrutement commerciaux, directions commerciales et fonctions marketing\",\"potentialAction\":[{\"@type\":\"SearchAction\",\"target\":{\"@type\":\"EntryPoint\",\"urlTemplate\":\"https:\/\/impactup.com\/en\/?s={search_term_string}\"},\"query-input\":{\"@type\":\"PropertyValueSpecification\",\"valueRequired\":true,\"valueName\":\"search_term_string\"}}],\"inLanguage\":\"en-US\"}]}<\/script>\n<!-- \/ Yoast SEO plugin. -->","yoast_head_json":{"title":"Franchise cabinet de recrutement","description":"La franchise de cabinet de recrutement offre des avantages ind\u00e9niables aux agences d\u00e9butantes.","robots":{"index":"index","follow":"follow","max-snippet":"max-snippet:-1","max-image-preview":"max-image-preview:large","max-video-preview":"max-video-preview:-1"},"canonical":"https:\/\/impactup.com\/en\/glossaire\/franchise-cabinet-de-recrutement\/","og_locale":"en_US","og_type":"article","og_title":"Franchise cabinet de recrutement","og_description":"La franchise de cabinet de recrutement offre des avantages ind\u00e9niables aux agences d\u00e9butantes.","og_url":"https:\/\/impactup.com\/en\/glossaire\/franchise-cabinet-de-recrutement\/","og_site_name":"ImpactUp","article_modified_time":"2024-06-12T14:46:12+00:00","og_image":[{"width":1067,"height":600,"url":"https:\/\/impactup.com\/wp-content\/uploads\/2021\/01\/og.jpg","type":"image\/jpeg"}],"twitter_card":"summary_large_image","twitter_misc":{"Est. reading time":"1 minute"},"schema":{"@context":"https:\/\/schema.org","@graph":[{"@type":"WebPage","@id":"https:\/\/impactup.com\/en\/glossaire\/franchise-cabinet-de-recrutement\/","url":"https:\/\/impactup.com\/en\/glossaire\/franchise-cabinet-de-recrutement\/","name":"Franchise cabinet de recrutement","isPartOf":{"@id":"https:\/\/impactup.com\/en\/#website"},"datePublished":"2024-06-10T07:18:08+00:00","dateModified":"2024-06-12T14:46:12+00:00","description":"La franchise de cabinet de recrutement offre des avantages ind\u00e9niables aux agences d\u00e9butantes.","breadcrumb":{"@id":"https:\/\/impactup.com\/en\/glossaire\/franchise-cabinet-de-recrutement\/#breadcrumb"},"inLanguage":"en-US","potentialAction":[{"@type":"ReadAction","target":["https:\/\/impactup.com\/en\/glossaire\/franchise-cabinet-de-recrutement\/"]}]},{"@type":"BreadcrumbList","@id":"https:\/\/impactup.com\/en\/glossaire\/franchise-cabinet-de-recrutement\/#breadcrumb","itemListElement":[{"@type":"ListItem","position":1,"name":"Accueil","item":"https:\/\/impactup.com\/en\/"},{"@type":"ListItem","position":2,"name":"Glossaire","item":"https:\/\/impactup.com\/en\/glossaire\/"},{"@type":"ListItem","position":3,"name":"Franchise de cabinet de recrutement"}]},{"@type":"WebSite","@id":"https:\/\/impactup.com\/en\/#website","url":"https:\/\/impactup.com\/en\/","name":"ImpactUp","description":"Recrutement commerciaux, directions commerciales et fonctions marketing","potentialAction":[{"@type":"SearchAction","target":{"@type":"EntryPoint","urlTemplate":"https:\/\/impactup.com\/en\/?s={search_term_string}"},"query-input":{"@type":"PropertyValueSpecification","valueRequired":true,"valueName":"search_term_string"}}],"inLanguage":"en-US"}]}},"_links":{"self":[{"href":"https:\/\/impactup.com\/en\/wp-json\/wp\/v2\/pages\/25924","targetHints":{"allow":["GET"]}}],"collection":[{"href":"https:\/\/impactup.com\/en\/wp-json\/wp\/v2\/pages"}],"about":[{"href":"https:\/\/impactup.com\/en\/wp-json\/wp\/v2\/types\/page"}],"author":[{"embeddable":true,"href":"https:\/\/impactup.com\/en\/wp-json\/wp\/v2\/users\/4"}],"replies":[{"embeddable":true,"href":"https:\/\/impactup.com\/en\/wp-json\/wp\/v2\/comments?post=25924"}],"version-history":[{"count":4,"href":"https:\/\/impactup.com\/en\/wp-json\/wp\/v2\/pages\/25924\/revisions"}],"predecessor-version":[{"id":26565,"href":"https:\/\/impactup.com\/en\/wp-json\/wp\/v2\/pages\/25924\/revisions\/26565"}],"up":[{"embeddable":true,"href":"https:\/\/impactup.com\/en\/wp-json\/wp\/v2\/pages\/17218"}],"wp:attachment":[{"href":"https:\/\/impactup.com\/en\/wp-json\/wp\/v2\/media?parent=25924"}],"curies":[{"name":"wp","href":"https:\/\/api.w.org\/{rel}","templated":true}]}}