{"id":25921,"date":"2024-06-10T09:16:15","date_gmt":"2024-06-10T07:16:15","guid":{"rendered":"https:\/\/impactup.niou.dev\/?page_id=25921"},"modified":"2025-06-02T13:46:56","modified_gmt":"2025-06-02T11:46:56","slug":"devenir-recruteur-independant","status":"publish","type":"page","link":"https:\/\/impactup.com\/en\/glossaire\/devenir-recruteur-independant\/","title":{"rendered":"Devenir recruteur ind\u00e9pendant : o\u00f9 se former\u2009?"},"content":{"rendered":"<div class=\"wpb-content-wrapper\"><p>[vc_row][vc_column width=&#8221;1\/3&#8243;][vc_btn title=&#8221;Voir notre offre&#8221; color=&#8221;secondarycolor&#8221; align=&#8221;center&#8221; css=&#8221;&#8221; link=&#8221;url:https%3A%2F%2Fimpactup.com%2Frecrutement%2F&#8221;][\/vc_column][vc_column width=&#8221;1\/3&#8243;][vc_btn title=&#8221;Confiez-nous votre projet&#8221; color=&#8221;secondarycolor&#8221; align=&#8221;center&#8221; css=&#8221;&#8221; link=&#8221;url:https%3A%2F%2Fimpactup.com%2Fetude-personnalisee%2F&#8221;][\/vc_column][vc_column width=&#8221;1\/3&#8243;][vc_btn title=&#8221;Contactez-nous&#8221; color=&#8221;secondarycolor&#8221; align=&#8221;center&#8221; css=&#8221;&#8221; link=&#8221;url:https%3A%2F%2Fimpactup.com%2Fcontact%2F&#8221;][\/vc_column][\/vc_row][vc_row css=&#8221;.vc_custom_1717658386032{padding-top: 40px !important;padding-bottom: 20px !important;}&#8221;][vc_column][vc_column_text css=&#8221;&#8221;]<\/p>\n<section style=\"text-align: justify;\">\n<h2><strong>Devenir recruteur ind\u00e9pendant\u00a0: o\u00f9 se former\u2009?<\/strong><\/h2>\n<p style=\"text-align: justify;\">Les formations pour <a href=\"https:\/\/impactup.com\/glossaire\/recruteur-independant\/\"><strong>devenir recruteur ind\u00e9pendant<\/strong><\/a> ou pour le compte d\u2019une agence ou d\u2019une entreprise, sont propos\u00e9es par certaines grandes \u00e9coles et des instituts sp\u00e9cialis\u00e9s, mais \u00e9galement par des cabinets de recrutement. Parmi ces derniers, <strong>ImpactUp<\/strong> offre aux int\u00e9ress\u00e9s la possibilit\u00e9 d\u2019apprendre le m\u00e9tier de recruteur pour les m\u00e9tiers du marketing, de la vente et du commerce.<\/p>\n<p>&nbsp;<\/p>\n<\/section>\n<p>[\/vc_column_text][\/vc_column][\/vc_row][vc_row][vc_column width=&#8221;1\/3&#8243;][vc_btn title=&#8221;Voir notre offre&#8221; color=&#8221;secondarycolor&#8221; align=&#8221;center&#8221; css=&#8221;&#8221; link=&#8221;url:https%3A%2F%2Fimpactup.com%2Frecrutement%2F&#8221;][\/vc_column][vc_column width=&#8221;1\/3&#8243;][vc_btn title=&#8221;Confiez-nous votre projet&#8221; color=&#8221;secondarycolor&#8221; align=&#8221;center&#8221; css=&#8221;&#8221; link=&#8221;url:https%3A%2F%2Fimpactup.com%2Fetude-personnalisee%2F&#8221;][\/vc_column][vc_column width=&#8221;1\/3&#8243;][vc_btn title=&#8221;Contactez-nous&#8221; color=&#8221;secondarycolor&#8221; align=&#8221;center&#8221; css=&#8221;&#8221; link=&#8221;url:https%3A%2F%2Fimpactup.com%2Fcontact%2F&#8221;][\/vc_column][\/vc_row][vc_row css=&#8221;.vc_custom_1717658445522{padding-top: 40px !important;}&#8221;][vc_column][vc_column_text css=&#8221;&#8221;]<\/p>\n<section style=\"text-align: justify;\">\n<h2 style=\"text-align: justify;\"><strong>Recruteur\u00a0: une profession aux multiples facettes<\/strong><\/h2>\n<p style=\"text-align: justify;\">Les personnes qui souhaitent <strong>devenir recruteurs ind\u00e9pendants<\/strong> ou non, doivent ma\u00eetriser les diff\u00e9rentes facettes de ce m\u00e9tier. Celui qui va aider une entreprise ou une institution \u00e0 trouver et \u00e0 embaucher des collaborateurs doit ainsi savoir d\u00e9finir le besoin de cette derni\u00e8re en ce qui concerne les comp\u00e9tences techniques et les qualit\u00e9s humaines n\u00e9cessaires pour le poste. Ces informations lui permettront de concevoir une strat\u00e9gie d\u2019attraction pertinente, de r\u00e9diger correctement l\u2019offre d\u2019emploi et de choisir les canaux de diffusion adapt\u00e9s aux cibles.<\/p>\n<p style=\"text-align: justify;\">Le r\u00f4le du recruteur consiste \u00e9galement \u00e0 proc\u00e9der \u00e0 la r\u00e9ception, \u00e0 l\u2019\u00e9tude et au triage des candidatures collect\u00e9es. Il effectuera l\u2019\u00e9valuation des postulants s\u00e9lectionn\u00e9s sur dossier (entretiens pr\u00e9liminaires, tests divers, etc.) et la prise de leurs r\u00e9f\u00e9rences. Son premier objectif dans toutes ces d\u00e9marches est de d\u00e9nicher les personnes dont les comp\u00e9tences et le profil vont pouvoir correspondre exactement aux besoins et attentes de ses clients. D\u2019ailleurs, il leur soumettra les candidatures qu\u2019il estimera \u00eatre en mesure d\u2019assumer le poste et leur recommandera les meilleures options.<\/p>\n<p style=\"text-align: justify;\">Celui ou celle qui veut <a href=\"https:\/\/impactup.com\/glossaire\/comment-devenir-recruteur-independant\/\"><strong>devenir recruteur ind\u00e9pendant<\/strong><\/a> ou non, doit aussi savoir que dans le cadre de ses missions, il aura \u00e0 accompagner les candidats qu\u2019il aura retenus tout au long du processus d\u2019embauche (informations et conseils notamment). Une fois qu\u2019ils auront pris leur poste, il a le devoir d\u2019assurer leur int\u00e9gration au sein de la structure qu\u2019ils viennent de rejoindre. Il devra se tenir \u00e0 leur disposition et \u00e0 celle de l\u2019employeur pour leur apporter assistance en cas de soucis li\u00e9s \u00e0 l\u2019inclusion et \u00e0 l\u2019adaptation au nouvel environnement professionnel.<\/p>\n<p style=\"text-align: justify;\">Ces principaux aspects du m\u00e9tier d\u00e9montrent la diversit\u00e9 des comp\u00e9tences n\u00e9cessaires pour <strong>devenir recruteur ind\u00e9pendant<\/strong> ou pour le compte d\u2019une agence. Vous pourrez les d\u00e9couvrir ou approfondir ceux que vous poss\u00e9dez d\u00e9j\u00e0 au cours des formations d\u00e9di\u00e9es \u00e0 l\u2019apprentissage de la profession aupr\u00e8s d\u2019<strong>ImpactUp<\/strong>.<\/p>\n<h2 style=\"text-align: justify;\"><strong>Les sp\u00e9cificit\u00e9s du m\u00e9tier de recruteur ind\u00e9pendant<\/strong><\/h2>\n<p style=\"text-align: justify;\">Le recruteur ind\u00e9pendant exerce son activit\u00e9 en tant que consultant aupr\u00e8s d\u2019entreprises ou d\u2019institution \u00e0 la recherche de collaborateurs. Sa mission va ainsi consister en premier lieu \u00e0 rechercher des candidats qui correspondent aux attentes de ses clients et aux exigences des postes vacants que ces derniers souhaitent combler.<\/p>\n<p style=\"text-align: justify;\">Mais contrairement \u00e0 celui qui travaille pour le compte d\u2019un cabinet ou d\u2019une entreprise, il b\u00e9n\u00e9ficie d\u2019une grande marge de man\u0153uvre dans l\u2019ex\u00e9cution de ses contrats \u00e9tant donn\u00e9 qu\u2019il profite d\u2019une autonomie compl\u00e8te.<\/p>\n<p style=\"text-align: justify;\">Les consultants qui envisagent de <strong>devenir recruteurs ind\u00e9pendants<\/strong> pourront exercer leur activit\u00e9 de deux mani\u00e8res\u00a0:<\/p>\n<ul style=\"text-align: justify;\">\n<li>Avec le recrutement au succ\u00e8s\u00a0: ils recevront leur r\u00e9mun\u00e9ration uniquement apr\u00e8s avoir achev\u00e9 une mission, autrement dit lorsque la place sera pourvue.<\/li>\n<li>Avec le syst\u00e8me d\u2019externalisation du processus de recrutement (RPO ou Recruitment Process Outsourcing) qui consiste \u00e0 rejoindre les \u00e9quipes internes de la structure qui recourt \u00e0 leurs services pour une dur\u00e9e pr\u00e9d\u00e9finie. Malgr\u00e9 tout, ils se chargeront de garantir la bonne marche de la proc\u00e9dure, jusqu\u2019\u00e0 l\u2019embauche d\u00e9finitive des candidats retenus.<\/li>\n<\/ul>\n<p style=\"text-align: justify;\">Par ailleurs, <strong>devenir recruteur ind\u00e9pendant<\/strong> pr\u00e9sente des avantages ind\u00e9niables li\u00e9s \u00e0 l\u2019autonomie dont vous pourrez pleinement profiter apr\u00e8s votre formation aupr\u00e8s d\u2019ImpactUp. En effet, votre parcours vous permettra d\u2019obtenir les comp\u00e9tences requises pour travailler en toute libert\u00e9 dans le choix des clients et des missions, mais \u00e9galement dans la gestion de votre planning.<\/p>\n<p style=\"text-align: justify;\">La diversification de la client\u00e8le et les projets constitue un moyen d\u2019acqu\u00e9rir de nouveaux savoir-faire et connaissances et d\u2019\u00e9largir votre r\u00e9seau (tr\u00e8s utile pour le sourcing). ImpactUp vous offre par ailleurs la possibilit\u00e9 de vous sp\u00e9cialiser dans des domaines, tels que les fonctions commerciales, de vente et marketing.<\/p>\n<h2 style=\"text-align: justify;\"><strong>Comment r\u00e9ussir en tant que recruteur ind\u00e9pendant\u2009?<\/strong><\/h2>\n<p style=\"text-align: justify;\">Le projet de <a href=\"https:\/\/impactup.com\/glossaire\/consultant-en-recrutement-independant\/\"><strong>devenir recruteur ind\u00e9pendant<\/strong><\/a> doit \u00eatre bien pr\u00e9par\u00e9. En d\u2019autres termes, celui ou celle qui souhaite se lancer dans cette activit\u00e9 doit tout mettre en \u0153uvre pour acqu\u00e9rir les comp\u00e9tences n\u00e9cessaires pour r\u00e9ussir dans son m\u00e9tier.<\/p>\n<p style=\"text-align: justify;\">Suivre une formation adapt\u00e9e constitue la premi\u00e8re \u00e9tape. Il s\u2019agira d\u2019appr\u00e9hender et de ma\u00eetriser les principes et les particularit\u00e9s de la profession, notamment tous ses aspects pratiques, administratifs, juridiques, fiscaux, etc.).<\/p>\n<p style=\"text-align: justify;\">Pour approfondir les connaissances et enrichir les comp\u00e9tences, il peut \u00eatre tr\u00e8s int\u00e9ressant de prendre part \u00e0 des ateliers et des conf\u00e9rences sur le th\u00e8me du recrutement et sur l\u2019art et la mani\u00e8re d\u2019exercer le m\u00e9tier de recruteur en tant que travailleur ind\u00e9pendant.<\/p>\n<p style=\"text-align: justify;\">Par ailleurs, commencer \u00e0 travailler au sein d\u2019une agence ou en RPO permettra de mettre en pratique les acquis, mais surtout d\u2019engranger suffisamment d\u2019exp\u00e9rience avant de <strong>devenir recruteur ind\u00e9pendant<\/strong> et de se mettre \u00e0 son compte.<\/p>\n<p style=\"text-align: justify;\">Il est essentiel de soigner la communication. Outre les \u00e9changes et les rencontres avec d\u2019autres acteurs du secteur, au cours d\u2019\u00e9v\u00e9nements corporate ou \u00e0 d\u2019autres occasions, les r\u00e9seaux sociaux professionnels et les plateformes d\u00e9di\u00e9es \u00e0 cette profession permettent de se faire conna\u00eetre.<\/p>\n<p style=\"text-align: justify;\">De plus, vous devrez vous tenir au courant des opportunit\u00e9s et des tendances dans le milieu. Enfin, en tant qu\u2019ind\u00e9pendant, vous devrez mettre en place une bonne strat\u00e9gie de gestion de votre emploi du temps. La formation pour <strong>devenir recruteur ind\u00e9pendant<\/strong> chez ImpactUp vous aidera \u00e0 ma\u00eetriser tous ces aspects de votre futur m\u00e9tier.<\/p>\n<h2 style=\"text-align: justify;\"><strong>Formation en recrutement par ImpactUp\u00a0: les grandes lignes\u2009?<\/strong><\/h2>\n<p style=\"text-align: justify;\">Le cabinet de recrutement <a href=\"https:\/\/impactup.com\/\"><strong>ImpactUp<\/strong><\/a> est expert dans les fonctions relatives au marketing, au commerce et \u00e0 la vente. Depuis 2005, nous accompagnons les entreprises dans la recherche de collaborateurs comp\u00e9tents et qualifi\u00e9s pour assumer les diff\u00e9rents postes dans ces domaines.<\/p>\n<p style=\"text-align: justify;\">Nos missions ne se limitent pas seulement au recrutement, nous fournissons \u00e9galement des conseils dans le cadre de projets de ce type. En outre, nous avons mis en place une formation destin\u00e9e \u00e0 ceux qui veulent <strong>devenir recruteurs ind\u00e9pendants<\/strong>.<\/p>\n<p style=\"text-align: justify;\">Nous avons con\u00e7u diff\u00e9rents modules qui permettent aux apprenants \u00e0 acqu\u00e9rir, \u00e0 d\u00e9velopper et \u00e0 utiliser de mani\u00e8re optimale les connaissances n\u00e9cessaires pour l\u2019exercice de ce m\u00e9tier. Les programmes incluent tous les aspects techniques et technologiques du domaine du recrutement. Ils couvrent toutes les \u00e9tapes du processus, depuis l\u2019identification des besoins des clients jusqu\u2019\u00e0 l\u2019embauche finale des candidats retenus et le suivi de leur int\u00e9gration au sein de la structure.<\/p>\n<p style=\"text-align: justify;\">Par ailleurs, <strong>ImpactUp<\/strong> propose aussi d\u2019autres formations et prestations sur la th\u00e9matique du recrutement. Elles concernent entre autres l\u2019\u00e9laboration des offres d\u2019emploi et des descriptions de poste, les m\u00e9thodes d\u2019\u00e9valuation (test psychotechnique, d\u00e9tection des soft skills, etc.) et leurs applications, le choix et l\u2019emploi des outils de s\u00e9lection de candidats ainsi que l\u2019intelligence \u00e9motionnelle et comment la mettre \u00e0 profit dans le processus de recrutement.<\/p>\n<\/section>\n<p>[\/vc_column_text][\/vc_column][\/vc_row]<\/p>\n<\/div>","protected":false},"excerpt":{"rendered":"<p>[vc_row][vc_column width=&#8221;1\/3&#8243;][vc_btn title=&#8221;Voir notre offre&#8221; color=&#8221;secondarycolor&#8221; align=&#8221;center&#8221; css=&#8221;&#8221; link=&#8221;url:https%3A%2F%2Fimpactup.com%2Frecrutement%2F&#8221;][\/vc_column][vc_column width=&#8221;1\/3&#8243;][vc_btn title=&#8221;Confiez-nous votre projet&#8221; color=&#8221;secondarycolor&#8221; align=&#8221;center&#8221; css=&#8221;&#8221; link=&#8221;url:https%3A%2F%2Fimpactup.com%2Fetude-personnalisee%2F&#8221;][\/vc_column][vc_column width=&#8221;1\/3&#8243;][vc_btn title=&#8221;Contactez-nous&#8221; color=&#8221;secondarycolor&#8221; align=&#8221;center&#8221; css=&#8221;&#8221; link=&#8221;url:https%3A%2F%2Fimpactup.com%2Fcontact%2F&#8221;][\/vc_column][\/vc_row][vc_row css=&#8221;.vc_custom_1717658386032{padding-top: 40px !important;padding-bottom: 20px !important;}&#8221;][vc_column][vc_column_text css=&#8221;&#8221;] Devenir recruteur ind\u00e9pendant\u00a0: o\u00f9 se former\u2009? Les formations pour devenir recruteur ind\u00e9pendant ou pour le compte d\u2019une agence ou d\u2019une entreprise, sont propos\u00e9es par certaines grandes [&hellip;]<\/p>\n","protected":false},"author":4,"featured_media":0,"parent":17218,"menu_order":0,"comment_status":"closed","ping_status":"closed","template":"","meta":{"_monsterinsights_skip_tracking":false,"_monsterinsights_sitenote_active":false,"_monsterinsights_sitenote_note":"","_monsterinsights_sitenote_category":0,"footnotes":""},"class_list":["post-25921","page","type-page","status-publish","hentry"],"yoast_head":"<!-- This site is optimized with the Yoast SEO plugin v27.0 - https:\/\/yoast.com\/product\/yoast-seo-wordpress\/ -->\n<title>Devenir recruteur ind\u00e9pendant avec une formation adapt\u00e9e<\/title>\n<meta name=\"description\" content=\"Devenir recruteur ind\u00e9pendant avec l\u2019aide d\u2019un cabinet sp\u00e9cialis\u00e9. ImpactUp a con\u00e7u des formations pour devenir un recruteur ind\u00e9pendant efficace.\" \/>\n<meta name=\"robots\" content=\"index, follow, max-snippet:-1, max-image-preview:large, max-video-preview:-1\" \/>\n<link rel=\"canonical\" href=\"https:\/\/impactup.com\/en\/glossaire\/devenir-recruteur-independant\/\" \/>\n<meta property=\"og:locale\" content=\"en_US\" \/>\n<meta property=\"og:type\" content=\"article\" \/>\n<meta property=\"og:title\" content=\"Devenir recruteur ind\u00e9pendant avec une formation adapt\u00e9e\" \/>\n<meta property=\"og:description\" content=\"Devenir recruteur ind\u00e9pendant avec l\u2019aide d\u2019un cabinet sp\u00e9cialis\u00e9. ImpactUp a con\u00e7u des formations pour devenir un recruteur ind\u00e9pendant efficace.\" \/>\n<meta property=\"og:url\" content=\"https:\/\/impactup.com\/en\/glossaire\/devenir-recruteur-independant\/\" \/>\n<meta property=\"og:site_name\" content=\"ImpactUp\" \/>\n<meta property=\"article:modified_time\" content=\"2025-06-02T11:46:56+00:00\" \/>\n<meta property=\"og:image\" content=\"https:\/\/impactup.com\/wp-content\/uploads\/2021\/01\/og.jpg\" \/>\n\t<meta property=\"og:image:width\" content=\"1067\" \/>\n\t<meta property=\"og:image:height\" content=\"600\" \/>\n\t<meta property=\"og:image:type\" content=\"image\/jpeg\" \/>\n<meta name=\"twitter:card\" content=\"summary_large_image\" \/>\n<meta name=\"twitter:label1\" content=\"Est. reading time\" \/>\n\t<meta name=\"twitter:data1\" content=\"3 minutes\" \/>\n<script type=\"application\/ld+json\" class=\"yoast-schema-graph\">{\"@context\":\"https:\/\/schema.org\",\"@graph\":[{\"@type\":\"WebPage\",\"@id\":\"https:\/\/impactup.com\/en\/glossaire\/devenir-recruteur-independant\/\",\"url\":\"https:\/\/impactup.com\/en\/glossaire\/devenir-recruteur-independant\/\",\"name\":\"Devenir recruteur ind\u00e9pendant avec une formation adapt\u00e9e\",\"isPartOf\":{\"@id\":\"https:\/\/impactup.com\/en\/#website\"},\"datePublished\":\"2024-06-10T07:16:15+00:00\",\"dateModified\":\"2025-06-02T11:46:56+00:00\",\"description\":\"Devenir recruteur ind\u00e9pendant avec l\u2019aide d\u2019un cabinet sp\u00e9cialis\u00e9. ImpactUp a con\u00e7u des formations pour devenir un recruteur ind\u00e9pendant efficace.\",\"breadcrumb\":{\"@id\":\"https:\/\/impactup.com\/en\/glossaire\/devenir-recruteur-independant\/#breadcrumb\"},\"inLanguage\":\"en-US\",\"potentialAction\":[{\"@type\":\"ReadAction\",\"target\":[\"https:\/\/impactup.com\/en\/glossaire\/devenir-recruteur-independant\/\"]}]},{\"@type\":\"BreadcrumbList\",\"@id\":\"https:\/\/impactup.com\/en\/glossaire\/devenir-recruteur-independant\/#breadcrumb\",\"itemListElement\":[{\"@type\":\"ListItem\",\"position\":1,\"name\":\"Accueil\",\"item\":\"https:\/\/impactup.com\/en\/\"},{\"@type\":\"ListItem\",\"position\":2,\"name\":\"Glossaire\",\"item\":\"https:\/\/impactup.com\/en\/glossaire\/\"},{\"@type\":\"ListItem\",\"position\":3,\"name\":\"Devenir recruteur ind\u00e9pendant : o\u00f9 se former\u2009?\"}]},{\"@type\":\"WebSite\",\"@id\":\"https:\/\/impactup.com\/en\/#website\",\"url\":\"https:\/\/impactup.com\/en\/\",\"name\":\"ImpactUp\",\"description\":\"Recrutement commerciaux, directions commerciales et fonctions marketing\",\"potentialAction\":[{\"@type\":\"SearchAction\",\"target\":{\"@type\":\"EntryPoint\",\"urlTemplate\":\"https:\/\/impactup.com\/en\/?s={search_term_string}\"},\"query-input\":{\"@type\":\"PropertyValueSpecification\",\"valueRequired\":true,\"valueName\":\"search_term_string\"}}],\"inLanguage\":\"en-US\"}]}<\/script>\n<!-- \/ Yoast SEO plugin. -->","yoast_head_json":{"title":"Devenir recruteur ind\u00e9pendant avec une formation adapt\u00e9e","description":"Devenir recruteur ind\u00e9pendant avec l\u2019aide d\u2019un cabinet sp\u00e9cialis\u00e9. ImpactUp a con\u00e7u des formations pour devenir un recruteur ind\u00e9pendant efficace.","robots":{"index":"index","follow":"follow","max-snippet":"max-snippet:-1","max-image-preview":"max-image-preview:large","max-video-preview":"max-video-preview:-1"},"canonical":"https:\/\/impactup.com\/en\/glossaire\/devenir-recruteur-independant\/","og_locale":"en_US","og_type":"article","og_title":"Devenir recruteur ind\u00e9pendant avec une formation adapt\u00e9e","og_description":"Devenir recruteur ind\u00e9pendant avec l\u2019aide d\u2019un cabinet sp\u00e9cialis\u00e9. ImpactUp a con\u00e7u des formations pour devenir un recruteur ind\u00e9pendant efficace.","og_url":"https:\/\/impactup.com\/en\/glossaire\/devenir-recruteur-independant\/","og_site_name":"ImpactUp","article_modified_time":"2025-06-02T11:46:56+00:00","og_image":[{"width":1067,"height":600,"url":"https:\/\/impactup.com\/wp-content\/uploads\/2021\/01\/og.jpg","type":"image\/jpeg"}],"twitter_card":"summary_large_image","twitter_misc":{"Est. reading time":"3 minutes"},"schema":{"@context":"https:\/\/schema.org","@graph":[{"@type":"WebPage","@id":"https:\/\/impactup.com\/en\/glossaire\/devenir-recruteur-independant\/","url":"https:\/\/impactup.com\/en\/glossaire\/devenir-recruteur-independant\/","name":"Devenir recruteur ind\u00e9pendant avec une formation adapt\u00e9e","isPartOf":{"@id":"https:\/\/impactup.com\/en\/#website"},"datePublished":"2024-06-10T07:16:15+00:00","dateModified":"2025-06-02T11:46:56+00:00","description":"Devenir recruteur ind\u00e9pendant avec l\u2019aide d\u2019un cabinet sp\u00e9cialis\u00e9. ImpactUp a con\u00e7u des formations pour devenir un recruteur ind\u00e9pendant efficace.","breadcrumb":{"@id":"https:\/\/impactup.com\/en\/glossaire\/devenir-recruteur-independant\/#breadcrumb"},"inLanguage":"en-US","potentialAction":[{"@type":"ReadAction","target":["https:\/\/impactup.com\/en\/glossaire\/devenir-recruteur-independant\/"]}]},{"@type":"BreadcrumbList","@id":"https:\/\/impactup.com\/en\/glossaire\/devenir-recruteur-independant\/#breadcrumb","itemListElement":[{"@type":"ListItem","position":1,"name":"Accueil","item":"https:\/\/impactup.com\/en\/"},{"@type":"ListItem","position":2,"name":"Glossaire","item":"https:\/\/impactup.com\/en\/glossaire\/"},{"@type":"ListItem","position":3,"name":"Devenir recruteur ind\u00e9pendant : o\u00f9 se former\u2009?"}]},{"@type":"WebSite","@id":"https:\/\/impactup.com\/en\/#website","url":"https:\/\/impactup.com\/en\/","name":"ImpactUp","description":"Recrutement commerciaux, directions commerciales et fonctions marketing","potentialAction":[{"@type":"SearchAction","target":{"@type":"EntryPoint","urlTemplate":"https:\/\/impactup.com\/en\/?s={search_term_string}"},"query-input":{"@type":"PropertyValueSpecification","valueRequired":true,"valueName":"search_term_string"}}],"inLanguage":"en-US"}]}},"_links":{"self":[{"href":"https:\/\/impactup.com\/en\/wp-json\/wp\/v2\/pages\/25921","targetHints":{"allow":["GET"]}}],"collection":[{"href":"https:\/\/impactup.com\/en\/wp-json\/wp\/v2\/pages"}],"about":[{"href":"https:\/\/impactup.com\/en\/wp-json\/wp\/v2\/types\/page"}],"author":[{"embeddable":true,"href":"https:\/\/impactup.com\/en\/wp-json\/wp\/v2\/users\/4"}],"replies":[{"embeddable":true,"href":"https:\/\/impactup.com\/en\/wp-json\/wp\/v2\/comments?post=25921"}],"version-history":[{"count":6,"href":"https:\/\/impactup.com\/en\/wp-json\/wp\/v2\/pages\/25921\/revisions"}],"predecessor-version":[{"id":26022,"href":"https:\/\/impactup.com\/en\/wp-json\/wp\/v2\/pages\/25921\/revisions\/26022"}],"up":[{"embeddable":true,"href":"https:\/\/impactup.com\/en\/wp-json\/wp\/v2\/pages\/17218"}],"wp:attachment":[{"href":"https:\/\/impactup.com\/en\/wp-json\/wp\/v2\/media?parent=25921"}],"curies":[{"name":"wp","href":"https:\/\/api.w.org\/{rel}","templated":true}]}}