{"id":25919,"date":"2024-06-10T09:14:48","date_gmt":"2024-06-10T07:14:48","guid":{"rendered":"https:\/\/impactup.niou.dev\/?page_id=25919"},"modified":"2024-06-12T16:41:54","modified_gmt":"2024-06-12T14:41:54","slug":"devenir-consultant-en-recrutement","status":"publish","type":"page","link":"https:\/\/impactup.com\/en\/glossaire\/devenir-consultant-en-recrutement\/","title":{"rendered":"Devenir consultant en recrutement pour votre entreprise"},"content":{"rendered":"<div class=\"wpb-content-wrapper\"><p>[vc_row][vc_column width=&#8221;1\/3&#8243;][vc_btn title=&#8221;Voir notre offre&#8221; color=&#8221;secondarycolor&#8221; align=&#8221;center&#8221; css=&#8221;&#8221; link=&#8221;url:https%3A%2F%2Fimpactup.com%2Frecrutement%2F&#8221;][\/vc_column][vc_column width=&#8221;1\/3&#8243;][vc_btn title=&#8221;Confiez-nous votre projet&#8221; color=&#8221;secondarycolor&#8221; align=&#8221;center&#8221; css=&#8221;&#8221; link=&#8221;url:https%3A%2F%2Fimpactup.com%2Fetude-personnalisee%2F&#8221;][\/vc_column][vc_column width=&#8221;1\/3&#8243;][vc_btn title=&#8221;Contactez-nous&#8221; color=&#8221;secondarycolor&#8221; align=&#8221;center&#8221; css=&#8221;&#8221; link=&#8221;url:https%3A%2F%2Fimpactup.com%2Fcontact%2F&#8221;][\/vc_column][\/vc_row][vc_row css=&#8221;.vc_custom_1717658386032{padding-top: 40px !important;padding-bottom: 20px !important;}&#8221;][vc_column][vc_column_text css=&#8221;&#8221;]<\/p>\n<section style=\"text-align: justify;\">\n<h2><strong>Devenir consultant en recrutement pour votre entreprise<\/strong><\/h2>\n<p>Suivre une formation afin de <a href=\"https:\/\/impactup.com\/glossaire\/comment-devenir-recruteur-freelance\/\"><strong>devenir consultant en recrutement<\/strong><\/a> pour le compte de votre entreprise constitue une option int\u00e9ressante. Cette solution vous permettra d\u2019obtenir les comp\u00e9tences pour g\u00e9rer vous-m\u00eame le processus de prospection et d\u2019embauche au sein de votre soci\u00e9t\u00e9. Pour vous sp\u00e9cialiser dans les fonctions commerciales et marketing, <strong>ImpactUp<\/strong> propose des modules de formation sur mesure aux dirigeants de petites structures.<\/p>\n<\/section>\n<p>[\/vc_column_text][\/vc_column][\/vc_row][vc_row][vc_column width=&#8221;1\/3&#8243;][vc_btn title=&#8221;Voir notre offre&#8221; color=&#8221;secondarycolor&#8221; align=&#8221;center&#8221; css=&#8221;&#8221; link=&#8221;url:https%3A%2F%2Fimpactup.com%2Frecrutement%2F&#8221;][\/vc_column][vc_column width=&#8221;1\/3&#8243;][vc_btn title=&#8221;Confiez-nous votre projet&#8221; color=&#8221;secondarycolor&#8221; align=&#8221;center&#8221; css=&#8221;&#8221; link=&#8221;url:https%3A%2F%2Fimpactup.com%2Fetude-personnalisee%2F&#8221;][\/vc_column][vc_column width=&#8221;1\/3&#8243;][vc_btn title=&#8221;Contactez-nous&#8221; color=&#8221;secondarycolor&#8221; align=&#8221;center&#8221; css=&#8221;&#8221; link=&#8221;url:https%3A%2F%2Fimpactup.com%2Fcontact%2F&#8221;][\/vc_column][\/vc_row][vc_row css=&#8221;.vc_custom_1717658445522{padding-top: 40px !important;}&#8221;][vc_column][vc_column_text css=&#8221;&#8221;]<\/p>\n<section style=\"text-align: justify;\">\n<h2><strong>Que fait le consultant en recrutement\u00a0?<\/strong><\/h2>\n<p>Le <strong>consultant en recrutement<\/strong> est aussi appel\u00e9 \u00ab\u00a0chasseur de t\u00eates\u00a0\u00bb. Il s\u2019agit d\u2019un expert de la recherche de talents pour des entreprises et des organisations. Il est souvent celui auquel on fait appel pour d\u00e9nicher des personnes destin\u00e9es \u00e0 assumer des postes difficiles \u00e0 pourvoir. Mais il assure \u00e9galement les missions de recrutement classique.<\/p>\n<p>Dans un r\u00f4le comme dans l\u2019autre, il doit comprendre, et \u00e9ventuellement aider \u00e0 connaitre les besoins du client afin de d\u00e9finir exactement le profil requis pour les places. Il s\u2019occupe de la prospection des candidats id\u00e9aux dans sa biblioth\u00e8que de CV ou au sein de son r\u00e9seau, ou d\u2019\u00e9plucher les dossiers re\u00e7us suite \u00e0 la diffusion d\u2019une offre d\u2019emploi.<\/p>\n<p>Il recevra les personnes s\u00e9lectionn\u00e9es en entretien d\u2019\u00e9valuation et soumettra les meilleurs \u00e0 ses clients. Compte tenu de la d\u00e9licatesse du m\u00e9tier, <a href=\"https:\/\/impactup.com\/glossaire\/comment-devenir-recruteur-independant\/\"><strong>devenir consultant en recrutement<\/strong><\/a> n\u00e9cessite une formation et des talents sp\u00e9cifiques.<\/p>\n<p>Si vous \u00eates \u00e0 la recherche d\u2019un chasseur de t\u00eate pour des fonctions commerciales et marketing, <strong>ImpactUp<\/strong> est une agence efficace pr\u00e9sente \u00e0 Paris, Lille, Bordeaux, Toulouse, la Rochelle et Lyon.<\/p>\n<h2><strong>Pourquoi devenir consultant en recrutement pour votre structure\u00a0?<\/strong><\/h2>\n<p>Les dirigeants de petites structures comme les TPE et les PME n\u2019ont pas toujours les comp\u00e9tences requises pour proc\u00e9der \u00e0 la recherche et \u00e0 l\u2019embauche de leurs collaborateurs. D\u2019o\u00f9 le recours \u00e0 des agences sp\u00e9cialis\u00e9es est souvent l\u2019option privil\u00e9gi\u00e9e. Vous pouvez toutefois choisir d\u2019acqu\u00e9rir les comp\u00e9tences pour r\u00e9aliser ces t\u00e2ches en suivant une formation pour <a href=\"https:\/\/impactup.com\/glossaire\/consultant-en-recrutement-independant\/\"><strong>devenir consultant en recrutement<\/strong><\/a>.<\/p>\n<p>Cette option vous permettra de vous occuper de la prospection et du choix de vos coll\u00e8gues vous-m\u00eames. D\u2019ailleurs, \u00e9tant g\u00e9rant et propri\u00e9taire de votre entreprise vous \u00eates \u00e0 m\u00eame de mieux comprendre les besoins de votre structure et vous pourrez ajuster le profil des candidats en fonction.<\/p>\n<p>De plus, vous garderez un contr\u00f4le total sur tout le processus de recrutement et vous pouvez adapter la strat\u00e9gie \u00e0 vos objectifs et votre convenance. Lors des entretiens, vous aurez \u00e0 la fois une id\u00e9e objective et subjective des postulants et vous pourrez mieux les informer sur le poste et votre entreprise.<\/p>\n<h2><strong>Formation pour devenir consultant en recrutement chez ImpactUp<\/strong><\/h2>\n<p><a href=\"https:\/\/impactup.com\/\"><strong>ImpactUp<\/strong><\/a> est une agence de recrutement experte dans les fonctions commerciales et le marketing. Nous proposons une formation pour <strong>devenir consultant en recrutement<\/strong> et affiner vos comp\u00e9tences en prospection et embauche de collaborateurs pour des postes dans ces domaines.<\/p>\n<p>Les modules sont con\u00e7us sur mesure selon vos attentes et vos objectifs, mais ils pourront comprendre\u00a0:<\/p>\n<ul>\n<li>la d\u00e9finition des besoins dans le cadre du recrutement (profil cible, crit\u00e8res objectifs, soft skills, etc.)\u00a0;<\/li>\n<li>la r\u00e9daction de la description de poste et de l\u2019offre d\u2019emploi\u00a0;<\/li>\n<li>le pilotage du process de recrutement\u00a0;<\/li>\n<li>la pr\u00e9paration et la conduite des entretiens d\u2019embauche\u00a0;<\/li>\n<li>le choix et la mise en \u0153uvre des tests (Psychotechniques, personnalit\u00e9, m\u00e9tiers, etc.)\u00a0;<\/li>\n<li>l\u2019intelligence \u00e9motionnelle ;<\/li>\n<li>etc.<\/li>\n<\/ul>\n<\/section>\n<p>[\/vc_column_text][\/vc_column][\/vc_row]<\/p>\n<\/div>","protected":false},"excerpt":{"rendered":"<p>[vc_row][vc_column width=&#8221;1\/3&#8243;][vc_btn title=&#8221;Voir notre offre&#8221; color=&#8221;secondarycolor&#8221; align=&#8221;center&#8221; css=&#8221;&#8221; link=&#8221;url:https%3A%2F%2Fimpactup.com%2Frecrutement%2F&#8221;][\/vc_column][vc_column width=&#8221;1\/3&#8243;][vc_btn title=&#8221;Confiez-nous votre projet&#8221; color=&#8221;secondarycolor&#8221; align=&#8221;center&#8221; css=&#8221;&#8221; link=&#8221;url:https%3A%2F%2Fimpactup.com%2Fetude-personnalisee%2F&#8221;][\/vc_column][vc_column width=&#8221;1\/3&#8243;][vc_btn title=&#8221;Contactez-nous&#8221; color=&#8221;secondarycolor&#8221; align=&#8221;center&#8221; css=&#8221;&#8221; link=&#8221;url:https%3A%2F%2Fimpactup.com%2Fcontact%2F&#8221;][\/vc_column][\/vc_row][vc_row css=&#8221;.vc_custom_1717658386032{padding-top: 40px !important;padding-bottom: 20px !important;}&#8221;][vc_column][vc_column_text css=&#8221;&#8221;] Devenir consultant en recrutement pour votre entreprise Suivre une formation afin de devenir consultant en recrutement pour le compte de votre entreprise constitue une option int\u00e9ressante. [&hellip;]<\/p>\n","protected":false},"author":4,"featured_media":0,"parent":17218,"menu_order":0,"comment_status":"closed","ping_status":"closed","template":"","meta":{"_monsterinsights_skip_tracking":false,"_monsterinsights_sitenote_active":false,"_monsterinsights_sitenote_note":"","_monsterinsights_sitenote_category":0,"footnotes":""},"class_list":["post-25919","page","type-page","status-publish","hentry"],"yoast_head":"<!-- This site is optimized with the Yoast SEO plugin v27.0 - https:\/\/yoast.com\/product\/yoast-seo-wordpress\/ -->\n<title>Devenir consultant en recrutement pour son entreprise<\/title>\n<meta name=\"description\" content=\"Devenir consultant en recrutement et embaucher pour votre entreprise. ImpactUp propose une formation pour devenir consultant en recrutement.\" \/>\n<meta name=\"robots\" content=\"index, follow, max-snippet:-1, max-image-preview:large, max-video-preview:-1\" \/>\n<link rel=\"canonical\" href=\"https:\/\/impactup.com\/en\/glossaire\/devenir-consultant-en-recrutement\/\" \/>\n<meta property=\"og:locale\" content=\"en_US\" \/>\n<meta property=\"og:type\" content=\"article\" \/>\n<meta property=\"og:title\" content=\"Devenir consultant en recrutement pour son entreprise\" \/>\n<meta property=\"og:description\" content=\"Devenir consultant en recrutement et embaucher pour votre entreprise. ImpactUp propose une formation pour devenir consultant en recrutement.\" \/>\n<meta property=\"og:url\" content=\"https:\/\/impactup.com\/en\/glossaire\/devenir-consultant-en-recrutement\/\" \/>\n<meta property=\"og:site_name\" content=\"ImpactUp\" \/>\n<meta property=\"article:modified_time\" content=\"2024-06-12T14:41:54+00:00\" \/>\n<meta property=\"og:image\" content=\"https:\/\/impactup.com\/wp-content\/uploads\/2021\/01\/og.jpg\" \/>\n\t<meta property=\"og:image:width\" content=\"1067\" \/>\n\t<meta property=\"og:image:height\" content=\"600\" \/>\n\t<meta property=\"og:image:type\" content=\"image\/jpeg\" \/>\n<meta name=\"twitter:card\" content=\"summary_large_image\" \/>\n<meta name=\"twitter:label1\" content=\"Est. reading time\" \/>\n\t<meta name=\"twitter:data1\" content=\"1 minute\" \/>\n<script type=\"application\/ld+json\" class=\"yoast-schema-graph\">{\"@context\":\"https:\/\/schema.org\",\"@graph\":[{\"@type\":\"WebPage\",\"@id\":\"https:\/\/impactup.com\/en\/glossaire\/devenir-consultant-en-recrutement\/\",\"url\":\"https:\/\/impactup.com\/en\/glossaire\/devenir-consultant-en-recrutement\/\",\"name\":\"Devenir consultant en recrutement pour son entreprise\",\"isPartOf\":{\"@id\":\"https:\/\/impactup.com\/en\/#website\"},\"datePublished\":\"2024-06-10T07:14:48+00:00\",\"dateModified\":\"2024-06-12T14:41:54+00:00\",\"description\":\"Devenir consultant en recrutement et embaucher pour votre entreprise. ImpactUp propose une formation pour devenir consultant en recrutement.\",\"breadcrumb\":{\"@id\":\"https:\/\/impactup.com\/en\/glossaire\/devenir-consultant-en-recrutement\/#breadcrumb\"},\"inLanguage\":\"en-US\",\"potentialAction\":[{\"@type\":\"ReadAction\",\"target\":[\"https:\/\/impactup.com\/en\/glossaire\/devenir-consultant-en-recrutement\/\"]}]},{\"@type\":\"BreadcrumbList\",\"@id\":\"https:\/\/impactup.com\/en\/glossaire\/devenir-consultant-en-recrutement\/#breadcrumb\",\"itemListElement\":[{\"@type\":\"ListItem\",\"position\":1,\"name\":\"Accueil\",\"item\":\"https:\/\/impactup.com\/en\/\"},{\"@type\":\"ListItem\",\"position\":2,\"name\":\"Glossaire\",\"item\":\"https:\/\/impactup.com\/en\/glossaire\/\"},{\"@type\":\"ListItem\",\"position\":3,\"name\":\"Devenir consultant en recrutement pour votre entreprise\"}]},{\"@type\":\"WebSite\",\"@id\":\"https:\/\/impactup.com\/en\/#website\",\"url\":\"https:\/\/impactup.com\/en\/\",\"name\":\"ImpactUp\",\"description\":\"Recrutement commerciaux, directions commerciales et fonctions marketing\",\"potentialAction\":[{\"@type\":\"SearchAction\",\"target\":{\"@type\":\"EntryPoint\",\"urlTemplate\":\"https:\/\/impactup.com\/en\/?s={search_term_string}\"},\"query-input\":{\"@type\":\"PropertyValueSpecification\",\"valueRequired\":true,\"valueName\":\"search_term_string\"}}],\"inLanguage\":\"en-US\"}]}<\/script>\n<!-- \/ Yoast SEO plugin. -->","yoast_head_json":{"title":"Devenir consultant en recrutement pour son entreprise","description":"Devenir consultant en recrutement et embaucher pour votre entreprise. ImpactUp propose une formation pour devenir consultant en recrutement.","robots":{"index":"index","follow":"follow","max-snippet":"max-snippet:-1","max-image-preview":"max-image-preview:large","max-video-preview":"max-video-preview:-1"},"canonical":"https:\/\/impactup.com\/en\/glossaire\/devenir-consultant-en-recrutement\/","og_locale":"en_US","og_type":"article","og_title":"Devenir consultant en recrutement pour son entreprise","og_description":"Devenir consultant en recrutement et embaucher pour votre entreprise. ImpactUp propose une formation pour devenir consultant en recrutement.","og_url":"https:\/\/impactup.com\/en\/glossaire\/devenir-consultant-en-recrutement\/","og_site_name":"ImpactUp","article_modified_time":"2024-06-12T14:41:54+00:00","og_image":[{"width":1067,"height":600,"url":"https:\/\/impactup.com\/wp-content\/uploads\/2021\/01\/og.jpg","type":"image\/jpeg"}],"twitter_card":"summary_large_image","twitter_misc":{"Est. reading time":"1 minute"},"schema":{"@context":"https:\/\/schema.org","@graph":[{"@type":"WebPage","@id":"https:\/\/impactup.com\/en\/glossaire\/devenir-consultant-en-recrutement\/","url":"https:\/\/impactup.com\/en\/glossaire\/devenir-consultant-en-recrutement\/","name":"Devenir consultant en recrutement pour son entreprise","isPartOf":{"@id":"https:\/\/impactup.com\/en\/#website"},"datePublished":"2024-06-10T07:14:48+00:00","dateModified":"2024-06-12T14:41:54+00:00","description":"Devenir consultant en recrutement et embaucher pour votre entreprise. ImpactUp propose une formation pour devenir consultant en recrutement.","breadcrumb":{"@id":"https:\/\/impactup.com\/en\/glossaire\/devenir-consultant-en-recrutement\/#breadcrumb"},"inLanguage":"en-US","potentialAction":[{"@type":"ReadAction","target":["https:\/\/impactup.com\/en\/glossaire\/devenir-consultant-en-recrutement\/"]}]},{"@type":"BreadcrumbList","@id":"https:\/\/impactup.com\/en\/glossaire\/devenir-consultant-en-recrutement\/#breadcrumb","itemListElement":[{"@type":"ListItem","position":1,"name":"Accueil","item":"https:\/\/impactup.com\/en\/"},{"@type":"ListItem","position":2,"name":"Glossaire","item":"https:\/\/impactup.com\/en\/glossaire\/"},{"@type":"ListItem","position":3,"name":"Devenir consultant en recrutement pour votre entreprise"}]},{"@type":"WebSite","@id":"https:\/\/impactup.com\/en\/#website","url":"https:\/\/impactup.com\/en\/","name":"ImpactUp","description":"Recrutement commerciaux, directions commerciales et fonctions marketing","potentialAction":[{"@type":"SearchAction","target":{"@type":"EntryPoint","urlTemplate":"https:\/\/impactup.com\/en\/?s={search_term_string}"},"query-input":{"@type":"PropertyValueSpecification","valueRequired":true,"valueName":"search_term_string"}}],"inLanguage":"en-US"}]}},"_links":{"self":[{"href":"https:\/\/impactup.com\/en\/wp-json\/wp\/v2\/pages\/25919","targetHints":{"allow":["GET"]}}],"collection":[{"href":"https:\/\/impactup.com\/en\/wp-json\/wp\/v2\/pages"}],"about":[{"href":"https:\/\/impactup.com\/en\/wp-json\/wp\/v2\/types\/page"}],"author":[{"embeddable":true,"href":"https:\/\/impactup.com\/en\/wp-json\/wp\/v2\/users\/4"}],"replies":[{"embeddable":true,"href":"https:\/\/impactup.com\/en\/wp-json\/wp\/v2\/comments?post=25919"}],"version-history":[{"count":4,"href":"https:\/\/impactup.com\/en\/wp-json\/wp\/v2\/pages\/25919\/revisions"}],"predecessor-version":[{"id":26562,"href":"https:\/\/impactup.com\/en\/wp-json\/wp\/v2\/pages\/25919\/revisions\/26562"}],"up":[{"embeddable":true,"href":"https:\/\/impactup.com\/en\/wp-json\/wp\/v2\/pages\/17218"}],"wp:attachment":[{"href":"https:\/\/impactup.com\/en\/wp-json\/wp\/v2\/media?parent=25919"}],"curies":[{"name":"wp","href":"https:\/\/api.w.org\/{rel}","templated":true}]}}