{"id":25915,"date":"2024-06-10T09:08:27","date_gmt":"2024-06-10T07:08:27","guid":{"rendered":"https:\/\/impactup.niou.dev\/?page_id=25915"},"modified":"2024-06-10T10:20:49","modified_gmt":"2024-06-10T08:20:49","slug":"comment-devenir-recruteur-independant","status":"publish","type":"page","link":"https:\/\/impactup.com\/en\/glossaire\/comment-devenir-recruteur-independant\/","title":{"rendered":"Comment devenir recruteur ind\u00e9pendant ?"},"content":{"rendered":"<div class=\"wpb-content-wrapper\"><p>[vc_row][vc_column width=&#8221;1\/3&#8243;][vc_btn title=&#8221;Voir notre offre&#8221; color=&#8221;secondarycolor&#8221; align=&#8221;center&#8221; css=&#8221;&#8221; link=&#8221;url:https%3A%2F%2Fimpactup.com%2Frecrutement%2F&#8221;][\/vc_column][vc_column width=&#8221;1\/3&#8243;][vc_btn title=&#8221;Confiez-nous votre projet&#8221; color=&#8221;secondarycolor&#8221; align=&#8221;center&#8221; css=&#8221;&#8221; link=&#8221;url:https%3A%2F%2Fimpactup.com%2Fetude-personnalisee%2F&#8221;][\/vc_column][vc_column width=&#8221;1\/3&#8243;][vc_btn title=&#8221;Contactez-nous&#8221; color=&#8221;secondarycolor&#8221; align=&#8221;center&#8221; css=&#8221;&#8221; link=&#8221;url:https%3A%2F%2Fimpactup.com%2Fcontact%2F&#8221;][\/vc_column][\/vc_row][vc_row css=&#8221;.vc_custom_1717658386032{padding-top: 40px !important;padding-bottom: 20px !important;}&#8221;][vc_column][vc_column_text css=&#8221;&#8221;]<\/p>\n<section style=\"text-align: justify;\">\n<h2><strong>Comment devenir recruteur ind\u00e9pendant\u00a0?<\/strong><\/h2>\n<p>\u00c0 l\u2019instar de nombreux m\u00e9tiers, celui de recruteur peut s\u2019exercer en freelance. Pour ceux qui souhaitent savoir <a href=\"https:\/\/impactup.com\/glossaire\/recruteur-independant\/\"><strong>comment devenir recruteur ind\u00e9pendant<\/strong><\/a>, plusieurs voies sont possibles. Mais il peut aussi \u00eatre int\u00e9ressant de rejoindre une agence. Si vous voulez exercer dans les fonctions commerciales et du marketing, <strong>ImpactUp<\/strong> est un cabinet de recrutement sp\u00e9cialis\u00e9 dans ces domaines.<\/p>\n<\/section>\n<p>[\/vc_column_text][\/vc_column][\/vc_row][vc_row][vc_column width=&#8221;1\/3&#8243;][vc_btn title=&#8221;Voir notre offre&#8221; color=&#8221;secondarycolor&#8221; align=&#8221;center&#8221; css=&#8221;&#8221; link=&#8221;url:https%3A%2F%2Fimpactup.com%2Frecrutement%2F&#8221;][\/vc_column][vc_column width=&#8221;1\/3&#8243;][vc_btn title=&#8221;Confiez-nous votre projet&#8221; color=&#8221;secondarycolor&#8221; align=&#8221;center&#8221; css=&#8221;&#8221; link=&#8221;url:https%3A%2F%2Fimpactup.com%2Fetude-personnalisee%2F&#8221;][\/vc_column][vc_column width=&#8221;1\/3&#8243;][vc_btn title=&#8221;Contactez-nous&#8221; color=&#8221;secondarycolor&#8221; align=&#8221;center&#8221; css=&#8221;&#8221; link=&#8221;url:https%3A%2F%2Fimpactup.com%2Fcontact%2F&#8221;][\/vc_column][\/vc_row][vc_row css=&#8221;.vc_custom_1717658445522{padding-top: 40px !important;}&#8221;][vc_column][vc_column_text css=&#8221;&#8221;]<\/p>\n<section style=\"text-align: justify;\">\n<h2><strong>Les qualit\u00e9s d\u2019un bon recruteur ind\u00e9pendant<\/strong><\/h2>\n<p>Pour ceux qui se demandent <a href=\"https:\/\/impactup.com\/glossaire\/consultant-en-recrutement-independant\/\"><strong>comment devenir recruteur ind\u00e9pendant<\/strong><\/a>, il existe des formations universitaires pr\u00e9parant \u00e0 la profession et aux dipl\u00f4mes de Licence et de Master\u00a02, g\u00e9n\u00e9ralement dans le domaine des ressources humaines.<\/p>\n<p>Les entreprises qui ne souhaitent pas externaliser leurs processus de recrutement peuvent faire aussi suivre une formation pour \u00eatre autonome dans la recherche de leurs collaborateurs au sein de cabinets comme <strong>ImpactUp<\/strong>.<\/p>\n<p>Un recruteur ind\u00e9pendant doit avant tout \u00eatre passionn\u00e9 par l\u2019univers des ressources humaines. Il doit maitriser les sp\u00e9cificit\u00e9s des march\u00e9s du travail pour lesquels il va effectuer la prospection et rester au courant des tendances dans les domaines.<\/p>\n<p>Il doit \u00eatre en mesure d\u2019analyser les besoins et les attentes des entreprises qui ont recours \u00e0 ses services d\u2019une part. Et d\u2019autre part, il doit avoir des aptitudes certaines \u00e0 \u00e9tudier les contenus des dossiers de candidature, \u00e0 lire entre les lignes.<\/p>\n<p>Les comp\u00e9tences en communication et \u00e0 l\u2019\u00e9coute sont \u00e9galement n\u00e9cessaires pour exercer ce m\u00e9tier. L\u2019autonomie et la capacit\u00e9 \u00e0 travailler en \u00e9quipe ainsi qu\u2019une bonne organisation sont aussi essentielles.<\/p>\n<h2><strong>Les contraintes du m\u00e9tier de recruteur ind\u00e9pendant<\/strong><\/h2>\n<p>Ceux qui veulent se lancer dans ce m\u00e9tier devront ainsi bien \u00e9tudier les points positifs et n\u00e9gatifs en fonction de leur situation et de leurs objectifs professionnels. Vous pouvez notamment suivre des formations compl\u00e9mentaires aupr\u00e8s de cabinets sp\u00e9cialis\u00e9s pour parfaire vos comp\u00e9tences et optimiser votre efficacit\u00e9 afin de s\u00e9duire la client\u00e8le.<\/p>\n<p>Savoir <a href=\"https:\/\/impactup.com\/glossaire\/devenir-recruteur-independant\/\"><strong>comment devenir recruteur ind\u00e9pendant<\/strong><\/a> implique de connaitre les avantages et les inconv\u00e9nients de ce m\u00e9tier. L\u2019autonomie totale (s\u00e9lection des clients, choix des m\u00e9thodes de prospection, fixation de la r\u00e9mun\u00e9ration, etc.) dans l\u2019exercice de la profession constitue un atout de taille.<\/p>\n<p>Quoi qu\u2019il en soit, ce travailleur ind\u00e9pendant aura \u00e0 trouver le bon \u00e9quilibre entre la recherche permanente de clients qui peut mener \u00e0 une surcharge de travail (incluant les t\u00e2ches administratives et commerciales) et le manque de clients souvent \u00e0 l\u2019origine d\u2019une instabilit\u00e9 des revenus, notamment afin d\u2019assurer la p\u00e9rennit\u00e9 de son activit\u00e9. Par ailleurs, il faudra faire preuve d\u2019ing\u00e9niosit\u00e9 et de strat\u00e9gie pour faire face \u00e0 la concurrence.<\/p>\n<h2><strong>Rejoindre un cabinet sp\u00e9cialis\u00e9<\/strong><\/h2>\n<p><strong>Comment devenir recruteur ind\u00e9pendant<\/strong> et assurer la bonne marche de vos activit\u00e9s\u00a0? En principe, ce professionnel propose ses prestations en freelance, mais il peut \u00e9galement monter son propre cabinet. Une option qui ne manque pas d\u2019int\u00e9r\u00eats consiste aussi \u00e0 int\u00e9grer un cabinet sp\u00e9cialis\u00e9, en tant que consultant.<\/p>\n<p>Vous pourrez b\u00e9n\u00e9ficier de revenus stables en exer\u00e7ant un m\u00e9tier qui vous passionne. Vous vous d\u00e9lesterez des travaux administratifs et commerciaux ainsi que de la recherche de clients. De m\u00eame, vous aurez droit \u00e0 un accompagnement adapt\u00e9 en cas de soucis.<\/p>\n<p><a href=\"https:\/\/impactup.com\/\"><strong>ImpactUp<\/strong><\/a> est un cabinet de recrutement sp\u00e9cialis\u00e9 dans les fonctions commerciales et le marketing pr\u00e9sent dans plusieurs villes de France. Nous sommes notamment implant\u00e9s \u00e0 Paris, Nantes, La Rochelle, Toulouse, Lyon et Lille. Nos services en recherches de collaborateurs s\u2019adressent aussi bien aux PME qu\u2019aux grands groupes.<\/p>\n<\/section>\n<p>[\/vc_column_text][\/vc_column][\/vc_row]<\/p>\n<\/div>","protected":false},"excerpt":{"rendered":"<p>[vc_row][vc_column width=&#8221;1\/3&#8243;][vc_btn title=&#8221;Voir notre offre&#8221; color=&#8221;secondarycolor&#8221; align=&#8221;center&#8221; css=&#8221;&#8221; link=&#8221;url:https%3A%2F%2Fimpactup.com%2Frecrutement%2F&#8221;][\/vc_column][vc_column width=&#8221;1\/3&#8243;][vc_btn title=&#8221;Confiez-nous votre projet&#8221; color=&#8221;secondarycolor&#8221; align=&#8221;center&#8221; css=&#8221;&#8221; link=&#8221;url:https%3A%2F%2Fimpactup.com%2Fetude-personnalisee%2F&#8221;][\/vc_column][vc_column width=&#8221;1\/3&#8243;][vc_btn title=&#8221;Contactez-nous&#8221; color=&#8221;secondarycolor&#8221; align=&#8221;center&#8221; css=&#8221;&#8221; link=&#8221;url:https%3A%2F%2Fimpactup.com%2Fcontact%2F&#8221;][\/vc_column][\/vc_row][vc_row css=&#8221;.vc_custom_1717658386032{padding-top: 40px !important;padding-bottom: 20px !important;}&#8221;][vc_column][vc_column_text css=&#8221;&#8221;] Comment devenir recruteur ind\u00e9pendant\u00a0? \u00c0 l\u2019instar de nombreux m\u00e9tiers, celui de recruteur peut s\u2019exercer en freelance. Pour ceux qui souhaitent savoir comment devenir recruteur ind\u00e9pendant, plusieurs [&hellip;]<\/p>\n","protected":false},"author":4,"featured_media":0,"parent":17218,"menu_order":0,"comment_status":"closed","ping_status":"closed","template":"","meta":{"_monsterinsights_skip_tracking":false,"_monsterinsights_sitenote_active":false,"_monsterinsights_sitenote_note":"","_monsterinsights_sitenote_category":0,"footnotes":""},"class_list":["post-25915","page","type-page","status-publish","hentry"],"yoast_head":"<!-- This site is optimized with the Yoast SEO plugin v27.0 - https:\/\/yoast.com\/product\/yoast-seo-wordpress\/ -->\n<title>Comment devenir recruteur ind\u00e9pendant<\/title>\n<meta name=\"description\" content=\"Comment devenir recruteur ind\u00e9pendant et exercer en freelance ? ImpactUp propose aux entreprises une formation sur comment devenir recruteur ind\u00e9pendant et ne plus recourir aux agences.\" \/>\n<meta name=\"robots\" content=\"index, follow, max-snippet:-1, max-image-preview:large, max-video-preview:-1\" \/>\n<link rel=\"canonical\" href=\"https:\/\/impactup.com\/en\/glossaire\/comment-devenir-recruteur-independant\/\" \/>\n<meta property=\"og:locale\" content=\"en_US\" \/>\n<meta property=\"og:type\" content=\"article\" \/>\n<meta property=\"og:title\" content=\"Comment devenir recruteur ind\u00e9pendant\" \/>\n<meta property=\"og:description\" content=\"Comment devenir recruteur ind\u00e9pendant et exercer en freelance ? ImpactUp propose aux entreprises une formation sur comment devenir recruteur ind\u00e9pendant et ne plus recourir aux agences.\" \/>\n<meta property=\"og:url\" content=\"https:\/\/impactup.com\/en\/glossaire\/comment-devenir-recruteur-independant\/\" \/>\n<meta property=\"og:site_name\" content=\"ImpactUp\" \/>\n<meta property=\"article:modified_time\" content=\"2024-06-10T08:20:49+00:00\" \/>\n<meta property=\"og:image\" content=\"https:\/\/impactup.com\/wp-content\/uploads\/2021\/01\/og.jpg\" \/>\n\t<meta property=\"og:image:width\" content=\"1067\" \/>\n\t<meta property=\"og:image:height\" content=\"600\" \/>\n\t<meta property=\"og:image:type\" content=\"image\/jpeg\" \/>\n<meta name=\"twitter:card\" content=\"summary_large_image\" \/>\n<meta name=\"twitter:label1\" content=\"Est. reading time\" \/>\n\t<meta name=\"twitter:data1\" content=\"4 minutes\" \/>\n<script type=\"application\/ld+json\" class=\"yoast-schema-graph\">{\"@context\":\"https:\/\/schema.org\",\"@graph\":[{\"@type\":\"WebPage\",\"@id\":\"https:\/\/impactup.com\/en\/glossaire\/comment-devenir-recruteur-independant\/\",\"url\":\"https:\/\/impactup.com\/en\/glossaire\/comment-devenir-recruteur-independant\/\",\"name\":\"Comment devenir recruteur ind\u00e9pendant\",\"isPartOf\":{\"@id\":\"https:\/\/impactup.com\/en\/#website\"},\"datePublished\":\"2024-06-10T07:08:27+00:00\",\"dateModified\":\"2024-06-10T08:20:49+00:00\",\"description\":\"Comment devenir recruteur ind\u00e9pendant et exercer en freelance ? ImpactUp propose aux entreprises une formation sur comment devenir recruteur ind\u00e9pendant et ne plus recourir aux agences.\",\"breadcrumb\":{\"@id\":\"https:\/\/impactup.com\/en\/glossaire\/comment-devenir-recruteur-independant\/#breadcrumb\"},\"inLanguage\":\"en-US\",\"potentialAction\":[{\"@type\":\"ReadAction\",\"target\":[\"https:\/\/impactup.com\/en\/glossaire\/comment-devenir-recruteur-independant\/\"]}]},{\"@type\":\"BreadcrumbList\",\"@id\":\"https:\/\/impactup.com\/en\/glossaire\/comment-devenir-recruteur-independant\/#breadcrumb\",\"itemListElement\":[{\"@type\":\"ListItem\",\"position\":1,\"name\":\"Accueil\",\"item\":\"https:\/\/impactup.com\/en\/\"},{\"@type\":\"ListItem\",\"position\":2,\"name\":\"Glossaire\",\"item\":\"https:\/\/impactup.com\/en\/glossaire\/\"},{\"@type\":\"ListItem\",\"position\":3,\"name\":\"Comment devenir recruteur ind\u00e9pendant ?\"}]},{\"@type\":\"WebSite\",\"@id\":\"https:\/\/impactup.com\/en\/#website\",\"url\":\"https:\/\/impactup.com\/en\/\",\"name\":\"ImpactUp\",\"description\":\"Recrutement commerciaux, directions commerciales et fonctions marketing\",\"potentialAction\":[{\"@type\":\"SearchAction\",\"target\":{\"@type\":\"EntryPoint\",\"urlTemplate\":\"https:\/\/impactup.com\/en\/?s={search_term_string}\"},\"query-input\":{\"@type\":\"PropertyValueSpecification\",\"valueRequired\":true,\"valueName\":\"search_term_string\"}}],\"inLanguage\":\"en-US\"}]}<\/script>\n<!-- \/ Yoast SEO plugin. -->","yoast_head_json":{"title":"Comment devenir recruteur ind\u00e9pendant","description":"Comment devenir recruteur ind\u00e9pendant et exercer en freelance ? ImpactUp propose aux entreprises une formation sur comment devenir recruteur ind\u00e9pendant et ne plus recourir aux agences.","robots":{"index":"index","follow":"follow","max-snippet":"max-snippet:-1","max-image-preview":"max-image-preview:large","max-video-preview":"max-video-preview:-1"},"canonical":"https:\/\/impactup.com\/en\/glossaire\/comment-devenir-recruteur-independant\/","og_locale":"en_US","og_type":"article","og_title":"Comment devenir recruteur ind\u00e9pendant","og_description":"Comment devenir recruteur ind\u00e9pendant et exercer en freelance ? ImpactUp propose aux entreprises une formation sur comment devenir recruteur ind\u00e9pendant et ne plus recourir aux agences.","og_url":"https:\/\/impactup.com\/en\/glossaire\/comment-devenir-recruteur-independant\/","og_site_name":"ImpactUp","article_modified_time":"2024-06-10T08:20:49+00:00","og_image":[{"width":1067,"height":600,"url":"https:\/\/impactup.com\/wp-content\/uploads\/2021\/01\/og.jpg","type":"image\/jpeg"}],"twitter_card":"summary_large_image","twitter_misc":{"Est. reading time":"4 minutes"},"schema":{"@context":"https:\/\/schema.org","@graph":[{"@type":"WebPage","@id":"https:\/\/impactup.com\/en\/glossaire\/comment-devenir-recruteur-independant\/","url":"https:\/\/impactup.com\/en\/glossaire\/comment-devenir-recruteur-independant\/","name":"Comment devenir recruteur ind\u00e9pendant","isPartOf":{"@id":"https:\/\/impactup.com\/en\/#website"},"datePublished":"2024-06-10T07:08:27+00:00","dateModified":"2024-06-10T08:20:49+00:00","description":"Comment devenir recruteur ind\u00e9pendant et exercer en freelance ? ImpactUp propose aux entreprises une formation sur comment devenir recruteur ind\u00e9pendant et ne plus recourir aux agences.","breadcrumb":{"@id":"https:\/\/impactup.com\/en\/glossaire\/comment-devenir-recruteur-independant\/#breadcrumb"},"inLanguage":"en-US","potentialAction":[{"@type":"ReadAction","target":["https:\/\/impactup.com\/en\/glossaire\/comment-devenir-recruteur-independant\/"]}]},{"@type":"BreadcrumbList","@id":"https:\/\/impactup.com\/en\/glossaire\/comment-devenir-recruteur-independant\/#breadcrumb","itemListElement":[{"@type":"ListItem","position":1,"name":"Accueil","item":"https:\/\/impactup.com\/en\/"},{"@type":"ListItem","position":2,"name":"Glossaire","item":"https:\/\/impactup.com\/en\/glossaire\/"},{"@type":"ListItem","position":3,"name":"Comment devenir recruteur ind\u00e9pendant ?"}]},{"@type":"WebSite","@id":"https:\/\/impactup.com\/en\/#website","url":"https:\/\/impactup.com\/en\/","name":"ImpactUp","description":"Recrutement commerciaux, directions commerciales et fonctions marketing","potentialAction":[{"@type":"SearchAction","target":{"@type":"EntryPoint","urlTemplate":"https:\/\/impactup.com\/en\/?s={search_term_string}"},"query-input":{"@type":"PropertyValueSpecification","valueRequired":true,"valueName":"search_term_string"}}],"inLanguage":"en-US"}]}},"_links":{"self":[{"href":"https:\/\/impactup.com\/en\/wp-json\/wp\/v2\/pages\/25915","targetHints":{"allow":["GET"]}}],"collection":[{"href":"https:\/\/impactup.com\/en\/wp-json\/wp\/v2\/pages"}],"about":[{"href":"https:\/\/impactup.com\/en\/wp-json\/wp\/v2\/types\/page"}],"author":[{"embeddable":true,"href":"https:\/\/impactup.com\/en\/wp-json\/wp\/v2\/users\/4"}],"replies":[{"embeddable":true,"href":"https:\/\/impactup.com\/en\/wp-json\/wp\/v2\/comments?post=25915"}],"version-history":[{"count":4,"href":"https:\/\/impactup.com\/en\/wp-json\/wp\/v2\/pages\/25915\/revisions"}],"predecessor-version":[{"id":25996,"href":"https:\/\/impactup.com\/en\/wp-json\/wp\/v2\/pages\/25915\/revisions\/25996"}],"up":[{"embeddable":true,"href":"https:\/\/impactup.com\/en\/wp-json\/wp\/v2\/pages\/17218"}],"wp:attachment":[{"href":"https:\/\/impactup.com\/en\/wp-json\/wp\/v2\/media?parent=25915"}],"curies":[{"name":"wp","href":"https:\/\/api.w.org\/{rel}","templated":true}]}}