{"id":25913,"date":"2024-06-10T09:06:34","date_gmt":"2024-06-10T07:06:34","guid":{"rendered":"https:\/\/impactup.niou.dev\/?page_id=25913"},"modified":"2024-06-10T10:12:41","modified_gmt":"2024-06-10T08:12:41","slug":"comment-devenir-recruteur-freelance","status":"publish","type":"page","link":"https:\/\/impactup.com\/en\/glossaire\/comment-devenir-recruteur-freelance\/","title":{"rendered":"Devenir recruteur freelance : comment se lancer ?"},"content":{"rendered":"<div class=\"wpb-content-wrapper\"><p>[vc_row][vc_column width=&#8221;1\/3&#8243;][vc_btn title=&#8221;Voir notre offre&#8221; color=&#8221;secondarycolor&#8221; align=&#8221;center&#8221; css=&#8221;&#8221; link=&#8221;url:https%3A%2F%2Fimpactup.com%2Frecrutement%2F&#8221;][\/vc_column][vc_column width=&#8221;1\/3&#8243;][vc_btn title=&#8221;Confiez-nous votre projet&#8221; color=&#8221;secondarycolor&#8221; align=&#8221;center&#8221; css=&#8221;&#8221; link=&#8221;url:https%3A%2F%2Fimpactup.com%2Fetude-personnalisee%2F&#8221;][\/vc_column][vc_column width=&#8221;1\/3&#8243;][vc_btn title=&#8221;Contactez-nous&#8221; color=&#8221;secondarycolor&#8221; align=&#8221;center&#8221; css=&#8221;&#8221; link=&#8221;url:https%3A%2F%2Fimpactup.com%2Fcontact%2F&#8221;][\/vc_column][\/vc_row][vc_row css=&#8221;.vc_custom_1717658386032{padding-top: 40px !important;padding-bottom: 20px !important;}&#8221;][vc_column][vc_column_text css=&#8221;&#8221;]<\/p>\n<section style=\"text-align: justify;\">\n<h2><strong>Devenir recruteur freelance\u00a0: comment se lancer\u00a0?<\/strong><\/h2>\n<p>Devenir recruteur freelance est une opportunit\u00e9 passionnante pour les professionnels des ressources humaines exp\u00e9riment\u00e9s qui envisagent de voler de leurs propres ailes. En effet, ce m\u00e9tier offre une grande flexibilit\u00e9, une autonomie totale et la possibilit\u00e9 de travailler avec des entreprises de tous secteurs. Voici les conseils essentiels pour ceux qui souhaitent savoir <a href=\"https:\/\/impactup.com\/glossaire\/recruteur-freelance\/\"><strong>comment devenir recruteur freelance<\/strong><\/a>.<\/p>\n<\/section>\n<p>[\/vc_column_text][\/vc_column][\/vc_row][vc_row][vc_column width=&#8221;1\/3&#8243;][vc_btn title=&#8221;Voir notre offre&#8221; color=&#8221;secondarycolor&#8221; align=&#8221;center&#8221; css=&#8221;&#8221; link=&#8221;url:https%3A%2F%2Fimpactup.com%2Frecrutement%2F&#8221;][\/vc_column][vc_column width=&#8221;1\/3&#8243;][vc_btn title=&#8221;Confiez-nous votre projet&#8221; color=&#8221;secondarycolor&#8221; align=&#8221;center&#8221; css=&#8221;&#8221; link=&#8221;url:https%3A%2F%2Fimpactup.com%2Fetude-personnalisee%2F&#8221;][\/vc_column][vc_column width=&#8221;1\/3&#8243;][vc_btn title=&#8221;Contactez-nous&#8221; color=&#8221;secondarycolor&#8221; align=&#8221;center&#8221; css=&#8221;&#8221; link=&#8221;url:https%3A%2F%2Fimpactup.com%2Fcontact%2F&#8221;][\/vc_column][\/vc_row][vc_row css=&#8221;.vc_custom_1717658445522{padding-top: 40px !important;}&#8221;][vc_column][vc_column_text css=&#8221;&#8221;]<\/p>\n<h2>1. Acqu\u00e9rir les comp\u00e9tences et l\u2019exp\u00e9rience n\u00e9cessaires<\/h2>\n<p>Pour ceux qui se demandent <a href=\"https:\/\/impactup.com\/glossaire\/consultant-en-recrutement-independant\/\"><strong>comment<\/strong> <strong>devenir recruteur freelance<\/strong><\/a>, voici les deux \u00e9tapes incontournables \u00e0 respecter\u00a0:<\/p>\n<ul>\n<li>Suivre une formation th\u00e9orique\u00a0: un dipl\u00f4me en ressources humaines ou en management reste un atout certain. Des formations sp\u00e9cifiques au m\u00e9tier de recruteur freelance existent \u00e9galement.<\/li>\n<li>Justifier d\u2019une solide exp\u00e9rience pratique\u00a0: il est important d\u2019acqu\u00e9rir une exp\u00e9rience concr\u00e8te en recrutement, que ce soit en entreprise ou en cabinet.<\/li>\n<\/ul>\n<h2>2. D\u00e9velopper ses qualit\u00e9s essentielles<\/h2>\n<p>Plusieurs qualit\u00e9s sont requises pour exercer le m\u00e9tier de recruteur freelance\u00a0:<\/p>\n<ul>\n<li>Excellent sens du relationnel\u00a0: le recruteur freelance est un v\u00e9ritable commercial qui doit savoir tisser des liens avec les clients et les candidats.<\/li>\n<li>Capacit\u00e9s d\u2019analyse et de synth\u00e8se\u00a0: \u00eatre en mesure d\u2019analyser les besoins des clients et d\u2019identifier les profils de candidats ad\u00e9quats reste un atout pr\u00e9cieux.<\/li>\n<li>Rigueur et organisation\u00a0: le recruteur freelance sera amen\u00e9 \u00e0 g\u00e9rer plusieurs missions simultan\u00e9ment et respecter les d\u00e9lais impartis.<\/li>\n<li>Ma\u00eetrise des outils digitaux\u00a0: ceux-ci sont indispensables pour sourcer les candidats, diffuser les offres d\u2019emploi et tisser les relations avec les clients.<\/li>\n<\/ul>\n<h2>3. Quel statut juridique ?<\/h2>\n<p>Le <strong>recruteur freelance<\/strong> peut exercer sous le statut d\u2019entreprise individuelle ou se lancer dans la cr\u00e9ation d\u2019une soci\u00e9t\u00e9. Il est important de peser le pour et le contre de chaque option avant de fixer son choix.<\/p>\n<h2>4. D\u00e9finir sa strat\u00e9gie de prospection<\/h2>\n<p>Il est essentiel de d\u00e9finir une strat\u00e9gie de prospection efficace pour trouver des clients. Le recruteur freelance peut gagner en visibilit\u00e9 en participant \u00e0 des \u00e9v\u00e9nements professionnels, en d\u00e9veloppant son r\u00e9seau ou en utilisant des plateformes sp\u00e9cialis\u00e9es.<\/p>\n<p>Respecter les obligations l\u00e9gales et r\u00e9glementaires<\/p>\n<p>Le <strong>recruteur freelance<\/strong> est soumis \u00e0 un certain nombre d\u2019obligations l\u00e9gales et r\u00e9glementaires, notamment en mati\u00e8re de droit du travail et de protection des donn\u00e9es personnelles.<\/p>\n<h2>5. D\u00e9velopper son activit\u00e9 en continu<\/h2>\n<p>Le recruteur freelance doit se former en permanence et se tenir inform\u00e9 des derni\u00e8res tendances du march\u00e9 du recrutement. Il doit \u00e9galement d\u00e9velopper son r\u00e9seau et sa client\u00e8le.<\/p>\n<p>En suivant ces conseils et en s\u2019investissant pleinement, il est possible de mettre toutes les chances de son c\u00f4t\u00e9 pour r\u00e9ussir dans ce m\u00e9tier.<\/p>\n<h2>6. Devenez recruteur freelance avec ImpactUp<\/h2>\n<p><strong>ImpactUp<\/strong>, cabinet de recrutement sp\u00e9cialis\u00e9 dans les fonctions commerciales et marketing, est la solution id\u00e9ale pour ceux qui souhaitent <a href=\"https:\/\/impactup.com\/glossaire\/recruteur-freelance\/\"><strong>devenir recruteur freelance<\/strong><\/a>, mais ne savent pas <a href=\"https:\/\/impactup.com\/glossaire\/recruteur-freelance\/\"><strong>comment <\/strong><\/a>y arriver.<\/p>\n<p>Dot\u00e9 d\u2019une structure \u00e0 taille humaine et d\u2019une \u00e9quipe de consultants exp\u00e9riment\u00e9s issus des fonctions pour lesquelles ils interviennent, <strong>ImpactUp<\/strong> offre un accompagnement personnalis\u00e9 et des opportunit\u00e9s de missions vari\u00e9es \u00e0 ses collaborateurs en freelance.<\/p>\n<p>Depuis 2005, le cabinet accompagne les grandes entreprises et les PME dans le cadre de missions de recrutement et de conseil, en mettant en avant ses valeurs de proximit\u00e9, de pragmatisme et de r\u00e9sultat.<\/p>\n<p>Pr\u00e9sent sur tout le territoire national avec des bureaux \u00e0 Paris, Nantes, La Rochelle, Toulouse, Lyon et Lille, ImpactUp permet \u00e0 ses recruteurs en freelance de r\u00e9pondre \u00e0 des besoins sur l\u2019ensemble du pays.<\/p>\n<p>R\u00e9compens\u00e9 \u00e0 7\u00a0reprises dans le Palmar\u00e8s Les \u00c9chos\/Statista des \u00ab\u00a0Meilleurs cabinets de recrutement\u00a0\u00bb dans la cat\u00e9gorie Managers et sp\u00e9cialistes, <a href=\"https:\/\/impactup.com\/\"><strong>ImpactUp<\/strong><\/a> propose un cadre de travail reconnu et valorisant pour les recruteurs freelances.[\/vc_column_text][\/vc_column][\/vc_row]<\/p>\n<\/div>","protected":false},"excerpt":{"rendered":"<p>[vc_row][vc_column width=&#8221;1\/3&#8243;][vc_btn title=&#8221;Voir notre offre&#8221; color=&#8221;secondarycolor&#8221; align=&#8221;center&#8221; css=&#8221;&#8221; link=&#8221;url:https%3A%2F%2Fimpactup.com%2Frecrutement%2F&#8221;][\/vc_column][vc_column width=&#8221;1\/3&#8243;][vc_btn title=&#8221;Confiez-nous votre projet&#8221; color=&#8221;secondarycolor&#8221; align=&#8221;center&#8221; css=&#8221;&#8221; link=&#8221;url:https%3A%2F%2Fimpactup.com%2Fetude-personnalisee%2F&#8221;][\/vc_column][vc_column width=&#8221;1\/3&#8243;][vc_btn title=&#8221;Contactez-nous&#8221; color=&#8221;secondarycolor&#8221; align=&#8221;center&#8221; css=&#8221;&#8221; link=&#8221;url:https%3A%2F%2Fimpactup.com%2Fcontact%2F&#8221;][\/vc_column][\/vc_row][vc_row css=&#8221;.vc_custom_1717658386032{padding-top: 40px !important;padding-bottom: 20px !important;}&#8221;][vc_column][vc_column_text css=&#8221;&#8221;] Devenir recruteur freelance\u00a0: comment se lancer\u00a0? Devenir recruteur freelance est une opportunit\u00e9 passionnante pour les professionnels des ressources humaines exp\u00e9riment\u00e9s qui envisagent de voler de leurs [&hellip;]<\/p>\n","protected":false},"author":4,"featured_media":0,"parent":17218,"menu_order":0,"comment_status":"closed","ping_status":"closed","template":"","meta":{"_monsterinsights_skip_tracking":false,"_monsterinsights_sitenote_active":false,"_monsterinsights_sitenote_note":"","_monsterinsights_sitenote_category":0,"footnotes":""},"class_list":["post-25913","page","type-page","status-publish","hentry"],"yoast_head":"<!-- This site is optimized with the Yoast SEO plugin v27.0 - https:\/\/yoast.com\/product\/yoast-seo-wordpress\/ -->\n<title>Comment devenir recruteur freelance<\/title>\n<meta name=\"description\" content=\"Conseils pour savoir comment devenir recruteur freelance. Ne vous demandez plus comment devenir recruteur freelance, contactez ImpactUp.\" \/>\n<meta name=\"robots\" content=\"index, follow, max-snippet:-1, max-image-preview:large, max-video-preview:-1\" \/>\n<link rel=\"canonical\" href=\"https:\/\/impactup.com\/en\/glossaire\/comment-devenir-recruteur-freelance\/\" \/>\n<meta property=\"og:locale\" content=\"en_US\" \/>\n<meta property=\"og:type\" content=\"article\" \/>\n<meta property=\"og:title\" content=\"Comment devenir recruteur freelance\" \/>\n<meta property=\"og:description\" content=\"Conseils pour savoir comment devenir recruteur freelance. Ne vous demandez plus comment devenir recruteur freelance, contactez ImpactUp.\" \/>\n<meta property=\"og:url\" content=\"https:\/\/impactup.com\/en\/glossaire\/comment-devenir-recruteur-freelance\/\" \/>\n<meta property=\"og:site_name\" content=\"ImpactUp\" \/>\n<meta property=\"article:modified_time\" content=\"2024-06-10T08:12:41+00:00\" \/>\n<meta property=\"og:image\" content=\"https:\/\/impactup.com\/wp-content\/uploads\/2021\/01\/og.jpg\" \/>\n\t<meta property=\"og:image:width\" content=\"1067\" \/>\n\t<meta property=\"og:image:height\" content=\"600\" \/>\n\t<meta property=\"og:image:type\" content=\"image\/jpeg\" \/>\n<meta name=\"twitter:card\" content=\"summary_large_image\" \/>\n<meta name=\"twitter:label1\" content=\"Est. reading time\" \/>\n\t<meta name=\"twitter:data1\" content=\"4 minutes\" \/>\n<script type=\"application\/ld+json\" class=\"yoast-schema-graph\">{\"@context\":\"https:\/\/schema.org\",\"@graph\":[{\"@type\":\"WebPage\",\"@id\":\"https:\/\/impactup.com\/en\/glossaire\/comment-devenir-recruteur-freelance\/\",\"url\":\"https:\/\/impactup.com\/en\/glossaire\/comment-devenir-recruteur-freelance\/\",\"name\":\"Comment devenir recruteur freelance\",\"isPartOf\":{\"@id\":\"https:\/\/impactup.com\/en\/#website\"},\"datePublished\":\"2024-06-10T07:06:34+00:00\",\"dateModified\":\"2024-06-10T08:12:41+00:00\",\"description\":\"Conseils pour savoir comment devenir recruteur freelance. Ne vous demandez plus comment devenir recruteur freelance, contactez ImpactUp.\",\"breadcrumb\":{\"@id\":\"https:\/\/impactup.com\/en\/glossaire\/comment-devenir-recruteur-freelance\/#breadcrumb\"},\"inLanguage\":\"en-US\",\"potentialAction\":[{\"@type\":\"ReadAction\",\"target\":[\"https:\/\/impactup.com\/en\/glossaire\/comment-devenir-recruteur-freelance\/\"]}]},{\"@type\":\"BreadcrumbList\",\"@id\":\"https:\/\/impactup.com\/en\/glossaire\/comment-devenir-recruteur-freelance\/#breadcrumb\",\"itemListElement\":[{\"@type\":\"ListItem\",\"position\":1,\"name\":\"Accueil\",\"item\":\"https:\/\/impactup.com\/en\/\"},{\"@type\":\"ListItem\",\"position\":2,\"name\":\"Glossaire\",\"item\":\"https:\/\/impactup.com\/en\/glossaire\/\"},{\"@type\":\"ListItem\",\"position\":3,\"name\":\"Devenir recruteur freelance : comment se lancer ?\"}]},{\"@type\":\"WebSite\",\"@id\":\"https:\/\/impactup.com\/en\/#website\",\"url\":\"https:\/\/impactup.com\/en\/\",\"name\":\"ImpactUp\",\"description\":\"Recrutement commerciaux, directions commerciales et fonctions marketing\",\"potentialAction\":[{\"@type\":\"SearchAction\",\"target\":{\"@type\":\"EntryPoint\",\"urlTemplate\":\"https:\/\/impactup.com\/en\/?s={search_term_string}\"},\"query-input\":{\"@type\":\"PropertyValueSpecification\",\"valueRequired\":true,\"valueName\":\"search_term_string\"}}],\"inLanguage\":\"en-US\"}]}<\/script>\n<!-- \/ Yoast SEO plugin. -->","yoast_head_json":{"title":"Comment devenir recruteur freelance","description":"Conseils pour savoir comment devenir recruteur freelance. Ne vous demandez plus comment devenir recruteur freelance, contactez ImpactUp.","robots":{"index":"index","follow":"follow","max-snippet":"max-snippet:-1","max-image-preview":"max-image-preview:large","max-video-preview":"max-video-preview:-1"},"canonical":"https:\/\/impactup.com\/en\/glossaire\/comment-devenir-recruteur-freelance\/","og_locale":"en_US","og_type":"article","og_title":"Comment devenir recruteur freelance","og_description":"Conseils pour savoir comment devenir recruteur freelance. Ne vous demandez plus comment devenir recruteur freelance, contactez ImpactUp.","og_url":"https:\/\/impactup.com\/en\/glossaire\/comment-devenir-recruteur-freelance\/","og_site_name":"ImpactUp","article_modified_time":"2024-06-10T08:12:41+00:00","og_image":[{"width":1067,"height":600,"url":"https:\/\/impactup.com\/wp-content\/uploads\/2021\/01\/og.jpg","type":"image\/jpeg"}],"twitter_card":"summary_large_image","twitter_misc":{"Est. reading time":"4 minutes"},"schema":{"@context":"https:\/\/schema.org","@graph":[{"@type":"WebPage","@id":"https:\/\/impactup.com\/en\/glossaire\/comment-devenir-recruteur-freelance\/","url":"https:\/\/impactup.com\/en\/glossaire\/comment-devenir-recruteur-freelance\/","name":"Comment devenir recruteur freelance","isPartOf":{"@id":"https:\/\/impactup.com\/en\/#website"},"datePublished":"2024-06-10T07:06:34+00:00","dateModified":"2024-06-10T08:12:41+00:00","description":"Conseils pour savoir comment devenir recruteur freelance. Ne vous demandez plus comment devenir recruteur freelance, contactez ImpactUp.","breadcrumb":{"@id":"https:\/\/impactup.com\/en\/glossaire\/comment-devenir-recruteur-freelance\/#breadcrumb"},"inLanguage":"en-US","potentialAction":[{"@type":"ReadAction","target":["https:\/\/impactup.com\/en\/glossaire\/comment-devenir-recruteur-freelance\/"]}]},{"@type":"BreadcrumbList","@id":"https:\/\/impactup.com\/en\/glossaire\/comment-devenir-recruteur-freelance\/#breadcrumb","itemListElement":[{"@type":"ListItem","position":1,"name":"Accueil","item":"https:\/\/impactup.com\/en\/"},{"@type":"ListItem","position":2,"name":"Glossaire","item":"https:\/\/impactup.com\/en\/glossaire\/"},{"@type":"ListItem","position":3,"name":"Devenir recruteur freelance : comment se lancer ?"}]},{"@type":"WebSite","@id":"https:\/\/impactup.com\/en\/#website","url":"https:\/\/impactup.com\/en\/","name":"ImpactUp","description":"Recrutement commerciaux, directions commerciales et fonctions marketing","potentialAction":[{"@type":"SearchAction","target":{"@type":"EntryPoint","urlTemplate":"https:\/\/impactup.com\/en\/?s={search_term_string}"},"query-input":{"@type":"PropertyValueSpecification","valueRequired":true,"valueName":"search_term_string"}}],"inLanguage":"en-US"}]}},"_links":{"self":[{"href":"https:\/\/impactup.com\/en\/wp-json\/wp\/v2\/pages\/25913","targetHints":{"allow":["GET"]}}],"collection":[{"href":"https:\/\/impactup.com\/en\/wp-json\/wp\/v2\/pages"}],"about":[{"href":"https:\/\/impactup.com\/en\/wp-json\/wp\/v2\/types\/page"}],"author":[{"embeddable":true,"href":"https:\/\/impactup.com\/en\/wp-json\/wp\/v2\/users\/4"}],"replies":[{"embeddable":true,"href":"https:\/\/impactup.com\/en\/wp-json\/wp\/v2\/comments?post=25913"}],"version-history":[{"count":4,"href":"https:\/\/impactup.com\/en\/wp-json\/wp\/v2\/pages\/25913\/revisions"}],"predecessor-version":[{"id":25982,"href":"https:\/\/impactup.com\/en\/wp-json\/wp\/v2\/pages\/25913\/revisions\/25982"}],"up":[{"embeddable":true,"href":"https:\/\/impactup.com\/en\/wp-json\/wp\/v2\/pages\/17218"}],"wp:attachment":[{"href":"https:\/\/impactup.com\/en\/wp-json\/wp\/v2\/media?parent=25913"}],"curies":[{"name":"wp","href":"https:\/\/api.w.org\/{rel}","templated":true}]}}