{"id":25911,"date":"2024-06-10T09:02:58","date_gmt":"2024-06-10T07:02:58","guid":{"rendered":"https:\/\/impactup.niou.dev\/?page_id=25911"},"modified":"2024-06-11T13:54:41","modified_gmt":"2024-06-11T11:54:41","slug":"cabinet-de-recrutement-en-franchise","status":"publish","type":"page","link":"https:\/\/impactup.com\/en\/glossaire\/cabinet-de-recrutement-en-franchise\/","title":{"rendered":"R\u00e9seau de cabinets de recrutement en franchise ImpactUp : le partenaire de confiance pour d\u00e9nicher les meilleurs talents"},"content":{"rendered":"<div class=\"wpb-content-wrapper\"><p>[vc_row][vc_column width=&#8221;1\/3&#8243;][vc_btn title=&#8221;Voir notre offre&#8221; color=&#8221;secondarycolor&#8221; align=&#8221;center&#8221; css=&#8221;&#8221; link=&#8221;url:https%3A%2F%2Fimpactup.com%2Frecrutement%2F&#8221;][\/vc_column][vc_column width=&#8221;1\/3&#8243;][vc_btn title=&#8221;Confiez-nous votre projet&#8221; color=&#8221;secondarycolor&#8221; align=&#8221;center&#8221; css=&#8221;&#8221; link=&#8221;url:https%3A%2F%2Fimpactup.com%2Fetude-personnalisee%2F&#8221;][\/vc_column][vc_column width=&#8221;1\/3&#8243;][vc_btn title=&#8221;Contactez-nous&#8221; color=&#8221;secondarycolor&#8221; align=&#8221;center&#8221; css=&#8221;&#8221; link=&#8221;url:https%3A%2F%2Fimpactup.com%2Fcontact%2F&#8221;][\/vc_column][\/vc_row][vc_row css=&#8221;.vc_custom_1717658386032{padding-top: 40px !important;padding-bottom: 20px !important;}&#8221;][vc_column][vc_column_text css=&#8221;&#8221;]<\/p>\n<section style=\"text-align: justify;\">\n<h2><strong>R\u00e9seau de cabinets de recrutement en franchise ImpactUp\u00a0: le partenaire de confiance pour d\u00e9nicher les meilleurs talents<\/strong><\/h2>\n<p>Depuis plus de 15\u00a0ans, le r\u00e9seau de <a href=\"https:\/\/impactup.com\/glossaire\/franchise-cabinet-de-recrutement\/\"><strong>cabinets de recrutement en franchise <\/strong><\/a><strong>ImpactUp<\/strong> accompagne les soci\u00e9t\u00e9s de toutes tailles et de tous secteurs d\u2019activit\u00e9 dans la recherche des meilleurs profils commerciaux et marketing.<\/p>\n<p>Notre r\u00e9seau de consultants exp\u00e9riment\u00e9s, des hommes de terrain, met \u00e0 votre disposition son expertise et son savoir-faire pour identifier les candidats qui correspondent parfaitement \u00e0 vos besoins et \u00e0 votre culture d\u2019entreprise.<\/p>\n<\/section>\n<p>[\/vc_column_text][\/vc_column][\/vc_row][vc_row][vc_column width=&#8221;1\/3&#8243;][vc_btn title=&#8221;Voir notre offre&#8221; color=&#8221;secondarycolor&#8221; align=&#8221;center&#8221; css=&#8221;&#8221; link=&#8221;url:https%3A%2F%2Fimpactup.com%2Frecrutement%2F&#8221;][\/vc_column][vc_column width=&#8221;1\/3&#8243;][vc_btn title=&#8221;Confiez-nous votre projet&#8221; color=&#8221;secondarycolor&#8221; align=&#8221;center&#8221; css=&#8221;&#8221; link=&#8221;url:https%3A%2F%2Fimpactup.com%2Fetude-personnalisee%2F&#8221;][\/vc_column][vc_column width=&#8221;1\/3&#8243;][vc_btn title=&#8221;Contactez-nous&#8221; color=&#8221;secondarycolor&#8221; align=&#8221;center&#8221; css=&#8221;&#8221; link=&#8221;url:https%3A%2F%2Fimpactup.com%2Fcontact%2F&#8221;][\/vc_column][\/vc_row][vc_row css=&#8221;.vc_custom_1717658445522{padding-top: 40px !important;}&#8221;][vc_column][vc_column_text css=&#8221;&#8221;]<\/p>\n<section style=\"text-align: justify;\">\n<h2><strong>Nos atouts<\/strong><\/h2>\n<p>Nous disposons de plusieurs atouts\u00a0:<\/p>\n<ul>\n<li>Une expertise pointue des fonctions commerciales et marketing: nos consultants poss\u00e8dent une connaissance approfondie des m\u00e9tiers commerciaux et marketing, acquise gr\u00e2ce \u00e0 leur exp\u00e9rience du terrain. Ils vous proposent des candidats qualifi\u00e9s, disposant des comp\u00e9tences et un savoir-faire pour combler vos exigences.<\/li>\n<li>Un r\u00e9seau national de <a href=\"https:\/\/impactup.com\/glossaire\/meilleur-cabinet-de-recrutement\/\"><strong>cabinets de recrutement en franchise <\/strong><\/a>pr\u00e9sent dans 6\u00a0villes majeures: avec des bureaux \u00e0 Paris, La Rochelle, Nantes, Lyon, Toulouse et Lille, nous sommes en mesure de r\u00e9pondre \u00e0 vos besoins de recrutement sur tout le territoire. Notre maillage territorial nous permet de vous trouver des candidats issus de bassins d\u2019emploi dynamiques et de talents locaux qui connaissent parfaitement votre march\u00e9.<\/li>\n<li>Une approche pragmatique et sur mesure: nous prenons le temps de comprendre vos demandes sp\u00e9cifiques, votre culture d\u2019entreprise et vos objectifs de recrutement. Sur la base de cette analyse approfondie, nous vous proposons une solution personnalis\u00e9e qui r\u00e9pond \u00e0 vos attentes et vous accompagne tout au long du processus de recrutement.<\/li>\n<li>Une culture du r\u00e9sultat: notre engagement est de vous aider \u00e0 trouver les meilleurs talents pour d\u00e9velopper votre entreprise. Nous mesurons notre r\u00e9ussite \u00e0 votre satisfaction et \u00e0 la performance des candidats que nous vous avons d\u00e9nich\u00e9s.<\/li>\n<\/ul>\n<h2><strong>Nos services<\/strong><\/h2>\n<p>Nous vous aidons \u00e0 rechercher et \u00e0 s\u00e9lectionner les candidats pour vos postes commerciaux et marketing. Nous mettons en \u0153uvre une m\u00e9thodologie rigoureuse et \u00e9prouv\u00e9e pour identifier les profils les plus pertinents et vous proposer des personnes qualifi\u00e9es et motiv\u00e9es.<\/p>\n<p>En outre, nous vous offrons des prestations de conseil personnalis\u00e9es pour vous aider \u00e0 optimiser vos processus de recrutement, \u00e0 d\u00e9velopper vos \u00e9quipes commerciales et \u00e0 structurer votre organisation commerciale. Nos consultants vous apportent leurs comp\u00e9tences et leur savoir-faire pour vous aider \u00e0 atteindre vos objectifs de performance commerciale.<\/p>\n<h2><strong>Pourquoi choisir ImpactUp\u2009?<\/strong><\/h2>\n<p>Voici quelques raisons qui pourraient vous convaincre \u00e0 faire appel \u00e0 notre <strong>cabinet de recrutement en franchise <a href=\"https:\/\/impactup.com\/\">ImpactUp<\/a><\/strong>\u00a0:<\/p>\n<ul>\n<li>Nous sommes des sp\u00e9cialistes des fonctions commerciales et marketing.<\/li>\n<li>Nous justifions d\u2019une exp\u00e9rience prouv\u00e9e dans le recrutement de talents.<\/li>\n<li>Nous offrons un service sur mesure et de proximit\u00e9.<\/li>\n<li>Nous sommes anim\u00e9s par une culture du r\u00e9sultat.<\/li>\n<li>Nous sommes un r\u00e9seau national pr\u00e9sent dans 6\u00a0villes majeures.<\/li>\n<li>Nous proposons des prestations de conseil en recrutement et organisation commerciale.<\/li>\n<\/ul>\n<p>En plus de notre expertise en recrutement, nous sommes \u00e9galement signataires de la Charte de la Diversit\u00e9 et de l\u2019Inclusion. Nous nous engageons \u00e0 promouvoir la diversit\u00e9 et l\u2019inclusion au sein des entreprises et \u00e0 lutter contre toutes les formes de discrimination.<\/p>\n<p>Contactez-nous d\u00e8s aujourd\u2019hui pour en savoir plus sur nos<a href=\"https:\/\/impactup.com\/glossaire\/reseau-cabinet-de-recrutement-national\/\"><strong> cabinets de recrutement en franchise <\/strong><\/a>et nos solutions afin de d\u00e9couvrir comment nous pouvons vous aider \u00e0 trouver les meilleurs talents pour votre entreprise.<\/p>\n<\/section>\n<p>[\/vc_column_text][\/vc_column][\/vc_row]<\/p>\n<\/div>","protected":false},"excerpt":{"rendered":"<p>[vc_row][vc_column width=&#8221;1\/3&#8243;][vc_btn title=&#8221;Voir notre offre&#8221; color=&#8221;secondarycolor&#8221; align=&#8221;center&#8221; css=&#8221;&#8221; link=&#8221;url:https%3A%2F%2Fimpactup.com%2Frecrutement%2F&#8221;][\/vc_column][vc_column width=&#8221;1\/3&#8243;][vc_btn title=&#8221;Confiez-nous votre projet&#8221; color=&#8221;secondarycolor&#8221; align=&#8221;center&#8221; css=&#8221;&#8221; link=&#8221;url:https%3A%2F%2Fimpactup.com%2Fetude-personnalisee%2F&#8221;][\/vc_column][vc_column width=&#8221;1\/3&#8243;][vc_btn title=&#8221;Contactez-nous&#8221; color=&#8221;secondarycolor&#8221; align=&#8221;center&#8221; css=&#8221;&#8221; link=&#8221;url:https%3A%2F%2Fimpactup.com%2Fcontact%2F&#8221;][\/vc_column][\/vc_row][vc_row css=&#8221;.vc_custom_1717658386032{padding-top: 40px !important;padding-bottom: 20px !important;}&#8221;][vc_column][vc_column_text css=&#8221;&#8221;] R\u00e9seau de cabinets de recrutement en franchise ImpactUp\u00a0: le partenaire de confiance pour d\u00e9nicher les meilleurs talents Depuis plus de 15\u00a0ans, le r\u00e9seau de cabinets de [&hellip;]<\/p>\n","protected":false},"author":4,"featured_media":0,"parent":17218,"menu_order":0,"comment_status":"closed","ping_status":"closed","template":"","meta":{"_monsterinsights_skip_tracking":false,"_monsterinsights_sitenote_active":false,"_monsterinsights_sitenote_note":"","_monsterinsights_sitenote_category":0,"footnotes":""},"class_list":["post-25911","page","type-page","status-publish","hentry"],"yoast_head":"<!-- This site is optimized with the Yoast SEO plugin v27.0 - https:\/\/yoast.com\/product\/yoast-seo-wordpress\/ -->\n<title>Un r\u00e9seau de cabinets de recrutement en franchise pour les fonctions commerciales et marketing<\/title>\n<meta name=\"description\" content=\"ImpactUp, le r\u00e9seau de cabinets de recrutement en franchise avec plus de 15 ans d\u2019exp\u00e9rience. Un r\u00e9seau de cabinets de recrutement en franchise pr\u00e9sent dans toute la France pour trouver les meilleurs talents.\" \/>\n<meta name=\"robots\" content=\"index, follow, max-snippet:-1, max-image-preview:large, max-video-preview:-1\" \/>\n<link rel=\"canonical\" href=\"https:\/\/impactup.com\/en\/glossaire\/cabinet-de-recrutement-en-franchise\/\" \/>\n<meta property=\"og:locale\" content=\"en_US\" \/>\n<meta property=\"og:type\" content=\"article\" \/>\n<meta property=\"og:title\" content=\"Un r\u00e9seau de cabinets de recrutement en franchise pour les fonctions commerciales et marketing\" \/>\n<meta property=\"og:description\" content=\"ImpactUp, le r\u00e9seau de cabinets de recrutement en franchise avec plus de 15 ans d\u2019exp\u00e9rience. Un r\u00e9seau de cabinets de recrutement en franchise pr\u00e9sent dans toute la France pour trouver les meilleurs talents.\" \/>\n<meta property=\"og:url\" content=\"https:\/\/impactup.com\/en\/glossaire\/cabinet-de-recrutement-en-franchise\/\" \/>\n<meta property=\"og:site_name\" content=\"ImpactUp\" \/>\n<meta property=\"article:modified_time\" content=\"2024-06-11T11:54:41+00:00\" \/>\n<meta property=\"og:image\" content=\"https:\/\/impactup.com\/wp-content\/uploads\/2021\/01\/og.jpg\" \/>\n\t<meta property=\"og:image:width\" content=\"1067\" \/>\n\t<meta property=\"og:image:height\" content=\"600\" \/>\n\t<meta property=\"og:image:type\" content=\"image\/jpeg\" \/>\n<meta name=\"twitter:card\" content=\"summary_large_image\" \/>\n<meta name=\"twitter:label1\" content=\"Est. reading time\" \/>\n\t<meta name=\"twitter:data1\" content=\"4 minutes\" \/>\n<script type=\"application\/ld+json\" class=\"yoast-schema-graph\">{\"@context\":\"https:\/\/schema.org\",\"@graph\":[{\"@type\":\"WebPage\",\"@id\":\"https:\/\/impactup.com\/en\/glossaire\/cabinet-de-recrutement-en-franchise\/\",\"url\":\"https:\/\/impactup.com\/en\/glossaire\/cabinet-de-recrutement-en-franchise\/\",\"name\":\"Un r\u00e9seau de cabinets de recrutement en franchise pour les fonctions commerciales et marketing\",\"isPartOf\":{\"@id\":\"https:\/\/impactup.com\/en\/#website\"},\"datePublished\":\"2024-06-10T07:02:58+00:00\",\"dateModified\":\"2024-06-11T11:54:41+00:00\",\"description\":\"ImpactUp, le r\u00e9seau de cabinets de recrutement en franchise avec plus de 15 ans d\u2019exp\u00e9rience. Un r\u00e9seau de cabinets de recrutement en franchise pr\u00e9sent dans toute la France pour trouver les meilleurs talents.\",\"breadcrumb\":{\"@id\":\"https:\/\/impactup.com\/en\/glossaire\/cabinet-de-recrutement-en-franchise\/#breadcrumb\"},\"inLanguage\":\"en-US\",\"potentialAction\":[{\"@type\":\"ReadAction\",\"target\":[\"https:\/\/impactup.com\/en\/glossaire\/cabinet-de-recrutement-en-franchise\/\"]}]},{\"@type\":\"BreadcrumbList\",\"@id\":\"https:\/\/impactup.com\/en\/glossaire\/cabinet-de-recrutement-en-franchise\/#breadcrumb\",\"itemListElement\":[{\"@type\":\"ListItem\",\"position\":1,\"name\":\"Accueil\",\"item\":\"https:\/\/impactup.com\/en\/\"},{\"@type\":\"ListItem\",\"position\":2,\"name\":\"Glossaire\",\"item\":\"https:\/\/impactup.com\/en\/glossaire\/\"},{\"@type\":\"ListItem\",\"position\":3,\"name\":\"R\u00e9seau de cabinets de recrutement en franchise ImpactUp : le partenaire de confiance pour d\u00e9nicher les meilleurs talents\"}]},{\"@type\":\"WebSite\",\"@id\":\"https:\/\/impactup.com\/en\/#website\",\"url\":\"https:\/\/impactup.com\/en\/\",\"name\":\"ImpactUp\",\"description\":\"Recrutement commerciaux, directions commerciales et fonctions marketing\",\"potentialAction\":[{\"@type\":\"SearchAction\",\"target\":{\"@type\":\"EntryPoint\",\"urlTemplate\":\"https:\/\/impactup.com\/en\/?s={search_term_string}\"},\"query-input\":{\"@type\":\"PropertyValueSpecification\",\"valueRequired\":true,\"valueName\":\"search_term_string\"}}],\"inLanguage\":\"en-US\"}]}<\/script>\n<!-- \/ Yoast SEO plugin. -->","yoast_head_json":{"title":"Un r\u00e9seau de cabinets de recrutement en franchise pour les fonctions commerciales et marketing","description":"ImpactUp, le r\u00e9seau de cabinets de recrutement en franchise avec plus de 15 ans d\u2019exp\u00e9rience. Un r\u00e9seau de cabinets de recrutement en franchise pr\u00e9sent dans toute la France pour trouver les meilleurs talents.","robots":{"index":"index","follow":"follow","max-snippet":"max-snippet:-1","max-image-preview":"max-image-preview:large","max-video-preview":"max-video-preview:-1"},"canonical":"https:\/\/impactup.com\/en\/glossaire\/cabinet-de-recrutement-en-franchise\/","og_locale":"en_US","og_type":"article","og_title":"Un r\u00e9seau de cabinets de recrutement en franchise pour les fonctions commerciales et marketing","og_description":"ImpactUp, le r\u00e9seau de cabinets de recrutement en franchise avec plus de 15 ans d\u2019exp\u00e9rience. Un r\u00e9seau de cabinets de recrutement en franchise pr\u00e9sent dans toute la France pour trouver les meilleurs talents.","og_url":"https:\/\/impactup.com\/en\/glossaire\/cabinet-de-recrutement-en-franchise\/","og_site_name":"ImpactUp","article_modified_time":"2024-06-11T11:54:41+00:00","og_image":[{"width":1067,"height":600,"url":"https:\/\/impactup.com\/wp-content\/uploads\/2021\/01\/og.jpg","type":"image\/jpeg"}],"twitter_card":"summary_large_image","twitter_misc":{"Est. reading time":"4 minutes"},"schema":{"@context":"https:\/\/schema.org","@graph":[{"@type":"WebPage","@id":"https:\/\/impactup.com\/en\/glossaire\/cabinet-de-recrutement-en-franchise\/","url":"https:\/\/impactup.com\/en\/glossaire\/cabinet-de-recrutement-en-franchise\/","name":"Un r\u00e9seau de cabinets de recrutement en franchise pour les fonctions commerciales et marketing","isPartOf":{"@id":"https:\/\/impactup.com\/en\/#website"},"datePublished":"2024-06-10T07:02:58+00:00","dateModified":"2024-06-11T11:54:41+00:00","description":"ImpactUp, le r\u00e9seau de cabinets de recrutement en franchise avec plus de 15 ans d\u2019exp\u00e9rience. Un r\u00e9seau de cabinets de recrutement en franchise pr\u00e9sent dans toute la France pour trouver les meilleurs talents.","breadcrumb":{"@id":"https:\/\/impactup.com\/en\/glossaire\/cabinet-de-recrutement-en-franchise\/#breadcrumb"},"inLanguage":"en-US","potentialAction":[{"@type":"ReadAction","target":["https:\/\/impactup.com\/en\/glossaire\/cabinet-de-recrutement-en-franchise\/"]}]},{"@type":"BreadcrumbList","@id":"https:\/\/impactup.com\/en\/glossaire\/cabinet-de-recrutement-en-franchise\/#breadcrumb","itemListElement":[{"@type":"ListItem","position":1,"name":"Accueil","item":"https:\/\/impactup.com\/en\/"},{"@type":"ListItem","position":2,"name":"Glossaire","item":"https:\/\/impactup.com\/en\/glossaire\/"},{"@type":"ListItem","position":3,"name":"R\u00e9seau de cabinets de recrutement en franchise ImpactUp : le partenaire de confiance pour d\u00e9nicher les meilleurs talents"}]},{"@type":"WebSite","@id":"https:\/\/impactup.com\/en\/#website","url":"https:\/\/impactup.com\/en\/","name":"ImpactUp","description":"Recrutement commerciaux, directions commerciales et fonctions marketing","potentialAction":[{"@type":"SearchAction","target":{"@type":"EntryPoint","urlTemplate":"https:\/\/impactup.com\/en\/?s={search_term_string}"},"query-input":{"@type":"PropertyValueSpecification","valueRequired":true,"valueName":"search_term_string"}}],"inLanguage":"en-US"}]}},"_links":{"self":[{"href":"https:\/\/impactup.com\/en\/wp-json\/wp\/v2\/pages\/25911","targetHints":{"allow":["GET"]}}],"collection":[{"href":"https:\/\/impactup.com\/en\/wp-json\/wp\/v2\/pages"}],"about":[{"href":"https:\/\/impactup.com\/en\/wp-json\/wp\/v2\/types\/page"}],"author":[{"embeddable":true,"href":"https:\/\/impactup.com\/en\/wp-json\/wp\/v2\/users\/4"}],"replies":[{"embeddable":true,"href":"https:\/\/impactup.com\/en\/wp-json\/wp\/v2\/comments?post=25911"}],"version-history":[{"count":4,"href":"https:\/\/impactup.com\/en\/wp-json\/wp\/v2\/pages\/25911\/revisions"}],"predecessor-version":[{"id":25962,"href":"https:\/\/impactup.com\/en\/wp-json\/wp\/v2\/pages\/25911\/revisions\/25962"}],"up":[{"embeddable":true,"href":"https:\/\/impactup.com\/en\/wp-json\/wp\/v2\/pages\/17218"}],"wp:attachment":[{"href":"https:\/\/impactup.com\/en\/wp-json\/wp\/v2\/media?parent=25911"}],"curies":[{"name":"wp","href":"https:\/\/api.w.org\/{rel}","templated":true}]}}