{"id":25909,"date":"2024-06-10T09:22:35","date_gmt":"2024-06-10T07:22:35","guid":{"rendered":"https:\/\/impactup.niou.dev\/?page_id=25909"},"modified":"2024-06-12T11:01:26","modified_gmt":"2024-06-12T09:01:26","slug":"cabinet-de-recrutement-chef-des-ventes-national","status":"publish","type":"page","link":"https:\/\/impactup.com\/en\/glossaire\/cabinet-de-recrutement-chef-des-ventes-national\/","title":{"rendered":"Le cabinet de recrutement de chef des ventes au niveau national"},"content":{"rendered":"<div class=\"wpb-content-wrapper\"><p>[vc_row][vc_column width=&#8221;1\/3&#8243;][vc_btn title=&#8221;Voir notre offre&#8221; color=&#8221;secondarycolor&#8221; align=&#8221;center&#8221; css=&#8221;&#8221; link=&#8221;url:https%3A%2F%2Fimpactup.com%2Frecrutement%2F&#8221;][\/vc_column][vc_column width=&#8221;1\/3&#8243;][vc_btn title=&#8221;Confiez-nous votre projet&#8221; color=&#8221;secondarycolor&#8221; align=&#8221;center&#8221; css=&#8221;&#8221; link=&#8221;url:https%3A%2F%2Fimpactup.com%2Fetude-personnalisee%2F&#8221;][\/vc_column][vc_column width=&#8221;1\/3&#8243;][vc_btn title=&#8221;Contactez-nous&#8221; color=&#8221;secondarycolor&#8221; align=&#8221;center&#8221; css=&#8221;&#8221; link=&#8221;url:https%3A%2F%2Fimpactup.com%2Fcontact%2F&#8221;][\/vc_column][\/vc_row][vc_row css=&#8221;.vc_custom_1717658386032{padding-top: 40px !important;padding-bottom: 20px !important;}&#8221;][vc_column][vc_column_text css=&#8221;&#8221;]<\/p>\n<section style=\"text-align: justify;\">\n<h2><strong>Le cabinet de recrutement de chef des ventes au niveau national<\/strong><\/h2>\n<p>Le <a href=\"https:\/\/impactup.com\/cabinet-de-recrutement-chef-des-ventes\"><strong>cabinet de recrutement de chef des ventes national<\/strong><\/a>, <strong>ImpactUp<\/strong> se met \u00e0 votre service. Nous pouvons vous d\u00e9nicher un chef des ventes comp\u00e9tent. Ce dernier aura pour mission d\u2019\u00e9laborer une strat\u00e9gie efficace pour liquider les produits d\u2019une entreprise et am\u00e9liorer les services. Par ailleurs, il organise les forces de vente et il est le responsable des diff\u00e9rents secteurs.<\/p>\n<\/section>\n<p>[\/vc_column_text][\/vc_column][\/vc_row][vc_row][vc_column width=&#8221;1\/3&#8243;][vc_btn title=&#8221;Voir notre offre&#8221; color=&#8221;secondarycolor&#8221; align=&#8221;center&#8221; css=&#8221;&#8221; link=&#8221;url:https%3A%2F%2Fimpactup.com%2Frecrutement%2F&#8221;][\/vc_column][vc_column width=&#8221;1\/3&#8243;][vc_btn title=&#8221;Confiez-nous votre projet&#8221; color=&#8221;secondarycolor&#8221; align=&#8221;center&#8221; css=&#8221;&#8221; link=&#8221;url:https%3A%2F%2Fimpactup.com%2Fetude-personnalisee%2F&#8221;][\/vc_column][vc_column width=&#8221;1\/3&#8243;][vc_btn title=&#8221;Contactez-nous&#8221; color=&#8221;secondarycolor&#8221; align=&#8221;center&#8221; css=&#8221;&#8221; link=&#8221;url:https%3A%2F%2Fimpactup.com%2Fcontact%2F&#8221;][\/vc_column][\/vc_row][vc_row css=&#8221;.vc_custom_1717658445522{padding-top: 40px !important;}&#8221;][vc_column][vc_column_text css=&#8221;&#8221;]<\/p>\n<section style=\"text-align: justify;\">\n<h2><strong>Chef des ventes, une fonction cl\u00e9 <\/strong><\/h2>\n<p>Sous les ordres de la direction commerciale, le chef de vente national \u00e9tablit les objectifs de vente selon chaque secteur et met en oeuvre les moyens n\u00e9cessaires pour tenir ces objectifs.<\/p>\n<p>Lorsqu\u2019une marque ou une entreprise pr\u00e9sente lance une gamme de produits \u00e0 l\u2019\u00e9chelle nationale, elle confie la promotion et le d\u00e9veloppement des ventes \u00e0 sa direction commerciale. Celle-ci \u00e9tablit ensuite un plan de d\u00e9veloppement commercial pour les \u00e9quipes de vendeurs r\u00e9partis sur l\u2019ensemble du territoire. C\u2019est au chef de vente national que revient la charge d\u2019assurer l\u2019organisation et la coordination de l\u2019action commerciale au niveau d\u2019un secteur ou d\u2019une cat\u00e9gorie de commerciaux. Dans le cadre de sa mission, il est amen\u00e9 \u00e0 encadrer et motiver les \u00e9quipes de vendeurs, les former si besoin.<\/p>\n<p>Un <a href=\"https:\/\/impactup.com\/cabinet-de-recrutement-chef-des-ventes-r%C3%A9gional\"><strong>chef des ventes national dont le recrutement<\/strong><\/a> a \u00e9t\u00e9 effectu\u00e9 par un cabinet sp\u00e9cialis\u00e9 constitue le meilleur moyen pour votre entreprise de se doter d\u2019un collaborateur efficace\u00a0; ce dernier poss\u00e8de les comp\u00e9tences et le profil correspondant parfaitement aux besoins de ce poste \u00e0 haute responsabilit\u00e9. Il est rattach\u00e9 directement au service commercial de l\u2019entreprise.<\/p>\n<p>Il aura pour mission de piloter une \u00e9quipe de commerciaux, suivre les actions sur le terrain et veiller \u00e0 l\u2019atteinte des objectifs quantitatifs fix\u00e9s par le directeur commercial. Soumis \u00e0 des obligations de r\u00e9sultats, il mettra en \u0153uvre tous les moyens \u00e0 sa disposition afin d\u2019augmenter les ventes d\u2019un produit et\/ou service sur le territoire national, conform\u00e9ment au plan de marketing de l\u2019entreprise.<\/p>\n<h2><strong>Quand recourir aux services d\u2019un cabinet de recrutement\u00a0?<\/strong><\/h2>\n<p>Les prestations et le savoir-faire d\u2019un <strong>cabinet de recrutement<\/strong> vous seront d\u2019une aide pr\u00e9cieuse pour r\u00e9ussir le recrutement de votre <strong>chef de vente<\/strong> au niveau <strong>national<\/strong>. Avec une agence sp\u00e9cialis\u00e9e vous n\u2019avez pas \u00e0 g\u00e9rer une campagne de recrutement\u00a0; de plus ce type d\u2019op\u00e9ration peut devenir un vrai parcours du combattant si vous ne disposez pas des comp\u00e9tences pour ce faire. Il y a beaucoup de taches \u00e0 faire, \u00e0 savoir\u00a0: recevoir les dossiers de candidature, s\u00e9lectionner les plus int\u00e9ressants, convoquer les candidats de valeur, g\u00e9rer les tests d\u2019aptitude et les entretiens d\u2019embauche, effectuer la s\u00e9lection finale des candidats les plus adapt\u00e9s au poste et les proc\u00e9dures finales d\u2019embauche. En faisant appel \u00e0 un professionnel, vous pourrez vous consacrer \u00e0 des t\u00e2ches plus productives tout en \u00e9tant assur\u00e9 de disposer du collaborateur qui r\u00e9pond \u00e0 vos attentes.<\/p>\n<p>L\u2019\u00e9quipe du cabinet <strong>ImpactUP<\/strong> justifie d\u2019une exp\u00e9rience av\u00e9r\u00e9e dans la recherche et la s\u00e9lection de profils de haut niveau et experts m\u00e9tiers) sur des p\u00f4les d\u2019expertise li\u00e9s au marketing et au commerce : marchandiseur(euse), charg\u00e9(e) de marketing direct, category manager, responsable de promotion des ventes, business developer, responsable webmarketing, ing\u00e9nieur commercial, et \u00e0 tous les postes strat\u00e9giques de l\u2019organisation : directeur(trice) commercial(e)sales administrator, digital marketing manager, directeur(trice) de magasin, directeur(trice) de la relation client\u2026 Le coaching des candidats est un autre des domaines d\u2019interventions d\u2019ImpactUP pour leur satisfaction personnelle \u00e0 occuper une fonction int\u00e9ressante.<\/p>\n<h2><strong>L&#8217;expertise et l&#8217;exp\u00e9rience d&#8217;un sp\u00e9cialiste au service de votre entreprise<\/strong><\/h2>\n<p>Nous avons mis en place un processus de s\u00e9lection transparent et rigoureux afin de vous trouver dans le d\u00e9lai imparti votre <strong>chef des ventes national. Notre cabinet de recrutement<\/strong> justifie de 7 ans d\u2019exp\u00e9riences dans le recrutement de profils marketing et commerciaux. Nos services s\u2019adressent aussi bien aux PME qu\u2019aux grands groupes, quels que soient leurs secteurs d\u2019activit\u00e9. Nous sommes votre unique interlocuteur pendant toutes les \u00e9tapes de la d\u00e9marche de recrutement.<\/p>\n<p><a href=\"https:\/\/impactup.com\/\"><strong>ImpactUP<\/strong><\/a> met en \u0153uvre diff\u00e9rentes strat\u00e9gies pour placer le candidat id\u00e9al, conform\u00e9ment aux exigences de l\u2019entreprise :<\/p>\n<ul>\n<li>Une plateforme d\u2019\u00e9valuation qui repose sur 4 types d\u2019outils : TalentRelation\u00ae, TalentBusiness\u00ae, TalentAttitude\u00ae et TalentInitial\u00ae ;<\/li>\n<li>Un outil en ligne SaaS d\u2019\u00e9valuation qui permet de valider les comp\u00e9tences dans une langue \u00e9trang\u00e8re propos\u00e9 en partenariat avec Pipplet.<\/li>\n<\/ul>\n<p>Impactup dispose d\u2019une \u00e9quipe professionnelle et qualifi\u00e9e. Selon les subtilit\u00e9s de votre m\u00e9tier, nos consultants prendront en main vos besoins de mani\u00e8re ponctuelle ou permanente. Nous pouvons nous occuper de la r\u00e9daction de vos annonces, de la description du poste, la publication des offres sur les plateformes de votre choix, l\u2019analyse et l\u2019\u00e9tude des candidatures, ainsi que l\u2019entretien des meilleurs profils.<\/p>\n<h2><strong>Recruter le profil ad\u00e9quat pour superviser vos ventes gr\u00e2ce \u00e0 Impactup<\/strong><\/h2>\n<p>Un sp\u00e9cialiste du recrutement reste un gage de r\u00e9ussite pour constituer une \u00e9quipe apte \u00e0 assurer la performance. ImpactUp vous accompagne dans la d\u00e9finition d\u2019une strat\u00e9gie sur le moyen terme.<\/p>\n<p><strong>Impactup<\/strong> est un cabinet s\u00e9rieux et s\u00fbr. Gr\u00e2ce \u00e0 une base de donn\u00e9es bien fournie, ce <strong>cabinet de recrutement <\/strong>trouvera dans les d\u00e9lais convenus le candidat id\u00e9al pour occuper le poste de <strong>chef des ventes,<\/strong> un candidat r\u00e9pondant aux exigences du poste.<\/p>\n<p>Intervenant sur plusieurs localit\u00e9s r\u00e9parties sur le territoire <strong>national <\/strong>(Paris, Lyon, La Rochelle, etc.) ImpactUp est le \u00ab\u00a0chasseur de t\u00eate\u00a0\u00bb qui comprend le mieux vos besoins. De nombreux groupes font appel \u00e0 nous, convaincus par notre professionnalisme.<\/p>\n<h2><strong>Un recrutement m\u00e9ticuleux \u00e0 r\u00e9aliser<\/strong><\/h2>\n<p>Impact Up est un <a href=\"https:\/\/impactup.com\/recrutement-commerciaux\"><strong>cabinet de recrutement<\/strong> <strong>de<\/strong> <strong>chef des ventes nationales<\/strong><\/a> au service des \u00a0entreprises commerciales. Nous mettons en \u0153uvre des techniques avanc\u00e9es pour obtenir des renseignements concernant un candidat. Nos connaissances et nos acquis nous ont permis de tester le caract\u00e8re d\u2019un candidat. Les comp\u00e9tences restent un crit\u00e8re de choix fondamental lors du recrutement. Cependant, la personnalit\u00e9 du candidat a toute son importance dans la vie d\u2019une soci\u00e9t\u00e9 et dans l\u2019exercice des fonctions.<\/p>\n<p>Comment le candidat interagit-il avec les clients\u00a0? Dans quelle situation s\u2019\u00e9nerve-t-il et se met-il \u00e0 crier\u00a0? Comment g\u00e8re-t-il ses \u00e9motions quand il est sous pression\u00a0? Comment valorise-t-il les petits d\u00e9tails dans son r\u00f4le de chef de vente national\u00a0? Comment organise-t-il son \u00e9quipe\u00a0? Apr\u00e8s le verdict final, nous pouvons vous d\u00e9crire le profil et les capacit\u00e9s de votre futur chef de vente.<\/p>\n<p>Intervenant sur plusieurs localit\u00e9s r\u00e9parties sur le territoire national (Paris, Lyon, La Rochelle, etc.) <strong>ImpactUp<\/strong> est le \u00ab chasseur de t\u00eate \u00bb qui comprend le mieux vos besoins. De nombreux groupes font appel \u00e0 nous, convaincus par notre professionnalisme.<\/p>\n<\/section>\n<p>[\/vc_column_text][\/vc_column][\/vc_row]<\/p>\n<\/div>","protected":false},"excerpt":{"rendered":"<p>[vc_row][vc_column width=&#8221;1\/3&#8243;][vc_btn title=&#8221;Voir notre offre&#8221; color=&#8221;secondarycolor&#8221; align=&#8221;center&#8221; css=&#8221;&#8221; link=&#8221;url:https%3A%2F%2Fimpactup.com%2Frecrutement%2F&#8221;][\/vc_column][vc_column width=&#8221;1\/3&#8243;][vc_btn title=&#8221;Confiez-nous votre projet&#8221; color=&#8221;secondarycolor&#8221; align=&#8221;center&#8221; css=&#8221;&#8221; link=&#8221;url:https%3A%2F%2Fimpactup.com%2Fetude-personnalisee%2F&#8221;][\/vc_column][vc_column width=&#8221;1\/3&#8243;][vc_btn title=&#8221;Contactez-nous&#8221; color=&#8221;secondarycolor&#8221; align=&#8221;center&#8221; css=&#8221;&#8221; link=&#8221;url:https%3A%2F%2Fimpactup.com%2Fcontact%2F&#8221;][\/vc_column][\/vc_row][vc_row css=&#8221;.vc_custom_1717658386032{padding-top: 40px !important;padding-bottom: 20px !important;}&#8221;][vc_column][vc_column_text css=&#8221;&#8221;] Le cabinet de recrutement de chef des ventes au niveau national Le cabinet de recrutement de chef des ventes national, ImpactUp se met \u00e0 votre service. [&hellip;]<\/p>\n","protected":false},"author":4,"featured_media":0,"parent":17218,"menu_order":0,"comment_status":"closed","ping_status":"closed","template":"","meta":{"_monsterinsights_skip_tracking":false,"_monsterinsights_sitenote_active":false,"_monsterinsights_sitenote_note":"","_monsterinsights_sitenote_category":0,"footnotes":""},"class_list":["post-25909","page","type-page","status-publish","hentry"],"yoast_head":"<!-- This site is optimized with the Yoast SEO plugin v27.0 - https:\/\/yoast.com\/product\/yoast-seo-wordpress\/ -->\n<title>Un cabinet de recrutement de manager et de chef des ventes nationales<\/title>\n<meta name=\"description\" content=\"Rechercher un cabinet de recrutement de chef des ventes nationales. Expert en marketing et en strat\u00e9gie commerciale, ImpactUP est un cabinet de recrutement de chef de ventes nationales.\" \/>\n<meta name=\"robots\" content=\"index, follow, max-snippet:-1, max-image-preview:large, max-video-preview:-1\" \/>\n<link rel=\"canonical\" href=\"https:\/\/impactup.com\/en\/glossaire\/cabinet-de-recrutement-chef-des-ventes-national\/\" \/>\n<meta property=\"og:locale\" content=\"en_US\" \/>\n<meta property=\"og:type\" content=\"article\" \/>\n<meta property=\"og:title\" content=\"Un cabinet de recrutement de manager et de chef des ventes nationales\" \/>\n<meta property=\"og:description\" content=\"Rechercher un cabinet de recrutement de chef des ventes nationales. Expert en marketing et en strat\u00e9gie commerciale, ImpactUP est un cabinet de recrutement de chef de ventes nationales.\" \/>\n<meta property=\"og:url\" content=\"https:\/\/impactup.com\/en\/glossaire\/cabinet-de-recrutement-chef-des-ventes-national\/\" \/>\n<meta property=\"og:site_name\" content=\"ImpactUp\" \/>\n<meta property=\"article:modified_time\" content=\"2024-06-12T09:01:26+00:00\" \/>\n<meta property=\"og:image\" content=\"https:\/\/impactup.com\/wp-content\/uploads\/2021\/01\/og.jpg\" \/>\n\t<meta property=\"og:image:width\" content=\"1067\" \/>\n\t<meta property=\"og:image:height\" content=\"600\" \/>\n\t<meta property=\"og:image:type\" content=\"image\/jpeg\" \/>\n<meta name=\"twitter:card\" content=\"summary_large_image\" \/>\n<meta name=\"twitter:label1\" content=\"Est. reading time\" \/>\n\t<meta name=\"twitter:data1\" content=\"6 minutes\" \/>\n<script type=\"application\/ld+json\" class=\"yoast-schema-graph\">{\"@context\":\"https:\/\/schema.org\",\"@graph\":[{\"@type\":\"WebPage\",\"@id\":\"https:\/\/impactup.com\/en\/glossaire\/cabinet-de-recrutement-chef-des-ventes-national\/\",\"url\":\"https:\/\/impactup.com\/en\/glossaire\/cabinet-de-recrutement-chef-des-ventes-national\/\",\"name\":\"Un cabinet de recrutement de manager et de chef des ventes nationales\",\"isPartOf\":{\"@id\":\"https:\/\/impactup.com\/en\/#website\"},\"datePublished\":\"2024-06-10T07:22:35+00:00\",\"dateModified\":\"2024-06-12T09:01:26+00:00\",\"description\":\"Rechercher un cabinet de recrutement de chef des ventes nationales. Expert en marketing et en strat\u00e9gie commerciale, ImpactUP est un cabinet de recrutement de chef de ventes nationales.\",\"breadcrumb\":{\"@id\":\"https:\/\/impactup.com\/en\/glossaire\/cabinet-de-recrutement-chef-des-ventes-national\/#breadcrumb\"},\"inLanguage\":\"en-US\",\"potentialAction\":[{\"@type\":\"ReadAction\",\"target\":[\"https:\/\/impactup.com\/en\/glossaire\/cabinet-de-recrutement-chef-des-ventes-national\/\"]}]},{\"@type\":\"BreadcrumbList\",\"@id\":\"https:\/\/impactup.com\/en\/glossaire\/cabinet-de-recrutement-chef-des-ventes-national\/#breadcrumb\",\"itemListElement\":[{\"@type\":\"ListItem\",\"position\":1,\"name\":\"Accueil\",\"item\":\"https:\/\/impactup.com\/en\/\"},{\"@type\":\"ListItem\",\"position\":2,\"name\":\"Glossaire\",\"item\":\"https:\/\/impactup.com\/en\/glossaire\/\"},{\"@type\":\"ListItem\",\"position\":3,\"name\":\"Le cabinet de recrutement de chef des ventes au niveau national\"}]},{\"@type\":\"WebSite\",\"@id\":\"https:\/\/impactup.com\/en\/#website\",\"url\":\"https:\/\/impactup.com\/en\/\",\"name\":\"ImpactUp\",\"description\":\"Recrutement commerciaux, directions commerciales et fonctions marketing\",\"potentialAction\":[{\"@type\":\"SearchAction\",\"target\":{\"@type\":\"EntryPoint\",\"urlTemplate\":\"https:\/\/impactup.com\/en\/?s={search_term_string}\"},\"query-input\":{\"@type\":\"PropertyValueSpecification\",\"valueRequired\":true,\"valueName\":\"search_term_string\"}}],\"inLanguage\":\"en-US\"}]}<\/script>\n<!-- \/ Yoast SEO plugin. -->","yoast_head_json":{"title":"Un cabinet de recrutement de manager et de chef des ventes nationales","description":"Rechercher un cabinet de recrutement de chef des ventes nationales. Expert en marketing et en strat\u00e9gie commerciale, ImpactUP est un cabinet de recrutement de chef de ventes nationales.","robots":{"index":"index","follow":"follow","max-snippet":"max-snippet:-1","max-image-preview":"max-image-preview:large","max-video-preview":"max-video-preview:-1"},"canonical":"https:\/\/impactup.com\/en\/glossaire\/cabinet-de-recrutement-chef-des-ventes-national\/","og_locale":"en_US","og_type":"article","og_title":"Un cabinet de recrutement de manager et de chef des ventes nationales","og_description":"Rechercher un cabinet de recrutement de chef des ventes nationales. Expert en marketing et en strat\u00e9gie commerciale, ImpactUP est un cabinet de recrutement de chef de ventes nationales.","og_url":"https:\/\/impactup.com\/en\/glossaire\/cabinet-de-recrutement-chef-des-ventes-national\/","og_site_name":"ImpactUp","article_modified_time":"2024-06-12T09:01:26+00:00","og_image":[{"width":1067,"height":600,"url":"https:\/\/impactup.com\/wp-content\/uploads\/2021\/01\/og.jpg","type":"image\/jpeg"}],"twitter_card":"summary_large_image","twitter_misc":{"Est. reading time":"6 minutes"},"schema":{"@context":"https:\/\/schema.org","@graph":[{"@type":"WebPage","@id":"https:\/\/impactup.com\/en\/glossaire\/cabinet-de-recrutement-chef-des-ventes-national\/","url":"https:\/\/impactup.com\/en\/glossaire\/cabinet-de-recrutement-chef-des-ventes-national\/","name":"Un cabinet de recrutement de manager et de chef des ventes nationales","isPartOf":{"@id":"https:\/\/impactup.com\/en\/#website"},"datePublished":"2024-06-10T07:22:35+00:00","dateModified":"2024-06-12T09:01:26+00:00","description":"Rechercher un cabinet de recrutement de chef des ventes nationales. Expert en marketing et en strat\u00e9gie commerciale, ImpactUP est un cabinet de recrutement de chef de ventes nationales.","breadcrumb":{"@id":"https:\/\/impactup.com\/en\/glossaire\/cabinet-de-recrutement-chef-des-ventes-national\/#breadcrumb"},"inLanguage":"en-US","potentialAction":[{"@type":"ReadAction","target":["https:\/\/impactup.com\/en\/glossaire\/cabinet-de-recrutement-chef-des-ventes-national\/"]}]},{"@type":"BreadcrumbList","@id":"https:\/\/impactup.com\/en\/glossaire\/cabinet-de-recrutement-chef-des-ventes-national\/#breadcrumb","itemListElement":[{"@type":"ListItem","position":1,"name":"Accueil","item":"https:\/\/impactup.com\/en\/"},{"@type":"ListItem","position":2,"name":"Glossaire","item":"https:\/\/impactup.com\/en\/glossaire\/"},{"@type":"ListItem","position":3,"name":"Le cabinet de recrutement de chef des ventes au niveau national"}]},{"@type":"WebSite","@id":"https:\/\/impactup.com\/en\/#website","url":"https:\/\/impactup.com\/en\/","name":"ImpactUp","description":"Recrutement commerciaux, directions commerciales et fonctions marketing","potentialAction":[{"@type":"SearchAction","target":{"@type":"EntryPoint","urlTemplate":"https:\/\/impactup.com\/en\/?s={search_term_string}"},"query-input":{"@type":"PropertyValueSpecification","valueRequired":true,"valueName":"search_term_string"}}],"inLanguage":"en-US"}]}},"_links":{"self":[{"href":"https:\/\/impactup.com\/en\/wp-json\/wp\/v2\/pages\/25909","targetHints":{"allow":["GET"]}}],"collection":[{"href":"https:\/\/impactup.com\/en\/wp-json\/wp\/v2\/pages"}],"about":[{"href":"https:\/\/impactup.com\/en\/wp-json\/wp\/v2\/types\/page"}],"author":[{"embeddable":true,"href":"https:\/\/impactup.com\/en\/wp-json\/wp\/v2\/users\/4"}],"replies":[{"embeddable":true,"href":"https:\/\/impactup.com\/en\/wp-json\/wp\/v2\/comments?post=25909"}],"version-history":[{"count":8,"href":"https:\/\/impactup.com\/en\/wp-json\/wp\/v2\/pages\/25909\/revisions"}],"predecessor-version":[{"id":26458,"href":"https:\/\/impactup.com\/en\/wp-json\/wp\/v2\/pages\/25909\/revisions\/26458"}],"up":[{"embeddable":true,"href":"https:\/\/impactup.com\/en\/wp-json\/wp\/v2\/pages\/17218"}],"wp:attachment":[{"href":"https:\/\/impactup.com\/en\/wp-json\/wp\/v2\/media?parent=25909"}],"curies":[{"name":"wp","href":"https:\/\/api.w.org\/{rel}","templated":true}]}}