{"id":25861,"date":"2024-06-07T14:15:01","date_gmt":"2024-06-07T12:15:01","guid":{"rendered":"https:\/\/impactup.niou.dev\/?page_id=25861"},"modified":"2024-06-11T14:28:56","modified_gmt":"2024-06-11T12:28:56","slug":"recrutement-directeur-marketing","status":"publish","type":"page","link":"https:\/\/impactup.com\/en\/glossaire\/recrutement-directeur-marketing\/","title":{"rendered":"ImpactUp, un cabinet de r\u00e9f\u00e9rence pour le recrutement de directeur marketing"},"content":{"rendered":"<div class=\"wpb-content-wrapper\"><p>[vc_row][vc_column width=&#8221;1\/3&#8243;][vc_btn title=&#8221;Voir notre offre&#8221; color=&#8221;secondarycolor&#8221; align=&#8221;center&#8221; css=&#8221;&#8221; link=&#8221;url:https%3A%2F%2Fimpactup.com%2Frecrutement%2F&#8221;][\/vc_column][vc_column width=&#8221;1\/3&#8243;][vc_btn title=&#8221;Confiez-nous votre projet&#8221; color=&#8221;secondarycolor&#8221; align=&#8221;center&#8221; css=&#8221;&#8221; link=&#8221;url:https%3A%2F%2Fimpactup.com%2Fetude-personnalisee%2F&#8221;][\/vc_column][vc_column width=&#8221;1\/3&#8243;][vc_btn title=&#8221;Contactez-nous&#8221; color=&#8221;secondarycolor&#8221; align=&#8221;center&#8221; css=&#8221;&#8221; link=&#8221;url:https%3A%2F%2Fimpactup.com%2Fcontact%2F&#8221;][\/vc_column][\/vc_row][vc_row css=&#8221;.vc_custom_1717658386032{padding-top: 40px !important;padding-bottom: 20px !important;}&#8221;][vc_column][vc_column_text css=&#8221;&#8221;]<\/p>\n<section style=\"text-align: justify;\">\n<h2>ImpactUp, un cabinet de r\u00e9f\u00e9rence pour le recrutement de directeur marketing<\/h2>\n<p>Le <a href=\"https:\/\/impactup.com\/glossaire\/sp%C3%A9cialiste-fonctions-commerciales\"><strong>recrutement d\u2019un directeur marketing<\/strong><\/a> demande une pr\u00e9paration minutieuse. Si votre entreprise ne dispose pas des ressources n\u00e9cessaires pour g\u00e9rer cette t\u00e2che complexe, il est important de faire appel \u00e0 une agence sp\u00e9cialis\u00e9e ou \u00e0 un chasseur de t\u00eates. \u00c0 cet effet, ImpactUp est un cabinet de recrutement r\u00e9put\u00e9 pour vous aider \u00e0 d\u00e9nicher le meilleur profil pour occuper ce poste strat\u00e9gique.<\/p>\n<\/section>\n<p>[\/vc_column_text][\/vc_column][\/vc_row][vc_row][vc_column width=&#8221;1\/3&#8243;][vc_btn title=&#8221;Voir notre offre&#8221; color=&#8221;secondarycolor&#8221; align=&#8221;center&#8221; css=&#8221;&#8221; link=&#8221;url:https%3A%2F%2Fimpactup.com%2Frecrutement%2F&#8221;][\/vc_column][vc_column width=&#8221;1\/3&#8243;][vc_btn title=&#8221;Confiez-nous votre projet&#8221; color=&#8221;secondarycolor&#8221; align=&#8221;center&#8221; css=&#8221;&#8221; link=&#8221;url:https%3A%2F%2Fimpactup.com%2Fetude-personnalisee%2F&#8221;][\/vc_column][vc_column width=&#8221;1\/3&#8243;][vc_btn title=&#8221;Contactez-nous&#8221; color=&#8221;secondarycolor&#8221; align=&#8221;center&#8221; css=&#8221;&#8221; link=&#8221;url:https%3A%2F%2Fimpactup.com%2Fcontact%2F&#8221;][\/vc_column][\/vc_row][vc_row css=&#8221;.vc_custom_1717658445522{padding-top: 40px !important;}&#8221;][vc_column][vc_column_text css=&#8221;&#8221;]<\/p>\n<section style=\"text-align: justify;\">\n<h2>Les diff\u00e9rentes fonctions d\u2019un directeur marketing<\/h2>\n<p>Le responsable marketing occupe un poste important au sein de son entreprise. Pour \u00eatre plus pr\u00e9cis, il est \u00e0 la t\u00eate de son service. Dans l\u2019exercice de ses fonctions, il r\u00e9alise des \u00e9tudes de march\u00e9 pour bien comprendre et d\u00e9finir les besoins de la client\u00e8le afin d\u2019\u00e9laborer une strat\u00e9gie marketing efficace.<\/p>\n<p>Il s\u2019agit entre autres d\u2019une phase d\u2019analyse qui consiste \u00e0 \u00e9tudier le march\u00e9 et la concurrence pour ensuite d\u00e9velopper et promouvoir des produits et services de haute qualit\u00e9 r\u00e9pondant aux exigences des clients et collaborateurs.<\/p>\n<p>Le directeur marketing s\u2019occupe ainsi de la d\u00e9finition et la conception des campagnes promotionnelles de son organisation et se porte garant des r\u00e9sultats qui en d\u00e9coulent.<\/p>\n<p>Il est \u00e9galement charg\u00e9 de la gestion des objectifs et du budget allou\u00e9 \u00e0 chaque projet marketing. V\u00e9ritable chef d\u2019orchestre, il s\u2019agit d\u2019un leader capable d\u2019organiser, d\u2019animer, de motiver et de booster la performance de son \u00e9quipe.<\/p>\n<p>Il convient d\u2019ailleurs de noter qu\u2019un tel profil doit avoir certaines qualit\u00e9s, dont des connaissances techniques approfondies, une bonne culture g\u00e9n\u00e9rale, un sens aiguis\u00e9 de l\u2019observation et de l\u2019\u00e9coute ainsi qu\u2019une tr\u00e8s forte capacit\u00e9 \u00e0 n\u00e9gocier et \u00e0 argumenter.<\/p>\n<p>Il s\u2019agit donc d\u2019un poste d\u00e9licat et important au sein de l\u2019entreprise.\u00a0D\u2019ailleurs, il est extr\u00eamement difficile de recruter un directeur marketing. Pour quelles raisons ? Le bon candidat doit non seulement poss\u00e9der une expertise solide, mais \u00e9galement s\u2019adapter aux \u00e9volutions rapides du marketing. Dans ce sens, une erreur de recrutement peut co\u00fbter cher. Cela peut aussi nuire \u00e0 la r\u00e9putation et aux performances de l\u2019entreprise.\u00a0De m\u00eame, les m\u00e9thodes de recrutement obsol\u00e8tes compliquent la t\u00e2che.\u00a0Le march\u00e9 du travail est \u00e9galement marqu\u00e9 par une p\u00e9nurie de talents, surtout pour les postes de haut niveau.\u00a0Les meilleurs sp\u00e9cialistes du marketing sont souvent d\u00e9j\u00e0 en poste ou \u00e0 la t\u00eate de leur propre entreprise.\u00a0Dans certains cas, ils m\u00e8nent des projets parall\u00e8les ou des blogs o\u00f9 ils exp\u00e9rimentent de nouvelles id\u00e9es. Les employeurs doivent, de ce fait, faire preuve de persuasion pour attirer ces candidats, ou \u00eatre pr\u00eats \u00e0 investir dans la formation de nouveaux talents.<\/p>\n<p>Si vous souhaitez embaucher un <a href=\"https:\/\/impactup.com\/glossaire\/recrutement-directeur-commercial\"><strong>directeur marketing<\/strong><\/a> ayant les qualit\u00e9s requises pour apporter de la valeur ajout\u00e9e \u00e0 votre entreprise, adressez-vous \u00e0 un cabinet de <a href=\"https:\/\/impactup.com\/glossaire\/recrutement-directeur-commercial\"><strong>recrutement<\/strong><\/a> qualifi\u00e9 et reconnu dans les fonctions commerciales et marketing \u00e0 l\u2019image d\u2019ImpactUp.<\/p>\n<h2>Pourquoi confier un projet de recrutement de directeur marketing \u00e0 un expert\u00a0?<\/h2>\n<p>Compte tenu des exigences en termes de comp\u00e9tences et de qualit\u00e9s personnelles pour le poste de <strong>directeur marketing<\/strong>, adressez-vous \u00e0 un cabinet de <strong>recrutement <\/strong>pour vous accompagner dans la recherche et l\u2019embauche de ce type de profil.<\/p>\n<p>En effet, cette t\u00e2che requiert \u00e0 la fois des connaissances du m\u00e9tier, du temps ainsi que des moyens humains et mat\u00e9riels importants. Pour vous aider \u00e0 mener \u00e0 bien votre projet de recrutement, ImpactUp mobilise toutes les ressources techniques, technologiques et humaines n\u00e9cessaires pour garantir la r\u00e9ussite des missions qui lui sont confi\u00e9es.<\/p>\n<p>D\u2019ailleurs, le cabinet dispose d\u2019une importante base de donn\u00e9es r\u00e9guli\u00e8rement mise \u00e0 jour et comprend toutes les informations susceptibles d\u2019int\u00e9resser et\/ou d\u2019aider les demandeurs d\u2019emploi et les recruteurs.<\/p>\n<p>ImpactUp conna\u00eet \u00e9galement les contraintes ainsi que les sp\u00e9cificit\u00e9s des fonctions et responsabilit\u00e9s incombant aux titulaires de ce poste, ce qui lui permet de proposer aux entreprises des candidats de valeur.<\/p>\n<p>Il sera donc en mesure de concevoir et d\u2019instaurer une politique de recrutement adapt\u00e9e aux exigences de la client\u00e8le tout en assurant la prise en charge des diff\u00e9rents processus d\u2019embauche et leur suivi.<\/p>\n<p>En outre, lorsque les m\u00e9thodes conventionnelles de recrutement ne donnent pas de r\u00e9sultats satisfaisants, ImpactUp emploie les grands moyens en mettant \u00e0 la disposition de ses clients des consultants recruteurs qui sont de redoutables chasseurs de t\u00eates.<\/p>\n<p>Ces derniers vont entre autres prospecter chez les entreprises concurrentes afin de voir s\u2019il y a des profils int\u00e9ressants qui sont ouverts \u00e0 de nouvelles perspectives de carri\u00e8re.<\/p>\n<h2>Recrutement de directeur commercial\u00a0: quels sont les avantages de la chasse de t\u00eate\u00a0?<\/h2>\n<p>La chasse de t\u00eate est une mission d\u00e9licate et strat\u00e9gique, malgr\u00e9 la connotation agressive souvent associ\u00e9e \u00e0 cette expression.<\/p>\n<p>Un chasseur de t\u00eates sp\u00e9cialis\u00e9 dans le <a href=\"https:\/\/impactup.com\/glossaire\/recrutement-commercial\"><strong>recrutement<\/strong> <strong>de directeur<\/strong> <strong>marketing<\/strong><\/a> reste avant tout un prestataire externalis\u00e9, offrant son accompagnement \u00e0 toutes les entreprises.<\/p>\n<p>Ces derni\u00e8res font appel \u00e0 ses services parce qu\u2019elles ne disposent pas de service RH en interne ou qu\u2019elles ne parviennent pas \u00e0 trouver les profils les mieux adapt\u00e9s aux postes \u00e0 pourvoir.<\/p>\n<p>Les avantages de recourir aux services d\u2019un cabinet de chasse de t\u00eate comme ImpactUp sont nombreux\u00a0:<\/p>\n<ul>\n<li>Un recrutement simplifi\u00e9<\/li>\n<\/ul>\n<p>La plupart des candidats potentiels ne cherchent plus un emploi, d\u2019o\u00f9 les difficult\u00e9s de recrutement pour les profils en forte demande ou sp\u00e9cialis\u00e9s. Le chasseur de t\u00eates se sp\u00e9cialise souvent dans des domaines pr\u00e9cis comme les fonctions commerciales et marketing, la gestion, l\u2019ing\u00e9nierie, etc. Ainsi, il conna\u00eet aussi bien les besoins et attentes des candidats que ceux des entreprises. Il peut aussi prodiguer des conseils sur le march\u00e9, les conditions de travail ad\u00e9quates pour attirer les meilleurs candidats, etc.<\/p>\n<ul>\n<li>Un recrutement discret<\/li>\n<\/ul>\n<p>Dans certains cas, le recrutement d\u2019un nouveau collaborateur est li\u00e9 \u00e0 la mise en place d\u2019un nouveau produit ou service. Ainsi, utiliser les canaux classiques de recrutement peut \u00e9veiller les soup\u00e7ons des concurrents qui r\u00e9alisent une veille concurrentielle et strat\u00e9gique. Un cabinet de chasse de t\u00eate est quant \u00e0 lui soumis aux clauses de confidentialit\u00e9. Ainsi, il ne r\u00e9v\u00e8le pas l\u2019identit\u00e9 de l\u2019entreprise qui recrute pendant les \u00e9tapes pr\u00e9liminaires pour ne pas mettre en p\u00e9ril les plans de croissance de son client.<\/p>\n<ul>\n<li>Un acc\u00e8s instantan\u00e9 \u00e0 un r\u00e9seau de candidats pertinent<\/li>\n<\/ul>\n<p>Une agence de chasse de t\u00eate dispose d\u2019un r\u00e9seau bien constitu\u00e9, mis \u00e0 jour r\u00e9guli\u00e8rement et disponible \u00e0 tout moment. Ainsi, elle sera en mesure de vous trouver le bon candidat dans les plus brefs d\u00e9lais. Bien \u00e9videmment, il s\u2019assurera que les qualifications et l\u2019exp\u00e9rience du candidat conviennent aux exigences du poste.<\/p>\n<ul>\n<li>Une garantie de remplacement<\/li>\n<\/ul>\n<p>La plupart des cabinets de recrutement qui utilisent l\u2019approche directe proposent une garantie de remplacement au cas o\u00f9 le candidat embauch\u00e9 quitte trop rapidement son nouveau poste ou si ses r\u00e9elles comp\u00e9tences ne sont pas en ad\u00e9quation avec les exigences du travail.<\/p>\n<p>Alors, comment savoir si le cabinet chasseur de t\u00eate vous correspond\u00a0? Pour le savoir, il est n\u00e9cessaire de prendre le temps d\u2019\u00e9changer avec le consultant en charge de votre projet. Il doit vous rassurer par rapport \u00e0 sa capacit\u00e9 \u00e0 vous accompagner, \u00e0 cerner vos besoins et les valeurs de votre entreprise.<\/p>\n<p>Il est tout aussi important de se renseigner sur la technique d\u2019approche utilis\u00e9e par le consultant afin de savoir s\u2019il est en mesure de g\u00e9rer le recrutement dans les meilleures conditions. Il doit \u00eatre en mesure d\u2019aller jusqu\u2019au bout du processus et dans les meilleurs d\u00e9lais.<\/p>\n<p>Enfin, il doit conna\u00eetre votre m\u00e9tier. En d\u2019autres termes, il doit \u00eatre sp\u00e9cialis\u00e9 dans votre secteur d\u2019activit\u00e9, sans quoi il ne lui sera pas possible de valider le profil que vous recherchez.<\/p>\n<h2>ImpactUp, un accompagnement sur mesure pour les candidats<\/h2>\n<p>Tout comme la difficult\u00e9 des entreprises \u00e0 d\u00e9nicher les meilleurs profils pour des postes de cadre ou de responsable, il peut \u00eatre compliqu\u00e9 pour les candidats de se d\u00e9marquer et de surpasser la concurrence.<\/p>\n<p>C\u2019est pour cette raison qu\u2019ImpactUp a \u00e9tabli un programme visant \u00e0 les accompagner et les aider dans toutes les d\u00e9marches de recrutement allant de la r\u00e9daction du CV, en passant par les diff\u00e9rents tests d\u2019\u00e9valuation et de personnalit\u00e9 jusqu\u2019\u00e0 la pr\u00e9paration de l\u2019entretien d\u2019embauche.<\/p>\n<p>Les candidats pourront \u00e9galement profiter de notre expertise et de nos conseils avis\u00e9s afin de booster leur chance d\u2019\u00eatre embauch\u00e9 et de progresser rapidement dans leur carri\u00e8re.<\/p>\n<p>Par ailleurs, nous avons d\u00e9ploy\u00e9 un large \u00e9ventail de services pour r\u00e9pondre aux attentes de nos clients\u00a0:<\/p>\n<ul>\n<li>Un service en ligne SaaS mis en place en partenariat avec Pipplet et permettant d\u2019\u00e9valuer les comp\u00e9tences dans une langue \u00e9trang\u00e8re du candidat.<\/li>\n<li>Une plateforme d\u2019\u00e9valuation comportant 4 gammes d\u2019outils,\u00a0dont TalentRelation\u00ae, TalentBusiness\u00ae, TalentAttitude\u00ae et TalentInitial\u00ae.<\/li>\n<\/ul>\n<p>Peu importe votre sp\u00e9cialit\u00e9 et votre secteur d\u2019activit\u00e9, notre cabinet de <strong>recrutement<\/strong> de <strong>directeur marketing<\/strong> est \u00e0 l\u2019\u00e9coute de vos besoins afin de vous aider \u00e0 trouver le profil id\u00e9al qui pilotera l\u2019expansion de votre activit\u00e9. Un candidat de valeur qui sera en mesure de contribuer \u00e0 l\u2019augmentation de vos parts de march\u00e9.<\/p>\n<h2>ImpactUp\u00a0: nos autres prestations<\/h2>\n<p>Les domaines d\u2019activit\u00e9s d\u2019<a href=\"https:\/\/impactup.com\"><strong>ImpactUp<\/strong><\/a> ne se r\u00e9sument toutefois pas \u00e0 l\u2019accompagnement et au conseil des entreprises pour le <strong>recrutement <\/strong>de leur <strong>directeur marketing<\/strong> et autres collaborateurs pour les fonctions commerciales, vente et marketing.<\/p>\n<p>Nous proposons \u00e9galement aux responsables des ressources humaines et aux dirigeants des petites structures ne disposant pas de ce d\u00e9partement des formations, mais \u00e9galement aux \u00e9quipes op\u00e9rationnelles, des formations (modules anim\u00e9s par nos consultants sp\u00e9cialis\u00e9s) pour am\u00e9liorer leurs comp\u00e9tences en management RH, en recrutement et en style comportemental.<\/p>\n<p>Nous nous adressons \u00e9galement aux personnes \u00e0 la recherche d\u2019un poste dans les domaines du commerce, de la vente et du marketing. Ces derni\u00e8res pourront trouver des offres d\u2019emploi pouvant les int\u00e9resser sur notre site.<\/p>\n<p>Nous pouvons bien entendu vous apporter conseil et accompagnement dans le processus d\u2019embauche si votre candidature est retenue. Pour en savoir plus sur nos formations et nos offres d\u2019emploi, vous pouvez nous contacter directement sur notre site.<\/p>\n<\/section>\n<p>[\/vc_column_text][\/vc_column][\/vc_row]<\/p>\n<\/div>","protected":false},"excerpt":{"rendered":"<p>[vc_row][vc_column width=&#8221;1\/3&#8243;][vc_btn title=&#8221;Voir notre offre&#8221; color=&#8221;secondarycolor&#8221; align=&#8221;center&#8221; css=&#8221;&#8221; link=&#8221;url:https%3A%2F%2Fimpactup.com%2Frecrutement%2F&#8221;][\/vc_column][vc_column width=&#8221;1\/3&#8243;][vc_btn title=&#8221;Confiez-nous votre projet&#8221; color=&#8221;secondarycolor&#8221; align=&#8221;center&#8221; css=&#8221;&#8221; link=&#8221;url:https%3A%2F%2Fimpactup.com%2Fetude-personnalisee%2F&#8221;][\/vc_column][vc_column width=&#8221;1\/3&#8243;][vc_btn title=&#8221;Contactez-nous&#8221; color=&#8221;secondarycolor&#8221; align=&#8221;center&#8221; css=&#8221;&#8221; link=&#8221;url:https%3A%2F%2Fimpactup.com%2Fcontact%2F&#8221;][\/vc_column][\/vc_row][vc_row css=&#8221;.vc_custom_1717658386032{padding-top: 40px !important;padding-bottom: 20px !important;}&#8221;][vc_column][vc_column_text css=&#8221;&#8221;] ImpactUp, un cabinet de r\u00e9f\u00e9rence pour le recrutement de directeur marketing Le recrutement d\u2019un directeur marketing demande une pr\u00e9paration minutieuse. Si votre entreprise ne dispose pas [&hellip;]<\/p>\n","protected":false},"author":4,"featured_media":0,"parent":17218,"menu_order":0,"comment_status":"closed","ping_status":"closed","template":"","meta":{"_monsterinsights_skip_tracking":false,"_monsterinsights_sitenote_active":false,"_monsterinsights_sitenote_note":"","_monsterinsights_sitenote_category":0,"footnotes":""},"class_list":["post-25861","page","type-page","status-publish","hentry"],"yoast_head":"<!-- This site is optimized with the Yoast SEO plugin v27.0 - https:\/\/yoast.com\/product\/yoast-seo-wordpress\/ -->\n<title>Adressez-vous \u00e0 ImpactUp pour le recrutement de directeur marketing<\/title>\n<meta name=\"description\" content=\"Il convient de confier le recrutement de votre directeur marketing \u00e0 un expert. ImpactUp est un cabinet de recrutement sp\u00e9cialis\u00e9 dans les fonctions strat\u00e9giques, comme celui de directeur marketing.\" \/>\n<meta name=\"robots\" content=\"index, follow, max-snippet:-1, max-image-preview:large, max-video-preview:-1\" \/>\n<link rel=\"canonical\" href=\"https:\/\/impactup.com\/en\/glossaire\/recrutement-directeur-marketing\/\" \/>\n<meta property=\"og:locale\" content=\"en_US\" \/>\n<meta property=\"og:type\" content=\"article\" \/>\n<meta property=\"og:title\" content=\"Adressez-vous \u00e0 ImpactUp pour le recrutement de directeur marketing\" \/>\n<meta property=\"og:description\" content=\"Il convient de confier le recrutement de votre directeur marketing \u00e0 un expert. ImpactUp est un cabinet de recrutement sp\u00e9cialis\u00e9 dans les fonctions strat\u00e9giques, comme celui de directeur marketing.\" \/>\n<meta property=\"og:url\" content=\"https:\/\/impactup.com\/en\/glossaire\/recrutement-directeur-marketing\/\" \/>\n<meta property=\"og:site_name\" content=\"ImpactUp\" \/>\n<meta property=\"article:modified_time\" content=\"2024-06-11T12:28:56+00:00\" \/>\n<meta property=\"og:image\" content=\"https:\/\/impactup.com\/wp-content\/uploads\/2021\/01\/og.jpg\" \/>\n\t<meta property=\"og:image:width\" content=\"1067\" \/>\n\t<meta property=\"og:image:height\" content=\"600\" \/>\n\t<meta property=\"og:image:type\" content=\"image\/jpeg\" \/>\n<meta name=\"twitter:card\" content=\"summary_large_image\" \/>\n<meta name=\"twitter:label1\" content=\"Est. reading time\" \/>\n\t<meta name=\"twitter:data1\" content=\"9 minutes\" \/>\n<script type=\"application\/ld+json\" class=\"yoast-schema-graph\">{\"@context\":\"https:\/\/schema.org\",\"@graph\":[{\"@type\":\"WebPage\",\"@id\":\"https:\/\/impactup.com\/en\/glossaire\/recrutement-directeur-marketing\/\",\"url\":\"https:\/\/impactup.com\/en\/glossaire\/recrutement-directeur-marketing\/\",\"name\":\"Adressez-vous \u00e0 ImpactUp pour le recrutement de directeur marketing\",\"isPartOf\":{\"@id\":\"https:\/\/impactup.com\/en\/#website\"},\"datePublished\":\"2024-06-07T12:15:01+00:00\",\"dateModified\":\"2024-06-11T12:28:56+00:00\",\"description\":\"Il convient de confier le recrutement de votre directeur marketing \u00e0 un expert. ImpactUp est un cabinet de recrutement sp\u00e9cialis\u00e9 dans les fonctions strat\u00e9giques, comme celui de directeur marketing.\",\"breadcrumb\":{\"@id\":\"https:\/\/impactup.com\/en\/glossaire\/recrutement-directeur-marketing\/#breadcrumb\"},\"inLanguage\":\"en-US\",\"potentialAction\":[{\"@type\":\"ReadAction\",\"target\":[\"https:\/\/impactup.com\/en\/glossaire\/recrutement-directeur-marketing\/\"]}]},{\"@type\":\"BreadcrumbList\",\"@id\":\"https:\/\/impactup.com\/en\/glossaire\/recrutement-directeur-marketing\/#breadcrumb\",\"itemListElement\":[{\"@type\":\"ListItem\",\"position\":1,\"name\":\"Accueil\",\"item\":\"https:\/\/impactup.com\/en\/\"},{\"@type\":\"ListItem\",\"position\":2,\"name\":\"Glossaire\",\"item\":\"https:\/\/impactup.com\/en\/glossaire\/\"},{\"@type\":\"ListItem\",\"position\":3,\"name\":\"ImpactUp, un cabinet de r\u00e9f\u00e9rence pour le recrutement de directeur marketing\"}]},{\"@type\":\"WebSite\",\"@id\":\"https:\/\/impactup.com\/en\/#website\",\"url\":\"https:\/\/impactup.com\/en\/\",\"name\":\"ImpactUp\",\"description\":\"Recrutement commerciaux, directions commerciales et fonctions marketing\",\"potentialAction\":[{\"@type\":\"SearchAction\",\"target\":{\"@type\":\"EntryPoint\",\"urlTemplate\":\"https:\/\/impactup.com\/en\/?s={search_term_string}\"},\"query-input\":{\"@type\":\"PropertyValueSpecification\",\"valueRequired\":true,\"valueName\":\"search_term_string\"}}],\"inLanguage\":\"en-US\"}]}<\/script>\n<!-- \/ Yoast SEO plugin. -->","yoast_head_json":{"title":"Adressez-vous \u00e0 ImpactUp pour le recrutement de directeur marketing","description":"Il convient de confier le recrutement de votre directeur marketing \u00e0 un expert. ImpactUp est un cabinet de recrutement sp\u00e9cialis\u00e9 dans les fonctions strat\u00e9giques, comme celui de directeur marketing.","robots":{"index":"index","follow":"follow","max-snippet":"max-snippet:-1","max-image-preview":"max-image-preview:large","max-video-preview":"max-video-preview:-1"},"canonical":"https:\/\/impactup.com\/en\/glossaire\/recrutement-directeur-marketing\/","og_locale":"en_US","og_type":"article","og_title":"Adressez-vous \u00e0 ImpactUp pour le recrutement de directeur marketing","og_description":"Il convient de confier le recrutement de votre directeur marketing \u00e0 un expert. ImpactUp est un cabinet de recrutement sp\u00e9cialis\u00e9 dans les fonctions strat\u00e9giques, comme celui de directeur marketing.","og_url":"https:\/\/impactup.com\/en\/glossaire\/recrutement-directeur-marketing\/","og_site_name":"ImpactUp","article_modified_time":"2024-06-11T12:28:56+00:00","og_image":[{"width":1067,"height":600,"url":"https:\/\/impactup.com\/wp-content\/uploads\/2021\/01\/og.jpg","type":"image\/jpeg"}],"twitter_card":"summary_large_image","twitter_misc":{"Est. reading time":"9 minutes"},"schema":{"@context":"https:\/\/schema.org","@graph":[{"@type":"WebPage","@id":"https:\/\/impactup.com\/en\/glossaire\/recrutement-directeur-marketing\/","url":"https:\/\/impactup.com\/en\/glossaire\/recrutement-directeur-marketing\/","name":"Adressez-vous \u00e0 ImpactUp pour le recrutement de directeur marketing","isPartOf":{"@id":"https:\/\/impactup.com\/en\/#website"},"datePublished":"2024-06-07T12:15:01+00:00","dateModified":"2024-06-11T12:28:56+00:00","description":"Il convient de confier le recrutement de votre directeur marketing \u00e0 un expert. ImpactUp est un cabinet de recrutement sp\u00e9cialis\u00e9 dans les fonctions strat\u00e9giques, comme celui de directeur marketing.","breadcrumb":{"@id":"https:\/\/impactup.com\/en\/glossaire\/recrutement-directeur-marketing\/#breadcrumb"},"inLanguage":"en-US","potentialAction":[{"@type":"ReadAction","target":["https:\/\/impactup.com\/en\/glossaire\/recrutement-directeur-marketing\/"]}]},{"@type":"BreadcrumbList","@id":"https:\/\/impactup.com\/en\/glossaire\/recrutement-directeur-marketing\/#breadcrumb","itemListElement":[{"@type":"ListItem","position":1,"name":"Accueil","item":"https:\/\/impactup.com\/en\/"},{"@type":"ListItem","position":2,"name":"Glossaire","item":"https:\/\/impactup.com\/en\/glossaire\/"},{"@type":"ListItem","position":3,"name":"ImpactUp, un cabinet de r\u00e9f\u00e9rence pour le recrutement de directeur marketing"}]},{"@type":"WebSite","@id":"https:\/\/impactup.com\/en\/#website","url":"https:\/\/impactup.com\/en\/","name":"ImpactUp","description":"Recrutement commerciaux, directions commerciales et fonctions marketing","potentialAction":[{"@type":"SearchAction","target":{"@type":"EntryPoint","urlTemplate":"https:\/\/impactup.com\/en\/?s={search_term_string}"},"query-input":{"@type":"PropertyValueSpecification","valueRequired":true,"valueName":"search_term_string"}}],"inLanguage":"en-US"}]}},"_links":{"self":[{"href":"https:\/\/impactup.com\/en\/wp-json\/wp\/v2\/pages\/25861","targetHints":{"allow":["GET"]}}],"collection":[{"href":"https:\/\/impactup.com\/en\/wp-json\/wp\/v2\/pages"}],"about":[{"href":"https:\/\/impactup.com\/en\/wp-json\/wp\/v2\/types\/page"}],"author":[{"embeddable":true,"href":"https:\/\/impactup.com\/en\/wp-json\/wp\/v2\/users\/4"}],"replies":[{"embeddable":true,"href":"https:\/\/impactup.com\/en\/wp-json\/wp\/v2\/comments?post=25861"}],"version-history":[{"count":4,"href":"https:\/\/impactup.com\/en\/wp-json\/wp\/v2\/pages\/25861\/revisions"}],"predecessor-version":[{"id":26394,"href":"https:\/\/impactup.com\/en\/wp-json\/wp\/v2\/pages\/25861\/revisions\/26394"}],"up":[{"embeddable":true,"href":"https:\/\/impactup.com\/en\/wp-json\/wp\/v2\/pages\/17218"}],"wp:attachment":[{"href":"https:\/\/impactup.com\/en\/wp-json\/wp\/v2\/media?parent=25861"}],"curies":[{"name":"wp","href":"https:\/\/api.w.org\/{rel}","templated":true}]}}