{"id":25851,"date":"2024-06-07T14:02:28","date_gmt":"2024-06-07T12:02:28","guid":{"rendered":"https:\/\/impactup.niou.dev\/?page_id=25851"},"modified":"2024-06-07T16:55:53","modified_gmt":"2024-06-07T14:55:53","slug":"recrutement-marketing-digital","status":"publish","type":"page","link":"https:\/\/impactup.com\/en\/glossaire\/recrutement-marketing-digital\/","title":{"rendered":"Un sp\u00e9cialiste pour r\u00e9ussir tout projet de recrutement dans le marketing digital"},"content":{"rendered":"<div class=\"wpb-content-wrapper\"><p>[vc_row][vc_column width=&#8221;1\/3&#8243;][vc_btn title=&#8221;Voir notre offre&#8221; color=&#8221;secondarycolor&#8221; align=&#8221;center&#8221; css=&#8221;&#8221; link=&#8221;url:https%3A%2F%2Fimpactup.com%2Frecrutement%2F&#8221;][\/vc_column][vc_column width=&#8221;1\/3&#8243;][vc_btn title=&#8221;Confiez-nous votre projet&#8221; color=&#8221;secondarycolor&#8221; align=&#8221;center&#8221; css=&#8221;&#8221; link=&#8221;url:https%3A%2F%2Fimpactup.com%2Fetude-personnalisee%2F&#8221;][\/vc_column][vc_column width=&#8221;1\/3&#8243;][vc_btn title=&#8221;Contactez-nous&#8221; color=&#8221;secondarycolor&#8221; align=&#8221;center&#8221; css=&#8221;&#8221; link=&#8221;url:https%3A%2F%2Fimpactup.com%2Fcontact%2F&#8221;][\/vc_column][\/vc_row][vc_row css=&#8221;.vc_custom_1717658386032{padding-top: 40px !important;padding-bottom: 20px !important;}&#8221;][vc_column][vc_column_text css=&#8221;&#8221;]<\/p>\n<section style=\"text-align: justify;\">\n<h2>Un sp\u00e9cialiste pour r\u00e9ussir tout projet de recrutement dans le marketing digital<\/h2>\n<p>Dans un monde de plus en plus num\u00e9rique, le <a href=\"https:\/\/impactup.com\/glossaire\/recrutement-business-developer-digital\"><strong>recrutement de talents dans le domaine du marketing digital<\/strong><\/a> est devenu une priorit\u00e9 pour de nombreuses entreprises. Faire appel \u00e0 un cabinet de recrutement sp\u00e9cialis\u00e9 offre une solution strat\u00e9gique pour identifier et attirer les professionnels les plus qualifi\u00e9s dans ce domaine en plein essor. ImpactUp est un cabinet sp\u00e9cialis\u00e9 dans les profils commerciaux, incluant les talents en marketing digital.<\/p>\n<\/section>\n<p>[\/vc_column_text][\/vc_column][\/vc_row][vc_row][vc_column width=&#8221;1\/3&#8243;][vc_btn title=&#8221;Voir notre offre&#8221; color=&#8221;secondarycolor&#8221; align=&#8221;center&#8221; css=&#8221;&#8221; link=&#8221;url:https%3A%2F%2Fimpactup.com%2Frecrutement%2F&#8221;][\/vc_column][vc_column width=&#8221;1\/3&#8243;][vc_btn title=&#8221;Confiez-nous votre projet&#8221; color=&#8221;secondarycolor&#8221; align=&#8221;center&#8221; css=&#8221;&#8221; link=&#8221;url:https%3A%2F%2Fimpactup.com%2Fetude-personnalisee%2F&#8221;][\/vc_column][vc_column width=&#8221;1\/3&#8243;][vc_btn title=&#8221;Contactez-nous&#8221; color=&#8221;secondarycolor&#8221; align=&#8221;center&#8221; css=&#8221;&#8221; link=&#8221;url:https%3A%2F%2Fimpactup.com%2Fcontact%2F&#8221;][\/vc_column][\/vc_row][vc_row css=&#8221;.vc_custom_1717658445522{padding-top: 40px !important;}&#8221;][vc_column][vc_column_text css=&#8221;&#8221;]<\/p>\n<section style=\"text-align: justify;\">\n<h2>Les enjeux du marketing digital dans la strat\u00e9gie d\u2019entreprise<\/h2>\n<p>Le marketing digital repr\u00e9sente aujourd\u2019hui un domaine incontournable pour d\u00e9velopper le chiffre d\u2019affaires d\u2019une entreprise, \u00e9tendre les parts de march\u00e9 et tenir face \u00e0 la concurrence.<\/p>\n<p>Il consiste \u00e0 user des canaux num\u00e9riques pour contribuer \u00e0 l\u2019atteinte des objectifs commerciaux d\u2019une soci\u00e9t\u00e9, en activant tous les maillons n\u00e9cessaires.<\/p>\n<p>La mise en place et l\u2019ex\u00e9cution d\u2019une strat\u00e9gie de marketing digital requiert l\u2019intervention de plusieurs sp\u00e9cialistes, dont\u00a0:<\/p>\n<ul>\n<li>Le SEO manager et le r\u00e9dacteur web qui se chargent d\u2019optimiser la visibilit\u00e9 de l\u2019entreprise sur les moteurs de recherche afin d\u2019amener du trafic qualifi\u00e9\u00a0;<\/li>\n<li>Le community manager g\u00e8re l\u2019interaction avec les cibles \u00e0 travers les r\u00e9seaux sociaux, afin de d\u00e9velopper une communaut\u00e9 active\u00a0;<\/li>\n<li>Le traffic manager qui pilote les diff\u00e9rentes campagnes de publicit\u00e9 en ligne, adwords, emailing ou de r\u00e9f\u00e9rencement.<\/li>\n<\/ul>\n<p>La coordination de ces activit\u00e9s permet de s\u00e9duire de nouveaux consommateurs, de fid\u00e9liser la client\u00e8le existante et de remplir les objectifs de vente de l\u2019entreprise. En effet, le marketing digital repr\u00e9sente un moyen privil\u00e9gi\u00e9 de promouvoir les offres d\u2019une marque, de vendre des produits et services, et d\u2019interagir avec les cibles afin d\u2019optimiser la strat\u00e9gie commerciale de l\u2019entreprise.<\/p>\n<p>Compte tenu de l\u2019enjeu capital que repr\u00e9sente le num\u00e9rique aujourd\u2019hui, la majorit\u00e9 des soci\u00e9t\u00e9s choisissent d\u2019int\u00e9grer des talents en interne pour optimiser leur strat\u00e9gie digitale.<\/p>\n<p>Toutefois, les responsables RH ont souvent du mal \u00e0 cibler les meilleurs talents en la mati\u00e8re, par manque de connaissances concernant le domaine num\u00e9rique toujours \u00e9volutif, et en raison d\u2019une forte concurrence entre les entreprises qui souhaitent embaucher.<\/p>\n<p>Il est donc fortement recommand\u00e9 de confier le <a href=\"https:\/\/impactup.com\/glossaire\/recrutement-sales-digital\"><strong>recrutement<\/strong><\/a> de vos futurs collaborateurs <a href=\"https:\/\/impactup.com\/glossaire\/recrutement-sales-digital\"><strong>marketing digital<\/strong><\/a> \u00e0 un cabinet sp\u00e9cialis\u00e9. ImpactUp, expert en recrutement des fonctions commerciales, vous accompagne dans le processus de recrutement.<\/p>\n<h2>Pourquoi externaliser le recrutement de talents marketing digital\u00a0?<\/h2>\n<p>Confier le recrutement de talents en marketing digital \u00e0 un cabinet sp\u00e9cialis\u00e9 pr\u00e9sente plusieurs avantages pour les entreprises. Tout d\u2019abord, celui-ci poss\u00e8de une expertise approfondie dans ce domaine, ce qui lui permet de comprendre pr\u00e9cis\u00e9ment les comp\u00e9tences et les qualit\u00e9s recherch\u00e9es chez les candidats.<\/p>\n<p>De plus, un cabinet sp\u00e9cialis\u00e9 dispose souvent d\u2019un vaste r\u00e9seau de professionnels du marketing digital, y compris des candidats passifs qui ne sont pas activement \u00e0 la recherche d\u2019un emploi. Cela \u00e9largit consid\u00e9rablement le bassin de talents accessibles et augmente les chances de trouver des \u00e9l\u00e9ments \u00a0hautement qualifi\u00e9s et exp\u00e9riment\u00e9s.<\/p>\n<p>En externalisant le recrutement, les entreprises peuvent \u00e9galement gagner du temps et des ressources. Les recruteurs se chargent de toutes les \u00e9tapes du processus, ce qui leur permet \u00a0de se concentrer sur leurs activit\u00e9s principales.<\/p>\n<p>Enfin, un cabinet sp\u00e9cialis\u00e9 offre une expertise en mati\u00e8re d\u2019\u00e9valuation des candidats. Il est en mesure de mener des entretiens approfondis et d\u2019\u00e9valuer les comp\u00e9tences et l\u2019exp\u00e9rience de ces derniers de mani\u00e8re objective, garantissant ainsi que seuls les meilleurs talents sont pris\u00a0 en \u00a0consid\u00e9ration.<\/p>\n<h2>Recrutement de talents marketing digital\u00a0: la prestation d\u2019ImpactUp<\/h2>\n<p>Comme toute fonction commerciale, les m\u00e9tiers de <a href=\"https:\/\/impactup.com\/glossaire\/chasseur-de-t%C3%AAte\"><strong>marketing digital<\/strong><\/a> repr\u00e9sentent un enjeu important pour la r\u00e9ussite de votre strat\u00e9gie de vente.<\/p>\n<p>Le <a href=\"https:\/\/impactup.com\/glossaire\/chasseur-de-t%C3%AAte\"><strong>recrutement<\/strong><\/a> de nouveaux prospects, la fid\u00e9lisation des clients existants, la promotion de l\u2019image de l\u2019entreprise et la mise en place d\u2019offres pertinentes et rentables\u00a0: ces op\u00e9rations reposent en grande partie sur le talent de vos commerciaux. Et dans le secteur digital, il est tr\u00e8s important de s\u00e9duire des profils comp\u00e9tents et talentueux pour atteindre vos objectifs.<\/p>\n<p><a href=\"https:\/\/impactup.com\"><strong>ImpactUp<\/strong><\/a> se donne pour mission de trouver les profils capables d\u2019apporter de la valeur au sein de votre entreprise, et qui vous aideront \u00e0 augmenter vos parts de march\u00e9.<\/p>\n<p>Pour ce faire, nous assurons toutes les \u00e9tapes n\u00e9cessaires pour la recherche de vos futurs collaborateurs\u00a0:<\/p>\n<ul>\n<li>D\u00e9finition de la fiche de poste\u00a0;<\/li>\n<li>R\u00e9daction des documents n\u00e9cessaires, dont l\u2019offre d\u2019emploi\u00a0;<\/li>\n<li>Diffusion de l\u2019annonce sur les plateformes les plus efficaces\u00a0;<\/li>\n<li>S\u00e9lection des CV\u00a0;<\/li>\n<li>Conduite des tests et entretiens\u00a0;<\/li>\n<li>\u00c9tablissement d\u2019un short list avec une s\u00e9lection de candidats \u00e0 pr\u00e9senter \u00e0 notre client, et nos dossiers de recommandations\u00a0;<\/li>\n<li>Suivi de l\u2019int\u00e9gration du candidat apr\u00e8s l\u2019embauche.<\/li>\n<\/ul>\n<\/section>\n<p>[\/vc_column_text][\/vc_column][\/vc_row]<\/p>\n<\/div>","protected":false},"excerpt":{"rendered":"<p>[vc_row][vc_column width=&#8221;1\/3&#8243;][vc_btn title=&#8221;Voir notre offre&#8221; color=&#8221;secondarycolor&#8221; align=&#8221;center&#8221; css=&#8221;&#8221; link=&#8221;url:https%3A%2F%2Fimpactup.com%2Frecrutement%2F&#8221;][\/vc_column][vc_column width=&#8221;1\/3&#8243;][vc_btn title=&#8221;Confiez-nous votre projet&#8221; color=&#8221;secondarycolor&#8221; align=&#8221;center&#8221; css=&#8221;&#8221; link=&#8221;url:https%3A%2F%2Fimpactup.com%2Fetude-personnalisee%2F&#8221;][\/vc_column][vc_column width=&#8221;1\/3&#8243;][vc_btn title=&#8221;Contactez-nous&#8221; color=&#8221;secondarycolor&#8221; align=&#8221;center&#8221; css=&#8221;&#8221; link=&#8221;url:https%3A%2F%2Fimpactup.com%2Fcontact%2F&#8221;][\/vc_column][\/vc_row][vc_row css=&#8221;.vc_custom_1717658386032{padding-top: 40px !important;padding-bottom: 20px !important;}&#8221;][vc_column][vc_column_text css=&#8221;&#8221;] Un sp\u00e9cialiste pour r\u00e9ussir tout projet de recrutement dans le marketing digital Dans un monde de plus en plus num\u00e9rique, le recrutement de talents dans le [&hellip;]<\/p>\n","protected":false},"author":4,"featured_media":0,"parent":17218,"menu_order":0,"comment_status":"closed","ping_status":"closed","template":"","meta":{"_monsterinsights_skip_tracking":false,"_monsterinsights_sitenote_active":false,"_monsterinsights_sitenote_note":"","_monsterinsights_sitenote_category":0,"footnotes":""},"class_list":["post-25851","page","type-page","status-publish","hentry"],"yoast_head":"<!-- This site is optimized with the Yoast SEO plugin v27.0 - https:\/\/yoast.com\/product\/yoast-seo-wordpress\/ -->\n<title>Recrutement marketing digital - Sp\u00e9cialiste du recrutement de talents marketing digital<\/title>\n<meta name=\"description\" content=\"Confiez le recrutement de vos profils marketing digital \u00e0 un cabinet sp\u00e9cialis\u00e9. ImpactUp est un cabinet de recrutement qui peut vous d\u00e9nicher les meilleurs talents en marketing digital.\" \/>\n<meta name=\"robots\" content=\"index, follow, max-snippet:-1, max-image-preview:large, max-video-preview:-1\" \/>\n<link rel=\"canonical\" href=\"https:\/\/impactup.com\/en\/glossaire\/recrutement-marketing-digital\/\" \/>\n<meta property=\"og:locale\" content=\"en_US\" \/>\n<meta property=\"og:type\" content=\"article\" \/>\n<meta property=\"og:title\" content=\"Recrutement marketing digital - Sp\u00e9cialiste du recrutement de talents marketing digital\" \/>\n<meta property=\"og:description\" content=\"Confiez le recrutement de vos profils marketing digital \u00e0 un cabinet sp\u00e9cialis\u00e9. ImpactUp est un cabinet de recrutement qui peut vous d\u00e9nicher les meilleurs talents en marketing digital.\" \/>\n<meta property=\"og:url\" content=\"https:\/\/impactup.com\/en\/glossaire\/recrutement-marketing-digital\/\" \/>\n<meta property=\"og:site_name\" content=\"ImpactUp\" \/>\n<meta property=\"article:modified_time\" content=\"2024-06-07T14:55:53+00:00\" \/>\n<meta property=\"og:image\" content=\"https:\/\/impactup.com\/wp-content\/uploads\/2021\/01\/og.jpg\" \/>\n\t<meta property=\"og:image:width\" content=\"1067\" \/>\n\t<meta property=\"og:image:height\" content=\"600\" \/>\n\t<meta property=\"og:image:type\" content=\"image\/jpeg\" \/>\n<meta name=\"twitter:card\" content=\"summary_large_image\" \/>\n<meta name=\"twitter:label1\" content=\"Est. reading time\" \/>\n\t<meta name=\"twitter:data1\" content=\"5 minutes\" \/>\n<script type=\"application\/ld+json\" class=\"yoast-schema-graph\">{\"@context\":\"https:\/\/schema.org\",\"@graph\":[{\"@type\":\"WebPage\",\"@id\":\"https:\/\/impactup.com\/en\/glossaire\/recrutement-marketing-digital\/\",\"url\":\"https:\/\/impactup.com\/en\/glossaire\/recrutement-marketing-digital\/\",\"name\":\"Recrutement marketing digital - Sp\u00e9cialiste du recrutement de talents marketing digital\",\"isPartOf\":{\"@id\":\"https:\/\/impactup.com\/en\/#website\"},\"datePublished\":\"2024-06-07T12:02:28+00:00\",\"dateModified\":\"2024-06-07T14:55:53+00:00\",\"description\":\"Confiez le recrutement de vos profils marketing digital \u00e0 un cabinet sp\u00e9cialis\u00e9. ImpactUp est un cabinet de recrutement qui peut vous d\u00e9nicher les meilleurs talents en marketing digital.\",\"breadcrumb\":{\"@id\":\"https:\/\/impactup.com\/en\/glossaire\/recrutement-marketing-digital\/#breadcrumb\"},\"inLanguage\":\"en-US\",\"potentialAction\":[{\"@type\":\"ReadAction\",\"target\":[\"https:\/\/impactup.com\/en\/glossaire\/recrutement-marketing-digital\/\"]}]},{\"@type\":\"BreadcrumbList\",\"@id\":\"https:\/\/impactup.com\/en\/glossaire\/recrutement-marketing-digital\/#breadcrumb\",\"itemListElement\":[{\"@type\":\"ListItem\",\"position\":1,\"name\":\"Accueil\",\"item\":\"https:\/\/impactup.com\/en\/\"},{\"@type\":\"ListItem\",\"position\":2,\"name\":\"Glossaire\",\"item\":\"https:\/\/impactup.com\/en\/glossaire\/\"},{\"@type\":\"ListItem\",\"position\":3,\"name\":\"Un sp\u00e9cialiste pour r\u00e9ussir tout projet de recrutement dans le marketing digital\"}]},{\"@type\":\"WebSite\",\"@id\":\"https:\/\/impactup.com\/en\/#website\",\"url\":\"https:\/\/impactup.com\/en\/\",\"name\":\"ImpactUp\",\"description\":\"Recrutement commerciaux, directions commerciales et fonctions marketing\",\"potentialAction\":[{\"@type\":\"SearchAction\",\"target\":{\"@type\":\"EntryPoint\",\"urlTemplate\":\"https:\/\/impactup.com\/en\/?s={search_term_string}\"},\"query-input\":{\"@type\":\"PropertyValueSpecification\",\"valueRequired\":true,\"valueName\":\"search_term_string\"}}],\"inLanguage\":\"en-US\"}]}<\/script>\n<!-- \/ Yoast SEO plugin. -->","yoast_head_json":{"title":"Recrutement marketing digital - Sp\u00e9cialiste du recrutement de talents marketing digital","description":"Confiez le recrutement de vos profils marketing digital \u00e0 un cabinet sp\u00e9cialis\u00e9. ImpactUp est un cabinet de recrutement qui peut vous d\u00e9nicher les meilleurs talents en marketing digital.","robots":{"index":"index","follow":"follow","max-snippet":"max-snippet:-1","max-image-preview":"max-image-preview:large","max-video-preview":"max-video-preview:-1"},"canonical":"https:\/\/impactup.com\/en\/glossaire\/recrutement-marketing-digital\/","og_locale":"en_US","og_type":"article","og_title":"Recrutement marketing digital - Sp\u00e9cialiste du recrutement de talents marketing digital","og_description":"Confiez le recrutement de vos profils marketing digital \u00e0 un cabinet sp\u00e9cialis\u00e9. ImpactUp est un cabinet de recrutement qui peut vous d\u00e9nicher les meilleurs talents en marketing digital.","og_url":"https:\/\/impactup.com\/en\/glossaire\/recrutement-marketing-digital\/","og_site_name":"ImpactUp","article_modified_time":"2024-06-07T14:55:53+00:00","og_image":[{"width":1067,"height":600,"url":"https:\/\/impactup.com\/wp-content\/uploads\/2021\/01\/og.jpg","type":"image\/jpeg"}],"twitter_card":"summary_large_image","twitter_misc":{"Est. reading time":"5 minutes"},"schema":{"@context":"https:\/\/schema.org","@graph":[{"@type":"WebPage","@id":"https:\/\/impactup.com\/en\/glossaire\/recrutement-marketing-digital\/","url":"https:\/\/impactup.com\/en\/glossaire\/recrutement-marketing-digital\/","name":"Recrutement marketing digital - Sp\u00e9cialiste du recrutement de talents marketing digital","isPartOf":{"@id":"https:\/\/impactup.com\/en\/#website"},"datePublished":"2024-06-07T12:02:28+00:00","dateModified":"2024-06-07T14:55:53+00:00","description":"Confiez le recrutement de vos profils marketing digital \u00e0 un cabinet sp\u00e9cialis\u00e9. ImpactUp est un cabinet de recrutement qui peut vous d\u00e9nicher les meilleurs talents en marketing digital.","breadcrumb":{"@id":"https:\/\/impactup.com\/en\/glossaire\/recrutement-marketing-digital\/#breadcrumb"},"inLanguage":"en-US","potentialAction":[{"@type":"ReadAction","target":["https:\/\/impactup.com\/en\/glossaire\/recrutement-marketing-digital\/"]}]},{"@type":"BreadcrumbList","@id":"https:\/\/impactup.com\/en\/glossaire\/recrutement-marketing-digital\/#breadcrumb","itemListElement":[{"@type":"ListItem","position":1,"name":"Accueil","item":"https:\/\/impactup.com\/en\/"},{"@type":"ListItem","position":2,"name":"Glossaire","item":"https:\/\/impactup.com\/en\/glossaire\/"},{"@type":"ListItem","position":3,"name":"Un sp\u00e9cialiste pour r\u00e9ussir tout projet de recrutement dans le marketing digital"}]},{"@type":"WebSite","@id":"https:\/\/impactup.com\/en\/#website","url":"https:\/\/impactup.com\/en\/","name":"ImpactUp","description":"Recrutement commerciaux, directions commerciales et fonctions marketing","potentialAction":[{"@type":"SearchAction","target":{"@type":"EntryPoint","urlTemplate":"https:\/\/impactup.com\/en\/?s={search_term_string}"},"query-input":{"@type":"PropertyValueSpecification","valueRequired":true,"valueName":"search_term_string"}}],"inLanguage":"en-US"}]}},"_links":{"self":[{"href":"https:\/\/impactup.com\/en\/wp-json\/wp\/v2\/pages\/25851","targetHints":{"allow":["GET"]}}],"collection":[{"href":"https:\/\/impactup.com\/en\/wp-json\/wp\/v2\/pages"}],"about":[{"href":"https:\/\/impactup.com\/en\/wp-json\/wp\/v2\/types\/page"}],"author":[{"embeddable":true,"href":"https:\/\/impactup.com\/en\/wp-json\/wp\/v2\/users\/4"}],"replies":[{"embeddable":true,"href":"https:\/\/impactup.com\/en\/wp-json\/wp\/v2\/comments?post=25851"}],"version-history":[{"count":2,"href":"https:\/\/impactup.com\/en\/wp-json\/wp\/v2\/pages\/25851\/revisions"}],"predecessor-version":[{"id":25858,"href":"https:\/\/impactup.com\/en\/wp-json\/wp\/v2\/pages\/25851\/revisions\/25858"}],"up":[{"embeddable":true,"href":"https:\/\/impactup.com\/en\/wp-json\/wp\/v2\/pages\/17218"}],"wp:attachment":[{"href":"https:\/\/impactup.com\/en\/wp-json\/wp\/v2\/media?parent=25851"}],"curies":[{"name":"wp","href":"https:\/\/api.w.org\/{rel}","templated":true}]}}