{"id":25836,"date":"2024-06-07T13:45:18","date_gmt":"2024-06-07T11:45:18","guid":{"rendered":"https:\/\/impactup.niou.dev\/?page_id=25836"},"modified":"2024-06-07T16:56:59","modified_gmt":"2024-06-07T14:56:59","slug":"recrutement-business-developer-digital","status":"publish","type":"page","link":"https:\/\/impactup.com\/en\/glossaire\/recrutement-business-developer-digital\/","title":{"rendered":"Recrutement de business developer digital avec l\u2019aide d\u2019un cabinet sp\u00e9cialis\u00e9"},"content":{"rendered":"<div class=\"wpb-content-wrapper\"><p>[vc_row][vc_column width=&#8221;1\/3&#8243;][vc_btn title=&#8221;Voir notre offre&#8221; color=&#8221;secondarycolor&#8221; align=&#8221;center&#8221; css=&#8221;&#8221; link=&#8221;url:https%3A%2F%2Fimpactup.com%2Frecrutement%2F&#8221;][\/vc_column][vc_column width=&#8221;1\/3&#8243;][vc_btn title=&#8221;Confiez-nous votre projet&#8221; color=&#8221;secondarycolor&#8221; align=&#8221;center&#8221; css=&#8221;&#8221; link=&#8221;url:https%3A%2F%2Fimpactup.com%2Fetude-personnalisee%2F&#8221;][\/vc_column][vc_column width=&#8221;1\/3&#8243;][vc_btn title=&#8221;Contactez-nous&#8221; color=&#8221;secondarycolor&#8221; align=&#8221;center&#8221; css=&#8221;&#8221; link=&#8221;url:https%3A%2F%2Fimpactup.com%2Fcontact%2F&#8221;][\/vc_column][\/vc_row][vc_row css=&#8221;.vc_custom_1717658386032{padding-top: 40px !important;padding-bottom: 20px !important;}&#8221;][vc_column][vc_column_text css=&#8221;&#8221;]<\/p>\n<section style=\"text-align: justify;\">\n<h2>Recrutement de business developer digital avec l\u2019aide d\u2019un cabinet sp\u00e9cialis\u00e9<\/h2>\n<p>Confier le<a href=\"https:\/\/impactup.com\/glossaire\/recrutement-marketing-digital\"><strong> recrutement<\/strong><\/a> de votre <a href=\"https:\/\/impactup.com\/glossaire\/recrutement-marketing-digital\"><strong>business developer digital<\/strong><\/a> \u00e0 une agence experte dans ce domaine repr\u00e9sente la meilleure solution si vous voulez assurer le succ\u00e8s de ce projet d\u00e9licat. Pr\u00e9sent \u00e0 Paris,\u00a0 Lille,\u00a0 Bordeaux,\u00a0 la Rochelle,\u00a0 Toulouse et \u00a0Lyon, <strong>ImpactUp<\/strong> est un cabinet de recrutement reconnu pour son efficacit\u00e9 dans la recherche de candidats de valeur pour les fonctions commerciales et marketing.<\/p>\n<\/section>\n<p>[\/vc_column_text][\/vc_column][\/vc_row][vc_row][vc_column width=&#8221;1\/3&#8243;][vc_btn title=&#8221;Voir notre offre&#8221; color=&#8221;secondarycolor&#8221; align=&#8221;center&#8221; css=&#8221;&#8221; link=&#8221;url:https%3A%2F%2Fimpactup.com%2Frecrutement%2F&#8221;][\/vc_column][vc_column width=&#8221;1\/3&#8243;][vc_btn title=&#8221;Confiez-nous votre projet&#8221; color=&#8221;secondarycolor&#8221; align=&#8221;center&#8221; css=&#8221;&#8221; link=&#8221;url:https%3A%2F%2Fimpactup.com%2Fetude-personnalisee%2F&#8221;][\/vc_column][vc_column width=&#8221;1\/3&#8243;][vc_btn title=&#8221;Contactez-nous&#8221; color=&#8221;secondarycolor&#8221; align=&#8221;center&#8221; css=&#8221;&#8221; link=&#8221;url:https%3A%2F%2Fimpactup.com%2Fcontact%2F&#8221;][\/vc_column][\/vc_row][vc_row css=&#8221;.vc_custom_1717658445522{padding-top: 40px !important;}&#8221;][vc_column][vc_column_text css=&#8221;&#8221;]<\/p>\n<section style=\"text-align: justify;\">\n<h2>Comment recruter un business developer digital\u00a0?<\/h2>\n<p>Dans un contexte \u00e9conomique fortement concurrentiel, les entreprises cherchent inlassablement \u00e0 int\u00e9grer les \u00e9l\u00e9ments \u00e0 fort potentiel, les profils \u00e0 m\u00eame d\u2019apporter de la valeur ajout\u00e9e \u00e0 leur comp\u00e9titivit\u00e9 et leur performance. Le business developer digital est au c\u0153ur de toutes les convoitises. Cet expert du marketing digital analyse le march\u00e9 et les attentes des clients dans le secteur digital pour trouver de nouveaux leviers de croissance pour son entreprise. Strat\u00e8ge et planificateur, il propose de nouvelles id\u00e9es pour booster l\u2019activit\u00e9 de l\u2019entreprise et transforme les opportunit\u00e9s en affaires.<\/p>\n<p>Le m\u00e9tier de business developer digital embrasse plusieurs disciplines.\u00a0Commerce, marketing digital, strat\u00e9gie digitale, communication sont autant de domaines qui s\u2019entrem\u00ealent dans cette activit\u00e9. De fait, le business developer digital se doit de d\u00e9velopper des comp\u00e9tences transversales pour mener \u00e0 bien sa mission, \u00e0 savoir identifier les opportunit\u00e9s d\u2019affaires pour assurer la p\u00e9rennit\u00e9 de l\u2019activit\u00e9 de l\u2019entreprise.<\/p>\n<p>R\u00e9ussir le <a href=\"https:\/\/impactup.com\/glossaire\/recrutement-sales-digital\"><strong>recrutement<\/strong><\/a> en interne d\u2019un <a href=\"https:\/\/impactup.com\/glossaire\/recrutement-sales-digital\"><strong>business developer digital<\/strong><\/a> est une mission d\u00e9licate dans la mesure o\u00f9 les profils de qualit\u00e9s sont rares ou d\u00e9j\u00e0 en poste. Dans la majorit\u00e9 des cas, les entreprises font appel \u00e0 un cabinet de recrutement sp\u00e9cialis\u00e9 tel qu\u2019ImpactUp qui dispose de l\u2019expertise de ce genre de mission. En outre, gr\u00e2ce \u00e0 l\u2019efficacit\u00e9 conjugu\u00e9e de ses outils de recrutement, un cabinet de recrutement est \u00e0 m\u00eame de d\u00e9nicher un profil p\u00e9nurique dans les d\u00e9lais impartis.<\/p>\n<h2>Recrutement de business developer digital\u00a0: l\u2019expertise ImpactUp<\/h2>\n<p>R\u00e9ussir le<strong> recrutement <\/strong>de votre<strong> business developer digital\u00a0<\/strong>implique une approche pragmatique mettant \u00e0 contribution les m\u00e9thodes de \u00ab\u00a0chasse\u00a0\u00bb. Pour y parvenir, le cabinet ImpactUp se propose de prendre en charge tout ou partie du processus de recrutement, vous permettant ainsi de combler rapidement le poste avec le candidat id\u00e9al. Notre principal objectif est de vous aider \u00e0 d\u00e9nicher la perle rare, \u00e0 m\u00eame de d\u00e9velopper vos parts de march\u00e9.<\/p>\n<p>Apr\u00e8s avoir d\u00e9termin\u00e9 les particularit\u00e9s du poste et dress\u00e9 le profil du candidat, notre cabinet utilisera sa base de donn\u00e9es pour pr\u00e9s\u00e9lectionner les candidats r\u00e9pondant aux crit\u00e8res recherch\u00e9s. \u00c0 d\u00e9faut, nous mobiliserons notre r\u00e9seau de contacts afin d\u2019acc\u00e9l\u00e9rer le processus. Le <a href=\"https:\/\/impactup.com\/glossaire\/recrutement-marketing-digital\"><strong>recrutement <\/strong><\/a>de votre<strong><a href=\"https:\/\/impactup.com\/glossaire\/recrutement-marketing-digital\"> business developer digital<\/a>\u00a0<\/strong>se fait en plusieurs \u00e9tapes\u00a0: apr\u00e8s le sourcing des candidats, nous proc\u00e9dons \u00e0 une analyse et une \u00e9valuation minutieuse des profils les plus prometteurs. Cela passe notamment par des entretiens t\u00e9l\u00e9phoniques et physiques visant \u00e0 \u00e9valuer leur potentiel, leurs comp\u00e9tences techniques ou encore leurs soft skills.<\/p>\n<p>\u00c9tude des candidatures, tests techniques, analyse de la personnalit\u00e9\u2026 Rien n\u2019est laiss\u00e9 au hasard\u00a0! Nous disposons d\u2019outils performants et \u00e0 la pointe de la technologie pour appr\u00e9cier plusieurs aspects de chaque candidat\u00a0: les comp\u00e9tences professionnelles (attirer et fid\u00e9liser, n\u00e9gocier et persuader, diriger\u2026), mais aussi les capacit\u00e9s cognitives, num\u00e9riques et verbales. Les valeurs, motivations et pr\u00e9f\u00e9rences de l\u2019individu sont \u00e9galement pass\u00e9es \u00e0 la loupe. Par ailleurs, nous \u00e9valuons le niveau de fran\u00e7ais, les aptitudes dans les autres langues requises et la culture g\u00e9n\u00e9rale. Avant l\u2019embauche d\u00e9finitive, notre \u00e9quipe vous pr\u00e9sentera les candidats retenus avec dossier et recommandations.<\/p>\n<p>Nos nombreuses ann\u00e9es d\u2019exp\u00e9rience et \u00a0plus de 2000 managers et commerciaux recrut\u00e9s nous ont permis de garantir un r\u00e9sultat optimal pour chacun de nos clients. En effet, nous comptons des consultants issus du terrain qui maitrisent ainsi toutes les contraintes et les m\u00e9tiers. De m\u00eame, nous cultivons une proximit\u00e9 avec nos entreprises en leur offrant des solutions sur mesure et un accompagnement dans la dur\u00e9e. Les entreprises deviennent alors de v\u00e9ritables partenaires.<\/p>\n<h2>La chasse de t\u00eate\u00a0: une expertise ImpactUp<\/h2>\n<p>Quand les m\u00e9thodes traditionnelles \u00e9chouent pour le <strong>recrutement <\/strong>de votre <strong>business developer digital<\/strong>, les consultants au sein d\u2019<a href=\"https:\/\/impactup.com\"><strong>ImpactUp<\/strong><\/a> peuvent endosser le r\u00f4le de chasseur de t\u00eate. La m\u00e9thode de recrutement par approche directe est une technique qui sort des sentiers battus mais qui peut donner des r\u00e9sultats inattendus. Dans la pratique, le sourcing de candidats va se faire dans le r\u00e9seau de partenaires ou dans la banque de CV du cabinet. L\u2019objectif est de trouver quelqu\u2019un qui, de prime abord, ne serait pas int\u00e9ress\u00e9 par la place mais qui poss\u00e8de les comp\u00e9tences professionnelles et les aptitudes personnelles pour assumer le poste avec efficacit\u00e9. Il s\u2019agira ensuite de le convaincre d\u2019accepter le travail. Cette technique ob\u00e9issant \u00e0 des r\u00e8gles \u00e9thiques et juridiques strictes, nos recruteurs ma\u00eetrisent parfaitement la m\u00e9thodologie de la chasse de t\u00eate. Ils s\u2019efforceront toutefois de tout mettre en \u0153uvre pour vous d\u00e9nicher les personnes parfaitement taill\u00e9es pour la place vacante au sein de votre entreprise.<\/p>\n<\/section>\n<p>[\/vc_column_text][\/vc_column][\/vc_row]<\/p>\n<\/div>","protected":false},"excerpt":{"rendered":"<p>[vc_row][vc_column width=&#8221;1\/3&#8243;][vc_btn title=&#8221;Voir notre offre&#8221; color=&#8221;secondarycolor&#8221; align=&#8221;center&#8221; css=&#8221;&#8221; link=&#8221;url:https%3A%2F%2Fimpactup.com%2Frecrutement%2F&#8221;][\/vc_column][vc_column width=&#8221;1\/3&#8243;][vc_btn title=&#8221;Confiez-nous votre projet&#8221; color=&#8221;secondarycolor&#8221; align=&#8221;center&#8221; css=&#8221;&#8221; link=&#8221;url:https%3A%2F%2Fimpactup.com%2Fetude-personnalisee%2F&#8221;][\/vc_column][vc_column width=&#8221;1\/3&#8243;][vc_btn title=&#8221;Contactez-nous&#8221; color=&#8221;secondarycolor&#8221; align=&#8221;center&#8221; css=&#8221;&#8221; link=&#8221;url:https%3A%2F%2Fimpactup.com%2Fcontact%2F&#8221;][\/vc_column][\/vc_row][vc_row css=&#8221;.vc_custom_1717658386032{padding-top: 40px !important;padding-bottom: 20px !important;}&#8221;][vc_column][vc_column_text css=&#8221;&#8221;] Recrutement de business developer digital avec l\u2019aide d\u2019un cabinet sp\u00e9cialis\u00e9 Confier le recrutement de votre business developer digital \u00e0 une agence experte dans ce domaine repr\u00e9sente [&hellip;]<\/p>\n","protected":false},"author":4,"featured_media":0,"parent":17218,"menu_order":0,"comment_status":"closed","ping_status":"closed","template":"","meta":{"_monsterinsights_skip_tracking":false,"_monsterinsights_sitenote_active":false,"_monsterinsights_sitenote_note":"","_monsterinsights_sitenote_category":0,"footnotes":""},"class_list":["post-25836","page","type-page","status-publish","hentry"],"yoast_head":"<!-- This site is optimized with the Yoast SEO plugin v27.0 - https:\/\/yoast.com\/product\/yoast-seo-wordpress\/ -->\n<title>Recrutement de business developer digital par un cabinet sp\u00e9cialis\u00e9<\/title>\n<meta name=\"description\" content=\"Confier le recrutement de votre business developer digital \u00e0 des experts. ImpactUp est un partenaire fiable pour le recrutement de business developer digital en France.\" \/>\n<meta name=\"robots\" content=\"index, follow, max-snippet:-1, max-image-preview:large, max-video-preview:-1\" \/>\n<link rel=\"canonical\" href=\"https:\/\/impactup.com\/en\/glossaire\/recrutement-business-developer-digital\/\" \/>\n<meta property=\"og:locale\" content=\"en_US\" \/>\n<meta property=\"og:type\" content=\"article\" \/>\n<meta property=\"og:title\" content=\"Recrutement de business developer digital par un cabinet sp\u00e9cialis\u00e9\" \/>\n<meta property=\"og:description\" content=\"Confier le recrutement de votre business developer digital \u00e0 des experts. ImpactUp est un partenaire fiable pour le recrutement de business developer digital en France.\" \/>\n<meta property=\"og:url\" content=\"https:\/\/impactup.com\/en\/glossaire\/recrutement-business-developer-digital\/\" \/>\n<meta property=\"og:site_name\" content=\"ImpactUp\" \/>\n<meta property=\"article:modified_time\" content=\"2024-06-07T14:56:59+00:00\" \/>\n<meta property=\"og:image\" content=\"https:\/\/impactup.com\/wp-content\/uploads\/2021\/01\/og.jpg\" \/>\n\t<meta property=\"og:image:width\" content=\"1067\" \/>\n\t<meta property=\"og:image:height\" content=\"600\" \/>\n\t<meta property=\"og:image:type\" content=\"image\/jpeg\" \/>\n<meta name=\"twitter:card\" content=\"summary_large_image\" \/>\n<meta name=\"twitter:label1\" content=\"Est. reading time\" \/>\n\t<meta name=\"twitter:data1\" content=\"5 minutes\" \/>\n<script type=\"application\/ld+json\" class=\"yoast-schema-graph\">{\"@context\":\"https:\/\/schema.org\",\"@graph\":[{\"@type\":\"WebPage\",\"@id\":\"https:\/\/impactup.com\/en\/glossaire\/recrutement-business-developer-digital\/\",\"url\":\"https:\/\/impactup.com\/en\/glossaire\/recrutement-business-developer-digital\/\",\"name\":\"Recrutement de business developer digital par un cabinet sp\u00e9cialis\u00e9\",\"isPartOf\":{\"@id\":\"https:\/\/impactup.com\/en\/#website\"},\"datePublished\":\"2024-06-07T11:45:18+00:00\",\"dateModified\":\"2024-06-07T14:56:59+00:00\",\"description\":\"Confier le recrutement de votre business developer digital \u00e0 des experts. ImpactUp est un partenaire fiable pour le recrutement de business developer digital en France.\",\"breadcrumb\":{\"@id\":\"https:\/\/impactup.com\/en\/glossaire\/recrutement-business-developer-digital\/#breadcrumb\"},\"inLanguage\":\"en-US\",\"potentialAction\":[{\"@type\":\"ReadAction\",\"target\":[\"https:\/\/impactup.com\/en\/glossaire\/recrutement-business-developer-digital\/\"]}]},{\"@type\":\"BreadcrumbList\",\"@id\":\"https:\/\/impactup.com\/en\/glossaire\/recrutement-business-developer-digital\/#breadcrumb\",\"itemListElement\":[{\"@type\":\"ListItem\",\"position\":1,\"name\":\"Accueil\",\"item\":\"https:\/\/impactup.com\/en\/\"},{\"@type\":\"ListItem\",\"position\":2,\"name\":\"Glossaire\",\"item\":\"https:\/\/impactup.com\/en\/glossaire\/\"},{\"@type\":\"ListItem\",\"position\":3,\"name\":\"Recrutement de business developer digital avec l\u2019aide d\u2019un cabinet sp\u00e9cialis\u00e9\"}]},{\"@type\":\"WebSite\",\"@id\":\"https:\/\/impactup.com\/en\/#website\",\"url\":\"https:\/\/impactup.com\/en\/\",\"name\":\"ImpactUp\",\"description\":\"Recrutement commerciaux, directions commerciales et fonctions marketing\",\"potentialAction\":[{\"@type\":\"SearchAction\",\"target\":{\"@type\":\"EntryPoint\",\"urlTemplate\":\"https:\/\/impactup.com\/en\/?s={search_term_string}\"},\"query-input\":{\"@type\":\"PropertyValueSpecification\",\"valueRequired\":true,\"valueName\":\"search_term_string\"}}],\"inLanguage\":\"en-US\"}]}<\/script>\n<!-- \/ Yoast SEO plugin. -->","yoast_head_json":{"title":"Recrutement de business developer digital par un cabinet sp\u00e9cialis\u00e9","description":"Confier le recrutement de votre business developer digital \u00e0 des experts. ImpactUp est un partenaire fiable pour le recrutement de business developer digital en France.","robots":{"index":"index","follow":"follow","max-snippet":"max-snippet:-1","max-image-preview":"max-image-preview:large","max-video-preview":"max-video-preview:-1"},"canonical":"https:\/\/impactup.com\/en\/glossaire\/recrutement-business-developer-digital\/","og_locale":"en_US","og_type":"article","og_title":"Recrutement de business developer digital par un cabinet sp\u00e9cialis\u00e9","og_description":"Confier le recrutement de votre business developer digital \u00e0 des experts. ImpactUp est un partenaire fiable pour le recrutement de business developer digital en France.","og_url":"https:\/\/impactup.com\/en\/glossaire\/recrutement-business-developer-digital\/","og_site_name":"ImpactUp","article_modified_time":"2024-06-07T14:56:59+00:00","og_image":[{"width":1067,"height":600,"url":"https:\/\/impactup.com\/wp-content\/uploads\/2021\/01\/og.jpg","type":"image\/jpeg"}],"twitter_card":"summary_large_image","twitter_misc":{"Est. reading time":"5 minutes"},"schema":{"@context":"https:\/\/schema.org","@graph":[{"@type":"WebPage","@id":"https:\/\/impactup.com\/en\/glossaire\/recrutement-business-developer-digital\/","url":"https:\/\/impactup.com\/en\/glossaire\/recrutement-business-developer-digital\/","name":"Recrutement de business developer digital par un cabinet sp\u00e9cialis\u00e9","isPartOf":{"@id":"https:\/\/impactup.com\/en\/#website"},"datePublished":"2024-06-07T11:45:18+00:00","dateModified":"2024-06-07T14:56:59+00:00","description":"Confier le recrutement de votre business developer digital \u00e0 des experts. ImpactUp est un partenaire fiable pour le recrutement de business developer digital en France.","breadcrumb":{"@id":"https:\/\/impactup.com\/en\/glossaire\/recrutement-business-developer-digital\/#breadcrumb"},"inLanguage":"en-US","potentialAction":[{"@type":"ReadAction","target":["https:\/\/impactup.com\/en\/glossaire\/recrutement-business-developer-digital\/"]}]},{"@type":"BreadcrumbList","@id":"https:\/\/impactup.com\/en\/glossaire\/recrutement-business-developer-digital\/#breadcrumb","itemListElement":[{"@type":"ListItem","position":1,"name":"Accueil","item":"https:\/\/impactup.com\/en\/"},{"@type":"ListItem","position":2,"name":"Glossaire","item":"https:\/\/impactup.com\/en\/glossaire\/"},{"@type":"ListItem","position":3,"name":"Recrutement de business developer digital avec l\u2019aide d\u2019un cabinet sp\u00e9cialis\u00e9"}]},{"@type":"WebSite","@id":"https:\/\/impactup.com\/en\/#website","url":"https:\/\/impactup.com\/en\/","name":"ImpactUp","description":"Recrutement commerciaux, directions commerciales et fonctions marketing","potentialAction":[{"@type":"SearchAction","target":{"@type":"EntryPoint","urlTemplate":"https:\/\/impactup.com\/en\/?s={search_term_string}"},"query-input":{"@type":"PropertyValueSpecification","valueRequired":true,"valueName":"search_term_string"}}],"inLanguage":"en-US"}]}},"_links":{"self":[{"href":"https:\/\/impactup.com\/en\/wp-json\/wp\/v2\/pages\/25836","targetHints":{"allow":["GET"]}}],"collection":[{"href":"https:\/\/impactup.com\/en\/wp-json\/wp\/v2\/pages"}],"about":[{"href":"https:\/\/impactup.com\/en\/wp-json\/wp\/v2\/types\/page"}],"author":[{"embeddable":true,"href":"https:\/\/impactup.com\/en\/wp-json\/wp\/v2\/users\/4"}],"replies":[{"embeddable":true,"href":"https:\/\/impactup.com\/en\/wp-json\/wp\/v2\/comments?post=25836"}],"version-history":[{"count":3,"href":"https:\/\/impactup.com\/en\/wp-json\/wp\/v2\/pages\/25836\/revisions"}],"predecessor-version":[{"id":25841,"href":"https:\/\/impactup.com\/en\/wp-json\/wp\/v2\/pages\/25836\/revisions\/25841"}],"up":[{"embeddable":true,"href":"https:\/\/impactup.com\/en\/wp-json\/wp\/v2\/pages\/17218"}],"wp:attachment":[{"href":"https:\/\/impactup.com\/en\/wp-json\/wp\/v2\/media?parent=25836"}],"curies":[{"name":"wp","href":"https:\/\/api.w.org\/{rel}","templated":true}]}}