{"id":25827,"date":"2024-06-07T13:23:41","date_gmt":"2024-06-07T11:23:41","guid":{"rendered":"https:\/\/impactup.niou.dev\/?page_id=25827"},"modified":"2024-06-07T16:52:44","modified_gmt":"2024-06-07T14:52:44","slug":"meilleur-cabinet-de-recrutement-de-cadres-commerciaux","status":"publish","type":"page","link":"https:\/\/impactup.com\/en\/glossaire\/meilleur-cabinet-de-recrutement-de-cadres-commerciaux\/","title":{"rendered":"Recrutement de cadres commerciaux : ImpactUp est l\u2019un des meilleurs cabinets en France"},"content":{"rendered":"<div class=\"wpb-content-wrapper\"><p>[vc_row][vc_column width=&#8221;1\/3&#8243;][vc_btn title=&#8221;Voir notre offre&#8221; color=&#8221;secondarycolor&#8221; align=&#8221;center&#8221; css=&#8221;&#8221; link=&#8221;url:https%3A%2F%2Fimpactup.com%2Frecrutement%2F&#8221;][\/vc_column][vc_column width=&#8221;1\/3&#8243;][vc_btn title=&#8221;Confiez-nous votre projet&#8221; color=&#8221;secondarycolor&#8221; align=&#8221;center&#8221; css=&#8221;&#8221; link=&#8221;url:https%3A%2F%2Fimpactup.com%2Fetude-personnalisee%2F&#8221;][\/vc_column][vc_column width=&#8221;1\/3&#8243;][vc_btn title=&#8221;Contactez-nous&#8221; color=&#8221;secondarycolor&#8221; align=&#8221;center&#8221; css=&#8221;&#8221; link=&#8221;url:https%3A%2F%2Fimpactup.com%2Fcontact%2F&#8221;][\/vc_column][\/vc_row][vc_row css=&#8221;.vc_custom_1717658386032{padding-top: 40px !important;padding-bottom: 20px !important;}&#8221;][vc_column][vc_column_text css=&#8221;&#8221;]<\/p>\n<section style=\"text-align: justify;\">\n<h2>Recrutement de cadres commerciaux\u00a0: ImpactUp est l\u2019un des meilleurs cabinets en France<\/h2>\n<p>Le recrutement des cadres commerciaux rev\u00eat une importance capitale, car ces profils jouent un r\u00f4le essentiel dans la croissance et la p\u00e9rennit\u00e9 de votre activit\u00e9. Trouver les bons leaders commerciaux peut faire toute la diff\u00e9rence dans la r\u00e9alisation de vos objectifs de vente et le d\u00e9veloppement de votre entreprise. ImpactUp est class\u00e9 parmi les <a href=\"https:\/\/impactup.com\/glossaire\/cabinet-de-chasse-de-t%C3%AAte\"><strong>meilleurs cabinets de recrutement de cadres commerciaux<\/strong><\/a> dans la France enti\u00e8re.<\/p>\n<\/section>\n<p>[\/vc_column_text][\/vc_column][\/vc_row][vc_row][vc_column width=&#8221;1\/3&#8243;][vc_btn title=&#8221;Voir notre offre&#8221; color=&#8221;secondarycolor&#8221; align=&#8221;center&#8221; css=&#8221;&#8221; link=&#8221;url:https%3A%2F%2Fimpactup.com%2Frecrutement%2F&#8221;][\/vc_column][vc_column width=&#8221;1\/3&#8243;][vc_btn title=&#8221;Confiez-nous votre projet&#8221; color=&#8221;secondarycolor&#8221; align=&#8221;center&#8221; css=&#8221;&#8221; link=&#8221;url:https%3A%2F%2Fimpactup.com%2Fetude-personnalisee%2F&#8221;][\/vc_column][vc_column width=&#8221;1\/3&#8243;][vc_btn title=&#8221;Contactez-nous&#8221; color=&#8221;secondarycolor&#8221; align=&#8221;center&#8221; css=&#8221;&#8221; link=&#8221;url:https%3A%2F%2Fimpactup.com%2Fcontact%2F&#8221;][\/vc_column][\/vc_row][vc_row css=&#8221;.vc_custom_1717658445522{padding-top: 40px !important;}&#8221;][vc_column][vc_column_text css=&#8221;&#8221;]<\/p>\n<section style=\"text-align: justify;\">\n<h2>Le cadre commercial\u00a0: un pilier essentiel de chaque entreprise<\/h2>\n<p>Le r\u00f4le des cadres commerciaux est strat\u00e9gique dans toute entreprise, car ils sont charg\u00e9s de diriger et de coordonner les activit\u00e9s commerciales pour atteindre les objectifs de vente et de croissance. Ils \u00a0occupent des postes strat\u00e9giques qui ont un impact direct sur les performances globales de l\u2019entreprise.<\/p>\n<p>Leur contribution d\u00e9passe largement le simple aspect des ventes, ils jouent un r\u00f4le cl\u00e9 dans la d\u00e9finition des strat\u00e9gies commerciales, dans le d\u00e9veloppement de nouveaux march\u00e9s, \u00a0la gestion des relations avec les clients cl\u00e9s et \u00a0la supervision des \u00e9quipes de vente.<\/p>\n<p>Les cadres commerciaux jouent \u00e9galement un r\u00f4le important dans la gestion des \u00e9quipes de vente. Ils recrutent, forment et motivent les membres pour atteindre les objectifs commerciaux.<\/p>\n<p>Ainsi, il est imp\u00e9ratif de ne pas n\u00e9gliger leur recrutement.<\/p>\n<h2>Un expert au service des entreprises de toutes tailles<\/h2>\n<p>Proposant ses services aux grandes entreprises et aux PME, notre cabinet se sp\u00e9cialise dans le recrutement des fonctions commerciales et marketing. Nous pouvons ainsi nous occuper de la recherche et de l\u2019\u00e9valuation des talents qui pourraient contribuer au d\u00e9veloppement des ventes de nos clients. Afin d\u2019assurer le succ\u00e8s de nos missions, nous recourons \u00e0 une m\u00e9thodologie reconnue pour son efficacit\u00e9, laquelle mise sur la proximit\u00e9, le pragmatisme et la culture de r\u00e9sultat. D\u2019ailleurs, gr\u00e2ce \u00e0 nos bureaux install\u00e9s dans plusieurs grandes villes de France (Paris, Nantes, Lyon, La Rochelle, Lille et Toulouse), nous sommes en mesure de r\u00e9pondre aux demandes des entreprises de toutes les r\u00e9gions.<\/p>\n<p>Si vous souhaitez b\u00e9n\u00e9ficier de l\u2019expertise du <a href=\"https:\/\/impactup.com\/glossaire\/cabinet-de-recrutement-en-france\"><strong>meilleur cabinet de recrutement de cadres commerciaux<\/strong><\/a>, nos solutions vous conviennent s\u00fbrement. Nous pouvons intervenir pour r\u00e9pondre \u00e0 des besoins r\u00e9currents ou ponctuels.<\/p>\n<h2>Quels sont les avantages offerts par le meilleur cabinet de recrutement de cadres commerciaux\u00a0?<\/h2>\n<p>Soucieux de fournir une qualit\u00e9 de prestations \u00e0 la hauteur des attentes de nos clients, nous utilisons des outils et des m\u00e9thodes de recherche et de s\u00e9lection innovants. Cette d\u00e9marche nous permet d\u2019acc\u00e9l\u00e9rer le processus et de s\u00e9curiser les choix des entreprises qui font appel \u00e0 nos services.<\/p>\n<p>Dans tous les cas, notre objectif est de trouver le meilleur profil pour chaque poste \u00e0 pourvoir. Pour cela, notre \u00e9quipe de consultants s\u2019appuie sur sa connaissance pointue du m\u00e9tier et du march\u00e9 de l\u2019emploi, en particulier pour les fonctions commerciales et marketing. A travers des missions d\u2019approche et de prospection, nous s\u00e9lectionnons les profils de haut niveau et les candidats sp\u00e9cialis\u00e9s difficiles \u00e0 trouver. Outre cela, nous veillons \u00e0 apporter une solution sur mesure et offrir un accompagnement dans la dur\u00e9e \u00e0 chacun de nos clients.<\/p>\n<p>Mais ce n\u2019est pas tout, nous entretenons \u00e9galement une relation interactive avec les candidats potentiels, ce qui nous permet d\u2019entrer en contact imm\u00e9diatement avec eux lorsque des postes vacants peuvent correspondre \u00e0 leurs profils.<\/p>\n<p>Parfois, quand les techniques de recrutement traditionnelles ne portent pas leurs fruits, nous recourons \u00e0 l\u2019approche directe. Cette m\u00e9thode est fr\u00e9quemment utilis\u00e9e lorsqu\u2019une entreprise recherche un cadre de tr\u00e8s haut niveau, souvent un profil tr\u00e8s rare. La m\u00e9thode de l\u2019approche directe consiste \u00e0 identifier un maximum de profils potentiels afin d\u2019\u00e9tablir une liste de qualit\u00e9. Au moyen des outils ad\u00e9quats, l\u2019expert inspecte les bases de donn\u00e9es professionnelles et se lance dans une v\u00e9ritable op\u00e9ration de chasse de t\u00eate. Dans certains cas, les candidats ne sont pas directement impliqu\u00e9s dans la recherche d\u2019un poste vacant, mais restent en veille en cas de nouvelles conditions plus attrayantes.<\/p>\n<p>\u00c9tant le <a href=\"https:\/\/impactup.com\/glossaire\/sp%C3%A9cialiste-fonctions-commerciales\"><strong>meilleur cabinet de recrutement de cadres commerciaux<\/strong><\/a>, nous avons d\u00e9j\u00e0 fait nos preuves aupr\u00e8s de nombreux clients \u00e0 la recherche de directeurs commerciaux ou de managers marketing aux talents remarquables.<\/p>\n<h2>Recrutement et services de conseil<\/h2>\n<p>Le cabinet ImpactUP ne se limite pas au recrutement, nous proposons aussi des services de conseil ax\u00e9s sur le d\u00e9veloppement commercial. Vous pouvez entre autres nous confier le pilotage de votre projet CRM, l\u2019\u00e9laboration de votre strat\u00e9gie commerciale, ou encore l\u2019organisation commerciale. Cette mission inclut le plan de recrutement, de formation et d\u2019int\u00e9gration de vos nouveaux collaborateurs commerciaux.<\/p>\n<p>En effet, le recours \u00e0 nos conseils de pro vous permet de b\u00e9n\u00e9ficier d\u2019un accompagnement d\u00e9licat et sur-mesure. Notre \u00e9quipe d\u2019experts peut \u00e9galement se charger de la motivation de vos \u00e9quipes commerciales (plans de r\u00e9mun\u00e9rations, incentives et s\u00e9minaires, team building).<\/p>\n<h2>Un expert \u00e0 vos c\u00f4t\u00e9s<\/h2>\n<p><a href=\"https:\/\/impactup.com\"><strong>ImpactUP<\/strong><\/a> est un cabinet sp\u00e9cialis\u00e9 dans l\u2019identification et le recrutement de talents de haut niveau et d\u2019experts m\u00e9tiers sur des p\u00f4les d\u2019expertise relatifs au marketing et au commerce\u00a0:<\/p>\n<ul>\n<li>marchandiseur(euse)\u00a0;<\/li>\n<li>business developer\u00a0;<\/li>\n<li>d\u00e9l\u00e9gu\u00e9 commercial\u00a0;<\/li>\n<li>charg\u00e9(e) de marketing direct\u00a0;<\/li>\n<li>ing\u00e9nieur commercial\u00a0;<\/li>\n<li>category manager\u00a0;<\/li>\n<li>responsable de promotion des ventes,<\/li>\n<li>et \u00e0 toutes les fonctions-cl\u00e9s de l\u2019organisation\u00a0:<\/li>\n<li>directeur(trice) commercial(e)directeur(trice) de marque\u00a0;<\/li>\n<li>directeur(trice) de magasin\u00a0;<\/li>\n<li>sales administrator\u00a0;<\/li>\n<li>digital marketing manager\u00a0;<\/li>\n<li>etc.<\/li>\n<\/ul>\n<h2>Une m\u00e9thodologie, des techniques et des outils de recrutement innovants<\/h2>\n<p>Notre m\u00e9thodologie de recrutement comprend 8 \u00e9tapes\u00a0 que nous pouvons assurer de bout en bout ou bien elles peuvent \u00eatre choisies \u00e0 la carte\u00a0;\u00a0 ce sont\u00a0:<\/p>\n<ul>\n<li>la d\u00e9finition du profil id\u00e9al (exp\u00e9rience, personnalit\u00e9, dipl\u00f4mes\u2026), du r\u00f4le au sein de l\u2019entreprise (mission, objectifs\u2026) et des conditions salariales (salaire, horaires, primes\u2026).<\/li>\n<li>la r\u00e9daction de la fiche de poste et de l\u2019offre.<\/li>\n<li>la prospection avec une diffusion de l\u2019offre sur les canaux les plus pertinents et valorisants pour l\u2019entreprise et, si besoin, la prospection par approche directe (chasse de t\u00eate).<\/li>\n<li>la r\u00e9ception des candidatures avec une premi\u00e8re s\u00e9lection sur CV et lettre de motivation.<\/li>\n<li>Une deuxi\u00e8me s\u00e9lection sur des entretiens t\u00e9l\u00e9phoniques.<\/li>\n<li>Une troisi\u00e8me s\u00e9lection sur des tests de comp\u00e9tences, d\u2019aptitudes cognitives et de personnalit\u00e9 avec des entretiens physiques en sus.<\/li>\n<li>La pr\u00e9sentation d\u2019un short list avec dossier.<\/li>\n<li>L\u2019accompagnement du candidat s\u00e9lectionn\u00e9 jusqu\u2019\u00e0 int\u00e9gration.<\/li>\n<\/ul>\n<p>ImpactUP propose des solutions en ligne v\u00e9ritablement personnalis\u00e9es pour trouver le candidat id\u00e9al, conform\u00e9ment aux exigences de l\u2019entreprise\u00a0:<\/p>\n<ul>\n<li>une plateforme d\u2019\u00e9valuation qui comporte 4 types d\u2019outils\u00a0: TalentBusiness\u00ae, TalentInitial\u00ae, TalentRelation\u00ae et TalentAttitude\u00ae\u00a0;<\/li>\n<li>un outil en ligne SaaS d\u2019\u00e9valuation qui permet de jauger le niveau en langue \u00e9trang\u00e8re du candidat. Celui-ci est propos\u00e9 en partenariat avec Pipplet.<\/li>\n<\/ul>\n<p>ImpactUP propose son accompagnement aux candidats pour la r\u00e9ussite de leur vie professionnelle. Nous sommes le partenaire id\u00e9al de nombreux groupes en France et ailleurs, convaincus par notre professionnalisme.<\/p>\n<\/section>\n<p>[\/vc_column_text][\/vc_column][\/vc_row]<\/p>\n<\/div>","protected":false},"excerpt":{"rendered":"<p>[vc_row][vc_column width=&#8221;1\/3&#8243;][vc_btn title=&#8221;Voir notre offre&#8221; color=&#8221;secondarycolor&#8221; align=&#8221;center&#8221; css=&#8221;&#8221; link=&#8221;url:https%3A%2F%2Fimpactup.com%2Frecrutement%2F&#8221;][\/vc_column][vc_column width=&#8221;1\/3&#8243;][vc_btn title=&#8221;Confiez-nous votre projet&#8221; color=&#8221;secondarycolor&#8221; align=&#8221;center&#8221; css=&#8221;&#8221; link=&#8221;url:https%3A%2F%2Fimpactup.com%2Fetude-personnalisee%2F&#8221;][\/vc_column][vc_column width=&#8221;1\/3&#8243;][vc_btn title=&#8221;Contactez-nous&#8221; color=&#8221;secondarycolor&#8221; align=&#8221;center&#8221; css=&#8221;&#8221; link=&#8221;url:https%3A%2F%2Fimpactup.com%2Fcontact%2F&#8221;][\/vc_column][\/vc_row][vc_row css=&#8221;.vc_custom_1717658386032{padding-top: 40px !important;padding-bottom: 20px !important;}&#8221;][vc_column][vc_column_text css=&#8221;&#8221;] Recrutement de cadres commerciaux\u00a0: ImpactUp est l\u2019un des meilleurs cabinets en France Le recrutement des cadres commerciaux rev\u00eat une importance capitale, car ces profils jouent un [&hellip;]<\/p>\n","protected":false},"author":4,"featured_media":0,"parent":17218,"menu_order":0,"comment_status":"closed","ping_status":"closed","template":"","meta":{"_monsterinsights_skip_tracking":false,"_monsterinsights_sitenote_active":false,"_monsterinsights_sitenote_note":"","_monsterinsights_sitenote_category":0,"footnotes":""},"class_list":["post-25827","page","type-page","status-publish","hentry"],"yoast_head":"<!-- This site is optimized with the Yoast SEO plugin v27.0 - https:\/\/yoast.com\/product\/yoast-seo-wordpress\/ -->\n<title>Quel est le meilleur cabinet de recrutement de cadres commerciaux<\/title>\n<meta name=\"description\" content=\"Trouver le meilleur cabinet de recrutement de cadres commerciaux. ImpactUp est l\u2019un des meilleurs cabinets de recrutement de cadres commerciaux en France.\" \/>\n<meta name=\"robots\" content=\"index, follow, max-snippet:-1, max-image-preview:large, max-video-preview:-1\" \/>\n<link rel=\"canonical\" href=\"https:\/\/impactup.com\/en\/glossaire\/meilleur-cabinet-de-recrutement-de-cadres-commerciaux\/\" \/>\n<meta property=\"og:locale\" content=\"en_US\" \/>\n<meta property=\"og:type\" content=\"article\" \/>\n<meta property=\"og:title\" content=\"Quel est le meilleur cabinet de recrutement de cadres commerciaux\" \/>\n<meta property=\"og:description\" content=\"Trouver le meilleur cabinet de recrutement de cadres commerciaux. ImpactUp est l\u2019un des meilleurs cabinets de recrutement de cadres commerciaux en France.\" \/>\n<meta property=\"og:url\" content=\"https:\/\/impactup.com\/en\/glossaire\/meilleur-cabinet-de-recrutement-de-cadres-commerciaux\/\" \/>\n<meta property=\"og:site_name\" content=\"ImpactUp\" \/>\n<meta property=\"article:modified_time\" content=\"2024-06-07T14:52:44+00:00\" \/>\n<meta property=\"og:image\" content=\"https:\/\/impactup.com\/wp-content\/uploads\/2021\/01\/og.jpg\" \/>\n\t<meta property=\"og:image:width\" content=\"1067\" \/>\n\t<meta property=\"og:image:height\" content=\"600\" \/>\n\t<meta property=\"og:image:type\" content=\"image\/jpeg\" \/>\n<meta name=\"twitter:card\" content=\"summary_large_image\" \/>\n<meta name=\"twitter:label1\" content=\"Est. reading time\" \/>\n\t<meta name=\"twitter:data1\" content=\"6 minutes\" \/>\n<script type=\"application\/ld+json\" class=\"yoast-schema-graph\">{\"@context\":\"https:\/\/schema.org\",\"@graph\":[{\"@type\":\"WebPage\",\"@id\":\"https:\/\/impactup.com\/en\/glossaire\/meilleur-cabinet-de-recrutement-de-cadres-commerciaux\/\",\"url\":\"https:\/\/impactup.com\/en\/glossaire\/meilleur-cabinet-de-recrutement-de-cadres-commerciaux\/\",\"name\":\"Quel est le meilleur cabinet de recrutement de cadres commerciaux\",\"isPartOf\":{\"@id\":\"https:\/\/impactup.com\/en\/#website\"},\"datePublished\":\"2024-06-07T11:23:41+00:00\",\"dateModified\":\"2024-06-07T14:52:44+00:00\",\"description\":\"Trouver le meilleur cabinet de recrutement de cadres commerciaux. ImpactUp est l\u2019un des meilleurs cabinets de recrutement de cadres commerciaux en France.\",\"breadcrumb\":{\"@id\":\"https:\/\/impactup.com\/en\/glossaire\/meilleur-cabinet-de-recrutement-de-cadres-commerciaux\/#breadcrumb\"},\"inLanguage\":\"en-US\",\"potentialAction\":[{\"@type\":\"ReadAction\",\"target\":[\"https:\/\/impactup.com\/en\/glossaire\/meilleur-cabinet-de-recrutement-de-cadres-commerciaux\/\"]}]},{\"@type\":\"BreadcrumbList\",\"@id\":\"https:\/\/impactup.com\/en\/glossaire\/meilleur-cabinet-de-recrutement-de-cadres-commerciaux\/#breadcrumb\",\"itemListElement\":[{\"@type\":\"ListItem\",\"position\":1,\"name\":\"Accueil\",\"item\":\"https:\/\/impactup.com\/en\/\"},{\"@type\":\"ListItem\",\"position\":2,\"name\":\"Glossaire\",\"item\":\"https:\/\/impactup.com\/en\/glossaire\/\"},{\"@type\":\"ListItem\",\"position\":3,\"name\":\"Recrutement de cadres commerciaux : ImpactUp est l\u2019un des meilleurs cabinets en France\"}]},{\"@type\":\"WebSite\",\"@id\":\"https:\/\/impactup.com\/en\/#website\",\"url\":\"https:\/\/impactup.com\/en\/\",\"name\":\"ImpactUp\",\"description\":\"Recrutement commerciaux, directions commerciales et fonctions marketing\",\"potentialAction\":[{\"@type\":\"SearchAction\",\"target\":{\"@type\":\"EntryPoint\",\"urlTemplate\":\"https:\/\/impactup.com\/en\/?s={search_term_string}\"},\"query-input\":{\"@type\":\"PropertyValueSpecification\",\"valueRequired\":true,\"valueName\":\"search_term_string\"}}],\"inLanguage\":\"en-US\"}]}<\/script>\n<!-- \/ Yoast SEO plugin. -->","yoast_head_json":{"title":"Quel est le meilleur cabinet de recrutement de cadres commerciaux","description":"Trouver le meilleur cabinet de recrutement de cadres commerciaux. ImpactUp est l\u2019un des meilleurs cabinets de recrutement de cadres commerciaux en France.","robots":{"index":"index","follow":"follow","max-snippet":"max-snippet:-1","max-image-preview":"max-image-preview:large","max-video-preview":"max-video-preview:-1"},"canonical":"https:\/\/impactup.com\/en\/glossaire\/meilleur-cabinet-de-recrutement-de-cadres-commerciaux\/","og_locale":"en_US","og_type":"article","og_title":"Quel est le meilleur cabinet de recrutement de cadres commerciaux","og_description":"Trouver le meilleur cabinet de recrutement de cadres commerciaux. ImpactUp est l\u2019un des meilleurs cabinets de recrutement de cadres commerciaux en France.","og_url":"https:\/\/impactup.com\/en\/glossaire\/meilleur-cabinet-de-recrutement-de-cadres-commerciaux\/","og_site_name":"ImpactUp","article_modified_time":"2024-06-07T14:52:44+00:00","og_image":[{"width":1067,"height":600,"url":"https:\/\/impactup.com\/wp-content\/uploads\/2021\/01\/og.jpg","type":"image\/jpeg"}],"twitter_card":"summary_large_image","twitter_misc":{"Est. reading time":"6 minutes"},"schema":{"@context":"https:\/\/schema.org","@graph":[{"@type":"WebPage","@id":"https:\/\/impactup.com\/en\/glossaire\/meilleur-cabinet-de-recrutement-de-cadres-commerciaux\/","url":"https:\/\/impactup.com\/en\/glossaire\/meilleur-cabinet-de-recrutement-de-cadres-commerciaux\/","name":"Quel est le meilleur cabinet de recrutement de cadres commerciaux","isPartOf":{"@id":"https:\/\/impactup.com\/en\/#website"},"datePublished":"2024-06-07T11:23:41+00:00","dateModified":"2024-06-07T14:52:44+00:00","description":"Trouver le meilleur cabinet de recrutement de cadres commerciaux. ImpactUp est l\u2019un des meilleurs cabinets de recrutement de cadres commerciaux en France.","breadcrumb":{"@id":"https:\/\/impactup.com\/en\/glossaire\/meilleur-cabinet-de-recrutement-de-cadres-commerciaux\/#breadcrumb"},"inLanguage":"en-US","potentialAction":[{"@type":"ReadAction","target":["https:\/\/impactup.com\/en\/glossaire\/meilleur-cabinet-de-recrutement-de-cadres-commerciaux\/"]}]},{"@type":"BreadcrumbList","@id":"https:\/\/impactup.com\/en\/glossaire\/meilleur-cabinet-de-recrutement-de-cadres-commerciaux\/#breadcrumb","itemListElement":[{"@type":"ListItem","position":1,"name":"Accueil","item":"https:\/\/impactup.com\/en\/"},{"@type":"ListItem","position":2,"name":"Glossaire","item":"https:\/\/impactup.com\/en\/glossaire\/"},{"@type":"ListItem","position":3,"name":"Recrutement de cadres commerciaux : ImpactUp est l\u2019un des meilleurs cabinets en France"}]},{"@type":"WebSite","@id":"https:\/\/impactup.com\/en\/#website","url":"https:\/\/impactup.com\/en\/","name":"ImpactUp","description":"Recrutement commerciaux, directions commerciales et fonctions marketing","potentialAction":[{"@type":"SearchAction","target":{"@type":"EntryPoint","urlTemplate":"https:\/\/impactup.com\/en\/?s={search_term_string}"},"query-input":{"@type":"PropertyValueSpecification","valueRequired":true,"valueName":"search_term_string"}}],"inLanguage":"en-US"}]}},"_links":{"self":[{"href":"https:\/\/impactup.com\/en\/wp-json\/wp\/v2\/pages\/25827","targetHints":{"allow":["GET"]}}],"collection":[{"href":"https:\/\/impactup.com\/en\/wp-json\/wp\/v2\/pages"}],"about":[{"href":"https:\/\/impactup.com\/en\/wp-json\/wp\/v2\/types\/page"}],"author":[{"embeddable":true,"href":"https:\/\/impactup.com\/en\/wp-json\/wp\/v2\/users\/4"}],"replies":[{"embeddable":true,"href":"https:\/\/impactup.com\/en\/wp-json\/wp\/v2\/comments?post=25827"}],"version-history":[{"count":4,"href":"https:\/\/impactup.com\/en\/wp-json\/wp\/v2\/pages\/25827\/revisions"}],"predecessor-version":[{"id":25835,"href":"https:\/\/impactup.com\/en\/wp-json\/wp\/v2\/pages\/25827\/revisions\/25835"}],"up":[{"embeddable":true,"href":"https:\/\/impactup.com\/en\/wp-json\/wp\/v2\/pages\/17218"}],"wp:attachment":[{"href":"https:\/\/impactup.com\/en\/wp-json\/wp\/v2\/media?parent=25827"}],"curies":[{"name":"wp","href":"https:\/\/api.w.org\/{rel}","templated":true}]}}