{"id":25816,"date":"2024-06-07T12:02:39","date_gmt":"2024-06-07T10:02:39","guid":{"rendered":"https:\/\/impactup.niou.dev\/?page_id=25816"},"modified":"2024-06-07T16:35:37","modified_gmt":"2024-06-07T14:35:37","slug":"chasseur-de-tete-commerciaux","status":"publish","type":"page","link":"https:\/\/impactup.com\/en\/glossaire\/chasseur-de-tete-commerciaux\/","title":{"rendered":"ImpactUp, un chasseur de t\u00eate qualifi\u00e9 pour l\u2019embauche de commerciaux"},"content":{"rendered":"<div class=\"wpb-content-wrapper\"><p>[vc_row][vc_column width=&#8221;1\/3&#8243;][vc_btn title=&#8221;Voir notre offre&#8221; color=&#8221;secondarycolor&#8221; align=&#8221;center&#8221; css=&#8221;&#8221; link=&#8221;url:https%3A%2F%2Fimpactup.com%2Frecrutement%2F&#8221;][\/vc_column][vc_column width=&#8221;1\/3&#8243;][vc_btn title=&#8221;Confiez-nous votre projet&#8221; color=&#8221;secondarycolor&#8221; align=&#8221;center&#8221; css=&#8221;&#8221; link=&#8221;url:https%3A%2F%2Fimpactup.com%2Fetude-personnalisee%2F&#8221;][\/vc_column][vc_column width=&#8221;1\/3&#8243;][vc_btn title=&#8221;Contactez-nous&#8221; color=&#8221;secondarycolor&#8221; align=&#8221;center&#8221; css=&#8221;&#8221; link=&#8221;url:https%3A%2F%2Fimpactup.com%2Fcontact%2F&#8221;][\/vc_column][\/vc_row][vc_row css=&#8221;.vc_custom_1717658386032{padding-top: 40px !important;padding-bottom: 20px !important;}&#8221;][vc_column][vc_column_text css=&#8221;&#8221;]<\/p>\n<section style=\"text-align: justify;\">\n<h2>ImpactUp, un chasseur de t\u00eate qualifi\u00e9 pour l\u2019embauche de commerciaux<\/h2>\n<p>Faire appel \u00e0 un <a href=\"https:\/\/impactup.com\/glossaire\/chasseur-de-t%C3%AAte\"><strong>chasseur de t\u00eate<\/strong><\/a> pour le recrutement de <a href=\"https:\/\/impactup.com\/glossaire\/chasseur-de-t%C3%AAte\"><strong>commerciaux<\/strong><\/a> permet de d\u00e9nicher des talents que l\u2019on ne trouve pas forc\u00e9ment sur les plateformes de recherche d\u2019emploi ordinaires. Gr\u00e2ce \u00e0 des techniques de recherche proactive et \u00e0 un r\u00e9seau \u00e9tendu, un chasseur de t\u00eate comme <strong>ImpactUp<\/strong> est capable d\u2019identifier et d\u2019attirer des candidats d\u2019exception, dot\u00e9s des comp\u00e9tences et de l\u2019exp\u00e9rience n\u00e9cessaires pour exceller dans votre entreprise.<\/p>\n<p><strong>\u00a0<\/strong><\/p>\n<\/section>\n<p>[\/vc_column_text][\/vc_column][\/vc_row][vc_row][vc_column width=&#8221;1\/3&#8243;][vc_btn title=&#8221;Voir notre offre&#8221; color=&#8221;secondarycolor&#8221; align=&#8221;center&#8221; css=&#8221;&#8221; link=&#8221;url:https%3A%2F%2Fimpactup.com%2Frecrutement%2F&#8221;][\/vc_column][vc_column width=&#8221;1\/3&#8243;][vc_btn title=&#8221;Confiez-nous votre projet&#8221; color=&#8221;secondarycolor&#8221; align=&#8221;center&#8221; css=&#8221;&#8221; link=&#8221;url:https%3A%2F%2Fimpactup.com%2Fetude-personnalisee%2F&#8221;][\/vc_column][vc_column width=&#8221;1\/3&#8243;][vc_btn title=&#8221;Contactez-nous&#8221; color=&#8221;secondarycolor&#8221; align=&#8221;center&#8221; css=&#8221;&#8221; link=&#8221;url:https%3A%2F%2Fimpactup.com%2Fcontact%2F&#8221;][\/vc_column][\/vc_row][vc_row css=&#8221;.vc_custom_1717658445522{padding-top: 40px !important;}&#8221;][vc_column][vc_column_text css=&#8221;&#8221;]<\/p>\n<section style=\"text-align: justify;\">\n<h2>Optimiser les performances des \u00e9quipes commerciales avec des professionnels qualifi\u00e9s<\/h2>\n<p>Une entreprise qui veut maximiser ses gains et ses performances a tout int\u00e9r\u00eat \u00e0 miser sur des strat\u00e9gies commerciales adapt\u00e9es \u00e0 ses besoins. Et se doter d\u2019\u00e9quipes commerciales efficaces pour mettre la politique en \u0153uvre et s\u2019assurer de l\u2019atteinte des objectifs fix\u00e9s. Les profils commerciaux jouent un r\u00f4le important dans le succ\u00e8s et la croissance d\u2019une entreprise. Ils constituent un lien direct entre l\u2019entreprise et ses clients, repr\u00e9sentant la premi\u00e8re impression et l\u2019image de la marque.<\/p>\n<p>Les \u00e9quipes commerciales poss\u00e8dent des comp\u00e9tences en vente et en n\u00e9gociation, en plus de la capacit\u00e9 de comprendre les besoins des clients et de proposer des solutions adapt\u00e9es, ce qui favorise la fid\u00e9lisation et la satisfaction client. Leur performance impacte directement le chiffre d\u2019affaires et la rentabilit\u00e9 de l\u2019entreprise, car ils sont cens\u00e9s g\u00e9n\u00e9rer des ventes et d\u2019ouvrir de nouveaux march\u00e9s.<\/p>\n<p>Optimiser les performances de ces \u00e9quipes implique de trouver les personnes qui vont les composer. Chacune devra \u00eatre parfaitement taill\u00e9e pour le poste qu\u2019elle va occuper et pour les t\u00e2ches qu\u2019elle aura \u00e0 effectuer. Par ailleurs, il faudra assurer la coh\u00e9sion des \u00e9quipes afin de garantir une collaboration saine et productive.<\/p>\n<p>Pour r\u00e9ussir \u00e0 former de bonnes \u00e9quipes, il est pr\u00e9f\u00e9rable de faire appel \u00e0 des recruteurs fiables. Chez ImpactUp, sp\u00e9cialiste des m\u00e9tiers du commerce, de la vente et du marketing, nous devenons <a href=\"https:\/\/impactup.com\/glossaire\/cabinet-chasseur-de-t%C3%AAte-paris\"><strong>chasseur de t\u00eates pour des postes commerciaux<\/strong><\/a> s\u2019il le faut. Notre objectif est de vous aider \u00e0 trouver les collaborateurs adapt\u00e9s \u00e0 vos activit\u00e9s et \u00e0 vos attentes.<\/p>\n<h2>Recrutement des profils commerciaux<\/h2>\n<p>Compte tenu de l\u2019importance des enjeux des comp\u00e9tences et du savoir-faire de ces professionnels de la vente, et du nombre croissant de soci\u00e9t\u00e9s commerciales qui sont \u00e0 la recherche de collaborateurs, le recours \u00e0 l\u2019expertise d\u2019un <strong>chasseur de t\u00eate<\/strong> pour trouver vos <strong>commerciaux <\/strong>est recommand\u00e9.<\/p>\n<p>Un commercial est un professionnel dont les missions vont bien au-del\u00e0 de la simple vente. En effet, si sa premi\u00e8re t\u00e2che est celle de la prospection de nouveaux clients, il doit \u00e9galement assurer la communication (relative aux produits et services vendus par sa soci\u00e9t\u00e9) entre ces derniers et l\u2019entreprise, ainsi qu\u2019entre les clients cibles et l\u2019entreprise.<\/p>\n<p>Il doit \u00e9galement effectuer un suivi des commandes des clients qui sont \u00e0 sa charge, notamment ceux qui ont \u00e9t\u00e9 acquis par son interm\u00e9diaire. Enfin, il doit concevoir et mettre en \u0153uvre sa strat\u00e9gie de fid\u00e9lisation. Chaque commercial dispose en effet d\u2019un portefeuille de prospects \u00e0 transformer en clients et de d\u2019un portefeuille de clients \u00e0 fid\u00e9liser. Il est par ailleurs souvent pay\u00e9 sur la base de ses performances.<\/p>\n<p>Le commercial est donc celui qui va g\u00e9n\u00e9rer les ventes de l\u2019entreprise et augmenter la production de celle-ci. Il est de ce fait indispensable de trouver les candidats qui disposent des meilleures techniques de prospection et de gestion optimale du portefeuille client.<\/p>\n<p>Un bon candidat est capable d\u2019optimiser ses r\u00e9sultats\u00a0:<\/p>\n<ul>\n<li>Il peut pr\u00e9senter des performances 3 fois sup\u00e9rieures \u00e0 celles de ses coll\u00e8gues\u00a0;<\/li>\n<li>Il repr\u00e9sente une source de motivation pour son \u00e9quipe, qu\u2019il aide \u00e0 relever des d\u00e9fis toujours plus importants\u00a0;<\/li>\n<li>Il est en mesure de v\u00e9hiculer une image hautement positive de votre entreprise, gr\u00e2ce \u00e0 son enthousiasme et son implication\u00a0;<\/li>\n<li>Il peut vous aider \u00e0 cr\u00e9er de nouvelles offres mieux adapt\u00e9es \u00e0 vos cibles, car il fait preuve d\u2019un bon sens de l\u2019\u00e9coute aupr\u00e8s de votre client\u00e8le.<\/li>\n<\/ul>\n<h2>Un chasseur de t\u00eates trouve pour vous les collaborateurs qu\u2019il vous faut<\/h2>\n<p>La mission d\u2019un <a href=\"https:\/\/impactup.com\/glossaire\/cabinet-de-recrutement-consultant-commercial\"><strong>chasseur de t\u00eate <\/strong><\/a>sp\u00e9cialiste en recherche de <a href=\"https:\/\/impactup.com\/glossaire\/cabinet-de-recrutement-consultant-commercial\"><strong>commerciaux <\/strong><\/a>et cadres pour fonctions commerciales est de fournir aux entreprises qui recourent \u00e0 ses services des professionnels qui pourront assumer le poste d\u2019agent ou de cadre commercial avec efficacit\u00e9 bien qu\u2019ils ne disposent pas vraiment du profil requis.<\/p>\n<p>Dans l\u2019optique de d\u00e9nicher la perle rare, ce sp\u00e9cialiste du recrutement utilise la m\u00e9thode dite de l\u2019approche directe, il doit juger l\u2019ad\u00e9quation entre le profil du candidat et les exigences de son futur employeur. L\u2019\u00e9tape suivante consiste \u00e0 passer au crible sa base de donn\u00e9es pour trouver les profils qui r\u00e9pondent aux besoins du recruteur et \u00e0 diffuser les offres d\u2019emploi via les plateformes pr\u00e9vues \u00e0 cet effet.<\/p>\n<p>A la diff\u00e9rence du consultant en recrutement, le chasseur de t\u00eate va \u00e0 la rencontre des candidats potentiels qu\u2019il estime le plus \u00e0 m\u00eame de remplir les crit\u00e8res. Pour recenser les cadres, il utilise plusieurs canaux\u00a0: annonces web et presse \u00e9crite, r\u00e9seaux de professionnels ou encore via le sourcing d\u2019anciens \u00e9l\u00e8ves. L\u2019utilisation des divers canaux consiste \u00e0 inspecter m\u00e9ticuleusement les candidats potentiels qui recherchent activement un poste vacant, mais aussi ceux qui ne sont pas directement \u00e0 l\u2019\u00e9coute du march\u00e9. Ceux-ci restent souvent en veille et peuvent soudainement r\u00e9v\u00e9ler un int\u00e9r\u00eat pour des offres attrayantes. Afin de mener une recherche exhaustive et ne rater aucun des bons candidats, le chasseur de t\u00eates doit parfaitement ma\u00eetriser les recherches bool\u00e9ennes. Force de persuasion et pers\u00e9v\u00e9rance sont \u00e9galement des qualit\u00e9s essentielles \u00e0 l\u2019exercice du m\u00e9tier.<\/p>\n<p>Une fois tous les dossiers de candidature r\u00e9unis, le <strong>chasseur de t\u00eates de profils commerciaux<\/strong> proc\u00e8de \u00e0 l\u2019\u00e9tude et \u00e0 l\u2019\u00e9valuation de chaque CV. Les profils qui correspondent aux exigences du poste seront convoqu\u00e9s pour un entretien.<\/p>\n<p>Pour les chasseurs de t\u00eate, les techniques de mises en situation, les entretiens t\u00e9l\u00e9phoniques, les v\u00e9rifications de r\u00e9f\u00e9rences sont des strat\u00e9gies plus adapt\u00e9es que l\u2019entretien classique pour le recrutement de cadres commerciaux. Les noms des candidats retenus seront alors d\u00e9voil\u00e9s au responsable des ressources humaines de l\u2019entreprise qui r\u00e9alisera \u00e0 son tour d\u2019autres s\u00e9ances d\u2019entretien. Cela permet en outre de comprendre les r\u00e9elles motivations des candidats et de r\u00e9aliser un dernier tri.<\/p>\n<p>Par ailleurs, le chasseur de t\u00eate est connu pour sa capacit\u00e9 \u00e0 approcher directement les profils les plus talentueux. Il mobilise son r\u00e9seau professionnel et personnel pour rep\u00e9rer les perles rares, et s\u2019active pour les convaincre d\u2019int\u00e9grer l\u2019entreprise qui recrute. La soci\u00e9t\u00e9 elle-m\u00eame ne peut le faire, car il serait ill\u00e9gal de d\u00e9baucher l\u2019employ\u00e9 d\u2019un concurrent. Seuls les professionnels du recrutement peuvent, sous certaines r\u00e9serves, user de ce genre d\u2019approche.<\/p>\n<p>Bien s\u00fbr, un cabinet chasseur de t\u00eates vous permet de r\u00e9aliser des gains de temps et de vous concentrer sur votre c\u0153ur d\u2019activit\u00e9. Votre entreprise profitera assur\u00e9ment des conseils avis\u00e9s de ces chasseurs de t\u00eates. Certaines agences sont \u00e9galement capables de vous aider dans la mise en place de votre strat\u00e9gie commerciale.<\/p>\n<h2>Impactup, un chasseur de t\u00eates \u00e0 l\u2019\u00e9coute de vos besoins<\/h2>\n<p>Fort de nombreuses r\u00e9f\u00e9rences, <a href=\"https:\/\/impactup.com\"><strong>Impactup<\/strong><\/a> est un cabinet de recrutement compos\u00e9 de plusieurs <strong>chasseurs de t\u00eates de profils commerciaux<\/strong> exp\u00e9riment\u00e9s. Nous sommes votre principal interlocuteur dans toutes les \u00e9tapes du processus d\u2019embauche, \u00e0 commencer par la d\u00e9finition de vos besoins et l\u2019int\u00e9gration de votre collaborateur, sans oublier les recherches et s\u00e9lections. En faisant appel \u00e0 nos services, vous vous d\u00e9chargez de cette t\u00e2che fastidieuse. Il vous suffit de nous confier votre recrutement et nous nous chargeons du reste.<\/p>\n<p>Gr\u00e2ce \u00e0 notre expertise, vous vous trouvez entre de bonnes mains. En seulement quelques semaines, nous vous proposerons les candidats qui m\u00e9ritent largement le poste d\u2019agent commercial au sein de votre structure. Notre base de donn\u00e9es bien garnie reste une garantie de notre efficacit\u00e9. \u00c0 noter que nous diffusons nos annonces dans la presse et sur des sites sp\u00e9cialis\u00e9s.<\/p>\n<p>L\u2019accompagnement des candidats est une autre des missions d\u2019ImpactUP pour l\u2019atteinte de leurs objectifs professionnels. ImpactUP met en \u0153uvre des m\u00e9thodologies \u00e9prouv\u00e9es pour d\u00e9nicher le candidat id\u00e9al, conform\u00e9ment aux exigences du recruteur :<\/p>\n<ul>\n<li>une plateforme d\u2019\u00e9valuation qui comporte 4 familles d\u2019outils : TalentInitial\u00ae, TalentAttitude\u00ae, TalentBusiness\u00ae et TalentRelation\u00ae ;<\/li>\n<li>un outil en ligne SaaS d\u2019\u00e9valuation qui permet de jauger son niveau en langue \u00e9trang\u00e8re propos\u00e9 en collaboration avec Pipplet.<\/li>\n<\/ul>\n<p>Parmi nos clients se trouvent de nombreux groupes de France et d\u2019ailleurs, convaincus par notre professionnalisme.<\/p>\n<p>&nbsp;<\/p>\n<\/section>\n<p>[\/vc_column_text][\/vc_column][\/vc_row]<\/p>\n<\/div>","protected":false},"excerpt":{"rendered":"<p>[vc_row][vc_column width=&#8221;1\/3&#8243;][vc_btn title=&#8221;Voir notre offre&#8221; color=&#8221;secondarycolor&#8221; align=&#8221;center&#8221; css=&#8221;&#8221; link=&#8221;url:https%3A%2F%2Fimpactup.com%2Frecrutement%2F&#8221;][\/vc_column][vc_column width=&#8221;1\/3&#8243;][vc_btn title=&#8221;Confiez-nous votre projet&#8221; color=&#8221;secondarycolor&#8221; align=&#8221;center&#8221; css=&#8221;&#8221; link=&#8221;url:https%3A%2F%2Fimpactup.com%2Fetude-personnalisee%2F&#8221;][\/vc_column][vc_column width=&#8221;1\/3&#8243;][vc_btn title=&#8221;Contactez-nous&#8221; color=&#8221;secondarycolor&#8221; align=&#8221;center&#8221; css=&#8221;&#8221; link=&#8221;url:https%3A%2F%2Fimpactup.com%2Fcontact%2F&#8221;][\/vc_column][\/vc_row][vc_row css=&#8221;.vc_custom_1717658386032{padding-top: 40px !important;padding-bottom: 20px !important;}&#8221;][vc_column][vc_column_text css=&#8221;&#8221;] ImpactUp, un chasseur de t\u00eate qualifi\u00e9 pour l\u2019embauche de commerciaux Faire appel \u00e0 un chasseur de t\u00eate pour le recrutement de commerciaux permet de d\u00e9nicher des [&hellip;]<\/p>\n","protected":false},"author":4,"featured_media":0,"parent":17218,"menu_order":0,"comment_status":"closed","ping_status":"closed","template":"","meta":{"_monsterinsights_skip_tracking":false,"_monsterinsights_sitenote_active":false,"_monsterinsights_sitenote_note":"","_monsterinsights_sitenote_category":0,"footnotes":""},"class_list":["post-25816","page","type-page","status-publish","hentry"],"yoast_head":"<!-- This site is optimized with the Yoast SEO plugin v27.0 - https:\/\/yoast.com\/product\/yoast-seo-wordpress\/ -->\n<title>Faire appel \u00e0 un chasseur de t\u00eate pour le recrutement de commerciaux<\/title>\n<meta name=\"description\" content=\"il est avantageux de confier le recrutement de commerciaux \u00e0 un chasseur de t\u00eate. ImpactUp est un chasseur de t\u00eate sp\u00e9cialis\u00e9 dans l\u2019embauche de profils commerciaux.\" \/>\n<meta name=\"robots\" content=\"index, follow, max-snippet:-1, max-image-preview:large, max-video-preview:-1\" \/>\n<link rel=\"canonical\" href=\"https:\/\/impactup.com\/en\/glossaire\/chasseur-de-tete-commerciaux\/\" \/>\n<meta property=\"og:locale\" content=\"en_US\" \/>\n<meta property=\"og:type\" content=\"article\" \/>\n<meta property=\"og:title\" content=\"Faire appel \u00e0 un chasseur de t\u00eate pour le recrutement de commerciaux\" \/>\n<meta property=\"og:description\" content=\"il est avantageux de confier le recrutement de commerciaux \u00e0 un chasseur de t\u00eate. ImpactUp est un chasseur de t\u00eate sp\u00e9cialis\u00e9 dans l\u2019embauche de profils commerciaux.\" \/>\n<meta property=\"og:url\" content=\"https:\/\/impactup.com\/en\/glossaire\/chasseur-de-tete-commerciaux\/\" \/>\n<meta property=\"og:site_name\" content=\"ImpactUp\" \/>\n<meta property=\"article:modified_time\" content=\"2024-06-07T14:35:37+00:00\" \/>\n<meta property=\"og:image\" content=\"https:\/\/impactup.com\/wp-content\/uploads\/2021\/01\/og.jpg\" \/>\n\t<meta property=\"og:image:width\" content=\"1067\" \/>\n\t<meta property=\"og:image:height\" content=\"600\" \/>\n\t<meta property=\"og:image:type\" content=\"image\/jpeg\" \/>\n<meta name=\"twitter:card\" content=\"summary_large_image\" \/>\n<meta name=\"twitter:label1\" content=\"Est. reading time\" \/>\n\t<meta name=\"twitter:data1\" content=\"8 minutes\" \/>\n<script type=\"application\/ld+json\" class=\"yoast-schema-graph\">{\"@context\":\"https:\/\/schema.org\",\"@graph\":[{\"@type\":\"WebPage\",\"@id\":\"https:\/\/impactup.com\/en\/glossaire\/chasseur-de-tete-commerciaux\/\",\"url\":\"https:\/\/impactup.com\/en\/glossaire\/chasseur-de-tete-commerciaux\/\",\"name\":\"Faire appel \u00e0 un chasseur de t\u00eate pour le recrutement de commerciaux\",\"isPartOf\":{\"@id\":\"https:\/\/impactup.com\/en\/#website\"},\"datePublished\":\"2024-06-07T10:02:39+00:00\",\"dateModified\":\"2024-06-07T14:35:37+00:00\",\"description\":\"il est avantageux de confier le recrutement de commerciaux \u00e0 un chasseur de t\u00eate. ImpactUp est un chasseur de t\u00eate sp\u00e9cialis\u00e9 dans l\u2019embauche de profils commerciaux.\",\"breadcrumb\":{\"@id\":\"https:\/\/impactup.com\/en\/glossaire\/chasseur-de-tete-commerciaux\/#breadcrumb\"},\"inLanguage\":\"en-US\",\"potentialAction\":[{\"@type\":\"ReadAction\",\"target\":[\"https:\/\/impactup.com\/en\/glossaire\/chasseur-de-tete-commerciaux\/\"]}]},{\"@type\":\"BreadcrumbList\",\"@id\":\"https:\/\/impactup.com\/en\/glossaire\/chasseur-de-tete-commerciaux\/#breadcrumb\",\"itemListElement\":[{\"@type\":\"ListItem\",\"position\":1,\"name\":\"Accueil\",\"item\":\"https:\/\/impactup.com\/en\/\"},{\"@type\":\"ListItem\",\"position\":2,\"name\":\"Glossaire\",\"item\":\"https:\/\/impactup.com\/en\/glossaire\/\"},{\"@type\":\"ListItem\",\"position\":3,\"name\":\"ImpactUp, un chasseur de t\u00eate qualifi\u00e9 pour l\u2019embauche de commerciaux\"}]},{\"@type\":\"WebSite\",\"@id\":\"https:\/\/impactup.com\/en\/#website\",\"url\":\"https:\/\/impactup.com\/en\/\",\"name\":\"ImpactUp\",\"description\":\"Recrutement commerciaux, directions commerciales et fonctions marketing\",\"potentialAction\":[{\"@type\":\"SearchAction\",\"target\":{\"@type\":\"EntryPoint\",\"urlTemplate\":\"https:\/\/impactup.com\/en\/?s={search_term_string}\"},\"query-input\":{\"@type\":\"PropertyValueSpecification\",\"valueRequired\":true,\"valueName\":\"search_term_string\"}}],\"inLanguage\":\"en-US\"}]}<\/script>\n<!-- \/ Yoast SEO plugin. -->","yoast_head_json":{"title":"Faire appel \u00e0 un chasseur de t\u00eate pour le recrutement de commerciaux","description":"il est avantageux de confier le recrutement de commerciaux \u00e0 un chasseur de t\u00eate. ImpactUp est un chasseur de t\u00eate sp\u00e9cialis\u00e9 dans l\u2019embauche de profils commerciaux.","robots":{"index":"index","follow":"follow","max-snippet":"max-snippet:-1","max-image-preview":"max-image-preview:large","max-video-preview":"max-video-preview:-1"},"canonical":"https:\/\/impactup.com\/en\/glossaire\/chasseur-de-tete-commerciaux\/","og_locale":"en_US","og_type":"article","og_title":"Faire appel \u00e0 un chasseur de t\u00eate pour le recrutement de commerciaux","og_description":"il est avantageux de confier le recrutement de commerciaux \u00e0 un chasseur de t\u00eate. ImpactUp est un chasseur de t\u00eate sp\u00e9cialis\u00e9 dans l\u2019embauche de profils commerciaux.","og_url":"https:\/\/impactup.com\/en\/glossaire\/chasseur-de-tete-commerciaux\/","og_site_name":"ImpactUp","article_modified_time":"2024-06-07T14:35:37+00:00","og_image":[{"width":1067,"height":600,"url":"https:\/\/impactup.com\/wp-content\/uploads\/2021\/01\/og.jpg","type":"image\/jpeg"}],"twitter_card":"summary_large_image","twitter_misc":{"Est. reading time":"8 minutes"},"schema":{"@context":"https:\/\/schema.org","@graph":[{"@type":"WebPage","@id":"https:\/\/impactup.com\/en\/glossaire\/chasseur-de-tete-commerciaux\/","url":"https:\/\/impactup.com\/en\/glossaire\/chasseur-de-tete-commerciaux\/","name":"Faire appel \u00e0 un chasseur de t\u00eate pour le recrutement de commerciaux","isPartOf":{"@id":"https:\/\/impactup.com\/en\/#website"},"datePublished":"2024-06-07T10:02:39+00:00","dateModified":"2024-06-07T14:35:37+00:00","description":"il est avantageux de confier le recrutement de commerciaux \u00e0 un chasseur de t\u00eate. ImpactUp est un chasseur de t\u00eate sp\u00e9cialis\u00e9 dans l\u2019embauche de profils commerciaux.","breadcrumb":{"@id":"https:\/\/impactup.com\/en\/glossaire\/chasseur-de-tete-commerciaux\/#breadcrumb"},"inLanguage":"en-US","potentialAction":[{"@type":"ReadAction","target":["https:\/\/impactup.com\/en\/glossaire\/chasseur-de-tete-commerciaux\/"]}]},{"@type":"BreadcrumbList","@id":"https:\/\/impactup.com\/en\/glossaire\/chasseur-de-tete-commerciaux\/#breadcrumb","itemListElement":[{"@type":"ListItem","position":1,"name":"Accueil","item":"https:\/\/impactup.com\/en\/"},{"@type":"ListItem","position":2,"name":"Glossaire","item":"https:\/\/impactup.com\/en\/glossaire\/"},{"@type":"ListItem","position":3,"name":"ImpactUp, un chasseur de t\u00eate qualifi\u00e9 pour l\u2019embauche de commerciaux"}]},{"@type":"WebSite","@id":"https:\/\/impactup.com\/en\/#website","url":"https:\/\/impactup.com\/en\/","name":"ImpactUp","description":"Recrutement commerciaux, directions commerciales et fonctions marketing","potentialAction":[{"@type":"SearchAction","target":{"@type":"EntryPoint","urlTemplate":"https:\/\/impactup.com\/en\/?s={search_term_string}"},"query-input":{"@type":"PropertyValueSpecification","valueRequired":true,"valueName":"search_term_string"}}],"inLanguage":"en-US"}]}},"_links":{"self":[{"href":"https:\/\/impactup.com\/en\/wp-json\/wp\/v2\/pages\/25816","targetHints":{"allow":["GET"]}}],"collection":[{"href":"https:\/\/impactup.com\/en\/wp-json\/wp\/v2\/pages"}],"about":[{"href":"https:\/\/impactup.com\/en\/wp-json\/wp\/v2\/types\/page"}],"author":[{"embeddable":true,"href":"https:\/\/impactup.com\/en\/wp-json\/wp\/v2\/users\/4"}],"replies":[{"embeddable":true,"href":"https:\/\/impactup.com\/en\/wp-json\/wp\/v2\/comments?post=25816"}],"version-history":[{"count":2,"href":"https:\/\/impactup.com\/en\/wp-json\/wp\/v2\/pages\/25816\/revisions"}],"predecessor-version":[{"id":25821,"href":"https:\/\/impactup.com\/en\/wp-json\/wp\/v2\/pages\/25816\/revisions\/25821"}],"up":[{"embeddable":true,"href":"https:\/\/impactup.com\/en\/wp-json\/wp\/v2\/pages\/17218"}],"wp:attachment":[{"href":"https:\/\/impactup.com\/en\/wp-json\/wp\/v2\/media?parent=25816"}],"curies":[{"name":"wp","href":"https:\/\/api.w.org\/{rel}","templated":true}]}}