{"id":25812,"date":"2024-06-07T11:58:30","date_gmt":"2024-06-07T09:58:30","guid":{"rendered":"https:\/\/impactup.niou.dev\/?page_id=25812"},"modified":"2024-06-12T16:40:03","modified_gmt":"2024-06-12T14:40:03","slug":"cabinet-specialise-recrutement-commerciaux","status":"publish","type":"page","link":"https:\/\/impactup.com\/en\/glossaire\/cabinet-specialise-recrutement-commerciaux\/","title":{"rendered":"Recrutement de commerciaux : contactez un cabinet sp\u00e9cialis\u00e9"},"content":{"rendered":"<div class=\"wpb-content-wrapper\"><p>[vc_row][vc_column width=&#8221;1\/3&#8243;][vc_btn title=&#8221;Voir notre offre&#8221; color=&#8221;secondarycolor&#8221; align=&#8221;center&#8221; css=&#8221;&#8221; link=&#8221;url:https%3A%2F%2Fimpactup.com%2Frecrutement%2F&#8221;][\/vc_column][vc_column width=&#8221;1\/3&#8243;][vc_btn title=&#8221;Confiez-nous votre projet&#8221; color=&#8221;secondarycolor&#8221; align=&#8221;center&#8221; css=&#8221;&#8221; link=&#8221;url:https%3A%2F%2Fimpactup.com%2Fetude-personnalisee%2F&#8221;][\/vc_column][vc_column width=&#8221;1\/3&#8243;][vc_btn title=&#8221;Contactez-nous&#8221; color=&#8221;secondarycolor&#8221; align=&#8221;center&#8221; css=&#8221;&#8221; link=&#8221;url:https%3A%2F%2Fimpactup.com%2Fcontact%2F&#8221;][\/vc_column][\/vc_row][vc_row css=&#8221;.vc_custom_1717658386032{padding-top: 40px !important;padding-bottom: 20px !important;}&#8221;][vc_column][vc_column_text css=&#8221;&#8221;]<\/p>\n<section style=\"text-align: justify;\">\n<h2>Recrutement de commerciaux\u00a0: contactez un cabinet sp\u00e9cialis\u00e9<\/h2>\n<p>Un <a href=\"https:\/\/impactup.com\/glossaire\/cabinet-de-recrutement-vendeur-confirm%C3%A9\"><strong>cabinet sp\u00e9cialis\u00e9<\/strong> <strong>dans le<\/strong> <strong>recrutement<\/strong> <strong>de commerciaux<\/strong><\/a> est le partenaire id\u00e9al pour aider les entreprises \u00e0 maximiser leurs chances de succ\u00e8s en mati\u00e8re de recrutement. ImpactUp, avec son expertise dans les domaines du commerce, du marketing et de la vente, se distingue par sa capacit\u00e9 \u00e0 identifier et \u00e0 attirer les meilleurs talents. En collaborant avec ImpactUp, vous b\u00e9n\u00e9ficiez d\u2019un r\u00e9seau \u00e9tendu et d\u2019une m\u00e9thodologie rigoureuse pour d\u00e9nicher les meilleurs collaborateurs partout en France.<\/p>\n<\/section>\n<p>[\/vc_column_text][\/vc_column][\/vc_row][vc_row][vc_column width=&#8221;1\/3&#8243;][vc_btn title=&#8221;Voir notre offre&#8221; color=&#8221;secondarycolor&#8221; align=&#8221;center&#8221; css=&#8221;&#8221; link=&#8221;url:https%3A%2F%2Fimpactup.com%2Frecrutement%2F&#8221;][\/vc_column][vc_column width=&#8221;1\/3&#8243;][vc_btn title=&#8221;Confiez-nous votre projet&#8221; color=&#8221;secondarycolor&#8221; align=&#8221;center&#8221; css=&#8221;&#8221; link=&#8221;url:https%3A%2F%2Fimpactup.com%2Fetude-personnalisee%2F&#8221;][\/vc_column][vc_column width=&#8221;1\/3&#8243;][vc_btn title=&#8221;Contactez-nous&#8221; color=&#8221;secondarycolor&#8221; align=&#8221;center&#8221; css=&#8221;&#8221; link=&#8221;url:https%3A%2F%2Fimpactup.com%2Fcontact%2F&#8221;][\/vc_column][\/vc_row][vc_row css=&#8221;.vc_custom_1717658445522{padding-top: 40px !important;}&#8221;][vc_column][vc_column_text css=&#8221;&#8221;]<\/p>\n<section style=\"text-align: justify;\">\n<h2>Les \u00e9l\u00e9ments \u00e0 prendre en compte lors du recrutement de nouveaux collaborateurs<\/h2>\n<p>Une campagne de recrutement a pour objectif de d\u00e9nicher des personnes taill\u00e9es pour les postes \u00e0 pourvoir. Il est important de d\u00e9finir clairement le profil du poste \u00e0 pourvoir, en pr\u00e9cisant les comp\u00e9tences techniques et les qualifications requises. Cependant, il ne s\u2019agit pas uniquement de trouver les perles rares poss\u00e9dant toutes les comp\u00e9tences et les talents professionnels pour effectuer les t\u00e2ches qui leur seront confi\u00e9es avec efficacit\u00e9. Il faudra \u00e9galement s\u00e9lectionner les candidats avec lesquels vous avez plus de chances de bien vous entendre et qui saura bien s\u2019int\u00e9grer aux \u00e9quipes et \u00e0 l\u2019entreprise en g\u00e9n\u00e9ral. Un bon collaborateur doit partager les valeurs de l\u2019entreprise et \u00eatre en mesure de s\u2019adapter \u00e0 \u00a0l\u2019environnement de travail.<\/p>\n<p>D\u2019autres crit\u00e8res peuvent entrer en ligne de compte comme le lieu de r\u00e9sidence (qui devrait id\u00e9alement \u00eatre pr\u00e8s du lieu de travail) ou les moyens de locomotion\u00a0 utilis\u00e9s s\u2019ils habitent loin. Quelles que soient les fonctions commerciales \u00e0 assumer, un <a href=\"https:\/\/impactup.com\/glossaire\/cabinet-de-recrutement-vendeur\"><strong>cabinet sp\u00e9cialis\u00e9 en recrutement de commerciaux<\/strong><\/a> comme ImpactUp restera le meilleur atout pour assurer le succ\u00e8s de votre campagne de recrutement. Encore plus s\u2019il faut chercher des collaborateurs d\u00e9localis\u00e9s puisque nous sommes pr\u00e9sents dans plusieurs villes de France.<\/p>\n<h2>Recruter des commerciaux\u00a0: agence de recrutement ou chasseur de t\u00eates\u00a0?<\/h2>\n<p>Il existe deux types de professionnels auxquels il est possible de faire appel pour la recherche de collaborateurs comp\u00e9tents et fiables\u00a0: le cabinet de recrutement et le chasseur de t\u00eates. L\u2019un comme l\u2019autre vous \u00e9vitera d\u2019avoir \u00e0 vous charger des t\u00e2ches fastidieuses et chronophages relatives \u00e0 la conception, \u00e0 la mise en \u0153uvre et \u00e0 la gestion d\u2019une campagne de recrutement en interne.<\/p>\n<p>En effet, la recherche de commerciaux talentueux peut prendre beaucoup de temps si le processus est assur\u00e9 en interne. En m\u00eame temps, cela oblige la mobilisation de nombreuses ressources humaines et mat\u00e9rielles, qui devraient \u00eatre affect\u00e9es \u00e0 des t\u00e2ches plus productives. L\u2019externalisation permet aussi de pallier les probl\u00e8mes d\u2019attractivit\u00e9, pour les entreprises qui ont du mal \u00e0 s\u00e9duire les profils les plus talentueux. Dans tous les cas, un cabinet de recrutement sp\u00e9cialis\u00e9 va trouver des commerciaux bien plus rapidement.<\/p>\n<p>Un <strong>cabinet sp\u00e9cialis\u00e9<\/strong> <strong>en recrutement de commerciaux<\/strong> optimisera certes vos chances de trouver les collaborateurs qu\u2019il vous faut. Toutefois, compte tenu de la multiplicit\u00e9 des entreprises qui recrutent, la t\u00e2che s\u2019av\u00e8re complexe. En cas d\u2019\u00e9chec des m\u00e9thodes classiques ou d\u2019urgence de la situation, le recours \u00e0 un chasseur de t\u00eates constitue une alternative qui ne manque pas d\u2019int\u00e9r\u00eat. Cela consiste \u00e0 contacter directement les candidats qui sont encore en poste dans d\u2019autres entreprises, afin de leur soumettre une proposition. Cette m\u00e9thode de recrutement par approche directe donne toujours des r\u00e9sultats \u00e0 la hauteur des attentes des entreprises. Il est toutefois recommand\u00e9 de bien choisir vos prestataires en misant sur l\u2019exp\u00e9rience notamment, ainsi que sur la proximit\u00e9. Pour cela, ImpactUp constitue une r\u00e9f\u00e9rence pour vos projets de recrutement.<\/p>\n<h2>Un cabinet sp\u00e9cialis\u00e9\u00a0: votre meilleur atout pour le recrutement de commerciaux<\/h2>\n<p>Avec l\u2019accompagnement et les conseils d\u2019un <a href=\"https:\/\/impactup.com\/glossaire\/cabinet-de-recrutement-consultant-commercial\"><strong>cabinet sp\u00e9cialis\u00e9<\/strong><\/a>, <a href=\"https:\/\/impactup.com\/glossaire\/cabinet-de-recrutement-consultant-commercial\"><strong>le recrutement<\/strong> <strong>de cadres commerciaux<\/strong><\/a> se fera plus facilement. En effet, compte tenu des enjeux des comp\u00e9tences et de l\u2019efficacit\u00e9 des diff\u00e9rents responsables de la fonction commerciale de l\u2019entreprise, la t\u00e2che s\u2019av\u00e8re quelque peu fastidieuse et peut aussi devenir particuli\u00e8rement chronophage. Or, les performances et l\u2019efficacit\u00e9 de son \u00e9quipe commerciale est l\u2019une des principales bases de la sant\u00e9 financi\u00e8re d\u2019une entreprise, mais \u00e9galement celle de ses relations avec sa client\u00e8le.<\/p>\n<p>Pour assurer le succ\u00e8s de l\u2019entreprise, il importe de trouver les commerciaux les plus performants qui seront aptes \u00e0 optimiser le d\u00e9veloppement de l\u2019entreprise. Pour cela, il est indispensable de recourir aux services d\u2019un <strong>cabinet sp\u00e9cialis\u00e9 dans le recrutement de commerciaux<\/strong>. L\u2019agence de recrutement prend en charge la r\u00e9alisation de toutes les \u00e9tapes relatives au recrutement (d\u00e9finition du poste et du profil adapt\u00e9, \u00e9laboration et diffusion des annonces, s\u00e9lection des candidats, entretien d\u2019embauche\u2026) permettant ainsi \u00e0 l\u2019entreprise de se consacrer \u00e0 ses activit\u00e9s.<\/p>\n<p>Les cabinets de recrutement disposent des comp\u00e9tences n\u00e9cessaires pour choisir les commerciaux qui r\u00e9pondront le mieux aux attentes et exigences de l\u2019entreprise. En faisant appel \u00e0 un professionnel, vous b\u00e9n\u00e9ficiez d\u2019une grande flexibilit\u00e9 permettant de vous recentrer sur votre c\u0153ur de m\u00e9tier. Il faut \u00e9galement noter qu\u2019en mobilisant l\u2019ensemble de votre personnel dans vos campagnes de recrutement, \u00a0vous\u00a0 perdez du temps et de l\u2019argent. En optant pour l\u2019externalisation des processus, vos collaborateurs pourront mieux se concentrer sur des t\u00e2ches plus valorisantes visant \u00e0 assurer une gestion optimale des activit\u00e9s de votre entreprise.<\/p>\n<p>Un sp\u00e9cialiste du recrutement reste ainsi un gage d\u2019efficacit\u00e9 pour tous les dirigeants qui souhaitent se doter rapidement une \u00e9quipe performante. <a href=\"https:\/\/impactup.com\"><strong>ImpactUP<\/strong><\/a> met en \u0153uvre des m\u00e9thodologies pertinentes pour satisfaire \u00e0 toutes les probl\u00e9matiques des entreprises en mati\u00e8re de ressources humaines :<\/p>\n<ul>\n<li>un outil en ligne SaaS d\u2019\u00e9valuation qui donne l\u2019opportunit\u00e9 de valider les comp\u00e9tences dans une langue \u00e9trang\u00e8re propos\u00e9 en collaboration avec Pipplet ;<\/li>\n<li>une plateforme d\u2019\u00e9valuation qui repose sur 4 familles d\u2019outils : TalentRelation\u00ae, TalentBusiness\u00ae, TalentAttitude\u00ae et TalentInitial\u00ae.<\/li>\n<\/ul>\n<p>L\u2019accompagnement des candidats est une autre des activit\u00e9s d\u2019ImpactUP dans ce moment cl\u00e9 de leur parcours professionnel.<\/p>\n<h2>ImpactUP, votre partenaire pour le recrutement de vos commerciaux<\/h2>\n<p>Depuis 2005, le cabinet ImpactUP est un expert dans le recrutement de profils de haut niveau et expert m\u00e9tiers sur des p\u00f4les d\u2019expertise relatifs au marketing et au commerce : responsable webmarketing, business developer, marchandiseur(euse), d\u00e9l\u00e9gu\u00e9 commercial, responsable de promotion des ventes, charg\u00e9(e) de marketing direct, ing\u00e9nieur commercial, et \u00e0 tous les postes strat\u00e9giques de l\u2019organisation : digital marketing manager, directeur(trice) de la relation client, sales administrator, directeur(trice) de marque, directeur(trice) commercial(e) etc.<\/p>\n<p><strong>ImpactUP<\/strong> met \u00e0 la disposition des soci\u00e9t\u00e9s, des PME ou des grands comptes des \u00e9quipes de consultants issus du monde de l\u2019entreprise. Visant la r\u00e9ussite des recrutements au niveau des entreprises, nous proposons notre savoir-faire ainsi que notre expertise dans la recherche et l\u2019\u00e9valuation du potentiel des candidats qui permettront \u00e0 nos clients de se d\u00e9velopper et de b\u00e9n\u00e9ficier d\u2019une rentabilit\u00e9 des activit\u00e9s.<\/p>\n<h2>Des services \u00e0 la hauteur des besoins des entreprises<\/h2>\n<p>Notre premier objectif dans tout processus de recrutement est de trouver des profils performants qui vont contribuer \u00e0 augmenter les parts de march\u00e9 de l\u2019entreprise. Pour ce faire, nous \u00e9tudions minutieusement les comp\u00e9tences techniques des candidats, mais aussi leur personnalit\u00e9. A l\u2019aide d\u2019une s\u00e9rie de tests, nous \u00e9tablissons le degr\u00e9 d\u2019affinit\u00e9 entre chaque personnalit\u00e9 et les exigences du poste en termes de qualit\u00e9s humaines. Nous assurons \u00e9galement un accompagnement pendant les premi\u00e8res semaines du nouveau commercial, afin d\u2019optimiser son int\u00e9gration et sa productivit\u00e9.<\/p>\n<p>Si vous recherchez des commerciaux, nous sommes en mesure de vous offrir diverses prestations de qualit\u00e9 gr\u00e2ce \u00e0 des \u00e9quipes ma\u00eetrisant parfaitement les profils commerciaux. Pour trouver vos commerciaux, nous mettons en application des m\u00e9thodes efficaces comme le recrutement par annonces ou les actions de \u00ab chasse \u00bb. Faites confiance \u00e0 ImpactUP, <strong>cabinet sp\u00e9cialis\u00e9 dans le recrutement de commerciaux<\/strong>. Ainsi, si vous projetez de renforcer votre \u00e9quipe, vous pourrez atteindre votre objectif. Nous pouvons intervenir ponctuellement ou de mani\u00e8re r\u00e9currente selon vos besoins.<\/p>\n<p>Par ailleurs, notre cabinet est le partenaire privil\u00e9gi\u00e9 de nombreux groupes en France et dans diff\u00e9rents pays convaincus par notre professionnalisme. Dans ce sens, vous pouvez nous solliciter dans nos bureaux \u00e0 Paris, Nantes, Bordeaux, Toulouse, La Rochelle, Lyon et Lille. De m\u00eame, nous collaborons \u00a0avec notre confr\u00e8re allemand Market Mission, qui nous aide dans la recherche de candidats de valeur en Allemagne, en Autriche et en Suisse.<\/p>\n<p>Outre les services de recrutement, ImpactUp propose des formations sur mesure dans trois domaines : le recrutement, le style comportemental et le management. Ces modules s\u2019adressent tant aux chefs d\u2019entreprises qu\u2019aux responsables op\u00e9rationnels et aux collaborateurs \u00e9voluant vers des fonctions manag\u00e9riales.<\/p>\n<h2>La r\u00e9ussite\u00a0: une culture que nous cultivons<\/h2>\n<p>ImpactUp a vu le jour depuis de nombreuses ann\u00e9es, et jusqu\u2019\u00e0 ce jour il a men\u00e9 \u00e0 bien le recrutement de plus de 2000 managers et commerciaux \u00e0 travers toute la France.<\/p>\n<p>Nous avons conscience que le recrutement des meilleurs collaborateurs est une probl\u00e9matique cl\u00e9 de nombreuses entreprises, quels que soient leurs tailles et leurs secteurs. C\u2019est pourquoi nous avons mis en place les meilleurs techniques et outils de recherche et de s\u00e9lection afin de garantir un r\u00e9sultat qualitatif et profitant \u00e0 nos clients. Dans cette optique, nous continuons chaque ann\u00e9e d\u2019investir dans les outils les plus performants du march\u00e9.<\/p>\n<p>Notre pragmatisme avec nos \u00e9quipes issues \u00e0 100\u00a0% du terrain et la proximit\u00e9 que nous cultivons avec nos clients, mais aussi nos candidats nous permettent de mener \u00e0 bien notre mission pour chacun de nos clients. Il est important pour nous \u00a0d\u2019\u00e9tablir des relations de confiance avec nos clients, en comprenant leurs besoins sp\u00e9cifiques et en leur fournissant des solutions sur mesure. Notre engagement envers la proximit\u00e9 se manifeste \u00e9galement dans nos relations avec les candidats, que nous accompagnons tout au long du processus de recrutement avec transparence et respect.<\/p>\n<\/section>\n<p>[\/vc_column_text][\/vc_column][\/vc_row]<\/p>\n<\/div>","protected":false},"excerpt":{"rendered":"<p>[vc_row][vc_column width=&#8221;1\/3&#8243;][vc_btn title=&#8221;Voir notre offre&#8221; color=&#8221;secondarycolor&#8221; align=&#8221;center&#8221; css=&#8221;&#8221; link=&#8221;url:https%3A%2F%2Fimpactup.com%2Frecrutement%2F&#8221;][\/vc_column][vc_column width=&#8221;1\/3&#8243;][vc_btn title=&#8221;Confiez-nous votre projet&#8221; color=&#8221;secondarycolor&#8221; align=&#8221;center&#8221; css=&#8221;&#8221; link=&#8221;url:https%3A%2F%2Fimpactup.com%2Fetude-personnalisee%2F&#8221;][\/vc_column][vc_column width=&#8221;1\/3&#8243;][vc_btn title=&#8221;Contactez-nous&#8221; color=&#8221;secondarycolor&#8221; align=&#8221;center&#8221; css=&#8221;&#8221; link=&#8221;url:https%3A%2F%2Fimpactup.com%2Fcontact%2F&#8221;][\/vc_column][\/vc_row][vc_row css=&#8221;.vc_custom_1717658386032{padding-top: 40px !important;padding-bottom: 20px !important;}&#8221;][vc_column][vc_column_text css=&#8221;&#8221;] Recrutement de commerciaux\u00a0: contactez un cabinet sp\u00e9cialis\u00e9 Un cabinet sp\u00e9cialis\u00e9 dans le recrutement de commerciaux est le partenaire id\u00e9al pour aider les entreprises \u00e0 maximiser leurs [&hellip;]<\/p>\n","protected":false},"author":4,"featured_media":0,"parent":17218,"menu_order":0,"comment_status":"closed","ping_status":"closed","template":"","meta":{"_monsterinsights_skip_tracking":false,"_monsterinsights_sitenote_active":false,"_monsterinsights_sitenote_note":"","_monsterinsights_sitenote_category":0,"footnotes":""},"class_list":["post-25812","page","type-page","status-publish","hentry"],"yoast_head":"<!-- This site is optimized with the Yoast SEO plugin v27.0 - https:\/\/yoast.com\/product\/yoast-seo-wordpress\/ -->\n<title>Cabinet sp\u00e9cialis\u00e9 dans le recrutement de profils commerciaux<\/title>\n<meta name=\"description\" content=\"Trouver un cabinet sp\u00e9cialis\u00e9 dans le recrutement de commerciaux qualifi\u00e9s. ImpactUp est un cabinet de recrutement sp\u00e9cialis\u00e9 dans les profils commerciaux.\" \/>\n<meta name=\"robots\" content=\"index, follow, max-snippet:-1, max-image-preview:large, max-video-preview:-1\" \/>\n<link rel=\"canonical\" href=\"https:\/\/impactup.com\/en\/glossaire\/cabinet-specialise-recrutement-commerciaux\/\" \/>\n<meta property=\"og:locale\" content=\"en_US\" \/>\n<meta property=\"og:type\" content=\"article\" \/>\n<meta property=\"og:title\" content=\"Cabinet sp\u00e9cialis\u00e9 dans le recrutement de profils commerciaux\" \/>\n<meta property=\"og:description\" content=\"Trouver un cabinet sp\u00e9cialis\u00e9 dans le recrutement de commerciaux qualifi\u00e9s. ImpactUp est un cabinet de recrutement sp\u00e9cialis\u00e9 dans les profils commerciaux.\" \/>\n<meta property=\"og:url\" content=\"https:\/\/impactup.com\/en\/glossaire\/cabinet-specialise-recrutement-commerciaux\/\" \/>\n<meta property=\"og:site_name\" content=\"ImpactUp\" \/>\n<meta property=\"article:modified_time\" content=\"2024-06-12T14:40:03+00:00\" \/>\n<meta property=\"og:image\" content=\"https:\/\/impactup.com\/wp-content\/uploads\/2021\/01\/og.jpg\" \/>\n\t<meta property=\"og:image:width\" content=\"1067\" \/>\n\t<meta property=\"og:image:height\" content=\"600\" \/>\n\t<meta property=\"og:image:type\" content=\"image\/jpeg\" \/>\n<meta name=\"twitter:card\" content=\"summary_large_image\" \/>\n<meta name=\"twitter:label1\" content=\"Est. reading time\" \/>\n\t<meta name=\"twitter:data1\" content=\"9 minutes\" \/>\n<script type=\"application\/ld+json\" class=\"yoast-schema-graph\">{\"@context\":\"https:\/\/schema.org\",\"@graph\":[{\"@type\":\"WebPage\",\"@id\":\"https:\/\/impactup.com\/en\/glossaire\/cabinet-specialise-recrutement-commerciaux\/\",\"url\":\"https:\/\/impactup.com\/en\/glossaire\/cabinet-specialise-recrutement-commerciaux\/\",\"name\":\"Cabinet sp\u00e9cialis\u00e9 dans le recrutement de profils commerciaux\",\"isPartOf\":{\"@id\":\"https:\/\/impactup.com\/en\/#website\"},\"datePublished\":\"2024-06-07T09:58:30+00:00\",\"dateModified\":\"2024-06-12T14:40:03+00:00\",\"description\":\"Trouver un cabinet sp\u00e9cialis\u00e9 dans le recrutement de commerciaux qualifi\u00e9s. ImpactUp est un cabinet de recrutement sp\u00e9cialis\u00e9 dans les profils commerciaux.\",\"breadcrumb\":{\"@id\":\"https:\/\/impactup.com\/en\/glossaire\/cabinet-specialise-recrutement-commerciaux\/#breadcrumb\"},\"inLanguage\":\"en-US\",\"potentialAction\":[{\"@type\":\"ReadAction\",\"target\":[\"https:\/\/impactup.com\/en\/glossaire\/cabinet-specialise-recrutement-commerciaux\/\"]}]},{\"@type\":\"BreadcrumbList\",\"@id\":\"https:\/\/impactup.com\/en\/glossaire\/cabinet-specialise-recrutement-commerciaux\/#breadcrumb\",\"itemListElement\":[{\"@type\":\"ListItem\",\"position\":1,\"name\":\"Accueil\",\"item\":\"https:\/\/impactup.com\/en\/\"},{\"@type\":\"ListItem\",\"position\":2,\"name\":\"Glossaire\",\"item\":\"https:\/\/impactup.com\/en\/glossaire\/\"},{\"@type\":\"ListItem\",\"position\":3,\"name\":\"Recrutement de commerciaux : contactez un cabinet sp\u00e9cialis\u00e9\"}]},{\"@type\":\"WebSite\",\"@id\":\"https:\/\/impactup.com\/en\/#website\",\"url\":\"https:\/\/impactup.com\/en\/\",\"name\":\"ImpactUp\",\"description\":\"Recrutement commerciaux, directions commerciales et fonctions marketing\",\"potentialAction\":[{\"@type\":\"SearchAction\",\"target\":{\"@type\":\"EntryPoint\",\"urlTemplate\":\"https:\/\/impactup.com\/en\/?s={search_term_string}\"},\"query-input\":{\"@type\":\"PropertyValueSpecification\",\"valueRequired\":true,\"valueName\":\"search_term_string\"}}],\"inLanguage\":\"en-US\"}]}<\/script>\n<!-- \/ Yoast SEO plugin. -->","yoast_head_json":{"title":"Cabinet sp\u00e9cialis\u00e9 dans le recrutement de profils commerciaux","description":"Trouver un cabinet sp\u00e9cialis\u00e9 dans le recrutement de commerciaux qualifi\u00e9s. ImpactUp est un cabinet de recrutement sp\u00e9cialis\u00e9 dans les profils commerciaux.","robots":{"index":"index","follow":"follow","max-snippet":"max-snippet:-1","max-image-preview":"max-image-preview:large","max-video-preview":"max-video-preview:-1"},"canonical":"https:\/\/impactup.com\/en\/glossaire\/cabinet-specialise-recrutement-commerciaux\/","og_locale":"en_US","og_type":"article","og_title":"Cabinet sp\u00e9cialis\u00e9 dans le recrutement de profils commerciaux","og_description":"Trouver un cabinet sp\u00e9cialis\u00e9 dans le recrutement de commerciaux qualifi\u00e9s. ImpactUp est un cabinet de recrutement sp\u00e9cialis\u00e9 dans les profils commerciaux.","og_url":"https:\/\/impactup.com\/en\/glossaire\/cabinet-specialise-recrutement-commerciaux\/","og_site_name":"ImpactUp","article_modified_time":"2024-06-12T14:40:03+00:00","og_image":[{"width":1067,"height":600,"url":"https:\/\/impactup.com\/wp-content\/uploads\/2021\/01\/og.jpg","type":"image\/jpeg"}],"twitter_card":"summary_large_image","twitter_misc":{"Est. reading time":"9 minutes"},"schema":{"@context":"https:\/\/schema.org","@graph":[{"@type":"WebPage","@id":"https:\/\/impactup.com\/en\/glossaire\/cabinet-specialise-recrutement-commerciaux\/","url":"https:\/\/impactup.com\/en\/glossaire\/cabinet-specialise-recrutement-commerciaux\/","name":"Cabinet sp\u00e9cialis\u00e9 dans le recrutement de profils commerciaux","isPartOf":{"@id":"https:\/\/impactup.com\/en\/#website"},"datePublished":"2024-06-07T09:58:30+00:00","dateModified":"2024-06-12T14:40:03+00:00","description":"Trouver un cabinet sp\u00e9cialis\u00e9 dans le recrutement de commerciaux qualifi\u00e9s. ImpactUp est un cabinet de recrutement sp\u00e9cialis\u00e9 dans les profils commerciaux.","breadcrumb":{"@id":"https:\/\/impactup.com\/en\/glossaire\/cabinet-specialise-recrutement-commerciaux\/#breadcrumb"},"inLanguage":"en-US","potentialAction":[{"@type":"ReadAction","target":["https:\/\/impactup.com\/en\/glossaire\/cabinet-specialise-recrutement-commerciaux\/"]}]},{"@type":"BreadcrumbList","@id":"https:\/\/impactup.com\/en\/glossaire\/cabinet-specialise-recrutement-commerciaux\/#breadcrumb","itemListElement":[{"@type":"ListItem","position":1,"name":"Accueil","item":"https:\/\/impactup.com\/en\/"},{"@type":"ListItem","position":2,"name":"Glossaire","item":"https:\/\/impactup.com\/en\/glossaire\/"},{"@type":"ListItem","position":3,"name":"Recrutement de commerciaux : contactez un cabinet sp\u00e9cialis\u00e9"}]},{"@type":"WebSite","@id":"https:\/\/impactup.com\/en\/#website","url":"https:\/\/impactup.com\/en\/","name":"ImpactUp","description":"Recrutement commerciaux, directions commerciales et fonctions marketing","potentialAction":[{"@type":"SearchAction","target":{"@type":"EntryPoint","urlTemplate":"https:\/\/impactup.com\/en\/?s={search_term_string}"},"query-input":{"@type":"PropertyValueSpecification","valueRequired":true,"valueName":"search_term_string"}}],"inLanguage":"en-US"}]}},"_links":{"self":[{"href":"https:\/\/impactup.com\/en\/wp-json\/wp\/v2\/pages\/25812","targetHints":{"allow":["GET"]}}],"collection":[{"href":"https:\/\/impactup.com\/en\/wp-json\/wp\/v2\/pages"}],"about":[{"href":"https:\/\/impactup.com\/en\/wp-json\/wp\/v2\/types\/page"}],"author":[{"embeddable":true,"href":"https:\/\/impactup.com\/en\/wp-json\/wp\/v2\/users\/4"}],"replies":[{"embeddable":true,"href":"https:\/\/impactup.com\/en\/wp-json\/wp\/v2\/comments?post=25812"}],"version-history":[{"count":2,"href":"https:\/\/impactup.com\/en\/wp-json\/wp\/v2\/pages\/25812\/revisions"}],"predecessor-version":[{"id":26561,"href":"https:\/\/impactup.com\/en\/wp-json\/wp\/v2\/pages\/25812\/revisions\/26561"}],"up":[{"embeddable":true,"href":"https:\/\/impactup.com\/en\/wp-json\/wp\/v2\/pages\/17218"}],"wp:attachment":[{"href":"https:\/\/impactup.com\/en\/wp-json\/wp\/v2\/media?parent=25812"}],"curies":[{"name":"wp","href":"https:\/\/api.w.org\/{rel}","templated":true}]}}