{"id":25800,"date":"2024-06-07T11:47:10","date_gmt":"2024-06-07T09:47:10","guid":{"rendered":"https:\/\/impactup.niou.dev\/?page_id=25800"},"modified":"2024-06-07T16:22:31","modified_gmt":"2024-06-07T14:22:31","slug":"cabinet-de-recrutement-directeur-de-clientele","status":"publish","type":"page","link":"https:\/\/impactup.com\/en\/glossaire\/cabinet-de-recrutement-directeur-de-clientele\/","title":{"rendered":"Recrutement de directeur de client\u00e8le avec l\u2019aide d\u2019un cabinet sp\u00e9cialis\u00e9"},"content":{"rendered":"<div class=\"wpb-content-wrapper\"><p>[vc_row][vc_column width=&#8221;1\/3&#8243;][vc_btn title=&#8221;Voir notre offre&#8221; color=&#8221;secondarycolor&#8221; align=&#8221;center&#8221; css=&#8221;&#8221; link=&#8221;url:https%3A%2F%2Fimpactup.com%2Frecrutement%2F&#8221;][\/vc_column][vc_column width=&#8221;1\/3&#8243;][vc_btn title=&#8221;Confiez-nous votre projet&#8221; color=&#8221;secondarycolor&#8221; align=&#8221;center&#8221; css=&#8221;&#8221; link=&#8221;url:https%3A%2F%2Fimpactup.com%2Fetude-personnalisee%2F&#8221;][\/vc_column][vc_column width=&#8221;1\/3&#8243;][vc_btn title=&#8221;Contactez-nous&#8221; color=&#8221;secondarycolor&#8221; align=&#8221;center&#8221; css=&#8221;&#8221; link=&#8221;url:https%3A%2F%2Fimpactup.com%2Fcontact%2F&#8221;][\/vc_column][\/vc_row][vc_row css=&#8221;.vc_custom_1717658386032{padding-top: 40px !important;padding-bottom: 20px !important;}&#8221;][vc_column][vc_column_text css=&#8221;&#8221;]<\/p>\n<section style=\"text-align: justify;\">\n<h2><strong>Recrutement de directeur de client\u00e8le avec l\u2019aide d\u2019un cabinet sp\u00e9cialis\u00e9<\/strong><\/h2>\n<p>Faire appel \u00e0 un <a href=\"https:\/\/impactup.com\/glossaire\/cabinet-de-recrutement-directeur-de-magasin\"><strong>cabinet de recrutement<\/strong> <strong>pour l\u2019embauche d\u2019un<\/strong> <strong>directeur de client\u00e8le<\/strong><\/a> est une solution qui pr\u00e9sente des avantages pratiques et \u00e9conomiques pour l\u2019entreprise. Quoi qu\u2019il en soit, il est pr\u00e9f\u00e9rable de s\u2019adresser \u00e0 une agence sp\u00e9cialis\u00e9e. Pour les fonctions commerciales et marketing, <strong>ImpactUp<\/strong> est un partenaire \u00e0 privil\u00e9gier.<\/p>\n<\/section>\n<p>[\/vc_column_text][\/vc_column][\/vc_row][vc_row][vc_column width=&#8221;1\/3&#8243;][vc_btn title=&#8221;Voir notre offre&#8221; color=&#8221;secondarycolor&#8221; align=&#8221;center&#8221; css=&#8221;&#8221; link=&#8221;url:https%3A%2F%2Fimpactup.com%2Frecrutement%2F&#8221;][\/vc_column][vc_column width=&#8221;1\/3&#8243;][vc_btn title=&#8221;Confiez-nous votre projet&#8221; color=&#8221;secondarycolor&#8221; align=&#8221;center&#8221; css=&#8221;&#8221; link=&#8221;url:https%3A%2F%2Fimpactup.com%2Fetude-personnalisee%2F&#8221;][\/vc_column][vc_column width=&#8221;1\/3&#8243;][vc_btn title=&#8221;Contactez-nous&#8221; color=&#8221;secondarycolor&#8221; align=&#8221;center&#8221; css=&#8221;&#8221; link=&#8221;url:https%3A%2F%2Fimpactup.com%2Fcontact%2F&#8221;][\/vc_column][\/vc_row][vc_row css=&#8221;.vc_custom_1717658445522{padding-top: 40px !important;}&#8221;][vc_column][vc_column_text css=&#8221;&#8221;]<\/p>\n<section style=\"text-align: justify;\">\n<h2><strong>Quand les services d\u2019un cabinet de recrutement s\u2019imposent-ils\u00a0?<\/strong><\/h2>\n<p>Dans un contexte \u00e9conomique fortement concurrentiel, les entreprises s\u2019appuient sur leur directeur de client\u00e8le pour d\u00e9velopper leur portefeuille client et grignoter ainsi des parts de march\u00e9. Le directeur de client\u00e8le \u00e9labore et supervise la strat\u00e9gie d\u2019acquisition et de fid\u00e9lisation. Manager d\u2019\u00e9quipe, il supervise la mise en \u0153uvre des actions de prospection sur les canaux physiques et num\u00e9riques, fixe les objectifs et donne les orientations strat\u00e9giques pour mieux cibler les clients.<\/p>\n<p>Avec le num\u00e9rique, le m\u00e9tier de directeur de la client\u00e8le se sp\u00e9cialise de plus en plus, et les comp\u00e9tences requises \u00e9voluent. D\u00e9sormais, les campagnes de communication des entreprises passent par les canaux de diffusion num\u00e9rique, lesquels constituent \u00e9galement des plateformes de prospection id\u00e9ales. Maitriser les sp\u00e9cificit\u00e9s des plateformes num\u00e9riques, principalement des r\u00e9seaux sociaux, est aujourd\u2019hui un pr\u00e9requis pour acc\u00e9der au m\u00e9tier. Par ailleurs, une exp\u00e9rience probante dans le marketing ou la communication demeure indispensable pour \u00e9voluer vers le m\u00e9tier de directeur de client\u00e8le.<\/p>\n<p>Bon nombre d\u2019entreprises des secteurs du commerce et de la vente pr\u00e9f\u00e8rent recourir aux services d\u2019un <a href=\"https:\/\/impactup.com\/glossaire\/cabinet-de-recrutement-direction-commerciale\"><strong>cabinet de recrutement<\/strong> <strong>pour trouver leur<\/strong> <strong>directeur de client\u00e8le<\/strong><\/a> ou tout autre cadre dirigeant ou ex\u00e9cutif qui doit occuper des postes-cl\u00e9s au sein de leur structure. Les raisons de cette d\u00e9cision sont multiples \u00e0 commencer par le caract\u00e8re fastidieux de la conception et de la mise en \u0153uvre d\u2019une strat\u00e9gie de recrutement adapt\u00e9e. Ensuite, les investissements en temps et en argent relatifs \u00e0 un recrutement peuvent \u00eatre \u00e9normes notamment si les comp\u00e9tences et le profil requis pour le poste sont tr\u00e8s sp\u00e9cifiques.<\/p>\n<p>Enfin, il y a \u00e9galement le risque de p\u00e9nurie de candidats de valeur parce qu\u2019ils sont d\u00e9j\u00e0 tous en poste quelque part. Parfois, il faut faire appel \u00e0 des chasseurs de t\u00eate, surtout si les m\u00e9thodes classiques de recrutement ne donnent pas de bons r\u00e9sultats. Il est utile de pr\u00e9ciser ici que certains cabinets de recrutement proposent des services de chasse de t\u00eate. Cette approche, qui consiste \u00e0 contacter directement une personne d\u00e9j\u00e0 en poste, est interdite aux entreprises. Ces derni\u00e8res ne peuvent d\u00e9baucher les salari\u00e9s qui travaillent chez un autre. Ainsi, seul le chasseur de t\u00eate peut acc\u00e9der \u00e0 ces profils, qui sont souvent les plus talentueux du march\u00e9. C\u2019est parfois une obligation lorsqu\u2019il s\u2019agit de chercher une perle rare, et souvent une option int\u00e9ressante lorsque l\u2019entreprise qui recrute rencontre des probl\u00e8mes d\u2019attractivit\u00e9.<\/p>\n<h2><strong>Que fait un directeur de client\u00e8le\u00a0?<\/strong><\/h2>\n<p>Le directeur de client\u00e8le est le premier responsable du service client\u00e8le de l\u2019entreprise. Il lui revient de concevoir et de mettre en \u0153uvre, mais \u00e9galement de r\u00e9aliser le suivi des strat\u00e9gies commerciales et marketing relatives \u00e0 la gestion des relations avec les clients et les prospects. L\u2019identification et l\u2019\u00e9tude des besoins de la client\u00e8le et la mise en place des strat\u00e9gies pour y r\u00e9pondre lui incombent \u00e9galement. Ce poste n\u00e9cessite de ce fait une personne qui dispose \u00e0 la fois de solides comp\u00e9tences manag\u00e9riales et commerciales.<\/p>\n<p>Compte tenu de la complexit\u00e9 des missions d\u2019un <strong>directeur de client\u00e8le<\/strong>, <strong>l\u2019expertise d\u2019un<\/strong> <strong>cabinet de recrutement<\/strong> sera d\u2019une aide pr\u00e9cieuse pour d\u00e9nicher la bonne personne, \u00e0 condition de trouver des recruteurs fiables et exp\u00e9riment\u00e9s, \u00e0 m\u00eame de r\u00e9pondre aux besoins de vos activit\u00e9s. En choisissant le recruteur, il vaut mieux opter pour une agence sp\u00e9cialis\u00e9e. En effet, vu la sp\u00e9cificit\u00e9 du poste, il est plus judicieux de missionner des consultants qui connaissent parfaitement le m\u00e9tier concern\u00e9 et ses enjeux. Les personnes travaillant dans un cabinet sp\u00e9cialis\u00e9 comme <strong>ImpactUP<\/strong> sont issus de la profession, ce sont des hommes et des femmes de terrain parfaitement capables d\u2019appr\u00e9hender et de conjuguer les attentes des entreprises et celles des candidats.<\/p>\n<h2><strong>Le profil du directeur de client\u00e8le<\/strong><\/h2>\n<p>Le profil type d\u2019un <a href=\"https:\/\/impactup.com\/glossaire\/cabinet-de-recrutement-dirigeant-commercial\"><strong>directeur de client\u00e8le<\/strong> <strong>\u00e0 soumettre \u00e0 un<\/strong> <strong>cabinet de recrutement<\/strong><\/a> est assez sp\u00e9cifique. Le ou la pr\u00e9tendant(e) \u00e0 ce poste devra \u00eatre dipl\u00f4m\u00e9(e) d\u2019une \u00e9cole de commerce et sp\u00e9cialis\u00e9(e) en management, marketing et communication. Il doit \u00eatre rigoureux et disposer de grandes capacit\u00e9s d\u2019analyse, de synth\u00e8se et de persuasion, avoir le sens de l\u2019\u00e9coute et de la cr\u00e9ativit\u00e9, et enfin savoir faire preuve de diplomatie. L\u2019aptitude \u00e0 s\u2019adapter \u00e0 toutes sortes de situations et aux nouvelles technologies et la pratique de plusieurs langues \u00e9trang\u00e8res constituent des atouts de taille.<\/p>\n<p>Le directeur client\u00e8le doit ainsi justifier d\u2019une parfaite maitrise technique de la gestion client\u00e8le, y compris les CRM, tout en pr\u00e9sentant des qualit\u00e9s humaines et relationnelles bien d\u00e9termin\u00e9es. Seul un cabinet sp\u00e9cialis\u00e9 peut disposer des ressources et de r\u00e9seaux assez importants pour pouvoir trouver des candidats talentueux dans des d\u00e9lais raisonnables.<\/p>\n<h2><strong>Les crit\u00e8res de choix du cabinet de recrutement de votre directeur de client\u00e8le<\/strong><\/h2>\n<p>Le <strong>cabinet de recrutement<\/strong> <strong>charg\u00e9 de trouver votre<\/strong> <strong>directeur de client\u00e8le<\/strong> doit pouvoir r\u00e9pondre \u00e0 vos besoins. C\u2019est la raison pour laquelle il faudra bien choisir ce prestataire. Avant de commencer la prospection de l\u2019agence toutefois, vous devrez clairement identifier vos attentes concernant votre futur collaborateur et les exigences du poste. Ensuite, dans la mesure du possible, faites une premi\u00e8re s\u00e9lection parmi les cabinets sp\u00e9cialis\u00e9s dans les fonctions de vente et commerciales. Connaissant bien le domaine, ils seront plus \u00e0 m\u00eame de proc\u00e9der plus efficacement aux recherches. Les autres \u00e9l\u00e9ments \u00e0 consid\u00e9rer pour la comparaison des diff\u00e9rents prestataires incluent\u00a0: les m\u00e9thodes de recrutement employ\u00e9es, le tarif, la qualit\u00e9 des services et de la communication avec les clients ainsi que la r\u00e9putation et la satisfaction des clients pass\u00e9s et pr\u00e9sents. Avant de fixer votre choix, pensez \u00e0 prendre rendez-vous pour vous faire une id\u00e9e des ressources qui seront d\u00e9ploy\u00e9es pour la prise en charge de votre projet.<\/p>\n<h2><strong>ImpactUP, un cabinet de recrutement fiable<\/strong><\/h2>\n<p><strong>ImpactUP<\/strong> est une agence sp\u00e9cialis\u00e9e dans le ciblage et le recrutement de cadres de haut niveau sur des p\u00f4les d\u2019expertise li\u00e9s au marketing et au commerce : directeur(trice) commercial(e), directeur(trice) de marque, responsable webmarketing, responsable de promotion des ventes, charg\u00e9(e) de marketing direct, business developer, marchandiseur(euse), ing\u00e9nieur commercial, d\u00e9l\u00e9gu\u00e9 commercial ainsi que les postes-cl\u00e9s de l\u2019entreprise : directeur(trice) de magasin, digital marketing manager, key account manager, etc. Vous pouvez donc confier la recherche de votre futur <strong>directeur de client\u00e8le<\/strong> \u00e0 ImpactUP. Notre <strong>cabinet de recrutement<\/strong> dispose de m\u00e9thodes de s\u00e9lection efficaces qui vous garantissent l\u2019efficacit\u00e9 et les comp\u00e9tences de votre nouveau collaborateur. En effet, en plus de leurs comp\u00e9tences et de leur parcours professionnel, les qualit\u00e9s et le potentiel personnel des candidats seront \u00e9galement pris en compte dans le recrutement et \u00e9valu\u00e9s par des tests de personnalit\u00e9 fiables.<\/p>\n<p>Notre d\u00e9marche suit une m\u00e9thodologie pr\u00e9cise en commen\u00e7ant par la d\u00e9finition de vos besoins\u00a0: mission, objectifs, t\u00e2ches, profil, formation\u2026 \u00e0 partir desquels nous allons dresser une description du poste et l\u2019offre d\u2019emploi. Nous utilisons ensuite plusieurs canaux pour nos recherches\u00a0: int\u00e9gration de l\u2019offre sur notre site, approche directe et diffusion d\u2019annonces sur les supports choisis par nos clients. Nous effectuons ensuite une pr\u00e9s\u00e9lection via des entretiens t\u00e9l\u00e9phoniques puis une s\u00e9lection via des entretiens physiques et des tests avec nos consultants exp\u00e9riment\u00e9s. Le cabinet vous pr\u00e9sente \u00e0 la suite de cela une liste des candidats retenus avec leurs dossiers et recommandations. Enfin, nous effectuons un suivi du candidat jusqu\u2019\u00e0 l\u2019embauche d\u00e9finitive et son int\u00e9gration.<\/p>\n<p>Notre approche est bas\u00e9e essentiellement sur le pragmatisme, la proximit\u00e9 et l\u2019exigence de r\u00e9sultat. Dans cette optique, nous \u00e9laborons diff\u00e9rentes strat\u00e9gies et utilisons des outils innovants et performants (TalentBusiness\u00ae, TalentInitial\u00ae, TalentRelation\u00ae et TalentAttitude\u00ae) pour d\u00e9nicher le profil id\u00e9al, conform\u00e9ment aux attentes du recruteur. De m\u00eame, nous mettons en \u0153uvre un outil en ligne SaaS d\u2019\u00e9valuation qui permet de valider les comp\u00e9tences des candidats dans une langue \u00e9trang\u00e8re propos\u00e9e en collaboration avec Pipplet. \u00c0 travers ces diff\u00e9rentes solutions, vous pouvez \u00eatre s\u00fbr que nous ne vous proposerons que des personnes r\u00e9pondant parfaitement \u00e0 vos besoins.<\/p>\n<p>L\u2019accompagnement des candidats est une autre des missions d\u2019<a href=\"https:\/\/impactup.com\/\"><strong>ImpactUP<\/strong><\/a> pour l\u2019atteinte de leurs objectifs professionnels.<\/p>\n<p>Notez \u00e9galement qu\u2019un sp\u00e9cialiste du recrutement vous permettra de gagner du temps et donc de l\u2019argent. Des agences de recrutement comme la n\u00f4tre disposent d\u2019ailleurs d\u2019un p\u00f4le destin\u00e9 \u00e0 vous accompagner dans l\u2019identification d\u2019une solution marketing.<\/p>\n<p>De nombreux groupes de diff\u00e9rentes nationalit\u00e9s nous font confiance, convaincus par notre professionnalisme.<\/p>\n<\/section>\n<p>[\/vc_column_text][\/vc_column][\/vc_row]<\/p>\n<\/div>","protected":false},"excerpt":{"rendered":"<p>[vc_row][vc_column width=&#8221;1\/3&#8243;][vc_btn title=&#8221;Voir notre offre&#8221; color=&#8221;secondarycolor&#8221; align=&#8221;center&#8221; css=&#8221;&#8221; link=&#8221;url:https%3A%2F%2Fimpactup.com%2Frecrutement%2F&#8221;][\/vc_column][vc_column width=&#8221;1\/3&#8243;][vc_btn title=&#8221;Confiez-nous votre projet&#8221; color=&#8221;secondarycolor&#8221; align=&#8221;center&#8221; css=&#8221;&#8221; link=&#8221;url:https%3A%2F%2Fimpactup.com%2Fetude-personnalisee%2F&#8221;][\/vc_column][vc_column width=&#8221;1\/3&#8243;][vc_btn title=&#8221;Contactez-nous&#8221; color=&#8221;secondarycolor&#8221; align=&#8221;center&#8221; css=&#8221;&#8221; link=&#8221;url:https%3A%2F%2Fimpactup.com%2Fcontact%2F&#8221;][\/vc_column][\/vc_row][vc_row css=&#8221;.vc_custom_1717658386032{padding-top: 40px !important;padding-bottom: 20px !important;}&#8221;][vc_column][vc_column_text css=&#8221;&#8221;] Recrutement de directeur de client\u00e8le avec l\u2019aide d\u2019un cabinet sp\u00e9cialis\u00e9 Faire appel \u00e0 un cabinet de recrutement pour l\u2019embauche d\u2019un directeur de client\u00e8le est une solution [&hellip;]<\/p>\n","protected":false},"author":4,"featured_media":0,"parent":17218,"menu_order":0,"comment_status":"closed","ping_status":"closed","template":"","meta":{"_monsterinsights_skip_tracking":false,"_monsterinsights_sitenote_active":false,"_monsterinsights_sitenote_note":"","_monsterinsights_sitenote_category":0,"footnotes":""},"class_list":["post-25800","page","type-page","status-publish","hentry"],"yoast_head":"<!-- This site is optimized with the Yoast SEO plugin v27.0 - https:\/\/yoast.com\/product\/yoast-seo-wordpress\/ -->\n<title>Cabinet de recrutement de directeur de client\u00e8le<\/title>\n<meta name=\"description\" content=\"Trouver un cabinet pour le recrutement de votre directeur de client\u00e8le. ImpactUp est le cabinet de recrutement qui d\u00e9nichera votre directeur de client\u00e8le.\" \/>\n<meta name=\"robots\" content=\"index, follow, max-snippet:-1, max-image-preview:large, max-video-preview:-1\" \/>\n<link rel=\"canonical\" href=\"https:\/\/impactup.com\/en\/glossaire\/cabinet-de-recrutement-directeur-de-clientele\/\" \/>\n<meta property=\"og:locale\" content=\"en_US\" \/>\n<meta property=\"og:type\" content=\"article\" \/>\n<meta property=\"og:title\" content=\"Cabinet de recrutement de directeur de client\u00e8le\" \/>\n<meta property=\"og:description\" content=\"Trouver un cabinet pour le recrutement de votre directeur de client\u00e8le. ImpactUp est le cabinet de recrutement qui d\u00e9nichera votre directeur de client\u00e8le.\" \/>\n<meta property=\"og:url\" content=\"https:\/\/impactup.com\/en\/glossaire\/cabinet-de-recrutement-directeur-de-clientele\/\" \/>\n<meta property=\"og:site_name\" content=\"ImpactUp\" \/>\n<meta property=\"article:modified_time\" content=\"2024-06-07T14:22:31+00:00\" \/>\n<meta property=\"og:image\" content=\"https:\/\/impactup.com\/wp-content\/uploads\/2021\/01\/og.jpg\" \/>\n\t<meta property=\"og:image:width\" content=\"1067\" \/>\n\t<meta property=\"og:image:height\" content=\"600\" \/>\n\t<meta property=\"og:image:type\" content=\"image\/jpeg\" \/>\n<meta name=\"twitter:card\" content=\"summary_large_image\" \/>\n<meta name=\"twitter:label1\" content=\"Est. reading time\" \/>\n\t<meta name=\"twitter:data1\" content=\"8 minutes\" \/>\n<script type=\"application\/ld+json\" class=\"yoast-schema-graph\">{\"@context\":\"https:\/\/schema.org\",\"@graph\":[{\"@type\":\"WebPage\",\"@id\":\"https:\/\/impactup.com\/en\/glossaire\/cabinet-de-recrutement-directeur-de-clientele\/\",\"url\":\"https:\/\/impactup.com\/en\/glossaire\/cabinet-de-recrutement-directeur-de-clientele\/\",\"name\":\"Cabinet de recrutement de directeur de client\u00e8le\",\"isPartOf\":{\"@id\":\"https:\/\/impactup.com\/en\/#website\"},\"datePublished\":\"2024-06-07T09:47:10+00:00\",\"dateModified\":\"2024-06-07T14:22:31+00:00\",\"description\":\"Trouver un cabinet pour le recrutement de votre directeur de client\u00e8le. ImpactUp est le cabinet de recrutement qui d\u00e9nichera votre directeur de client\u00e8le.\",\"breadcrumb\":{\"@id\":\"https:\/\/impactup.com\/en\/glossaire\/cabinet-de-recrutement-directeur-de-clientele\/#breadcrumb\"},\"inLanguage\":\"en-US\",\"potentialAction\":[{\"@type\":\"ReadAction\",\"target\":[\"https:\/\/impactup.com\/en\/glossaire\/cabinet-de-recrutement-directeur-de-clientele\/\"]}]},{\"@type\":\"BreadcrumbList\",\"@id\":\"https:\/\/impactup.com\/en\/glossaire\/cabinet-de-recrutement-directeur-de-clientele\/#breadcrumb\",\"itemListElement\":[{\"@type\":\"ListItem\",\"position\":1,\"name\":\"Accueil\",\"item\":\"https:\/\/impactup.com\/en\/\"},{\"@type\":\"ListItem\",\"position\":2,\"name\":\"Glossaire\",\"item\":\"https:\/\/impactup.com\/en\/glossaire\/\"},{\"@type\":\"ListItem\",\"position\":3,\"name\":\"Recrutement de directeur de client\u00e8le avec l\u2019aide d\u2019un cabinet sp\u00e9cialis\u00e9\"}]},{\"@type\":\"WebSite\",\"@id\":\"https:\/\/impactup.com\/en\/#website\",\"url\":\"https:\/\/impactup.com\/en\/\",\"name\":\"ImpactUp\",\"description\":\"Recrutement commerciaux, directions commerciales et fonctions marketing\",\"potentialAction\":[{\"@type\":\"SearchAction\",\"target\":{\"@type\":\"EntryPoint\",\"urlTemplate\":\"https:\/\/impactup.com\/en\/?s={search_term_string}\"},\"query-input\":{\"@type\":\"PropertyValueSpecification\",\"valueRequired\":true,\"valueName\":\"search_term_string\"}}],\"inLanguage\":\"en-US\"}]}<\/script>\n<!-- \/ Yoast SEO plugin. -->","yoast_head_json":{"title":"Cabinet de recrutement de directeur de client\u00e8le","description":"Trouver un cabinet pour le recrutement de votre directeur de client\u00e8le. ImpactUp est le cabinet de recrutement qui d\u00e9nichera votre directeur de client\u00e8le.","robots":{"index":"index","follow":"follow","max-snippet":"max-snippet:-1","max-image-preview":"max-image-preview:large","max-video-preview":"max-video-preview:-1"},"canonical":"https:\/\/impactup.com\/en\/glossaire\/cabinet-de-recrutement-directeur-de-clientele\/","og_locale":"en_US","og_type":"article","og_title":"Cabinet de recrutement de directeur de client\u00e8le","og_description":"Trouver un cabinet pour le recrutement de votre directeur de client\u00e8le. ImpactUp est le cabinet de recrutement qui d\u00e9nichera votre directeur de client\u00e8le.","og_url":"https:\/\/impactup.com\/en\/glossaire\/cabinet-de-recrutement-directeur-de-clientele\/","og_site_name":"ImpactUp","article_modified_time":"2024-06-07T14:22:31+00:00","og_image":[{"width":1067,"height":600,"url":"https:\/\/impactup.com\/wp-content\/uploads\/2021\/01\/og.jpg","type":"image\/jpeg"}],"twitter_card":"summary_large_image","twitter_misc":{"Est. reading time":"8 minutes"},"schema":{"@context":"https:\/\/schema.org","@graph":[{"@type":"WebPage","@id":"https:\/\/impactup.com\/en\/glossaire\/cabinet-de-recrutement-directeur-de-clientele\/","url":"https:\/\/impactup.com\/en\/glossaire\/cabinet-de-recrutement-directeur-de-clientele\/","name":"Cabinet de recrutement de directeur de client\u00e8le","isPartOf":{"@id":"https:\/\/impactup.com\/en\/#website"},"datePublished":"2024-06-07T09:47:10+00:00","dateModified":"2024-06-07T14:22:31+00:00","description":"Trouver un cabinet pour le recrutement de votre directeur de client\u00e8le. ImpactUp est le cabinet de recrutement qui d\u00e9nichera votre directeur de client\u00e8le.","breadcrumb":{"@id":"https:\/\/impactup.com\/en\/glossaire\/cabinet-de-recrutement-directeur-de-clientele\/#breadcrumb"},"inLanguage":"en-US","potentialAction":[{"@type":"ReadAction","target":["https:\/\/impactup.com\/en\/glossaire\/cabinet-de-recrutement-directeur-de-clientele\/"]}]},{"@type":"BreadcrumbList","@id":"https:\/\/impactup.com\/en\/glossaire\/cabinet-de-recrutement-directeur-de-clientele\/#breadcrumb","itemListElement":[{"@type":"ListItem","position":1,"name":"Accueil","item":"https:\/\/impactup.com\/en\/"},{"@type":"ListItem","position":2,"name":"Glossaire","item":"https:\/\/impactup.com\/en\/glossaire\/"},{"@type":"ListItem","position":3,"name":"Recrutement de directeur de client\u00e8le avec l\u2019aide d\u2019un cabinet sp\u00e9cialis\u00e9"}]},{"@type":"WebSite","@id":"https:\/\/impactup.com\/en\/#website","url":"https:\/\/impactup.com\/en\/","name":"ImpactUp","description":"Recrutement commerciaux, directions commerciales et fonctions marketing","potentialAction":[{"@type":"SearchAction","target":{"@type":"EntryPoint","urlTemplate":"https:\/\/impactup.com\/en\/?s={search_term_string}"},"query-input":{"@type":"PropertyValueSpecification","valueRequired":true,"valueName":"search_term_string"}}],"inLanguage":"en-US"}]}},"_links":{"self":[{"href":"https:\/\/impactup.com\/en\/wp-json\/wp\/v2\/pages\/25800","targetHints":{"allow":["GET"]}}],"collection":[{"href":"https:\/\/impactup.com\/en\/wp-json\/wp\/v2\/pages"}],"about":[{"href":"https:\/\/impactup.com\/en\/wp-json\/wp\/v2\/types\/page"}],"author":[{"embeddable":true,"href":"https:\/\/impactup.com\/en\/wp-json\/wp\/v2\/users\/4"}],"replies":[{"embeddable":true,"href":"https:\/\/impactup.com\/en\/wp-json\/wp\/v2\/comments?post=25800"}],"version-history":[{"count":1,"href":"https:\/\/impactup.com\/en\/wp-json\/wp\/v2\/pages\/25800\/revisions"}],"predecessor-version":[{"id":25804,"href":"https:\/\/impactup.com\/en\/wp-json\/wp\/v2\/pages\/25800\/revisions\/25804"}],"up":[{"embeddable":true,"href":"https:\/\/impactup.com\/en\/wp-json\/wp\/v2\/pages\/17218"}],"wp:attachment":[{"href":"https:\/\/impactup.com\/en\/wp-json\/wp\/v2\/media?parent=25800"}],"curies":[{"name":"wp","href":"https:\/\/api.w.org\/{rel}","templated":true}]}}