{"id":25791,"date":"2024-06-07T11:30:03","date_gmt":"2024-06-07T09:30:03","guid":{"rendered":"https:\/\/impactup.niou.dev\/?page_id=25791"},"modified":"2024-06-07T16:21:12","modified_gmt":"2024-06-07T14:21:12","slug":"cabinet-de-recrutement-directeur-commercial-toulouse","status":"publish","type":"page","link":"https:\/\/impactup.com\/en\/glossaire\/cabinet-de-recrutement-directeur-commercial-toulouse\/","title":{"rendered":"ImpactUp : un cabinet pour le recrutement d\u2019un directeur commercial \u00e0 Toulouse"},"content":{"rendered":"<div class=\"wpb-content-wrapper\"><p>[vc_row][vc_column width=&#8221;1\/3&#8243;][vc_btn title=&#8221;Voir notre offre&#8221; color=&#8221;secondarycolor&#8221; align=&#8221;center&#8221; css=&#8221;&#8221; link=&#8221;url:https%3A%2F%2Fimpactup.com%2Frecrutement%2F&#8221;][\/vc_column][vc_column width=&#8221;1\/3&#8243;][vc_btn title=&#8221;Confiez-nous votre projet&#8221; color=&#8221;secondarycolor&#8221; align=&#8221;center&#8221; css=&#8221;&#8221; link=&#8221;url:https%3A%2F%2Fimpactup.com%2Fetude-personnalisee%2F&#8221;][\/vc_column][vc_column width=&#8221;1\/3&#8243;][vc_btn title=&#8221;Contactez-nous&#8221; color=&#8221;secondarycolor&#8221; align=&#8221;center&#8221; css=&#8221;&#8221; link=&#8221;url:https%3A%2F%2Fimpactup.com%2Fcontact%2F&#8221;][\/vc_column][\/vc_row][vc_row css=&#8221;.vc_custom_1717658386032{padding-top: 40px !important;padding-bottom: 20px !important;}&#8221;][vc_column][vc_column_text css=&#8221;&#8221;]<\/p>\n<section style=\"text-align: justify;\">\n<h2><strong>ImpactUp\u00a0: un cabinet pour le recrutement d\u2019un directeur commercial \u00e0 Toulouse<\/strong><\/h2>\n<p>Comment trouver les meilleurs collaborateurs pour garantir le succ\u00e8s de votre entreprise\u00a0? Adressez-vous au <a href=\"https:\/\/impactup.com\/glossaire\/cabinet-de-recrutement-marketing-toulouse\"><strong>cabinet ImpactUp pour le recrutement de directeur commercial ou autres profils \u00e0 Toulouse<\/strong><\/a>. Il met \u00e0 votre disposition son expertise et son vaste r\u00e9seau pour vous aider \u00e0 r\u00e9ussir vos projets d\u2019embauche.<\/p>\n<\/section>\n<p>[\/vc_column_text][\/vc_column][\/vc_row][vc_row][vc_column width=&#8221;1\/3&#8243;][vc_btn title=&#8221;Voir notre offre&#8221; color=&#8221;secondarycolor&#8221; align=&#8221;center&#8221; css=&#8221;&#8221; link=&#8221;url:https%3A%2F%2Fimpactup.com%2Frecrutement%2F&#8221;][\/vc_column][vc_column width=&#8221;1\/3&#8243;][vc_btn title=&#8221;Confiez-nous votre projet&#8221; color=&#8221;secondarycolor&#8221; align=&#8221;center&#8221; css=&#8221;&#8221; link=&#8221;url:https%3A%2F%2Fimpactup.com%2Fetude-personnalisee%2F&#8221;][\/vc_column][vc_column width=&#8221;1\/3&#8243;][vc_btn title=&#8221;Contactez-nous&#8221; color=&#8221;secondarycolor&#8221; align=&#8221;center&#8221; css=&#8221;&#8221; link=&#8221;url:https%3A%2F%2Fimpactup.com%2Fcontact%2F&#8221;][\/vc_column][\/vc_row][vc_row css=&#8221;.vc_custom_1717658445522{padding-top: 40px !important;}&#8221;][vc_column][vc_column_text css=&#8221;&#8221;]<\/p>\n<section style=\"text-align: justify;\">\n<h2><strong>Pourquoi bien choisir votre directeur commercial\u00a0?<\/strong><\/h2>\n<p>Que l\u2019entreprise soit sp\u00e9cialis\u00e9e dans le BtoB ou dans le BtoC, le r\u00f4le principal d\u2019un directeur commercial consiste \u00e0 concevoir, mettre en place, piloter la strat\u00e9gie commerciale. L\u2019objectif est notamment d\u2019optimiser le volume des ventes et de maximiser le chiffre d\u2019affaires, tout en prenant soin de l\u2019image et de la notori\u00e9t\u00e9 de la soci\u00e9t\u00e9. La motivation des \u00e9quipes commerciales (forces de vente mobile ou fixe, etc.) et la supervision de leur travail rel\u00e8vent \u00e9galement de sa responsabilit\u00e9.<\/p>\n<p>Dans la pratique, le directeur commercial \u00e9labore avec la direction g\u00e9n\u00e9rale la politique des prix fixe et supervise l\u2019atteinte des objectifs de vente \u00e0 court, moyen et long terme. C\u2019est \u00e9galement au directeur commercial que revient la charge de d\u00e9velopper le r\u00e9seau de distribution et d\u2019effectuer une veille concurrentielle dans le but de r\u00e9orienter, le cas \u00e9ch\u00e9ant, la strat\u00e9gie en place.<\/p>\n<p>Il y va sans dire qu\u2019il s\u2019agit d\u2019une fonction strat\u00e9gique puisqu\u2019elle est le garant du d\u00e9veloppement des ventes, des parts de march\u00e9 et in fine de la p\u00e9rennit\u00e9 de l\u2019entreprise.<\/p>\n<p>Pour assurer ses missions, le directeur commercial doit avoir certaines qualit\u00e9s comme\u00a0:<\/p>\n<ul>\n<li>La capacit\u00e9 d\u2019organisation\u00a0: il doit \u00eatre en mesure de coordonner efficacement son activit\u00e9 ainsi que celle de son \u00e9quipe pour r\u00e9ussir une mise en \u0153uvre de la strat\u00e9gie commerciale.<\/li>\n<li>L&#8217;autonomie\u00a0: il doit pouvoir g\u00e9rer son \u00e9quipe de mani\u00e8re ind\u00e9pendante tout en prenant des d\u00e9cisions capitales.<\/li>\n<li>L\u2019aisance relationnelle\u00a0: il doit \u00eatre capable de maintenir une communication fluide et efficace entre la direction de l&#8217;entreprise et son \u00e9quipe commerciale.<\/li>\n<li>L\u2019int\u00e9grit\u00e9 et l\u2019adaptabilit\u00e9\u00a0: il doit pouvoir interagir avec divers interlocuteurs, \u00e9voluer dans des environnements vari\u00e9s et g\u00e9rer des horaires flexibles.<\/li>\n<li>Un bon sens de l&#8217;argumentation afin de n\u00e9gocier avec succ\u00e8s des contrats de vente.<\/li>\n<li>Une grande r\u00e9sistance \u00e0 la pression pour pouvoir faire face aux d\u00e9fis et aux challenges inh\u00e9rents au poste de directeur commercial.<\/li>\n<\/ul>\n<p>Ces qualit\u00e9s sont n\u00e9cessaires pour exercer de mani\u00e8re efficace et optimale cette fonction.<\/p>\n<p>Compte tenu de l\u2019importance des comp\u00e9tences de la personne qui occupera ce poste pour le d\u00e9veloppement des activit\u00e9s de l\u2019entreprise et ses performances, il est primordial de la choisir avec soin. Recourir aux services d\u2019un <a href=\"https:\/\/impactup.com\/glossaire\/cabinet-de-recrutement-business-developer-toulouse\"><strong>cabinet de recrutement<\/strong> <strong>pour embaucher un<\/strong> <strong>directeur commercial<\/strong> <strong>\u00e0 Toulouse<\/strong><\/a> est alors recommand\u00e9. Sp\u00e9cialiste des m\u00e9tiers de la vente, du marketing et du commerce, <strong>ImpactUp<\/strong> est une agence fiable et exp\u00e9riment\u00e9e qui vous aidera \u00e0 trouver celui ou celle dont le profil r\u00e9pondra exactement \u00e0 vos attentes et aux besoins du poste \u00e0 pourvoir.<\/p>\n<h2><strong>Les avantages du recours \u00e0 un cabinet de recrutement<\/strong><\/h2>\n<p>L\u2019externalisation des op\u00e9rations de recrutement aupr\u00e8s d\u2019une agence repr\u00e9sente la meilleure alternative pour les entreprises qui ne disposent pas d\u2019un d\u00e9partement d\u00e9di\u00e9 \u00e0 la recherche de nouveaux collaborateurs, ou qui ne souhaitent pas en cr\u00e9er un. Cette solution ne manque d\u2019ailleurs pas d\u2019avantages pratiques, \u00e0 commencer par l\u2019\u00e9conomie de temps. Un processus de recrutement est particuli\u00e8rement chronophage et peut vite devenir fastidieux si le poste est difficile \u00e0 pourvoir.<\/p>\n<p>Confier la recherche de votre <strong>directeur commercial<\/strong> <strong>\u00e0 Toulouse \u00e0 un<\/strong> <strong>cabinet de recrutement<\/strong> situ\u00e9 dans cette ville est \u00e9galement recommand\u00e9 s\u2019il s\u2019agit de trouver un collaborateur pour votre antenne dans cette zone. Vous \u00e9viterez de vous d\u00e9placer pour proc\u00e9der vous-m\u00eame \u00e0 la prospection. Pr\u00e9sente \u00e0 Toulouse depuis plusieurs ann\u00e9es, <a href=\"https:\/\/impactup.com\/\"><strong>ImpactUp<\/strong><\/a> continue d\u2019accompagner les entreprises qui font appel \u00e0 ses services dans le recrutement de cadres de haut niveau pour assumer des postes relatifs \u00e0 la vente, aux strat\u00e9gies commerciales ou au marketing.<\/p>\n<p>En faisant appel au cabinet de recrutement <strong>ImpactUp<\/strong>, vous vous assurez des prestations sur mesure et un accompagnement expert \u00e0 chaque \u00e9tape du processus de recrutement. Nous intervenons en amont pour vous aider \u00e0 mettre au clair les attentes pour le poste\u00a0: les missions et objectifs escompt\u00e9s, le profil recherch\u00e9 ou encore les conditions d\u2019embauche. Nous prenons ensuite en charge la recherche et le sourcing des candidats, au moyen d\u2019outils d\u2019\u00e9valuation innovants.<\/p>\n<h2><strong>ImpactUp, cabinet fran\u00e7ais de recrutement de cadres pour les entreprises commerciales<\/strong><\/h2>\n<p>ImpactUp est une agence de recrutement fran\u00e7aise qui s\u2019adresse essentiellement aux entreprises commerciales, PME et grands groupes, de l\u2019Hexagone ou \u00e9trangers souhaitant s\u2019implanter ou renforcer leurs \u00e9quipes en France. Nous sommes pr\u00e9sents en r\u00e9gion parisienne, \u00e0 Lyon, Lille, La Rochelle, Nantes, Bordeaux et Toulouse. Nos m\u00e9thodes de travail allient l\u2019exp\u00e9rience et le savoir-faire de nos consultants-recruteurs \u00e0 l\u2019efficacit\u00e9 des outils digitaux que nous utilisons pour l\u2019\u00e9valuation des candidats (TalentInitial\u00ae, TalentAttitude\u00ae, TalentBusiness\u00ae et TalentRelation\u00ae ou encore Pipplet).<\/p>\n<p>Vous pouvez ainsi vous adresser en toute confiance \u00e0 notre <a href=\"https:\/\/impactup.com\/glossaire\/cabinet-de-recrutement-commercial-export-toulouse\"><strong>cabinet de recrutement<\/strong> <strong>pour trouver votre directeur commercial \u00e0 Toulouse<\/strong><\/a>. \u00c0 noter que nous sommes \u00e9galement experts en chasse de t\u00eate, une technique que nous mettons \u00e0 profit lorsque les proc\u00e9dures classiques font chou blanc. Quels que soient les professionnels (directeurs marketing, responsables commerciaux, vendeurs, commerciaux de terrain, etc.) dont votre entreprise a besoin, nous sommes en mesure de vous d\u00e9nicher des profils talentueux r\u00e9pondant \u00e0 vos exigences.<\/p>\n<p>Nous privil\u00e9gions une approche ax\u00e9e sur vos besoins, dans un souci constant de trouver des candidats capables d\u2019augmenter vos parts de march\u00e9. Dans ce contexte, nous rep\u00e9rons les profils les plus int\u00e9ressants, et mettons en \u0153uvre une m\u00e9thodologie de recrutement efficace pour accompagner l\u2019int\u00e9gration de nouveaux collaborateurs au sein de votre entreprise. En effet, il serait dommage de trouver un bon directeur commercial pour votre structure \u00e0 Toulouse, et de le laisser partir vers la concurrence \u00e0 la suite d\u2019une rupture pr\u00e9matur\u00e9e. Nos m\u00e9thodes et l\u2019exp\u00e9rience de nos consultants nous permettent de r\u00e9ussir une embauche efficace qui constitue un r\u00e9el investissement pour votre entreprise. Avec notre cabinet de recrutement, les risques de pertes li\u00e9s au turn over sont minimis\u00e9s gr\u00e2ce \u00e0 une fine analyse des candidatures et de la fiche de poste, ainsi que la place accord\u00e9e \u00e0 l\u2019environnement de l\u2019entreprise dans le processus de recrutement.<\/p>\n<p>Outre le recrutement de professionnels commerciaux, nous proposons \u00e9galement aux grandes entreprises et PME des offres de conseils et de d\u00e9veloppement commercial. Dans ce sens, nous assurons diverses missions comme l\u2019organisation commerciale, la d\u00e9finition des strat\u00e9gies commerciales, le pilotage de projet CRM, la supervision et motivation des \u00e9quipes commerciales, etc.<\/p>\n<p>De m\u00eame, nous disposons d\u2019une division distribution et retail accompagnant les clients dans la recherche de profils performants, capables d\u2019entretenir et de d\u00e9velopper une relation de confiance avec les consommateurs. Notre \u00e9quipe assure \u00e9galement le coaching de vos collaborateurs\u00a0: directeur de magasin, directeur export, responsable de boutique, responsable merchandising&#8230;<\/p>\n<p>Par ailleurs, pour vos demandes sp\u00e9cifiques, vous pouvez vous adresser directement \u00e0 nos conseillers sur le site qui sont \u00e0 votre disposition en temps r\u00e9el.<\/p>\n<\/section>\n<p>[\/vc_column_text][\/vc_column][\/vc_row]<\/p>\n<\/div>","protected":false},"excerpt":{"rendered":"<p>[vc_row][vc_column width=&#8221;1\/3&#8243;][vc_btn title=&#8221;Voir notre offre&#8221; color=&#8221;secondarycolor&#8221; align=&#8221;center&#8221; css=&#8221;&#8221; link=&#8221;url:https%3A%2F%2Fimpactup.com%2Frecrutement%2F&#8221;][\/vc_column][vc_column width=&#8221;1\/3&#8243;][vc_btn title=&#8221;Confiez-nous votre projet&#8221; color=&#8221;secondarycolor&#8221; align=&#8221;center&#8221; css=&#8221;&#8221; link=&#8221;url:https%3A%2F%2Fimpactup.com%2Fetude-personnalisee%2F&#8221;][\/vc_column][vc_column width=&#8221;1\/3&#8243;][vc_btn title=&#8221;Contactez-nous&#8221; color=&#8221;secondarycolor&#8221; align=&#8221;center&#8221; css=&#8221;&#8221; link=&#8221;url:https%3A%2F%2Fimpactup.com%2Fcontact%2F&#8221;][\/vc_column][\/vc_row][vc_row css=&#8221;.vc_custom_1717658386032{padding-top: 40px !important;padding-bottom: 20px !important;}&#8221;][vc_column][vc_column_text css=&#8221;&#8221;] ImpactUp\u00a0: un cabinet pour le recrutement d\u2019un directeur commercial \u00e0 Toulouse Comment trouver les meilleurs collaborateurs pour garantir le succ\u00e8s de votre entreprise\u00a0? Adressez-vous au cabinet [&hellip;]<\/p>\n","protected":false},"author":4,"featured_media":0,"parent":17218,"menu_order":0,"comment_status":"closed","ping_status":"closed","template":"","meta":{"_monsterinsights_skip_tracking":false,"_monsterinsights_sitenote_active":false,"_monsterinsights_sitenote_note":"","_monsterinsights_sitenote_category":0,"footnotes":""},"class_list":["post-25791","page","type-page","status-publish","hentry"],"yoast_head":"<!-- This site is optimized with the Yoast SEO plugin v27.0 - https:\/\/yoast.com\/product\/yoast-seo-wordpress\/ -->\n<title>Un cabinet \u00e0 Toulouse pour le recrutement de directeur commercial.<\/title>\n<meta name=\"description\" content=\"Pour l\u2019embauche d&#039;un directeur commercial \u00e0 Toulouse, faites-vous accompagner un cabinet de recrutement comp\u00e9tent. ImpactUp est un cabinet sp\u00e9cialis\u00e9 dans le recrutement de directeur commercial \u00e0 Toulouse.\" \/>\n<meta name=\"robots\" content=\"index, follow, max-snippet:-1, max-image-preview:large, max-video-preview:-1\" \/>\n<link rel=\"canonical\" href=\"https:\/\/impactup.com\/en\/glossaire\/cabinet-de-recrutement-directeur-commercial-toulouse\/\" \/>\n<meta property=\"og:locale\" content=\"en_US\" \/>\n<meta property=\"og:type\" content=\"article\" \/>\n<meta property=\"og:title\" content=\"Un cabinet \u00e0 Toulouse pour le recrutement de directeur commercial.\" \/>\n<meta property=\"og:description\" content=\"Pour l\u2019embauche d&#039;un directeur commercial \u00e0 Toulouse, faites-vous accompagner un cabinet de recrutement comp\u00e9tent. ImpactUp est un cabinet sp\u00e9cialis\u00e9 dans le recrutement de directeur commercial \u00e0 Toulouse.\" \/>\n<meta property=\"og:url\" content=\"https:\/\/impactup.com\/en\/glossaire\/cabinet-de-recrutement-directeur-commercial-toulouse\/\" \/>\n<meta property=\"og:site_name\" content=\"ImpactUp\" \/>\n<meta property=\"article:modified_time\" content=\"2024-06-07T14:21:12+00:00\" \/>\n<meta property=\"og:image\" content=\"https:\/\/impactup.com\/wp-content\/uploads\/2021\/01\/og.jpg\" \/>\n\t<meta property=\"og:image:width\" content=\"1067\" \/>\n\t<meta property=\"og:image:height\" content=\"600\" \/>\n\t<meta property=\"og:image:type\" content=\"image\/jpeg\" \/>\n<meta name=\"twitter:card\" content=\"summary_large_image\" \/>\n<meta name=\"twitter:label1\" content=\"Est. reading time\" \/>\n\t<meta name=\"twitter:data1\" content=\"7 minutes\" \/>\n<script type=\"application\/ld+json\" class=\"yoast-schema-graph\">{\"@context\":\"https:\/\/schema.org\",\"@graph\":[{\"@type\":\"WebPage\",\"@id\":\"https:\/\/impactup.com\/en\/glossaire\/cabinet-de-recrutement-directeur-commercial-toulouse\/\",\"url\":\"https:\/\/impactup.com\/en\/glossaire\/cabinet-de-recrutement-directeur-commercial-toulouse\/\",\"name\":\"Un cabinet \u00e0 Toulouse pour le recrutement de directeur commercial.\",\"isPartOf\":{\"@id\":\"https:\/\/impactup.com\/en\/#website\"},\"datePublished\":\"2024-06-07T09:30:03+00:00\",\"dateModified\":\"2024-06-07T14:21:12+00:00\",\"description\":\"Pour l\u2019embauche d'un directeur commercial \u00e0 Toulouse, faites-vous accompagner un cabinet de recrutement comp\u00e9tent. ImpactUp est un cabinet sp\u00e9cialis\u00e9 dans le recrutement de directeur commercial \u00e0 Toulouse.\",\"breadcrumb\":{\"@id\":\"https:\/\/impactup.com\/en\/glossaire\/cabinet-de-recrutement-directeur-commercial-toulouse\/#breadcrumb\"},\"inLanguage\":\"en-US\",\"potentialAction\":[{\"@type\":\"ReadAction\",\"target\":[\"https:\/\/impactup.com\/en\/glossaire\/cabinet-de-recrutement-directeur-commercial-toulouse\/\"]}]},{\"@type\":\"BreadcrumbList\",\"@id\":\"https:\/\/impactup.com\/en\/glossaire\/cabinet-de-recrutement-directeur-commercial-toulouse\/#breadcrumb\",\"itemListElement\":[{\"@type\":\"ListItem\",\"position\":1,\"name\":\"Accueil\",\"item\":\"https:\/\/impactup.com\/en\/\"},{\"@type\":\"ListItem\",\"position\":2,\"name\":\"Glossaire\",\"item\":\"https:\/\/impactup.com\/en\/glossaire\/\"},{\"@type\":\"ListItem\",\"position\":3,\"name\":\"ImpactUp : un cabinet pour le recrutement d\u2019un directeur commercial \u00e0 Toulouse\"}]},{\"@type\":\"WebSite\",\"@id\":\"https:\/\/impactup.com\/en\/#website\",\"url\":\"https:\/\/impactup.com\/en\/\",\"name\":\"ImpactUp\",\"description\":\"Recrutement commerciaux, directions commerciales et fonctions marketing\",\"potentialAction\":[{\"@type\":\"SearchAction\",\"target\":{\"@type\":\"EntryPoint\",\"urlTemplate\":\"https:\/\/impactup.com\/en\/?s={search_term_string}\"},\"query-input\":{\"@type\":\"PropertyValueSpecification\",\"valueRequired\":true,\"valueName\":\"search_term_string\"}}],\"inLanguage\":\"en-US\"}]}<\/script>\n<!-- \/ Yoast SEO plugin. -->","yoast_head_json":{"title":"Un cabinet \u00e0 Toulouse pour le recrutement de directeur commercial.","description":"Pour l\u2019embauche d'un directeur commercial \u00e0 Toulouse, faites-vous accompagner un cabinet de recrutement comp\u00e9tent. ImpactUp est un cabinet sp\u00e9cialis\u00e9 dans le recrutement de directeur commercial \u00e0 Toulouse.","robots":{"index":"index","follow":"follow","max-snippet":"max-snippet:-1","max-image-preview":"max-image-preview:large","max-video-preview":"max-video-preview:-1"},"canonical":"https:\/\/impactup.com\/en\/glossaire\/cabinet-de-recrutement-directeur-commercial-toulouse\/","og_locale":"en_US","og_type":"article","og_title":"Un cabinet \u00e0 Toulouse pour le recrutement de directeur commercial.","og_description":"Pour l\u2019embauche d'un directeur commercial \u00e0 Toulouse, faites-vous accompagner un cabinet de recrutement comp\u00e9tent. ImpactUp est un cabinet sp\u00e9cialis\u00e9 dans le recrutement de directeur commercial \u00e0 Toulouse.","og_url":"https:\/\/impactup.com\/en\/glossaire\/cabinet-de-recrutement-directeur-commercial-toulouse\/","og_site_name":"ImpactUp","article_modified_time":"2024-06-07T14:21:12+00:00","og_image":[{"width":1067,"height":600,"url":"https:\/\/impactup.com\/wp-content\/uploads\/2021\/01\/og.jpg","type":"image\/jpeg"}],"twitter_card":"summary_large_image","twitter_misc":{"Est. reading time":"7 minutes"},"schema":{"@context":"https:\/\/schema.org","@graph":[{"@type":"WebPage","@id":"https:\/\/impactup.com\/en\/glossaire\/cabinet-de-recrutement-directeur-commercial-toulouse\/","url":"https:\/\/impactup.com\/en\/glossaire\/cabinet-de-recrutement-directeur-commercial-toulouse\/","name":"Un cabinet \u00e0 Toulouse pour le recrutement de directeur commercial.","isPartOf":{"@id":"https:\/\/impactup.com\/en\/#website"},"datePublished":"2024-06-07T09:30:03+00:00","dateModified":"2024-06-07T14:21:12+00:00","description":"Pour l\u2019embauche d'un directeur commercial \u00e0 Toulouse, faites-vous accompagner un cabinet de recrutement comp\u00e9tent. ImpactUp est un cabinet sp\u00e9cialis\u00e9 dans le recrutement de directeur commercial \u00e0 Toulouse.","breadcrumb":{"@id":"https:\/\/impactup.com\/en\/glossaire\/cabinet-de-recrutement-directeur-commercial-toulouse\/#breadcrumb"},"inLanguage":"en-US","potentialAction":[{"@type":"ReadAction","target":["https:\/\/impactup.com\/en\/glossaire\/cabinet-de-recrutement-directeur-commercial-toulouse\/"]}]},{"@type":"BreadcrumbList","@id":"https:\/\/impactup.com\/en\/glossaire\/cabinet-de-recrutement-directeur-commercial-toulouse\/#breadcrumb","itemListElement":[{"@type":"ListItem","position":1,"name":"Accueil","item":"https:\/\/impactup.com\/en\/"},{"@type":"ListItem","position":2,"name":"Glossaire","item":"https:\/\/impactup.com\/en\/glossaire\/"},{"@type":"ListItem","position":3,"name":"ImpactUp : un cabinet pour le recrutement d\u2019un directeur commercial \u00e0 Toulouse"}]},{"@type":"WebSite","@id":"https:\/\/impactup.com\/en\/#website","url":"https:\/\/impactup.com\/en\/","name":"ImpactUp","description":"Recrutement commerciaux, directions commerciales et fonctions marketing","potentialAction":[{"@type":"SearchAction","target":{"@type":"EntryPoint","urlTemplate":"https:\/\/impactup.com\/en\/?s={search_term_string}"},"query-input":{"@type":"PropertyValueSpecification","valueRequired":true,"valueName":"search_term_string"}}],"inLanguage":"en-US"}]}},"_links":{"self":[{"href":"https:\/\/impactup.com\/en\/wp-json\/wp\/v2\/pages\/25791","targetHints":{"allow":["GET"]}}],"collection":[{"href":"https:\/\/impactup.com\/en\/wp-json\/wp\/v2\/pages"}],"about":[{"href":"https:\/\/impactup.com\/en\/wp-json\/wp\/v2\/types\/page"}],"author":[{"embeddable":true,"href":"https:\/\/impactup.com\/en\/wp-json\/wp\/v2\/users\/4"}],"replies":[{"embeddable":true,"href":"https:\/\/impactup.com\/en\/wp-json\/wp\/v2\/comments?post=25791"}],"version-history":[{"count":3,"href":"https:\/\/impactup.com\/en\/wp-json\/wp\/v2\/pages\/25791\/revisions"}],"predecessor-version":[{"id":25795,"href":"https:\/\/impactup.com\/en\/wp-json\/wp\/v2\/pages\/25791\/revisions\/25795"}],"up":[{"embeddable":true,"href":"https:\/\/impactup.com\/en\/wp-json\/wp\/v2\/pages\/17218"}],"wp:attachment":[{"href":"https:\/\/impactup.com\/en\/wp-json\/wp\/v2\/media?parent=25791"}],"curies":[{"name":"wp","href":"https:\/\/api.w.org\/{rel}","templated":true}]}}