{"id":25782,"date":"2024-06-07T11:19:07","date_gmt":"2024-06-07T09:19:07","guid":{"rendered":"https:\/\/impactup.niou.dev\/?page_id=25782"},"modified":"2024-06-07T16:25:54","modified_gmt":"2024-06-07T14:25:54","slug":"cabinet-de-recrutement-sud-ouest","status":"publish","type":"page","link":"https:\/\/impactup.com\/en\/glossaire\/cabinet-de-recrutement-sud-ouest\/","title":{"rendered":"\u00c0 quel cabinet de recrutement du Sud-Ouest s\u2019adresser ?"},"content":{"rendered":"<div class=\"wpb-content-wrapper\"><p>[vc_row][vc_column width=&#8221;1\/3&#8243;][vc_btn title=&#8221;Voir notre offre&#8221; color=&#8221;secondarycolor&#8221; align=&#8221;center&#8221; css=&#8221;&#8221; link=&#8221;url:https%3A%2F%2Fimpactup.com%2Frecrutement%2F&#8221;][\/vc_column][vc_column width=&#8221;1\/3&#8243;][vc_btn title=&#8221;Confiez-nous votre projet&#8221; color=&#8221;secondarycolor&#8221; align=&#8221;center&#8221; css=&#8221;&#8221; link=&#8221;url:https%3A%2F%2Fimpactup.com%2Fetude-personnalisee%2F&#8221;][\/vc_column][vc_column width=&#8221;1\/3&#8243;][vc_btn title=&#8221;Contactez-nous&#8221; color=&#8221;secondarycolor&#8221; align=&#8221;center&#8221; css=&#8221;&#8221; link=&#8221;url:https%3A%2F%2Fimpactup.com%2Fcontact%2F&#8221;][\/vc_column][\/vc_row][vc_row css=&#8221;.vc_custom_1717658386032{padding-top: 40px !important;padding-bottom: 20px !important;}&#8221;][vc_column][vc_column_text css=&#8221;&#8221;]<\/p>\n<section style=\"text-align: justify;\">\n<h2>\u00c0 quel cabinet de recrutement du Sud-Ouest s\u2019adresser\u00a0?<\/h2>\n<p>Trouver des collaborateurs dans la r\u00e9gion et \u00a0d\u00e9nicher une personne comp\u00e9tente et fiable implique de faire appel \u00e0 un <a href=\"https:\/\/impactup.com\/glossaire\/cabinet-de-recrutement-fonction-commerciale\"><strong>cabinet de recrutement du Sud-Ouest<\/strong><\/a> exp\u00e9riment\u00e9. Pour les fonctions commerciales et marketing, vous pouvez confier la recherche de vos collaborateurs \u00e0 <strong>ImpactUp<\/strong>. Nous vous soumettrons les meilleures candidatures susceptibles de r\u00e9pondre \u00e0 vos besoins et \u00e0 vos attentes.<\/p>\n<\/section>\n<p>[\/vc_column_text][\/vc_column][\/vc_row][vc_row][vc_column width=&#8221;1\/3&#8243;][vc_btn title=&#8221;Voir notre offre&#8221; color=&#8221;secondarycolor&#8221; align=&#8221;center&#8221; css=&#8221;&#8221; link=&#8221;url:https%3A%2F%2Fimpactup.com%2Frecrutement%2F&#8221;][\/vc_column][vc_column width=&#8221;1\/3&#8243;][vc_btn title=&#8221;Confiez-nous votre projet&#8221; color=&#8221;secondarycolor&#8221; align=&#8221;center&#8221; css=&#8221;&#8221; link=&#8221;url:https%3A%2F%2Fimpactup.com%2Fetude-personnalisee%2F&#8221;][\/vc_column][vc_column width=&#8221;1\/3&#8243;][vc_btn title=&#8221;Contactez-nous&#8221; color=&#8221;secondarycolor&#8221; align=&#8221;center&#8221; css=&#8221;&#8221; link=&#8221;url:https%3A%2F%2Fimpactup.com%2Fcontact%2F&#8221;][\/vc_column][\/vc_row][vc_row css=&#8221;.vc_custom_1717658445522{padding-top: 40px !important;}&#8221;][vc_column][vc_column_text css=&#8221;&#8221;]<\/p>\n<section style=\"text-align: justify;\">\n<h2>Les avantages de l\u2019externalisation du processus de recrutement<\/h2>\n<p>Une campagne de recrutement doit \u00eatre pr\u00e9par\u00e9e avec soin pour \u00eatre s\u00fbr de trouver les bonnes personnes pour les postes \u00e0 pourvoir. Il faudra d\u00e9terminer exactement les besoins de l\u2019entreprise, les sp\u00e9cificit\u00e9s de la place et le profil du candidat id\u00e9al. L\u2019offre d\u2019emploi doit \u00eatre r\u00e9dig\u00e9e et diffus\u00e9e sur les canaux adapt\u00e9s (pour un ciblage optimal notamment). Les dossiers de candidature re\u00e7us devront \u00eatre \u00e9tudi\u00e9s pour une premi\u00e8re s\u00e9lection. Les postulants pr\u00e9s\u00e9lectionn\u00e9s seront ensuite contact\u00e9s pour les entretiens. Il faudra ensuite s\u2019occuper des proc\u00e9dures d\u2019embauche de celles qui seront retenues.<\/p>\n<p>Tout cela n\u00e9cessite du temps d\u2019une part et des comp\u00e9tences particuli\u00e8res d\u2019autre part. Le processus peut \u00e9galement mobiliser plusieurs personnes. Le recours aux services d\u2019un <strong>cabinet de recrutement<\/strong>, dans le <strong>Sud-Ouest<\/strong> comme ailleurs, vous permettra de laisser toutes ces t\u00e2ches \u00e0 des professionnels aguerris et de vous concentrer sur des travaux plus productifs. En misant sur une agence sp\u00e9cialiste, vous optimisez vos chances de trouver rapidement les personnes qu\u2019il vous faut.<\/p>\n<h2>Pourquoi bien choisir votre cabinet de recrutement dans le Sud-Ouest\u00a0?<\/h2>\n<p>Le choix d&#8217;un <a href=\"https:\/\/impactup.com\/glossaire\/sp%C3%A9cialiste-fonctions-commerciales\"><strong>cabinet de recrutement du Sud-Ouest<\/strong><\/a> auquel vous confierez la recherche de vos futurs collaborateurs est essentiel pour \u00eatre s\u00fbr de disposer de personnes parfaitement \u00e0 la hauteur des postes qu\u2019elles occuperont. Il saura tenir compte des informations que vous mettrez \u00e0 sa disposition concernant les crit\u00e8res de s\u00e9lection de vos futurs cadres, directeurs ou responsables.<\/p>\n<p>Aussi, pour optimiser vos chances de d\u00e9nicher les meilleurs candidats, mais aussi de limiter les d\u00e9penses et le temps consacr\u00e9 au processus de recrutement, s\u00e9lectionnez le cabinet de recrutement avec soin. Ainsi, avant de vous engager avec un prestataire, n\u2019h\u00e9sitez pas \u00e0 poser des questions sur son personnel et ses missions ant\u00e9rieures. Renseignez-vous sur ses qualifications. Demandez des r\u00e9f\u00e9rences.<\/p>\n<p>En effet, en fonction de leurs sp\u00e9cialit\u00e9s, les consultants ne disposent pas forc\u00e9ment des contacts n\u00e9cessaires dans d\u2019autres cercles, ou ne sont pas en mesure d\u2019\u00e9valuer les comp\u00e9tences de candidat dans des m\u00e9tiers qu\u2019ils ne ma\u00eetrisent pas ni de l\u2019ad\u00e9quation de leur profil avec les exigences du poste.<\/p>\n<h2>Comment un chasseur de t\u00eates peut-il vous aider\u00a0?<\/h2>\n<p>Dans un premier temps, votre cabinet de recrutement s\u2019efforcera de comprendre exactement ce que vous attendez de votre futur employ\u00e9. Il va ensuite \u00e9laborer avec vous un ciblage et dresser la liste des entreprises au sein desquelles le candidat potentiel pourrait se trouver.<\/p>\n<p>Trouver les meilleurs profils n\u2019est pas une t\u00e2che ais\u00e9e, et c\u2019est pour cela que votre cabinet doit disposer des m\u00e9thodes efficaces et un r\u00e9seau professionnel qui abritent des cadres talentueux. Une fois que ces derniers sont identifi\u00e9s et contact\u00e9s, votre prestataire va leur expliquer les opportunit\u00e9s de carri\u00e8re qui s\u2019offrent \u00e0 eux afin de susciter leur int\u00e9r\u00eat.<\/p>\n<p>Dans un environnement tr\u00e8s concurrentiel, le recrutement des profils commerciaux n\u00e9cessite \u00e0 la fois d\u2019\u00e9valuer les comp\u00e9tences techniques mais aussi et surtout le talent commercial.\u00a0Les meilleurs commerciaux sont rares, et bien souvent d\u00e9j\u00e0 en poste. Voil\u00e0 pourquoi il est important de proc\u00e9der \u00e0 une \u00e9valuation transversale des comp\u00e9tences et des talents.<\/p>\n<p>Chez <a href=\"https:\/\/impactup.com\"><strong>ImpactUp<\/strong><\/a>, nous analysons dans un premier temps les exp\u00e9riences professionnelles de nos candidats, la dur\u00e9e de leurs exp\u00e9riences, le type de formation, leur niveau en langues \u00e9trang\u00e8res ou encore leurs comp\u00e9tences informatiques.\u00a0Par la suite est op\u00e9r\u00e9e une s\u00e9rie de tests visant \u00e0 \u00e9valuer leur motivation pour le poste\u00a0: le go\u00fbt du challenge, l\u2019empathie et la curiosit\u00e9 pour prendre plaisir \u00e0 rencontrer et \u00e0 \u00e9couter les prospects et \u00e0 fid\u00e9liser les clients\u2026 Notre processus de recrutement commercial met d\u2019ailleurs l\u2019accent sur la mesure de la personnalit\u00e9 et du potentiel des candidats, ceci afin de d\u00e9terminer si leur talent sont en ad\u00e9quation avec les pr\u00e9requis du poste.<\/p>\n<p>Apr\u00e8s plusieurs \u00e9changes, votre cabinet choisira les meilleurs candidats et vous les proposer afin que vous puissiez en s\u00e9lectionner un.<\/p>\n<h2>Confiez vos recrutements au cabinet ImpactUP<\/h2>\n<p>Le <strong>cabinet de recrutement<\/strong> ImpactUP est un partenaire incontournable pour les entreprises dans le <strong>Sud-Ouest<\/strong><strong>. <\/strong>Fort d\u2019une \u00e9quipe multi-disciplinaires, nous disposons d\u2019une large palette de comp\u00e9tences, ce qui nous permet d\u2019apporter une r\u00e9ponse ad\u00e9quate \u00e0 tous les types de demandes.<\/p>\n<p>Nous sommes en effet la r\u00e9f\u00e9rence pour les entreprises (grandes structures ou PME) pour le recrutement des talents confirm\u00e9s et d\u2019experts dans les m\u00e9tiers commerciaux et marketing : business developer, category manager, charg\u00e9(e) de marketing direct, d\u00e9l\u00e9gu\u00e9 commercial, responsable webmarketing, marchandiseur(euse), responsable de promotion des ventes. Il en est de m\u00eame pour les postes strat\u00e9giques \u00e0 pourvoir : directeur(trice) de marque, sales administrator, directeur(trice) de la relation client, directeur(trice) de magasin, directeur(trice) commercial(e) et bien d\u2019autres encore<\/p>\n<p>Notre solide r\u00e9putation en France comme \u00e0 l\u2019international nous a valu la confiance de nombreuses entreprises d\u2019envergure \u0153uvrant dans des secteurs divers et qui ont \u00e9t\u00e9 s\u00e9duites par notre fiabilit\u00e9 et la qualit\u00e9 de nos prestations. Depuis 2005, nous avons r\u00e9alis\u00e9 le recrutement de plus de 2000 managers et commerciaux \u00e0 travers toute la France.<\/p>\n<p><strong>ImpactUP<\/strong> dispose d\u2019une offre de services compl\u00e8te pour attirer le candidat id\u00e9al, conform\u00e9ment \u00e0 la requ\u00eate de l\u2019employeur :<\/p>\n<ul>\n<li>un service en ligne SaaS d\u2019\u00e9valuation permettant de valider les comp\u00e9tences dans une langue \u00e9trang\u00e8re, propos\u00e9 en partenariat avec Pipplet ;<\/li>\n<li>une plateforme d\u2019\u00e9valuation qui repose sur 4 gammes d\u2019outils : TalentInitial\u00ae, TalentAttitude\u00ae, TalentBusiness\u00ae et TalentRelation\u00ae.<\/li>\n<\/ul>\n<p>Ces outils d\u2019\u00e9valuation permettent d\u2019appr\u00e9cier diff\u00e9rentes comp\u00e9tences, qualit\u00e9s personnelles et aptitudes des candidats. Nous pouvons citer d\u2019une part les capacit\u00e9s professionnelles (attirer des prospects, fid\u00e9liser les clients, n\u00e9gocier, persuader, argumenter, affirmer\u2026 selon le poste) mais aussi les capacit\u00e9s cognitives, num\u00e9riques et verbales. D\u2019autre part les valeurs, motivations et pr\u00e9f\u00e9rences de l\u2019individu sont pass\u00e9es \u00e0\u00a0la loupe gr\u00e2ce \u00e0 des tests de personnalit\u00e9 (BF5 pour les grandes tendances de la personnalit\u00e9, Profil Pro\u00a02 pour les valeurs et motivations en situation professionnelle). Par ailleurs, seront \u00e9valu\u00e9s le niveau de fran\u00e7ais, les aptitudes dans les autres langues requises (compr\u00e9hension, prise de parole, \u00e9criture) et la culture g\u00e9n\u00e9rale.<\/p>\n<p>En plus des services de recrutement enti\u00e8rement personnalis\u00e9s qui garantissent la satisfaction de nos clients, nous nous sommes \u00e9galement sp\u00e9cialis\u00e9s dans les missions de conseil et de formation, ce qui fait de nous un prestataire de choix pour accompagner votre d\u00e9veloppement. Aussi, nous pouvons \u00e9galement \u0153uvrer au sein de votre entreprise afin d\u2019optimiser la performance de vos \u00e9quipes. Pour ce faire, nous d\u00e9dions un programme sp\u00e9cialis\u00e9 ax\u00e9 sur le d\u00e9veloppement commercial (pilotage, strat\u00e9gie commerciale, motivation des \u00e9quipes commerciales, organisation commerciale).<\/p>\n<p>Bref, le recours \u00e0 un cabinet pour g\u00e9rer vos recrutements vous permettra de gagner du temps. Vous b\u00e9n\u00e9ficiez ainsi de l\u2019expertise de sp\u00e9cialistes exp\u00e9riment\u00e9s. Certains cabinets se sont fait une sp\u00e9cialit\u00e9 dans la r\u00e9solution des probl\u00e9matiques encore plus complexes, notamment celles li\u00e9es \u00e0 la mise en place d\u2019une strat\u00e9gie ad\u00e9quate.<\/p>\n<p>Ne cherchez plus, nous sommes le <a href=\"https:\/\/impactup.com\/glossaire\/cabinet-de-recrutement-consultant-commercial\"><strong>cabinet de recrutement du Sud-Ouest<\/strong><\/a> id\u00e9al qui saura r\u00e9pondre \u00e0 vos attentes. De plus, en dehors de la partie Sud-Ouest du territoire, nous pouvons intervenir dans la plupart des grandes villes comme La Rochelle, Paris et Nantes. N\u2019h\u00e9sitez pas \u00e0 nous contacter en remplissant le formulaire mis \u00e0 votre disposition. Nous nous ferons un plaisir de r\u00e9pondre \u00e0 toutes vos demandes d\u2019informations suppl\u00e9mentaires.<\/p>\n<p>Pour leur part, les candidats b\u00e9n\u00e9ficient des conseils personnalis\u00e9s d\u2019ImpactUP pouvant les aider \u00e0 acc\u00e9der \u00e0 un poste \u00e0 la hauteur de leurs ambitions.<\/p>\n<h2>Une prestation compl\u00e8te et personnalisable de recrutement<\/h2>\n<p>Pour le <strong>recrutement<\/strong> dans le <strong>Sud-Ouest<\/strong>, le <strong>cabinet <\/strong>ImpactUp propose diff\u00e9rentes formules personnalisables.<\/p>\n<p>Pouvant \u00eatre choisie dans leur int\u00e9gralit\u00e9 ou en partie, ImpactUp propose\u00a0:<\/p>\n<ul>\n<li>une prestation de recrutement sur des postes \u00e0 haute responsabilit\u00e9 avec, au choix, l\u2019identification des besoins, la r\u00e9daction des documents (description du poste et du profil recherch\u00e9), le choix des canaux et des supports de diffusion, la r\u00e9ception, l\u2019analyse et le premier tri des candidatures apr\u00e8s un entretien t\u00e9l\u00e9phonique, la prise de rendez-vous pour un entretien physique et la r\u00e9alisation des entretiens avec des tests d\u2019\u00e9valuation, la cr\u00e9ation et la pr\u00e9sentation d\u2019une short list et\/ou le suivi du candidat retenu jusqu\u2019\u00e0 sa compl\u00e8te int\u00e9gration ;<\/li>\n<\/ul>\n<ul>\n<li>une prestation d\u2019assessment center pour le recrutement des postes hautement strat\u00e9giques pour augmenter encore plus le taux de fiabilit\u00e9 du recrutement bas\u00e9 sur 7 fondamentaux : l\u2019\u00e9valuation de la vision strat\u00e9gique, de la capacit\u00e9 d\u2019abstraction et de prise de hauteur, l\u2019\u00e9valuation des capacit\u00e9s en leadership, de mobilisation et d\u2019\u00e9mulation, l\u2019\u00e9valuation de l\u2019ind\u00e9pendance d\u2019esprit et de la cr\u00e9ativit\u00e9, l\u2019\u00e9valuation de l\u2019objectivit\u00e9 et du sens du r\u00e9sultat, l\u2019\u00e9valuation des capacit\u00e9s en communication, \u00e0 convaincre et d\u2019\u00e9coute, l\u2019\u00e9valuation des capacit\u00e9s d\u2019agilit\u00e9, d\u2019adaptabilit\u00e9 de rebond et de r\u00e9silience et l\u2019\u00e9valuation des capacit\u00e9s d\u2019organisation, \u00e0 g\u00e9rer le temps et les priorit\u00e9s ;<\/li>\n<\/ul>\n<ul>\n<li>une prestation de recrutement en grand nombre, ponctuelle ou r\u00e9currente, en raison d\u2019un accroissement de l\u2019activit\u00e9, pour une campagne d\u2019envergure, pour un lancement de service ou de produit\u2026 avec une \u00e9quipe de sp\u00e9cialistes d\u00e9di\u00e9s tout au long de la p\u00e9riode donn\u00e9e.<\/li>\n<\/ul>\n<p>&nbsp;<\/p>\n<\/section>\n<p>[\/vc_column_text][\/vc_column][\/vc_row]<\/p>\n<\/div>","protected":false},"excerpt":{"rendered":"<p>[vc_row][vc_column width=&#8221;1\/3&#8243;][vc_btn title=&#8221;Voir notre offre&#8221; color=&#8221;secondarycolor&#8221; align=&#8221;center&#8221; css=&#8221;&#8221; link=&#8221;url:https%3A%2F%2Fimpactup.com%2Frecrutement%2F&#8221;][\/vc_column][vc_column width=&#8221;1\/3&#8243;][vc_btn title=&#8221;Confiez-nous votre projet&#8221; color=&#8221;secondarycolor&#8221; align=&#8221;center&#8221; css=&#8221;&#8221; link=&#8221;url:https%3A%2F%2Fimpactup.com%2Fetude-personnalisee%2F&#8221;][\/vc_column][vc_column width=&#8221;1\/3&#8243;][vc_btn title=&#8221;Contactez-nous&#8221; color=&#8221;secondarycolor&#8221; align=&#8221;center&#8221; css=&#8221;&#8221; link=&#8221;url:https%3A%2F%2Fimpactup.com%2Fcontact%2F&#8221;][\/vc_column][\/vc_row][vc_row css=&#8221;.vc_custom_1717658386032{padding-top: 40px !important;padding-bottom: 20px !important;}&#8221;][vc_column][vc_column_text css=&#8221;&#8221;] \u00c0 quel cabinet de recrutement du Sud-Ouest s\u2019adresser\u00a0? Trouver des collaborateurs dans la r\u00e9gion et \u00a0d\u00e9nicher une personne comp\u00e9tente et fiable implique de faire appel \u00e0 [&hellip;]<\/p>\n","protected":false},"author":4,"featured_media":0,"parent":17218,"menu_order":0,"comment_status":"closed","ping_status":"closed","template":"","meta":{"_monsterinsights_skip_tracking":false,"_monsterinsights_sitenote_active":false,"_monsterinsights_sitenote_note":"","_monsterinsights_sitenote_category":0,"footnotes":""},"class_list":["post-25782","page","type-page","status-publish","hentry"],"yoast_head":"<!-- This site is optimized with the Yoast SEO plugin v27.0 - https:\/\/yoast.com\/product\/yoast-seo-wordpress\/ -->\n<title>Cabinet de recrutement fiable dans le Sud-Ouest<\/title>\n<meta name=\"description\" content=\"Recourir \u00e0 un cabinet de recrutement pr\u00e9sent dans le Sud-Ouest pour trouver des collaborateurs. ImpactUp est un cabinet de recrutement actif dans le Sud-Ouest de la France.\" \/>\n<meta name=\"robots\" content=\"index, follow, max-snippet:-1, max-image-preview:large, max-video-preview:-1\" \/>\n<link rel=\"canonical\" href=\"https:\/\/impactup.com\/en\/glossaire\/cabinet-de-recrutement-sud-ouest\/\" \/>\n<meta property=\"og:locale\" content=\"en_US\" \/>\n<meta property=\"og:type\" content=\"article\" \/>\n<meta property=\"og:title\" content=\"Cabinet de recrutement fiable dans le Sud-Ouest\" \/>\n<meta property=\"og:description\" content=\"Recourir \u00e0 un cabinet de recrutement pr\u00e9sent dans le Sud-Ouest pour trouver des collaborateurs. ImpactUp est un cabinet de recrutement actif dans le Sud-Ouest de la France.\" \/>\n<meta property=\"og:url\" content=\"https:\/\/impactup.com\/en\/glossaire\/cabinet-de-recrutement-sud-ouest\/\" \/>\n<meta property=\"og:site_name\" content=\"ImpactUp\" \/>\n<meta property=\"article:modified_time\" content=\"2024-06-07T14:25:54+00:00\" \/>\n<meta property=\"og:image\" content=\"https:\/\/impactup.com\/wp-content\/uploads\/2021\/01\/og.jpg\" \/>\n\t<meta property=\"og:image:width\" content=\"1067\" \/>\n\t<meta property=\"og:image:height\" content=\"600\" \/>\n\t<meta property=\"og:image:type\" content=\"image\/jpeg\" \/>\n<meta name=\"twitter:card\" content=\"summary_large_image\" \/>\n<meta name=\"twitter:label1\" content=\"Est. reading time\" \/>\n\t<meta name=\"twitter:data1\" content=\"8 minutes\" \/>\n<script type=\"application\/ld+json\" class=\"yoast-schema-graph\">{\"@context\":\"https:\/\/schema.org\",\"@graph\":[{\"@type\":\"WebPage\",\"@id\":\"https:\/\/impactup.com\/en\/glossaire\/cabinet-de-recrutement-sud-ouest\/\",\"url\":\"https:\/\/impactup.com\/en\/glossaire\/cabinet-de-recrutement-sud-ouest\/\",\"name\":\"Cabinet de recrutement fiable dans le Sud-Ouest\",\"isPartOf\":{\"@id\":\"https:\/\/impactup.com\/en\/#website\"},\"datePublished\":\"2024-06-07T09:19:07+00:00\",\"dateModified\":\"2024-06-07T14:25:54+00:00\",\"description\":\"Recourir \u00e0 un cabinet de recrutement pr\u00e9sent dans le Sud-Ouest pour trouver des collaborateurs. ImpactUp est un cabinet de recrutement actif dans le Sud-Ouest de la France.\",\"breadcrumb\":{\"@id\":\"https:\/\/impactup.com\/en\/glossaire\/cabinet-de-recrutement-sud-ouest\/#breadcrumb\"},\"inLanguage\":\"en-US\",\"potentialAction\":[{\"@type\":\"ReadAction\",\"target\":[\"https:\/\/impactup.com\/en\/glossaire\/cabinet-de-recrutement-sud-ouest\/\"]}]},{\"@type\":\"BreadcrumbList\",\"@id\":\"https:\/\/impactup.com\/en\/glossaire\/cabinet-de-recrutement-sud-ouest\/#breadcrumb\",\"itemListElement\":[{\"@type\":\"ListItem\",\"position\":1,\"name\":\"Accueil\",\"item\":\"https:\/\/impactup.com\/en\/\"},{\"@type\":\"ListItem\",\"position\":2,\"name\":\"Glossaire\",\"item\":\"https:\/\/impactup.com\/en\/glossaire\/\"},{\"@type\":\"ListItem\",\"position\":3,\"name\":\"\u00c0 quel cabinet de recrutement du Sud-Ouest s\u2019adresser ?\"}]},{\"@type\":\"WebSite\",\"@id\":\"https:\/\/impactup.com\/en\/#website\",\"url\":\"https:\/\/impactup.com\/en\/\",\"name\":\"ImpactUp\",\"description\":\"Recrutement commerciaux, directions commerciales et fonctions marketing\",\"potentialAction\":[{\"@type\":\"SearchAction\",\"target\":{\"@type\":\"EntryPoint\",\"urlTemplate\":\"https:\/\/impactup.com\/en\/?s={search_term_string}\"},\"query-input\":{\"@type\":\"PropertyValueSpecification\",\"valueRequired\":true,\"valueName\":\"search_term_string\"}}],\"inLanguage\":\"en-US\"}]}<\/script>\n<!-- \/ Yoast SEO plugin. -->","yoast_head_json":{"title":"Cabinet de recrutement fiable dans le Sud-Ouest","description":"Recourir \u00e0 un cabinet de recrutement pr\u00e9sent dans le Sud-Ouest pour trouver des collaborateurs. ImpactUp est un cabinet de recrutement actif dans le Sud-Ouest de la France.","robots":{"index":"index","follow":"follow","max-snippet":"max-snippet:-1","max-image-preview":"max-image-preview:large","max-video-preview":"max-video-preview:-1"},"canonical":"https:\/\/impactup.com\/en\/glossaire\/cabinet-de-recrutement-sud-ouest\/","og_locale":"en_US","og_type":"article","og_title":"Cabinet de recrutement fiable dans le Sud-Ouest","og_description":"Recourir \u00e0 un cabinet de recrutement pr\u00e9sent dans le Sud-Ouest pour trouver des collaborateurs. ImpactUp est un cabinet de recrutement actif dans le Sud-Ouest de la France.","og_url":"https:\/\/impactup.com\/en\/glossaire\/cabinet-de-recrutement-sud-ouest\/","og_site_name":"ImpactUp","article_modified_time":"2024-06-07T14:25:54+00:00","og_image":[{"width":1067,"height":600,"url":"https:\/\/impactup.com\/wp-content\/uploads\/2021\/01\/og.jpg","type":"image\/jpeg"}],"twitter_card":"summary_large_image","twitter_misc":{"Est. reading time":"8 minutes"},"schema":{"@context":"https:\/\/schema.org","@graph":[{"@type":"WebPage","@id":"https:\/\/impactup.com\/en\/glossaire\/cabinet-de-recrutement-sud-ouest\/","url":"https:\/\/impactup.com\/en\/glossaire\/cabinet-de-recrutement-sud-ouest\/","name":"Cabinet de recrutement fiable dans le Sud-Ouest","isPartOf":{"@id":"https:\/\/impactup.com\/en\/#website"},"datePublished":"2024-06-07T09:19:07+00:00","dateModified":"2024-06-07T14:25:54+00:00","description":"Recourir \u00e0 un cabinet de recrutement pr\u00e9sent dans le Sud-Ouest pour trouver des collaborateurs. ImpactUp est un cabinet de recrutement actif dans le Sud-Ouest de la France.","breadcrumb":{"@id":"https:\/\/impactup.com\/en\/glossaire\/cabinet-de-recrutement-sud-ouest\/#breadcrumb"},"inLanguage":"en-US","potentialAction":[{"@type":"ReadAction","target":["https:\/\/impactup.com\/en\/glossaire\/cabinet-de-recrutement-sud-ouest\/"]}]},{"@type":"BreadcrumbList","@id":"https:\/\/impactup.com\/en\/glossaire\/cabinet-de-recrutement-sud-ouest\/#breadcrumb","itemListElement":[{"@type":"ListItem","position":1,"name":"Accueil","item":"https:\/\/impactup.com\/en\/"},{"@type":"ListItem","position":2,"name":"Glossaire","item":"https:\/\/impactup.com\/en\/glossaire\/"},{"@type":"ListItem","position":3,"name":"\u00c0 quel cabinet de recrutement du Sud-Ouest s\u2019adresser ?"}]},{"@type":"WebSite","@id":"https:\/\/impactup.com\/en\/#website","url":"https:\/\/impactup.com\/en\/","name":"ImpactUp","description":"Recrutement commerciaux, directions commerciales et fonctions marketing","potentialAction":[{"@type":"SearchAction","target":{"@type":"EntryPoint","urlTemplate":"https:\/\/impactup.com\/en\/?s={search_term_string}"},"query-input":{"@type":"PropertyValueSpecification","valueRequired":true,"valueName":"search_term_string"}}],"inLanguage":"en-US"}]}},"_links":{"self":[{"href":"https:\/\/impactup.com\/en\/wp-json\/wp\/v2\/pages\/25782","targetHints":{"allow":["GET"]}}],"collection":[{"href":"https:\/\/impactup.com\/en\/wp-json\/wp\/v2\/pages"}],"about":[{"href":"https:\/\/impactup.com\/en\/wp-json\/wp\/v2\/types\/page"}],"author":[{"embeddable":true,"href":"https:\/\/impactup.com\/en\/wp-json\/wp\/v2\/users\/4"}],"replies":[{"embeddable":true,"href":"https:\/\/impactup.com\/en\/wp-json\/wp\/v2\/comments?post=25782"}],"version-history":[{"count":5,"href":"https:\/\/impactup.com\/en\/wp-json\/wp\/v2\/pages\/25782\/revisions"}],"predecessor-version":[{"id":25793,"href":"https:\/\/impactup.com\/en\/wp-json\/wp\/v2\/pages\/25782\/revisions\/25793"}],"up":[{"embeddable":true,"href":"https:\/\/impactup.com\/en\/wp-json\/wp\/v2\/pages\/17218"}],"wp:attachment":[{"href":"https:\/\/impactup.com\/en\/wp-json\/wp\/v2\/media?parent=25782"}],"curies":[{"name":"wp","href":"https:\/\/api.w.org\/{rel}","templated":true}]}}