{"id":25780,"date":"2024-06-07T11:21:05","date_gmt":"2024-06-07T09:21:05","guid":{"rendered":"https:\/\/impactup.niou.dev\/?page_id=25780"},"modified":"2024-06-07T16:18:23","modified_gmt":"2024-06-07T14:18:23","slug":"cabinet-de-recrutement-directeur-commercial-nantes","status":"publish","type":"page","link":"https:\/\/impactup.com\/en\/glossaire\/cabinet-de-recrutement-directeur-commercial-nantes\/","title":{"rendered":"ImpactUp \u00e0 Nantes, un cabinet de recrutement fiable pour trouver un directeur commercial"},"content":{"rendered":"<div class=\"wpb-content-wrapper\"><p>[vc_row][vc_column width=&#8221;1\/3&#8243;][vc_btn title=&#8221;Voir notre offre&#8221; color=&#8221;secondarycolor&#8221; align=&#8221;center&#8221; css=&#8221;&#8221; link=&#8221;url:https%3A%2F%2Fimpactup.com%2Frecrutement%2F&#8221;][\/vc_column][vc_column width=&#8221;1\/3&#8243;][vc_btn title=&#8221;Confiez-nous votre projet&#8221; color=&#8221;secondarycolor&#8221; align=&#8221;center&#8221; css=&#8221;&#8221; link=&#8221;url:https%3A%2F%2Fimpactup.com%2Fetude-personnalisee%2F&#8221;][\/vc_column][vc_column width=&#8221;1\/3&#8243;][vc_btn title=&#8221;Contactez-nous&#8221; color=&#8221;secondarycolor&#8221; align=&#8221;center&#8221; css=&#8221;&#8221; link=&#8221;url:https%3A%2F%2Fimpactup.com%2Fcontact%2F&#8221;][\/vc_column][\/vc_row][vc_row css=&#8221;.vc_custom_1717658386032{padding-top: 40px !important;padding-bottom: 20px !important;}&#8221;][vc_column][vc_column_text css=&#8221;&#8221;]<\/p>\n<section style=\"text-align: justify;\">\n<h2><strong>ImpactUp \u00e0 Nantes, un cabinet de recrutement fiable pour trouver un directeur commercial<\/strong><\/h2>\n<p>Le <a href=\"https:\/\/impactup.com\/glossaire\/cabinet-de-recrutement-marketing-nantes\"><strong>recrutement<\/strong> <strong>d\u2019un<\/strong> <strong>directeur commercial<\/strong><\/a> est une \u00e9tape incontournable pour toute entreprise. Il\u00a0 n\u00e9cessite une approche m\u00e9thodique et experte. \u00c0 <a href=\"https:\/\/impactup.com\/glossaire\/cabinet-de-recrutement-marketing-nantes\"><strong>Nantes<\/strong><\/a>, comme ailleurs en France, faire appel \u00e0 un cabinet sp\u00e9cialis\u00e9 tel qu\u2019<strong>ImpactUp<\/strong> \u00a0garantit un processus rigoureux et efficace. Avec notre savoir-faire, nous vous aidons \u00e0 trouver le candidat id\u00e9al.<\/p>\n<\/section>\n<p>[\/vc_column_text][\/vc_column][\/vc_row][vc_row][vc_column width=&#8221;1\/3&#8243;][vc_btn title=&#8221;Voir notre offre&#8221; color=&#8221;secondarycolor&#8221; align=&#8221;center&#8221; css=&#8221;&#8221; link=&#8221;url:https%3A%2F%2Fimpactup.com%2Frecrutement%2F&#8221;][\/vc_column][vc_column width=&#8221;1\/3&#8243;][vc_btn title=&#8221;Confiez-nous votre projet&#8221; color=&#8221;secondarycolor&#8221; align=&#8221;center&#8221; css=&#8221;&#8221; link=&#8221;url:https%3A%2F%2Fimpactup.com%2Fetude-personnalisee%2F&#8221;][\/vc_column][vc_column width=&#8221;1\/3&#8243;][vc_btn title=&#8221;Contactez-nous&#8221; color=&#8221;secondarycolor&#8221; align=&#8221;center&#8221; css=&#8221;&#8221; link=&#8221;url:https%3A%2F%2Fimpactup.com%2Fcontact%2F&#8221;][\/vc_column][\/vc_row][vc_row css=&#8221;.vc_custom_1717658445522{padding-top: 40px !important;}&#8221;][vc_column][vc_column_text css=&#8221;&#8221;]<\/p>\n<section style=\"text-align: justify;\">\n<h2><strong>Une \u00e9quipe de sp\u00e9cialistes des fonctions commerciales \u00e0 votre service<\/strong><\/h2>\n<p>Lorsqu\u2019une entreprise cherche \u00e0 redynamiser sa strat\u00e9gie commerciale, et accroitre ainsi ses ventes et ses parts de march\u00e9, elle s\u2019attache les services d\u2019un directeur commercial au profil bien d\u00e9fini. Outre des comp\u00e9tences techniques av\u00e9r\u00e9es, l\u2019exp\u00e9rience dans le domaine recherch\u00e9 ainsi que les soft skills sont des crit\u00e8res de recrutement d\u00e9terminants. Quelles sont pr\u00e9cis\u00e9ment les missions du directeur commercial et pourquoi son recrutement fait-il l\u2019objet d\u2019un enjeu aussi important\u00a0?<\/p>\n<p>Hi\u00e9rarchiquement, le directeur commercial se situe au plus pr\u00e8s de la direction g\u00e9n\u00e9rale, avec qui il \u00e9tablit la strat\u00e9gie commerciale de l\u2019entreprise. C\u2019est au directeur commercial que revient la t\u00e2che de fixer les objectifs de vente et de mettre ensuite en place les moyens d\u2019actions n\u00e9cessaires pour les atteindre. Dans la pratique, il est amen\u00e9 \u00e0 manager une \u00e9quipe de talents commerciaux, organiser les actions commerciales promotionnelles et \u00e9v\u00e9nementielles, d\u00e9velopper la base de prospection ou encore constituer un r\u00e9seau de partenaires.<\/p>\n<p>Un directeur commercial occupe un poste strat\u00e9gique au sein d\u2019une entreprise. Donc, le choix d\u2019un profil pouvant mener \u00e0 bien cette t\u00e2che n\u2019est pas \u00e0 prendre \u00e0 la l\u00e9g\u00e8re. En effet, le recrutement d\u2019un cadre de haut niveau est assez d\u00e9licat et il n\u2019est pas facile de r\u00e9aliser ce projet sans l\u2019aide d\u2019un sp\u00e9cialiste en la mati\u00e8re. Vous devez consacrer beaucoup de temps \u00e0 la r\u00e9ception, \u00e0 l\u2019analyse et au triage des dossiers de candidature, sans parler des entretiens. Tout cela demande des comp\u00e9tences sp\u00e9cifiques pour pouvoir cibler et trouver les candidats de valeur. De plus, il est parfois n\u00e9cessaire d\u2019avoir un r\u00e9seau plus large pour d\u00e9nicher les profils les plus talentueux et les collaborateurs int\u00e9ressants et pertinents. Pour ces diff\u00e9rentes raisons, il convient de vous adresser \u00e0 une agence qualifi\u00e9e comme <strong>ImpactUp<\/strong>.<\/p>\n<h2><strong>Les qualit\u00e9s d\u2019un bon directeur commercial<\/strong><\/h2>\n<p>Un bon directeur commercial doit d\u00e9tenir certaines qualit\u00e9s :<\/p>\n<ul>\n<li>Refl\u00e9ter un bon exemple<\/li>\n<\/ul>\n<p>Il doit \u00eatre en mesure de sacrifier son temps pour accompagner ses collaborateurs \u00e0 acqu\u00e9rir les comp\u00e9tences et \u00e0 ma\u00eetriser les outils n\u00e9cessaires pour r\u00e9ussir.<\/p>\n<ul>\n<li>\u00catre communiquant<\/li>\n<\/ul>\n<p>Pour manager efficacement son \u00e9quipe, il doit communiquer efficacement les objectifs \u00e0 atteindre via les r\u00e9unions, les discussions sur les plateformes d\u00e9di\u00e9es, etc. Le plus important est qu\u2019il soit disponible \u00e0 tout moment pour offrir un meilleur accompagnement \u00e0 son \u00e9quipe.<\/p>\n<ul>\n<li>\u00catre en mesure de motiver son \u00e9quipe<\/li>\n<\/ul>\n<p>Une bonne communication n\u2019est pas suffisante. Un directeur commercial doit aussi motiver son \u00e9quipe. Il doit trouver les bons moyens pour les convaincre de travailler avec acharnement, \u00a0d\u00e9velopper leurs comp\u00e9tences, etc. Il doit aussi \u00eatre en mesure de donner un feedback constructif lorsqu\u2019il le faut.<\/p>\n<p>Un <a href=\"https:\/\/impactup.com\/glossaire\/cabinet-de-recrutement-commercial-export-paris\"><strong>cabinet de recrutement sp\u00e9cialis\u00e9 par profil (directeur commercial<\/strong><\/a>, cadre, etc.) peut vous aider \u00e0 trouver la perle rare dans les meilleurs d\u00e9lais.<\/p>\n<p><strong>ImpactUp<\/strong> a d\u00e9j\u00e0 \u00e0 notre actif 2000 recrutements de managers et de commerciaux.\u00a0Nous sommes reconnu comme \u00e9tant un sp\u00e9cialiste des fonctions commerciales et marketing en France. Notre \u00e9quipe de consultants exp\u00e9riment\u00e9e peut s\u2019occuper de la recherche et de l\u2019\u00e9valuation des candidats potentiels pour occuper le poste de <strong>directeur commercial<\/strong> <strong>\u00e0<\/strong> <strong>Nantes<\/strong>. En confiant la mission \u00e0 notre <strong>cabinet de<\/strong> <strong>recrutement<\/strong>, vous \u00eates s\u00fbrs de trouver le meilleur talent capable de f\u00e9d\u00e9rer votre \u00e9quipe commerciale et d\u00e9velopper vos ventes.<\/p>\n<p>Nous privil\u00e9gions la proximit\u00e9, le pragmatisme et la culture de r\u00e9sultat, et c\u2019est pour cette raison que nous avons ouvert des bureaux dans plusieurs grandes villes fran\u00e7aises. La mission sera ainsi trait\u00e9e par notre bureau \u00e0 Nantes, lequel peut prendre tout ou partie du processus de recrutement. Mais pour garantir un r\u00e9sultat \u00e0 la hauteur de vos attentes, nous utilisons une m\u00e9thodologie pr\u00e9cise combinant actions de chasse et de recrutement par annonces pour la s\u00e9lection des candidats.<\/p>\n<p>La d\u00e9marche comprend ainsi la d\u00e9finition du besoin (missions, objectifs, t\u00e2ches, profil, formation, personnalit\u00e9\u2026), la r\u00e9daction de l\u2019offre d\u2019emploi et la description du poste, et la recherche (diffusion de l\u2019annonce sur les supports de votre choix, int\u00e9gration de l\u2019offre sur notre site et chasse). La pr\u00e9s\u00e9lection des candidatures s\u2019effectue par l\u2019analyse des CV sur des crit\u00e8res objectifs et des entretiens t\u00e9l\u00e9phoniques. Ensuite, les candidats retenus passent par les entretiens physiques, les tests d\u2019\u00e9valuation et la prise des r\u00e9f\u00e9rences. Enfin, nous vous remettons le dossier des meilleurs profils avec des recommandations. Le candidat que vous avez s\u00e9lectionn\u00e9 sera suivi par notre \u00e9quipe jusqu\u2019\u00e0 son embauche d\u00e9finitive.<\/p>\n<h2><strong>Une quinzaine d\u2019ann\u00e9es d\u2019exp\u00e9rience en recrutement<\/strong><\/h2>\n<p>Le cabinet <a href=\"https:\/\/impactup.com\/\"><strong>ImpactUP<\/strong><\/a> dispose d\u2019une quinzaine d\u2019ann\u00e9es d\u2019exp\u00e9rience en recrutement. Cela nous a permis d\u2019acqu\u00e9rir une connaissance parfaite du march\u00e9 et de mener \u00e0 bien toutes les missions que les clients nous ont confi\u00e9es.<\/p>\n<p>ImpactUp dispose de l\u2019expertise n\u00e9cessaire pour recruter divers profils dans les domaines commerciaux et marketing, \u00e0 savoir des managers exp\u00e9riment\u00e9s, commerciaux sur terrain dynamiques, experts en vente au d\u00e9tail ou sp\u00e9cialistes du marketing op\u00e9rationnel\u00a0; nous sommes l\u00e0 pour vous aider. Nos consultants interviennent depuis nos diff\u00e9rents bureaux \u00e0 Paris, Nantes, La Rochelle, Toulouse, Lyon et Lille.<\/p>\n<p>Chaque client b\u00e9n\u00e9ficie d\u2019un interlocuteur unique qui comprend parfaitement les sp\u00e9cificit\u00e9s de son secteur et de son march\u00e9. Notre approche sur mesure nous permet de r\u00e9pondre pr\u00e9cis\u00e9ment \u00e0 vos besoins en mati\u00e8re de recrutement, en s\u00e9lectionnant les meilleurs candidats qui contribueront \u00e0 la croissance et au succ\u00e8s de votre entreprise.<\/p>\n<p>Gr\u00e2ce \u00e0 nos techniques et outils de recherche, nous sommes en mesure d\u2019acc\u00e9l\u00e9rer le processus et de s\u00e9curiser au maximum les d\u00e9cisions des entreprises qui font appel \u00e0 notre service. Vous pouvez ainsi faire confiance \u00e0 l\u2019expertise et \u00e0 la solide exp\u00e9rience de notre <a href=\"https:\/\/impactup.com\/glossaire\/cabinet-de-recrutement-business-developer-nantes\"><strong>cabinet<\/strong> <\/a><strong><a href=\"https:\/\/impactup.com\/glossaire\/cabinet-de-recrutement-business-developer-nantes\">pour le recrutement de votre futur directeur commercial \u00e0 Nantes<\/a>.<\/strong><\/p>\n<p>D\u2019autre part, nous pouvons aussi r\u00e9pondre \u00e0 des besoins ponctuels ou r\u00e9currents et vous faire profiter de nos comp\u00e9tences. Nous intervenons dans ce cas comme une v\u00e9ritable direction commerciale externalis\u00e9e en charge du d\u00e9veloppement commercial. Et pour cela, nous traitons quatre th\u00e9matiques\u00a0: strat\u00e9gie commerciale (analyse de potentiel, SWOT, business plan\u2026), organisation commerciale (plan de recrutement, formation\u2026), motivation des \u00e9quipes commerciales (plans de r\u00e9mun\u00e9ration, incentives\u2026), et pilotage (d\u00e9finition des KPI, mise en \u0153uvre d\u2019outils CRM\u2026).<\/p>\n<p><strong>ImpactUp<\/strong> propose \u00e9galement des formations sur mesure dans trois domaines d\u2019expertise : le recrutement, le style comportemental et le management. Ces modules s\u2019adressent tant aux chefs d\u2019entreprises qu\u2019aux responsables op\u00e9rationnels et aux collaborateurs \u00e9voluant vers des fonctions manag\u00e9riales.<\/p>\n<p>Pour toutes demandes sp\u00e9cifiques, notre \u00e9quipe est \u00e0 votre disposition\u00a0; vous pouvez la contacter en temps r\u00e9el sur le site.<\/p>\n<\/section>\n<p>[\/vc_column_text][\/vc_column][\/vc_row]<\/p>\n<\/div>","protected":false},"excerpt":{"rendered":"<p>[vc_row][vc_column width=&#8221;1\/3&#8243;][vc_btn title=&#8221;Voir notre offre&#8221; color=&#8221;secondarycolor&#8221; align=&#8221;center&#8221; css=&#8221;&#8221; link=&#8221;url:https%3A%2F%2Fimpactup.com%2Frecrutement%2F&#8221;][\/vc_column][vc_column width=&#8221;1\/3&#8243;][vc_btn title=&#8221;Confiez-nous votre projet&#8221; color=&#8221;secondarycolor&#8221; align=&#8221;center&#8221; css=&#8221;&#8221; link=&#8221;url:https%3A%2F%2Fimpactup.com%2Fetude-personnalisee%2F&#8221;][\/vc_column][vc_column width=&#8221;1\/3&#8243;][vc_btn title=&#8221;Contactez-nous&#8221; color=&#8221;secondarycolor&#8221; align=&#8221;center&#8221; css=&#8221;&#8221; link=&#8221;url:https%3A%2F%2Fimpactup.com%2Fcontact%2F&#8221;][\/vc_column][\/vc_row][vc_row css=&#8221;.vc_custom_1717658386032{padding-top: 40px !important;padding-bottom: 20px !important;}&#8221;][vc_column][vc_column_text css=&#8221;&#8221;] ImpactUp \u00e0 Nantes, un cabinet de recrutement fiable pour trouver un directeur commercial Le recrutement d\u2019un directeur commercial est une \u00e9tape incontournable pour toute entreprise. Il\u00a0 [&hellip;]<\/p>\n","protected":false},"author":4,"featured_media":0,"parent":17218,"menu_order":0,"comment_status":"closed","ping_status":"closed","template":"","meta":{"_monsterinsights_skip_tracking":false,"_monsterinsights_sitenote_active":false,"_monsterinsights_sitenote_note":"","_monsterinsights_sitenote_category":0,"footnotes":""},"class_list":["post-25780","page","type-page","status-publish","hentry"],"yoast_head":"<!-- This site is optimized with the Yoast SEO plugin v27.0 - https:\/\/yoast.com\/product\/yoast-seo-wordpress\/ -->\n<title>Un cabinet sp\u00e9cialis\u00e9 pour le recrutement d\u2019un directeur commercial \u00e0 Nantes<\/title>\n<meta name=\"description\" content=\"Il est conseill\u00e9 de faire appel \u00e0 un cabinet de recrutement pour trouver un directeur commercial \u00e0 Nantes. Rapprochez-vous du cabinet ImpactUp pour le recrutement de votre directeur commercial \u00e0 Nantes.\" \/>\n<meta name=\"robots\" content=\"index, follow, max-snippet:-1, max-image-preview:large, max-video-preview:-1\" \/>\n<link rel=\"canonical\" href=\"https:\/\/impactup.com\/en\/glossaire\/cabinet-de-recrutement-directeur-commercial-nantes\/\" \/>\n<meta property=\"og:locale\" content=\"en_US\" \/>\n<meta property=\"og:type\" content=\"article\" \/>\n<meta property=\"og:title\" content=\"Un cabinet sp\u00e9cialis\u00e9 pour le recrutement d\u2019un directeur commercial \u00e0 Nantes\" \/>\n<meta property=\"og:description\" content=\"Il est conseill\u00e9 de faire appel \u00e0 un cabinet de recrutement pour trouver un directeur commercial \u00e0 Nantes. Rapprochez-vous du cabinet ImpactUp pour le recrutement de votre directeur commercial \u00e0 Nantes.\" \/>\n<meta property=\"og:url\" content=\"https:\/\/impactup.com\/en\/glossaire\/cabinet-de-recrutement-directeur-commercial-nantes\/\" \/>\n<meta property=\"og:site_name\" content=\"ImpactUp\" \/>\n<meta property=\"article:modified_time\" content=\"2024-06-07T14:18:23+00:00\" \/>\n<meta property=\"og:image\" content=\"https:\/\/impactup.com\/wp-content\/uploads\/2021\/01\/og.jpg\" \/>\n\t<meta property=\"og:image:width\" content=\"1067\" \/>\n\t<meta property=\"og:image:height\" content=\"600\" \/>\n\t<meta property=\"og:image:type\" content=\"image\/jpeg\" \/>\n<meta name=\"twitter:card\" content=\"summary_large_image\" \/>\n<meta name=\"twitter:label1\" content=\"Est. reading time\" \/>\n\t<meta name=\"twitter:data1\" content=\"6 minutes\" \/>\n<script type=\"application\/ld+json\" class=\"yoast-schema-graph\">{\"@context\":\"https:\/\/schema.org\",\"@graph\":[{\"@type\":\"WebPage\",\"@id\":\"https:\/\/impactup.com\/en\/glossaire\/cabinet-de-recrutement-directeur-commercial-nantes\/\",\"url\":\"https:\/\/impactup.com\/en\/glossaire\/cabinet-de-recrutement-directeur-commercial-nantes\/\",\"name\":\"Un cabinet sp\u00e9cialis\u00e9 pour le recrutement d\u2019un directeur commercial \u00e0 Nantes\",\"isPartOf\":{\"@id\":\"https:\/\/impactup.com\/en\/#website\"},\"datePublished\":\"2024-06-07T09:21:05+00:00\",\"dateModified\":\"2024-06-07T14:18:23+00:00\",\"description\":\"Il est conseill\u00e9 de faire appel \u00e0 un cabinet de recrutement pour trouver un directeur commercial \u00e0 Nantes. Rapprochez-vous du cabinet ImpactUp pour le recrutement de votre directeur commercial \u00e0 Nantes.\",\"breadcrumb\":{\"@id\":\"https:\/\/impactup.com\/en\/glossaire\/cabinet-de-recrutement-directeur-commercial-nantes\/#breadcrumb\"},\"inLanguage\":\"en-US\",\"potentialAction\":[{\"@type\":\"ReadAction\",\"target\":[\"https:\/\/impactup.com\/en\/glossaire\/cabinet-de-recrutement-directeur-commercial-nantes\/\"]}]},{\"@type\":\"BreadcrumbList\",\"@id\":\"https:\/\/impactup.com\/en\/glossaire\/cabinet-de-recrutement-directeur-commercial-nantes\/#breadcrumb\",\"itemListElement\":[{\"@type\":\"ListItem\",\"position\":1,\"name\":\"Accueil\",\"item\":\"https:\/\/impactup.com\/en\/\"},{\"@type\":\"ListItem\",\"position\":2,\"name\":\"Glossaire\",\"item\":\"https:\/\/impactup.com\/en\/glossaire\/\"},{\"@type\":\"ListItem\",\"position\":3,\"name\":\"ImpactUp \u00e0 Nantes, un cabinet de recrutement fiable pour trouver un directeur commercial\"}]},{\"@type\":\"WebSite\",\"@id\":\"https:\/\/impactup.com\/en\/#website\",\"url\":\"https:\/\/impactup.com\/en\/\",\"name\":\"ImpactUp\",\"description\":\"Recrutement commerciaux, directions commerciales et fonctions marketing\",\"potentialAction\":[{\"@type\":\"SearchAction\",\"target\":{\"@type\":\"EntryPoint\",\"urlTemplate\":\"https:\/\/impactup.com\/en\/?s={search_term_string}\"},\"query-input\":{\"@type\":\"PropertyValueSpecification\",\"valueRequired\":true,\"valueName\":\"search_term_string\"}}],\"inLanguage\":\"en-US\"}]}<\/script>\n<!-- \/ Yoast SEO plugin. -->","yoast_head_json":{"title":"Un cabinet sp\u00e9cialis\u00e9 pour le recrutement d\u2019un directeur commercial \u00e0 Nantes","description":"Il est conseill\u00e9 de faire appel \u00e0 un cabinet de recrutement pour trouver un directeur commercial \u00e0 Nantes. Rapprochez-vous du cabinet ImpactUp pour le recrutement de votre directeur commercial \u00e0 Nantes.","robots":{"index":"index","follow":"follow","max-snippet":"max-snippet:-1","max-image-preview":"max-image-preview:large","max-video-preview":"max-video-preview:-1"},"canonical":"https:\/\/impactup.com\/en\/glossaire\/cabinet-de-recrutement-directeur-commercial-nantes\/","og_locale":"en_US","og_type":"article","og_title":"Un cabinet sp\u00e9cialis\u00e9 pour le recrutement d\u2019un directeur commercial \u00e0 Nantes","og_description":"Il est conseill\u00e9 de faire appel \u00e0 un cabinet de recrutement pour trouver un directeur commercial \u00e0 Nantes. Rapprochez-vous du cabinet ImpactUp pour le recrutement de votre directeur commercial \u00e0 Nantes.","og_url":"https:\/\/impactup.com\/en\/glossaire\/cabinet-de-recrutement-directeur-commercial-nantes\/","og_site_name":"ImpactUp","article_modified_time":"2024-06-07T14:18:23+00:00","og_image":[{"width":1067,"height":600,"url":"https:\/\/impactup.com\/wp-content\/uploads\/2021\/01\/og.jpg","type":"image\/jpeg"}],"twitter_card":"summary_large_image","twitter_misc":{"Est. reading time":"6 minutes"},"schema":{"@context":"https:\/\/schema.org","@graph":[{"@type":"WebPage","@id":"https:\/\/impactup.com\/en\/glossaire\/cabinet-de-recrutement-directeur-commercial-nantes\/","url":"https:\/\/impactup.com\/en\/glossaire\/cabinet-de-recrutement-directeur-commercial-nantes\/","name":"Un cabinet sp\u00e9cialis\u00e9 pour le recrutement d\u2019un directeur commercial \u00e0 Nantes","isPartOf":{"@id":"https:\/\/impactup.com\/en\/#website"},"datePublished":"2024-06-07T09:21:05+00:00","dateModified":"2024-06-07T14:18:23+00:00","description":"Il est conseill\u00e9 de faire appel \u00e0 un cabinet de recrutement pour trouver un directeur commercial \u00e0 Nantes. Rapprochez-vous du cabinet ImpactUp pour le recrutement de votre directeur commercial \u00e0 Nantes.","breadcrumb":{"@id":"https:\/\/impactup.com\/en\/glossaire\/cabinet-de-recrutement-directeur-commercial-nantes\/#breadcrumb"},"inLanguage":"en-US","potentialAction":[{"@type":"ReadAction","target":["https:\/\/impactup.com\/en\/glossaire\/cabinet-de-recrutement-directeur-commercial-nantes\/"]}]},{"@type":"BreadcrumbList","@id":"https:\/\/impactup.com\/en\/glossaire\/cabinet-de-recrutement-directeur-commercial-nantes\/#breadcrumb","itemListElement":[{"@type":"ListItem","position":1,"name":"Accueil","item":"https:\/\/impactup.com\/en\/"},{"@type":"ListItem","position":2,"name":"Glossaire","item":"https:\/\/impactup.com\/en\/glossaire\/"},{"@type":"ListItem","position":3,"name":"ImpactUp \u00e0 Nantes, un cabinet de recrutement fiable pour trouver un directeur commercial"}]},{"@type":"WebSite","@id":"https:\/\/impactup.com\/en\/#website","url":"https:\/\/impactup.com\/en\/","name":"ImpactUp","description":"Recrutement commerciaux, directions commerciales et fonctions marketing","potentialAction":[{"@type":"SearchAction","target":{"@type":"EntryPoint","urlTemplate":"https:\/\/impactup.com\/en\/?s={search_term_string}"},"query-input":{"@type":"PropertyValueSpecification","valueRequired":true,"valueName":"search_term_string"}}],"inLanguage":"en-US"}]}},"_links":{"self":[{"href":"https:\/\/impactup.com\/en\/wp-json\/wp\/v2\/pages\/25780","targetHints":{"allow":["GET"]}}],"collection":[{"href":"https:\/\/impactup.com\/en\/wp-json\/wp\/v2\/pages"}],"about":[{"href":"https:\/\/impactup.com\/en\/wp-json\/wp\/v2\/types\/page"}],"author":[{"embeddable":true,"href":"https:\/\/impactup.com\/en\/wp-json\/wp\/v2\/users\/4"}],"replies":[{"embeddable":true,"href":"https:\/\/impactup.com\/en\/wp-json\/wp\/v2\/comments?post=25780"}],"version-history":[{"count":1,"href":"https:\/\/impactup.com\/en\/wp-json\/wp\/v2\/pages\/25780\/revisions"}],"predecessor-version":[{"id":25786,"href":"https:\/\/impactup.com\/en\/wp-json\/wp\/v2\/pages\/25780\/revisions\/25786"}],"up":[{"embeddable":true,"href":"https:\/\/impactup.com\/en\/wp-json\/wp\/v2\/pages\/17218"}],"wp:attachment":[{"href":"https:\/\/impactup.com\/en\/wp-json\/wp\/v2\/media?parent=25780"}],"curies":[{"name":"wp","href":"https:\/\/api.w.org\/{rel}","templated":true}]}}