{"id":25773,"date":"2024-06-07T10:57:09","date_gmt":"2024-06-07T08:57:09","guid":{"rendered":"https:\/\/impactup.niou.dev\/?page_id=25773"},"modified":"2024-06-07T16:23:31","modified_gmt":"2024-06-07T14:23:31","slug":"cabinet-de-recrutement-responsable-commercial","status":"publish","type":"page","link":"https:\/\/impactup.com\/en\/glossaire\/cabinet-de-recrutement-responsable-commercial\/","title":{"rendered":"Responsable commercial : trouver un collaborateur fiable aupr\u00e8s d\u2019un cabinet de recrutement"},"content":{"rendered":"<div class=\"wpb-content-wrapper\"><p>[vc_row][vc_column width=&#8221;1\/3&#8243;][vc_btn title=&#8221;Voir notre offre&#8221; color=&#8221;secondarycolor&#8221; align=&#8221;center&#8221; css=&#8221;&#8221; link=&#8221;url:https%3A%2F%2Fimpactup.com%2Frecrutement%2F&#8221;][\/vc_column][vc_column width=&#8221;1\/3&#8243;][vc_btn title=&#8221;Confiez-nous votre projet&#8221; color=&#8221;secondarycolor&#8221; align=&#8221;center&#8221; css=&#8221;&#8221; link=&#8221;url:https%3A%2F%2Fimpactup.com%2Fetude-personnalisee%2F&#8221;][\/vc_column][vc_column width=&#8221;1\/3&#8243;][vc_btn title=&#8221;Contactez-nous&#8221; color=&#8221;secondarycolor&#8221; align=&#8221;center&#8221; css=&#8221;&#8221; link=&#8221;url:https%3A%2F%2Fimpactup.com%2Fcontact%2F&#8221;][\/vc_column][\/vc_row][vc_row css=&#8221;.vc_custom_1717658386032{padding-top: 40px !important;padding-bottom: 20px !important;}&#8221;][vc_column][vc_column_text css=&#8221;&#8221;]<\/p>\n<section style=\"text-align: justify;\">\n<h2>Responsable commercial\u00a0: trouver un collaborateur fiable aupr\u00e8s d\u2019un cabinet de recrutement<\/h2>\n<p>Pour le <a href=\"https:\/\/impactup.com\/glossaire\/cabinet-de-recrutement-responsable-marketing\"><strong>recrutement<\/strong> <strong>d\u2019un<\/strong> <strong>responsable commercial<\/strong><\/a>, il convient de faire appel \u00e0 un cabinet disposant des moyens n\u00e9cessaires pour rep\u00e9rer le bon candidat.\u00a0 Depuis 2005, ImpactUp aide les PME,\u00a0 ETI et \u00a0grands groupes \u00e0 d\u00e9nicher les meilleurs talents en France et en Europe. Expert en recrutement dans le commercial et marketing, ce dernier peut mener \u00e0 bien tous les projets d\u2019embauche, quelle que soit la demande de l\u2019entreprise.<\/p>\n<\/section>\n<p>[\/vc_column_text][\/vc_column][\/vc_row][vc_row][vc_column width=&#8221;1\/3&#8243;][vc_btn title=&#8221;Voir notre offre&#8221; color=&#8221;secondarycolor&#8221; align=&#8221;center&#8221; css=&#8221;&#8221; link=&#8221;url:https%3A%2F%2Fimpactup.com%2Frecrutement%2F&#8221;][\/vc_column][vc_column width=&#8221;1\/3&#8243;][vc_btn title=&#8221;Confiez-nous votre projet&#8221; color=&#8221;secondarycolor&#8221; align=&#8221;center&#8221; css=&#8221;&#8221; link=&#8221;url:https%3A%2F%2Fimpactup.com%2Fetude-personnalisee%2F&#8221;][\/vc_column][vc_column width=&#8221;1\/3&#8243;][vc_btn title=&#8221;Contactez-nous&#8221; color=&#8221;secondarycolor&#8221; align=&#8221;center&#8221; css=&#8221;&#8221; link=&#8221;url:https%3A%2F%2Fimpactup.com%2Fcontact%2F&#8221;][\/vc_column][\/vc_row][vc_row css=&#8221;.vc_custom_1717658445522{padding-top: 40px !important;}&#8221;][vc_column][vc_column_text css=&#8221;&#8221;]<\/p>\n<section style=\"text-align: justify;\">\n<h2>Recrutement dans le commercial\u00a0: des comp\u00e9tences sp\u00e9cifiques s\u2019imposent<\/h2>\n<p>Il est actuellement de plus en plus difficile de trouver des professionnels du commerce compte tenu de la multiplication exponentielle du nombre de soci\u00e9t\u00e9s qui se lancent dans des activit\u00e9s de vente de produits ou de services. Le recrutement est d\u2019autant plus difficile \u00e0 cause de l\u2019\u00e9volution des m\u00e9tiers de commercial et de vente, l\u2019arriv\u00e9e de nouveaux articles ou prestations sur le march\u00e9.<\/p>\n<p>Le responsable commercial est l\u2019architecte de la strat\u00e9gie mise en place pour d\u00e9velopper les ventes dans une zone g\u00e9ographique donn\u00e9e. Parmi ses attributions, il con\u00e7oit et d\u00e9finit les actions commerciales pour les \u00e9quipes de terrain,\u00a0fixe les objectifs et les axes prioritaires, repr\u00e9sente l\u2019entreprise lors d\u2019\u00e9v\u00e8nements locaux, assure l&#8217;interface avec les autres services de l&#8217;entreprise. Bref,\u00a0il est le garant du chiffre d&#8217;affaires et de la marge commerciale sur le p\u00e9rim\u00e8tre qui lui est allou\u00e9. Recruter un responsable commercial ne se fait pas \u00e0 la l\u00e9g\u00e8re. Outre les comp\u00e9tences et l\u2019exp\u00e9rience n\u00e9cessaires pour occuper ce poste,\u00a0 d\u2019autres param\u00e8tres doivent \u00eatre pris en compte. Ainsi, le responsable commercial doit avoir une excellente connaissance du secteur d\u2019activit\u00e9 de l\u2019entreprise qui l\u2019emploie et \u00eatre attentif aux \u00e9volutions du march\u00e9 et aux offres de la concurrence pour s\u2019adapter en permanence. De m\u00eame, on peut souligner d\u2019autres qualit\u00e9s :<\/p>\n<ul>\n<li><strong>L\u2019\u00e9coute attentive :<\/strong> un bon leader doit \u00eatre \u00e0 l\u2019\u00e9coute de ses collaborateurs et \u00a0disponible pour r\u00e9pondre \u00e0 leurs demandes. Il doit \u00eatre pr\u00eat \u00e0 entendre leurs pr\u00e9occupations et \u00e0 prendre en compte leurs suggestions.<\/li>\n<li><strong>La capacit\u00e9 \u00e0 prendre des d\u00e9cisions strat\u00e9giques : <\/strong>le responsable commercial doit \u00eatre capable d&#8217;\u00e9valuer rapidement la situation, de trouver des solutions et de les mettre en \u0153uvre de mani\u00e8re efficace.<\/li>\n<li><strong>La capacit\u00e9 \u00e0 communiquer de mani\u00e8re claire et respectueuse :<\/strong> le responsable doit pouvoir transmettre des informations de mani\u00e8re compr\u00e9hensible et encourager un dialogue ouvert au sein de l&#8217;\u00e9quipe.<\/li>\n<\/ul>\n<p>Par ailleurs, il doit aussi faire preuve d&#8217;exemplarit\u00e9, tant au niveau des comp\u00e9tences que du comportement. \u00catre exemplaire inspire confiance et respect \u00e0 ses collaborateurs. \u00catre capable de f\u00e9d\u00e9rer son \u00e9quipe autour d&#8217;objectifs communs constitue \u00e9galement une qualit\u00e9 exceptionnelle chez un leader. Cela renforce le respect et contribue \u00e0 favoriser une collaboration harmonieuse et productive.<\/p>\n<p>Toute entreprise qui souhaite se doter de cadres commerciaux et vendeurs efficaces se doit de d\u00e9ployer des moyens consid\u00e9rables pour assurer la r\u00e9ussite de sa campagne de recrutement, un projet rendu plus complexe par la concurrence entre les soci\u00e9t\u00e9s qui souhaitent trouver des collaborateurs. Le recours \u00e0 un <strong>cabinet de <\/strong><strong>recrutement<\/strong> s\u2019impose souvent pour d\u00e9nicher un <strong>responsable commercial<\/strong> dont les comp\u00e9tences et le profil correspondent aux exigences du poste \u00e0 pourvoir. Le cabinet de recrutement et de conseil ImpactUp, sp\u00e9cialiste des fonctions commerciales et marketing, vous aide \u00e0 d\u00e9nicher le responsable commercial qui vous correspond.<\/p>\n<h2>Cabinet de recrutement ou chasseur de t\u00eates\u00a0?<\/h2>\n<p>Pour la recherche de <a href=\"https:\/\/impactup.com\/glossaire\/cabinet-de-recrutement-par-approche-directe\"><strong>responsable commercial<\/strong><\/a>, les services d\u2019un <a href=\"https:\/\/impactup.com\/glossaire\/cabinet-de-recrutement-par-approche-directe\"><strong>cabinet de recrutement<\/strong><\/a> repr\u00e9sentent ainsi l\u2019option la plus sage si vous voulez assurer le succ\u00e8s des op\u00e9rations. Il dispose en effet des ressources humaines et techniques requises pour mener \u00e0 bien ce type de projet.<\/p>\n<p>Toutefois, si pour une raison ou pour une autre, les m\u00e9thodes de recrutement classiques qu\u2019il utilise ne donnent pas de r\u00e9sultats satisfaisants, il existe une autre option\u00a0: le chasseur de t\u00eate. Ce dernier mettra en \u0153uvre une m\u00e9thode de recrutement par approche directe pour s\u2019assurer de d\u00e9nicher la personne qui saura assumer ce poste avec succ\u00e8s.<\/p>\n<p>Il est cependant possible de s\u2019adresser \u00e0 un cabinet de recrutement qui propose \u00e9galement des prestations de chasse de t\u00eate auxquelles vous pouvez recourir en cas de besoin. Cette solution vous \u00e9vitera de perdre du temps \u00e0 chercher un autre prestataire si l\u2019agence \u00e0 laquelle vous vous \u00eates adress\u00e9 n\u2019a pas trouv\u00e9 les personnes que vous cherchez.<\/p>\n<p>A ce propos, le cabinet ImpactUP est le partenaire incontournable entreprises (grandes structures ou PME) pour le recrutement de profils de haut niveau et experts m\u00e9tiers) sur des p\u00f4les d\u2019expertise relatifs au marketing et au commerce : category manager, marchandiseur(euse), charg\u00e9(e) de marketing direct, business developer, ing\u00e9nieur commercial, d\u00e9l\u00e9gu\u00e9 commercial, responsable de promotion des ventes, et \u00e0 toutes les fonctions strat\u00e9giques de l\u2019organisation : key account manager, directeur(trice) de la relation client, digital marketing manager, directeur(trice) de magasin, directeur(trice) commercial(e) et bien d\u2019autres encore Les candidats profitent des conseils d\u2019experts d\u2019ImpactUP pour l\u2019atteinte de leurs objectifs professionnels.<\/p>\n<h2>Les avantages du recours \u00e0 un cabinet sp\u00e9cialis\u00e9 pour le recrutement de responsable commercial<\/h2>\n<p>Faire appel aux services d\u2019un <strong>cabinet de recrutement<\/strong> pour trouver votre <strong>responsable commercial<\/strong> est aujourd\u2019hui courant pour toute entreprise qui souhaite optimiser ses chances de disposer d\u2019une personne parfaitement taill\u00e9e pour ce poste.<\/p>\n<p>En effet, il est de\u00a0moins en moins facile pour les PME de trouver des cadres de haut niveau dont les comp\u00e9tences et le profil r\u00e9pondent \u00e0 leurs besoins et aux exigences de leur m\u00e9tier. De plus, concevoir et mettre en \u0153uvre d\u2019une strat\u00e9gie de recrutement sont par ailleurs des op\u00e9rations aussi chronophages que complexes.<\/p>\n<p>S\u2019adresser \u00e0 une agence de recrutement peut ainsi vous faire gagner du temps et de l\u2019argent.\u00a0 Un cabinet chasseur de t\u00eates demeure en outre une garantie de r\u00e9ussite pour toutes les entreprises. Certaines agences de recrutement ont d\u2019ailleurs la capacit\u00e9 de r\u00e9soudre des soucis sp\u00e9cifiques plus complexes, \u00e0 l\u2019instar d\u2019Impactup.<\/p>\n<p><a href=\"https:\/\/impactup.com\"><strong>Impactup<\/strong><\/a> mettra en \u0153uvre tous les moyens \u00e0 sa disposition pour vous aider \u00e0 trouver un commercial de talent dans les d\u00e9lais impartis. Avec une \u00e9quipe efficace et un crit\u00e8re de s\u00e9lection rigoureux, ce cabinet vous d\u00e9chargera de cette t\u00e2che fastidieuse et vous fera b\u00e9n\u00e9ficier de tout son savoir-faire. De m\u00eame, il appliquera des outils et des techniques performants afin de parvenir aux objectifs fix\u00e9s par son client.<\/p>\n<p><strong>ImpactUP<\/strong> dispose d\u2019une offre de services compl\u00e8te pour r\u00e9pondre \u00e0 tous les besoins des entreprises en mati\u00e8re de ressources humaines :<\/p>\n<ul>\n<li>Un service en ligne SaaS d\u2019\u00e9valuation qui permet de valider les comp\u00e9tences dans une langue \u00e9trang\u00e8re propos\u00e9 en partenariat avec Pipplet ;<\/li>\n<li>Une plateforme d\u2019\u00e9valuation qui repose sur 4 gammes d\u2019outils : TalentBusiness\u00ae, TalentInitial\u00ae, TalentRelation\u00ae et TalentAttitude\u00ae.<\/li>\n<\/ul>\n<h2>Pour le recrutement d\u2019un responsable commercial qualifi\u00e9, songez au cabinet Impactup<\/h2>\n<p>Le cabinet Impactup fait partie des r\u00e9f\u00e9rences dans l\u2019Hexagone. Cr\u00e9\u00e9 en 2005, il propose ses services aux PME ainsi qu\u2019aux grandes entreprises qui pourront d\u00e9sormais lui confier, de mani\u00e8re permanente ou ponctuelle, le recrutement de leurs directeurs, de leurs managers op\u00e9rationnels ou encore de leurs agents commerciaux. Par ailleurs, Impactup vous aide \u00e0 \u00e9tablir et \u00e0 d\u00e9velopper une strat\u00e9gie commerciale coh\u00e9rente au regard de la taille de votre entreprise, des subtilit\u00e9s de votre m\u00e9tier et de votre situation sur le march\u00e9.<\/p>\n<p>En tant que <a href=\"https:\/\/impactup.com\/glossaire\/cabinet-de-recrutement-consultant-commercial\"><strong>cabinet de recrutement<\/strong><\/a> sp\u00e9cialis\u00e9 dans les fonctions commerciales, incluant l\u2019embauche d\u2019un <a href=\"https:\/\/impactup.com\/glossaire\/cabinet-de-recrutement-consultant-commercial\"><strong>responsable commercial<\/strong><\/a>, nous mettons en \u0153uvre une m\u00e9thodologie ax\u00e9e sur le r\u00e9sultat et l\u2019apport de valeur pour votre entreprise\u00a0:<\/p>\n<ul>\n<li>Elaboration d\u2019une fiche de poste pr\u00e9cise et d\u00e9taill\u00e9e, apr\u00e8s analyse de l\u2019environnement de travail et des sp\u00e9cificit\u00e9s de votre activit\u00e9\u00a0;<\/li>\n<li>R\u00e9daction d\u2019une annonce d\u2019offre d\u2019emploi attractive, mettant en valeur \u00e0 la fois les atouts de votre entreprise\u00a0;<\/li>\n<li>Diffusion de l\u2019annonce suivant les canaux les plus pertinents\u00a0;<\/li>\n<li>Premi\u00e8re s\u00e9lection de CV, en portant une attention particuli\u00e8re sur les r\u00e9sultats obtenus par les candidats dans le pass\u00e9\u00a0;<\/li>\n<li>Conduite des entretiens et tests selon les exigences du poste\u00a0;<\/li>\n<li>Etablissement d\u2019un short list apr\u00e8s \u00e9valuation des motivations de meilleurs candidats et leur affinit\u00e9 avec votre structure\u00a0;<\/li>\n<li>Accompagnement \u00e0 l\u2019embauche d\u00e9finitive et l\u2019int\u00e9gration du candidat.<\/li>\n<\/ul>\n<p>Durant tout le processus, nous avons pour principe de rechercher des profils capables de contribuer \u00e0 augmenter le CA de votre entreprise, et motiv\u00e9s pour \u00e9voluer durablement au sein de votre soci\u00e9t\u00e9.<\/p>\n<p>Si votre soci\u00e9t\u00e9 est implant\u00e9e \u00e0 Nantes, Lyon, Paris, Toulouse ou encore La Rochelle, n\u2019h\u00e9sitez pas \u00e0 vous adresser \u00e0 notre \u00e9quipe de consultants professionnels. Nous tenons \u00e0 souligner que nous travaillons depuis peu en \u00e9troite collaboration avec un <strong><a href=\"https:\/\/impactup.com\/notre-expertise\/nos-solutions\/recrutement\/\">cabinet <\/a><\/strong>allemand \u00e9galement sp\u00e9cialis\u00e9 dans le <strong><a href=\"https:\/\/impactup.com\/notre-expertise\/nos-solutions\/recrutement\/\">recrutement d\u2019un responsable commercial<\/a><\/strong>. Ainsi, nous sommes en mesure de r\u00e9pondre aux besoins des entreprises allemandes, autrichiennes et suisses en qu\u00eate du candidat exemplaire.<\/p>\n<p>Nous sommes le partenaire id\u00e9al de nombreux groupes et bas\u00e9s dans diff\u00e9rents pays, convaincus par notre professionnalisme.<\/p>\n<h2>Nos diff\u00e9rentes prestations<\/h2>\n<p>Notre longue exp\u00e9rience aupr\u00e8s de grands groupes et de PME nous permet aujourd\u2019hui de partager notre expertise pour\u00a0:<\/p>\n<ul>\n<li>Le <strong>recrutement<\/strong> par notre <strong>cabinet de<\/strong> votre <strong>responsable commercial<\/strong>, mais aussi sur tous les postes concernant le marketing et les fonctions commerciales avec des offres personnalisables selon les besoins (offre compl\u00e8te ou en partie, recrutement en grand nombre, recrutement d\u2019urgence, recrutement r\u00e9current, recrutement temporaire\u2026).<\/li>\n<li>L\u2019assessment center pour la mesure du potentiel manag\u00e9rial de vos \u00e9quipes, le rep\u00e9rage au sein de l\u2019entreprise des talents cach\u00e9s et des managers en devenir, l\u2019identification des besoins en accompagnement et en formation, la fiabilisation dans le recrutement des postes \u00e0 haute responsabilit\u00e9\u2026<\/li>\n<li>L\u2019externalisation commerciale avec tarification en fonction des r\u00e9sultats comprenant l\u2019\u00e9laboration et la mise en \u0153uvre d\u2019une strat\u00e9gie commerciale, l\u2019optimisation commerciale (analyse des besoins en recrutement et accompagnement des recrues, formation, recherche de distributeurs et de partenaires), la f\u00e9d\u00e9ration et l\u2019\u00e9mulation des \u00e9quipes commerciales et l\u2019analyse des r\u00e9sultats avec la mise en \u0153uvre d\u2019outils CRM et l\u2019analyse comportementale et de l\u2019efficacit\u00e9 personnelle.<\/li>\n<li>Des actions de formation avec des modules sur le recrutement, l\u2019analyse et l\u2019optimisation du comportement pour am\u00e9liorer le travail en \u00e9quipe, les ventes et le managing et un module sp\u00e9cifique pour managers.<\/li>\n<\/ul>\n<p>&nbsp;<\/p>\n<p>&nbsp;<\/p>\n<p>&nbsp;<\/p>\n<\/section>\n<p>[\/vc_column_text][\/vc_column][\/vc_row]<\/p>\n<\/div>","protected":false},"excerpt":{"rendered":"<p>[vc_row][vc_column width=&#8221;1\/3&#8243;][vc_btn title=&#8221;Voir notre offre&#8221; color=&#8221;secondarycolor&#8221; align=&#8221;center&#8221; css=&#8221;&#8221; link=&#8221;url:https%3A%2F%2Fimpactup.com%2Frecrutement%2F&#8221;][\/vc_column][vc_column width=&#8221;1\/3&#8243;][vc_btn title=&#8221;Confiez-nous votre projet&#8221; color=&#8221;secondarycolor&#8221; align=&#8221;center&#8221; css=&#8221;&#8221; link=&#8221;url:https%3A%2F%2Fimpactup.com%2Fetude-personnalisee%2F&#8221;][\/vc_column][vc_column width=&#8221;1\/3&#8243;][vc_btn title=&#8221;Contactez-nous&#8221; color=&#8221;secondarycolor&#8221; align=&#8221;center&#8221; css=&#8221;&#8221; link=&#8221;url:https%3A%2F%2Fimpactup.com%2Fcontact%2F&#8221;][\/vc_column][\/vc_row][vc_row css=&#8221;.vc_custom_1717658386032{padding-top: 40px !important;padding-bottom: 20px !important;}&#8221;][vc_column][vc_column_text css=&#8221;&#8221;] Responsable commercial\u00a0: trouver un collaborateur fiable aupr\u00e8s d\u2019un cabinet de recrutement Pour le recrutement d\u2019un responsable commercial, il convient de faire appel \u00e0 un cabinet disposant [&hellip;]<\/p>\n","protected":false},"author":4,"featured_media":0,"parent":17218,"menu_order":0,"comment_status":"closed","ping_status":"closed","template":"","meta":{"_monsterinsights_skip_tracking":false,"_monsterinsights_sitenote_active":false,"_monsterinsights_sitenote_note":"","_monsterinsights_sitenote_category":0,"footnotes":""},"class_list":["post-25773","page","type-page","status-publish","hentry"],"yoast_head":"<!-- This site is optimized with the Yoast SEO plugin v27.0 - https:\/\/yoast.com\/product\/yoast-seo-wordpress\/ -->\n<title>Un cabinet sp\u00e9cialis\u00e9 pour le recrutement de responsable commercial<\/title>\n<meta name=\"description\" content=\"Confiez le recrutement de responsable commercial \u00e0 un cabinet comp\u00e9tent. ImpactUp est un cabinet de recrutement de r\u00e9f\u00e9rence pour la recherche et l\u2019embauche d\u2019un responsable commercial.\" \/>\n<meta name=\"robots\" content=\"index, follow, max-snippet:-1, max-image-preview:large, max-video-preview:-1\" \/>\n<link rel=\"canonical\" href=\"https:\/\/impactup.com\/en\/glossaire\/cabinet-de-recrutement-responsable-commercial\/\" \/>\n<meta property=\"og:locale\" content=\"en_US\" \/>\n<meta property=\"og:type\" content=\"article\" \/>\n<meta property=\"og:title\" content=\"Un cabinet sp\u00e9cialis\u00e9 pour le recrutement de responsable commercial\" \/>\n<meta property=\"og:description\" content=\"Confiez le recrutement de responsable commercial \u00e0 un cabinet comp\u00e9tent. ImpactUp est un cabinet de recrutement de r\u00e9f\u00e9rence pour la recherche et l\u2019embauche d\u2019un responsable commercial.\" \/>\n<meta property=\"og:url\" content=\"https:\/\/impactup.com\/en\/glossaire\/cabinet-de-recrutement-responsable-commercial\/\" \/>\n<meta property=\"og:site_name\" content=\"ImpactUp\" \/>\n<meta property=\"article:modified_time\" content=\"2024-06-07T14:23:31+00:00\" \/>\n<meta property=\"og:image\" content=\"https:\/\/impactup.com\/wp-content\/uploads\/2021\/01\/og.jpg\" \/>\n\t<meta property=\"og:image:width\" content=\"1067\" \/>\n\t<meta property=\"og:image:height\" content=\"600\" \/>\n\t<meta property=\"og:image:type\" content=\"image\/jpeg\" \/>\n<meta name=\"twitter:card\" content=\"summary_large_image\" \/>\n<meta name=\"twitter:label1\" content=\"Est. reading time\" \/>\n\t<meta name=\"twitter:data1\" content=\"9 minutes\" \/>\n<script type=\"application\/ld+json\" class=\"yoast-schema-graph\">{\"@context\":\"https:\/\/schema.org\",\"@graph\":[{\"@type\":\"WebPage\",\"@id\":\"https:\/\/impactup.com\/en\/glossaire\/cabinet-de-recrutement-responsable-commercial\/\",\"url\":\"https:\/\/impactup.com\/en\/glossaire\/cabinet-de-recrutement-responsable-commercial\/\",\"name\":\"Un cabinet sp\u00e9cialis\u00e9 pour le recrutement de responsable commercial\",\"isPartOf\":{\"@id\":\"https:\/\/impactup.com\/en\/#website\"},\"datePublished\":\"2024-06-07T08:57:09+00:00\",\"dateModified\":\"2024-06-07T14:23:31+00:00\",\"description\":\"Confiez le recrutement de responsable commercial \u00e0 un cabinet comp\u00e9tent. ImpactUp est un cabinet de recrutement de r\u00e9f\u00e9rence pour la recherche et l\u2019embauche d\u2019un responsable commercial.\",\"breadcrumb\":{\"@id\":\"https:\/\/impactup.com\/en\/glossaire\/cabinet-de-recrutement-responsable-commercial\/#breadcrumb\"},\"inLanguage\":\"en-US\",\"potentialAction\":[{\"@type\":\"ReadAction\",\"target\":[\"https:\/\/impactup.com\/en\/glossaire\/cabinet-de-recrutement-responsable-commercial\/\"]}]},{\"@type\":\"BreadcrumbList\",\"@id\":\"https:\/\/impactup.com\/en\/glossaire\/cabinet-de-recrutement-responsable-commercial\/#breadcrumb\",\"itemListElement\":[{\"@type\":\"ListItem\",\"position\":1,\"name\":\"Accueil\",\"item\":\"https:\/\/impactup.com\/en\/\"},{\"@type\":\"ListItem\",\"position\":2,\"name\":\"Glossaire\",\"item\":\"https:\/\/impactup.com\/en\/glossaire\/\"},{\"@type\":\"ListItem\",\"position\":3,\"name\":\"Responsable commercial : trouver un collaborateur fiable aupr\u00e8s d\u2019un cabinet de recrutement\"}]},{\"@type\":\"WebSite\",\"@id\":\"https:\/\/impactup.com\/en\/#website\",\"url\":\"https:\/\/impactup.com\/en\/\",\"name\":\"ImpactUp\",\"description\":\"Recrutement commerciaux, directions commerciales et fonctions marketing\",\"potentialAction\":[{\"@type\":\"SearchAction\",\"target\":{\"@type\":\"EntryPoint\",\"urlTemplate\":\"https:\/\/impactup.com\/en\/?s={search_term_string}\"},\"query-input\":{\"@type\":\"PropertyValueSpecification\",\"valueRequired\":true,\"valueName\":\"search_term_string\"}}],\"inLanguage\":\"en-US\"}]}<\/script>\n<!-- \/ Yoast SEO plugin. -->","yoast_head_json":{"title":"Un cabinet sp\u00e9cialis\u00e9 pour le recrutement de responsable commercial","description":"Confiez le recrutement de responsable commercial \u00e0 un cabinet comp\u00e9tent. ImpactUp est un cabinet de recrutement de r\u00e9f\u00e9rence pour la recherche et l\u2019embauche d\u2019un responsable commercial.","robots":{"index":"index","follow":"follow","max-snippet":"max-snippet:-1","max-image-preview":"max-image-preview:large","max-video-preview":"max-video-preview:-1"},"canonical":"https:\/\/impactup.com\/en\/glossaire\/cabinet-de-recrutement-responsable-commercial\/","og_locale":"en_US","og_type":"article","og_title":"Un cabinet sp\u00e9cialis\u00e9 pour le recrutement de responsable commercial","og_description":"Confiez le recrutement de responsable commercial \u00e0 un cabinet comp\u00e9tent. ImpactUp est un cabinet de recrutement de r\u00e9f\u00e9rence pour la recherche et l\u2019embauche d\u2019un responsable commercial.","og_url":"https:\/\/impactup.com\/en\/glossaire\/cabinet-de-recrutement-responsable-commercial\/","og_site_name":"ImpactUp","article_modified_time":"2024-06-07T14:23:31+00:00","og_image":[{"width":1067,"height":600,"url":"https:\/\/impactup.com\/wp-content\/uploads\/2021\/01\/og.jpg","type":"image\/jpeg"}],"twitter_card":"summary_large_image","twitter_misc":{"Est. reading time":"9 minutes"},"schema":{"@context":"https:\/\/schema.org","@graph":[{"@type":"WebPage","@id":"https:\/\/impactup.com\/en\/glossaire\/cabinet-de-recrutement-responsable-commercial\/","url":"https:\/\/impactup.com\/en\/glossaire\/cabinet-de-recrutement-responsable-commercial\/","name":"Un cabinet sp\u00e9cialis\u00e9 pour le recrutement de responsable commercial","isPartOf":{"@id":"https:\/\/impactup.com\/en\/#website"},"datePublished":"2024-06-07T08:57:09+00:00","dateModified":"2024-06-07T14:23:31+00:00","description":"Confiez le recrutement de responsable commercial \u00e0 un cabinet comp\u00e9tent. ImpactUp est un cabinet de recrutement de r\u00e9f\u00e9rence pour la recherche et l\u2019embauche d\u2019un responsable commercial.","breadcrumb":{"@id":"https:\/\/impactup.com\/en\/glossaire\/cabinet-de-recrutement-responsable-commercial\/#breadcrumb"},"inLanguage":"en-US","potentialAction":[{"@type":"ReadAction","target":["https:\/\/impactup.com\/en\/glossaire\/cabinet-de-recrutement-responsable-commercial\/"]}]},{"@type":"BreadcrumbList","@id":"https:\/\/impactup.com\/en\/glossaire\/cabinet-de-recrutement-responsable-commercial\/#breadcrumb","itemListElement":[{"@type":"ListItem","position":1,"name":"Accueil","item":"https:\/\/impactup.com\/en\/"},{"@type":"ListItem","position":2,"name":"Glossaire","item":"https:\/\/impactup.com\/en\/glossaire\/"},{"@type":"ListItem","position":3,"name":"Responsable commercial : trouver un collaborateur fiable aupr\u00e8s d\u2019un cabinet de recrutement"}]},{"@type":"WebSite","@id":"https:\/\/impactup.com\/en\/#website","url":"https:\/\/impactup.com\/en\/","name":"ImpactUp","description":"Recrutement commerciaux, directions commerciales et fonctions marketing","potentialAction":[{"@type":"SearchAction","target":{"@type":"EntryPoint","urlTemplate":"https:\/\/impactup.com\/en\/?s={search_term_string}"},"query-input":{"@type":"PropertyValueSpecification","valueRequired":true,"valueName":"search_term_string"}}],"inLanguage":"en-US"}]}},"_links":{"self":[{"href":"https:\/\/impactup.com\/en\/wp-json\/wp\/v2\/pages\/25773","targetHints":{"allow":["GET"]}}],"collection":[{"href":"https:\/\/impactup.com\/en\/wp-json\/wp\/v2\/pages"}],"about":[{"href":"https:\/\/impactup.com\/en\/wp-json\/wp\/v2\/types\/page"}],"author":[{"embeddable":true,"href":"https:\/\/impactup.com\/en\/wp-json\/wp\/v2\/users\/4"}],"replies":[{"embeddable":true,"href":"https:\/\/impactup.com\/en\/wp-json\/wp\/v2\/comments?post=25773"}],"version-history":[{"count":3,"href":"https:\/\/impactup.com\/en\/wp-json\/wp\/v2\/pages\/25773\/revisions"}],"predecessor-version":[{"id":25779,"href":"https:\/\/impactup.com\/en\/wp-json\/wp\/v2\/pages\/25773\/revisions\/25779"}],"up":[{"embeddable":true,"href":"https:\/\/impactup.com\/en\/wp-json\/wp\/v2\/pages\/17218"}],"wp:attachment":[{"href":"https:\/\/impactup.com\/en\/wp-json\/wp\/v2\/media?parent=25773"}],"curies":[{"name":"wp","href":"https:\/\/api.w.org\/{rel}","templated":true}]}}