{"id":25772,"date":"2024-06-07T11:12:08","date_gmt":"2024-06-07T09:12:08","guid":{"rendered":"https:\/\/impactup.niou.dev\/?page_id=25772"},"modified":"2024-06-12T15:19:57","modified_gmt":"2024-06-12T13:19:57","slug":"cabinet-de-recrutement-directeur-commercial-bordeaux","status":"publish","type":"page","link":"https:\/\/impactup.com\/en\/glossaire\/cabinet-de-recrutement-directeur-commercial-bordeaux\/","title":{"rendered":"Quel cabinet de recrutement choisir pour trouver un directeur commercial \u00e0 Bordeaux ?"},"content":{"rendered":"<div class=\"wpb-content-wrapper\"><p>[vc_row][vc_column width=&#8221;1\/3&#8243;][vc_btn title=&#8221;Voir notre offre&#8221; color=&#8221;secondarycolor&#8221; align=&#8221;center&#8221; css=&#8221;&#8221; link=&#8221;url:https%3A%2F%2Fimpactup.com%2Frecrutement%2F&#8221;][\/vc_column][vc_column width=&#8221;1\/3&#8243;][vc_btn title=&#8221;Confiez-nous votre projet&#8221; color=&#8221;secondarycolor&#8221; align=&#8221;center&#8221; css=&#8221;&#8221; link=&#8221;url:https%3A%2F%2Fimpactup.com%2Fetude-personnalisee%2F&#8221;][\/vc_column][vc_column width=&#8221;1\/3&#8243;][vc_btn title=&#8221;Contactez-nous&#8221; color=&#8221;secondarycolor&#8221; align=&#8221;center&#8221; css=&#8221;&#8221; link=&#8221;url:https%3A%2F%2Fimpactup.com%2Fcontact%2F&#8221;][\/vc_column][\/vc_row][vc_row css=&#8221;.vc_custom_1717658386032{padding-top: 40px !important;padding-bottom: 20px !important;}&#8221;][vc_column][vc_column_text css=&#8221;&#8221;]<\/p>\n<section style=\"text-align: justify;\">\n<h2><strong>Quel cabinet de recrutement choisir pour trouver un directeur commercial \u00e0 Bordeaux\u00a0?<\/strong><\/h2>\n<p>Le recours \u00e0 un <a href=\"https:\/\/impactup.com\/glossaire\/cabinet-de-recrutement-marketing-bordeaux\"><strong>cabinet de recrutement<\/strong> <strong>pour embaucher un <\/strong><strong>directeur commercial \u00e0 Bordeaux <\/strong><\/a>implique de trouver une agence fiable. L\u2019objectif \u00e9tant d\u2019assurer les comp\u00e9tences de la personne qui assumera le poste. Sp\u00e9cialiste des fonctions commerciales et marketing, le cabinet <strong>ImpactUp<\/strong> vous aidera \u00e0 d\u00e9nicher le collaborateur qui r\u00e9pondra exactement \u00e0 vos besoins et \u00e0 vos attentes.<\/p>\n<\/section>\n<p>[\/vc_column_text][\/vc_column][\/vc_row][vc_row][vc_column width=&#8221;1\/3&#8243;][vc_btn title=&#8221;Voir notre offre&#8221; color=&#8221;secondarycolor&#8221; align=&#8221;center&#8221; css=&#8221;&#8221; link=&#8221;url:https%3A%2F%2Fimpactup.com%2Frecrutement%2F&#8221;][\/vc_column][vc_column width=&#8221;1\/3&#8243;][vc_btn title=&#8221;Confiez-nous votre projet&#8221; color=&#8221;secondarycolor&#8221; align=&#8221;center&#8221; css=&#8221;&#8221; link=&#8221;url:https%3A%2F%2Fimpactup.com%2Fetude-personnalisee%2F&#8221;][\/vc_column][vc_column width=&#8221;1\/3&#8243;][vc_btn title=&#8221;Contactez-nous&#8221; color=&#8221;secondarycolor&#8221; align=&#8221;center&#8221; css=&#8221;&#8221; link=&#8221;url:https%3A%2F%2Fimpactup.com%2Fcontact%2F&#8221;][\/vc_column][\/vc_row][vc_row css=&#8221;.vc_custom_1717658445522{padding-top: 40px !important;}&#8221;][vc_column][vc_column_text css=&#8221;&#8221;]<\/p>\n<section style=\"text-align: justify;\">\n<h2><strong>Les responsabilit\u00e9s d\u2019un directeur commercial<\/strong><\/h2>\n<p>Le directeur commercial tient une place strat\u00e9gique au sein d\u2019une entreprise puisqu\u2019il peut \u00eatre consid\u00e9r\u00e9 comme le bras droit du dirigeant. Il lui incombe de d\u00e9velopper et de prot\u00e9ger les int\u00e9r\u00eats de l\u2019entreprise pour qui il travaille. C\u2019est la raison pour laquelle il est important de se faire accompagner par un <a href=\"https:\/\/impactup.com\/glossaire\/cabinet-de-recrutement-business-developer-bordeaux\"><strong>cabinet de recrutement de directeur commercial \u00e0<\/strong> <strong>Bordeaux <\/strong><\/a>pour trouver le bon profil.<\/p>\n<p>Il doit notamment \u00e9tablir une strat\u00e9gie commerciale efficace qui permettra de d\u00e9velopper et de dynamiser les ventes. Pour cela, il doit argumenter son choix aupr\u00e8s de la direction. Ses missions varient d\u2019une entreprise \u00e0 une autre en fonction de la taille et du secteur de celle-ci. Dans tous les cas, un directeur commercial doit \u00e9tudier le march\u00e9 dans lequel il intervient puis d\u00e9terminer les orientations strat\u00e9giques ainsi que les actions \u00e0 r\u00e9aliser. Pour atteindre ses objectifs, il sera amen\u00e9 \u00e0 travailler avec une \u00e9quipe qu\u2019il doit manager et motiver.<\/p>\n<h2><strong>Directeur commercial\u00a0: un poste strat\u00e9gique<\/strong><\/h2>\n<p>Un directeur commercial se doit d\u2019\u00eatre un fin n\u00e9gociateur. Il doit aussi \u00eatre un leader de nature, capable d\u2019animer, d\u2019influencer et de dynamiser son \u00e9quipe. C\u2019est \u00e9galement une personne dot\u00e9e d\u2019un charisme indiscutable.<\/p>\n<p>En outre, un directeur commercial performant doit\u00a0:<\/p>\n<ul>\n<li>\u00catre bien organis\u00e9 pour mener \u00e0 bien ses missions ;<\/li>\n<li>Justifier de comp\u00e9tences pointues en marketing ;<\/li>\n<li>\u00catre en mesure d\u2019identifier les faiblesses de l\u2019entreprise et y apporter les solutions adapt\u00e9es ;<\/li>\n<li>\u00catre capable d\u2019\u00e9laborer une strat\u00e9gie efficace pour atteindre les objectifs fix\u00e9s.<\/li>\n<\/ul>\n<p>Nous disposons d\u2019un outil d\u2019\u00e9valuation fiable et performant pour analyser le potentiel de tous les candidats qui passent un test d\u2019embauche. Cette solution nous permet d\u2019identifier avec pr\u00e9cision le profil id\u00e9al pour occuper le poste de directeur commercial.<\/p>\n<p>Une fois le candidat trouv\u00e9, nous nous chargeons de le coacher pour faciliter son int\u00e9gration au sein de votre entreprise. Cet accompagnement est indispensable pour le mettre en confiance et l\u2019aider \u00e0 prendre rapidement ses marques afin qu\u2019il puisse exprimer son plein potentiel.<\/p>\n<h2><strong>Le recrutement de directeur commercial, une op\u00e9ration d\u00e9licate<\/strong><\/h2>\n<p>Compte tenu des multiples responsabilit\u00e9s d\u2019un directeur commercial, bien choisir la personne qui occupera ce poste au sein de votre entreprise est primordial. Or, il ne sera pas vraiment facile de trouver celui ou celle qui pourra assumer le poste avec efficacit\u00e9. La s\u00e9lection de votre futur collaborateur devra \u00eatre effectu\u00e9e en fonction de divers crit\u00e8res.<\/p>\n<p>Vous devrez tenir compte non seulement de ses comp\u00e9tences professionnelles, mais \u00e9galement de ses capacit\u00e9s et atouts personnels ainsi que de son exp\u00e9rience. Il faudra aussi consid\u00e9rer ses connaissances de vos domaines de sp\u00e9cialit\u00e9. La t\u00e2che pourra s\u2019av\u00e9rer plus complexe s\u2019il s\u2019agit d\u2019un poste dans une de vos filiales dans une autre r\u00e9gion ou un autre pays. De plus, la p\u00e9nurie de candidats dans certains secteurs peut grandement compliquer le projet de recrutement. En effet, les cadres et les responsables occupent d\u00e9j\u00e0, dans la majorit\u00e9 des cas, un poste au sein d\u2019une autre soci\u00e9t\u00e9.<\/p>\n<p>De ce fait, le recours aux services d\u2019un <strong>cabinet de recrutement pour embaucher un<\/strong> <strong>directeur commercial<\/strong> \u00e0<strong> Bordeaux <\/strong>est pr\u00e9f\u00e9rable si vous ne pouvez pas vous d\u00e9placer. C\u2019est \u00e9galement la meilleure option si votre entreprise ne dispose pas d\u2019un d\u00e9partement sp\u00e9cifique charg\u00e9 des ressources humaines et de l\u2019embauche de nouveaux collaborateurs. Dans ce cadre, <strong>ImpactUp <\/strong>est une agence sp\u00e9cialiste des m\u00e9tiers de la vente et du commerce qui pourra vous aider \u00e0 trouver votre collaborateur dans une r\u00e9gion bordelaise.<\/p>\n<h2><strong>Comment choisir un cabinet de recrutement \u00e0 Bordeaux\u00a0?<\/strong><\/h2>\n<p>La s\u00e9lection du <strong>cabinet de recrutement<\/strong> <strong>pour trouver votre<\/strong> <strong>directeur commercial<\/strong> \u00e0 <strong>Bordeaux<\/strong> doit \u00eatre faite avec soin. Plusieurs crit\u00e8res sont \u00e0 prendre en compte \u00e0 commencer par les exigences du poste \u00e0 pourvoir et vos attentes concernant votre futur collaborateur. En \u00e9liminant d\u2019embl\u00e9e les agences g\u00e9n\u00e9ralistes et en vous concentrant sur les cabinets sp\u00e9cialistes des fonctions commerciales et vente, vous optimiserez vos chances de d\u00e9nicher la perle rare.<br \/>\nPar ailleurs, il est pr\u00e9f\u00e9rable de faire une pr\u00e9s\u00e9lection et de comparer les comp\u00e9tences, le savoir-faire, l\u2019exp\u00e9rience, les tarifs, les m\u00e9thodes de prospection utilis\u00e9es ainsi que les avis des clients pass\u00e9s et pr\u00e9sents. Misez \u00e9galement sur les prestataires avec lesquels la communication se passe bien, qui savent \u00eatre \u00e0 l\u2019\u00e9coute de vos besoins et qui sont transparents sur leurs services et leur mode de facturation, cela vous \u00e9vitera de mauvaises surprises. Pr\u00e9sent \u00e0 Bordeaux depuis plusieurs ann\u00e9es, <a href=\"https:\/\/impactup.com\/\"><strong>ImpactUp<\/strong><\/a> fait partie des r\u00e9f\u00e9rences pour le recrutement de professionnels et de cadres sp\u00e9cialistes de la vente et du commerce.<\/p>\n<h2><strong>Le cabinet de recrutement sp\u00e9cialis\u00e9, votre meilleur atout pour un recrutement r\u00e9ussi<\/strong><\/h2>\n<p>Si vous comptez faire appel \u00e0 un <strong>cabinet de recrutement<\/strong> <strong>pour chercher votre<\/strong> <strong>directeur commercial<\/strong> \u00e0 <strong>Bordeaux<\/strong>, l\u2019une des options les plus avantageuses est de vous adresser \u00e0 une agence sp\u00e9cialiste des services aux entreprises commerciales. Vous pourrez profiter de ses connaissances des particularit\u00e9s et des contraintes du recrutement pour ce secteur.<\/p>\n<p>Par ailleurs, vous vous d\u00e9lesterez des t\u00e2ches fastidieuses et chronophages de la gestion d\u2019une op\u00e9ration de recrutement et vous pourrez vous pencher sur des t\u00e2ches plus urgentes et productives. L\u2019agence prendra en charge toute la proc\u00e9dure depuis la publication de l\u2019offre d\u2019emploi jusqu\u2019\u00e0 la s\u00e9lection des meilleurs dossiers en passant par les interviews et les \u00e9valuations diverses des candidats. Elle vous proposera ensuite les personnes dont le profil r\u00e9pond \u00e0 vos attentes et aux exigences du poste \u00e0 pourvoir. <strong>ImpactUp<\/strong> est un cabinet de recrutement sp\u00e9cialiste des m\u00e9tiers du commerce, de la vente et du marketing pr\u00e9sents \u00e0 Bordeaux depuis plusieurs ann\u00e9es.<\/p>\n<h2><strong>ImpactUp, partenaire des entreprises commerciales pour le recrutement de cadres<\/strong><\/h2>\n<p>Depuis plus de 15 ans, ImpactUp met son expertise dans la recherche de cadre de haut niveau pour les entreprises commerciales en France. Que vous soyez une structure nouvellement install\u00e9e en r\u00e9gion bordelaise ou une entreprise \u00e9trang\u00e8re qui souhaite s\u2019y implanter, notre <a href=\"https:\/\/impactup.com\/glossaire\/cabinet-de-recrutement-commercial-export-bordeaux\"><strong>cabinet de recrutement de Bordeaux trouvera le directeur commercial<\/strong><\/a> dont vous avez besoin.<\/p>\n<p>Si les proc\u00e9dures classiques de prospection ne donnent pas de r\u00e9sultats satisfaisants, nos consultants-recruteurs peuvent opter pour la chasse de t\u00eate. Notre cabinet dispose, \u00e0 cet effet, de plusieurs\u00a0chasseurs de t\u00eate ayant les comp\u00e9tences requises et ma\u00eetrise les techniques pour d\u00e9nicher rapidement et facilement les meilleurs profils commerciaux<strong>\u00a0<\/strong>\u00e0 Bordeaux et dans toute la France. Pour mener \u00e0 bien cette mission, notre \u00e9quipe peut compter sur ses connaissances du terrain, une base de donn\u00e9es bien garnie et structur\u00e9e ainsi que sur un r\u00e9seau tr\u00e8s large. Elle prend directement contact avec les candidats potentiels selon vos exigences et les sp\u00e9cificit\u00e9s du poste \u00e0 pourvoir. Et vous n\u2019aurez pas \u00e0 vous inqui\u00e9ter sur les comp\u00e9tences et les aptitudes des candidats que nous vous proposerons. Nos m\u00e9thodes de travail sont optimis\u00e9es par l\u2019utilisation d\u2019outils technologiques divers comme TalentInitial\u00ae, TalentAttitude\u00ae, TalentBusiness\u00ae et TalentRelation\u00ae ou encore Pipplet pour l\u2019\u00e9valuation des postulants.<\/p>\n<\/section>\n<p>[\/vc_column_text][\/vc_column][\/vc_row]<\/p>\n<\/div>","protected":false},"excerpt":{"rendered":"<p>[vc_row][vc_column width=&#8221;1\/3&#8243;][vc_btn title=&#8221;Voir notre offre&#8221; color=&#8221;secondarycolor&#8221; align=&#8221;center&#8221; css=&#8221;&#8221; link=&#8221;url:https%3A%2F%2Fimpactup.com%2Frecrutement%2F&#8221;][\/vc_column][vc_column width=&#8221;1\/3&#8243;][vc_btn title=&#8221;Confiez-nous votre projet&#8221; color=&#8221;secondarycolor&#8221; align=&#8221;center&#8221; css=&#8221;&#8221; link=&#8221;url:https%3A%2F%2Fimpactup.com%2Fetude-personnalisee%2F&#8221;][\/vc_column][vc_column width=&#8221;1\/3&#8243;][vc_btn title=&#8221;Contactez-nous&#8221; color=&#8221;secondarycolor&#8221; align=&#8221;center&#8221; css=&#8221;&#8221; link=&#8221;url:https%3A%2F%2Fimpactup.com%2Fcontact%2F&#8221;][\/vc_column][\/vc_row][vc_row css=&#8221;.vc_custom_1717658386032{padding-top: 40px !important;padding-bottom: 20px !important;}&#8221;][vc_column][vc_column_text css=&#8221;&#8221;] Quel cabinet de recrutement choisir pour trouver un directeur commercial \u00e0 Bordeaux\u00a0? Le recours \u00e0 un cabinet de recrutement pour embaucher un directeur commercial \u00e0 Bordeaux [&hellip;]<\/p>\n","protected":false},"author":4,"featured_media":0,"parent":17218,"menu_order":0,"comment_status":"closed","ping_status":"closed","template":"","meta":{"_monsterinsights_skip_tracking":false,"_monsterinsights_sitenote_active":false,"_monsterinsights_sitenote_note":"","_monsterinsights_sitenote_category":0,"footnotes":""},"class_list":["post-25772","page","type-page","status-publish","hentry"],"yoast_head":"<!-- This site is optimized with the Yoast SEO plugin v27.0 - https:\/\/yoast.com\/product\/yoast-seo-wordpress\/ -->\n<title>Cabinet fiable pour le recrutement de directeur commercial \u00e0 Bordeaux<\/title>\n<meta name=\"description\" content=\"S\u2019adresser \u00e0 un cabinet de recrutement pour embaucher un directeur commercial \u00e0 Bordeaux. ImpactUp est le cabinet de recrutement qui trouvera votre directeur commercial \u00e0 Bordeaux.\" \/>\n<meta name=\"robots\" content=\"index, follow, max-snippet:-1, max-image-preview:large, max-video-preview:-1\" \/>\n<link rel=\"canonical\" href=\"https:\/\/impactup.com\/en\/glossaire\/cabinet-de-recrutement-directeur-commercial-bordeaux\/\" \/>\n<meta property=\"og:locale\" content=\"en_US\" \/>\n<meta property=\"og:type\" content=\"article\" \/>\n<meta property=\"og:title\" content=\"Cabinet fiable pour le recrutement de directeur commercial \u00e0 Bordeaux\" \/>\n<meta property=\"og:description\" content=\"S\u2019adresser \u00e0 un cabinet de recrutement pour embaucher un directeur commercial \u00e0 Bordeaux. ImpactUp est le cabinet de recrutement qui trouvera votre directeur commercial \u00e0 Bordeaux.\" \/>\n<meta property=\"og:url\" content=\"https:\/\/impactup.com\/en\/glossaire\/cabinet-de-recrutement-directeur-commercial-bordeaux\/\" \/>\n<meta property=\"og:site_name\" content=\"ImpactUp\" \/>\n<meta property=\"article:modified_time\" content=\"2024-06-12T13:19:57+00:00\" \/>\n<meta property=\"og:image\" content=\"https:\/\/impactup.com\/wp-content\/uploads\/2021\/01\/og.jpg\" \/>\n\t<meta property=\"og:image:width\" content=\"1067\" \/>\n\t<meta property=\"og:image:height\" content=\"600\" \/>\n\t<meta property=\"og:image:type\" content=\"image\/jpeg\" \/>\n<meta name=\"twitter:card\" content=\"summary_large_image\" \/>\n<meta name=\"twitter:label1\" content=\"Est. reading time\" \/>\n\t<meta name=\"twitter:data1\" content=\"7 minutes\" \/>\n<script type=\"application\/ld+json\" class=\"yoast-schema-graph\">{\"@context\":\"https:\/\/schema.org\",\"@graph\":[{\"@type\":\"WebPage\",\"@id\":\"https:\/\/impactup.com\/en\/glossaire\/cabinet-de-recrutement-directeur-commercial-bordeaux\/\",\"url\":\"https:\/\/impactup.com\/en\/glossaire\/cabinet-de-recrutement-directeur-commercial-bordeaux\/\",\"name\":\"Cabinet fiable pour le recrutement de directeur commercial \u00e0 Bordeaux\",\"isPartOf\":{\"@id\":\"https:\/\/impactup.com\/en\/#website\"},\"datePublished\":\"2024-06-07T09:12:08+00:00\",\"dateModified\":\"2024-06-12T13:19:57+00:00\",\"description\":\"S\u2019adresser \u00e0 un cabinet de recrutement pour embaucher un directeur commercial \u00e0 Bordeaux. ImpactUp est le cabinet de recrutement qui trouvera votre directeur commercial \u00e0 Bordeaux.\",\"breadcrumb\":{\"@id\":\"https:\/\/impactup.com\/en\/glossaire\/cabinet-de-recrutement-directeur-commercial-bordeaux\/#breadcrumb\"},\"inLanguage\":\"en-US\",\"potentialAction\":[{\"@type\":\"ReadAction\",\"target\":[\"https:\/\/impactup.com\/en\/glossaire\/cabinet-de-recrutement-directeur-commercial-bordeaux\/\"]}]},{\"@type\":\"BreadcrumbList\",\"@id\":\"https:\/\/impactup.com\/en\/glossaire\/cabinet-de-recrutement-directeur-commercial-bordeaux\/#breadcrumb\",\"itemListElement\":[{\"@type\":\"ListItem\",\"position\":1,\"name\":\"Accueil\",\"item\":\"https:\/\/impactup.com\/en\/\"},{\"@type\":\"ListItem\",\"position\":2,\"name\":\"Glossaire\",\"item\":\"https:\/\/impactup.com\/en\/glossaire\/\"},{\"@type\":\"ListItem\",\"position\":3,\"name\":\"Quel cabinet de recrutement choisir pour trouver un directeur commercial \u00e0 Bordeaux ?\"}]},{\"@type\":\"WebSite\",\"@id\":\"https:\/\/impactup.com\/en\/#website\",\"url\":\"https:\/\/impactup.com\/en\/\",\"name\":\"ImpactUp\",\"description\":\"Recrutement commerciaux, directions commerciales et fonctions marketing\",\"potentialAction\":[{\"@type\":\"SearchAction\",\"target\":{\"@type\":\"EntryPoint\",\"urlTemplate\":\"https:\/\/impactup.com\/en\/?s={search_term_string}\"},\"query-input\":{\"@type\":\"PropertyValueSpecification\",\"valueRequired\":true,\"valueName\":\"search_term_string\"}}],\"inLanguage\":\"en-US\"}]}<\/script>\n<!-- \/ Yoast SEO plugin. -->","yoast_head_json":{"title":"Cabinet fiable pour le recrutement de directeur commercial \u00e0 Bordeaux","description":"S\u2019adresser \u00e0 un cabinet de recrutement pour embaucher un directeur commercial \u00e0 Bordeaux. ImpactUp est le cabinet de recrutement qui trouvera votre directeur commercial \u00e0 Bordeaux.","robots":{"index":"index","follow":"follow","max-snippet":"max-snippet:-1","max-image-preview":"max-image-preview:large","max-video-preview":"max-video-preview:-1"},"canonical":"https:\/\/impactup.com\/en\/glossaire\/cabinet-de-recrutement-directeur-commercial-bordeaux\/","og_locale":"en_US","og_type":"article","og_title":"Cabinet fiable pour le recrutement de directeur commercial \u00e0 Bordeaux","og_description":"S\u2019adresser \u00e0 un cabinet de recrutement pour embaucher un directeur commercial \u00e0 Bordeaux. ImpactUp est le cabinet de recrutement qui trouvera votre directeur commercial \u00e0 Bordeaux.","og_url":"https:\/\/impactup.com\/en\/glossaire\/cabinet-de-recrutement-directeur-commercial-bordeaux\/","og_site_name":"ImpactUp","article_modified_time":"2024-06-12T13:19:57+00:00","og_image":[{"width":1067,"height":600,"url":"https:\/\/impactup.com\/wp-content\/uploads\/2021\/01\/og.jpg","type":"image\/jpeg"}],"twitter_card":"summary_large_image","twitter_misc":{"Est. reading time":"7 minutes"},"schema":{"@context":"https:\/\/schema.org","@graph":[{"@type":"WebPage","@id":"https:\/\/impactup.com\/en\/glossaire\/cabinet-de-recrutement-directeur-commercial-bordeaux\/","url":"https:\/\/impactup.com\/en\/glossaire\/cabinet-de-recrutement-directeur-commercial-bordeaux\/","name":"Cabinet fiable pour le recrutement de directeur commercial \u00e0 Bordeaux","isPartOf":{"@id":"https:\/\/impactup.com\/en\/#website"},"datePublished":"2024-06-07T09:12:08+00:00","dateModified":"2024-06-12T13:19:57+00:00","description":"S\u2019adresser \u00e0 un cabinet de recrutement pour embaucher un directeur commercial \u00e0 Bordeaux. ImpactUp est le cabinet de recrutement qui trouvera votre directeur commercial \u00e0 Bordeaux.","breadcrumb":{"@id":"https:\/\/impactup.com\/en\/glossaire\/cabinet-de-recrutement-directeur-commercial-bordeaux\/#breadcrumb"},"inLanguage":"en-US","potentialAction":[{"@type":"ReadAction","target":["https:\/\/impactup.com\/en\/glossaire\/cabinet-de-recrutement-directeur-commercial-bordeaux\/"]}]},{"@type":"BreadcrumbList","@id":"https:\/\/impactup.com\/en\/glossaire\/cabinet-de-recrutement-directeur-commercial-bordeaux\/#breadcrumb","itemListElement":[{"@type":"ListItem","position":1,"name":"Accueil","item":"https:\/\/impactup.com\/en\/"},{"@type":"ListItem","position":2,"name":"Glossaire","item":"https:\/\/impactup.com\/en\/glossaire\/"},{"@type":"ListItem","position":3,"name":"Quel cabinet de recrutement choisir pour trouver un directeur commercial \u00e0 Bordeaux ?"}]},{"@type":"WebSite","@id":"https:\/\/impactup.com\/en\/#website","url":"https:\/\/impactup.com\/en\/","name":"ImpactUp","description":"Recrutement commerciaux, directions commerciales et fonctions marketing","potentialAction":[{"@type":"SearchAction","target":{"@type":"EntryPoint","urlTemplate":"https:\/\/impactup.com\/en\/?s={search_term_string}"},"query-input":{"@type":"PropertyValueSpecification","valueRequired":true,"valueName":"search_term_string"}}],"inLanguage":"en-US"}]}},"_links":{"self":[{"href":"https:\/\/impactup.com\/en\/wp-json\/wp\/v2\/pages\/25772","targetHints":{"allow":["GET"]}}],"collection":[{"href":"https:\/\/impactup.com\/en\/wp-json\/wp\/v2\/pages"}],"about":[{"href":"https:\/\/impactup.com\/en\/wp-json\/wp\/v2\/types\/page"}],"author":[{"embeddable":true,"href":"https:\/\/impactup.com\/en\/wp-json\/wp\/v2\/users\/4"}],"replies":[{"embeddable":true,"href":"https:\/\/impactup.com\/en\/wp-json\/wp\/v2\/comments?post=25772"}],"version-history":[{"count":2,"href":"https:\/\/impactup.com\/en\/wp-json\/wp\/v2\/pages\/25772\/revisions"}],"predecessor-version":[{"id":26513,"href":"https:\/\/impactup.com\/en\/wp-json\/wp\/v2\/pages\/25772\/revisions\/26513"}],"up":[{"embeddable":true,"href":"https:\/\/impactup.com\/en\/wp-json\/wp\/v2\/pages\/17218"}],"wp:attachment":[{"href":"https:\/\/impactup.com\/en\/wp-json\/wp\/v2\/media?parent=25772"}],"curies":[{"name":"wp","href":"https:\/\/api.w.org\/{rel}","templated":true}]}}