{"id":25764,"date":"2024-06-07T10:47:36","date_gmt":"2024-06-07T08:47:36","guid":{"rendered":"https:\/\/impactup.niou.dev\/?page_id=25764"},"modified":"2024-06-07T16:20:45","modified_gmt":"2024-06-07T14:20:45","slug":"cabinet-de-recrutement-paris","status":"publish","type":"page","link":"https:\/\/impactup.com\/en\/glossaire\/cabinet-de-recrutement-paris\/","title":{"rendered":"Quel cabinet de recrutement \u00e0 Paris contacter ?"},"content":{"rendered":"<div class=\"wpb-content-wrapper\"><p>[vc_row][vc_column width=&#8221;1\/3&#8243;][vc_btn title=&#8221;Voir notre offre&#8221; color=&#8221;secondarycolor&#8221; align=&#8221;center&#8221; css=&#8221;&#8221; link=&#8221;url:https%3A%2F%2Fimpactup.com%2Frecrutement%2F&#8221;][\/vc_column][vc_column width=&#8221;1\/3&#8243;][vc_btn title=&#8221;Confiez-nous votre projet&#8221; color=&#8221;secondarycolor&#8221; align=&#8221;center&#8221; css=&#8221;&#8221; link=&#8221;url:https%3A%2F%2Fimpactup.com%2Fetude-personnalisee%2F&#8221;][\/vc_column][vc_column width=&#8221;1\/3&#8243;][vc_btn title=&#8221;Contactez-nous&#8221; color=&#8221;secondarycolor&#8221; align=&#8221;center&#8221; css=&#8221;&#8221; link=&#8221;url:https%3A%2F%2Fimpactup.com%2Fcontact%2F&#8221;][\/vc_column][\/vc_row][vc_row css=&#8221;.vc_custom_1717658386032{padding-top: 40px !important;padding-bottom: 20px !important;}&#8221;][vc_column][vc_column_text css=&#8221;&#8221;]<\/p>\n<section style=\"text-align: justify;\">\n<h2>Quel cabinet de recrutement \u00e0 Paris contacter\u00a0?<\/h2>\n<p>Le <a href=\"https:\/\/impactup.com\/glossaire\/cabinet-de-recrutement-fonction-commerciale\"><strong>cabinet de recrutement<\/strong> <strong>\u00e0<\/strong> <strong>Paris<\/strong><\/a> auquel vous confierez la recherche de vos collaborateurs dans la capitale doit \u00eatre bien choisi. <strong>ImpactUp<\/strong> est une agence sp\u00e9cialis\u00e9e dans les m\u00e9tiers du commerce et du marketing class\u00e9e parmi les meilleurs prestataires de sa cat\u00e9gorie en 2021. Nous mettons \u00e0 votre disposition notre savoir-faire et notre exp\u00e9rience pour vous d\u00e9nicher les personnes qui sauront r\u00e9pondre \u00e0 vos attentes et aux exigences des postes que vous souhaitez pourvoir au sein de votre entreprise.<\/p>\n<\/section>\n<p>[\/vc_column_text][\/vc_column][\/vc_row][vc_row][vc_column width=&#8221;1\/3&#8243;][vc_btn title=&#8221;Voir notre offre&#8221; color=&#8221;secondarycolor&#8221; align=&#8221;center&#8221; css=&#8221;&#8221; link=&#8221;url:https%3A%2F%2Fimpactup.com%2Frecrutement%2F&#8221;][\/vc_column][vc_column width=&#8221;1\/3&#8243;][vc_btn title=&#8221;Confiez-nous votre projet&#8221; color=&#8221;secondarycolor&#8221; align=&#8221;center&#8221; css=&#8221;&#8221; link=&#8221;url:https%3A%2F%2Fimpactup.com%2Fetude-personnalisee%2F&#8221;][\/vc_column][vc_column width=&#8221;1\/3&#8243;][vc_btn title=&#8221;Contactez-nous&#8221; color=&#8221;secondarycolor&#8221; align=&#8221;center&#8221; css=&#8221;&#8221; link=&#8221;url:https%3A%2F%2Fimpactup.com%2Fcontact%2F&#8221;][\/vc_column][\/vc_row][vc_row css=&#8221;.vc_custom_1717658445522{padding-top: 40px !important;}&#8221;][vc_column][vc_column_text css=&#8221;&#8221;]<\/p>\n<section style=\"text-align: justify;\">\n<h2>D\u00e9l\u00e9guer le recrutement \u00e0 un prestataire externe\u00a0: une obligation\u00a0?<\/h2>\n<p>La plupart des entreprises, dont les grands groupes, poss\u00e8dent un d\u00e9partement de recrutement au sein de leur service RH. Pour celles qui n\u2019ont pas les moyens d\u2019en avoir un, le processus de recherche et d\u2019embauche de nouveaux employ\u00e9s devient une obligation. Pourtant, il s\u2019agit d\u2019une t\u00e2che sans grande valeur ajout\u00e9e et chronophage \u00e0 leur niveau.<\/p>\n<p>Heureusement, il existe une solution pour les entreprises de la capitale qui souhaitent se d\u00e9lester de toutes ces charges\u00a0: solliciter les services d\u2019un <strong><a href=\"https:\/\/impactup.com\/glossaire\/sp%C3%A9cialiste-fonctions-commerciales\">cabinet de recrutement \u00e0 Paris<\/a><\/strong>.<\/p>\n<p>Il faut \u00e9galement savoir que plusieurs personnes seront amen\u00e9es \u00e0 travailler sur une campagne de recrutement sans parler du fait que les commerciaux les plus qualifi\u00e9s ne sont plus disponibles sur le march\u00e9 de l\u2019emploi.<\/p>\n<p>Aussi, sans d\u00e9ployer une strat\u00e9gie de recrutement pertinente et multicanale, il est difficile pour les entreprises de s\u2019affranchir des obstacles comme l\u2019absence de candidatures v\u00e9ritablement qualifi\u00e9es, le manque de visibilit\u00e9, etc. C\u2019est la raison pour laquelle il est conseill\u00e9 de faire appel \u00e0 un expert pour que vous puissiez vous focaliser sur le c\u0153ur de votre m\u00e9tier.<\/p>\n<h2>Les crit\u00e8res \u00e0 consid\u00e9rer pour choisir un cabinet de recrutement \u00e0 Paris<\/h2>\n<p>La s\u00e9lection du <strong>cabinet de recrutement \u00e0<\/strong> <strong>Paris <\/strong>qui va se charger de toutes les d\u00e9marches de recherche et de recrutement de vos futurs collaborateurs ne doit pas se faire au hasard. Il rel\u00e8ve, en effet, de sa responsabilit\u00e9 de vous trouver les profils les plus comp\u00e9tents pour occuper les postes vacants dans votre structure.<\/p>\n<p>Aussi, l\u2019agence doit consid\u00e9rer vos exigences par rapport aux comp\u00e9tences et profils des candidats, mais aussi aux particularit\u00e9s et contraintes des fonctions que les nouveaux recrus vont prendre. Par ailleurs, elle doit ma\u00eetriser votre secteur d\u2019activit\u00e9s. Il est donc essentiel de contacter un cabinet sp\u00e9cialis\u00e9 dans votre domaine.<\/p>\n<p>En outre, il est conseill\u00e9 de v\u00e9rifier minutieusement l\u2019exp\u00e9rience et la r\u00e9putation de l\u2019agence que vous avez rep\u00e9r\u00e9e ou qui vous a \u00e9t\u00e9 recommand\u00e9e. Ces deux param\u00e8tres constituent, en effet, des gages de la performance et du professionnalisme du cabinet. Il serait alors plus judicieux de se tourner vers un sp\u00e9cialiste ayant \u00e0 son actif plusieurs ann\u00e9es d\u2019exp\u00e9rience et qui conna\u00eet votre m\u00e9tier.<\/p>\n<h2>Recrutement\u00a0: quels sont les obstacles r\u00e9currents rencontr\u00e9s par les entreprises parisiennes\u00a0?<\/h2>\n<p>Sans l\u2019accompagnement d\u2019un <a href=\"https:\/\/impactup.com\/glossaire\/recrutement-commercial\"><strong>cabinet de recrutement \u00e0<\/strong> <strong>Paris<\/strong><\/a>, il est assez compliqu\u00e9 de trouver de nouveaux employ\u00e9s, dont le profil et les qualifications co\u00efncident vraiment aux postes \u00e0 pourvoir.<\/p>\n<p>Pour trouver des candidats \u00e0 des postes strat\u00e9giques, sp\u00e9cifiques ou assez rares, la r\u00e9alisation d\u2019une campagne de recrutement est loin d\u2019\u00eatre \u00e9vidente. Les meilleurs profils sont d\u00e9j\u00e0 en poste et il est extr\u00eamement difficile, voire impossible pour une entreprise de se mettre en relation avec eux.<\/p>\n<p>Un autre probl\u00e8me subsiste \u00e9galement\u00a0: les nouveaux dipl\u00f4m\u00e9s d\u00e9montrent tr\u00e8s peu d\u2019int\u00e9r\u00eat pour certaines professions.<\/p>\n<p>De plus, ils sont difficiles \u00e0 retenir. En d\u2019autres termes, les jeunes ont du mal \u00e0 travailler durant des ann\u00e9es dans une entreprise par soif d\u2019\u00e9voluer trop rapidement et aussi pour leur volont\u00e9 de monter en comp\u00e9tences.<\/p>\n<p>Enfin, le manque de qualifications constitue aussi une v\u00e9ritable barri\u00e8re au recrutement. Ce fl\u00e9au touche de plus en plus les travailleurs d\u2019aujourd\u2019hui.<\/p>\n<h2>De bonnes raisons de solliciter les services d\u2019un cabinet de recrutement<\/h2>\n<p>Pour simplifier les d\u00e9marches de recrutement, de plus en plus d\u2019entreprises se tournent vers les experts dans le domaine. Les <strong>cabinets de recrutement <\/strong>\u00e0 <strong>Paris <\/strong>comme Impactup sont en mesure de les accompagner dans leur projet. Ces agences parisiennes proposent souvent leurs services aux entrepreneurs pour les aider \u00e0 d\u00e9finir le poste et \u00e0 choisir les candidats les plus qualifi\u00e9s. Elles tiennent compte des exigences et des attentes de la direction g\u00e9n\u00e9rale ainsi que du service des ressources humaines.<\/p>\n<p>Un cabinet de chasse de t\u00eate se pose comme un v\u00e9ritable garant de la r\u00e9ussite pour toutes les entreprises. Les agences de r\u00e9f\u00e9rence qui emploient des consultants strat\u00e8ges et exp\u00e9riment\u00e9s comme ceux qui travaillent chez nous sont en mesure de vous aider dans la mise en place d\u2019une solution marketing sur le moyen terme.<\/p>\n<p>Notre agence peut aussi s\u2019occuper de la gestion int\u00e9grale de vos d\u00e9marches de recrutement, depuis la recherche de candidats jusqu\u2019\u00e0 leur embauche et leur int\u00e9gration dans leur nouveau cadre de travail, en passant par l\u2019\u00e9tude de leur profil. Pour ce faire, nous commen\u00e7ons par d\u00e9terminer avec vous le type de profil le mieux adapt\u00e9 (exp\u00e9rience, produit, etc.).<\/p>\n<p>Ensuite, nous d\u00e9ployons de nombreux canaux (bases de donn\u00e9es, approche directe, jobboard, etc.) afin de mieux identifier les candidats potentiels. Le recrutement de vos futurs employ\u00e9s suit un processus bien pr\u00e9cis.<\/p>\n<p>Hormis l\u2019\u00e9tude du profil, nous soumettons les candidats \u00e0 une s\u00e9rie de tests et les plongeons dans des mises en situation afin d\u2019\u00e9valuer leurs soft skills.<\/p>\n<p>Vous pouvez nous faire enti\u00e8rement confiance, notre \u00e9quipe est exp\u00e9riment\u00e9e dans le recrutement de candidats pour les fonctions sp\u00e9cifiques li\u00e9es au marketing et au commerce comme business developer, responsable de promotion des ventes, category manager, responsable webmarketing, charg\u00e9 de marketing direct, ing\u00e9nieur commercial, d\u00e9l\u00e9gu\u00e9 commercial, etc. Il en est de m\u00eame pour les postes strat\u00e9giques comme sales administrator, digital marketing manager, directeur(trice) de marque, key account manager, directeur(trice) de magasin, etc.<\/p>\n<h2>Pourquoi confier votre projet de recrutement \u00e0 ImpactUp\u00a0?<\/h2>\n<p>Le recrutement est une t\u00e2che qui requiert un processus pr\u00e9cis et conforme \u00e0 de multiples param\u00e8tres. Ce processus demande le d\u00e9ploiement de m\u00e9thodes particuli\u00e8res ainsi qu\u2019un budget important pour obtenir les r\u00e9sultats escompt\u00e9s.<\/p>\n<p><a href=\"https:\/\/impactup.com\"><strong>ImpactUp<\/strong><\/a> propose une formule compl\u00e8te de services pour aider aussi bien les entreprises que les candidats\u00a0:<\/p>\n<ul>\n<li>Une plateforme d\u2019\u00e9valuation bas\u00e9e sur 4 types d\u2019outils, dont TalentInitial\u00ae, TalentBusiness\u00ae TalentAttitude\u00ae et TalentRelation\u00ae\u00a0;<\/li>\n<li>Une solution d\u2019\u00e9valuation SaaS en ligne permettant d\u2019\u00e9valuer la ma\u00eetrise d\u2019une langue \u00e9trang\u00e8re avec Pipplet, notre partenaire.<\/li>\n<\/ul>\n<p>Chez ImpactUp, nous avons mis en place une organisation permettant \u00e0 vos entreprises clientes de trouver des profils qualifi\u00e9s dans les fonctions marketing et commerciales.<\/p>\n<p>Nous nous tenons \u00e0 vos c\u00f4t\u00e9s jusqu\u2019\u00e0 ce que vous puissiez embaucher la perle rare. Nous nous chargeons aussi du suivi de l\u2019int\u00e9gration des nouveaux salari\u00e9s au sein de votre structure.<\/p>\n<p>D\u2019ailleurs l\u2019accompagnement des candidats fait partie de nos domaines d\u2019expertise. De nombreux groupes nationaux et internationaux, conquis par notre savoir-faire et notre professionnalisme, nous ont confi\u00e9 leur projet.<\/p>\n<h2><strong>Cabinet de recrutement et chasseur de t\u00eate<\/strong><\/h2>\n<p>La mission principale d\u2019un <strong>cabinet de recrutement<\/strong>, <strong>\u00e0 Paris<\/strong> comme ailleurs, et d\u2019un chasseur de t\u00eate est de trouver une personne en mesure de r\u00e9pondre exactement aux exigences des postes \u00e0 pourvoir. Mais les m\u00e9thodes utilis\u00e9es pour atteindre cet objectif sont diff\u00e9rentes. Une agence suivra les voies classiques du processus de recrutement (de la conception et la diffusion de l\u2019offre d\u2019emploi jusqu\u2019\u00e0 la soumission des meilleurs candidats au client). Le chasseur de t\u00eate pour sa part se servira d\u2019une technique dite \u00ab\u00a0de l\u2019approche directe\u00a0\u00bb qui sort des sentiers battus. En effet, il ira chercher le candidat id\u00e9al parmi des personnes qui n\u2019auraient normalement pas postul\u00e9 pour la place mais dont il jugera les comp\u00e9tences et le profil adapt\u00e9s aux besoins de cette derni\u00e8re. Les consultants-recruteur d\u2019ImpactUp sont \u00e9galement aguerris \u00e0 cette pratique particuli\u00e8re. Ils n\u2019h\u00e9siteront pas \u00e0 y recourir en cas de n\u00e9cessit\u00e9 (en cas de p\u00e9nurie de candidats ou si les m\u00e9thodes habituelles sont infructueuses).<\/p>\n<h2>Les domaines d\u2019expertise d\u2019ImpactUp<\/h2>\n<p>Nous avons \u00e0 notre actif une \u00e9quipe de consultants exp\u00e9riment\u00e9s dans diff\u00e9rents secteurs et ayant collabor\u00e9 avec les grands groupes fran\u00e7ais et \u00e9trangers.<\/p>\n<p>Gr\u00e2ce \u00e0 notre expertise et notre exp\u00e9rience de pr\u00e8s de 20\u00a0ans dans le domaine, notre <strong>cabinet de recrutement <\/strong>\u00e0 <strong>Paris<\/strong> poss\u00e8de tous les atouts pour accompagner les entreprises.<\/p>\n<p>Voici nos diff\u00e9rents p\u00f4les d\u2019expertise\u00a0:<\/p>\n<ul>\n<li>Nous sommes sp\u00e9cialis\u00e9s en recrutement pour les postes li\u00e9s aux fonctions commerciales et marketing\u00a0;<\/li>\n<li>Nous proposons un service de conseil en organisation et reingeniering ainsi que l\u2019accompagnement \u00e0 la croissance commerciale avec la conception et l\u2019\u00e9tablissement d\u2019une strat\u00e9gie commerciale efficiente, une organisation commerciale performante (recherche de distributeurs et partenaires, plan de recrutement, formation et int\u00e9gration des recrues) et des plans d\u2019action d\u2019\u00e9mulation des \u00e9quipes.<\/li>\n<li>Nous assurons la formation, incluant une offre couvrant le recrutement (mise en place d\u2019un processus personnalis\u00e9, les bonnes techniques de recrutement), le style commercial (technique pour g\u00e9rer une \u00e9quipe, pour \u00eatre un bon commercial, etc.) et le management (optimiser les comp\u00e9tences en management, apprendre les principes de base du management).<\/li>\n<\/ul>\n<p>&nbsp;<\/p>\n<\/section>\n<p>[\/vc_column_text][\/vc_column][\/vc_row]<\/p>\n<\/div>","protected":false},"excerpt":{"rendered":"<p>[vc_row][vc_column width=&#8221;1\/3&#8243;][vc_btn title=&#8221;Voir notre offre&#8221; color=&#8221;secondarycolor&#8221; align=&#8221;center&#8221; css=&#8221;&#8221; link=&#8221;url:https%3A%2F%2Fimpactup.com%2Frecrutement%2F&#8221;][\/vc_column][vc_column width=&#8221;1\/3&#8243;][vc_btn title=&#8221;Confiez-nous votre projet&#8221; color=&#8221;secondarycolor&#8221; align=&#8221;center&#8221; css=&#8221;&#8221; link=&#8221;url:https%3A%2F%2Fimpactup.com%2Fetude-personnalisee%2F&#8221;][\/vc_column][vc_column width=&#8221;1\/3&#8243;][vc_btn title=&#8221;Contactez-nous&#8221; color=&#8221;secondarycolor&#8221; align=&#8221;center&#8221; css=&#8221;&#8221; link=&#8221;url:https%3A%2F%2Fimpactup.com%2Fcontact%2F&#8221;][\/vc_column][\/vc_row][vc_row css=&#8221;.vc_custom_1717658386032{padding-top: 40px !important;padding-bottom: 20px !important;}&#8221;][vc_column][vc_column_text css=&#8221;&#8221;] Quel cabinet de recrutement \u00e0 Paris contacter\u00a0? Le cabinet de recrutement \u00e0 Paris auquel vous confierez la recherche de vos collaborateurs dans la capitale doit \u00eatre [&hellip;]<\/p>\n","protected":false},"author":4,"featured_media":0,"parent":17218,"menu_order":0,"comment_status":"closed","ping_status":"closed","template":"","meta":{"_monsterinsights_skip_tracking":false,"_monsterinsights_sitenote_active":false,"_monsterinsights_sitenote_note":"","_monsterinsights_sitenote_category":0,"footnotes":""},"class_list":["post-25764","page","type-page","status-publish","hentry"],"yoast_head":"<!-- This site is optimized with the Yoast SEO plugin v27.0 - https:\/\/yoast.com\/product\/yoast-seo-wordpress\/ -->\n<title>Cabinet de recrutement exp\u00e9riment\u00e9 \u00e0 Paris<\/title>\n<meta name=\"description\" content=\"Choisir un cabinet de recrutement \u00e0 Paris pour embaucher des collaborateurs. ImpactUp est un cabinet de recrutement de Paris exp\u00e9riment\u00e9.\" \/>\n<meta name=\"robots\" content=\"index, follow, max-snippet:-1, max-image-preview:large, max-video-preview:-1\" \/>\n<link rel=\"canonical\" href=\"https:\/\/impactup.com\/en\/glossaire\/cabinet-de-recrutement-paris\/\" \/>\n<meta property=\"og:locale\" content=\"en_US\" \/>\n<meta property=\"og:type\" content=\"article\" \/>\n<meta property=\"og:title\" content=\"Cabinet de recrutement exp\u00e9riment\u00e9 \u00e0 Paris\" \/>\n<meta property=\"og:description\" content=\"Choisir un cabinet de recrutement \u00e0 Paris pour embaucher des collaborateurs. ImpactUp est un cabinet de recrutement de Paris exp\u00e9riment\u00e9.\" \/>\n<meta property=\"og:url\" content=\"https:\/\/impactup.com\/en\/glossaire\/cabinet-de-recrutement-paris\/\" \/>\n<meta property=\"og:site_name\" content=\"ImpactUp\" \/>\n<meta property=\"article:modified_time\" content=\"2024-06-07T14:20:45+00:00\" \/>\n<meta property=\"og:image\" content=\"https:\/\/impactup.com\/wp-content\/uploads\/2021\/01\/og.jpg\" \/>\n\t<meta property=\"og:image:width\" content=\"1067\" \/>\n\t<meta property=\"og:image:height\" content=\"600\" \/>\n\t<meta property=\"og:image:type\" content=\"image\/jpeg\" \/>\n<meta name=\"twitter:card\" content=\"summary_large_image\" \/>\n<meta name=\"twitter:label1\" content=\"Est. reading time\" \/>\n\t<meta name=\"twitter:data1\" content=\"8 minutes\" \/>\n<script type=\"application\/ld+json\" class=\"yoast-schema-graph\">{\"@context\":\"https:\/\/schema.org\",\"@graph\":[{\"@type\":\"WebPage\",\"@id\":\"https:\/\/impactup.com\/en\/glossaire\/cabinet-de-recrutement-paris\/\",\"url\":\"https:\/\/impactup.com\/en\/glossaire\/cabinet-de-recrutement-paris\/\",\"name\":\"Cabinet de recrutement exp\u00e9riment\u00e9 \u00e0 Paris\",\"isPartOf\":{\"@id\":\"https:\/\/impactup.com\/en\/#website\"},\"datePublished\":\"2024-06-07T08:47:36+00:00\",\"dateModified\":\"2024-06-07T14:20:45+00:00\",\"description\":\"Choisir un cabinet de recrutement \u00e0 Paris pour embaucher des collaborateurs. ImpactUp est un cabinet de recrutement de Paris exp\u00e9riment\u00e9.\",\"breadcrumb\":{\"@id\":\"https:\/\/impactup.com\/en\/glossaire\/cabinet-de-recrutement-paris\/#breadcrumb\"},\"inLanguage\":\"en-US\",\"potentialAction\":[{\"@type\":\"ReadAction\",\"target\":[\"https:\/\/impactup.com\/en\/glossaire\/cabinet-de-recrutement-paris\/\"]}]},{\"@type\":\"BreadcrumbList\",\"@id\":\"https:\/\/impactup.com\/en\/glossaire\/cabinet-de-recrutement-paris\/#breadcrumb\",\"itemListElement\":[{\"@type\":\"ListItem\",\"position\":1,\"name\":\"Accueil\",\"item\":\"https:\/\/impactup.com\/en\/\"},{\"@type\":\"ListItem\",\"position\":2,\"name\":\"Glossaire\",\"item\":\"https:\/\/impactup.com\/en\/glossaire\/\"},{\"@type\":\"ListItem\",\"position\":3,\"name\":\"Quel cabinet de recrutement \u00e0 Paris contacter ?\"}]},{\"@type\":\"WebSite\",\"@id\":\"https:\/\/impactup.com\/en\/#website\",\"url\":\"https:\/\/impactup.com\/en\/\",\"name\":\"ImpactUp\",\"description\":\"Recrutement commerciaux, directions commerciales et fonctions marketing\",\"potentialAction\":[{\"@type\":\"SearchAction\",\"target\":{\"@type\":\"EntryPoint\",\"urlTemplate\":\"https:\/\/impactup.com\/en\/?s={search_term_string}\"},\"query-input\":{\"@type\":\"PropertyValueSpecification\",\"valueRequired\":true,\"valueName\":\"search_term_string\"}}],\"inLanguage\":\"en-US\"}]}<\/script>\n<!-- \/ Yoast SEO plugin. -->","yoast_head_json":{"title":"Cabinet de recrutement exp\u00e9riment\u00e9 \u00e0 Paris","description":"Choisir un cabinet de recrutement \u00e0 Paris pour embaucher des collaborateurs. ImpactUp est un cabinet de recrutement de Paris exp\u00e9riment\u00e9.","robots":{"index":"index","follow":"follow","max-snippet":"max-snippet:-1","max-image-preview":"max-image-preview:large","max-video-preview":"max-video-preview:-1"},"canonical":"https:\/\/impactup.com\/en\/glossaire\/cabinet-de-recrutement-paris\/","og_locale":"en_US","og_type":"article","og_title":"Cabinet de recrutement exp\u00e9riment\u00e9 \u00e0 Paris","og_description":"Choisir un cabinet de recrutement \u00e0 Paris pour embaucher des collaborateurs. ImpactUp est un cabinet de recrutement de Paris exp\u00e9riment\u00e9.","og_url":"https:\/\/impactup.com\/en\/glossaire\/cabinet-de-recrutement-paris\/","og_site_name":"ImpactUp","article_modified_time":"2024-06-07T14:20:45+00:00","og_image":[{"width":1067,"height":600,"url":"https:\/\/impactup.com\/wp-content\/uploads\/2021\/01\/og.jpg","type":"image\/jpeg"}],"twitter_card":"summary_large_image","twitter_misc":{"Est. reading time":"8 minutes"},"schema":{"@context":"https:\/\/schema.org","@graph":[{"@type":"WebPage","@id":"https:\/\/impactup.com\/en\/glossaire\/cabinet-de-recrutement-paris\/","url":"https:\/\/impactup.com\/en\/glossaire\/cabinet-de-recrutement-paris\/","name":"Cabinet de recrutement exp\u00e9riment\u00e9 \u00e0 Paris","isPartOf":{"@id":"https:\/\/impactup.com\/en\/#website"},"datePublished":"2024-06-07T08:47:36+00:00","dateModified":"2024-06-07T14:20:45+00:00","description":"Choisir un cabinet de recrutement \u00e0 Paris pour embaucher des collaborateurs. ImpactUp est un cabinet de recrutement de Paris exp\u00e9riment\u00e9.","breadcrumb":{"@id":"https:\/\/impactup.com\/en\/glossaire\/cabinet-de-recrutement-paris\/#breadcrumb"},"inLanguage":"en-US","potentialAction":[{"@type":"ReadAction","target":["https:\/\/impactup.com\/en\/glossaire\/cabinet-de-recrutement-paris\/"]}]},{"@type":"BreadcrumbList","@id":"https:\/\/impactup.com\/en\/glossaire\/cabinet-de-recrutement-paris\/#breadcrumb","itemListElement":[{"@type":"ListItem","position":1,"name":"Accueil","item":"https:\/\/impactup.com\/en\/"},{"@type":"ListItem","position":2,"name":"Glossaire","item":"https:\/\/impactup.com\/en\/glossaire\/"},{"@type":"ListItem","position":3,"name":"Quel cabinet de recrutement \u00e0 Paris contacter ?"}]},{"@type":"WebSite","@id":"https:\/\/impactup.com\/en\/#website","url":"https:\/\/impactup.com\/en\/","name":"ImpactUp","description":"Recrutement commerciaux, directions commerciales et fonctions marketing","potentialAction":[{"@type":"SearchAction","target":{"@type":"EntryPoint","urlTemplate":"https:\/\/impactup.com\/en\/?s={search_term_string}"},"query-input":{"@type":"PropertyValueSpecification","valueRequired":true,"valueName":"search_term_string"}}],"inLanguage":"en-US"}]}},"_links":{"self":[{"href":"https:\/\/impactup.com\/en\/wp-json\/wp\/v2\/pages\/25764","targetHints":{"allow":["GET"]}}],"collection":[{"href":"https:\/\/impactup.com\/en\/wp-json\/wp\/v2\/pages"}],"about":[{"href":"https:\/\/impactup.com\/en\/wp-json\/wp\/v2\/types\/page"}],"author":[{"embeddable":true,"href":"https:\/\/impactup.com\/en\/wp-json\/wp\/v2\/users\/4"}],"replies":[{"embeddable":true,"href":"https:\/\/impactup.com\/en\/wp-json\/wp\/v2\/comments?post=25764"}],"version-history":[{"count":5,"href":"https:\/\/impactup.com\/en\/wp-json\/wp\/v2\/pages\/25764\/revisions"}],"predecessor-version":[{"id":25770,"href":"https:\/\/impactup.com\/en\/wp-json\/wp\/v2\/pages\/25764\/revisions\/25770"}],"up":[{"embeddable":true,"href":"https:\/\/impactup.com\/en\/wp-json\/wp\/v2\/pages\/17218"}],"wp:attachment":[{"href":"https:\/\/impactup.com\/en\/wp-json\/wp\/v2\/media?parent=25764"}],"curies":[{"name":"wp","href":"https:\/\/api.w.org\/{rel}","templated":true}]}}