{"id":25758,"date":"2024-06-07T10:39:36","date_gmt":"2024-06-07T08:39:36","guid":{"rendered":"https:\/\/impactup.niou.dev\/?page_id=25758"},"modified":"2024-06-07T16:45:03","modified_gmt":"2024-06-07T14:45:03","slug":"cabinet-de-recrutement-nantes","status":"publish","type":"page","link":"https:\/\/impactup.com\/en\/glossaire\/cabinet-de-recrutement-nantes\/","title":{"rendered":"Cabinet de recrutement \u00e0 Nantes : ImpactUp est votre partenaire de choix"},"content":{"rendered":"<div class=\"wpb-content-wrapper\"><p>[vc_row][vc_column width=&#8221;1\/3&#8243;][vc_btn title=&#8221;Voir notre offre&#8221; color=&#8221;secondarycolor&#8221; align=&#8221;center&#8221; css=&#8221;&#8221; link=&#8221;url:https%3A%2F%2Fimpactup.com%2Frecrutement%2F&#8221;][\/vc_column][vc_column width=&#8221;1\/3&#8243;][vc_btn title=&#8221;Confiez-nous votre projet&#8221; color=&#8221;secondarycolor&#8221; align=&#8221;center&#8221; css=&#8221;&#8221; link=&#8221;url:https%3A%2F%2Fimpactup.com%2Fetude-personnalisee%2F&#8221;][\/vc_column][vc_column width=&#8221;1\/3&#8243;][vc_btn title=&#8221;Contactez-nous&#8221; color=&#8221;secondarycolor&#8221; align=&#8221;center&#8221; css=&#8221;&#8221; link=&#8221;url:https%3A%2F%2Fimpactup.com%2Fcontact%2F&#8221;][\/vc_column][\/vc_row][vc_row css=&#8221;.vc_custom_1717658386032{padding-top: 40px !important;padding-bottom: 20px !important;}&#8221;][vc_column][vc_column_text css=&#8221;&#8221;]<\/p>\n<section style=\"text-align: justify;\">\n<h2>Cabinet de recrutement \u00e0 Nantes\u00a0: ImpactUp est votre partenaire de choix<\/h2>\n<p>Pour les fonctions commerciales \u00e0 <a href=\"https:\/\/impactup.com\/glossaire\/cabinet-de-recrutement-commercial-nantes\"><strong>Nantes<\/strong><\/a>, faire appel \u00e0 un <a href=\"https:\/\/impactup.com\/glossaire\/cabinet-de-recrutement-commercial-nantes\"><strong>cabinet de recrutement<\/strong><\/a> est une solution avantageuse. D\u00e9couvrez ImpactUp, votre partenaire de confiance pour le recrutement dans les domaines du commerce, du marketing et de la vente. Notre cabinet sp\u00e9cialis\u00e9 vous accompagne \u00e0 travers tout le processus d\u2019embauche pour trouver les meilleurs talents qui correspondent \u00e0 vos besoins.<\/p>\n<\/section>\n<p>[\/vc_column_text][\/vc_column][\/vc_row][vc_row][vc_column width=&#8221;1\/3&#8243;][vc_btn title=&#8221;Voir notre offre&#8221; color=&#8221;secondarycolor&#8221; align=&#8221;center&#8221; css=&#8221;&#8221; link=&#8221;url:https%3A%2F%2Fimpactup.com%2Frecrutement%2F&#8221;][\/vc_column][vc_column width=&#8221;1\/3&#8243;][vc_btn title=&#8221;Confiez-nous votre projet&#8221; color=&#8221;secondarycolor&#8221; align=&#8221;center&#8221; css=&#8221;&#8221; link=&#8221;url:https%3A%2F%2Fimpactup.com%2Fetude-personnalisee%2F&#8221;][\/vc_column][vc_column width=&#8221;1\/3&#8243;][vc_btn title=&#8221;Contactez-nous&#8221; color=&#8221;secondarycolor&#8221; align=&#8221;center&#8221; css=&#8221;&#8221; link=&#8221;url:https%3A%2F%2Fimpactup.com%2Fcontact%2F&#8221;][\/vc_column][\/vc_row][vc_row css=&#8221;.vc_custom_1717658445522{padding-top: 40px !important;}&#8221;][vc_column][vc_column_text css=&#8221;&#8221;]<\/p>\n<section style=\"text-align: justify;\">\n<h2>Recrutement de collaborateurs\u00a0: optez pour l\u2019externalisation<\/h2>\n<p>Recruter des collaborateurs, toutes sp\u00e9cialit\u00e9s confondues, est un projet d\u00e9licat. La t\u00e2che s\u2019av\u00e8rera d\u2019autant plus complexe s\u2019il est question de trouver plusieurs personnes pour diff\u00e9rents postes et pour des postes d\u00e9localis\u00e9s (pour votre filiale dans une autre ville, r\u00e9gion ou pays).<\/p>\n<p>La cr\u00e9ation de l\u2019offre d\u2019emploi, sa diffusion, la r\u00e9ception de candidature, le tri des dossiers, le contact des meilleurs postulants, la pr\u00e9paration et la tenue des entretiens d\u2019embauche, la s\u00e9lection finale des candidats et la r\u00e9alisation des d\u00e9marches d\u2019embauche sont des t\u00e2ches qui demanderont la participation des responsables des ressources humaines, mais \u00e9galement celle des responsables dirigeants. Et n\u00e9cessitera des comp\u00e9tences sp\u00e9cifiques pour \u00e9viter de se tromper dans les s\u00e9lections.<\/p>\n<p>Confier tout ou partie du recrutement \u00e0 des experts externes vous permettra de vous concentrer sur des travaux plus productifs et urgents, vous fera \u00e9conomiser du temps (et de l\u2019argent) et augmente les chances de trouver des personnes r\u00e9pondant aux exigences des postes et \u00e0 vos attentes.<\/p>\n<p>De plus, les cabinets de recrutement disposent d\u2019une expertise et d\u2019une connaissance approfondie du march\u00e9 du travail, ce qui leur permet de trouver les meilleurs talents adapt\u00e9s aux besoins sp\u00e9cifiques des entreprises.<\/p>\n<p>Ils poss\u00e8dent \u00e9galement un vaste r\u00e9seau de candidats qualifi\u00e9s, r\u00e9duisant ainsi le temps et les efforts n\u00e9cessaires pour identifier des profils pertinents.<\/p>\n<p>Enfin, ces cabinets \u00a0peuvent offrir une \u00e9valuation objective des candidats gr\u00e2ce \u00e0 des outils de s\u00e9lection avanc\u00e9s et des m\u00e9thodes d\u2019\u00e9valuation rigoureuses. Cela permet de s\u2019assurer que ces derniers \u00a0poss\u00e8dent non seulement les comp\u00e9tences techniques requises, mais aussi les aptitudes comportementales n\u00e9cessaires pour r\u00e9ussir des r\u00f4les commerciaux.<\/p>\n<p>Pour recruter dans cette ville, ImpactUp est un <a href=\"https:\/\/impactup.com\/glossaire\/sp%C3%A9cialiste-fonctions-commerciales\"><strong>cabinet de recrutement<\/strong> <strong>pr\u00e9sent \u00e0 Nantes <\/strong><\/a>depuis plusieurs ann\u00e9es.<\/p>\n<h2>Recrutement classique ou chasse de t\u00eate\u00a0?<\/h2>\n<p>Pour recruter, les responsables de l\u2019embauche au sein de votre entreprise ou le <strong>cabinet de recrutement<\/strong> \u00e0 <strong>Nantes <\/strong>auquel vous vous adresserez pourra opter pour la m\u00e9thode de recrutement classique (telle que cit\u00e9e pr\u00e9c\u00e9demment avec toutes les \u00e9tapes) ou pour la chasse de t\u00eate.<\/p>\n<p>Ce mode de recrutement, \u00e9galement appel\u00e9e recrutement par \u00ab\u00a0approche directe\u00a0\u00bb consiste \u00e0 aller chercher le candidat id\u00e9al pour le poste l\u00e0 o\u00f9 l\u2019on ne penserait pas \u00e0 chercher avec le syst\u00e8me traditionnel. Il s\u2019agira en effet de d\u00e9nicher une personne dont le profil et les comp\u00e9tences correspondent aux besoins du poste \u00e0 pourvoir, mais qui probablement ne le sait pas. Il faudra alors l\u2019en convaincre. La strat\u00e9gie est efficace si l\u2019op\u00e9ration est men\u00e9e par un expert.<\/p>\n<p>ImpactUp est un cabinet de recrutement qui n\u2019h\u00e9site pas \u00e0 recourir \u00e0 la chasse de t\u00eate pour r\u00e9pondre aux attentes de ses clients. Nous privil\u00e9gions cette technique pour les postes difficiles \u00e0 pourvoir \u00e0 cause de leurs sp\u00e9cificit\u00e9s, de leur raret\u00e9 ou encore de la p\u00e9nurie de candidats dans le domaine.<\/p>\n<h2>Externalisation du recrutement\u00a0: misez sur des professionnels sp\u00e9cialis\u00e9s<\/h2>\n<p>Pour que l\u2019externalisation de la recherche de vos nouveaux collaborateurs nantais se d\u00e9roule sans probl\u00e8mes, le choix du <strong>cabinet de recrutement<\/strong> \u00e0 <strong>Nantes <\/strong>est \u00e0 faire avec soin. L\u2019objectif est de trouver un prestataire fiable et efficace qui saura mener \u00e0 bien les op\u00e9rations.<\/p>\n<p>Choisir de travailler avec ImpactUp revient \u00e0 mettre votre campagne de recrutement entre les mains d\u2019experts.<\/p>\n<p>Nos consultants recruteurs prendront le temps de se pencher sur les exigences des postes \u00e0 pourvoir et les v\u00f4tres concernant le profil professionnel et personnel de vos futurs collaborateurs avant de concevoir, r\u00e9aliser et publier les offres d\u2019emploi.<\/p>\n<p>Ils s\u2019occuperont de l\u2019\u00e9tude des dossiers de candidature et de la s\u00e9lection des meilleurs. Ils pourront faire passer les tests et les premiers entretiens avant de vous soumettre les plus \u00e0 m\u00eame de r\u00e9pondre \u00e0 vos attentes.<\/p>\n<p>\u00c0 noter que nos recruteurs peuvent se transformer en chasseurs de t\u00eate redoutables en cas de besoin. Ils vous d\u00e9nicheront la perle rare parmi les nombreux CV que nous avons en stock.<\/p>\n<h2>ImpactUp\u00a0: sp\u00e9cialiste en recrutement pour les fonctions commerciales<\/h2>\n<p><strong>ImpactUp<\/strong> est un <a href=\"https:\/\/impactup.com\/glossaire\/recrutement-commerciaux\"><strong>cabinet de recrutement<\/strong> <strong>\u00e0<\/strong> <strong>Nantes<\/strong><\/a> dont les activit\u00e9s sont essentiellement concentr\u00e9es sur les m\u00e9tiers de la vente, du commerce et du marketing. D\u2019ailleurs, tous nos consultants recruteurs sont des professionnels qui ma\u00eetrisent les sp\u00e9cificit\u00e9s de ces domaines \u00e9tant donn\u00e9 qu\u2019ils ont eux-aussi d\u00e9j\u00e0 exerc\u00e9 dans ces secteurs.<\/p>\n<p>ImpactUp repr\u00e9sente un partenaire de r\u00e9f\u00e9rence pour la recherche de profils adapt\u00e9s \u00e0 des postes de haut niveau pour les p\u00f4les d\u2019expertise de nos domaines de sp\u00e9cialit\u00e9.<\/p>\n<p>Vous pouvez ainsi nous confier le recrutement de votre\u00a0: charg\u00e9(e) de marketing direct, business developper, marchandiseur(euse), category manager, responsable webmarketing, responsable de promotion des ventes, ing\u00e9nieur commercial.<\/p>\n<p>Nous pouvons \u00e9galement vous venir en aide pour la prospection de professionnels aguerris pour des postes strat\u00e9giques comme celui de\u00a0: directeur(trice) de magasin, directeur(trice) de la relation client, digital marketing manager, directeur(trice) commercial(e)directeur(trice) de marque, etc.<\/p>\n<p>\u00c0 noter que nous pouvons \u00e9galement prendre en charge la recherche de personnes pour des postes li\u00e9s \u00e0 la vente, au commerce ou au marketing, peu communs, mais sp\u00e9cifiquement cr\u00e9\u00e9s pour des besoins particuliers de votre entreprise ou de vos produits.<\/p>\n<h2>Des m\u00e9thodes et des outils de recrutement innovants et efficaces<\/h2>\n<p><strong>ImpactUp<\/strong> est pr\u00e9sent dans plusieurs d\u00e9partements et r\u00e9gions de France. Notre <strong>cabinet de recrutement \u00e0 Nantes<\/strong> utilise les m\u00eames m\u00e9thodes et outils innovants et efficaces que nos agences dans les autres villes. Outre nos techniques de s\u00e9lection, nous avons aussi recours \u00e0 des outils novateurs pour v\u00e9rifier les comp\u00e9tences des candidats.<\/p>\n<p>Notre plateforme d\u2019\u00e9valuation inclut 4 instruments (TalentInitial\u00ae, TalentAttitude\u00ae, TalentBusiness\u00ae et TalentRelation\u00ae) qui permettent de mesurer aussi les aptitudes professionnelles, mais \u00e9galement les capacit\u00e9s personnelles ainsi que les motivations, les valeurs et pr\u00e9f\u00e9rences, ainsi que les aptitudes cognitives (capacit\u00e9 de raisonnement, gestion de situation ou d\u2019op\u00e9rations d\u00e9licates, etc.).<\/p>\n<p>Les niveaux et capacit\u00e9s linguistiques sont par ailleurs test\u00e9s par des \u00e9valuations conformes aux normes europ\u00e9ennes CECRL avec Pipplet. Nous proc\u00e9dons aux \u00e9valuations en fonction des besoins et exigences de chaque poste et de chaque domaine d\u2019activit\u00e9s.<\/p>\n<h2>ImpactUp pour votre d\u00e9veloppement commercial<\/h2>\n<p>Outre le recrutement, <a href=\"https:\/\/impactup.com\"><strong>ImpactUp<\/strong><\/a> intervient comme une v\u00e9ritable direction commerciale externalis\u00e9e. Nous traitons 4 domaines du d\u00e9veloppement commercial\u00a0:<\/p>\n<ul>\n<li>\u00a0la strat\u00e9gie commerciale, nous effectuons l\u2019analyse de potentiel, le SWOT, le Business plan, le plan d\u2019adressage march\u00e9, la d\u00e9finition des objectifs cl\u00e9s et des plans d\u2019action commerciaux<\/li>\n<li>l\u2019organisation commerciale c\u2019est-\u00e0-dire le plan de recrutement, les formations, l\u2019int\u00e9gration des populations commerciales, la recherche de partenaires et\/ou distributeurs<\/li>\n<li>la motivation des \u00e9quipes commerciales en effectuant des plans de r\u00e9mun\u00e9ration, des s\u00e9minaires et incentives, ou encore des team building<\/li>\n<li>le pilotage gr\u00e2ce \u00e0 la d\u00e9finition des indicateurs de performances, la mise en \u0153uvre d\u2019outils CRM, l\u2019analyse comportementale\u2026<\/li>\n<\/ul>\n<p>\u00c0 noter que nous int\u00e9grons toujours dans notre tarification une part variable li\u00e9e aux r\u00e9sultats afin de cr\u00e9er un v\u00e9ritable climat de confiance.<\/p>\n<\/section>\n<p>[\/vc_column_text][\/vc_column][\/vc_row]<\/p>\n<\/div>","protected":false},"excerpt":{"rendered":"<p>[vc_row][vc_column width=&#8221;1\/3&#8243;][vc_btn title=&#8221;Voir notre offre&#8221; color=&#8221;secondarycolor&#8221; align=&#8221;center&#8221; css=&#8221;&#8221; link=&#8221;url:https%3A%2F%2Fimpactup.com%2Frecrutement%2F&#8221;][\/vc_column][vc_column width=&#8221;1\/3&#8243;][vc_btn title=&#8221;Confiez-nous votre projet&#8221; color=&#8221;secondarycolor&#8221; align=&#8221;center&#8221; css=&#8221;&#8221; link=&#8221;url:https%3A%2F%2Fimpactup.com%2Fetude-personnalisee%2F&#8221;][\/vc_column][vc_column width=&#8221;1\/3&#8243;][vc_btn title=&#8221;Contactez-nous&#8221; color=&#8221;secondarycolor&#8221; align=&#8221;center&#8221; css=&#8221;&#8221; link=&#8221;url:https%3A%2F%2Fimpactup.com%2Fcontact%2F&#8221;][\/vc_column][\/vc_row][vc_row css=&#8221;.vc_custom_1717658386032{padding-top: 40px !important;padding-bottom: 20px !important;}&#8221;][vc_column][vc_column_text css=&#8221;&#8221;] Cabinet de recrutement \u00e0 Nantes\u00a0: ImpactUp est votre partenaire de choix Pour les fonctions commerciales \u00e0 Nantes, faire appel \u00e0 un cabinet de recrutement est une [&hellip;]<\/p>\n","protected":false},"author":4,"featured_media":0,"parent":17218,"menu_order":0,"comment_status":"closed","ping_status":"closed","template":"","meta":{"_monsterinsights_skip_tracking":false,"_monsterinsights_sitenote_active":false,"_monsterinsights_sitenote_note":"","_monsterinsights_sitenote_category":0,"footnotes":""},"class_list":["post-25758","page","type-page","status-publish","hentry"],"yoast_head":"<!-- This site is optimized with the Yoast SEO plugin v27.0 - https:\/\/yoast.com\/product\/yoast-seo-wordpress\/ -->\n<title>Cabinet de recrutement Nantes - Quel cabinet de recrutement \u00e0 Nantes<\/title>\n<meta name=\"description\" content=\"Comment choisir un cabinet de recrutement fiable \u00e0 Nantes ? ImpactUp est un cabinet de recrutement sp\u00e9cialis\u00e9 dans les fonctions commerciales, op\u00e9rant \u00e0 Nantes.\" \/>\n<meta name=\"robots\" content=\"index, follow, max-snippet:-1, max-image-preview:large, max-video-preview:-1\" \/>\n<link rel=\"canonical\" href=\"https:\/\/impactup.com\/en\/glossaire\/cabinet-de-recrutement-nantes\/\" \/>\n<meta property=\"og:locale\" content=\"en_US\" \/>\n<meta property=\"og:type\" content=\"article\" \/>\n<meta property=\"og:title\" content=\"Cabinet de recrutement Nantes - Quel cabinet de recrutement \u00e0 Nantes\" \/>\n<meta property=\"og:description\" content=\"Comment choisir un cabinet de recrutement fiable \u00e0 Nantes ? ImpactUp est un cabinet de recrutement sp\u00e9cialis\u00e9 dans les fonctions commerciales, op\u00e9rant \u00e0 Nantes.\" \/>\n<meta property=\"og:url\" content=\"https:\/\/impactup.com\/en\/glossaire\/cabinet-de-recrutement-nantes\/\" \/>\n<meta property=\"og:site_name\" content=\"ImpactUp\" \/>\n<meta property=\"article:modified_time\" content=\"2024-06-07T14:45:03+00:00\" \/>\n<meta property=\"og:image\" content=\"https:\/\/impactup.com\/wp-content\/uploads\/2021\/01\/og.jpg\" \/>\n\t<meta property=\"og:image:width\" content=\"1067\" \/>\n\t<meta property=\"og:image:height\" content=\"600\" \/>\n\t<meta property=\"og:image:type\" content=\"image\/jpeg\" \/>\n<meta name=\"twitter:card\" content=\"summary_large_image\" \/>\n<meta name=\"twitter:label1\" content=\"Est. reading time\" \/>\n\t<meta name=\"twitter:data1\" content=\"7 minutes\" \/>\n<script type=\"application\/ld+json\" class=\"yoast-schema-graph\">{\"@context\":\"https:\/\/schema.org\",\"@graph\":[{\"@type\":\"WebPage\",\"@id\":\"https:\/\/impactup.com\/en\/glossaire\/cabinet-de-recrutement-nantes\/\",\"url\":\"https:\/\/impactup.com\/en\/glossaire\/cabinet-de-recrutement-nantes\/\",\"name\":\"Cabinet de recrutement Nantes - Quel cabinet de recrutement \u00e0 Nantes\",\"isPartOf\":{\"@id\":\"https:\/\/impactup.com\/en\/#website\"},\"datePublished\":\"2024-06-07T08:39:36+00:00\",\"dateModified\":\"2024-06-07T14:45:03+00:00\",\"description\":\"Comment choisir un cabinet de recrutement fiable \u00e0 Nantes ? ImpactUp est un cabinet de recrutement sp\u00e9cialis\u00e9 dans les fonctions commerciales, op\u00e9rant \u00e0 Nantes.\",\"breadcrumb\":{\"@id\":\"https:\/\/impactup.com\/en\/glossaire\/cabinet-de-recrutement-nantes\/#breadcrumb\"},\"inLanguage\":\"en-US\",\"potentialAction\":[{\"@type\":\"ReadAction\",\"target\":[\"https:\/\/impactup.com\/en\/glossaire\/cabinet-de-recrutement-nantes\/\"]}]},{\"@type\":\"BreadcrumbList\",\"@id\":\"https:\/\/impactup.com\/en\/glossaire\/cabinet-de-recrutement-nantes\/#breadcrumb\",\"itemListElement\":[{\"@type\":\"ListItem\",\"position\":1,\"name\":\"Accueil\",\"item\":\"https:\/\/impactup.com\/en\/\"},{\"@type\":\"ListItem\",\"position\":2,\"name\":\"Glossaire\",\"item\":\"https:\/\/impactup.com\/en\/glossaire\/\"},{\"@type\":\"ListItem\",\"position\":3,\"name\":\"Cabinet de recrutement \u00e0 Nantes : ImpactUp est votre partenaire de choix\"}]},{\"@type\":\"WebSite\",\"@id\":\"https:\/\/impactup.com\/en\/#website\",\"url\":\"https:\/\/impactup.com\/en\/\",\"name\":\"ImpactUp\",\"description\":\"Recrutement commerciaux, directions commerciales et fonctions marketing\",\"potentialAction\":[{\"@type\":\"SearchAction\",\"target\":{\"@type\":\"EntryPoint\",\"urlTemplate\":\"https:\/\/impactup.com\/en\/?s={search_term_string}\"},\"query-input\":{\"@type\":\"PropertyValueSpecification\",\"valueRequired\":true,\"valueName\":\"search_term_string\"}}],\"inLanguage\":\"en-US\"}]}<\/script>\n<!-- \/ Yoast SEO plugin. -->","yoast_head_json":{"title":"Cabinet de recrutement Nantes - Quel cabinet de recrutement \u00e0 Nantes","description":"Comment choisir un cabinet de recrutement fiable \u00e0 Nantes ? ImpactUp est un cabinet de recrutement sp\u00e9cialis\u00e9 dans les fonctions commerciales, op\u00e9rant \u00e0 Nantes.","robots":{"index":"index","follow":"follow","max-snippet":"max-snippet:-1","max-image-preview":"max-image-preview:large","max-video-preview":"max-video-preview:-1"},"canonical":"https:\/\/impactup.com\/en\/glossaire\/cabinet-de-recrutement-nantes\/","og_locale":"en_US","og_type":"article","og_title":"Cabinet de recrutement Nantes - Quel cabinet de recrutement \u00e0 Nantes","og_description":"Comment choisir un cabinet de recrutement fiable \u00e0 Nantes ? ImpactUp est un cabinet de recrutement sp\u00e9cialis\u00e9 dans les fonctions commerciales, op\u00e9rant \u00e0 Nantes.","og_url":"https:\/\/impactup.com\/en\/glossaire\/cabinet-de-recrutement-nantes\/","og_site_name":"ImpactUp","article_modified_time":"2024-06-07T14:45:03+00:00","og_image":[{"width":1067,"height":600,"url":"https:\/\/impactup.com\/wp-content\/uploads\/2021\/01\/og.jpg","type":"image\/jpeg"}],"twitter_card":"summary_large_image","twitter_misc":{"Est. reading time":"7 minutes"},"schema":{"@context":"https:\/\/schema.org","@graph":[{"@type":"WebPage","@id":"https:\/\/impactup.com\/en\/glossaire\/cabinet-de-recrutement-nantes\/","url":"https:\/\/impactup.com\/en\/glossaire\/cabinet-de-recrutement-nantes\/","name":"Cabinet de recrutement Nantes - Quel cabinet de recrutement \u00e0 Nantes","isPartOf":{"@id":"https:\/\/impactup.com\/en\/#website"},"datePublished":"2024-06-07T08:39:36+00:00","dateModified":"2024-06-07T14:45:03+00:00","description":"Comment choisir un cabinet de recrutement fiable \u00e0 Nantes ? ImpactUp est un cabinet de recrutement sp\u00e9cialis\u00e9 dans les fonctions commerciales, op\u00e9rant \u00e0 Nantes.","breadcrumb":{"@id":"https:\/\/impactup.com\/en\/glossaire\/cabinet-de-recrutement-nantes\/#breadcrumb"},"inLanguage":"en-US","potentialAction":[{"@type":"ReadAction","target":["https:\/\/impactup.com\/en\/glossaire\/cabinet-de-recrutement-nantes\/"]}]},{"@type":"BreadcrumbList","@id":"https:\/\/impactup.com\/en\/glossaire\/cabinet-de-recrutement-nantes\/#breadcrumb","itemListElement":[{"@type":"ListItem","position":1,"name":"Accueil","item":"https:\/\/impactup.com\/en\/"},{"@type":"ListItem","position":2,"name":"Glossaire","item":"https:\/\/impactup.com\/en\/glossaire\/"},{"@type":"ListItem","position":3,"name":"Cabinet de recrutement \u00e0 Nantes : ImpactUp est votre partenaire de choix"}]},{"@type":"WebSite","@id":"https:\/\/impactup.com\/en\/#website","url":"https:\/\/impactup.com\/en\/","name":"ImpactUp","description":"Recrutement commerciaux, directions commerciales et fonctions marketing","potentialAction":[{"@type":"SearchAction","target":{"@type":"EntryPoint","urlTemplate":"https:\/\/impactup.com\/en\/?s={search_term_string}"},"query-input":{"@type":"PropertyValueSpecification","valueRequired":true,"valueName":"search_term_string"}}],"inLanguage":"en-US"}]}},"_links":{"self":[{"href":"https:\/\/impactup.com\/en\/wp-json\/wp\/v2\/pages\/25758","targetHints":{"allow":["GET"]}}],"collection":[{"href":"https:\/\/impactup.com\/en\/wp-json\/wp\/v2\/pages"}],"about":[{"href":"https:\/\/impactup.com\/en\/wp-json\/wp\/v2\/types\/page"}],"author":[{"embeddable":true,"href":"https:\/\/impactup.com\/en\/wp-json\/wp\/v2\/users\/4"}],"replies":[{"embeddable":true,"href":"https:\/\/impactup.com\/en\/wp-json\/wp\/v2\/comments?post=25758"}],"version-history":[{"count":2,"href":"https:\/\/impactup.com\/en\/wp-json\/wp\/v2\/pages\/25758\/revisions"}],"predecessor-version":[{"id":25763,"href":"https:\/\/impactup.com\/en\/wp-json\/wp\/v2\/pages\/25758\/revisions\/25763"}],"up":[{"embeddable":true,"href":"https:\/\/impactup.com\/en\/wp-json\/wp\/v2\/pages\/17218"}],"wp:attachment":[{"href":"https:\/\/impactup.com\/en\/wp-json\/wp\/v2\/media?parent=25758"}],"curies":[{"name":"wp","href":"https:\/\/api.w.org\/{rel}","templated":true}]}}