{"id":25746,"date":"2024-06-07T10:22:53","date_gmt":"2024-06-07T08:22:53","guid":{"rendered":"https:\/\/impactup.niou.dev\/?page_id=25746"},"modified":"2024-06-07T16:17:56","modified_gmt":"2024-06-07T14:17:56","slug":"cabinet-de-recrutement-marseille","status":"publish","type":"page","link":"https:\/\/impactup.com\/en\/glossaire\/cabinet-de-recrutement-marseille\/","title":{"rendered":"Cabinet de recrutement \u00e0 Marseille : ImpactUp est sp\u00e9cialiste des fonctions commerciales et marketing"},"content":{"rendered":"<div class=\"wpb-content-wrapper\"><p>[vc_row][vc_column width=&#8221;1\/3&#8243;][vc_btn title=&#8221;Voir notre offre&#8221; color=&#8221;secondarycolor&#8221; align=&#8221;center&#8221; css=&#8221;&#8221; link=&#8221;url:https%3A%2F%2Fimpactup.com%2Frecrutement%2F&#8221;][\/vc_column][vc_column width=&#8221;1\/3&#8243;][vc_btn title=&#8221;Confiez-nous votre projet&#8221; color=&#8221;secondarycolor&#8221; align=&#8221;center&#8221; css=&#8221;&#8221; link=&#8221;url:https%3A%2F%2Fimpactup.com%2Fetude-personnalisee%2F&#8221;][\/vc_column][vc_column width=&#8221;1\/3&#8243;][vc_btn title=&#8221;Contactez-nous&#8221; color=&#8221;secondarycolor&#8221; align=&#8221;center&#8221; css=&#8221;&#8221; link=&#8221;url:https%3A%2F%2Fimpactup.com%2Fcontact%2F&#8221;][\/vc_column][\/vc_row][vc_row css=&#8221;.vc_custom_1717658386032{padding-top: 40px !important;padding-bottom: 20px !important;}&#8221;][vc_column][vc_column_text css=&#8221;&#8221;]<\/p>\n<section style=\"text-align: justify;\">\n<h2>Cabinet de recrutement \u00e0 Marseille\u00a0: ImpactUp est sp\u00e9cialiste des fonctions commerciales et marketing<\/h2>\n<p>Si vous cherchez \u00e0 recruter des collaborateurs pour des postes relatifs aux fonctions commerciales et marketing dans cette ville, ImpactUp est un <a href=\"https:\/\/impactup.com\/glossaire\/cabinet-de-recrutement-marketing\"><strong>cabinet de recrutement \u00e0 Marseille<\/strong><\/a> sp\u00e9cialis\u00e9 dans ces domaines particuliers. Outre les voies classiques de prospection de candidats, nous pratiquons \u00e9galement la chasse de t\u00eate en cas de n\u00e9cessit\u00e9.<\/p>\n<\/section>\n<p>[\/vc_column_text][\/vc_column][\/vc_row][vc_row][vc_column width=&#8221;1\/3&#8243;][vc_btn title=&#8221;Voir notre offre&#8221; color=&#8221;secondarycolor&#8221; align=&#8221;center&#8221; css=&#8221;&#8221; link=&#8221;url:https%3A%2F%2Fimpactup.com%2Frecrutement%2F&#8221;][\/vc_column][vc_column width=&#8221;1\/3&#8243;][vc_btn title=&#8221;Confiez-nous votre projet&#8221; color=&#8221;secondarycolor&#8221; align=&#8221;center&#8221; css=&#8221;&#8221; link=&#8221;url:https%3A%2F%2Fimpactup.com%2Fetude-personnalisee%2F&#8221;][\/vc_column][vc_column width=&#8221;1\/3&#8243;][vc_btn title=&#8221;Contactez-nous&#8221; color=&#8221;secondarycolor&#8221; align=&#8221;center&#8221; css=&#8221;&#8221; link=&#8221;url:https%3A%2F%2Fimpactup.com%2Fcontact%2F&#8221;][\/vc_column][\/vc_row][vc_row css=&#8221;.vc_custom_1717658445522{padding-top: 40px !important;}&#8221;][vc_column][vc_column_text css=&#8221;&#8221;]<\/p>\n<section style=\"text-align: justify;\">\n<h2>L\u2019importance du choix du cabinet de recrutement<\/h2>\n<p>La recherche de nouveaux collaborateurs est toujours une op\u00e9ration complexe, encore plus s\u2019il s\u2019agit de trouver quelqu\u2019un pour une place d\u00e9licate. Le recours \u00e0 un <strong>cabinet de recrutement<\/strong>, \u00e0 <strong>Marseille <\/strong>comme ailleurs, est souvent la solution privil\u00e9gi\u00e9e par les entreprises. Le choix de l\u2019agence est toutefois essentiel pour le bon d\u00e9roulement du projet et pour s\u2019assurer de l\u2019ad\u00e9quation du profil et des comp\u00e9tences des candidats \u00e0 vos besoins et aux exigences du poste. Vous devrez prendre en compte divers crit\u00e8res lors de la prospection du prestataire\u00a0: le savoir-faire et l\u2019exp\u00e9rience \u00a0sont les garants de son efficacit\u00e9, les services propos\u00e9s dans le cadre du processus de recrutement (certains cabinets proposent la prise en charge des d\u00e9marches d\u2019embauche et un suivi des candidats qu\u2019ils ont soumis \u00e0 leurs clients), les m\u00e9thodes de recherche privil\u00e9gi\u00e9es, et bien entendu les tarifs et le mode de facturation qui doivent \u00eatre transparents. Dans la mesure du possible, il est recommand\u00e9 de miser sur la proximit\u00e9.<\/p>\n<h2>Quand recourir \u00e0 un cabinet de recrutement \u00e0 Marseille\u2009?<\/h2>\n<p>Faire appel \u00e0 un <a href=\"https:\/\/impactup.com\/glossaire\/sp%C3%A9cialiste-fonctions-commerciales\"><strong>cabinet de recrutement \u00e0 Marseille<\/strong><\/a> se pr\u00e9sente comme la solution la plus pratique pour simplifier la recherche et l\u2019embauche de collaborateurs pour votre nouvelle entreprise ou votre filiale dans la r\u00e9gion marseillaise. Cette option est la plus recommand\u00e9e notamment si vous ne disposez pas d\u2019une fonction recrutement au sein de votre entreprise qui peut s\u2019en charger, ou si le poste \u00e0 pourvoir est trop complexe pour pouvoir effectuer un recrutement en interne.<\/p>\n<p>Par ailleurs, comme les recherches et l\u2019embauche seront r\u00e9alis\u00e9es par des professionnels, vous ferez d\u2019une pierre deux coups. D\u2019une part, vous vous d\u00e9chargerez des t\u00e2ches chronophages et fastidieuses relatives \u00e0 un processus de recrutement et d\u2019embauche, et d\u2019autre part, vous b\u00e9n\u00e9ficierez de l\u2019expertise de sp\u00e9cialistes pour assurer le succ\u00e8s de ces processus. En cas de p\u00e9nurie de candidats de qualit\u00e9, certains cabinets comme <strong>Impactup <\/strong>peuvent endosser le r\u00f4le de chasseur de t\u00eates pour trouver la personne qui occupera le poste avec efficacit\u00e9.<\/p>\n<p><strong>ImpactUP<\/strong> propose un large \u00e9ventail de prestations pour satisfaire \u00e0 toutes les probl\u00e9matiques des entreprises en mati\u00e8re de ressources humaines :<\/p>\n<ul>\n<li>un outil en ligne SaaS d\u2019\u00e9valuation qui permet d\u2019estimer les comp\u00e9tences dans une langue \u00e9trang\u00e8re et ainsi de d\u00e9velopper ses capacit\u00e9s linguistiques propos\u00e9 en partenariat avec Pipplet ;<\/li>\n<li>une plateforme d\u2019\u00e9valuation qui comporte 4 familles d\u2019outils : TalentBusiness\u00ae, TalentInitial\u00ae, TalentRelation\u00ae et TalentAttitude\u00ae.<\/li>\n<\/ul>\n<p>Concr\u00e8tement, ces outils d\u2019\u00e9valuation permettent d\u2019appr\u00e9cier les comp\u00e9tences professionnelles et \u00a0les qualit\u00e9s personnelles ainsi que les diff\u00e9rentes aptitudes de chaque candidat. Etant une agence sp\u00e9cialis\u00e9e dans la vente et le marketing, nous mettons l\u2019accent sur\u00a0:<\/p>\n<ul>\n<li>La capacit\u00e9 \u00e0 attirer des prospects et \u00e0 fid\u00e9liser les clients\u00a0;<\/li>\n<li>Les aptitudes en mati\u00e8re de n\u00e9gociation et de persuasion\u00a0;<\/li>\n<li>Les valeurs, motivations et pr\u00e9f\u00e9rences de l\u2019individu\u00a0;<\/li>\n<li>Les capacit\u00e9s manag\u00e9riales\u00a0;<\/li>\n<li>Les capacit\u00e9s cognitives, num\u00e9riques et verbales\u00a0;<\/li>\n<li>Le niveau de fran\u00e7ais\u00a0;<\/li>\n<li>Les aptitudes dans les autres langues requises\u00a0;<\/li>\n<li>La culture g\u00e9n\u00e9rale.<\/li>\n<\/ul>\n<h2>Une agence de recrutement \u00e0 l\u2019\u00e9coute des besoins des entreprises<\/h2>\n<p>Pl\u00e9biscit\u00e9 par les chefs d\u2019entreprise, notre cabinet de recrutement est compos\u00e9 d\u2019\u00e9quipes de consultants sp\u00e9cialis\u00e9s dans divers domaines. En effet, avant de venir travailler pour Impactup, chacun d\u2019eux a exerc\u00e9 les m\u00e9tiers pour lesquels ils doivent s\u00e9lectionner des candidats pour le compte d\u2019entreprises. Anciens cadres et agents commerciaux, ils sont parfaitement au courant des exigences et contraintes des postes \u00e0 pourvoir et des comp\u00e9tences requises pour les assumer. Ils peuvent donc identifier les besoins des entreprises pour d\u00e9terminer le profil des candidats.<\/p>\n<p>Si les dipl\u00f4mes et la formation acad\u00e9mique sont bien s\u00fbr des plus, ils sont loin d\u2019\u00eatre suffisants pour juger de la qualit\u00e9 intrins\u00e8que d\u2019une candidature. La motivation, le leadership, la t\u00e9nacit\u00e9 sont autant de qualit\u00e9s qui font un bon commercial, mais il est difficile de se faire une id\u00e9e \u00e0 partir d\u2019un seul CV. Le meilleur candidat peut par exemple \u00eatre un autodidacte n\u2019ayant que son bac en poche, mais qui dispose d\u2019une connaissance parfaite du march\u00e9 et d\u2019une capacit\u00e9 naturelle \u00e0 motiver son \u00e9quipe.<\/p>\n<p>C\u2019est l\u00e0 que l\u2019expertise des consultants de notre <a href=\"https:\/\/impactup.com\/glossaire\/recrutement-commercial\"><strong>cabinet de recrutement intervenant \u00e0 Marseille<\/strong><\/a> fera la diff\u00e9rence\u00a0: ils sauront s\u00e9lectionner celui ou celle qui pourra vous soutenir dans la croissance de votre entreprise. Un cabinet chasseur de t\u00eates vous permettra d\u2019\u00e9conomiser du temps et des ressources financi\u00e8res. Votre entreprise b\u00e9n\u00e9ficiera des conseils avis\u00e9s de consultants qui verront rapidement les points forts et les points faibles de chaque candidat. Certaines agences ont aussi un p\u00f4le destin\u00e9 \u00e0 r\u00e9soudre des probl\u00e9matiques strat\u00e9giques plus profondes.<\/p>\n<p>Le cabinet <strong>ImpactUP<\/strong> est le partenaire incontournable des entreprises (grandes entreprises ou PME) pour le recrutement de profils de haut niveau et experts m\u00e9tiers sur des p\u00f4les d\u2019expertise li\u00e9s au marketing et au commerce : marchandiseur(euse), category manager, business developer, ing\u00e9nieur commercial, d\u00e9l\u00e9gu\u00e9 commercial, responsable de promotion des ventes, charg\u00e9(e) de marketing direct, et \u00e0 tous les postes strat\u00e9giques de l\u2019organisation : key account manager, sales administrator, directeur(trice) de marque, directeur(trice) commercial(e)directeur(trice) de magasin, et bien d\u2019autres encore Les candidats peuvent compter sur des conseils personnalis\u00e9s d\u2019ImpactUP pour leur \u00e9panouissement professionnel \u00e0 une position pertinente par rapport \u00e0 leur projet professionnel.<\/p>\n<p>Notre cabinet prend en charge tout ou une partie du processus de recrutement de vos collaborateurs en respectant une m\u00e9thodologie pr\u00e9cise\u00a0:<\/p>\n<ul>\n<li>nous d\u00e9finissons d\u2019abord vos besoins : mission, objectif, t\u00e2ches, profil, formation, exp\u00e9rience, personnalit\u00e9, conditions d\u2019embauche<\/li>\n<li>nous r\u00e9digeons les documents d\u2019offre d\u2019emploi<\/li>\n<li>nous effectuons les recherches : en int\u00e9grant l\u2019offre sur notre site, par approche directe (chasse) et en diffusant les annonces sur des supports d\u00e9di\u00e9s<\/li>\n<li>nous effectuons une pr\u00e9s\u00e9lection \u00e0 partir des crit\u00e8res objectifs et des entretiens t\u00e9l\u00e9phoniques<\/li>\n<li>nous proc\u00e9dons \u00e0 une s\u00e9lection \u00e0 travers des entretiens physiques avec nos consultants et toute une batterie de tests<\/li>\n<li>nous vous proposons les candidats retenus avec leur dossier et recommandations<\/li>\n<li>nous effectuons un suivi du candidat jusqu\u2019\u00e0 l\u2019embauche d\u00e9finitive et son int\u00e9gration dans la soci\u00e9t\u00e9<\/li>\n<\/ul>\n<h2>\u2026 pour vous aider dans le d\u00e9veloppement de votre entreprise<\/h2>\n<p><a href=\"https:\/\/impactup.com\"><strong>Impactup<\/strong><\/a> est un <strong>cabinet de recrutement pouvant traiter des missions \u00e0 Marseille <\/strong>et qui vous fera \u00e9conomiser du temps et de l\u2019argent. En nous confiant le recrutement de vos cadres, vous \u00e9vitez le long processus impliquant le tri des candidatures, les entretiens pr\u00e9liminaires au t\u00e9l\u00e9phone\u2026 Ce sont autant d\u2019heures que vous pouvez consacrer \u00e0 votre c\u0153ur de m\u00e9tier.<\/p>\n<p>Misant sur la proximit\u00e9, le pragmatisme et la culture du r\u00e9sultat, nous avons pu jusqu\u2019ici mener \u00e0 bien toutes les missions qui nous sont confi\u00e9es. Chacun de nos clients b\u00e9n\u00e9ficie d\u2019une solution sur mesure et d\u2019un accompagnement dans la dur\u00e9e, et afin d\u2019activer le processus, nous recourons \u00e0 des techniques et des moyens innovants, aussi bien pour la recherche que pour la s\u00e9lection. Ceci nous permet d\u2019int\u00e9grer le meilleur profil pour chaque poste \u00e0 pourvoir et de s\u00e9curiser au mieux le choix de nos clients. En effet, il vous appartient de s\u00e9lectionner le candidat qui vous convient le mieux sur une liste de personnes que nous avons tri\u00e9es \u00e0 l\u2019issue des entretiens et des tests.<\/p>\n<p>Gr\u00e2ce \u00e0 notre longue exp\u00e9rience r\u00e9ussie dans le m\u00e9tier, nous pouvons aussi vous accompagner et vous conseiller dans l\u2019\u00e9laboration de votre strat\u00e9gie commerciale, former vos \u00e9quipes, organiser des sessions de team building\u2026 Certains de nos clients ont m\u00eame externalis\u00e9 chez nous leur direction commerciale le temps de trouver les \u00e9l\u00e9ments de leur nouvelle structure. En effet, nos consultants sont tous issus de la vente et du marketing, et leur exp\u00e9rience dans diff\u00e9rents secteurs d\u2019activit\u00e9s leur a procur\u00e9 une solide connaissance du terrain. Par ailleurs, gr\u00e2ce \u00e0 une veille constante, nous sommes au fait des derni\u00e8res tendances du march\u00e9, et pouvons vous accompagner dans la mise en place d\u2019une strat\u00e9gie de recrutement ou de gestion orient\u00e9e vers les besoins des clients qui s\u2019av\u00e8rent de plus en plus exigeants. N\u2019h\u00e9sitez pas \u00e0 nous consulter, notre <strong>cabinet de recrutement \u00e0 Marseille <\/strong>est \u00e0 l\u2019\u00e9coute de vos besoins.<\/p>\n<p>Un sp\u00e9cialiste du recrutement reste donc un gage d\u2019efficacit\u00e9 pour toutes les entreprises qui souhaitent se doter rapidement d\u2019une \u00e9quipe pour mener leur croissance.<\/p>\n<p>Pour des informations suppl\u00e9mentaires \u00e0 propos de nos services, vous pouvez nous contacter en nous envoyant un courrier \u00e9lectronique ou en nous t\u00e9l\u00e9phonant. Vous pouvez aussi vous rendre directement aupr\u00e8s de notre cabinet.<\/p>\n<p>Parmi nos clients se trouvent des entreprises de toute taille fran\u00e7aises et internationales, convaincues par notre professionnalisme.<\/p>\n<h2>Notre histoire<\/h2>\n<p>L\u2019activit\u00e9 de recrutement a d\u00e9but\u00e9 en 2005 \u00e0 l\u2019initiative de Pascal Larue apr\u00e8s avoir exerc\u00e9 en tant que Directeur G\u00e9n\u00e9ral, Directeur commercial et Directeur marketing dans diff\u00e9rents secteurs d\u2019activit\u00e9.<\/p>\n<p>C\u2019est en 2007 que l\u2019agence prend d\u00e9finitivement le nom d\u2019ImpactUp qui devient alors une marque d\u00e9pos\u00e9e. Parall\u00e8lement, il a pris la d\u00e9cision de se consacrer au recrutement et au conseil en d\u00e9veloppement et en organisation commerciale.<\/p>\n<p>C\u2019est alors qu\u2019Emmanuel Laquerri\u00e8re, un ex-collaborateur et un ami, d\u00e9cide de rejoindre l\u2019\u00e9quipe en apportant 15 ans d\u2019expertise en management pour de grands groupes internationaux.<\/p>\n<p>Ensemble, ils ont su rassembler une \u00e9quipe \u00e0 taille humaine de consultants-experts ayant tous une exp\u00e9rience dans les fonctions pour lesquelles ils exercent, que ce soit dans le recrutement ou le consulting.<\/p>\n<p>De fil en aiguille, le cabinet de recrutement est aujourd\u2019hui reconnu comme l\u2019un des cabinets leaders dans le recrutement des fonctions commerciales et marketing avec des bureaux \u00e0 Paris, Lyon,\u00a0 Nantes,\u00a0 La Rochelle,\u00a0 Toulouse et \u00a0Lille, ce qui lui permet d\u2019intervenir dans toute la France.<\/p>\n<p><strong>ImpactUp<\/strong> a d\u00e9j\u00e0 \u00e9t\u00e9 \u00e9lu parmi les meilleurs cabinets de recrutement par Les Echos\/Statista et figure pour la quatri\u00e8me ann\u00e9e au Palmar\u00e8s dans la cat\u00e9gorie Managers et sp\u00e9cialistes.<\/p>\n<\/section>\n<p>[\/vc_column_text][\/vc_column][\/vc_row]<\/p>\n<\/div>","protected":false},"excerpt":{"rendered":"<p>[vc_row][vc_column width=&#8221;1\/3&#8243;][vc_btn title=&#8221;Voir notre offre&#8221; color=&#8221;secondarycolor&#8221; align=&#8221;center&#8221; css=&#8221;&#8221; link=&#8221;url:https%3A%2F%2Fimpactup.com%2Frecrutement%2F&#8221;][\/vc_column][vc_column width=&#8221;1\/3&#8243;][vc_btn title=&#8221;Confiez-nous votre projet&#8221; color=&#8221;secondarycolor&#8221; align=&#8221;center&#8221; css=&#8221;&#8221; link=&#8221;url:https%3A%2F%2Fimpactup.com%2Fetude-personnalisee%2F&#8221;][\/vc_column][vc_column width=&#8221;1\/3&#8243;][vc_btn title=&#8221;Contactez-nous&#8221; color=&#8221;secondarycolor&#8221; align=&#8221;center&#8221; css=&#8221;&#8221; link=&#8221;url:https%3A%2F%2Fimpactup.com%2Fcontact%2F&#8221;][\/vc_column][\/vc_row][vc_row css=&#8221;.vc_custom_1717658386032{padding-top: 40px !important;padding-bottom: 20px !important;}&#8221;][vc_column][vc_column_text css=&#8221;&#8221;] Cabinet de recrutement \u00e0 Marseille\u00a0: ImpactUp est sp\u00e9cialiste des fonctions commerciales et marketing Si vous cherchez \u00e0 recruter des collaborateurs pour des postes relatifs aux fonctions [&hellip;]<\/p>\n","protected":false},"author":4,"featured_media":0,"parent":17218,"menu_order":0,"comment_status":"closed","ping_status":"closed","template":"","meta":{"_monsterinsights_skip_tracking":false,"_monsterinsights_sitenote_active":false,"_monsterinsights_sitenote_note":"","_monsterinsights_sitenote_category":0,"footnotes":""},"class_list":["post-25746","page","type-page","status-publish","hentry"],"yoast_head":"<!-- This site is optimized with the Yoast SEO plugin v27.0 - https:\/\/yoast.com\/product\/yoast-seo-wordpress\/ -->\n<title>Recourir \u00e0 un cabinet de recrutement fiable \u00e0 Marseille<\/title>\n<meta name=\"description\" content=\"S\u2019adresser \u00e0 un cabinet de recrutement \u00e0 Marseille pour trouver de nouveaux collaborateurs. ImpactUp est un cabinet de recrutement exp\u00e9riment\u00e9 \u00e0 Marseille.\" \/>\n<meta name=\"robots\" content=\"index, follow, max-snippet:-1, max-image-preview:large, max-video-preview:-1\" \/>\n<link rel=\"canonical\" href=\"https:\/\/impactup.com\/en\/glossaire\/cabinet-de-recrutement-marseille\/\" \/>\n<meta property=\"og:locale\" content=\"en_US\" \/>\n<meta property=\"og:type\" content=\"article\" \/>\n<meta property=\"og:title\" content=\"Recourir \u00e0 un cabinet de recrutement fiable \u00e0 Marseille\" \/>\n<meta property=\"og:description\" content=\"S\u2019adresser \u00e0 un cabinet de recrutement \u00e0 Marseille pour trouver de nouveaux collaborateurs. ImpactUp est un cabinet de recrutement exp\u00e9riment\u00e9 \u00e0 Marseille.\" \/>\n<meta property=\"og:url\" content=\"https:\/\/impactup.com\/en\/glossaire\/cabinet-de-recrutement-marseille\/\" \/>\n<meta property=\"og:site_name\" content=\"ImpactUp\" \/>\n<meta property=\"article:modified_time\" content=\"2024-06-07T14:17:56+00:00\" \/>\n<meta property=\"og:image\" content=\"https:\/\/impactup.com\/wp-content\/uploads\/2021\/01\/og.jpg\" \/>\n\t<meta property=\"og:image:width\" content=\"1067\" \/>\n\t<meta property=\"og:image:height\" content=\"600\" \/>\n\t<meta property=\"og:image:type\" content=\"image\/jpeg\" \/>\n<meta name=\"twitter:card\" content=\"summary_large_image\" \/>\n<meta name=\"twitter:label1\" content=\"Est. reading time\" \/>\n\t<meta name=\"twitter:data1\" content=\"9 minutes\" \/>\n<script type=\"application\/ld+json\" class=\"yoast-schema-graph\">{\"@context\":\"https:\/\/schema.org\",\"@graph\":[{\"@type\":\"WebPage\",\"@id\":\"https:\/\/impactup.com\/en\/glossaire\/cabinet-de-recrutement-marseille\/\",\"url\":\"https:\/\/impactup.com\/en\/glossaire\/cabinet-de-recrutement-marseille\/\",\"name\":\"Recourir \u00e0 un cabinet de recrutement fiable \u00e0 Marseille\",\"isPartOf\":{\"@id\":\"https:\/\/impactup.com\/en\/#website\"},\"datePublished\":\"2024-06-07T08:22:53+00:00\",\"dateModified\":\"2024-06-07T14:17:56+00:00\",\"description\":\"S\u2019adresser \u00e0 un cabinet de recrutement \u00e0 Marseille pour trouver de nouveaux collaborateurs. ImpactUp est un cabinet de recrutement exp\u00e9riment\u00e9 \u00e0 Marseille.\",\"breadcrumb\":{\"@id\":\"https:\/\/impactup.com\/en\/glossaire\/cabinet-de-recrutement-marseille\/#breadcrumb\"},\"inLanguage\":\"en-US\",\"potentialAction\":[{\"@type\":\"ReadAction\",\"target\":[\"https:\/\/impactup.com\/en\/glossaire\/cabinet-de-recrutement-marseille\/\"]}]},{\"@type\":\"BreadcrumbList\",\"@id\":\"https:\/\/impactup.com\/en\/glossaire\/cabinet-de-recrutement-marseille\/#breadcrumb\",\"itemListElement\":[{\"@type\":\"ListItem\",\"position\":1,\"name\":\"Accueil\",\"item\":\"https:\/\/impactup.com\/en\/\"},{\"@type\":\"ListItem\",\"position\":2,\"name\":\"Glossaire\",\"item\":\"https:\/\/impactup.com\/en\/glossaire\/\"},{\"@type\":\"ListItem\",\"position\":3,\"name\":\"Cabinet de recrutement \u00e0 Marseille : ImpactUp est sp\u00e9cialiste des fonctions commerciales et marketing\"}]},{\"@type\":\"WebSite\",\"@id\":\"https:\/\/impactup.com\/en\/#website\",\"url\":\"https:\/\/impactup.com\/en\/\",\"name\":\"ImpactUp\",\"description\":\"Recrutement commerciaux, directions commerciales et fonctions marketing\",\"potentialAction\":[{\"@type\":\"SearchAction\",\"target\":{\"@type\":\"EntryPoint\",\"urlTemplate\":\"https:\/\/impactup.com\/en\/?s={search_term_string}\"},\"query-input\":{\"@type\":\"PropertyValueSpecification\",\"valueRequired\":true,\"valueName\":\"search_term_string\"}}],\"inLanguage\":\"en-US\"}]}<\/script>\n<!-- \/ Yoast SEO plugin. -->","yoast_head_json":{"title":"Recourir \u00e0 un cabinet de recrutement fiable \u00e0 Marseille","description":"S\u2019adresser \u00e0 un cabinet de recrutement \u00e0 Marseille pour trouver de nouveaux collaborateurs. ImpactUp est un cabinet de recrutement exp\u00e9riment\u00e9 \u00e0 Marseille.","robots":{"index":"index","follow":"follow","max-snippet":"max-snippet:-1","max-image-preview":"max-image-preview:large","max-video-preview":"max-video-preview:-1"},"canonical":"https:\/\/impactup.com\/en\/glossaire\/cabinet-de-recrutement-marseille\/","og_locale":"en_US","og_type":"article","og_title":"Recourir \u00e0 un cabinet de recrutement fiable \u00e0 Marseille","og_description":"S\u2019adresser \u00e0 un cabinet de recrutement \u00e0 Marseille pour trouver de nouveaux collaborateurs. ImpactUp est un cabinet de recrutement exp\u00e9riment\u00e9 \u00e0 Marseille.","og_url":"https:\/\/impactup.com\/en\/glossaire\/cabinet-de-recrutement-marseille\/","og_site_name":"ImpactUp","article_modified_time":"2024-06-07T14:17:56+00:00","og_image":[{"width":1067,"height":600,"url":"https:\/\/impactup.com\/wp-content\/uploads\/2021\/01\/og.jpg","type":"image\/jpeg"}],"twitter_card":"summary_large_image","twitter_misc":{"Est. reading time":"9 minutes"},"schema":{"@context":"https:\/\/schema.org","@graph":[{"@type":"WebPage","@id":"https:\/\/impactup.com\/en\/glossaire\/cabinet-de-recrutement-marseille\/","url":"https:\/\/impactup.com\/en\/glossaire\/cabinet-de-recrutement-marseille\/","name":"Recourir \u00e0 un cabinet de recrutement fiable \u00e0 Marseille","isPartOf":{"@id":"https:\/\/impactup.com\/en\/#website"},"datePublished":"2024-06-07T08:22:53+00:00","dateModified":"2024-06-07T14:17:56+00:00","description":"S\u2019adresser \u00e0 un cabinet de recrutement \u00e0 Marseille pour trouver de nouveaux collaborateurs. ImpactUp est un cabinet de recrutement exp\u00e9riment\u00e9 \u00e0 Marseille.","breadcrumb":{"@id":"https:\/\/impactup.com\/en\/glossaire\/cabinet-de-recrutement-marseille\/#breadcrumb"},"inLanguage":"en-US","potentialAction":[{"@type":"ReadAction","target":["https:\/\/impactup.com\/en\/glossaire\/cabinet-de-recrutement-marseille\/"]}]},{"@type":"BreadcrumbList","@id":"https:\/\/impactup.com\/en\/glossaire\/cabinet-de-recrutement-marseille\/#breadcrumb","itemListElement":[{"@type":"ListItem","position":1,"name":"Accueil","item":"https:\/\/impactup.com\/en\/"},{"@type":"ListItem","position":2,"name":"Glossaire","item":"https:\/\/impactup.com\/en\/glossaire\/"},{"@type":"ListItem","position":3,"name":"Cabinet de recrutement \u00e0 Marseille : ImpactUp est sp\u00e9cialiste des fonctions commerciales et marketing"}]},{"@type":"WebSite","@id":"https:\/\/impactup.com\/en\/#website","url":"https:\/\/impactup.com\/en\/","name":"ImpactUp","description":"Recrutement commerciaux, directions commerciales et fonctions marketing","potentialAction":[{"@type":"SearchAction","target":{"@type":"EntryPoint","urlTemplate":"https:\/\/impactup.com\/en\/?s={search_term_string}"},"query-input":{"@type":"PropertyValueSpecification","valueRequired":true,"valueName":"search_term_string"}}],"inLanguage":"en-US"}]}},"_links":{"self":[{"href":"https:\/\/impactup.com\/en\/wp-json\/wp\/v2\/pages\/25746","targetHints":{"allow":["GET"]}}],"collection":[{"href":"https:\/\/impactup.com\/en\/wp-json\/wp\/v2\/pages"}],"about":[{"href":"https:\/\/impactup.com\/en\/wp-json\/wp\/v2\/types\/page"}],"author":[{"embeddable":true,"href":"https:\/\/impactup.com\/en\/wp-json\/wp\/v2\/users\/4"}],"replies":[{"embeddable":true,"href":"https:\/\/impactup.com\/en\/wp-json\/wp\/v2\/comments?post=25746"}],"version-history":[{"count":7,"href":"https:\/\/impactup.com\/en\/wp-json\/wp\/v2\/pages\/25746\/revisions"}],"predecessor-version":[{"id":25756,"href":"https:\/\/impactup.com\/en\/wp-json\/wp\/v2\/pages\/25746\/revisions\/25756"}],"up":[{"embeddable":true,"href":"https:\/\/impactup.com\/en\/wp-json\/wp\/v2\/pages\/17218"}],"wp:attachment":[{"href":"https:\/\/impactup.com\/en\/wp-json\/wp\/v2\/media?parent=25746"}],"curies":[{"name":"wp","href":"https:\/\/api.w.org\/{rel}","templated":true}]}}