{"id":25738,"date":"2024-06-07T10:11:03","date_gmt":"2024-06-07T08:11:03","guid":{"rendered":"https:\/\/impactup.niou.dev\/?page_id=25738"},"modified":"2025-06-02T14:49:06","modified_gmt":"2025-06-02T12:49:06","slug":"cabinet-de-recrutement-marketing-bordeaux","status":"publish","type":"page","link":"https:\/\/impactup.com\/en\/glossaire\/cabinet-de-recrutement-marketing-bordeaux\/","title":{"rendered":"ImpactUp, cabinet de recrutement sp\u00e9cialis\u00e9 dans les fonctions marketing \u00e0 Bordeaux"},"content":{"rendered":"<div class=\"wpb-content-wrapper\"><p>[vc_row][vc_column width=&#8221;1\/3&#8243;][vc_btn title=&#8221;Voir notre offre&#8221; color=&#8221;secondarycolor&#8221; align=&#8221;center&#8221; css=&#8221;&#8221; link=&#8221;url:https%3A%2F%2Fimpactup.com%2Frecrutement%2F&#8221;][\/vc_column][vc_column width=&#8221;1\/3&#8243;][vc_btn title=&#8221;Confiez-nous votre projet&#8221; color=&#8221;secondarycolor&#8221; align=&#8221;center&#8221; css=&#8221;&#8221; link=&#8221;url:https%3A%2F%2Fimpactup.com%2Fetude-personnalisee%2F&#8221;][\/vc_column][vc_column width=&#8221;1\/3&#8243;][vc_btn title=&#8221;Contactez-nous&#8221; color=&#8221;secondarycolor&#8221; align=&#8221;center&#8221; css=&#8221;&#8221; link=&#8221;url:https%3A%2F%2Fimpactup.com%2Fcontact%2F&#8221;][\/vc_column][\/vc_row][vc_row css=&#8221;.vc_custom_1717658386032{padding-top: 40px !important;padding-bottom: 20px !important;}&#8221;][vc_column][vc_column_text css=&#8221;&#8221;]<\/p>\n<section style=\"text-align: justify;\">\n<h2 style=\"text-align: justify;\"><strong>ImpactUp, cabinet de recrutement sp\u00e9cialis\u00e9 dans les fonctions marketing \u00e0 Bordeaux<\/strong><\/h2>\n<p style=\"text-align: justify;\">Sp\u00e9cialiste des fonctions <a href=\"https:\/\/impactup.com\/glossaire\/cabinet-de-recrutement-directeur-commercial-bordeaux\"><strong>marketing<\/strong> <\/a><strong><a href=\"https:\/\/impactup.com\/glossaire\/cabinet-de-recrutement-directeur-commercial-bordeaux\">et commerciales<\/a>, <a href=\"https:\/\/impactup.com\/glossaire\/cabinet-de-recrutement-directeur-commercial-bordeaux\">notre<\/a><\/strong><a href=\"https:\/\/impactup.com\/glossaire\/cabinet-de-recrutement-directeur-commercial-bordeaux\"> <strong>cabinet de recrutement<\/strong> \u00e0 <strong>Bordeaux<\/strong><\/a> peut vous aider \u00e0 identifier et attirer les meilleurs talents dans ce domaine. Selon vos besoins, nous pouvons prendre en charge une partie ou la totalit\u00e9 du processus d\u2019embauche, mais dans les deux cas, votre entreprise b\u00e9n\u00e9ficiera de l\u2019accompagnement d\u2019un expert.<\/p>\n<\/section>\n<p>[\/vc_column_text][\/vc_column][\/vc_row][vc_row][vc_column width=&#8221;1\/3&#8243;][vc_btn title=&#8221;Voir notre offre&#8221; color=&#8221;secondarycolor&#8221; align=&#8221;center&#8221; css=&#8221;&#8221; link=&#8221;url:https%3A%2F%2Fimpactup.com%2Frecrutement%2F&#8221;][\/vc_column][vc_column width=&#8221;1\/3&#8243;][vc_btn title=&#8221;Confiez-nous votre projet&#8221; color=&#8221;secondarycolor&#8221; align=&#8221;center&#8221; css=&#8221;&#8221; link=&#8221;url:https%3A%2F%2Fimpactup.com%2Fetude-personnalisee%2F&#8221;][\/vc_column][vc_column width=&#8221;1\/3&#8243;][vc_btn title=&#8221;Contactez-nous&#8221; color=&#8221;secondarycolor&#8221; align=&#8221;center&#8221; css=&#8221;&#8221; link=&#8221;url:https%3A%2F%2Fimpactup.com%2Fcontact%2F&#8221;][\/vc_column][\/vc_row][vc_row css=&#8221;.vc_custom_1717658445522{padding-top: 40px !important;}&#8221;][vc_column][vc_column_text css=&#8221;&#8221;]<\/p>\n<h2 style=\"text-align: justify;\"><strong>Une expertise renforc\u00e9e par de solides exp\u00e9riences<\/strong><\/h2>\n<p style=\"text-align: justify;\">Proposant ses services aux entreprises de toutes tailles, des grandes entreprises aux TPE, <a href=\"https:\/\/impactup.com\/\"><strong>ImpactUp<\/strong><\/a> a su se faire une place sur ce march\u00e9 tr\u00e8s concurrentiel gr\u00e2ce \u00e0 l\u2019expertise de ses consultants qui poss\u00e8dent une parfaite connaissance des m\u00e9tiers du marketing. Depuis 2005, notre \u00e9quipe a accompagn\u00e9 de nombreux clients dans la recherche et l\u2019\u00e9valuation des talents en misant sur la proximit\u00e9, le pragmatisme et le r\u00e9sultat.<\/p>\n<p style=\"text-align: justify;\">Pour garantir la r\u00e9ussite de nos missions, nous avons mis en place une m\u00e9thodologie combinant le recrutement par annonces et les actions de chasse. Et, la s\u00e9lection des candidats s\u2019effectue en 7 \u00e9tapes\u00a0:<\/p>\n<ol style=\"text-align: justify;\" start=\"1\" type=\"1\">\n<li><em>D\u00e9finition du besoin du client<\/em>\u00a0: Mission, Objectif(s), T\u00e2ches, Profil, Formation, Exp\u00e9rience, Personnalit\u00e9, Conditions d\u2019embauche<\/li>\n<li><em>R\u00e9daction des documents cl\u00e9s\u00a0:<\/em> Description du poste \u00e0 pourvoir, et Offre d\u2019emploi<\/li>\n<li><em>Recherche<\/em>\u00a0: Int\u00e9gration et publication de l\u2019offre sur notre site, Approche directe (chasse) et diffusion d\u2019annonces sur les supports s\u00e9lectionn\u00e9s par notre client<\/li>\n<li><em>Pr\u00e9-S\u00e9lection<\/em>\u00a0: Analyse et s\u00e9lection des CV sur crit\u00e8res objectifs, suivi des entretiens t\u00e9l\u00e9phoniques<\/li>\n<li><em>S\u00e9lection\u00a0<\/em>: Entretiens physiques avec nos consultants, Tests et Prises de r\u00e9f\u00e9rence<\/li>\n<li><em>Short list<\/em>\u00a0: Pr\u00e9sentation des candidats retenus avec dossier et recommandations au client<\/li>\n<li><em>Suivi du candidat<\/em> jusqu\u2019\u00e0 son embauche d\u00e9finitive, et suivi d\u2019int\u00e9gration<\/li>\n<\/ol>\n<p style=\"text-align: justify;\">Nous utilisons des d\u2019outils d\u2019\u00e9valuation performants couvrant les aspects cognitifs, personnalit\u00e9, comp\u00e9tences et langues.\u00a0L\u2019expertise <strong>ImpactUp<\/strong>, c\u2019est aussi une parfaite connaissance du terrain gr\u00e2ce au parcours op\u00e9rationnel de chacun de nos consultants-experts.<\/p>\n<p style=\"text-align: justify;\">Notre <a href=\"https:\/\/impactup.com\/glossaire\/cabinet-de-recrutement-commercial-export-bordeaux\"><strong>cabinet de recrutement<\/strong> <strong>trouvera vos sp\u00e9cialistes en marketing<\/strong> \u00e0<strong> Bordeaux<\/strong><\/a>. L\u2019efficacit\u00e9 d\u2019ImpactUp repose d\u2019une part sur l\u2019expertise et l\u2019exp\u00e9rience de ses recruteurs. Eux-m\u00eames \u00e9tant d\u2019anciens travailleurs dans les secteurs de la vente, du commerce et du marketing, ils en ma\u00eetrisent bien les sp\u00e9cificit\u00e9s et les contraintes. Et d\u2019autre part sur l\u2019utilisation d\u2019outils digitaux fiables pour l\u2019\u00e9valuation des comp\u00e9tences professionnelles et aptitudes des candidats. Nous nous servons entre autres de TalentInitial\u00ae, TalentAttitude\u00ae, TalentBusiness\u00ae et TalentRelation\u00ae ou encore Pipplet.<\/p>\n<p style=\"text-align: justify;\">Les \u00e9valuations portent sur 4 aspects\u00a0:<\/p>\n<ul style=\"text-align: justify;\">\n<li>Les comp\u00e9tences\u00a0: il s\u2019agit d\u2019\u00e9valuer la capacit\u00e9 de prospection et la combativit\u00e9 dans une optique de chasse, les aptitudes relationnelles dans une optique de fid\u00e9lisation, ainsi que les aptitudes relatives \u00e0 la n\u00e9gociation et au jeu commercial. Pour les postes impliquant la conduite d\u2019une \u00e9quipe, nous \u00e9valuons \u00e9galement les capacit\u00e9s manag\u00e9riales du candidat.<\/li>\n<li>La personnalit\u00e9\u00a0: l\u2019objectif est de savoir si le profil du candidat est en ad\u00e9quation avec le poste vis\u00e9. Nous utilisons des tests de personnalit\u00e9 reconnus au niveau mondial pour appr\u00e9cier les motivations, les valeurs et pr\u00e9f\u00e9rences de l\u2019individu.<\/li>\n<li>Les aptitudes cognitives et la culture g\u00e9n\u00e9rale\u00a0: nous \u00e9valuons notamment les capacit\u00e9s verbales, logiques et num\u00e9riques du candidat afin de conna\u00eetre sa performance dans un contexte de raisonnement avanc\u00e9 pour la r\u00e9alisation d\u2019une t\u00e2che complexe.<\/li>\n<li>La langue\u00a0: nous testons le niveau de fran\u00e7ais des candidats, qu\u2019ils soient francophones ou non. Nous pouvons \u00e9galement programmer d\u2019autres tests concernant les langues requises pour les postes vis\u00e9s. Ainsi, pour le recrutement d\u2019une fonction marketing qui travaillera dans un contexte international et multiculturel \u00e0 Bordeaux, nous pouvons envisager une \u00e9valuation du niveau d\u2019anglais avec Pipplet.<\/li>\n<\/ul>\n<p style=\"text-align: justify;\">Si les m\u00e9thodes de recrutement classiques n\u2019ont pas permis de trouver le meilleur profil, nous passons en mode chasse, et cette fois, nos consultants m\u00e8nent des actions proactives afin de d\u00e9nicher la perle rare et de le convaincre \u00e0 consid\u00e9rer l\u2019opportunit\u00e9 d\u2019emploi qui s\u2019offre \u00e0 lui.<\/p>\n<p style=\"text-align: justify;\">\u00a0Depuis le lancement du cabinet <strong>ImpactUp<\/strong>, nos consultants experts totalisent plus de 2000 recrutements. Ils interviennent depuis nos bureaux r\u00e9partis \u00e0 travers la France\u00a0(Paris, Nantes, La Rochelle, Lilles, Lyon Toulouse, Bordeaux) ce qui leur permet de r\u00e9pondre aux besoins des clients sur tout le territoire. Et, chacune des entreprises qui font appel \u00e0 notre \u00e9quipe dispose d\u2019un interlocuteur unique.<\/p>\n<p style=\"text-align: justify;\">\u00a0En plus du recrutement, nous proposons des prestations de conseil pour les entreprises qui ont besoin d\u2019accompagnement pour leurs projets de restructuration. D\u2019autre part, la formation en recrutement et en style comportemental entre \u00e9galement dans notre domaine d\u2019expertise.<\/p>\n<h2 style=\"text-align: justify;\"><strong>Recruter des cadres pour les m\u00e9tiers du marketing\u00a0: une op\u00e9ration d\u00e9licate<\/strong><\/h2>\n<p style=\"text-align: justify;\">Le marketing constitue l\u2019un des piliers du d\u00e9veloppement et des performances d\u2019une entreprise commerciale. Il englobe plusieurs disciplines destin\u00e9es entre autres \u00e0\u00a0: optimiser les ventes, cr\u00e9er et soigner l\u2019image de la soci\u00e9t\u00e9 ou de la marque, s\u00e9duire et fid\u00e9liser la client\u00e8le, \u00e0 asseoir la position de l\u2019entreprise dans son domaine de sp\u00e9cialit\u00e9, etc.<\/p>\n<p style=\"text-align: justify;\">Travaillant dans des secteurs tr\u00e8s vari\u00e9s, le responsable marketing assure la promotion d\u2019un produit ou service, r\u00e9alise des analyses de march\u00e9 pointues et identifie les opportunit\u00e9s business pour son entreprise. En tant que manager, il supervise et accompagne son \u00e9quipe dans l&#8217;accomplissement de leurs performances et l&#8217;atteinte de leurs objectifs commerciaux. C\u2019est lui qui est notamment charg\u00e9 de d\u00e9finir le plan marketing et d\u2019aider le service commercial \u00e0 l\u2019\u00e9laboration de la strat\u00e9gie produits.\u00a0 Le marketing est d\u2019ailleurs tr\u00e8s transverse\u00a0: responsable comme simples collaborateurs sont amen\u00e9s r\u00e9guli\u00e8rement \u00e0 travailler avec les diff\u00e9rents m\u00e9tiers\u00a0: finance, RH, etc.<\/p>\n<p style=\"text-align: justify;\">D\u2019une bonne strat\u00e9gie marketing d\u00e9pendront en principe la rentabilit\u00e9 \u00e0 court et \u00e0 moyen terme de la soci\u00e9t\u00e9, la politique devant souvent \u00eatre mise \u00e0 jour en fonction des objectifs fix\u00e9s. Raison pour laquelle il est primordial d\u2019apporter un soin particulier au recrutement des collaborateurs qui participeront de pr\u00e8s ou de loin \u00e0 la conception et \u00e0 la mise en \u0153uvre de la strat\u00e9gie marketing de l\u2019entreprise.<\/p>\n<p style=\"text-align: justify;\">Les recrutements en marketing sont au c\u0153ur d\u2019enjeux importants. Si les employeurs sont \u00e0 la recherche de candidats de valeur, de pr\u00e9f\u00e9rence exp\u00e9riment\u00e9s, ceux-ci restent relativement rares, ou sont d\u00e9j\u00e0 en poste. Le recours \u00e0 un cabinet de recrutement sp\u00e9cialis\u00e9 se pr\u00e9sente alors comme la meilleure solution pour d\u00e9nicher les profils rares ou \u00e0 fort potentiel.<\/p>\n<p style=\"text-align: justify;\">Quel que soit le poste \u00e0 pourvoir dans votre d\u00e9partement <strong>marketing<\/strong> \u00e0 <strong>Bordeaux<\/strong>, <strong>notre cabinet de recrutement<\/strong> peut se charger de la mission et vous aider \u00e0 trouver des candidats de valeur et \u00e0 s\u00e9lectionner celui, dont le profil est en ad\u00e9quation avec les exigences de votre activit\u00e9 et la valeur de votre entreprise.<\/p>\n<h2 style=\"text-align: justify;\"><strong>Le cabinet de recrutement\u00a0: un partenaire \u00e0 ne pas n\u00e9gliger pour trouver des collaborateurs<\/strong><\/h2>\n<p style=\"text-align: justify;\">Le concours de professionnels experts dans la recherche de candidats de valeur demeure la solution la plus avantageuse pour trouver des collaborateurs dont le profil professionnel et les comp\u00e9tences personnelles r\u00e9pondront parfaitement aux besoins des postes \u00e0 pourvoir. Faire appel \u00e0 un <a href=\"https:\/\/impactup.com\/glossaire\/cabinet-de-recrutement-business-developer-bordeaux\"><strong>cabinet de recrutement<\/strong> <strong>sp\u00e9cialiste en<\/strong> <strong>marketing<\/strong> de <strong>Bordeaux<\/strong><\/a> est ainsi pr\u00e9f\u00e9rable si vous comptez former ou renforcer votre \u00e9quipe.<\/p>\n<p style=\"text-align: justify;\">En confiant \u00e0 notre agence le soin de recruter vos futurs collaborateurs, vous vous lib\u00e9rez des contraintes li\u00e9es au processus\u00a0: recherche, \u00e9valuation des postulants, et premiers entretiens. Nous s\u00e9lectionnons les meilleurs candidats avant de vos transmettre leurs dossiers. Nos consultants r\u00e9aliseront toutes ces d\u00e9marches dans les r\u00e8gles de l\u2019art afin de d\u00e9nicher pour vous les meilleurs talents marketing.<\/p>\n<p>[\/vc_column_text][\/vc_column][\/vc_row]<\/p>\n<\/div>","protected":false},"excerpt":{"rendered":"<p>[vc_row][vc_column width=&#8221;1\/3&#8243;][vc_btn title=&#8221;Voir notre offre&#8221; color=&#8221;secondarycolor&#8221; align=&#8221;center&#8221; css=&#8221;&#8221; link=&#8221;url:https%3A%2F%2Fimpactup.com%2Frecrutement%2F&#8221;][\/vc_column][vc_column width=&#8221;1\/3&#8243;][vc_btn title=&#8221;Confiez-nous votre projet&#8221; color=&#8221;secondarycolor&#8221; align=&#8221;center&#8221; css=&#8221;&#8221; link=&#8221;url:https%3A%2F%2Fimpactup.com%2Fetude-personnalisee%2F&#8221;][\/vc_column][vc_column width=&#8221;1\/3&#8243;][vc_btn title=&#8221;Contactez-nous&#8221; color=&#8221;secondarycolor&#8221; align=&#8221;center&#8221; css=&#8221;&#8221; link=&#8221;url:https%3A%2F%2Fimpactup.com%2Fcontact%2F&#8221;][\/vc_column][\/vc_row][vc_row css=&#8221;.vc_custom_1717658386032{padding-top: 40px !important;padding-bottom: 20px !important;}&#8221;][vc_column][vc_column_text css=&#8221;&#8221;] ImpactUp, cabinet de recrutement sp\u00e9cialis\u00e9 dans les fonctions marketing \u00e0 Bordeaux Sp\u00e9cialiste des fonctions marketing et commerciales, notre cabinet de recrutement \u00e0 Bordeaux peut vous aider [&hellip;]<\/p>\n","protected":false},"author":4,"featured_media":0,"parent":17218,"menu_order":0,"comment_status":"closed","ping_status":"closed","template":"","meta":{"_monsterinsights_skip_tracking":false,"_monsterinsights_sitenote_active":false,"_monsterinsights_sitenote_note":"","_monsterinsights_sitenote_category":0,"footnotes":""},"class_list":["post-25738","page","type-page","status-publish","hentry"],"yoast_head":"<!-- This site is optimized with the Yoast SEO plugin v27.0 - https:\/\/yoast.com\/product\/yoast-seo-wordpress\/ -->\n<title>ImpactUp, votre cabinet de recrutement de profils marketing \u00e0 Bordeaux<\/title>\n<meta name=\"description\" content=\"Le cabinet ImpactUp est sp\u00e9cialis\u00e9 dans le recrutement de profils marketing \u00e0 Bordeaux. Notre cabinet \u00e0 Bordeaux peut se charger du recrutement de vos futurs collaborateurs marketing.\" \/>\n<meta name=\"robots\" content=\"index, follow, max-snippet:-1, max-image-preview:large, max-video-preview:-1\" \/>\n<link rel=\"canonical\" href=\"https:\/\/impactup.com\/en\/glossaire\/cabinet-de-recrutement-marketing-bordeaux\/\" \/>\n<meta property=\"og:locale\" content=\"en_US\" \/>\n<meta property=\"og:type\" content=\"article\" \/>\n<meta property=\"og:title\" content=\"ImpactUp, votre cabinet de recrutement de profils marketing \u00e0 Bordeaux\" \/>\n<meta property=\"og:description\" content=\"Le cabinet ImpactUp est sp\u00e9cialis\u00e9 dans le recrutement de profils marketing \u00e0 Bordeaux. Notre cabinet \u00e0 Bordeaux peut se charger du recrutement de vos futurs collaborateurs marketing.\" \/>\n<meta property=\"og:url\" content=\"https:\/\/impactup.com\/en\/glossaire\/cabinet-de-recrutement-marketing-bordeaux\/\" \/>\n<meta property=\"og:site_name\" content=\"ImpactUp\" \/>\n<meta property=\"article:modified_time\" content=\"2025-06-02T12:49:06+00:00\" \/>\n<meta property=\"og:image\" content=\"https:\/\/impactup.com\/wp-content\/uploads\/2021\/01\/og.jpg\" \/>\n\t<meta property=\"og:image:width\" content=\"1067\" \/>\n\t<meta property=\"og:image:height\" content=\"600\" \/>\n\t<meta property=\"og:image:type\" content=\"image\/jpeg\" \/>\n<meta name=\"twitter:card\" content=\"summary_large_image\" \/>\n<meta name=\"twitter:label1\" content=\"Est. reading time\" \/>\n\t<meta name=\"twitter:data1\" content=\"5 minutes\" \/>\n<script type=\"application\/ld+json\" class=\"yoast-schema-graph\">{\"@context\":\"https:\/\/schema.org\",\"@graph\":[{\"@type\":\"WebPage\",\"@id\":\"https:\/\/impactup.com\/en\/glossaire\/cabinet-de-recrutement-marketing-bordeaux\/\",\"url\":\"https:\/\/impactup.com\/en\/glossaire\/cabinet-de-recrutement-marketing-bordeaux\/\",\"name\":\"ImpactUp, votre cabinet de recrutement de profils marketing \u00e0 Bordeaux\",\"isPartOf\":{\"@id\":\"https:\/\/impactup.com\/en\/#website\"},\"datePublished\":\"2024-06-07T08:11:03+00:00\",\"dateModified\":\"2025-06-02T12:49:06+00:00\",\"description\":\"Le cabinet ImpactUp est sp\u00e9cialis\u00e9 dans le recrutement de profils marketing \u00e0 Bordeaux. Notre cabinet \u00e0 Bordeaux peut se charger du recrutement de vos futurs collaborateurs marketing.\",\"breadcrumb\":{\"@id\":\"https:\/\/impactup.com\/en\/glossaire\/cabinet-de-recrutement-marketing-bordeaux\/#breadcrumb\"},\"inLanguage\":\"en-US\",\"potentialAction\":[{\"@type\":\"ReadAction\",\"target\":[\"https:\/\/impactup.com\/en\/glossaire\/cabinet-de-recrutement-marketing-bordeaux\/\"]}]},{\"@type\":\"BreadcrumbList\",\"@id\":\"https:\/\/impactup.com\/en\/glossaire\/cabinet-de-recrutement-marketing-bordeaux\/#breadcrumb\",\"itemListElement\":[{\"@type\":\"ListItem\",\"position\":1,\"name\":\"Accueil\",\"item\":\"https:\/\/impactup.com\/en\/\"},{\"@type\":\"ListItem\",\"position\":2,\"name\":\"Glossaire\",\"item\":\"https:\/\/impactup.com\/en\/glossaire\/\"},{\"@type\":\"ListItem\",\"position\":3,\"name\":\"ImpactUp, cabinet de recrutement sp\u00e9cialis\u00e9 dans les fonctions marketing \u00e0 Bordeaux\"}]},{\"@type\":\"WebSite\",\"@id\":\"https:\/\/impactup.com\/en\/#website\",\"url\":\"https:\/\/impactup.com\/en\/\",\"name\":\"ImpactUp\",\"description\":\"Recrutement commerciaux, directions commerciales et fonctions marketing\",\"potentialAction\":[{\"@type\":\"SearchAction\",\"target\":{\"@type\":\"EntryPoint\",\"urlTemplate\":\"https:\/\/impactup.com\/en\/?s={search_term_string}\"},\"query-input\":{\"@type\":\"PropertyValueSpecification\",\"valueRequired\":true,\"valueName\":\"search_term_string\"}}],\"inLanguage\":\"en-US\"}]}<\/script>\n<!-- \/ Yoast SEO plugin. -->","yoast_head_json":{"title":"ImpactUp, votre cabinet de recrutement de profils marketing \u00e0 Bordeaux","description":"Le cabinet ImpactUp est sp\u00e9cialis\u00e9 dans le recrutement de profils marketing \u00e0 Bordeaux. Notre cabinet \u00e0 Bordeaux peut se charger du recrutement de vos futurs collaborateurs marketing.","robots":{"index":"index","follow":"follow","max-snippet":"max-snippet:-1","max-image-preview":"max-image-preview:large","max-video-preview":"max-video-preview:-1"},"canonical":"https:\/\/impactup.com\/en\/glossaire\/cabinet-de-recrutement-marketing-bordeaux\/","og_locale":"en_US","og_type":"article","og_title":"ImpactUp, votre cabinet de recrutement de profils marketing \u00e0 Bordeaux","og_description":"Le cabinet ImpactUp est sp\u00e9cialis\u00e9 dans le recrutement de profils marketing \u00e0 Bordeaux. Notre cabinet \u00e0 Bordeaux peut se charger du recrutement de vos futurs collaborateurs marketing.","og_url":"https:\/\/impactup.com\/en\/glossaire\/cabinet-de-recrutement-marketing-bordeaux\/","og_site_name":"ImpactUp","article_modified_time":"2025-06-02T12:49:06+00:00","og_image":[{"width":1067,"height":600,"url":"https:\/\/impactup.com\/wp-content\/uploads\/2021\/01\/og.jpg","type":"image\/jpeg"}],"twitter_card":"summary_large_image","twitter_misc":{"Est. reading time":"5 minutes"},"schema":{"@context":"https:\/\/schema.org","@graph":[{"@type":"WebPage","@id":"https:\/\/impactup.com\/en\/glossaire\/cabinet-de-recrutement-marketing-bordeaux\/","url":"https:\/\/impactup.com\/en\/glossaire\/cabinet-de-recrutement-marketing-bordeaux\/","name":"ImpactUp, votre cabinet de recrutement de profils marketing \u00e0 Bordeaux","isPartOf":{"@id":"https:\/\/impactup.com\/en\/#website"},"datePublished":"2024-06-07T08:11:03+00:00","dateModified":"2025-06-02T12:49:06+00:00","description":"Le cabinet ImpactUp est sp\u00e9cialis\u00e9 dans le recrutement de profils marketing \u00e0 Bordeaux. Notre cabinet \u00e0 Bordeaux peut se charger du recrutement de vos futurs collaborateurs marketing.","breadcrumb":{"@id":"https:\/\/impactup.com\/en\/glossaire\/cabinet-de-recrutement-marketing-bordeaux\/#breadcrumb"},"inLanguage":"en-US","potentialAction":[{"@type":"ReadAction","target":["https:\/\/impactup.com\/en\/glossaire\/cabinet-de-recrutement-marketing-bordeaux\/"]}]},{"@type":"BreadcrumbList","@id":"https:\/\/impactup.com\/en\/glossaire\/cabinet-de-recrutement-marketing-bordeaux\/#breadcrumb","itemListElement":[{"@type":"ListItem","position":1,"name":"Accueil","item":"https:\/\/impactup.com\/en\/"},{"@type":"ListItem","position":2,"name":"Glossaire","item":"https:\/\/impactup.com\/en\/glossaire\/"},{"@type":"ListItem","position":3,"name":"ImpactUp, cabinet de recrutement sp\u00e9cialis\u00e9 dans les fonctions marketing \u00e0 Bordeaux"}]},{"@type":"WebSite","@id":"https:\/\/impactup.com\/en\/#website","url":"https:\/\/impactup.com\/en\/","name":"ImpactUp","description":"Recrutement commerciaux, directions commerciales et fonctions marketing","potentialAction":[{"@type":"SearchAction","target":{"@type":"EntryPoint","urlTemplate":"https:\/\/impactup.com\/en\/?s={search_term_string}"},"query-input":{"@type":"PropertyValueSpecification","valueRequired":true,"valueName":"search_term_string"}}],"inLanguage":"en-US"}]}},"_links":{"self":[{"href":"https:\/\/impactup.com\/en\/wp-json\/wp\/v2\/pages\/25738","targetHints":{"allow":["GET"]}}],"collection":[{"href":"https:\/\/impactup.com\/en\/wp-json\/wp\/v2\/pages"}],"about":[{"href":"https:\/\/impactup.com\/en\/wp-json\/wp\/v2\/types\/page"}],"author":[{"embeddable":true,"href":"https:\/\/impactup.com\/en\/wp-json\/wp\/v2\/users\/4"}],"replies":[{"embeddable":true,"href":"https:\/\/impactup.com\/en\/wp-json\/wp\/v2\/comments?post=25738"}],"version-history":[{"count":14,"href":"https:\/\/impactup.com\/en\/wp-json\/wp\/v2\/pages\/25738\/revisions"}],"predecessor-version":[{"id":25743,"href":"https:\/\/impactup.com\/en\/wp-json\/wp\/v2\/pages\/25738\/revisions\/25743"}],"up":[{"embeddable":true,"href":"https:\/\/impactup.com\/en\/wp-json\/wp\/v2\/pages\/17218"}],"wp:attachment":[{"href":"https:\/\/impactup.com\/en\/wp-json\/wp\/v2\/media?parent=25738"}],"curies":[{"name":"wp","href":"https:\/\/api.w.org\/{rel}","templated":true}]}}