{"id":25736,"date":"2024-06-07T10:02:51","date_gmt":"2024-06-07T08:02:51","guid":{"rendered":"https:\/\/impactup.niou.dev\/?page_id=25736"},"modified":"2024-06-07T14:49:56","modified_gmt":"2024-06-07T12:49:56","slug":"cabinet-de-recrutement-commercial-toulouse","status":"publish","type":"page","link":"https:\/\/impactup.com\/en\/glossaire\/cabinet-de-recrutement-commercial-toulouse\/","title":{"rendered":"Recrutement de commercial \u00e0 Toulouse : faire appel \u00e0 un cabinet sp\u00e9cialis\u00e9"},"content":{"rendered":"<div class=\"wpb-content-wrapper\"><p>[vc_row][vc_column width=&#8221;1\/3&#8243;][vc_btn title=&#8221;Voir notre offre&#8221; color=&#8221;secondarycolor&#8221; align=&#8221;center&#8221; css=&#8221;&#8221; link=&#8221;url:https%3A%2F%2Fimpactup.com%2Frecrutement%2F&#8221;][\/vc_column][vc_column width=&#8221;1\/3&#8243;][vc_btn title=&#8221;Confiez-nous votre projet&#8221; color=&#8221;secondarycolor&#8221; align=&#8221;center&#8221; css=&#8221;&#8221; link=&#8221;url:https%3A%2F%2Fimpactup.com%2Fetude-personnalisee%2F&#8221;][\/vc_column][vc_column width=&#8221;1\/3&#8243;][vc_btn title=&#8221;Contactez-nous&#8221; color=&#8221;secondarycolor&#8221; align=&#8221;center&#8221; css=&#8221;&#8221; link=&#8221;url:https%3A%2F%2Fimpactup.com%2Fcontact%2F&#8221;][\/vc_column][\/vc_row][vc_row css=&#8221;.vc_custom_1717658386032{padding-top: 40px !important;padding-bottom: 20px !important;}&#8221;][vc_column][vc_column_text css=&#8221;&#8221;]<\/p>\n<section style=\"text-align: justify;\">\n<h2><strong>Recrutement de commercial \u00e0 Toulouse\u00a0: faire appel \u00e0 un cabinet sp\u00e9cialis\u00e9<\/strong><\/h2>\n<p>\u00c0 <a href=\"https:\/\/impactup.com\/glossaire\/cabinet-de-recrutement-commercial\"><strong>Toulouse<\/strong><\/a>, <a href=\"https:\/\/impactup.com\/glossaire\/cabinet-de-recrutement-commercial\"><strong>le recrutement d\u2019un<\/strong> <strong>commercial<\/strong><\/a> est un r\u00e9el d\u00e9fi pour de nombreuses entreprises. Face \u00e0 cette complexit\u00e9, il est essentiel de faire appel \u00e0 un cabinet sp\u00e9cialis\u00e9 comme <strong>ImpactUp<\/strong>. Notre cabinet de recrutement offre un service d\u00e9di\u00e9 et sur mesure pour r\u00e9pondre aux besoins de celles qui cherchent \u00e0 embaucher des commerciaux dans la r\u00e9gion toulousaine.<\/p>\n<\/section>\n<p>[\/vc_column_text][\/vc_column][\/vc_row][vc_row][vc_column width=&#8221;1\/3&#8243;][vc_btn title=&#8221;Voir notre offre&#8221; color=&#8221;secondarycolor&#8221; align=&#8221;center&#8221; css=&#8221;&#8221; link=&#8221;url:https%3A%2F%2Fimpactup.com%2Frecrutement%2F&#8221;][\/vc_column][vc_column width=&#8221;1\/3&#8243;][vc_btn title=&#8221;Confiez-nous votre projet&#8221; color=&#8221;secondarycolor&#8221; align=&#8221;center&#8221; css=&#8221;&#8221; link=&#8221;url:https%3A%2F%2Fimpactup.com%2Fetude-personnalisee%2F&#8221;][\/vc_column][vc_column width=&#8221;1\/3&#8243;][vc_btn title=&#8221;Contactez-nous&#8221; color=&#8221;secondarycolor&#8221; align=&#8221;center&#8221; css=&#8221;&#8221; link=&#8221;url:https%3A%2F%2Fimpactup.com%2Fcontact%2F&#8221;][\/vc_column][\/vc_row][vc_row css=&#8221;.vc_custom_1717658445522{padding-top: 40px !important;}&#8221;][vc_column][vc_column_text css=&#8221;&#8221;]<\/p>\n<section style=\"text-align: justify;\">\n<h2><strong>En quoi consistent les missions d\u2019un commercial \u00e0 Toulouse\u2009?<\/strong><\/h2>\n<p>Pour promouvoir ses produits et services, une entreprise s\u2019appuie g\u00e9n\u00e9ralement sur les comp\u00e9tences du commercial. Il s\u2019agit effectivement d\u2019un acteur majeur dans le d\u00e9veloppement et la p\u00e9rennit\u00e9 d\u2019une firme gr\u00e2ce \u00e0 ses fonctions et ses qualit\u00e9s particuli\u00e8res.<\/p>\n<p>Les missions qui reviennent \u00e0 un <strong>commercial<\/strong> <strong>\u00e0<\/strong> <strong>Toulouse<\/strong> sont entre autres la prospection de nouveaux clients dans cette ville et ses alentours et la fid\u00e9lisation de ses clients d\u00e9j\u00e0 acquis par des offres promotionnelles, de produits compl\u00e9mentaires et des services personnalis\u00e9s divers. Il doit ainsi \u00eatre \u00e0 m\u00eame de g\u00e9rer efficacement son portefeuille client\u00e8le afin d\u2019atteindre les objectifs de vente fix\u00e9s par l\u2019entreprise, et faire plus si possible.<\/p>\n<p>Pour mener toutes ses missions \u00e0 bien, il doit prendre en consid\u00e9ration et ma\u00eetriser les particularit\u00e9s de son march\u00e9 et de ses clients sur le march\u00e9 cibl\u00e9 d\u2019une part et d\u2019affiner le positionnement de ses produits et de l\u2019entreprise dans chaque segment de march\u00e9 vis\u00e9. Il est de ce fait \u00e9vident que les comp\u00e9tences et le profil requis pour un poste de commercial peuvent rendre complexe et ardue la recherche de ce collaborateur. C\u2019est la raison pour laquelle de nombreuses entreprises optent pour les prestations d\u2019un <a href=\"https:\/\/impactup.com\/glossaire\/cabinet-de-recrutement-commercial-confirm%C3%A9\"><strong>cabinet <\/strong><\/a>sp\u00e9cialis\u00e9 \u00e0 l\u2019instar d\u2019<strong>ImpactUp<\/strong>\u00a0; elle dispose de mains d\u2019\u0153uvre qualifi\u00e9es pour trouver un <strong>commercial comp\u00e9tent \u00e0<\/strong> <strong>Toulouse <\/strong>et pour mener \u00e0 bien un <strong><a href=\"https:\/\/impactup.com\/glossaire\/cabinet-de-recrutement-commercial-confirm%C3%A9\">projet de recrutement<\/a>.<\/strong><\/p>\n<h2><strong>Les autres avantages du recours \u00e0 un cabinet de recrutement<\/strong><\/h2>\n<p>Certaines entreprises disposent d\u00e9j\u00e0 d\u2019un d\u00e9partement sp\u00e9cifique charg\u00e9 du recrutement de ses collaborateurs. Pour celles qui n\u2019en ont pas, faire appel \u00e0 des professionnels s\u2019impose pour embaucher du personnel qualifi\u00e9. Cependant, m\u00eame les premi\u00e8res peuvent recourir \u00e0 une agence pour des cas particuliers, notamment si les postes vacants sont difficiles \u00e0 pourvoir.<\/p>\n<p>Ainsi, s\u2019adresser \u00e0 un <strong>cabinet de recrutement<\/strong> <strong>pour trouver un<\/strong> <strong>commercial<\/strong> <strong>\u00e0<\/strong> <strong>Toulouse<\/strong> est pr\u00e9f\u00e9rable, le nombre d\u2019offres d\u2019emploi dans les fonctions ventes et commerciales \u00e9tant souvent sup\u00e9rieur \u00e0 celui des demandes. En effet, un cabinet sp\u00e9cialis\u00e9 dispose d\u2019une expertise approfondie dans le recrutement pour les fonctions commerciales, ce qui permet de comprendre pr\u00e9cis\u00e9ment les besoins de l\u2019entreprise et les exigences du poste \u00e0 pourvoir. Sa connaissance du march\u00e9 du travail et de l\u2019industrie lui permet d\u2019identifier rapidement les candidats qualifi\u00e9s et les mieux adapt\u00e9s au profil recherch\u00e9.<\/p>\n<p>En outre, un cabinet de recrutement dispose souvent de r\u00e9seaux \u00e9tendus de professionnels, lui permettant d\u2019acc\u00e9der \u00e0 des talents souvent passifs et non disponibles sur les plateformes de recrutement classiques.<\/p>\n<p>Une agence simplifiera les recherches et vous permettra d\u2019\u00e9viter les t\u00e2ches fastidieuses et chronophages d\u2019une campagne de recrutement. Vous pourrez ainsi vous concentrer sur votre c\u0153ur de m\u00e9tier, en b\u00e9n\u00e9ficiant de son expertise. Cela peut \u00e9galement \u00eatre plus rentable \u00e0 long terme en r\u00e9duisant le risque d\u2019embauche de candidats inadapt\u00e9s, ce qui peut entra\u00eener des co\u00fbts suppl\u00e9mentaires li\u00e9s \u00e0 la formation et \u00e0 la rotation du personnel. En optant pour un cabinet local, vous n\u2019aurez pas non plus \u00e0 vous d\u00e9placer s\u2019il s\u2019agit de trouver des collaborateurs pour votre future antenne dans cette ville.<\/p>\n<h2><strong>Un cabinet sp\u00e9cialiste des m\u00e9tiers commerciaux au service des entreprises de Toulouse<\/strong><\/h2>\n<p>La recherche de commerciaux performants et qualifi\u00e9s constitue une priorit\u00e9 absolue pour les entreprises. Dans cette optique, passer par une agence de recrutement comme <strong>ImpactUp<\/strong> leur permet de trouver et s\u00e9lectionner les bons candidats. Cabinet pr\u00e9sent sur le march\u00e9 depuis une vingtaine d\u2019ann\u00e9es, nous sommes un sp\u00e9cialiste de la r\u00e9alisation de missions de recrutement et de conseils. Quelle que soit la taille de votre entreprise, que vous soyez une PME ou une structure de plus grande envergure, nous saurons mettre \u00e0 votre profit notre savoir-faire.<\/p>\n<p><a href=\"https:\/\/impactup.com\/\"><strong>Impactup<\/strong><\/a> a fait de l\u2019embauche de cadres de tous niveaux pour le secteur commercial son c\u0153ur de m\u00e9tier. Responsables commerciaux, vendeurs confirm\u00e9s, directeurs marketing, commerciaux de terrain, etc., peu importe les professionnels dont vous avez besoin pour votre entreprise ou votre filiale toulousaine, nous sommes en mesure de vous trouver les personnes correspondant exactement au profil que vous recherchez.<\/p>\n<p>Les consultants de notre <strong>cabinet de recrutement<\/strong> <strong>de Toulouse vous trouveront le<\/strong> <strong>commercial<\/strong> de haut niveau qu\u2019il vous faut dans les meilleurs d\u00e9lais. Afin de r\u00e9pondre au mieux \u00e0 vos exigences, nous prenons soin de proc\u00e9der au pr\u00e9alable \u00e0 l\u2019analyse de vos besoins\u00a0: objectifs, formations, exp\u00e9riences, personnalit\u00e9, et conditions d\u2019embauche. Par ailleurs, nous vous accordons le privil\u00e8ge de s\u00e9lectionner les supports sur lesquels les annonces vont \u00eatre diffus\u00e9es. Si n\u00e9cessaire, notre \u00e9quipe effectue des actions de \u00ab\u2009chasse\u2009\u00bb pour rep\u00e9rer les candidats id\u00e9aux. Dans ce cadre, faire appel \u00e0 nos chasseurs de t\u00eate est vivement conseill\u00e9 du fait de leurs interventions qui donnent de meilleurs r\u00e9sultats par rapport aux m\u00e9thodes classiques de recrutement. En effet, ils adoptent une approche plus directe en allant \u00e0 la rencontre des candidats potentiels. La chasse de t\u00eate est \u00e9galement une solution efficace et rapide pour trouver de nouveaux talents notamment pour occuper des postes strat\u00e9giques et dont les sp\u00e9cificit\u00e9s et la prise en charge n\u00e9cessitent des comp\u00e9tences sp\u00e9cifiques et peu communes. De m\u00eame, c\u2019est l\u2019option id\u00e9ale en cas de p\u00e9nurie de candidats pour des postes d\u00e9licats ou m\u00eame tr\u00e8s courants. De par leurs connaissances du terrain, la base de donn\u00e9es \u00e0 leur disposition et un r\u00e9seau tr\u00e8s large, nos chasseurs de t\u00eate sont en mesure d\u2019identifier rapidement et facilement le profil commercial pouvant r\u00e9pondre aux exigences du recruteur et de la branche d\u2019activit\u00e9.<\/p>\n<p><strong>ImpactUP<\/strong> propose des solutions v\u00e9ritablement personnalis\u00e9es pour trouver le candidat id\u00e9al, conform\u00e9ment aux exigences de l\u2019entreprise :<\/p>\n<ul>\n<li>un service en ligne SaaS d\u2019\u00e9valuation qui permet de jauger son niveau en langue \u00e9trang\u00e8re propos\u00e9 en collaboration avec Pipplet ;<\/li>\n<li>une plateforme d\u2019\u00e9valuation qui repose sur 4 gammes d\u2019outils : TalentInitial\u00ae, TalentAttitude\u00ae, TalentBusiness\u00ae et TalentRelation\u00ae.<\/li>\n<\/ul>\n<p>Que vous souhaitiez recruter un commercial s\u00e9dentaire, un responsable de secteurs ou un d\u00e9l\u00e9gu\u00e9 commercial, nous pouvons vous trouver la personne qui conviendrait le plus au poste que vous pourvoyez. D\u2019ailleurs, notez qu\u2019un cabinet chasseur de t\u00eates est un atout de taille pour tous ceux qui souhaitent se doter rapidement d\u2019une \u00e9quipe apte \u00e0 accompagner leur croissance. En outre, des cabinets de recrutement se sont fait une sp\u00e9cialit\u00e9 de r\u00e9soudre des questions sp\u00e9cifiques plus complexes.<\/p>\n<h2><strong>Le conseil et le d\u00e9veloppement commercial<\/strong><\/h2>\n<p>Notre activit\u00e9 ne se limite pas seulement au recrutement des profils commerciaux. Nous proposons \u00e9galement des offres de conseils et de d\u00e9veloppement commercial aussi bien aux PME qu\u2019aux entreprises de grande taille. Vous pouvez dans ce cas, nous confier la direction commerciale de votre entreprise\u00a0: d\u00e9finition des strat\u00e9gies commerciales, organisation commerciale (plan de recrutement, formation des collaborateurs commerciaux\u2026), motivation des \u00e9quipes commerciales, pilotage de projet CRM, etc.<\/p>\n<p>Par ailleurs, <strong>Impactup<\/strong> dispose d\u2019une division distribution et retail. L\u2019\u00e9quipe de consultants charg\u00e9e de cette division offre un accompagnement personnalis\u00e9 aux clients recherchant des profils performants capables de d\u00e9velopper une relation de confiance et une relation \u00e9motionnelle avec les consommateurs. La mission de notre \u00e9quipe ne s\u2019arr\u00eate pas au recrutement, mais s\u2019\u00e9tend jusqu\u2019au coaching de vos collaborateurs\u00a0: directeur de magasin, responsable de boutique, responsable merchandising, directeur export, etc.<\/p>\n<p>La culture du r\u00e9sultat et le pragmatisme sont les principales qualit\u00e9s qui font de nous une r\u00e9f\u00e9rence dans notre m\u00e9tier. C\u2019est pour cette raison que nous sommes recommand\u00e9s par les dirigeants des grandes soci\u00e9t\u00e9s fran\u00e7aises.<\/p>\n<p>Outre notre <a href=\"https:\/\/impactup.com\/glossaire\/cabinet-de-recrutement-commercial-de-haut-niveau\"><strong>cabinet de recrutement<\/strong> <strong>de commercial \u00e0<\/strong> <strong>Toulouse<\/strong><\/a>, nous sommes \u00e9galement pr\u00e9sents \u00e0 Paris, Bordeaux, Nantes, La Rochelle, Lyon et Lille. De m\u00eame, vous pouvez nous contacter directement sur le site pour toute demande sp\u00e9cifique ou pour de plus amples informations sur nos produits et services.<\/p>\n<\/section>\n<p>[\/vc_column_text][\/vc_column][\/vc_row]<\/p>\n<\/div>","protected":false},"excerpt":{"rendered":"<p>[vc_row][vc_column width=&#8221;1\/3&#8243;][vc_btn title=&#8221;Voir notre offre&#8221; color=&#8221;secondarycolor&#8221; align=&#8221;center&#8221; css=&#8221;&#8221; link=&#8221;url:https%3A%2F%2Fimpactup.com%2Frecrutement%2F&#8221;][\/vc_column][vc_column width=&#8221;1\/3&#8243;][vc_btn title=&#8221;Confiez-nous votre projet&#8221; color=&#8221;secondarycolor&#8221; align=&#8221;center&#8221; css=&#8221;&#8221; link=&#8221;url:https%3A%2F%2Fimpactup.com%2Fetude-personnalisee%2F&#8221;][\/vc_column][vc_column width=&#8221;1\/3&#8243;][vc_btn title=&#8221;Contactez-nous&#8221; color=&#8221;secondarycolor&#8221; align=&#8221;center&#8221; css=&#8221;&#8221; link=&#8221;url:https%3A%2F%2Fimpactup.com%2Fcontact%2F&#8221;][\/vc_column][\/vc_row][vc_row css=&#8221;.vc_custom_1717658386032{padding-top: 40px !important;padding-bottom: 20px !important;}&#8221;][vc_column][vc_column_text css=&#8221;&#8221;] Recrutement de commercial \u00e0 Toulouse\u00a0: faire appel \u00e0 un cabinet sp\u00e9cialis\u00e9 \u00c0 Toulouse, le recrutement d\u2019un commercial est un r\u00e9el d\u00e9fi pour de nombreuses entreprises. Face [&hellip;]<\/p>\n","protected":false},"author":4,"featured_media":0,"parent":17218,"menu_order":0,"comment_status":"closed","ping_status":"closed","template":"","meta":{"_monsterinsights_skip_tracking":false,"_monsterinsights_sitenote_active":false,"_monsterinsights_sitenote_note":"","_monsterinsights_sitenote_category":0,"footnotes":""},"class_list":["post-25736","page","type-page","status-publish","hentry"],"yoast_head":"<!-- This site is optimized with the Yoast SEO plugin v27.0 - https:\/\/yoast.com\/product\/yoast-seo-wordpress\/ -->\n<title>Trouver un cabinet de recrutement de commercial \u00e0 Toulouse<\/title>\n<meta name=\"description\" content=\"Trouver un cabinet sp\u00e9cialis\u00e9 pour le recrutement de commercial \u00e0 Toulouse. ImpactUp est un cabinet de recrutement de commercial qui intervient \u00e0 Toulouse et dans toute la France.\" \/>\n<meta name=\"robots\" content=\"index, follow, max-snippet:-1, max-image-preview:large, max-video-preview:-1\" \/>\n<link rel=\"canonical\" href=\"https:\/\/impactup.com\/en\/glossaire\/cabinet-de-recrutement-commercial-toulouse\/\" \/>\n<meta property=\"og:locale\" content=\"en_US\" \/>\n<meta property=\"og:type\" content=\"article\" \/>\n<meta property=\"og:title\" content=\"Trouver un cabinet de recrutement de commercial \u00e0 Toulouse\" \/>\n<meta property=\"og:description\" content=\"Trouver un cabinet sp\u00e9cialis\u00e9 pour le recrutement de commercial \u00e0 Toulouse. ImpactUp est un cabinet de recrutement de commercial qui intervient \u00e0 Toulouse et dans toute la France.\" \/>\n<meta property=\"og:url\" content=\"https:\/\/impactup.com\/en\/glossaire\/cabinet-de-recrutement-commercial-toulouse\/\" \/>\n<meta property=\"og:site_name\" content=\"ImpactUp\" \/>\n<meta property=\"article:modified_time\" content=\"2024-06-07T12:49:56+00:00\" \/>\n<meta property=\"og:image\" content=\"https:\/\/impactup.com\/wp-content\/uploads\/2021\/01\/og.jpg\" \/>\n\t<meta property=\"og:image:width\" content=\"1067\" \/>\n\t<meta property=\"og:image:height\" content=\"600\" \/>\n\t<meta property=\"og:image:type\" content=\"image\/jpeg\" \/>\n<meta name=\"twitter:card\" content=\"summary_large_image\" \/>\n<meta name=\"twitter:label1\" content=\"Est. reading time\" \/>\n\t<meta name=\"twitter:data1\" content=\"7 minutes\" \/>\n<script type=\"application\/ld+json\" class=\"yoast-schema-graph\">{\"@context\":\"https:\/\/schema.org\",\"@graph\":[{\"@type\":\"WebPage\",\"@id\":\"https:\/\/impactup.com\/en\/glossaire\/cabinet-de-recrutement-commercial-toulouse\/\",\"url\":\"https:\/\/impactup.com\/en\/glossaire\/cabinet-de-recrutement-commercial-toulouse\/\",\"name\":\"Trouver un cabinet de recrutement de commercial \u00e0 Toulouse\",\"isPartOf\":{\"@id\":\"https:\/\/impactup.com\/en\/#website\"},\"datePublished\":\"2024-06-07T08:02:51+00:00\",\"dateModified\":\"2024-06-07T12:49:56+00:00\",\"description\":\"Trouver un cabinet sp\u00e9cialis\u00e9 pour le recrutement de commercial \u00e0 Toulouse. ImpactUp est un cabinet de recrutement de commercial qui intervient \u00e0 Toulouse et dans toute la France.\",\"breadcrumb\":{\"@id\":\"https:\/\/impactup.com\/en\/glossaire\/cabinet-de-recrutement-commercial-toulouse\/#breadcrumb\"},\"inLanguage\":\"en-US\",\"potentialAction\":[{\"@type\":\"ReadAction\",\"target\":[\"https:\/\/impactup.com\/en\/glossaire\/cabinet-de-recrutement-commercial-toulouse\/\"]}]},{\"@type\":\"BreadcrumbList\",\"@id\":\"https:\/\/impactup.com\/en\/glossaire\/cabinet-de-recrutement-commercial-toulouse\/#breadcrumb\",\"itemListElement\":[{\"@type\":\"ListItem\",\"position\":1,\"name\":\"Accueil\",\"item\":\"https:\/\/impactup.com\/en\/\"},{\"@type\":\"ListItem\",\"position\":2,\"name\":\"Glossaire\",\"item\":\"https:\/\/impactup.com\/en\/glossaire\/\"},{\"@type\":\"ListItem\",\"position\":3,\"name\":\"Recrutement de commercial \u00e0 Toulouse : faire appel \u00e0 un cabinet sp\u00e9cialis\u00e9\"}]},{\"@type\":\"WebSite\",\"@id\":\"https:\/\/impactup.com\/en\/#website\",\"url\":\"https:\/\/impactup.com\/en\/\",\"name\":\"ImpactUp\",\"description\":\"Recrutement commerciaux, directions commerciales et fonctions marketing\",\"potentialAction\":[{\"@type\":\"SearchAction\",\"target\":{\"@type\":\"EntryPoint\",\"urlTemplate\":\"https:\/\/impactup.com\/en\/?s={search_term_string}\"},\"query-input\":{\"@type\":\"PropertyValueSpecification\",\"valueRequired\":true,\"valueName\":\"search_term_string\"}}],\"inLanguage\":\"en-US\"}]}<\/script>\n<!-- \/ Yoast SEO plugin. -->","yoast_head_json":{"title":"Trouver un cabinet de recrutement de commercial \u00e0 Toulouse","description":"Trouver un cabinet sp\u00e9cialis\u00e9 pour le recrutement de commercial \u00e0 Toulouse. ImpactUp est un cabinet de recrutement de commercial qui intervient \u00e0 Toulouse et dans toute la France.","robots":{"index":"index","follow":"follow","max-snippet":"max-snippet:-1","max-image-preview":"max-image-preview:large","max-video-preview":"max-video-preview:-1"},"canonical":"https:\/\/impactup.com\/en\/glossaire\/cabinet-de-recrutement-commercial-toulouse\/","og_locale":"en_US","og_type":"article","og_title":"Trouver un cabinet de recrutement de commercial \u00e0 Toulouse","og_description":"Trouver un cabinet sp\u00e9cialis\u00e9 pour le recrutement de commercial \u00e0 Toulouse. ImpactUp est un cabinet de recrutement de commercial qui intervient \u00e0 Toulouse et dans toute la France.","og_url":"https:\/\/impactup.com\/en\/glossaire\/cabinet-de-recrutement-commercial-toulouse\/","og_site_name":"ImpactUp","article_modified_time":"2024-06-07T12:49:56+00:00","og_image":[{"width":1067,"height":600,"url":"https:\/\/impactup.com\/wp-content\/uploads\/2021\/01\/og.jpg","type":"image\/jpeg"}],"twitter_card":"summary_large_image","twitter_misc":{"Est. reading time":"7 minutes"},"schema":{"@context":"https:\/\/schema.org","@graph":[{"@type":"WebPage","@id":"https:\/\/impactup.com\/en\/glossaire\/cabinet-de-recrutement-commercial-toulouse\/","url":"https:\/\/impactup.com\/en\/glossaire\/cabinet-de-recrutement-commercial-toulouse\/","name":"Trouver un cabinet de recrutement de commercial \u00e0 Toulouse","isPartOf":{"@id":"https:\/\/impactup.com\/en\/#website"},"datePublished":"2024-06-07T08:02:51+00:00","dateModified":"2024-06-07T12:49:56+00:00","description":"Trouver un cabinet sp\u00e9cialis\u00e9 pour le recrutement de commercial \u00e0 Toulouse. ImpactUp est un cabinet de recrutement de commercial qui intervient \u00e0 Toulouse et dans toute la France.","breadcrumb":{"@id":"https:\/\/impactup.com\/en\/glossaire\/cabinet-de-recrutement-commercial-toulouse\/#breadcrumb"},"inLanguage":"en-US","potentialAction":[{"@type":"ReadAction","target":["https:\/\/impactup.com\/en\/glossaire\/cabinet-de-recrutement-commercial-toulouse\/"]}]},{"@type":"BreadcrumbList","@id":"https:\/\/impactup.com\/en\/glossaire\/cabinet-de-recrutement-commercial-toulouse\/#breadcrumb","itemListElement":[{"@type":"ListItem","position":1,"name":"Accueil","item":"https:\/\/impactup.com\/en\/"},{"@type":"ListItem","position":2,"name":"Glossaire","item":"https:\/\/impactup.com\/en\/glossaire\/"},{"@type":"ListItem","position":3,"name":"Recrutement de commercial \u00e0 Toulouse : faire appel \u00e0 un cabinet sp\u00e9cialis\u00e9"}]},{"@type":"WebSite","@id":"https:\/\/impactup.com\/en\/#website","url":"https:\/\/impactup.com\/en\/","name":"ImpactUp","description":"Recrutement commerciaux, directions commerciales et fonctions marketing","potentialAction":[{"@type":"SearchAction","target":{"@type":"EntryPoint","urlTemplate":"https:\/\/impactup.com\/en\/?s={search_term_string}"},"query-input":{"@type":"PropertyValueSpecification","valueRequired":true,"valueName":"search_term_string"}}],"inLanguage":"en-US"}]}},"_links":{"self":[{"href":"https:\/\/impactup.com\/en\/wp-json\/wp\/v2\/pages\/25736","targetHints":{"allow":["GET"]}}],"collection":[{"href":"https:\/\/impactup.com\/en\/wp-json\/wp\/v2\/pages"}],"about":[{"href":"https:\/\/impactup.com\/en\/wp-json\/wp\/v2\/types\/page"}],"author":[{"embeddable":true,"href":"https:\/\/impactup.com\/en\/wp-json\/wp\/v2\/users\/4"}],"replies":[{"embeddable":true,"href":"https:\/\/impactup.com\/en\/wp-json\/wp\/v2\/comments?post=25736"}],"version-history":[{"count":1,"href":"https:\/\/impactup.com\/en\/wp-json\/wp\/v2\/pages\/25736\/revisions"}],"predecessor-version":[{"id":25737,"href":"https:\/\/impactup.com\/en\/wp-json\/wp\/v2\/pages\/25736\/revisions\/25737"}],"up":[{"embeddable":true,"href":"https:\/\/impactup.com\/en\/wp-json\/wp\/v2\/pages\/17218"}],"wp:attachment":[{"href":"https:\/\/impactup.com\/en\/wp-json\/wp\/v2\/media?parent=25736"}],"curies":[{"name":"wp","href":"https:\/\/api.w.org\/{rel}","templated":true}]}}